{"id":16187,"date":"2023-12-22T10:30:55","date_gmt":"2023-12-22T09:30:55","guid":{"rendered":"https:\/\/consorcioserrano.es\/?page_id=16187"},"modified":"2024-02-19T19:17:24","modified_gmt":"2024-02-19T18:17:24","slug":"verzehr-von-serrano-schinken-des-cjse","status":"publish","type":"page","link":"https:\/\/consorcioserrano.es\/de\/der-consorcioserrano-schinken\/verzehr-von-serrano-schinken-des-cjse\/","title":{"rendered":"Verzehr von Serrano-Schinken des CJSE"},"content":{"rendered":"<div class=\"wpb-content-wrapper\"><p>[vc_row full_width=&#8220;stretch_row&#8220; css=&#8220;.vc_custom_1698666272764{background-color: #161616 !important;}&#8220; el_class=&#8220;next-row-no-padding&#8220;][vc_column el_class=&#8220;column-no-padding&#8220;][vc_column_text css=&#8220;.vc_custom_1700566776256{padding-left: 100px !important;background-color: #161616 !important;}&#8220; el_class=&#8220;no-margin-with-padding no-margin-with-padding-left&#8220; el_id=&#8220;div-sello&#8220;]<\/p>\n<p class=\"image-h2\" style=\"padding-top: 0px; margin-bottom: 0px;\"><img loading=\"lazy\" decoding=\"async\" class=\"size-full wp-image-975 alignleft img-certificado-consorcio\" title=\"Certificado por Consorcio Serrano - Selecci\u00f3n a mano\" src=\"https:\/\/consorcioserrano.es\/wp-content\/uploads\/2023\/11\/sello_jamon_consorcio_2023_red.png\" alt=\"Certificado por Consorcio Serrano - Selecci\u00f3n a mano\" width=\"140\" height=\"60\" \/><\/p>\n<h1 style=\"text-align: left;\"><strong>Der ConsorcioSerrano-Schinken<\/strong><\/h1>\n<p>[\/vc_column_text][\/vc_column][\/vc_row][vc_row full_width=&#8220;stretch_row_content_no_spaces&#8220; css=&#8220;.vc_custom_1703173685883{background-color: #000000 !important;background-position: center !important;background-repeat: no-repeat !important;background-size: cover !important;}&#8220; el_class=&#8220;no-padding-top six-columns consorcio-submenu&#8220;][vc_column][vc_wp_custommenu nav_menu=&#8220;11727&#8243; el_id=&#8220;consorcio-jamon-serrano&#8220;][\/vc_column][\/vc_row][vc_row full_width=&#8220;stretch_row&#8220; disable_element=&#8220;yes&#8220; css=&#8220;.vc_custom_1703237442243{background-color: #161616 !important;}&#8220; el_class=&#8220;no-padding-top six-columns consorcio-submenu&#8220; el_id=&#8220;consorcio-submenu&#8220;][vc_column width=&#8220;1\/6&#8243; offset=&#8220;vc_col-lg-2 vc_col-md-4 vc_hidden-sm vc_hidden-xs&#8220; el_class=&#8220;no-lateral-padding&#8220;]\n    <a href=\"https:\/\/consorcioserrano.es\/de\/der-consorcioserrano-schinken\/geschichte-und-tradition\/\"   class=\"vc_link_consorcio\" title=\" Geschichte und Tradition des spanischen Serrano-Schinkens \">\n    <div class=\"roll_wrap\" id=\"\">\n\t\t\n        <div class=\"roll_wrap_img opacity-submenu-hover\" ><img decoding=\"async\" src=\"https:\/\/consorcioserrano.es\/wp-content\/uploads\/2017\/10\/Historia-y-tradicion.jpg\" class=\"img-responsive \" > <\/div>\n\t\t\n\n\t\t\n\t\t\n\t        <div class=\"roll_wrap_link_imagetextmenu  \" style=\"color:#ff0000; font-size:;\"><p class=\"six-columns-img\"><img loading=\"lazy\" decoding=\"async\" class=\"size-full wp-image-2600 alignleft\" src=\"http:\/\/consorcioserrano.es\/wp-content\/uploads\/2017\/10\/s-60.png\" alt=\"\" width=\"60\" height=\"60\" \/><\/p>\n<h3><strong>Geschichte<\/strong> und Tradition des spanischen Serrano-Schinkens<\/h3>\n<\/div>\n\t\t\n    <\/div>\n    <\/a>[\/vc_column][vc_column width=&#8220;1\/6&#8243; offset=&#8220;vc_col-lg-2 vc_col-md-4 vc_hidden-sm vc_hidden-xs&#8220; el_class=&#8220;no-lateral-padding&#8220;]\n    <a href=\"https:\/\/consorcioserrano.es\/de\/der-consorcioserrano-schinken\/herstellung\/\"   class=\"vc_link_consorcio\" title=\" HERSTELLUNG DES CONSORCIO SERRANO SCHINKENS \">\n    <div class=\"roll_wrap\" id=\"\">\n\t\t\n        <div class=\"roll_wrap_img opacity-submenu-hover\" ><img decoding=\"async\" src=\"https:\/\/consorcioserrano.es\/wp-content\/uploads\/2017\/10\/Elaboracion.jpg\" class=\"img-responsive \" > <\/div>\n\t\t\n\n\t\t\n\t\t\n\t        <div class=\"roll_wrap_link_imagetextmenu  \" style=\"color:#ff0000; font-size:;\"><p class=\"six-columns-img\"><img loading=\"lazy\" decoding=\"async\" class=\"size-full wp-image-2600 alignleft\" src=\"http:\/\/consorcioserrano.es\/wp-content\/uploads\/2017\/10\/s-60.png\" alt=\"\" width=\"60\" height=\"60\" \/><\/p>\n<h3><strong>HERSTELLUNG DES CONSORCIO SERRANO SCHINKENS<\/strong><\/h3>\n<\/div>\n\t\t\n    <\/div>\n    <\/a>[\/vc_column][vc_column width=&#8220;1\/6&#8243; offset=&#8220;vc_col-lg-2 vc_col-md-4 vc_hidden-sm vc_hidden-xs&#8220; el_class=&#8220;no-lateral-padding&#8220;]\n    <a href=\"https:\/\/consorcioserrano.es\/de\/der-consorcioserrano-schinken\/geschmack-aroma-und-aufbewahrung\/\"   class=\"vc_link_consorcio\" title=\" GESCHMACK\/AROMA und AUFBEWAHRUNG \">\n    <div class=\"roll_wrap\" id=\"\">\n\t\t\n        <div class=\"roll_wrap_img opacity-submenu-hover\" ><img decoding=\"async\" src=\"https:\/\/consorcioserrano.es\/wp-content\/uploads\/2017\/10\/Sabor-y-aroma.jpg\" class=\"img-responsive \" > <\/div>\n\t\t\n\n\t\t\n\t\t\n\t        <div class=\"roll_wrap_link_imagetextmenu  \" style=\"color:#ff0000; font-size:;\"><p class=\"six-columns-img\"><img loading=\"lazy\" decoding=\"async\" class=\"size-full wp-image-2600 alignleft\" src=\"http:\/\/consorcioserrano.es\/wp-content\/uploads\/2017\/10\/s-60.png\" alt=\"\" width=\"60\" height=\"60\" \/><\/p>\n<h3><strong>GESCHMACK<\/strong>\/AROMA und AUFBEWAHRUNG<\/h3>\n<\/div>\n\t\t\n    <\/div>\n    <\/a>[\/vc_column][vc_column width=&#8220;1\/6&#8243; offset=&#8220;vc_col-lg-2 vc_col-md-4 vc_hidden-sm vc_hidden-xs&#8220; el_class=&#8220;no-lateral-padding&#8220;]\n    <a href=\"https:\/\/consorcioserrano.es\/de\/der-consorcioserrano-schinken\/qualitaetsgarantie\/\"   class=\"vc_link_consorcio\" title=\" QUALIT\u00c4TSGARANTIE \">\n    <div class=\"roll_wrap\" id=\"\">\n\t\t\n        <div class=\"roll_wrap_img opacity-submenu-hover\" ><img decoding=\"async\" src=\"https:\/\/consorcioserrano.es\/wp-content\/uploads\/2017\/10\/Garantia-de-calidad.jpg\" class=\"img-responsive \" > <\/div>\n\t\t\n\n\t\t\n\t\t\n\t        <div class=\"roll_wrap_link_imagetextmenu  \" style=\"color:#ff0000; font-size:;\"><p class=\"six-columns-img\"><img loading=\"lazy\" decoding=\"async\" class=\"size-full wp-image-2600 alignleft\" src=\"http:\/\/consorcioserrano.es\/wp-content\/uploads\/2017\/10\/s-60.png\" alt=\"\" width=\"60\" height=\"60\" \/><\/p>\n<h3><strong>QUALIT\u00c4TSGARANTIE<\/strong><\/h3>\n<\/div>\n\t\t\n    <\/div>\n    <\/a>[\/vc_column][vc_column width=&#8220;1\/6&#8243; offset=&#8220;vc_col-lg-2 vc_col-md-4 vc_hidden-sm vc_hidden-xs&#8220; el_class=&#8220;no-lateral-padding&#8220;]\n    <a href=\"https:\/\/consorcioserrano.es\/de\/der-consorcioserrano-schinken\/verzehr-von-serrano-schinken-des-cjse\/\"   class=\"vc_link_consorcio\" title=\" Verzehr von Serrano-Schinken des CJSE \">\n    <div class=\"roll_wrap\" id=\"\">\n\t\t\n        <div class=\"roll_wrap_img \" ><img decoding=\"async\" src=\"https:\/\/consorcioserrano.es\/wp-content\/uploads\/2017\/10\/Como-consumirlo.jpg\" class=\"img-responsive \" > <\/div>\n\t\t\n\n\t\t\n\t\t\n\t        <div class=\"roll_wrap_link_imagetextmenu  \" style=\"color:#ff0000; font-size:;\"><p class=\"six-columns-img\"><img loading=\"lazy\" decoding=\"async\" class=\"size-full wp-image-2600 alignleft\" src=\"http:\/\/consorcioserrano.es\/wp-content\/uploads\/2017\/10\/s-60.png\" alt=\"\" width=\"60\" height=\"60\" \/><\/p>\n<h3>Verzehr <strong>von Serrano-Schinken des CJSE<\/strong><\/h3>\n<\/div>\n\t\t\n    <\/div>\n    <\/a>[\/vc_column][vc_column width=&#8220;1\/6&#8243; offset=&#8220;vc_col-lg-2 vc_col-md-4 vc_hidden-sm vc_hidden-xs&#8220; el_class=&#8220;no-lateral-padding&#8220;]\n    <a href=\"https:\/\/consorcioserrano.es\/de\/der-consorcioserrano-schinken\/schinkensorten\/\"   class=\"vc_link_consorcio\" title=\" SCHINKENSORTEN \">\n    <div class=\"roll_wrap\" id=\"\">\n\t\t\n        <div class=\"roll_wrap_img opacity-submenu-hover\" ><img decoding=\"async\" src=\"https:\/\/consorcioserrano.es\/wp-content\/uploads\/2017\/10\/Tipos-de-Jamon.jpg\" class=\"img-responsive \" > <\/div>\n\t\t\n\n\t\t\n\t\t\n\t        <div class=\"roll_wrap_link_imagetextmenu  \" style=\"color:#ff0000; font-size:;\"><p class=\"six-columns-img\"><img loading=\"lazy\" decoding=\"async\" class=\"size-full wp-image-2600 alignleft\" src=\"http:\/\/consorcioserrano.es\/wp-content\/uploads\/2017\/10\/s-60.png\" alt=\"\" width=\"60\" height=\"60\" \/><\/p>\n<h3><strong>SCHINKENSORTEN<\/strong><\/h3>\n<\/div>\n\t\t\n    <\/div>\n    <\/a>[\/vc_column][\/vc_row][vc_row full_width=&#8220;stretch_row_content_no_spaces&#8220; css=&#8220;.vc_custom_1509629144595{background-image: url(http:\/\/consorcioserrano.es\/wp-content\/uploads\/2017\/10\/como-consumirlo-1900&#215;331.jpg?id=1616) !important;background-position: center !important;background-repeat: no-repeat !important;background-size: cover !important;}&#8220;][vc_column]\n<div id=\"ersspace-1\"><\/div><style type=\"text\/css\">#ersspace-1 { height: 320px; }\n@media handheld, only screen and (max-width: 1199px) {\n\t#ersspace-1 { height: 300px; }\n}\n@media handheld, only screen and (max-width: 1023px) {\n\t#ersspace-1 { height: 300px; }\n}\n@media handheld, only screen and (max-width: 767px) {\n\t#ersspace-1 { height: 260px; }\n}<\/style>[\/vc_column][\/vc_row][vc_row el_class=&#8220;column-special-one&#8220;][vc_column width=&#8220;2\/3&#8243; el_class=&#8220;panel-special-content&#8220;][vc_row_inner][vc_column_inner][vc_column_text el_class=&#8220;vc_quote_consorcio&#8220;]<\/p>\n<div class=\"vc_quote_consorcio_icon_de\">\n<h1><img loading=\"lazy\" decoding=\"async\" class=\"alignnone size-full wp-image-1101\" src=\"http:\/\/consorcioserrano.es\/wp-content\/uploads\/2017\/11\/comillas-aleman-1.png\" alt=\"\" width=\"59\" height=\"53\" \/><strong>Verzehr<\/strong> von Serrano-Schinken des CJSE<\/h1>\n<\/div>\n<div class=\"vc_quote_consorcio_content_de\"><img loading=\"lazy\" decoding=\"async\" class=\"alignnone size-full wp-image-1100\" src=\"http:\/\/consorcioserrano.es\/wp-content\/uploads\/2017\/11\/comillas-aleman-1.png\" alt=\"\" width=\"59\" height=\"53\" \/><\/div>\n<p>[\/vc_column_text][\/vc_column_inner][\/vc_row_inner][vc_row_inner][vc_column_inner][vc_single_image image=&#8220;2431&#8243; img_size=&#8220;full&#8220;][\/vc_column_inner][\/vc_row_inner][vc_row_inner][vc_column_inner][vc_empty_space height=&#8220;20px&#8220;][\/vc_column_inner][\/vc_row_inner][vc_row_inner][vc_column_inner][vc_column_text]<\/p>\n<h3><strong><span style=\"color: #e82f37;\">Verzehr von Serrano-Schinken des CJSE<\/span><\/strong><\/h3>\n<p>[\/vc_column_text][\/vc_column_inner][\/vc_row_inner][vc_row_inner][vc_column_inner width=&#8220;1\/2&#8243;][vc_column_text]Der <strong>ConsorcioSerrano-Schinken<\/strong> kann allein oder zusammen mit Brot, K\u00e4se, Obst, Fisch, Gem\u00fcse usw. verzehrt werden.<\/p>\n<p>Aufgrund seines intensiven Geschmacks kann er einfach mit anderen Produkten kombiniert werden und l\u00e4sst eine gro\u00dfe Vielfalt an pers\u00f6nlichen Noten zu, um dem Geschmack eines jeden Gastes zu entsprechen. Er kann in Tapas verzehrt und einfachen oder aufwendigeren Gerichten hinzugef\u00fcgt werden, sei es in der traditionellen oder kreativen K\u00fcche.[\/vc_column_text][\/vc_column_inner][vc_column_inner width=&#8220;1\/2&#8243;][vc_column_text]<\/p>\n<p>Im Falle einer <strong>Serrano-Schinken-Keule<\/strong> muss bei diese vor dem Verzehr zun\u00e4chst nach Belieben von Schwarte und Fett befreit werden.<\/p>\n<p>Hierbei ist es wichtig, nicht das gesamte Fett zu entfernen, da es den unvergleichlichen <strong>Geschmack des Serrano-Schinkens<\/strong> beibeh\u00e4lt. Daher ist es ratsam, nur die H\u00e4lfte des ihm umgebenden Fettes zu entfernen.[\/vc_column_text][\/vc_column_inner][\/vc_row_inner][vc_column_text el_class=&#8220;vc_quote_consorcio vc_quote_consorcio_other&#8220;]<\/p>\n<div class=\"vc_quote_consorcio_icon\"><img loading=\"lazy\" decoding=\"async\" class=\"alignnone size-full wp-image-1101\" src=\"http:\/\/consorcioserrano.es\/wp-content\/uploads\/2017\/10\/comillas-abrir-1.png\" alt=\"\" width=\"59\" height=\"53\" srcset=\"https:\/\/consorcioserrano.es\/wp-content\/uploads\/2017\/10\/comillas-abrir-1.png 59w, https:\/\/consorcioserrano.es\/wp-content\/uploads\/2017\/10\/comillas-abrir-1-50x45.png 50w\" sizes=\"auto, (max-width:767px) 59px, 59px\" \/><\/div>\n<div class=\"vc_quote_consorcio_content\">\n<h2>Aufgrund seines <strong>intensiven Geschmacks<\/strong> kann er <strong>einfach mit anderen Produkten kombiniert werden<\/strong> und l\u00e4sst eine gro\u00dfe Vielfalt an <strong>pers\u00f6nlichen Noten<\/strong> zu, um dem Geschmack eines jeden Gastes zu entsprechen.<\/h2>\n<\/div>\n<p>[\/vc_column_text][vc_row_inner][vc_column_inner width=&#8220;1\/2&#8243;][vc_column_text]Beim Aufschneiden ist zu beachten, dass die Scheiben so d\u00fcnn wie m\u00f6glich (so dick wie ein Blatt Papier) zu schneiden, um seine einzigartige Textur und Geschmack zu genie\u00dfen.<\/p>\n<p><a href=\"https:\/\/consorcioserrano.es\/de\/wie-schneidet-man-einen-consorcioserrano-schinken\/\"><span style=\"color: #e82f37;\">Mehr Information \u00fcber den Zuschnitt des Serrano Schinkens<\/span><\/a>[\/vc_column_text][\/vc_column_inner][vc_column_inner width=&#8220;1\/2&#8243;][vc_column_text]Wenn Sie Mittelst\u00fccke oder Scheiben kaufen, sollten Sie diese f\u00fcr eine optimale Verkostung mindestens 10-15 Minuten vor dem Verzehr aus dem K\u00fchlschrank nehmen. So kann der ConsorcioSerrano-Schinken seine Temperatur erh\u00f6hen bis er die Raumtemperatur erreicht hat, die eine optimale Verkostung gew\u00e4hrleistet.[\/vc_column_text][\/vc_column_inner][\/vc_row_inner][\/vc_column][vc_column width=&#8220;1\/3&#8243;]\n<div id=\"ersspace-2\"><\/div><style type=\"text\/css\">#ersspace-2 { height: 260px; }\n@media handheld, only screen and (max-width: 767px) {\n\t#ersspace-2 { height: 0px; }\n}<\/style>[vc_row_inner el_class=&#8220;panel-special-aside&#8220;][vc_column_inner][vc_single_image image=&#8220;1617&#8243; img_size=&#8220;full&#8220;][vc_column_text]<span class=\"HwtZe\" lang=\"de\"><span class=\"jCAhz ChMk0b\"><span class=\"ryNqvb\">Um die Vielseitigkeit des Serrano-Schinkens zu demonstrieren, bietet Ihnen das spanische Serrano-Schinken-Konsortium eine Reihe von Rezeptideen und <a href=\"https:\/\/consorcioserrano.es\/de\/rezepte-tapas-und-hapchen\/serrano-schinken-tapas\/\">spanischen Tapas<\/a> an, die erkl\u00e4ren, wie Sie die gastronomischen Eigenschaften unseres Serrano-Schinkens nutzen k\u00f6nnen.<\/span><\/span><\/span><\/p>\n<p><strong>Diese leckeren Rezepte mit Serrano-Schinken<\/strong> enthalten traditionelle spanische Tapas, Saisongerichte, Salate usw. bis hin zu raffinierten Rezepten.<\/p>\n<p><a href=\"https:\/\/consorcioserrano.es\/de\/rezepte-tapas-und-hapchen\/serrano-schinken-tapas\/\">Klicken Sie hier, um spanische Tapas mit Serrano-Schinken zu sehen<\/a><\/p>\n<p><a href=\"https:\/\/consorcioserrano.es\/de\/rezepte-tapas-und-sandwiches\/\"><span style=\"color: #e82f37;\">Klicken Sie hier, um die Rezepte anzuschauen<\/span><\/a>.[\/vc_column_text][\/vc_column_inner][\/vc_row_inner][\/vc_column][\/vc_row][vc_row][vc_column]\n<div id=\"ersspace-3\"><\/div><style type=\"text\/css\">#ersspace-3 { height: 80px; }<\/style>[\/vc_column][\/vc_row]<\/p>\n<\/div>","protected":false},"excerpt":{"rendered":"<p>[vc_row full_width=&#8220;stretch_row&#8220; css=&#8220;.vc_custom_1698666272764{background-color: #161616 !important;}&#8220; el_class=&#8220;next-row-no-padding&#8220;][vc_column el_class=&#8220;column-no-padding&#8220;][vc_column_text css=&#8220;.vc_custom_1700566776256{padding-left: 100px !important;background-color: #161616 !important;}&#8220; el_class=&#8220;no-margin-with-padding no-margin-with-padding-left&#8220; el_id=&#8220;div-sello&#8220;] Der ConsorcioSerrano-Schinken [\/vc_column_text][\/vc_column][\/vc_row][vc_row full_width=&#8220;stretch_row_content_no_spaces&#8220; css=&#8220;.vc_custom_1703173685883{background-color: #000000 !important;background-position: center !important;background-repeat: no-repeat !important;background-size:<span class=\"excerpt-hellip\"> [\u2026]<\/span><\/p>\n","protected":false},"author":1,"featured_media":0,"parent":4872,"menu_order":0,"comment_status":"closed","ping_status":"closed","template":"","meta":{"_acf_changed":false,"footnotes":""},"class_list":["post-16187","page","type-page","status-publish","hentry","sections_group lang-de"],"yoast_head":"<!-- This site is optimized with the Yoast SEO plugin v27.2 - https:\/\/yoast.com\/product\/yoast-seo-wordpress\/ -->\n<title>Verzehr von Serrano-Schinken - Consorcio del Jam\u00f3n Serrano Espa\u00f1ol<\/title>\n<meta name=\"description\" content=\"Verzehr von Serrano-Schinken des CJSE. Traditionelle oder riskante Kombinationen mit einer gro\u00dfen Auswahl an Produkten f\u00fcr jeden Gast.\" \/>\n<meta name=\"robots\" content=\"index, follow, max-snippet:-1, max-image-preview:large, max-video-preview:-1\" \/>\n<link rel=\"canonical\" href=\"https:\/\/consorcioserrano.es\/de\/der-consorcioserrano-schinken\/verzehr-von-serrano-schinken-des-cjse\/\" \/>\n<meta property=\"og:locale\" content=\"de_DE\" \/>\n<meta property=\"og:type\" content=\"article\" \/>\n<meta property=\"og:title\" content=\"Verzehr von Serrano-Schinken - Consorcio del Jam\u00f3n Serrano Espa\u00f1ol\" \/>\n<meta property=\"og:description\" content=\"Verzehr von Serrano-Schinken des CJSE. Traditionelle oder riskante Kombinationen mit einer gro\u00dfen Auswahl an Produkten f\u00fcr jeden Gast.\" \/>\n<meta property=\"og:url\" content=\"https:\/\/consorcioserrano.es\/de\/der-consorcioserrano-schinken\/verzehr-von-serrano-schinken-des-cjse\/\" \/>\n<meta property=\"og:site_name\" content=\"Consorcio del Jam\u00f3n Serrano Espa\u00f1ol\" \/>\n<meta property=\"article:modified_time\" content=\"2024-02-19T18:17:24+00:00\" \/>\n<meta property=\"og:image\" content=\"https:\/\/consorcioserrano.es\/wp-content\/uploads\/2023\/11\/sello_jamon_consorcio_2023_red.png\" \/>\n<meta name=\"twitter:card\" content=\"summary_large_image\" \/>\n<meta name=\"twitter:label1\" content=\"Gesch\u00e4tzte Lesezeit\" \/>\n\t<meta name=\"twitter:data1\" content=\"6\u00a0Minuten\" \/>\n<script type=\"application\/ld+json\" class=\"yoast-schema-graph\">{\"@context\":\"https:\/\/schema.org\",\"@graph\":[{\"@type\":\"WebPage\",\"@id\":\"https:\/\/consorcioserrano.es\/de\/der-consorcioserrano-schinken\/verzehr-von-serrano-schinken-des-cjse\/\",\"url\":\"https:\/\/consorcioserrano.es\/de\/der-consorcioserrano-schinken\/verzehr-von-serrano-schinken-des-cjse\/\",\"name\":\"Verzehr von Serrano-Schinken - Consorcio del Jam\u00f3n Serrano Espa\u00f1ol\",\"isPartOf\":{\"@id\":\"https:\/\/consorcioserrano.es\/#website\"},\"primaryImageOfPage\":{\"@id\":\"https:\/\/consorcioserrano.es\/de\/der-consorcioserrano-schinken\/verzehr-von-serrano-schinken-des-cjse\/#primaryimage\"},\"image\":{\"@id\":\"https:\/\/consorcioserrano.es\/de\/der-consorcioserrano-schinken\/verzehr-von-serrano-schinken-des-cjse\/#primaryimage\"},\"thumbnailUrl\":\"https:\/\/consorcioserrano.es\/wp-content\/uploads\/2023\/11\/sello_jamon_consorcio_2023_red.png\",\"datePublished\":\"2023-12-22T09:30:55+00:00\",\"dateModified\":\"2024-02-19T18:17:24+00:00\",\"description\":\"Verzehr von Serrano-Schinken des CJSE. Traditionelle oder riskante Kombinationen mit einer gro\u00dfen Auswahl an Produkten f\u00fcr jeden Gast.\",\"breadcrumb\":{\"@id\":\"https:\/\/consorcioserrano.es\/de\/der-consorcioserrano-schinken\/verzehr-von-serrano-schinken-des-cjse\/#breadcrumb\"},\"inLanguage\":\"de\",\"potentialAction\":[{\"@type\":\"ReadAction\",\"target\":[\"https:\/\/consorcioserrano.es\/de\/der-consorcioserrano-schinken\/verzehr-von-serrano-schinken-des-cjse\/\"]}]},{\"@type\":\"ImageObject\",\"inLanguage\":\"de\",\"@id\":\"https:\/\/consorcioserrano.es\/de\/der-consorcioserrano-schinken\/verzehr-von-serrano-schinken-des-cjse\/#primaryimage\",\"url\":\"https:\/\/consorcioserrano.es\/wp-content\/uploads\/2023\/11\/sello_jamon_consorcio_2023_red.png\",\"contentUrl\":\"https:\/\/consorcioserrano.es\/wp-content\/uploads\/2023\/11\/sello_jamon_consorcio_2023_red.png\"},{\"@type\":\"BreadcrumbList\",\"@id\":\"https:\/\/consorcioserrano.es\/de\/der-consorcioserrano-schinken\/verzehr-von-serrano-schinken-des-cjse\/#breadcrumb\",\"itemListElement\":[{\"@type\":\"ListItem\",\"position\":1,\"name\":\"Portada\",\"item\":\"https:\/\/consorcioserrano.es\/de\/\"},{\"@type\":\"ListItem\",\"position\":2,\"name\":\"Der ConsorcioSerrano-Schinken\",\"item\":\"https:\/\/consorcioserrano.es\/de\/der-consorcioserrano-schinken\/\"},{\"@type\":\"ListItem\",\"position\":3,\"name\":\"Verzehr von Serrano-Schinken des CJSE\"}]},{\"@type\":\"WebSite\",\"@id\":\"https:\/\/consorcioserrano.es\/#website\",\"url\":\"https:\/\/consorcioserrano.es\/\",\"name\":\"Consorcio del Jam\u00f3n Serrano Espa\u00f1ol\",\"description\":\"Das Consorcio Serrano-Schinken garantiert die Qualit\u00e4t seines schinken serrano - 100 % spanische Schinken, handauswahl, St\u00fcck f\u00fcr St\u00fcck.\",\"potentialAction\":[{\"@type\":\"SearchAction\",\"target\":{\"@type\":\"EntryPoint\",\"urlTemplate\":\"https:\/\/consorcioserrano.es\/?s={search_term_string}\"},\"query-input\":{\"@type\":\"PropertyValueSpecification\",\"valueRequired\":true,\"valueName\":\"search_term_string\"}}],\"inLanguage\":\"de\"}]}<\/script>\n<!-- \/ Yoast SEO plugin. -->","yoast_head_json":{"title":"Verzehr von Serrano-Schinken - Consorcio del Jam\u00f3n Serrano Espa\u00f1ol","description":"Verzehr von Serrano-Schinken des CJSE. Traditionelle oder riskante Kombinationen mit einer gro\u00dfen Auswahl an Produkten f\u00fcr jeden Gast.","robots":{"index":"index","follow":"follow","max-snippet":"max-snippet:-1","max-image-preview":"max-image-preview:large","max-video-preview":"max-video-preview:-1"},"canonical":"https:\/\/consorcioserrano.es\/de\/der-consorcioserrano-schinken\/verzehr-von-serrano-schinken-des-cjse\/","og_locale":"de_DE","og_type":"article","og_title":"Verzehr von Serrano-Schinken - Consorcio del Jam\u00f3n Serrano Espa\u00f1ol","og_description":"Verzehr von Serrano-Schinken des CJSE. Traditionelle oder riskante Kombinationen mit einer gro\u00dfen Auswahl an Produkten f\u00fcr jeden Gast.","og_url":"https:\/\/consorcioserrano.es\/de\/der-consorcioserrano-schinken\/verzehr-von-serrano-schinken-des-cjse\/","og_site_name":"Consorcio del Jam\u00f3n Serrano Espa\u00f1ol","article_modified_time":"2024-02-19T18:17:24+00:00","og_image":[{"url":"https:\/\/consorcioserrano.es\/wp-content\/uploads\/2023\/11\/sello_jamon_consorcio_2023_red.png","type":"","width":"","height":""}],"twitter_card":"summary_large_image","twitter_misc":{"Gesch\u00e4tzte Lesezeit":"6\u00a0Minuten"},"schema":{"@context":"https:\/\/schema.org","@graph":[{"@type":"WebPage","@id":"https:\/\/consorcioserrano.es\/de\/der-consorcioserrano-schinken\/verzehr-von-serrano-schinken-des-cjse\/","url":"https:\/\/consorcioserrano.es\/de\/der-consorcioserrano-schinken\/verzehr-von-serrano-schinken-des-cjse\/","name":"Verzehr von Serrano-Schinken - Consorcio del Jam\u00f3n Serrano Espa\u00f1ol","isPartOf":{"@id":"https:\/\/consorcioserrano.es\/#website"},"primaryImageOfPage":{"@id":"https:\/\/consorcioserrano.es\/de\/der-consorcioserrano-schinken\/verzehr-von-serrano-schinken-des-cjse\/#primaryimage"},"image":{"@id":"https:\/\/consorcioserrano.es\/de\/der-consorcioserrano-schinken\/verzehr-von-serrano-schinken-des-cjse\/#primaryimage"},"thumbnailUrl":"https:\/\/consorcioserrano.es\/wp-content\/uploads\/2023\/11\/sello_jamon_consorcio_2023_red.png","datePublished":"2023-12-22T09:30:55+00:00","dateModified":"2024-02-19T18:17:24+00:00","description":"Verzehr von Serrano-Schinken des CJSE. Traditionelle oder riskante Kombinationen mit einer gro\u00dfen Auswahl an Produkten f\u00fcr jeden Gast.","breadcrumb":{"@id":"https:\/\/consorcioserrano.es\/de\/der-consorcioserrano-schinken\/verzehr-von-serrano-schinken-des-cjse\/#breadcrumb"},"inLanguage":"de","potentialAction":[{"@type":"ReadAction","target":["https:\/\/consorcioserrano.es\/de\/der-consorcioserrano-schinken\/verzehr-von-serrano-schinken-des-cjse\/"]}]},{"@type":"ImageObject","inLanguage":"de","@id":"https:\/\/consorcioserrano.es\/de\/der-consorcioserrano-schinken\/verzehr-von-serrano-schinken-des-cjse\/#primaryimage","url":"https:\/\/consorcioserrano.es\/wp-content\/uploads\/2023\/11\/sello_jamon_consorcio_2023_red.png","contentUrl":"https:\/\/consorcioserrano.es\/wp-content\/uploads\/2023\/11\/sello_jamon_consorcio_2023_red.png"},{"@type":"BreadcrumbList","@id":"https:\/\/consorcioserrano.es\/de\/der-consorcioserrano-schinken\/verzehr-von-serrano-schinken-des-cjse\/#breadcrumb","itemListElement":[{"@type":"ListItem","position":1,"name":"Portada","item":"https:\/\/consorcioserrano.es\/de\/"},{"@type":"ListItem","position":2,"name":"Der ConsorcioSerrano-Schinken","item":"https:\/\/consorcioserrano.es\/de\/der-consorcioserrano-schinken\/"},{"@type":"ListItem","position":3,"name":"Verzehr von Serrano-Schinken des CJSE"}]},{"@type":"WebSite","@id":"https:\/\/consorcioserrano.es\/#website","url":"https:\/\/consorcioserrano.es\/","name":"Consorcio del Jam\u00f3n Serrano Espa\u00f1ol","description":"Das Consorcio Serrano-Schinken garantiert die Qualit\u00e4t seines schinken serrano - 100 % spanische Schinken, handauswahl, St\u00fcck f\u00fcr St\u00fcck.","potentialAction":[{"@type":"SearchAction","target":{"@type":"EntryPoint","urlTemplate":"https:\/\/consorcioserrano.es\/?s={search_term_string}"},"query-input":{"@type":"PropertyValueSpecification","valueRequired":true,"valueName":"search_term_string"}}],"inLanguage":"de"}]}},"acf":[],"_links":{"self":[{"href":"https:\/\/consorcioserrano.es\/de\/wp-json\/wp\/v2\/pages\/16187","targetHints":{"allow":["GET"]}}],"collection":[{"href":"https:\/\/consorcioserrano.es\/de\/wp-json\/wp\/v2\/pages"}],"about":[{"href":"https:\/\/consorcioserrano.es\/de\/wp-json\/wp\/v2\/types\/page"}],"author":[{"embeddable":true,"href":"https:\/\/consorcioserrano.es\/de\/wp-json\/wp\/v2\/users\/1"}],"replies":[{"embeddable":true,"href":"https:\/\/consorcioserrano.es\/de\/wp-json\/wp\/v2\/comments?post=16187"}],"version-history":[{"count":3,"href":"https:\/\/consorcioserrano.es\/de\/wp-json\/wp\/v2\/pages\/16187\/revisions"}],"predecessor-version":[{"id":22868,"href":"https:\/\/consorcioserrano.es\/de\/wp-json\/wp\/v2\/pages\/16187\/revisions\/22868"}],"up":[{"embeddable":true,"href":"https:\/\/consorcioserrano.es\/de\/wp-json\/wp\/v2\/pages\/4872"}],"wp:attachment":[{"href":"https:\/\/consorcioserrano.es\/de\/wp-json\/wp\/v2\/media?parent=16187"}],"curies":[{"name":"wp","href":"https:\/\/api.w.org\/{rel}","templated":true}]}}