{"id":20687,"date":"2024-01-11T11:31:14","date_gmt":"2024-01-11T10:31:14","guid":{"rendered":"https:\/\/consorcioserrano.es\/?page_id=20687"},"modified":"2024-02-07T16:30:17","modified_gmt":"2024-02-07T15:30:17","slug":"das-guetesiegel","status":"publish","type":"page","link":"https:\/\/consorcioserrano.es\/de\/ueber-das-consorcio\/das-guetesiegel\/","title":{"rendered":"Das g\u00fctesiegel"},"content":{"rendered":"<div class=\"wpb-content-wrapper\"><p>[vc_row full_width=&#8220;stretch_row&#8220; css=&#8220;.vc_custom_1510761286293{background-color: #161616 !important;}&#8220; el_class=&#8220;no-padding-top six-columns consorcio-submenu&#8220; el_id=&#8220;consorcio-submenu&#8220;][vc_column width=&#8220;1\/6&#8243; offset=&#8220;vc_hidden-md vc_hidden-sm vc_hidden-xs&#8220;][\/vc_column][vc_column offset=&#8220;vc_col-lg-2 vc_col-md-3&#8243; el_class=&#8220;no-lateral-padding&#8220;]\n    <a href=\"https:\/\/consorcioserrano.es\/de\/ueber-das-consorcio\/geschichte\/\"   class=\"vc_link_consorcio\" title=\" Geschichte \">\n    <div class=\"roll_wrap\" id=\"\">\n\t\t\n        <div class=\"roll_wrap_img opacity-submenu-hover\" ><img decoding=\"async\" src=\"https:\/\/consorcioserrano.es\/wp-content\/uploads\/2017\/10\/historia-consorcio-jamon-serrano-superior-menu-620x450.jpg\" class=\"img-responsive \" > <\/div>\n\t\t\n\n\t\t\n\t\t\n\t        <div class=\"roll_wrap_link_imagetextmenu  \" style=\"color:#ff0000; font-size:;\"><p class=\"six-columns-img\"><img loading=\"lazy\" decoding=\"async\" class=\"size-full wp-image-2600 alignleft\" src=\"http:\/\/consorcioserrano.es\/wp-content\/uploads\/2017\/10\/s-60.png\" alt=\"\" width=\"60\" height=\"60\" \/><\/p>\n<h3><strong>Geschichte<\/strong><\/h3>\n<\/div>\n\t\t\n    <\/div>\n    <\/a>[\/vc_column][vc_column offset=&#8220;vc_col-lg-2 vc_col-md-3&#8243; el_class=&#8220;no-lateral-padding&#8220;]\n    <a href=\"https:\/\/consorcioserrano.es\/de\/ueber-das-consorcio\/was-uns-auszeichnet\/\"   class=\"vc_link_consorcio\" title=\" WAS UNS AUSZEICHNET \">\n    <div class=\"roll_wrap\" id=\"\">\n\t\t\n        <div class=\"roll_wrap_img opacity-submenu-hover\" ><img decoding=\"async\" src=\"https:\/\/consorcioserrano.es\/wp-content\/uploads\/2017\/10\/identifica-consorcio-jamon-serrano-superior-menu-620x450.jpg\" class=\"img-responsive \" > <\/div>\n\t\t\n\n\t\t\n\t\t\n\t        <div class=\"roll_wrap_link_imagetextmenu  \" style=\"color:#ff0000; font-size:;\"><p class=\"six-columns-img\"><img loading=\"lazy\" decoding=\"async\" class=\"size-full wp-image-2600 alignleft\" src=\"http:\/\/consorcioserrano.es\/wp-content\/uploads\/2017\/10\/s-60.png\" alt=\"\" width=\"60\" height=\"60\" \/><\/p>\n<h3><strong>WAS UNS AUSZEICHNET<\/strong><\/h3>\n<\/div>\n\t\t\n    <\/div>\n    <\/a>[\/vc_column][vc_column offset=&#8220;vc_col-lg-2 vc_col-md-3&#8243; el_class=&#8220;no-lateral-padding&#8220;]\n    <a href=\"https:\/\/consorcioserrano.es\/de\/ueber-das-consorcio\/das-guetesiegel\/\"   class=\"vc_link_consorcio\" title=\" DAS G\u00dcTESIEGEL \">\n    <div class=\"roll_wrap\" id=\"\">\n\t\t\n        <div class=\"roll_wrap_img \" ><img decoding=\"async\" src=\"https:\/\/consorcioserrano.es\/wp-content\/uploads\/2017\/10\/sello-calidad-consorcio-jamon-serrano-superior-menu-620x450.jpg\" class=\"img-responsive \" > <\/div>\n\t\t\n\n\t\t\n\t\t\n\t        <div class=\"roll_wrap_link_imagetextmenu  \" style=\"color:#ff0000; font-size:;\"><p class=\"six-columns-img\"><img loading=\"lazy\" decoding=\"async\" class=\"size-full wp-image-2600 alignleft\" src=\"http:\/\/consorcioserrano.es\/wp-content\/uploads\/2017\/10\/s-60.png\" alt=\"\" width=\"60\" height=\"60\" \/><\/p>\n<h3><strong>DAS G\u00dcTESIEGEL<\/strong><\/h3>\n<\/div>\n\t\t\n    <\/div>\n    <\/a>[\/vc_column][vc_column offset=&#8220;vc_col-lg-2 vc_col-md-3&#8243; el_class=&#8220;no-lateral-padding&#8220;]\n    <a href=\"https:\/\/consorcioserrano.es\/de\/ueber-das-consorcio\/internationale-praesenz-des-verbands\/\"   class=\"vc_link_consorcio\" title=\" INTERNATIONALE PR\u00c4SENZ DES VERBANDS \">\n    <div class=\"roll_wrap\" id=\"\">\n\t\t\n        <div class=\"roll_wrap_img opacity-submenu-hover\" ><img decoding=\"async\" src=\"https:\/\/consorcioserrano.es\/wp-content\/uploads\/2017\/10\/presencia-internacional-consorcio-jamon-serrano-superior-menu-620x450.jpg\" class=\"img-responsive \" > <\/div>\n\t\t\n\n\t\t\n\t\t\n\t        <div class=\"roll_wrap_link_imagetextmenu  \" style=\"color:#ff0000; font-size:;\"><p class=\"six-columns-img\"><img loading=\"lazy\" decoding=\"async\" class=\"size-full wp-image-2600 alignleft\" src=\"http:\/\/consorcioserrano.es\/wp-content\/uploads\/2017\/10\/s-60.png\" alt=\"\" width=\"60\" height=\"60\" \/><\/p>\n<h3><strong>INTERNATIONALE PR\u00c4SENZ DES VERBANDS<\/strong><\/h3>\n<\/div>\n\t\t\n    <\/div>\n    <\/a>[\/vc_column][vc_column width=&#8220;1\/6&#8243; offset=&#8220;vc_hidden-md vc_hidden-sm&#8220;][\/vc_column][\/vc_row][vc_row full_width=&#8220;stretch_row_content_no_spaces&#8220; css=&#8220;.vc_custom_1510073275693{background-image: url(http:\/\/consorcioserrano.es\/wp-content\/uploads\/2017\/10\/sello-calidad-consorcio-jamo-serrano-header-1900&#215;331.jpg?id=2830) !important;background-position: center !important;background-repeat: no-repeat !important;background-size: cover !important;}&#8220;][vc_column]\n<div id=\"ersspace-1\"><\/div><style type=\"text\/css\">#ersspace-1 { height: 320px; }\n@media handheld, only screen and (max-width: 1199px) {\n\t#ersspace-1 { height: 300px; }\n}\n@media handheld, only screen and (max-width: 1023px) {\n\t#ersspace-1 { height: 300px; }\n}\n@media handheld, only screen and (max-width: 767px) {\n\t#ersspace-1 { height: 260px; }\n}<\/style>[\/vc_column][\/vc_row][vc_row el_class=&#8220;column-special-one&#8220;][vc_column width=&#8220;2\/3&#8243; el_class=&#8220;panel-special-content&#8220;][vc_row_inner][vc_column_inner][vc_column_text el_class=&#8220;vc_quote_consorcio&#8220;]<\/p>\n<div class=\"vc_quote_consorcio_icon_de\">\n<h1><img loading=\"lazy\" decoding=\"async\" class=\"alignnone size-full wp-image-1101\" src=\"http:\/\/consorcioserrano.es\/wp-content\/uploads\/2017\/11\/comillas-aleman-1.png\" alt=\"\" width=\"59\" height=\"53\" \/>Das <strong>G\u00fctesiegel<\/strong><\/h1>\n<\/div>\n<div class=\"vc_quote_consorcio_content_de\"><img loading=\"lazy\" decoding=\"async\" class=\"alignnone size-full wp-image-1100\" src=\"http:\/\/consorcioserrano.es\/wp-content\/uploads\/2017\/11\/comillas-aleman-1.png\" alt=\"\" width=\"59\" height=\"53\" \/><\/div>\n<p>[\/vc_column_text][\/vc_column_inner][\/vc_row_inner][vc_row_inner][vc_column_inner][vc_column_text]<\/p>\n<h3><span style=\"color: #e82f37;\"><strong>G<\/strong><strong>\u00fctesiegel des Consorcio del Jam\u00f3n Serrano Espa\u00f1ol<\/strong><\/span><\/h3>\n<p>[\/vc_column_text][\/vc_column_inner][\/vc_row_inner][vc_row_inner][vc_column_inner width=&#8220;1\/2&#8243;][vc_column_text]<strong>Das G\u00fctesiegel &#8222;ConsorcioSerrano\u201c<\/strong> b\u00fcrgt daf\u00fcr, dass unsere Serrano-Schinken nach den anspruchsvollen Qualit\u00e4tsrichtlinien des <strong>Verbands hergestellt wurden und die strengen Qualit\u00e4tskontrollen<\/strong> f\u00fcr die Ausfuhr des Produkts bestanden haben, um einen hervorragenden Serrano-Schinken anbieten zu k\u00f6nnen, werden die <strong>besten St\u00fccke<\/strong> der <strong>besten Erzeuger<\/strong> von spanischem Serrano-Schinken <strong>einzeln per Hand ausgew\u00e4hlt<\/strong>.<\/p>\n<p>Dieses G\u00fctesiegel gew\u00e4hrleistet einen <strong>traditionellen, einzigartigen, nur in Spanien<\/strong> aus 100 % spanischem Ausgangsmaterial hergestellten Serrano-Schinken. Seine sensorischen Eigenschaften (haupts\u00e4chlich Geschmack und Textur) unterscheiden ihn aufgrund seiner Exzellenz und Feinheit von den \u00fcbrigen Serrano-Schinken, die auf den ausl\u00e4ndischen M\u00e4rkten zu finden sind, sowie von anderen luftgetrockneten Produkten wie dem Prosciutto di Parma oder dem Jambon de Bayonne.[\/vc_column_text][\/vc_column_inner][vc_column_inner width=&#8220;1\/2&#8243;][vc_column_text]Dieses G\u00fctesiegel ist auf allen <strong>Handelsaufmachungen in unterschiedlicher<\/strong> Form zu finden:<\/p>\n<ul>\n<li>Serrano-Schinken am St\u00fcck mit eingebranntem Siegel.<\/li>\n<li>An den St\u00fccken von entbeintem Serrano-Schinken<\/li>\n<li>An den Bl\u00f6cken von entbeintem Serrano-Schinken<\/li>\n<li>An allen voranstehend Genannten mit nummeriertem Kontrolletikett.<\/li>\n<li>Auf den Verpackungen von Serrano-Schinken in Scheiben<\/li>\n<\/ul>\n<p>[\/vc_column_text][\/vc_column_inner][\/vc_row_inner][vc_column_text el_class=&#8220;vc_quote_consorcio vc_quote_consorcio_other&#8220;]<\/p>\n<div class=\"vc_quote_consorcio_icon\"><img loading=\"lazy\" decoding=\"async\" class=\"alignnone size-full wp-image-1101\" src=\"http:\/\/consorcioserrano.es\/wp-content\/uploads\/2017\/10\/comillas-abrir-1.png\" alt=\"\" width=\"59\" height=\"53\" srcset=\"https:\/\/consorcioserrano.es\/wp-content\/uploads\/2017\/10\/comillas-abrir-1.png 59w, https:\/\/consorcioserrano.es\/wp-content\/uploads\/2017\/10\/comillas-abrir-1-50x45.png 50w\" sizes=\"auto, (max-width:767px) 59px, 59px\" \/><\/div>\n<div class=\"vc_quote_consorcio_content\">\n<h2><span class=\"HwtZe\" lang=\"de\"><span class=\"jCAhz ChMk0b C1N51c\"><span class=\"ryNqvb\">Nur eine begrenzte Produktion von Serrano-Schinken verdient <strong>das Siegel \u201eConsorcioSerrano Certified\u201c.<\/strong><\/span><\/span><\/span><\/h2>\n<\/div>\n<p>[\/vc_column_text][vc_row_inner][vc_column_inner width=&#8220;1\/2&#8243;][vc_column_text]Das <strong>Consorcio del Jam\u00f3n Serrano Espa\u00f1ol<\/strong> ist ein Verband von <strong>traditionellen Erzeugern von Serrano-Schinken<\/strong> Spaniens, die sich zusammengeschlossen haben, um die Tradition bei der Herstellung des spanischen Serrano-Schinkens zu wahren und einen <strong>authentischen Serrano-Schinken h\u00f6chster Qualit\u00e4t <\/strong>zu f\u00f6rdern. Nur eine begrenzte Produktionsmenge von Serrano-Schinken verdient das Siegel <strong>\u201eConsorcioSerrano Certified\u201c.<\/strong>[\/vc_column_text][\/vc_column_inner][vc_column_inner width=&#8220;1\/2&#8243;][vc_column_text]Das Siegel ConsorcioSerrano steht f\u00fcr den Genuss eines Spanische-Schinken produkt von hervorragender Qualit\u00e4t., und hat das Vertrauen der Importeure, H\u00e4ndler und Verbraucher gest\u00e4rkt und dazu gef\u00fchrt, dass der Verband im Juli 2017 <strong>14 Milliarden Serrano-Schinken mit dem G\u00fctesiegel auszeichnen konnte.<\/strong>[\/vc_column_text][\/vc_column_inner][\/vc_row_inner][\/vc_column][vc_column width=&#8220;1\/3&#8243;]\n<div id=\"ersspace-2\"><\/div><style type=\"text\/css\">#ersspace-2 { height: 260px; }\n@media handheld, only screen and (max-width: 767px) {\n\t#ersspace-2 { height: 0px; }\n}<\/style>[vc_row_inner el_class=&#8220;panel-special-aside&#8220;][vc_column_inner][vc_video link=&#8220;https:\/\/youtu.be\/jUGRI3iwLYQ&#8220; align=&#8220;center&#8220;][vc_column_text]<\/p>\n<h3><strong><span style=\"color: #e82f37;\">Das G\u00fctesiegel in unterschiedlichen kommerziellen Darstellungen:<\/span><\/strong><\/h3>\n<p>[\/vc_column_text][vc_single_image image=&#8220;20700&#8243; img_size=&#8220;full&#8220;][\/vc_column_inner][\/vc_row_inner][\/vc_column][\/vc_row][vc_row][vc_column]\n<div id=\"ersspace-3\"><\/div><style type=\"text\/css\">#ersspace-3 { height: 80px; }<\/style>[\/vc_column][\/vc_row]<\/p>\n<\/div>","protected":false},"excerpt":{"rendered":"<p>[vc_row full_width=&#8220;stretch_row&#8220; css=&#8220;.vc_custom_1510761286293{background-color: #161616 !important;}&#8220; el_class=&#8220;no-padding-top six-columns consorcio-submenu&#8220; el_id=&#8220;consorcio-submenu&#8220;][vc_column width=&#8220;1\/6&#8243; offset=&#8220;vc_hidden-md vc_hidden-sm vc_hidden-xs&#8220;][\/vc_column][vc_column offset=&#8220;vc_col-lg-2 vc_col-md-3&#8243; el_class=&#8220;no-lateral-padding&#8220;][\/vc_column][vc_column offset=&#8220;vc_col-lg-2 vc_col-md-3&#8243; el_class=&#8220;no-lateral-padding&#8220;][\/vc_column][vc_column offset=&#8220;vc_col-lg-2 vc_col-md-3&#8243; el_class=&#8220;no-lateral-padding&#8220;][\/vc_column][vc_column offset=&#8220;vc_col-lg-2 vc_col-md-3&#8243; el_class=&#8220;no-lateral-padding&#8220;][\/vc_column][vc_column width=&#8220;1\/6&#8243;<span class=\"excerpt-hellip\"> [\u2026]<\/span><\/p>\n","protected":false},"author":1,"featured_media":0,"parent":4956,"menu_order":0,"comment_status":"closed","ping_status":"closed","template":"","meta":{"_acf_changed":false,"footnotes":""},"class_list":["post-20687","page","type-page","status-publish","hentry","sections_group lang-de"],"yoast_head":"<!-- This site is optimized with the Yoast SEO plugin v27.2 - https:\/\/yoast.com\/product\/yoast-seo-wordpress\/ -->\n<title>Das g\u00fctesiegel - Das Consorcio Serrano-Schinken<\/title>\n<meta name=\"description\" content=\"Qualit\u00e4tssiegel des besten Serrano-Schinkens \u2013 Das Consorcio Serrano-Schinken versiegelt seinen spanischen Schinken, der St\u00fcck f\u00fcr St\u00fcck Handauswahl wird\" \/>\n<meta name=\"robots\" content=\"index, follow, max-snippet:-1, max-image-preview:large, max-video-preview:-1\" \/>\n<link rel=\"canonical\" href=\"https:\/\/consorcioserrano.es\/de\/ueber-das-consorcio\/das-guetesiegel\/\" \/>\n<meta property=\"og:locale\" content=\"de_DE\" \/>\n<meta property=\"og:type\" content=\"article\" \/>\n<meta property=\"og:title\" content=\"Das g\u00fctesiegel - Das Consorcio Serrano-Schinken\" \/>\n<meta property=\"og:description\" content=\"Qualit\u00e4tssiegel des besten Serrano-Schinkens \u2013 Das Consorcio Serrano-Schinken versiegelt seinen spanischen Schinken, der St\u00fcck f\u00fcr St\u00fcck Handauswahl wird\" \/>\n<meta property=\"og:url\" content=\"https:\/\/consorcioserrano.es\/de\/ueber-das-consorcio\/das-guetesiegel\/\" \/>\n<meta property=\"og:site_name\" content=\"Consorcio del Jam\u00f3n Serrano Espa\u00f1ol\" \/>\n<meta property=\"article:modified_time\" content=\"2024-02-07T15:30:17+00:00\" \/>\n<meta property=\"og:image\" content=\"http:\/\/consorcioserrano.es\/wp-content\/uploads\/2017\/10\/s-60.png\" \/>\n<meta name=\"twitter:card\" content=\"summary_large_image\" \/>\n<meta name=\"twitter:label1\" content=\"Gesch\u00e4tzte Lesezeit\" \/>\n\t<meta name=\"twitter:data1\" content=\"5\u00a0Minuten\" \/>\n<script type=\"application\/ld+json\" class=\"yoast-schema-graph\">{\"@context\":\"https:\/\/schema.org\",\"@graph\":[{\"@type\":\"WebPage\",\"@id\":\"https:\/\/consorcioserrano.es\/de\/ueber-das-consorcio\/das-guetesiegel\/\",\"url\":\"https:\/\/consorcioserrano.es\/de\/ueber-das-consorcio\/das-guetesiegel\/\",\"name\":\"Das g\u00fctesiegel - Das Consorcio Serrano-Schinken\",\"isPartOf\":{\"@id\":\"https:\/\/consorcioserrano.es\/#website\"},\"primaryImageOfPage\":{\"@id\":\"https:\/\/consorcioserrano.es\/de\/ueber-das-consorcio\/das-guetesiegel\/#primaryimage\"},\"image\":{\"@id\":\"https:\/\/consorcioserrano.es\/de\/ueber-das-consorcio\/das-guetesiegel\/#primaryimage\"},\"thumbnailUrl\":\"http:\/\/consorcioserrano.es\/wp-content\/uploads\/2017\/10\/s-60.png\",\"datePublished\":\"2024-01-11T10:31:14+00:00\",\"dateModified\":\"2024-02-07T15:30:17+00:00\",\"description\":\"Qualit\u00e4tssiegel des besten Serrano-Schinkens \u2013 Das Consorcio Serrano-Schinken versiegelt seinen spanischen Schinken, der St\u00fcck f\u00fcr St\u00fcck Handauswahl wird\",\"breadcrumb\":{\"@id\":\"https:\/\/consorcioserrano.es\/de\/ueber-das-consorcio\/das-guetesiegel\/#breadcrumb\"},\"inLanguage\":\"de\",\"potentialAction\":[{\"@type\":\"ReadAction\",\"target\":[\"https:\/\/consorcioserrano.es\/de\/ueber-das-consorcio\/das-guetesiegel\/\"]}]},{\"@type\":\"ImageObject\",\"inLanguage\":\"de\",\"@id\":\"https:\/\/consorcioserrano.es\/de\/ueber-das-consorcio\/das-guetesiegel\/#primaryimage\",\"url\":\"http:\/\/consorcioserrano.es\/wp-content\/uploads\/2017\/10\/s-60.png\",\"contentUrl\":\"http:\/\/consorcioserrano.es\/wp-content\/uploads\/2017\/10\/s-60.png\"},{\"@type\":\"BreadcrumbList\",\"@id\":\"https:\/\/consorcioserrano.es\/de\/ueber-das-consorcio\/das-guetesiegel\/#breadcrumb\",\"itemListElement\":[{\"@type\":\"ListItem\",\"position\":1,\"name\":\"Portada\",\"item\":\"https:\/\/consorcioserrano.es\/de\/\"},{\"@type\":\"ListItem\",\"position\":2,\"name\":\"\u00dcber das Consorcio\",\"item\":\"https:\/\/consorcioserrano.es\/de\/ueber-das-consorcio\/\"},{\"@type\":\"ListItem\",\"position\":3,\"name\":\"Das g\u00fctesiegel\"}]},{\"@type\":\"WebSite\",\"@id\":\"https:\/\/consorcioserrano.es\/#website\",\"url\":\"https:\/\/consorcioserrano.es\/\",\"name\":\"Consorcio del Jam\u00f3n Serrano Espa\u00f1ol\",\"description\":\"Das Consorcio Serrano-Schinken garantiert die Qualit\u00e4t seines schinken serrano - 100 % spanische Schinken, handauswahl, St\u00fcck f\u00fcr St\u00fcck.\",\"potentialAction\":[{\"@type\":\"SearchAction\",\"target\":{\"@type\":\"EntryPoint\",\"urlTemplate\":\"https:\/\/consorcioserrano.es\/?s={search_term_string}\"},\"query-input\":{\"@type\":\"PropertyValueSpecification\",\"valueRequired\":true,\"valueName\":\"search_term_string\"}}],\"inLanguage\":\"de\"}]}<\/script>\n<!-- \/ Yoast SEO plugin. -->","yoast_head_json":{"title":"Das g\u00fctesiegel - Das Consorcio Serrano-Schinken","description":"Qualit\u00e4tssiegel des besten Serrano-Schinkens \u2013 Das Consorcio Serrano-Schinken versiegelt seinen spanischen Schinken, der St\u00fcck f\u00fcr St\u00fcck Handauswahl wird","robots":{"index":"index","follow":"follow","max-snippet":"max-snippet:-1","max-image-preview":"max-image-preview:large","max-video-preview":"max-video-preview:-1"},"canonical":"https:\/\/consorcioserrano.es\/de\/ueber-das-consorcio\/das-guetesiegel\/","og_locale":"de_DE","og_type":"article","og_title":"Das g\u00fctesiegel - Das Consorcio Serrano-Schinken","og_description":"Qualit\u00e4tssiegel des besten Serrano-Schinkens \u2013 Das Consorcio Serrano-Schinken versiegelt seinen spanischen Schinken, der St\u00fcck f\u00fcr St\u00fcck Handauswahl wird","og_url":"https:\/\/consorcioserrano.es\/de\/ueber-das-consorcio\/das-guetesiegel\/","og_site_name":"Consorcio del Jam\u00f3n Serrano Espa\u00f1ol","article_modified_time":"2024-02-07T15:30:17+00:00","og_image":[{"url":"http:\/\/consorcioserrano.es\/wp-content\/uploads\/2017\/10\/s-60.png","type":"","width":"","height":""}],"twitter_card":"summary_large_image","twitter_misc":{"Gesch\u00e4tzte Lesezeit":"5\u00a0Minuten"},"schema":{"@context":"https:\/\/schema.org","@graph":[{"@type":"WebPage","@id":"https:\/\/consorcioserrano.es\/de\/ueber-das-consorcio\/das-guetesiegel\/","url":"https:\/\/consorcioserrano.es\/de\/ueber-das-consorcio\/das-guetesiegel\/","name":"Das g\u00fctesiegel - Das Consorcio Serrano-Schinken","isPartOf":{"@id":"https:\/\/consorcioserrano.es\/#website"},"primaryImageOfPage":{"@id":"https:\/\/consorcioserrano.es\/de\/ueber-das-consorcio\/das-guetesiegel\/#primaryimage"},"image":{"@id":"https:\/\/consorcioserrano.es\/de\/ueber-das-consorcio\/das-guetesiegel\/#primaryimage"},"thumbnailUrl":"http:\/\/consorcioserrano.es\/wp-content\/uploads\/2017\/10\/s-60.png","datePublished":"2024-01-11T10:31:14+00:00","dateModified":"2024-02-07T15:30:17+00:00","description":"Qualit\u00e4tssiegel des besten Serrano-Schinkens \u2013 Das Consorcio Serrano-Schinken versiegelt seinen spanischen Schinken, der St\u00fcck f\u00fcr St\u00fcck Handauswahl wird","breadcrumb":{"@id":"https:\/\/consorcioserrano.es\/de\/ueber-das-consorcio\/das-guetesiegel\/#breadcrumb"},"inLanguage":"de","potentialAction":[{"@type":"ReadAction","target":["https:\/\/consorcioserrano.es\/de\/ueber-das-consorcio\/das-guetesiegel\/"]}]},{"@type":"ImageObject","inLanguage":"de","@id":"https:\/\/consorcioserrano.es\/de\/ueber-das-consorcio\/das-guetesiegel\/#primaryimage","url":"http:\/\/consorcioserrano.es\/wp-content\/uploads\/2017\/10\/s-60.png","contentUrl":"http:\/\/consorcioserrano.es\/wp-content\/uploads\/2017\/10\/s-60.png"},{"@type":"BreadcrumbList","@id":"https:\/\/consorcioserrano.es\/de\/ueber-das-consorcio\/das-guetesiegel\/#breadcrumb","itemListElement":[{"@type":"ListItem","position":1,"name":"Portada","item":"https:\/\/consorcioserrano.es\/de\/"},{"@type":"ListItem","position":2,"name":"\u00dcber das Consorcio","item":"https:\/\/consorcioserrano.es\/de\/ueber-das-consorcio\/"},{"@type":"ListItem","position":3,"name":"Das g\u00fctesiegel"}]},{"@type":"WebSite","@id":"https:\/\/consorcioserrano.es\/#website","url":"https:\/\/consorcioserrano.es\/","name":"Consorcio del Jam\u00f3n Serrano Espa\u00f1ol","description":"Das Consorcio Serrano-Schinken garantiert die Qualit\u00e4t seines schinken serrano - 100 % spanische Schinken, handauswahl, St\u00fcck f\u00fcr St\u00fcck.","potentialAction":[{"@type":"SearchAction","target":{"@type":"EntryPoint","urlTemplate":"https:\/\/consorcioserrano.es\/?s={search_term_string}"},"query-input":{"@type":"PropertyValueSpecification","valueRequired":true,"valueName":"search_term_string"}}],"inLanguage":"de"}]}},"acf":[],"_links":{"self":[{"href":"https:\/\/consorcioserrano.es\/de\/wp-json\/wp\/v2\/pages\/20687","targetHints":{"allow":["GET"]}}],"collection":[{"href":"https:\/\/consorcioserrano.es\/de\/wp-json\/wp\/v2\/pages"}],"about":[{"href":"https:\/\/consorcioserrano.es\/de\/wp-json\/wp\/v2\/types\/page"}],"author":[{"embeddable":true,"href":"https:\/\/consorcioserrano.es\/de\/wp-json\/wp\/v2\/users\/1"}],"replies":[{"embeddable":true,"href":"https:\/\/consorcioserrano.es\/de\/wp-json\/wp\/v2\/comments?post=20687"}],"version-history":[{"count":4,"href":"https:\/\/consorcioserrano.es\/de\/wp-json\/wp\/v2\/pages\/20687\/revisions"}],"predecessor-version":[{"id":22375,"href":"https:\/\/consorcioserrano.es\/de\/wp-json\/wp\/v2\/pages\/20687\/revisions\/22375"}],"up":[{"embeddable":true,"href":"https:\/\/consorcioserrano.es\/de\/wp-json\/wp\/v2\/pages\/4956"}],"wp:attachment":[{"href":"https:\/\/consorcioserrano.es\/de\/wp-json\/wp\/v2\/media?parent=20687"}],"curies":[{"name":"wp","href":"https:\/\/api.w.org\/{rel}","templated":true}]}}