{"id":4695,"date":"2017-11-20T11:52:05","date_gmt":"2017-11-20T10:52:05","guid":{"rendered":"http:\/\/consorcioserrano.es\/?page_id=4695"},"modified":"2018-05-31T12:07:56","modified_gmt":"2018-05-31T11:07:56","slug":"kontaktier-uns","status":"publish","type":"page","link":"https:\/\/consorcioserrano.es\/de\/kontaktier-uns\/","title":{"rendered":"Kontaktier uns"},"content":{"rendered":"<div class=\"wpb-content-wrapper\"><p>[vc_row][vc_column width=&#8220;1\/2&#8243; el_class=&#8220;panel-special-content&#8220;][vc_column_text el_class=&#8220;vc_quote_consorcio&#8220;]<\/p>\n<div class=\"vc_quote_consorcio_icon\"><img loading=\"lazy\" decoding=\"async\" class=\"alignnone size-full wp-image-1101\" src=\"http:\/\/consorcioserrano.es\/wp-content\/uploads\/2017\/10\/comillas-abrir-1.png\" alt=\"\" width=\"59\" height=\"53\" srcset=\"https:\/\/consorcioserrano.es\/wp-content\/uploads\/2017\/10\/comillas-abrir-1.png 59w, https:\/\/consorcioserrano.es\/wp-content\/uploads\/2017\/10\/comillas-abrir-1-50x45.png 50w\" sizes=\"auto, (max-width:767px) 59px, 59px\" \/><\/div>\n<div class=\"vc_quote_consorcio_content\">\n<h1><strong>Kontaktier uns<\/strong>\u00a0<img loading=\"lazy\" decoding=\"async\" class=\"alignnone size-full wp-image-1100\" src=\"http:\/\/consorcioserrano.es\/wp-content\/uploads\/2017\/10\/comillas-cerrar-1.png\" alt=\"\" width=\"59\" height=\"53\" srcset=\"https:\/\/consorcioserrano.es\/wp-content\/uploads\/2017\/10\/comillas-cerrar-1.png 59w, https:\/\/consorcioserrano.es\/wp-content\/uploads\/2017\/10\/comillas-cerrar-1-50x45.png 50w\" sizes=\"auto, (max-width:767px) 59px, 59px\" \/><\/h1>\n<\/div>\n<p>[\/vc_column_text][\/vc_column][vc_column width=&#8220;1\/2&#8243;][\/vc_column][\/vc_row][vc_row][vc_column width=&#8220;1\/2&#8243; el_class=&#8220;panel-special-content&#8220;][vc_column_text]<\/p>\n<p class=\"contact-field\"><i class=\"fa fa-map-marker\" aria-hidden=\"true\"><\/i> \u00a0\u00a0C\/ Basilica 19 9\u00baA, 28020 &#8211; Madrid (Spanien)<\/p>\n<p class=\"contact-field\"><i class=\"fa fa-phone\" aria-hidden=\"true\"><\/i> \u00a0\u00a0+34 917 356 085<\/p>\n<p class=\"contact-field\"><i class=\"fa fa-fax\" aria-hidden=\"true\"><\/i> \u00a0\u00a0+34 917 350 503<\/p>\n<p>[\/vc_column_text][vc_empty_space height=&#8220;20px&#8220;][vc_column_text]\n<div class=\"wpcf7 no-js\" id=\"wpcf7-f4676-o1\" lang=\"es-ES\" dir=\"ltr\" data-wpcf7-id=\"4676\">\n<div class=\"screen-reader-response\"><p role=\"status\" aria-live=\"polite\" aria-atomic=\"true\"><\/p> <ul><\/ul><\/div>\n<form action=\"\/de\/wp-json\/wp\/v2\/pages\/4695#wpcf7-f4676-o1\" method=\"post\" class=\"wpcf7-form init\" aria-label=\"Formulario de contacto\" novalidate=\"novalidate\" data-status=\"init\">\n<fieldset class=\"hidden-fields-container\"><input type=\"hidden\" name=\"_wpcf7\" value=\"4676\" \/><input type=\"hidden\" name=\"_wpcf7_version\" value=\"6.1.5\" \/><input type=\"hidden\" name=\"_wpcf7_locale\" value=\"es_ES\" \/><input type=\"hidden\" name=\"_wpcf7_unit_tag\" value=\"wpcf7-f4676-o1\" \/><input type=\"hidden\" name=\"_wpcf7_container_post\" value=\"0\" \/><input type=\"hidden\" name=\"_wpcf7_posted_data_hash\" value=\"\" \/><input type=\"hidden\" name=\"_wpcf7_recaptcha_response\" value=\"\" \/>\n<\/fieldset>\n<p><label> Vor- und Nachname *<br \/>\n<span class=\"wpcf7-form-control-wrap\" data-name=\"nombre\"><input size=\"40\" maxlength=\"400\" class=\"wpcf7-form-control wpcf7-text wpcf7-validates-as-required\" aria-required=\"true\" aria-invalid=\"false\" value=\"\" type=\"text\" name=\"nombre\" \/><\/span><\/label>\n<\/p>\n<p><label> e-Mail-Adresse *<br \/>\n<span class=\"wpcf7-form-control-wrap\" data-name=\"e-mail\"><input size=\"40\" maxlength=\"400\" class=\"wpcf7-form-control wpcf7-email wpcf7-validates-as-required wpcf7-text wpcf7-validates-as-email\" aria-required=\"true\" aria-invalid=\"false\" value=\"\" type=\"email\" name=\"e-mail\" \/><\/span><\/label>\n<\/p>\n<p><label> Nachricht *<br \/>\n<span class=\"wpcf7-form-control-wrap\" data-name=\"mensaje\"><textarea cols=\"40\" rows=\"10\" maxlength=\"2000\" class=\"wpcf7-form-control wpcf7-textarea wpcf7-validates-as-required\" aria-required=\"true\" aria-invalid=\"false\" name=\"mensaje\"><\/textarea><\/span> <\/label><br \/>\n\n<\/p>\n<p><span class=\"wpcf7-form-control-wrap\" data-name=\"aceptar\"><span class=\"wpcf7-form-control wpcf7-acceptance\"><span class=\"wpcf7-list-item\"><label><input type=\"checkbox\" name=\"aceptar\" value=\"1\" aria-invalid=\"false\" \/><span class=\"wpcf7-list-item-label\">Ich habe die <a href=\"https:\/\/consorcioserrano.es\/de\/politica-de-proteccion-de-datos\/\" target=\"_blank\">Datenschutzerkl\u00e4rung<\/a> gelesen und akzeptiere sie hiermit. *<\/span><\/label><\/span><\/span><\/span>\n<\/p>\n<p> mit * gekennzeichnete Felder sind Pflichtfelder\n<\/p>\n<p><input class=\"wpcf7-form-control wpcf7-submit has-spinner\" type=\"submit\" value=\"Senden\" \/>\n<\/p><div class=\"wpcf7-response-output\" aria-hidden=\"true\"><\/div>\n<\/form>\n<\/div>\n[\/vc_column_text][vc_column_text]<\/p>\n<table class=\"tabla-privacidad\">\n<thead>\n<tr>\n<td colspan=\"2\">Data Protection Information<\/td>\n<\/tr>\n<\/thead>\n<tbody>\n<tr>\n<td>Responsible<\/td>\n<td>Consorcio del Jam\u00f3n Serrano Espa\u00f1ol<\/td>\n<\/tr>\n<tr>\n<td>Liability<\/td>\n<td>Being able to respond to the information requested, as well as providing information on products or services of interest.<\/td>\n<\/tr>\n<tr>\n<td>Legitimation<\/td>\n<td>Consent of the interested<\/td>\n<\/tr>\n<tr>\n<td>Destinataire<\/td>\n<td>The data that you enter in consorcioserrano.es website may be assigned to companies associated to the JSE Consortium or other commercially related to it.<\/td>\n<\/tr>\n<tr>\n<td>Your rights<\/td>\n<td>You have the right to access, rectify and delete the data, as well as other rights, as explained in the additional information.<\/td>\n<\/tr>\n<tr>\n<td>Aditional Information<\/td>\n<td>You can consult the additional and detailed information on Data Protection on our website: <a href=\"https:\/\/consorcioserrano.es\/de\/datenschutzerklaerung\/\" target=\"_blank\" rel=\"noopener\">https:\/\/consorcioserrano.es\/de\/datenschutzerklaerung\/<\/a><\/td>\n<\/tr>\n<\/tbody>\n<\/table>\n<p>[\/vc_column_text][\/vc_column][vc_column width=&#8220;1\/2&#8243;][vc_gmaps link=&#8220;#E-8_JTNDaWZyYW1lJTIwc3JjJTNEJTIyaHR0cHMlM0ElMkYlMkZ3d3cuZ29vZ2xlLmNvbSUyRm1hcHMlMkZlbWJlZCUzRnBiJTNEJTIxMW0xOCUyMTFtMTIlMjExbTMlMjExZDMwMzYuMTgxOTEwMDU2NDU1OCUyMTJkLTMuNjk4Nzc4NDg0NjAzMDk5OCUyMTNkNDAuNDQ5MTEwNTc5MzYxMzQ2JTIxMm0zJTIxMWYwJTIxMmYwJTIxM2YwJTIxM20yJTIxMWkxMDI0JTIxMmk3NjglMjE0ZjEzLjElMjEzbTMlMjExbTIlMjExczB4ZDQyMjhmYzczM2YwZGNkJTI1M0EweGNkZjZkYzkyOWRkZDcxNjYlMjEyc0NhbGxlJTJCZGUlMkJsYSUyQkJhcyUyNUMzJTI1QURsaWNhJTI1MkMlMkIxOSUyNTJDJTJCMjgwMjAlMkJNYWRyaWQlMjE1ZTAlMjEzbTIlMjExc2VzJTIxMnNlcyUyMTR2MTUwOTcxMzc3OTk4NCUyMiUyMHdpZHRoJTNEJTIyNjAwJTIyJTIwaGVpZ2h0JTNEJTIyNDUwJTIyJTIwZnJhbWVib3JkZXIlM0QlMjIwJTIyJTIwc3R5bGUlM0QlMjJib3JkZXIlM0EwJTIyJTIwYWxsb3dmdWxsc2NyZWVuJTNFJTNDJTJGaWZyYW1lJTNF&#8220;][\/vc_column][\/vc_row][vc_row][vc_column]\n<div id=\"ersspace-1\"><\/div><style type=\"text\/css\">#ersspace-1 { height: 80px; }<\/style>[\/vc_column][\/vc_row]<\/p>\n<\/div>","protected":false},"excerpt":{"rendered":"<p>[vc_row][vc_column width=&#8220;1\/2&#8243; el_class=&#8220;panel-special-content&#8220;][vc_column_text el_class=&#8220;vc_quote_consorcio&#8220;] Kontaktier uns\u00a0 [\/vc_column_text][\/vc_column][vc_column width=&#8220;1\/2&#8243;][\/vc_column][\/vc_row][vc_row][vc_column width=&#8220;1\/2&#8243; el_class=&#8220;panel-special-content&#8220;][vc_column_text] \u00a0\u00a0C\/ Basilica 19 9\u00baA, 28020 &#8211; Madrid (Spanien) \u00a0\u00a0+34 917 356 085 \u00a0\u00a0+34 917 350 503<span class=\"excerpt-hellip\"> [\u2026]<\/span><\/p>\n","protected":false},"author":1,"featured_media":0,"parent":0,"menu_order":0,"comment_status":"closed","ping_status":"closed","template":"","meta":{"_acf_changed":false,"footnotes":""},"class_list":["post-4695","page","type-page","status-publish","hentry","sections_group lang-de"],"yoast_head":"<!-- This site is optimized with the Yoast SEO plugin v27.2 - https:\/\/yoast.com\/product\/yoast-seo-wordpress\/ -->\n<title>Kontaktier uns - Der Consorcio Serrano-Schinken<\/title>\n<meta name=\"description\" content=\"Kontaktiere-uns Sie das Serrano Konsortium von Serrano Schinken \u00fcber das Kontaktformular, unser Telefon oder besuchen Sie uns in unserer Zentrale.\" \/>\n<meta name=\"robots\" content=\"index, follow, max-snippet:-1, max-image-preview:large, max-video-preview:-1\" \/>\n<link rel=\"canonical\" href=\"https:\/\/consorcioserrano.es\/de\/kontaktier-uns\/\" \/>\n<meta property=\"og:locale\" content=\"de_DE\" \/>\n<meta property=\"og:type\" content=\"article\" \/>\n<meta property=\"og:title\" content=\"Kontaktier uns - Der Consorcio Serrano-Schinken\" \/>\n<meta property=\"og:description\" content=\"Kontaktiere-uns Sie das Serrano Konsortium von Serrano Schinken \u00fcber das Kontaktformular, unser Telefon oder besuchen Sie uns in unserer Zentrale.\" \/>\n<meta property=\"og:url\" content=\"https:\/\/consorcioserrano.es\/de\/kontaktier-uns\/\" \/>\n<meta property=\"og:site_name\" content=\"Consorcio del Jam\u00f3n Serrano Espa\u00f1ol\" \/>\n<meta property=\"article:modified_time\" content=\"2018-05-31T11:07:56+00:00\" \/>\n<meta property=\"og:image\" content=\"http:\/\/consorcioserrano.es\/wp-content\/uploads\/2017\/10\/comillas-abrir-1.png\" \/>\n<meta name=\"twitter:card\" content=\"summary_large_image\" \/>\n<meta name=\"twitter:label1\" content=\"Gesch\u00e4tzte Lesezeit\" \/>\n\t<meta name=\"twitter:data1\" content=\"1\u00a0Minute\" \/>\n<script type=\"application\/ld+json\" class=\"yoast-schema-graph\">{\"@context\":\"https:\/\/schema.org\",\"@graph\":[{\"@type\":\"WebPage\",\"@id\":\"https:\/\/consorcioserrano.es\/de\/kontaktier-uns\/\",\"url\":\"https:\/\/consorcioserrano.es\/de\/kontaktier-uns\/\",\"name\":\"Kontaktier uns - Der Consorcio Serrano-Schinken\",\"isPartOf\":{\"@id\":\"https:\/\/consorcioserrano.es\/#website\"},\"primaryImageOfPage\":{\"@id\":\"https:\/\/consorcioserrano.es\/de\/kontaktier-uns\/#primaryimage\"},\"image\":{\"@id\":\"https:\/\/consorcioserrano.es\/de\/kontaktier-uns\/#primaryimage\"},\"thumbnailUrl\":\"http:\/\/consorcioserrano.es\/wp-content\/uploads\/2017\/10\/comillas-abrir-1.png\",\"datePublished\":\"2017-11-20T10:52:05+00:00\",\"dateModified\":\"2018-05-31T11:07:56+00:00\",\"description\":\"Kontaktiere-uns Sie das Serrano Konsortium von Serrano Schinken \u00fcber das Kontaktformular, unser Telefon oder besuchen Sie uns in unserer Zentrale.\",\"breadcrumb\":{\"@id\":\"https:\/\/consorcioserrano.es\/de\/kontaktier-uns\/#breadcrumb\"},\"inLanguage\":\"de\",\"potentialAction\":[{\"@type\":\"ReadAction\",\"target\":[\"https:\/\/consorcioserrano.es\/de\/kontaktier-uns\/\"]}]},{\"@type\":\"ImageObject\",\"inLanguage\":\"de\",\"@id\":\"https:\/\/consorcioserrano.es\/de\/kontaktier-uns\/#primaryimage\",\"url\":\"http:\/\/consorcioserrano.es\/wp-content\/uploads\/2017\/10\/comillas-abrir-1.png\",\"contentUrl\":\"http:\/\/consorcioserrano.es\/wp-content\/uploads\/2017\/10\/comillas-abrir-1.png\"},{\"@type\":\"BreadcrumbList\",\"@id\":\"https:\/\/consorcioserrano.es\/de\/kontaktier-uns\/#breadcrumb\",\"itemListElement\":[{\"@type\":\"ListItem\",\"position\":1,\"name\":\"Portada\",\"item\":\"https:\/\/consorcioserrano.es\/de\/\"},{\"@type\":\"ListItem\",\"position\":2,\"name\":\"Kontaktier uns\"}]},{\"@type\":\"WebSite\",\"@id\":\"https:\/\/consorcioserrano.es\/#website\",\"url\":\"https:\/\/consorcioserrano.es\/\",\"name\":\"Consorcio del Jam\u00f3n Serrano Espa\u00f1ol\",\"description\":\"Das Consorcio Serrano-Schinken garantiert die Qualit\u00e4t seines schinken serrano - 100 % spanische Schinken, handauswahl, St\u00fcck f\u00fcr St\u00fcck.\",\"potentialAction\":[{\"@type\":\"SearchAction\",\"target\":{\"@type\":\"EntryPoint\",\"urlTemplate\":\"https:\/\/consorcioserrano.es\/?s={search_term_string}\"},\"query-input\":{\"@type\":\"PropertyValueSpecification\",\"valueRequired\":true,\"valueName\":\"search_term_string\"}}],\"inLanguage\":\"de\"}]}<\/script>\n<!-- \/ Yoast SEO plugin. -->","yoast_head_json":{"title":"Kontaktier uns - Der Consorcio Serrano-Schinken","description":"Kontaktiere-uns Sie das Serrano Konsortium von Serrano Schinken \u00fcber das Kontaktformular, unser Telefon oder besuchen Sie uns in unserer Zentrale.","robots":{"index":"index","follow":"follow","max-snippet":"max-snippet:-1","max-image-preview":"max-image-preview:large","max-video-preview":"max-video-preview:-1"},"canonical":"https:\/\/consorcioserrano.es\/de\/kontaktier-uns\/","og_locale":"de_DE","og_type":"article","og_title":"Kontaktier uns - Der Consorcio Serrano-Schinken","og_description":"Kontaktiere-uns Sie das Serrano Konsortium von Serrano Schinken \u00fcber das Kontaktformular, unser Telefon oder besuchen Sie uns in unserer Zentrale.","og_url":"https:\/\/consorcioserrano.es\/de\/kontaktier-uns\/","og_site_name":"Consorcio del Jam\u00f3n Serrano Espa\u00f1ol","article_modified_time":"2018-05-31T11:07:56+00:00","og_image":[{"url":"http:\/\/consorcioserrano.es\/wp-content\/uploads\/2017\/10\/comillas-abrir-1.png","type":"","width":"","height":""}],"twitter_card":"summary_large_image","twitter_misc":{"Gesch\u00e4tzte Lesezeit":"1\u00a0Minute"},"schema":{"@context":"https:\/\/schema.org","@graph":[{"@type":"WebPage","@id":"https:\/\/consorcioserrano.es\/de\/kontaktier-uns\/","url":"https:\/\/consorcioserrano.es\/de\/kontaktier-uns\/","name":"Kontaktier uns - Der Consorcio Serrano-Schinken","isPartOf":{"@id":"https:\/\/consorcioserrano.es\/#website"},"primaryImageOfPage":{"@id":"https:\/\/consorcioserrano.es\/de\/kontaktier-uns\/#primaryimage"},"image":{"@id":"https:\/\/consorcioserrano.es\/de\/kontaktier-uns\/#primaryimage"},"thumbnailUrl":"http:\/\/consorcioserrano.es\/wp-content\/uploads\/2017\/10\/comillas-abrir-1.png","datePublished":"2017-11-20T10:52:05+00:00","dateModified":"2018-05-31T11:07:56+00:00","description":"Kontaktiere-uns Sie das Serrano Konsortium von Serrano Schinken \u00fcber das Kontaktformular, unser Telefon oder besuchen Sie uns in unserer Zentrale.","breadcrumb":{"@id":"https:\/\/consorcioserrano.es\/de\/kontaktier-uns\/#breadcrumb"},"inLanguage":"de","potentialAction":[{"@type":"ReadAction","target":["https:\/\/consorcioserrano.es\/de\/kontaktier-uns\/"]}]},{"@type":"ImageObject","inLanguage":"de","@id":"https:\/\/consorcioserrano.es\/de\/kontaktier-uns\/#primaryimage","url":"http:\/\/consorcioserrano.es\/wp-content\/uploads\/2017\/10\/comillas-abrir-1.png","contentUrl":"http:\/\/consorcioserrano.es\/wp-content\/uploads\/2017\/10\/comillas-abrir-1.png"},{"@type":"BreadcrumbList","@id":"https:\/\/consorcioserrano.es\/de\/kontaktier-uns\/#breadcrumb","itemListElement":[{"@type":"ListItem","position":1,"name":"Portada","item":"https:\/\/consorcioserrano.es\/de\/"},{"@type":"ListItem","position":2,"name":"Kontaktier uns"}]},{"@type":"WebSite","@id":"https:\/\/consorcioserrano.es\/#website","url":"https:\/\/consorcioserrano.es\/","name":"Consorcio del Jam\u00f3n Serrano Espa\u00f1ol","description":"Das Consorcio Serrano-Schinken garantiert die Qualit\u00e4t seines schinken serrano - 100 % spanische Schinken, handauswahl, St\u00fcck f\u00fcr St\u00fcck.","potentialAction":[{"@type":"SearchAction","target":{"@type":"EntryPoint","urlTemplate":"https:\/\/consorcioserrano.es\/?s={search_term_string}"},"query-input":{"@type":"PropertyValueSpecification","valueRequired":true,"valueName":"search_term_string"}}],"inLanguage":"de"}]}},"acf":[],"_links":{"self":[{"href":"https:\/\/consorcioserrano.es\/de\/wp-json\/wp\/v2\/pages\/4695","targetHints":{"allow":["GET"]}}],"collection":[{"href":"https:\/\/consorcioserrano.es\/de\/wp-json\/wp\/v2\/pages"}],"about":[{"href":"https:\/\/consorcioserrano.es\/de\/wp-json\/wp\/v2\/types\/page"}],"author":[{"embeddable":true,"href":"https:\/\/consorcioserrano.es\/de\/wp-json\/wp\/v2\/users\/1"}],"replies":[{"embeddable":true,"href":"https:\/\/consorcioserrano.es\/de\/wp-json\/wp\/v2\/comments?post=4695"}],"version-history":[{"count":0,"href":"https:\/\/consorcioserrano.es\/de\/wp-json\/wp\/v2\/pages\/4695\/revisions"}],"wp:attachment":[{"href":"https:\/\/consorcioserrano.es\/de\/wp-json\/wp\/v2\/media?parent=4695"}],"curies":[{"name":"wp","href":"https:\/\/api.w.org\/{rel}","templated":true}]}}