{"id":4702,"date":"2017-11-20T12:08:35","date_gmt":"2017-11-20T11:08:35","guid":{"rendered":"http:\/\/consorcioserrano.es\/?page_id=4702"},"modified":"2025-11-27T17:26:16","modified_gmt":"2025-11-27T16:26:16","slug":"unsere-partner","status":"publish","type":"page","link":"https:\/\/consorcioserrano.es\/de\/wer-wir-sind\/unsere-partner\/","title":{"rendered":"Unsere Partner"},"content":{"rendered":"<div class=\"wpb-content-wrapper\"><p>[vc_row][vc_column el_class=&#8220;panel-special-content&#8220;][vc_column_text el_class=&#8220;vc_quote_consorcio&#8220;]<\/p>\n<div class=\"vc_quote_consorcio_icon_de\">\n<h1><img loading=\"lazy\" decoding=\"async\" class=\"alignnone size-full wp-image-1101\" src=\"http:\/\/consorcioserrano.es\/wp-content\/uploads\/2017\/11\/comillas-aleman-1.png\" alt=\"\" width=\"59\" height=\"53\" \/>Unsere <strong>Partner<\/strong><\/h1>\n<\/div>\n<div class=\"vc_quote_consorcio_content_de\"><img loading=\"lazy\" decoding=\"async\" class=\"alignnone size-full wp-image-1100\" src=\"http:\/\/consorcioserrano.es\/wp-content\/uploads\/2017\/11\/comillas-aleman-1.png\" alt=\"\" width=\"59\" height=\"53\" \/><\/div>\n<p>[\/vc_column_text][\/vc_column][\/vc_row][vc_row][vc_column width=&#8220;2\/3&#8243;][vc_column_text]<strong>Der CJSE vereint gegenw\u00e4rtig die 18 wichtigsten Unternehmen des spanischen Schinkensektors.<\/strong> Alle diese Unternehmen werden <strong>im Ausland durch das G\u00fctesiegel \u201eConsorcioSerrano\u201c unterst\u00fctzt<\/strong>, das sich auf den f\u00fcr die Ausfuhr bestimmten Schinken befindet.<\/p>\n<p>Diese Unternehmen geh\u00f6ren unserem Verband an: <a href=\"http:\/\/consorcioserrano.es\/nuestros-asociados\/consorcio-serrano-asociados-en.pdf\" target=\"_blank\" rel=\"noopener noreferrer\">Vollst\u00e4ndige Liste in PDF<\/a>[\/vc_column_text]\n<div id=\"ersspace-1\"><\/div><style type=\"text\/css\">#ersspace-1 { height: 40px; }<\/style>[\/vc_column][vc_column width=&#8220;1\/3&#8243;][\/vc_column][\/vc_row][vc_row][vc_column width=&#8220;1\/6&#8243;][vc_single_image image=&#8220;9460&#8243; img_size=&#8220;full&#8220; onclick=&#8220;custom_link&#8220; link=&#8220;https:\/\/consorcioserrano.es\/de\/wer-wir-sind\/unsere-partner\/argal-alimentacion\/&#8220;][\/vc_column][vc_column width=&#8220;1\/6&#8243;][vc_single_image image=&#8220;9506&#8243; img_size=&#8220;full&#8220; onclick=&#8220;custom_link&#8220; link=&#8220;https:\/\/consorcioserrano.es\/de\/wer-wir-sind\/unsere-partner\/embutidos-y-jamones-espana-e-hijos-s-a\/&#8220;][\/vc_column][vc_column width=&#8220;1\/6&#8243;][vc_single_image image=&#8220;9452&#8243; img_size=&#8220;full&#8220; onclick=&#8220;custom_link&#8220; link=&#8220;https:\/\/consorcioserrano.es\/de\/wer-wir-sind\/unsere-partner\/nico-jamones-s-l\/&#8220;][\/vc_column][vc_column width=&#8220;1\/6&#8243;][vc_single_image image=&#8220;9502&#8243; img_size=&#8220;full&#8220; onclick=&#8220;custom_link&#8220; link=&#8220;https:\/\/consorcioserrano.es\/de\/wer-wir-sind\/unsere-partner\/jamones-arroyo-s-l\/&#8220;][\/vc_column][vc_column width=&#8220;1\/6&#8243;][vc_single_image image=&#8220;9438&#8243; img_size=&#8220;full&#8220; onclick=&#8220;custom_link&#8220; link=&#8220;https:\/\/consorcioserrano.es\/de\/wer-wir-sind\/unsere-partner\/noel-alimentaria-s-a-u\/&#8220;][\/vc_column][vc_column width=&#8220;1\/6&#8243;][\/vc_column][\/vc_row][vc_row][vc_column width=&#8220;1\/6&#8243;][vc_single_image image=&#8220;16134&#8243; img_size=&#8220;full&#8220; onclick=&#8220;custom_link&#8220; link=&#8220;https:\/\/consorcioserrano.es\/de\/wer-wir-sind\/unsere-partner\/jamones-duriber-s-l-u\/&#8220;][\/vc_column][vc_column width=&#8220;1\/6&#8243;][vc_single_image image=&#8220;9707&#8243; img_size=&#8220;full&#8220; onclick=&#8220;custom_link&#8220; link=&#8220;https:\/\/consorcioserrano.es\/de\/wer-wir-sind\/unsere-partner\/pere-porxas-pairo-s-l\/&#8220;][\/vc_column][vc_column width=&#8220;1\/6&#8243;][vc_single_image image=&#8220;13226&#8243; img_size=&#8220;full&#8220; onclick=&#8220;custom_link&#8220; link=&#8220;https:\/\/consorcioserrano.es\/de\/wer-wir-sind\/unsere-partner\/boadas-1880-s-a\/&#8220;][\/vc_column][vc_column width=&#8220;1\/6&#8243;][vc_single_image image=&#8220;30197&#8243; img_size=&#8220;full&#8220; onclick=&#8220;custom_link&#8220; css=&#8220;&#8220; link=&#8220;https:\/\/consorcioserrano.es\/de\/wer-wir-sind\/unsere-partner\/rafael-baro-s-a\/&#8220;][\/vc_column][vc_column width=&#8220;1\/6&#8243;][vc_single_image image=&#8220;20797&#8243; img_size=&#8220;full&#8220; onclick=&#8220;custom_link&#8220; link=&#8220;https:\/\/consorcioserrano.es\/de\/wer-wir-sind\/unsere-partner\/elpozo-alimentacion-s-a\/&#8220;][\/vc_column][\/vc_row][vc_row][vc_column width=&#8220;1\/6&#8243;][vc_single_image image=&#8220;9472&#8243; img_size=&#8220;full&#8220; onclick=&#8220;custom_link&#8220; link=&#8220;https:\/\/consorcioserrano.es\/de\/wer-wir-sind\/unsere-partner\/campofrio-food-group-s-a\/&#8220;][\/vc_column][vc_column width=&#8220;1\/6&#8243;][vc_single_image image=&#8220;12950&#8243; img_size=&#8220;full&#8220; onclick=&#8220;custom_link&#8220; link=&#8220;https:\/\/consorcioserrano.es\/de\/wer-wir-sind\/unsere-partner\/industrias-carnicas-loriente-piqueras-s-a\/&#8220;][\/vc_column][vc_column width=&#8220;1\/6&#8243;][vc_single_image image=&#8220;9476&#8243; img_size=&#8220;full&#8220; onclick=&#8220;custom_link&#8220; link=&#8220;https:\/\/consorcioserrano.es\/de\/wer-wir-sind\/unsere-partner\/far-jamon-serrano-s-a\/&#8220;][\/vc_column][vc_column width=&#8220;1\/6&#8243;][vc_single_image image=&#8220;9480&#8243; img_size=&#8220;full&#8220; onclick=&#8220;custom_link&#8220; link=&#8220;https:\/\/consorcioserrano.es\/de\/wer-wir-sind\/unsere-partner\/bell-espana-alimentacion\/&#8220;][\/vc_column][vc_column width=&#8220;1\/6&#8243;][\/vc_column][\/vc_row][vc_row][vc_column width=&#8220;1\/6&#8243;][vc_single_image image=&#8220;9701&#8243; img_size=&#8220;full&#8220; onclick=&#8220;custom_link&#8220; link=&#8220;https:\/\/consorcioserrano.es\/de\/wer-wir-sind\/unsere-partner\/carnicas-serrano-s-l\/&#8220;][\/vc_column][vc_column width=&#8220;1\/6&#8243;][vc_single_image image=&#8220;10369&#8243; img_size=&#8220;full&#8220; onclick=&#8220;custom_link&#8220; link=&#8220;https:\/\/consorcioserrano.es\/de\/wer-wir-sind\/unsere-partner\/grupo-empresarial-costa-s-l\/&#8220;][\/vc_column][vc_column width=&#8220;1\/6&#8243;][vc_single_image image=&#8220;9700&#8243; img_size=&#8220;full&#8220; onclick=&#8220;custom_link&#8220; link=&#8220;https:\/\/consorcioserrano.es\/de\/wer-wir-sind\/unsere-partner\/hijo-de-jose-martinez-somalo-s-l\/&#8220;][\/vc_column][vc_column width=&#8220;1\/6&#8243;][vc_single_image image=&#8220;9697&#8243; img_size=&#8220;full&#8220; onclick=&#8220;custom_link&#8220; link=&#8220;https:\/\/consorcioserrano.es\/de\/wer-wir-sind\/unsere-partner\/industrias-carnicas-tello-s-a\/&#8220;][\/vc_column][vc_column width=&#8220;1\/6&#8243;][\/vc_column][\/vc_row][vc_row][vc_column width=&#8220;1\/6&#8243;][\/vc_column][vc_column width=&#8220;1\/6&#8243; el_class=&#8220;disabled&#8220;][vc_single_image image=&#8220;9447&#8243; img_size=&#8220;full&#8220; onclick=&#8220;custom_link&#8220; link=&#8220;https:\/\/consorcioserrano.es\/de\/wer-wir-sind\/unsere-partner\/embutidos-rodriguez\/&#8220;][\/vc_column][vc_column width=&#8220;1\/6&#8243; el_class=&#8220;disabled&#8220;][vc_single_image image=&#8220;9706&#8243; img_size=&#8220;full&#8220; onclick=&#8220;custom_link&#8220; link=&#8220;https:\/\/consorcioserrano.es\/de\/wer-wir-sind\/unsere-partner\/torre-de-nunez-de-conturiz-s-l-u\/&#8220;][\/vc_column][vc_column width=&#8220;1\/6&#8243;][\/vc_column][vc_column width=&#8220;1\/6&#8243;][\/vc_column][\/vc_row][vc_row disable_element=&#8220;yes&#8220;][vc_column width=&#8220;1\/6&#8243;][vc_single_image image=&#8220;9464&#8243; img_size=&#8220;full&#8220; onclick=&#8220;custom_link&#8220; link=&#8220;https:\/\/consorcioserrano.es\/de\/wer-wir-sind\/unsere-partner\/embutidos-caseros-collell-s-l-u\/&#8220;][\/vc_column][vc_column width=&#8220;1\/6&#8243;][vc_single_image image=&#8220;8644&#8243; img_size=&#8220;full&#8220; onclick=&#8220;custom_link&#8220; link=&#8220;https:\/\/consorcioserrano.es\/de\/wer-wir-sind\/unsere-partner\/casademont-s-a\/&#8220;][\/vc_column][vc_column width=&#8220;1\/6&#8243;][vc_single_image image=&#8220;9347&#8243; img_size=&#8220;full&#8220; onclick=&#8220;custom_link&#8220; link=&#8220;https:\/\/consorcioserrano.es\/de\/wer-wir-sind\/unsere-partner\/industrias-carnicas-villar-s-a\/&#8220;][\/vc_column][vc_column width=&#8220;1\/6&#8243;][vc_single_image image=&#8220;9456&#8243; img_size=&#8220;full&#8220; onclick=&#8220;custom_link&#8220; link=&#8220;https:\/\/consorcioserrano.es\/de\/wer-wir-sind\/unsere-partner\/jamones-centelles-s-l\/&#8220;][\/vc_column][vc_column width=&#8220;1\/6&#8243;][vc_single_image image=&#8220;9699&#8243; img_size=&#8220;full&#8220; onclick=&#8220;custom_link&#8220; link=&#8220;https:\/\/consorcioserrano.es\/de\/wer-wir-sind\/unsere-partner\/coren-s-c-g\/&#8220;][\/vc_column][\/vc_row][vc_row][vc_column]\n<div id=\"ersspace-2\"><\/div><style type=\"text\/css\">#ersspace-2 { height: 80px; }<\/style>[\/vc_column][\/vc_row]<\/p>\n<\/div>","protected":false},"excerpt":{"rendered":"<p>[vc_row][vc_column el_class=&#8220;panel-special-content&#8220;][vc_column_text el_class=&#8220;vc_quote_consorcio&#8220;] Unsere Partner [\/vc_column_text][\/vc_column][\/vc_row][vc_row][vc_column width=&#8220;2\/3&#8243;][vc_column_text]Der CJSE vereint gegenw\u00e4rtig die 18 wichtigsten Unternehmen des spanischen Schinkensektors. Alle diese Unternehmen werden im Ausland durch das G\u00fctesiegel<span class=\"excerpt-hellip\"> [\u2026]<\/span><\/p>\n","protected":false},"author":1,"featured_media":-1,"parent":4700,"menu_order":0,"comment_status":"closed","ping_status":"closed","template":"","meta":{"_acf_changed":false,"footnotes":""},"class_list":["post-4702","page","type-page","status-publish","has-post-thumbnail","hentry","sections_group lang-de"],"yoast_head":"<!-- This site is optimized with the Yoast SEO plugin v27.2 - https:\/\/yoast.com\/product\/yoast-seo-wordpress\/ -->\n<title>Unsere Mitglieder - Das Consorcio Serrano-Schinken<\/title>\n<meta name=\"description\" content=\"Serrano-Schinken marken mit der Garantie des ConsorcioSerrano. Der beste spanische Schinken, traditionell gep\u00f6kelt und Handauswahl.\" \/>\n<meta name=\"robots\" content=\"index, follow, max-snippet:-1, max-image-preview:large, max-video-preview:-1\" \/>\n<link rel=\"canonical\" href=\"https:\/\/consorcioserrano.es\/de\/wer-wir-sind\/unsere-partner\/\" \/>\n<meta property=\"og:locale\" content=\"de_DE\" \/>\n<meta property=\"og:type\" content=\"article\" \/>\n<meta property=\"og:title\" content=\"Unsere Mitglieder - Das Consorcio Serrano-Schinken\" \/>\n<meta property=\"og:description\" content=\"Serrano-Schinken marken mit der Garantie des ConsorcioSerrano. Der beste spanische Schinken, traditionell gep\u00f6kelt und Handauswahl.\" \/>\n<meta property=\"og:url\" content=\"https:\/\/consorcioserrano.es\/de\/wer-wir-sind\/unsere-partner\/\" \/>\n<meta property=\"og:site_name\" content=\"Consorcio del Jam\u00f3n Serrano Espa\u00f1ol\" \/>\n<meta property=\"article:modified_time\" content=\"2025-11-27T16:26:16+00:00\" \/>\n<meta property=\"og:image\" content=\"http:\/\/consorcioserrano.es\/wp-content\/uploads\/2017\/12\/asociados-consorcio-jamon-serrano-logos.jpg\" \/>\n<meta name=\"twitter:card\" content=\"summary_large_image\" \/>\n<meta name=\"twitter:label1\" content=\"Gesch\u00e4tzte Lesezeit\" \/>\n\t<meta name=\"twitter:data1\" content=\"2\u00a0Minuten\" \/>\n<script type=\"application\/ld+json\" class=\"yoast-schema-graph\">{\"@context\":\"https:\/\/schema.org\",\"@graph\":[{\"@type\":\"WebPage\",\"@id\":\"https:\/\/consorcioserrano.es\/de\/wer-wir-sind\/unsere-partner\/\",\"url\":\"https:\/\/consorcioserrano.es\/de\/wer-wir-sind\/unsere-partner\/\",\"name\":\"Unsere Mitglieder - Das Consorcio Serrano-Schinken\",\"isPartOf\":{\"@id\":\"https:\/\/consorcioserrano.es\/#website\"},\"primaryImageOfPage\":{\"@id\":\"https:\/\/consorcioserrano.es\/de\/wer-wir-sind\/unsere-partner\/#primaryimage\"},\"image\":{\"@id\":\"https:\/\/consorcioserrano.es\/de\/wer-wir-sind\/unsere-partner\/#primaryimage\"},\"thumbnailUrl\":\"http:\/\/consorcioserrano.es\/wp-content\/uploads\/2017\/11\/comillas-aleman-1.png\",\"datePublished\":\"2017-11-20T11:08:35+00:00\",\"dateModified\":\"2025-11-27T16:26:16+00:00\",\"description\":\"Serrano-Schinken marken mit der Garantie des ConsorcioSerrano. Der beste spanische Schinken, traditionell gep\u00f6kelt und Handauswahl.\",\"breadcrumb\":{\"@id\":\"https:\/\/consorcioserrano.es\/de\/wer-wir-sind\/unsere-partner\/#breadcrumb\"},\"inLanguage\":\"de\",\"potentialAction\":[{\"@type\":\"ReadAction\",\"target\":[\"https:\/\/consorcioserrano.es\/de\/wer-wir-sind\/unsere-partner\/\"]}]},{\"@type\":\"ImageObject\",\"inLanguage\":\"de\",\"@id\":\"https:\/\/consorcioserrano.es\/de\/wer-wir-sind\/unsere-partner\/#primaryimage\",\"url\":\"http:\/\/consorcioserrano.es\/wp-content\/uploads\/2017\/11\/comillas-aleman-1.png\",\"contentUrl\":\"http:\/\/consorcioserrano.es\/wp-content\/uploads\/2017\/11\/comillas-aleman-1.png\"},{\"@type\":\"BreadcrumbList\",\"@id\":\"https:\/\/consorcioserrano.es\/de\/wer-wir-sind\/unsere-partner\/#breadcrumb\",\"itemListElement\":[{\"@type\":\"ListItem\",\"position\":1,\"name\":\"Portada\",\"item\":\"https:\/\/consorcioserrano.es\/de\/\"},{\"@type\":\"ListItem\",\"position\":2,\"name\":\"Wer wir sind\",\"item\":\"https:\/\/consorcioserrano.es\/de\/wer-wir-sind\/\"},{\"@type\":\"ListItem\",\"position\":3,\"name\":\"Unsere Partner\"}]},{\"@type\":\"WebSite\",\"@id\":\"https:\/\/consorcioserrano.es\/#website\",\"url\":\"https:\/\/consorcioserrano.es\/\",\"name\":\"Consorcio del Jam\u00f3n Serrano Espa\u00f1ol\",\"description\":\"Das Consorcio Serrano-Schinken garantiert die Qualit\u00e4t seines schinken serrano - 100 % spanische Schinken, handauswahl, St\u00fcck f\u00fcr St\u00fcck.\",\"potentialAction\":[{\"@type\":\"SearchAction\",\"target\":{\"@type\":\"EntryPoint\",\"urlTemplate\":\"https:\/\/consorcioserrano.es\/?s={search_term_string}\"},\"query-input\":{\"@type\":\"PropertyValueSpecification\",\"valueRequired\":true,\"valueName\":\"search_term_string\"}}],\"inLanguage\":\"de\"}]}<\/script>\n<!-- \/ Yoast SEO plugin. -->","yoast_head_json":{"title":"Unsere Mitglieder - Das Consorcio Serrano-Schinken","description":"Serrano-Schinken marken mit der Garantie des ConsorcioSerrano. Der beste spanische Schinken, traditionell gep\u00f6kelt und Handauswahl.","robots":{"index":"index","follow":"follow","max-snippet":"max-snippet:-1","max-image-preview":"max-image-preview:large","max-video-preview":"max-video-preview:-1"},"canonical":"https:\/\/consorcioserrano.es\/de\/wer-wir-sind\/unsere-partner\/","og_locale":"de_DE","og_type":"article","og_title":"Unsere Mitglieder - Das Consorcio Serrano-Schinken","og_description":"Serrano-Schinken marken mit der Garantie des ConsorcioSerrano. Der beste spanische Schinken, traditionell gep\u00f6kelt und Handauswahl.","og_url":"https:\/\/consorcioserrano.es\/de\/wer-wir-sind\/unsere-partner\/","og_site_name":"Consorcio del Jam\u00f3n Serrano Espa\u00f1ol","article_modified_time":"2025-11-27T16:26:16+00:00","og_image":[{"url":"http:\/\/consorcioserrano.es\/wp-content\/uploads\/2017\/12\/asociados-consorcio-jamon-serrano-logos.jpg","type":"","width":"","height":""}],"twitter_card":"summary_large_image","twitter_misc":{"Gesch\u00e4tzte Lesezeit":"2\u00a0Minuten"},"schema":{"@context":"https:\/\/schema.org","@graph":[{"@type":"WebPage","@id":"https:\/\/consorcioserrano.es\/de\/wer-wir-sind\/unsere-partner\/","url":"https:\/\/consorcioserrano.es\/de\/wer-wir-sind\/unsere-partner\/","name":"Unsere Mitglieder - Das Consorcio Serrano-Schinken","isPartOf":{"@id":"https:\/\/consorcioserrano.es\/#website"},"primaryImageOfPage":{"@id":"https:\/\/consorcioserrano.es\/de\/wer-wir-sind\/unsere-partner\/#primaryimage"},"image":{"@id":"https:\/\/consorcioserrano.es\/de\/wer-wir-sind\/unsere-partner\/#primaryimage"},"thumbnailUrl":"http:\/\/consorcioserrano.es\/wp-content\/uploads\/2017\/11\/comillas-aleman-1.png","datePublished":"2017-11-20T11:08:35+00:00","dateModified":"2025-11-27T16:26:16+00:00","description":"Serrano-Schinken marken mit der Garantie des ConsorcioSerrano. Der beste spanische Schinken, traditionell gep\u00f6kelt und Handauswahl.","breadcrumb":{"@id":"https:\/\/consorcioserrano.es\/de\/wer-wir-sind\/unsere-partner\/#breadcrumb"},"inLanguage":"de","potentialAction":[{"@type":"ReadAction","target":["https:\/\/consorcioserrano.es\/de\/wer-wir-sind\/unsere-partner\/"]}]},{"@type":"ImageObject","inLanguage":"de","@id":"https:\/\/consorcioserrano.es\/de\/wer-wir-sind\/unsere-partner\/#primaryimage","url":"http:\/\/consorcioserrano.es\/wp-content\/uploads\/2017\/11\/comillas-aleman-1.png","contentUrl":"http:\/\/consorcioserrano.es\/wp-content\/uploads\/2017\/11\/comillas-aleman-1.png"},{"@type":"BreadcrumbList","@id":"https:\/\/consorcioserrano.es\/de\/wer-wir-sind\/unsere-partner\/#breadcrumb","itemListElement":[{"@type":"ListItem","position":1,"name":"Portada","item":"https:\/\/consorcioserrano.es\/de\/"},{"@type":"ListItem","position":2,"name":"Wer wir sind","item":"https:\/\/consorcioserrano.es\/de\/wer-wir-sind\/"},{"@type":"ListItem","position":3,"name":"Unsere Partner"}]},{"@type":"WebSite","@id":"https:\/\/consorcioserrano.es\/#website","url":"https:\/\/consorcioserrano.es\/","name":"Consorcio del Jam\u00f3n Serrano Espa\u00f1ol","description":"Das Consorcio Serrano-Schinken garantiert die Qualit\u00e4t seines schinken serrano - 100 % spanische Schinken, handauswahl, St\u00fcck f\u00fcr St\u00fcck.","potentialAction":[{"@type":"SearchAction","target":{"@type":"EntryPoint","urlTemplate":"https:\/\/consorcioserrano.es\/?s={search_term_string}"},"query-input":{"@type":"PropertyValueSpecification","valueRequired":true,"valueName":"search_term_string"}}],"inLanguage":"de"}]}},"acf":[],"_links":{"self":[{"href":"https:\/\/consorcioserrano.es\/de\/wp-json\/wp\/v2\/pages\/4702","targetHints":{"allow":["GET"]}}],"collection":[{"href":"https:\/\/consorcioserrano.es\/de\/wp-json\/wp\/v2\/pages"}],"about":[{"href":"https:\/\/consorcioserrano.es\/de\/wp-json\/wp\/v2\/types\/page"}],"author":[{"embeddable":true,"href":"https:\/\/consorcioserrano.es\/de\/wp-json\/wp\/v2\/users\/1"}],"replies":[{"embeddable":true,"href":"https:\/\/consorcioserrano.es\/de\/wp-json\/wp\/v2\/comments?post=4702"}],"version-history":[{"count":4,"href":"https:\/\/consorcioserrano.es\/de\/wp-json\/wp\/v2\/pages\/4702\/revisions"}],"predecessor-version":[{"id":30206,"href":"https:\/\/consorcioserrano.es\/de\/wp-json\/wp\/v2\/pages\/4702\/revisions\/30206"}],"up":[{"embeddable":true,"href":"https:\/\/consorcioserrano.es\/de\/wp-json\/wp\/v2\/pages\/4700"}],"wp:featuredmedia":[{"embeddable":true,"href":"https:\/\/consorcioserrano.es\/de\/wp-json\/"}],"wp:attachment":[{"href":"https:\/\/consorcioserrano.es\/de\/wp-json\/wp\/v2\/media?parent=4702"}],"curies":[{"name":"wp","href":"https:\/\/api.w.org\/{rel}","templated":true}]}}