{"id":4708,"date":"2017-11-20T12:24:31","date_gmt":"2017-11-20T11:24:31","guid":{"rendered":"http:\/\/consorcioserrano.es\/?page_id=4708"},"modified":"2024-02-20T13:34:32","modified_gmt":"2024-02-20T12:34:32","slug":"startseite","status":"publish","type":"page","link":"https:\/\/consorcioserrano.es\/de\/","title":{"rendered":"Startseite"},"content":{"rendered":"<div class=\"wpb-content-wrapper\"><p>[vc_row full_width=&#8220;stretch_row_content_no_spaces&#8220;][vc_column width=&#8220;1\/3&#8243;]\n    <a href=\"https:\/\/consorcioserrano.es\/de\/der-consorcioserrano-schinken\/herstellung\/\"   class=\"vc_link_consorcio\" title=\"HERSTELLUNG  DES CONSORCIO SERRANO SCHINKEN \">\n    <div class=\"roll_wrap\" id=\"\">\n\t\t\n        <div class=\"roll_wrap_img \" ><img decoding=\"async\" src=\"https:\/\/consorcioserrano.es\/wp-content\/uploads\/2017\/10\/home-01-1-1.jpg\" class=\"img-responsive \" > <\/div>\n\t\t\n\n\t\t\n\t\t\n\t        <div class=\"roll_wrap_link  vc_custom_1548944724271 box-s-consorcio-serrano\" style=\"color:#ffffff; font-size:36px;\"><h1><strong><span style=\"color: #e82f37;\">HERSTELLUNG <\/span><\/strong><\/h1>\n<h2>DES CONSORCIO SERRANO<\/h2>\n<h2>SCHINKEN<\/h2>\n<\/div>\n\t\t\n    <\/div>\n    <\/a>[\/vc_column][vc_column width=&#8220;1\/3&#8243;]\n    <a href=\"https:\/\/consorcioserrano.es\/de\/der-consorcioserrano-schinken\/geschmack-aroma-und-aufbewahrung\/\"   class=\"vc_link_consorcio\" title=\"Der Geschmack des Consorcio Serrano Schinken \">\n    <div class=\"roll_wrap\" id=\"\">\n\t\t\n        <div class=\"roll_wrap_img \" ><img decoding=\"async\" src=\"https:\/\/consorcioserrano.es\/wp-content\/uploads\/2017\/10\/home-03-1-1.jpg\" class=\"img-responsive \" > <\/div>\n\t\t\n\n\t\t\n\t\t\n\t        <div class=\"roll_wrap_link  vc_custom_1520251325208 box-s-consorcio-serrano\" style=\"color:#ffffff; font-size:36px;\"><h1><strong><span style=\"color: #e82f37;\">Der Geschmack<\/span><\/strong><\/h1>\n<h2>des Consorcio<\/h2>\n<h2>Serrano Schinken<\/h2>\n<\/div>\n\t\t\n    <\/div>\n    <\/a>[\/vc_column][vc_column width=&#8220;1\/3&#8243;]\n    <a href=\"https:\/\/consorcioserrano.es\/de\/der-consorcioserrano-schinken\/herstellung\/\"   class=\"vc_link_consorcio\" title=\"St\u00fcck f\u00fcr St\u00fcck Auswahl \">\n    <div class=\"roll_wrap\" id=\"\">\n\t\t\n        <div class=\"roll_wrap_img \" ><img decoding=\"async\" src=\"https:\/\/consorcioserrano.es\/wp-content\/uploads\/2017\/10\/home-02-1-1.jpg\" class=\"img-responsive \" > <\/div>\n\t\t\n\n\t\t\n\t\t\n\t        <div class=\"roll_wrap_link  vc_custom_1520423607060 box-s-consorcio-serrano\" style=\"color:#ffffff; font-size:36px;\"><h1><span style=\"color: #e82f37;\"><strong>St\u00fcck<\/strong><\/span><\/h1>\n<h2>f\u00fcr St\u00fcck Auswahl<\/h2>\n<\/div>\n\t\t\n    <\/div>\n    <\/a>[\/vc_column][\/vc_row][vc_row full_width=&#8220;stretch_row_content_no_spaces&#8220; equal_height=&#8220;yes&#8220;][vc_column width=&#8220;1\/3&#8243;]\n<div id=\"ersspace-1\"><\/div><style type=\"text\/css\">#ersspace-1 { height: 30px; }<\/style>[vc_column_text]<\/p>\n<div class=\"vc_post 1Latest_news home-post-main\">\n<h3><img loading=\"lazy\" decoding=\"async\" class=\"alignnone size-full wp-image-1097\" src=\"http:\/\/consorcioserrano.es\/wp-content\/uploads\/2017\/10\/comillas-abrir-1.png\" alt=\"\" width=\"59\" height=\"59\" \/>Der ConsorcioSerrano-Schinken<\/h3>\n<ul class=\"ul-first\">\n<li class=\"post-985 post type-post status-publish format-standard hentry category-destacada\">\n<div class=\"desc\">\n<div class=\"desc_footer\"><span class=\"date\"><i class=\"icon-clock\"><\/i> 23 octubre, 2017<\/span><\/div>\n<div class=\"post-excerpt\">Der ConsorcioSerrano-Schinken ist ein freiwilliger Zusammenschluss von Firmen, der seit 1990 die wichtigsten Unternehmen des spanischen Fleischsektors vereint. Hierbei handelt es sich um f\u00fchrende Unternehmen in der Herstellung und dem Export von Serrano-Schinken, die sich zusammengeschlossen haben, um einen exklusiven und erstklassigen Serrano-Schinken f\u00fcr den Absatz auf allen M\u00e4rkten der Welt herzustellen. Nach mehr als 20 Jahren ist der Consorcio Bezugspunkt und Ansprechpartner f\u00fcr den Import von spanischem Serrano-Schinken von den wichtigsten M\u00e4rkten Europas, Amerikas und Asiens.<\/div>\n<p><a title=\"Lesen sie mehr \" href=\"https:\/\/consorcioserrano.es\/de\/ueber-das-consorcio\/\">merh&#8230;<\/a><\/p>\n<\/div>\n<\/li>\n<\/ul>\n<\/div>\n<p>[\/vc_column_text]\n<div id=\"ersspace-2\"><\/div><style type=\"text\/css\">#ersspace-2 { height: 30px; }<\/style>[\/vc_column][vc_column width=&#8220;1\/3&#8243;]\n    <a href=\"https:\/\/consorcioserrano.es\/de\/der-consorcioserrano-schinken\/qualitaetsgarantie\/\"   class=\"vc_link_consorcio\" title=\"DAS G\u00dcTESIEGEL \">\n    <div class=\"roll_wrap\" id=\"\">\n\t\t\n        <div class=\"roll_wrap_img \" ><img decoding=\"async\" src=\"https:\/\/consorcioserrano.es\/wp-content\/uploads\/2017\/10\/home-04-1-1.jpg\" class=\"img-responsive \" > <\/div>\n\t\t\n\n\t\t\n\t\t\n\t        <div class=\"roll_wrap_link  vc_custom_1520253767041 box-s-consorcio-serrano\" style=\"color:#ffffff; font-size:36px;\"><h1><span style=\"color: #e82f37;\"><strong>DAS<\/strong><\/span><\/h1>\n<h2>G\u00dcTESIEGEL<\/h2>\n<\/div>\n\t\t\n    <\/div>\n    <\/a>[\/vc_column][vc_column width=&#8220;1\/3&#8243;]\n<div id=\"ersspace-3\"><\/div><style type=\"text\/css\">#ersspace-3 { height: 30px; }<\/style><div class=\"vc_post 1Latest_news  home-post-main\"><\/p>\n<h3><i class=\"fa fa-chevron-right\"><\/i> Aktuelle Nachrichten<\/h3>\n<p><ul class=\"ul-first\"><li class=\"post-25318 post type-post status-publish format-standard has-post-thumbnail hentry category-ueber-das-konsortium sections_group lang-de\"><h5 class=\"color-red\"><a href=\"https:\/\/consorcioserrano.es\/de\/el-jamon-serrano-espanol-en-alemania-un-producto-con-futuro\/\">El jam\u00f3n serrano espa\u00f1ol en Alemania: un producto con futuro<\/a><\/h5><div class=\"photo\"><a href=\"https:\/\/consorcioserrano.es\/de\/el-jamon-serrano-espanol-en-alemania-un-producto-con-futuro\/\"><img loading=\"lazy\" decoding=\"async\" width=\"960\" height=\"750\" src=\"https:\/\/consorcioserrano.es\/wp-content\/uploads\/2024\/04\/180803Consorcio-Jamon239-960x750.jpg\" class=\"scale-with-grid wp-post-image\" alt=\"Sello calidad ConsorcioSerrano\" srcset=\"https:\/\/consorcioserrano.es\/wp-content\/uploads\/2024\/04\/180803Consorcio-Jamon239-960x750.jpg 960w, https:\/\/consorcioserrano.es\/wp-content\/uploads\/2024\/04\/180803Consorcio-Jamon239-1280x1000.jpg 1280w\" sizes=\"auto, (max-width:767px) 480px, (max-width:960px) 100vw, 960px\" \/><\/a><\/div><div class=\"desc\"><div class=\"desc_footer\"><span class=\"date\"><i class=\"icon-clock\"><\/i> 21. November 2024<\/span><\/div><div class=\"post-excerpt\">El jam\u00f3n serrano espa\u00f1ol es un producto emblem\u00e1tico que ha traspasado fronteras, gan\u00e1ndose un lugar destacado en la gastronom\u00eda internacional. En el mercado alem\u00e1n, este producto<span class=\"excerpt-hellip\"> [\u2026]<\/span><\/div><a href=\"https:\/\/consorcioserrano.es\/de\/el-jamon-serrano-espanol-en-alemania-un-producto-con-futuro\/\" title=\"mehr...\">mehr...<\/a><\/div><\/li><\/ul><\/div>\n\n<div id=\"ersspace-4\"><\/div><style type=\"text\/css\">#ersspace-4 { height: 30px; }<\/style>[\/vc_column][\/vc_row][vc_row full_width=&#8220;stretch_row_content_no_spaces&#8220;][vc_column][vc_separator color=&#8220;custom&#8220; accent_color=&#8220;#e82f37&#8243;]\n<div id=\"ersspace-5\"><\/div><style type=\"text\/css\">#ersspace-5 { height: 0px; }<\/style>[\/vc_column][\/vc_row][vc_row el_class=&#8220;subfooter&#8220;][vc_column width=&#8220;1\/3&#8243;][vc_column_text]<\/p>\n<h5><a href=\"https:\/\/consorcioserrano.es\/de\/der-consorcioserrano-schinken\/\" rel=\"noopener\">Der ConsorcioSerrano-Schinken <\/a><\/h5>\n<p>[\/vc_column_text][vc_video link=&#8220;https:\/\/youtu.be\/l_9ttCs0UbM&#8220; align=&#8220;center&#8220;][\/vc_column][vc_column width=&#8220;1\/3&#8243;][vc_column_text]<\/p>\n<h5><a href=\"https:\/\/consorcioserrano.es\/de\/rezepte-tapas-und-sandwiches\/\">Rezepte, Tapas und Hapchen mit Serrano Schinken<\/a><\/h5>\n<p>[\/vc_column_text][vc_column_text]<form style=\"display:none;\" autocomplete=\"off\" name=\"wpv-filter-2547\" action=\"\/de\/wp-json\/wp\/v2\/pages\/4708?wpv_view_count=2547\" method=\"get\" class=\"wpv-filter-form js-wpv-filter-form js-wpv-filter-form-2547 js-wpv-form-full\" data-viewnumber=\"2547\" data-viewid=\"2547\" data-viewhash=\"eyJuYW1lIjoiaG9tZS1yZWNldGFzLXN1YmZvb3RlciIsInZpZXdfZGlzcGxheSI6ImxheW91dCJ9\" data-viewwidgetid=\"0\" data-orderby=\"\" data-order=\"\" data-orderbyas=\"\" data-orderbysecond=\"\" data-ordersecond=\"\" data-parametric=\"{&quot;query&quot;:&quot;normal&quot;,&quot;id&quot;:2547,&quot;view_id&quot;:2547,&quot;widget_id&quot;:0,&quot;view_hash&quot;:&quot;2547&quot;,&quot;action&quot;:&quot;\\\/de\\\/wp-json\\\/wp\\\/v2\\\/pages\\\/4708?wpv_view_count=2547&quot;,&quot;sort&quot;:{&quot;orderby&quot;:&quot;&quot;,&quot;order&quot;:&quot;&quot;,&quot;orderby_as&quot;:&quot;&quot;,&quot;orderby_second&quot;:&quot;&quot;,&quot;order_second&quot;:&quot;&quot;},&quot;orderby&quot;:&quot;&quot;,&quot;order&quot;:&quot;&quot;,&quot;orderby_as&quot;:&quot;&quot;,&quot;orderby_second&quot;:&quot;&quot;,&quot;order_second&quot;:&quot;&quot;,&quot;ajax_form&quot;:&quot;&quot;,&quot;ajax_results&quot;:&quot;&quot;,&quot;effect&quot;:&quot;fade&quot;,&quot;prebefore&quot;:&quot;&quot;,&quot;before&quot;:&quot;&quot;,&quot;after&quot;:&quot;&quot;,&quot;attributes&quot;:{&quot;view_display&quot;:&quot;layout&quot;},&quot;environment&quot;:{&quot;current_post_id&quot;:25318,&quot;parent_post_id&quot;:25318,&quot;parent_term_id&quot;:0,&quot;parent_user_id&quot;:0,&quot;archive&quot;:{&quot;type&quot;:&quot;&quot;,&quot;name&quot;:&quot;&quot;,&quot;data&quot;:[]}},&quot;loop&quot;:{&quot;type&quot;:&quot;&quot;,&quot;name&quot;:&quot;&quot;,&quot;data&quot;:[],&quot;id&quot;:0}}\" data-attributes=\"{&quot;view_display&quot;:&quot;layout&quot;}\" data-environment=\"{&quot;current_post_id&quot;:25318,&quot;parent_post_id&quot;:25318,&quot;parent_term_id&quot;:0,&quot;parent_user_id&quot;:0,&quot;archive&quot;:{&quot;type&quot;:&quot;&quot;,&quot;name&quot;:&quot;&quot;,&quot;data&quot;:[]}}\"><input type=\"hidden\" class=\"js-wpv-dps-filter-data js-wpv-filter-data-for-this-form\" data-action=\"\/de\/wp-json\/wp\/v2\/pages\/4708?wpv_view_count=2547\" data-page=\"1\" data-ajax=\"disable\" data-effect=\"fade\" data-maxpages=\"50\" data-ajaxprebefore=\"\" data-ajaxbefore=\"\" data-ajaxafter=\"\" \/><input class=\"wpv_view_count wpv_view_count-2547\" type=\"hidden\" name=\"wpv_view_count\" value=\"2547\" \/>\n\n\n\n\n<div class=\"vc_row wpb_row vc_row-fluid vc_row-no-padding recetas-buscar\">\n  <div class=\"wpb_column vc_column_container\">\n    <div class=\"vc_column-inner\">\n      <div class=\"wpb_wrapper\">\n      \n        <div class=\"vc_col-xs-12 vc_col-sm-12 vc_col-md-12 vc_col-lg-12 vc_receta_search\">\n          <p><span>Suche nach einem Rezept<\/span>\n            <input type=\"text\" name=\"wpv_post_search\"  class=\"js-wpv-filter-trigger-delayed form-control\" \/>\n      \t\t<button type=\"submit\" class=\"wpv-submit-trigger js-wpv-submit-trigger\">Suche<\/button>\n            \n          <\/p>\n        <\/div>\n        \n      <\/div>\n    <\/div>\n  <\/div>\n  \n<\/div>\n\n\n\n\n\n<\/form>\n<div id=\"wpv-view-layout-2547\" class=\"js-wpv-view-layout js-wpv-layout-responsive js-wpv-view-layout-2547\" data-viewnumber=\"2547\" data-pagination=\"{&quot;id&quot;:2547,&quot;query&quot;:&quot;normal&quot;,&quot;type&quot;:&quot;paged&quot;,&quot;effect&quot;:&quot;fade&quot;,&quot;duration&quot;:500,&quot;speed&quot;:5,&quot;pause_on_hover&quot;:&quot;disabled&quot;,&quot;stop_rollover&quot;:&quot;false&quot;,&quot;cache_pages&quot;:&quot;enabled&quot;,&quot;preload_images&quot;:&quot;enabled&quot;,&quot;preload_pages&quot;:&quot;enabled&quot;,&quot;preload_reach&quot;:1,&quot;spinner&quot;:&quot;builtin&quot;,&quot;spinner_image&quot;:&quot;https:\/\/consorcioserrano.es\/wp-content\/plugins\/types-views\/embedded\/res\/img\/ajax-loader.gif&quot;,&quot;callback_next&quot;:&quot;&quot;,&quot;manage_history&quot;:&quot;enabled&quot;,&quot;has_controls_in_form&quot;:&quot;disabled&quot;,&quot;infinite_tolerance&quot;:0,&quot;max_pages&quot;:50,&quot;page&quot;:1,&quot;base_permalink&quot;:&quot;\/de\/wp-json\/wp\/v2\/pages\/4708?wpv_view_count=2547&amp;wpv_paged=WPV_PAGE_NUM&quot;,&quot;loop&quot;:{&quot;type&quot;:&quot;&quot;,&quot;name&quot;:&quot;&quot;,&quot;data&quot;:[],&quot;id&quot;:0}}\" data-permalink=\"\/de\/wp-json\/wp\/v2\/pages\/4708?wpv_view_count=2547\">\n\n\t\n\t\n\t\n\t\t\n\t\t<div class=\"vc_row \">\n\t\t\t<div class=\"vc_col-sm-12\"><div class=\"vc_recipe\">\n  <div class=\"vc_recipe-image\">\n    \n    <a href=\"https:\/\/consorcioserrano.es\/de\/rezepte\/strammer-max-wachtelei-und-serrano-schinken-tapa\/\" title=\"Strammer max Wachtelei und Serrano-Schinken-Tapa\" alt=\"Strammer max Wachtelei und Serrano-Schinken-Tapa\"><img loading=\"lazy\" decoding=\"async\" width=\"800\" height=\"500\" src=\"https:\/\/consorcioserrano.es\/wp-content\/uploads\/2017\/11\/rezepte-strammer-max.jpg\" class=\"attachment-full size-full img-responsive img-receta-home wp-post-image\" alt=\"\" srcset=\"https:\/\/consorcioserrano.es\/wp-content\/uploads\/2017\/11\/rezepte-strammer-max.jpg 800w, https:\/\/consorcioserrano.es\/wp-content\/uploads\/2017\/11\/rezepte-strammer-max-300x188.jpg 300w, https:\/\/consorcioserrano.es\/wp-content\/uploads\/2017\/11\/rezepte-strammer-max-768x480.jpg 768w, https:\/\/consorcioserrano.es\/wp-content\/uploads\/2017\/11\/rezepte-strammer-max-234x146.jpg 234w, https:\/\/consorcioserrano.es\/wp-content\/uploads\/2017\/11\/rezepte-strammer-max-50x31.jpg 50w, https:\/\/consorcioserrano.es\/wp-content\/uploads\/2017\/11\/rezepte-strammer-max-120x75.jpg 120w\" sizes=\"auto, (max-width:767px) 480px, (max-width:800px) 100vw, 800px\" \/><\/a>\n  <\/div>\n  <div class=\"vc_recipe-link\">\n    <h3><a href=\"https:\/\/consorcioserrano.es\/de\/rezepte\/strammer-max-wachtelei-und-serrano-schinken-tapa\/\">Strammer max Wachtelei und Serrano-Schinken-Tapa<\/a><\/h3>\n  <\/div>\n  <div class=\"vc_recipe-excerpt\">\n    <p>Serrano-schinken tapas geh\u00f6ren zu den K\u00f6stlichkeiten der spanischen K\u00fcche. Genie\u00dfen Sie diese spanische-schinken Tapas ConsorcioSerrano<\/p>\n\n  <\/div>\n  <div class=\"vc_recipe-readmore\">\n    <a href=\"https:\/\/consorcioserrano.es\/de\/rezepte\/strammer-max-wachtelei-und-serrano-schinken-tapa\/\">Weitere informationen<\/a>\n    <\/div>\n<\/div><\/div>\n\t\t<\/div>\n\t\t\n\t\n\t\n\n\t\n<\/div>\n[\/vc_column_text][\/vc_column][vc_column width=&#8220;1\/3&#8243;][vc_column_text]<\/p>\n<h5><a href=\"https:\/\/consorcioserrano.es\/de\/wie-schneidet-man-einen-consorcioserrano-schinken\/\">Wie man Serrano-Schinken schneidet <\/a><\/h5>\n<p>[\/vc_column_text][vc_single_image image=&#8220;2574&#8243; img_size=&#8220;full&#8220; onclick=&#8220;custom_link&#8220; link=&#8220;http:\/\/consorcioserrano.es\/como-cortar-tu-jamon-consorcio-serrano\/&#8220;][\/vc_column][\/vc_row]<\/p>\n<\/div>","protected":false},"excerpt":{"rendered":"<p>[vc_row full_width=&#8220;stretch_row_content_no_spaces&#8220;][vc_column width=&#8220;1\/3&#8243;][\/vc_column][vc_column width=&#8220;1\/3&#8243;][\/vc_column][vc_column width=&#8220;1\/3&#8243;][\/vc_column][\/vc_row][vc_row full_width=&#8220;stretch_row_content_no_spaces&#8220; equal_height=&#8220;yes&#8220;][vc_column width=&#8220;1\/3&#8243;][vc_column_text] Der ConsorcioSerrano-Schinken 23 octubre, 2017 Der ConsorcioSerrano-Schinken ist ein freiwilliger Zusammenschluss von Firmen, der seit 1990 die wichtigsten<span class=\"excerpt-hellip\"> [\u2026]<\/span><\/p>\n","protected":false},"author":1,"featured_media":0,"parent":0,"menu_order":0,"comment_status":"closed","ping_status":"closed","template":"","meta":{"_acf_changed":false,"footnotes":""},"class_list":["post-4708","page","type-page","status-publish","hentry","sections_group lang-de"],"yoast_head":"<!-- This site is optimized with the Yoast SEO plugin v27.2 - https:\/\/yoast.com\/product\/yoast-seo-wordpress\/ -->\n<title>Consorcio del Jam\u00f3n Serrano Espa\u00f1ol - Auswahl St\u00fcck f\u00fcr St\u00fcck<\/title>\n<meta name=\"description\" content=\"Das Consorcio Serrano-Schinken garantiert die Qualit\u00e4t seines schinken serrano - 100 % spanische Schinken, handauswahl, St\u00fcck f\u00fcr St\u00fcck.\" \/>\n<meta name=\"robots\" content=\"index, follow, max-snippet:-1, max-image-preview:large, max-video-preview:-1\" \/>\n<link rel=\"canonical\" href=\"https:\/\/consorcioserrano.es\/de\/\" \/>\n<meta property=\"og:locale\" content=\"de_DE\" \/>\n<meta property=\"og:type\" content=\"article\" \/>\n<meta property=\"og:title\" content=\"Consorcio del Jam\u00f3n Serrano Espa\u00f1ol - Auswahl St\u00fcck f\u00fcr St\u00fcck\" \/>\n<meta property=\"og:description\" content=\"Das Consorcio Serrano-Schinken garantiert die Qualit\u00e4t seines schinken serrano - 100 % spanische Schinken, handauswahl, St\u00fcck f\u00fcr St\u00fcck.\" \/>\n<meta property=\"og:url\" content=\"https:\/\/consorcioserrano.es\/de\/\" \/>\n<meta property=\"og:site_name\" content=\"Consorcio del Jam\u00f3n Serrano Espa\u00f1ol\" \/>\n<meta property=\"article:modified_time\" content=\"2024-02-20T12:34:32+00:00\" \/>\n<meta property=\"og:image\" content=\"http:\/\/consorcioserrano.es\/wp-content\/uploads\/2017\/11\/social-consorcio-serrano.jpg\" \/>\n<meta name=\"twitter:card\" content=\"summary_large_image\" \/>\n<meta name=\"twitter:label1\" content=\"Gesch\u00e4tzte Lesezeit\" \/>\n\t<meta name=\"twitter:data1\" content=\"2\u00a0Minuten\" \/>\n<script type=\"application\/ld+json\" class=\"yoast-schema-graph\">{\"@context\":\"https:\/\/schema.org\",\"@graph\":[{\"@type\":\"WebPage\",\"@id\":\"https:\/\/consorcioserrano.es\/de\/\",\"url\":\"https:\/\/consorcioserrano.es\/de\/\",\"name\":\"Consorcio del Jam\u00f3n Serrano Espa\u00f1ol - Auswahl St\u00fcck f\u00fcr St\u00fcck\",\"isPartOf\":{\"@id\":\"https:\/\/consorcioserrano.es\/#website\"},\"primaryImageOfPage\":{\"@id\":\"https:\/\/consorcioserrano.es\/de\/#primaryimage\"},\"image\":{\"@id\":\"https:\/\/consorcioserrano.es\/de\/#primaryimage\"},\"thumbnailUrl\":\"http:\/\/consorcioserrano.es\/wp-content\/uploads\/2017\/10\/comillas-abrir-1.png\",\"datePublished\":\"2017-11-20T11:24:31+00:00\",\"dateModified\":\"2024-02-20T12:34:32+00:00\",\"description\":\"Das Consorcio Serrano-Schinken garantiert die Qualit\u00e4t seines schinken serrano - 100 % spanische Schinken, handauswahl, St\u00fcck f\u00fcr St\u00fcck.\",\"breadcrumb\":{\"@id\":\"https:\/\/consorcioserrano.es\/de\/#breadcrumb\"},\"inLanguage\":\"de\",\"potentialAction\":[{\"@type\":\"ReadAction\",\"target\":[\"https:\/\/consorcioserrano.es\/de\/\"]}]},{\"@type\":\"ImageObject\",\"inLanguage\":\"de\",\"@id\":\"https:\/\/consorcioserrano.es\/de\/#primaryimage\",\"url\":\"http:\/\/consorcioserrano.es\/wp-content\/uploads\/2017\/10\/comillas-abrir-1.png\",\"contentUrl\":\"http:\/\/consorcioserrano.es\/wp-content\/uploads\/2017\/10\/comillas-abrir-1.png\"},{\"@type\":\"BreadcrumbList\",\"@id\":\"https:\/\/consorcioserrano.es\/de\/#breadcrumb\",\"itemListElement\":[{\"@type\":\"ListItem\",\"position\":1,\"name\":\"Portada\",\"item\":\"https:\/\/consorcioserrano.es\/de\/\"},{\"@type\":\"ListItem\",\"position\":2,\"name\":\"Startseite\"}]},{\"@type\":\"WebSite\",\"@id\":\"https:\/\/consorcioserrano.es\/#website\",\"url\":\"https:\/\/consorcioserrano.es\/\",\"name\":\"Consorcio del Jam\u00f3n Serrano Espa\u00f1ol\",\"description\":\"Das Consorcio Serrano-Schinken garantiert die Qualit\u00e4t seines schinken serrano - 100 % spanische Schinken, handauswahl, St\u00fcck f\u00fcr St\u00fcck.\",\"potentialAction\":[{\"@type\":\"SearchAction\",\"target\":{\"@type\":\"EntryPoint\",\"urlTemplate\":\"https:\/\/consorcioserrano.es\/?s={search_term_string}\"},\"query-input\":{\"@type\":\"PropertyValueSpecification\",\"valueRequired\":true,\"valueName\":\"search_term_string\"}}],\"inLanguage\":\"de\"}]}<\/script>\n<!-- \/ Yoast SEO plugin. -->","yoast_head_json":{"title":"Consorcio del Jam\u00f3n Serrano Espa\u00f1ol - Auswahl St\u00fcck f\u00fcr St\u00fcck","description":"Das Consorcio Serrano-Schinken garantiert die Qualit\u00e4t seines schinken serrano - 100 % spanische Schinken, handauswahl, St\u00fcck f\u00fcr St\u00fcck.","robots":{"index":"index","follow":"follow","max-snippet":"max-snippet:-1","max-image-preview":"max-image-preview:large","max-video-preview":"max-video-preview:-1"},"canonical":"https:\/\/consorcioserrano.es\/de\/","og_locale":"de_DE","og_type":"article","og_title":"Consorcio del Jam\u00f3n Serrano Espa\u00f1ol - Auswahl St\u00fcck f\u00fcr St\u00fcck","og_description":"Das Consorcio Serrano-Schinken garantiert die Qualit\u00e4t seines schinken serrano - 100 % spanische Schinken, handauswahl, St\u00fcck f\u00fcr St\u00fcck.","og_url":"https:\/\/consorcioserrano.es\/de\/","og_site_name":"Consorcio del Jam\u00f3n Serrano Espa\u00f1ol","article_modified_time":"2024-02-20T12:34:32+00:00","og_image":[{"url":"http:\/\/consorcioserrano.es\/wp-content\/uploads\/2017\/11\/social-consorcio-serrano.jpg","type":"","width":"","height":""}],"twitter_card":"summary_large_image","twitter_misc":{"Gesch\u00e4tzte Lesezeit":"2\u00a0Minuten"},"schema":{"@context":"https:\/\/schema.org","@graph":[{"@type":"WebPage","@id":"https:\/\/consorcioserrano.es\/de\/","url":"https:\/\/consorcioserrano.es\/de\/","name":"Consorcio del Jam\u00f3n Serrano Espa\u00f1ol - Auswahl St\u00fcck f\u00fcr St\u00fcck","isPartOf":{"@id":"https:\/\/consorcioserrano.es\/#website"},"primaryImageOfPage":{"@id":"https:\/\/consorcioserrano.es\/de\/#primaryimage"},"image":{"@id":"https:\/\/consorcioserrano.es\/de\/#primaryimage"},"thumbnailUrl":"http:\/\/consorcioserrano.es\/wp-content\/uploads\/2017\/10\/comillas-abrir-1.png","datePublished":"2017-11-20T11:24:31+00:00","dateModified":"2024-02-20T12:34:32+00:00","description":"Das Consorcio Serrano-Schinken garantiert die Qualit\u00e4t seines schinken serrano - 100 % spanische Schinken, handauswahl, St\u00fcck f\u00fcr St\u00fcck.","breadcrumb":{"@id":"https:\/\/consorcioserrano.es\/de\/#breadcrumb"},"inLanguage":"de","potentialAction":[{"@type":"ReadAction","target":["https:\/\/consorcioserrano.es\/de\/"]}]},{"@type":"ImageObject","inLanguage":"de","@id":"https:\/\/consorcioserrano.es\/de\/#primaryimage","url":"http:\/\/consorcioserrano.es\/wp-content\/uploads\/2017\/10\/comillas-abrir-1.png","contentUrl":"http:\/\/consorcioserrano.es\/wp-content\/uploads\/2017\/10\/comillas-abrir-1.png"},{"@type":"BreadcrumbList","@id":"https:\/\/consorcioserrano.es\/de\/#breadcrumb","itemListElement":[{"@type":"ListItem","position":1,"name":"Portada","item":"https:\/\/consorcioserrano.es\/de\/"},{"@type":"ListItem","position":2,"name":"Startseite"}]},{"@type":"WebSite","@id":"https:\/\/consorcioserrano.es\/#website","url":"https:\/\/consorcioserrano.es\/","name":"Consorcio del Jam\u00f3n Serrano Espa\u00f1ol","description":"Das Consorcio Serrano-Schinken garantiert die Qualit\u00e4t seines schinken serrano - 100 % spanische Schinken, handauswahl, St\u00fcck f\u00fcr St\u00fcck.","potentialAction":[{"@type":"SearchAction","target":{"@type":"EntryPoint","urlTemplate":"https:\/\/consorcioserrano.es\/?s={search_term_string}"},"query-input":{"@type":"PropertyValueSpecification","valueRequired":true,"valueName":"search_term_string"}}],"inLanguage":"de"}]}},"acf":[],"_links":{"self":[{"href":"https:\/\/consorcioserrano.es\/de\/wp-json\/wp\/v2\/pages\/4708","targetHints":{"allow":["GET"]}}],"collection":[{"href":"https:\/\/consorcioserrano.es\/de\/wp-json\/wp\/v2\/pages"}],"about":[{"href":"https:\/\/consorcioserrano.es\/de\/wp-json\/wp\/v2\/types\/page"}],"author":[{"embeddable":true,"href":"https:\/\/consorcioserrano.es\/de\/wp-json\/wp\/v2\/users\/1"}],"replies":[{"embeddable":true,"href":"https:\/\/consorcioserrano.es\/de\/wp-json\/wp\/v2\/comments?post=4708"}],"version-history":[{"count":1,"href":"https:\/\/consorcioserrano.es\/de\/wp-json\/wp\/v2\/pages\/4708\/revisions"}],"predecessor-version":[{"id":22886,"href":"https:\/\/consorcioserrano.es\/de\/wp-json\/wp\/v2\/pages\/4708\/revisions\/22886"}],"wp:attachment":[{"href":"https:\/\/consorcioserrano.es\/de\/wp-json\/wp\/v2\/media?parent=4708"}],"curies":[{"name":"wp","href":"https:\/\/api.w.org\/{rel}","templated":true}]}}