{"id":4772,"date":"2017-11-20T13:33:50","date_gmt":"2017-11-20T12:33:50","guid":{"rendered":"http:\/\/consorcioserrano.es\/?page_id=4772"},"modified":"2024-02-06T12:13:33","modified_gmt":"2024-02-06T11:13:33","slug":"hijo-de-jose-martinez-somalo-s-l","status":"publish","type":"page","link":"https:\/\/consorcioserrano.es\/de\/wer-wir-sind\/unsere-partner\/hijo-de-jose-martinez-somalo-s-l\/","title":{"rendered":"Hijo de Jos\u00e9 Martinez Somalo, S.L."},"content":{"rendered":"<div class=\"wpb-content-wrapper\"><p>[vc_row][vc_column width=&#8220;1\/2&#8243; el_class=&#8220;panel-special-content&#8220;][vc_column_text el_class=&#8220;vc_quote_consorcio&#8220;]<\/p>\n<div class=\"vc_quote_consorcio_icon_de\">\n<h1><img loading=\"lazy\" decoding=\"async\" class=\"alignnone size-full wp-image-1101\" src=\"http:\/\/consorcioserrano.es\/wp-content\/uploads\/2017\/11\/comillas-aleman-1.png\" alt=\"\" width=\"59\" height=\"53\" \/><strong>Hijo de Jos\u00e9 Martinez<br \/>\nSomalo, S.L.<\/strong><\/h1>\n<\/div>\n<div class=\"vc_quote_consorcio_content_de\"><img loading=\"lazy\" decoding=\"async\" class=\"alignnone size-full wp-image-1100\" src=\"http:\/\/consorcioserrano.es\/wp-content\/uploads\/2017\/11\/comillas-aleman-1.png\" alt=\"\" width=\"59\" height=\"53\" \/><\/div>\n<p>[\/vc_column_text][\/vc_column][vc_column width=&#8220;1\/2&#8243;][\/vc_column][\/vc_row][vc_row][vc_column width=&#8220;1\/2&#8243; el_class=&#8220;panel-special-content&#8220;][vc_single_image image=&#8220;2095&#8243; img_size=&#8220;full&#8220;][vc_row_inner][vc_column_inner width=&#8220;1\/2&#8243;][vc_column_text]<\/p>\n<h3><span style=\"color: #e82f37;\">Hijo de Jos\u00e9 Martinez Somalo, S.L.<\/span><\/h3>\n<p>Plaza mayor, 1<br \/>\n26320 Ba\u00f1os del R\u00edo Tob\u00eda<br \/>\nLa Rioja[\/vc_column_text][\/vc_column_inner][vc_column_inner width=&#8220;1\/2&#8243;][vc_column_text]<span style=\"color: #e82f37;\"><strong>Kontakt\r\n:<\/strong><\/span> Elena Mart\u00ednez<br \/>\n<span style=\"color: #e82f37;\"><strong>Telefon:<\/strong><\/span> +34 941 375 030<br \/>\n<span style=\"color: #e82f37;\"><strong>Webseite:<\/strong><\/span> <a href=\"http:\/\/martinezsomalo.com\/es\/\" target=\"_blank\" rel=\"noopener\">www.martinezsomalo.com<\/a>[\/vc_column_text][\/vc_column_inner][\/vc_row_inner][vc_row_inner el_class=&#8220;asociado-descripcion&#8220;][vc_column_inner][vc_column_text el_class=&#8220;vc_quote_consorcio asociado-descripcion&#8220; css=&#8220;.vc_custom_1707218007406{padding-right: 30px !important;}&#8220;]<\/p>\n<h3><span style=\"color: #e82f37;\">Wer wir sind<\/span><\/h3>\n<ul>\n<li>Seit 1900<\/li>\n<li>Gloria Riojana schon seit mehr als 100 Jahren. Erzeugung von Serrano-Schinken aus besten Ausgangsstoffen aus einer einmaligen Region<\/li>\n<li>Die \u00e4lteste noch bestehende Marke des spanischen Schinkens in Spanien, deren Tradition und Herstellung von Generation zu Generation weitergegeben worden ist.<\/li>\n<li>Soziale Unternehmensverantwortung: Unterst\u00fctzung verschiedener Einrichtungen bzw. Verb\u00e4nde.<\/li>\n<li>Anlagen zur Reifung und Erzeugung von Serrano-Schinken in Ba\u00f1os de R\u00edo Tob\u00eda (La Rioja)<\/li>\n<li>Export von Serrano-Schinken in mehr als 30 L\u00e4nder<\/li>\n<\/ul>\n<p>[\/vc_column_text][\/vc_column_inner][\/vc_row_inner][\/vc_column][vc_column width=&#8220;1\/2&#8243;][vc_column_text]\n<div class=\"wpcf7 no-js\" id=\"wpcf7-f4677-o1\" lang=\"es-ES\" dir=\"ltr\" data-wpcf7-id=\"4677\">\n<div class=\"screen-reader-response\"><p role=\"status\" aria-live=\"polite\" aria-atomic=\"true\"><\/p> <ul><\/ul><\/div>\n<form action=\"\/de\/wp-json\/wp\/v2\/pages\/4772#wpcf7-f4677-o1\" method=\"post\" class=\"wpcf7-form init\" aria-label=\"Formulario de contacto\" novalidate=\"novalidate\" data-status=\"init\">\n<fieldset class=\"hidden-fields-container\"><input type=\"hidden\" name=\"_wpcf7\" value=\"4677\" \/><input type=\"hidden\" name=\"_wpcf7_version\" value=\"6.1.5\" \/><input type=\"hidden\" name=\"_wpcf7_locale\" value=\"es_ES\" \/><input type=\"hidden\" name=\"_wpcf7_unit_tag\" value=\"wpcf7-f4677-o1\" \/><input type=\"hidden\" name=\"_wpcf7_container_post\" value=\"0\" \/><input type=\"hidden\" name=\"_wpcf7_posted_data_hash\" value=\"\" \/><input type=\"hidden\" name=\"_wpcf7_recaptcha_response\" value=\"\" \/>\n<\/fieldset>\n<h3><strong><span style=\"color: #e82f37;\">Kontaktformular <\/span><\/strong>\n<\/h3>\n<p>Bitte f\u00fcllen Sie das folgende Formular aus, um diesen assoziierte Unternehmen zu kontaktieren.\n<\/p>\n<p><label> Vor- und Nachname *<br \/>\n<span class=\"wpcf7-form-control-wrap\" data-name=\"nombre-apellidos\"><input size=\"40\" maxlength=\"400\" class=\"wpcf7-form-control wpcf7-text wpcf7-validates-as-required\" aria-required=\"true\" aria-invalid=\"false\" value=\"\" type=\"text\" name=\"nombre-apellidos\" \/><\/span> <\/label><br \/>\n<label> Telefon *<br \/>\n<span class=\"wpcf7-form-control-wrap\" data-name=\"telefono\"><input size=\"40\" maxlength=\"400\" class=\"wpcf7-form-control wpcf7-tel wpcf7-validates-as-required wpcf7-text wpcf7-validates-as-tel\" aria-required=\"true\" aria-invalid=\"false\" value=\"\" type=\"tel\" name=\"telefono\" \/><\/span> <\/label><br \/>\n<label> e-Mail-Adresse *<br \/>\n<span class=\"wpcf7-form-control-wrap\" data-name=\"e-mail\"><input size=\"40\" maxlength=\"400\" class=\"wpcf7-form-control wpcf7-email wpcf7-validates-as-required wpcf7-text wpcf7-validates-as-email\" aria-required=\"true\" aria-invalid=\"false\" value=\"\" type=\"email\" name=\"e-mail\" \/><\/span> <\/label><br \/>\n<label> Assoziierte Unternehmen *<br \/>\n<span class=\"wpcf7-form-control-wrap\" data-name=\"asociado\"><select class=\"wpcf7-form-control wpcf7-select wpcf7-validates-as-required\" aria-required=\"true\" aria-invalid=\"false\" name=\"asociado\"><option value=\"Grupo Empresarial Costa, S.L.\">Grupo Empresarial Costa, S.L.<\/option><option value=\"Noel Alimentaria, S.A.U.\">Noel Alimentaria, S.A.U.<\/option><option value=\"ARGAL Alimentaci\u00f3n, S.A.\">ARGAL Alimentaci\u00f3n, S.A.<\/option><option value=\"Embutidos Caseros Collell, S.L.U.\">Embutidos Caseros Collell, S.L.U.<\/option><option value=\"ElPozo Alimentaci\u00f3n, S.A.\">ElPozo Alimentaci\u00f3n, S.A.<\/option><option value=\"Campofr\u00edo Food Group, S.A.\">Campofr\u00edo Food Group, S.A.<\/option><option value=\"Industrias C\u00e1rnicas Loriente Piqueras, S.A.\">Industrias C\u00e1rnicas Loriente Piqueras, S.A.<\/option><option value=\"Jamones Arroyo, S.L.\">Jamones Arroyo, S.L.<\/option><option value=\"Embutidos y Jamones Espa\u00f1a e Hijos, S.A.\">Embutidos y Jamones Espa\u00f1a e Hijos, S.A.<\/option><option value=\"Jamones Segovia, S.A.\">Jamones Segovia, S.A.<\/option><option value=\"Casademont 1956 Meat S.L.\">Casademont 1956 Meat S.L.<\/option><option value=\"Rafael Bar\u00f3, S.A.\">Rafael Bar\u00f3, S.A.<\/option><option value=\"FAR Jam\u00f3n Serrano, S.A.\">FAR Jam\u00f3n Serrano, S.A.<\/option><option value=\"Bell Espa\u00f1a Alimentaci\u00f3n S.L.U.\">Bell Espa\u00f1a Alimentaci\u00f3n S.L.U.<\/option><option value=\"Esteban Espu\u00f1a, S.A.\">Esteban Espu\u00f1a, S.A.<\/option><option value=\"Jamondul, S.L.\">Jamondul, S.L.<\/option><option value=\"Grupo Alejandro Miguel, S.L.\">Grupo Alejandro Miguel, S.L.<\/option><option value=\"Embutidos Goikoa, S.A.\">Embutidos Goikoa, S.A.<\/option><option value=\"Industrias C\u00e1rnicas\nTello, S.A\">Industrias C\u00e1rnicas\nTello, S.A<\/option><option value=\"Nico Jamones, S.L.\">Nico Jamones, S.L.<\/option><option value=\"Industrias C\u00e1rnicas Villar, S.A.\">Industrias C\u00e1rnicas Villar, S.A.<\/option><option value=\"Industrias Frigor\u00edficas del Louro, S.A.\">Industrias Frigor\u00edficas del Louro, S.A.<\/option><option value=\"Boadas 1880, S.A.\">Boadas 1880, S.A.<\/option><option value=\"Hijo de Jos\u00e9 Martinez Somalo, S.L.\">Hijo de Jos\u00e9 Martinez Somalo, S.L.<\/option><option value=\"C\u00e1rnicas Serrano, S.L.\">C\u00e1rnicas Serrano, S.L.<\/option><option value=\"Hermanos Mor\u00e1n, S.L.\">Hermanos Mor\u00e1n, S.L.<\/option><option value=\"Embutidos La Hoguera, S.A.\">Embutidos La Hoguera, S.A.<\/option><option value=\"Pirenaica del Jam\u00f3n, S.A.\">Pirenaica del Jam\u00f3n, S.A.<\/option><option value=\"Jamones Centelles, S.L.\">Jamones Centelles, S.L.<\/option><option value=\"Jamones Duriber, S.L.U.\">Jamones Duriber, S.L.U.<\/option><option value=\"Torre de Nu\u00f1ez\nde Conturiz, S.L.U\">Torre de Nu\u00f1ez\nde Conturiz, S.L.U<\/option><option value=\"Pere Porxas Pairo, S.L.\">Pere Porxas Pairo, S.L.<\/option><option value=\"Embutidos Rodri\u0301guez, S.L.U.\">Embutidos Rodri\u0301guez, S.L.U.<\/option><\/select><\/span><br \/>\n<\/label><br \/>\n<label> Nachricht *<br \/>\n<span class=\"wpcf7-form-control-wrap\" data-name=\"mensaje-asociados\"><textarea cols=\"40\" rows=\"10\" maxlength=\"2000\" class=\"wpcf7-form-control wpcf7-textarea wpcf7-validates-as-required\" aria-required=\"true\" aria-invalid=\"false\" name=\"mensaje-asociados\"><\/textarea><\/span> <\/label><br \/>\n\n<\/p>\n<p><span class=\"wpcf7-form-control-wrap\" data-name=\"aceptar\"><span class=\"wpcf7-form-control wpcf7-acceptance\"><span class=\"wpcf7-list-item\"><label><input type=\"checkbox\" name=\"aceptar\" value=\"1\" aria-invalid=\"false\" \/><span class=\"wpcf7-list-item-label\">Ich habe die <a href=\"https:\/\/consorcioserrano.es\/de\/politica-de-proteccion-de-datos\/\" target=\"_blank\">Datenschutzerkl\u00e4rung<\/a> gelesen und akzeptiere sie hiermit. *<\/span><\/label><\/span><\/span><\/span>\n<\/p>\n<p> mit * gekennzeichnete Felder sind Pflichtfelder\n<\/p>\n<p><input class=\"wpcf7-form-control wpcf7-submit has-spinner\" type=\"submit\" value=\"Einreichen\" \/>\n<\/p>\n<table class=\"tabla-privacidad\">\n\t<thead>\n\t\t<tr>\n\t\t\t<td colspan=\"2\">\n\t\t\t\t<p>Data Protection Information\n\t\t\t\t<\/p>\n\t\t\t<\/td>\n\t\t<\/tr>\n\t<\/thead>\n\t<tbody>\n\t\t<tr>\n\t\t\t<td>\n\t\t\t\t<p>Responsible\n\t\t\t\t<\/p>\n\t\t\t<\/td>\n\t\t\t<td>\n\t\t\t\t<p>Consorcio del Jam\u00f3n Serrano Espa\u00f1ol\n\t\t\t\t<\/p>\n\t\t\t<\/td>\n\t\t<\/tr>\n\t\t<tr>\n\t\t\t<td>\n\t\t\t\t<p>Liability\n\t\t\t\t<\/p>\n\t\t\t<\/td>\n\t\t\t<td>\n\t\t\t\t<p>Being able to respond to the information requested, as well as providing information on products or services of interest.\n\t\t\t\t<\/p>\n\t\t\t<\/td>\n\t\t<\/tr>\n\t\t<tr>\n\t\t\t<td>\n\t\t\t\t<p>Legitimation\n\t\t\t\t<\/p>\n\t\t\t<\/td>\n\t\t\t<td>\n\t\t\t\t<p>Consent of the interested\n\t\t\t\t<\/p>\n\t\t\t<\/td>\n\t\t<\/tr>\n\t\t<tr>\n\t\t\t<td>\n\t\t\t\t<p>Destinataire\n\t\t\t\t<\/p>\n\t\t\t<\/td>\n\t\t\t<td>\n\t\t\t\t<p>The data that you enter in consorcioserrano.es website may be assigned to companies associated to the JSE Consortium or other commercially related to it.\n\t\t\t\t<\/p>\n\t\t\t<\/td>\n\t\t<\/tr>\n\t\t<tr>\n\t\t\t<td>\n\t\t\t\t<p>Your rights\n\t\t\t\t<\/p>\n\t\t\t<\/td>\n\t\t\t<td>\n\t\t\t\t<p>You have the right to access, rectify and delete the data, as well as other rights, as explained in the additional information.\n\t\t\t\t<\/p>\n\t\t\t<\/td>\n\t\t<\/tr>\n\t\t<tr>\n\t\t\t<td>\n\t\t\t\t<p>Aditional Information\n\t\t\t\t<\/p>\n\t\t\t<\/td>\n\t\t\t<td>\n\t\t\t\t<p>You can consult the additional and detailed information on Data Protection on our website: <a href=\"https:\/\/consorcioserrano.es\/de\/datenschutzerklaerung\/\" target=\"_blank\" rel=\"noopener\">https:\/\/consorcioserrano.es\/de\/datenschutzerklaerung\/<\/a>\n\t\t\t\t<\/p>\n\t\t\t<\/td>\n\t\t<\/tr>\n\t<\/tbody>\n<\/table>\n<style>\n.grecaptcha-badge {\n\tdisplay: block;\n}\n<\/style><div class=\"wpcf7-response-output\" aria-hidden=\"true\"><\/div>\n<\/form>\n<\/div>\n[\/vc_column_text][\/vc_column][\/vc_row][vc_row][vc_column]\n<div id=\"ersspace-1\"><\/div><style type=\"text\/css\">#ersspace-1 { height: 80px; }<\/style>[\/vc_column][\/vc_row]<\/p>\n<\/div>","protected":false},"excerpt":{"rendered":"<p>[vc_row][vc_column width=&#8220;1\/2&#8243; el_class=&#8220;panel-special-content&#8220;][vc_column_text el_class=&#8220;vc_quote_consorcio&#8220;] Hijo de Jos\u00e9 Martinez Somalo, S.L. [\/vc_column_text][\/vc_column][vc_column width=&#8220;1\/2&#8243;][\/vc_column][\/vc_row][vc_row][vc_column width=&#8220;1\/2&#8243; el_class=&#8220;panel-special-content&#8220;][vc_single_image image=&#8220;2095&#8243; img_size=&#8220;full&#8220;][vc_row_inner][vc_column_inner width=&#8220;1\/2&#8243;][vc_column_text] Hijo de Jos\u00e9 Martinez Somalo, S.L. Plaza mayor, 1<span class=\"excerpt-hellip\"> [\u2026]<\/span><\/p>\n","protected":false},"author":1,"featured_media":0,"parent":4702,"menu_order":0,"comment_status":"closed","ping_status":"closed","template":"","meta":{"_acf_changed":false,"footnotes":""},"class_list":["post-4772","page","type-page","status-publish","hentry","sections_group lang-de"],"yoast_head":"<!-- This site is optimized with the Yoast SEO plugin v27.2 - https:\/\/yoast.com\/product\/yoast-seo-wordpress\/ -->\n<title>Hijo de Jos\u00e9 Martinez Somalo, S.L. - Der Consorcio Serrano-Schinken<\/title>\n<meta name=\"description\" content=\"Das Consorcio Serrano-Schinken garantiert die Qualit\u00e4t seines schinken serrano - 100 % spanische Schinken, handauswahl, St\u00fcck f\u00fcr St\u00fcck.\" \/>\n<meta name=\"robots\" content=\"index, follow, max-snippet:-1, max-image-preview:large, max-video-preview:-1\" \/>\n<link rel=\"canonical\" href=\"https:\/\/consorcioserrano.es\/de\/wer-wir-sind\/unsere-partner\/hijo-de-jose-martinez-somalo-s-l\/\" \/>\n<meta property=\"og:locale\" content=\"de_DE\" \/>\n<meta property=\"og:type\" content=\"article\" \/>\n<meta property=\"og:title\" content=\"Hijo de Jos\u00e9 Martinez Somalo, S.L. - Der Consorcio Serrano-Schinken\" \/>\n<meta property=\"og:description\" content=\"Das Consorcio Serrano-Schinken garantiert die Qualit\u00e4t seines schinken serrano - 100 % spanische Schinken, handauswahl, St\u00fcck f\u00fcr St\u00fcck.\" \/>\n<meta property=\"og:url\" content=\"https:\/\/consorcioserrano.es\/de\/wer-wir-sind\/unsere-partner\/hijo-de-jose-martinez-somalo-s-l\/\" \/>\n<meta property=\"og:site_name\" content=\"Consorcio del Jam\u00f3n Serrano Espa\u00f1ol\" \/>\n<meta property=\"article:modified_time\" content=\"2024-02-06T11:13:33+00:00\" \/>\n<meta property=\"og:image\" content=\"http:\/\/consorcioserrano.es\/wp-content\/uploads\/2017\/11\/comillas-aleman-1.png\" \/>\n<meta name=\"twitter:card\" content=\"summary_large_image\" \/>\n<meta name=\"twitter:label1\" content=\"Gesch\u00e4tzte Lesezeit\" \/>\n\t<meta name=\"twitter:data1\" content=\"2\u00a0Minuten\" \/>\n<script type=\"application\/ld+json\" class=\"yoast-schema-graph\">{\"@context\":\"https:\/\/schema.org\",\"@graph\":[{\"@type\":\"WebPage\",\"@id\":\"https:\/\/consorcioserrano.es\/de\/wer-wir-sind\/unsere-partner\/hijo-de-jose-martinez-somalo-s-l\/\",\"url\":\"https:\/\/consorcioserrano.es\/de\/wer-wir-sind\/unsere-partner\/hijo-de-jose-martinez-somalo-s-l\/\",\"name\":\"Hijo de Jos\u00e9 Martinez Somalo, S.L. - Der Consorcio Serrano-Schinken\",\"isPartOf\":{\"@id\":\"https:\/\/consorcioserrano.es\/#website\"},\"primaryImageOfPage\":{\"@id\":\"https:\/\/consorcioserrano.es\/de\/wer-wir-sind\/unsere-partner\/hijo-de-jose-martinez-somalo-s-l\/#primaryimage\"},\"image\":{\"@id\":\"https:\/\/consorcioserrano.es\/de\/wer-wir-sind\/unsere-partner\/hijo-de-jose-martinez-somalo-s-l\/#primaryimage\"},\"thumbnailUrl\":\"http:\/\/consorcioserrano.es\/wp-content\/uploads\/2017\/11\/comillas-aleman-1.png\",\"datePublished\":\"2017-11-20T12:33:50+00:00\",\"dateModified\":\"2024-02-06T11:13:33+00:00\",\"description\":\"Das Consorcio Serrano-Schinken garantiert die Qualit\u00e4t seines schinken serrano - 100 % spanische Schinken, handauswahl, St\u00fcck f\u00fcr St\u00fcck.\",\"breadcrumb\":{\"@id\":\"https:\/\/consorcioserrano.es\/de\/wer-wir-sind\/unsere-partner\/hijo-de-jose-martinez-somalo-s-l\/#breadcrumb\"},\"inLanguage\":\"de\",\"potentialAction\":[{\"@type\":\"ReadAction\",\"target\":[\"https:\/\/consorcioserrano.es\/de\/wer-wir-sind\/unsere-partner\/hijo-de-jose-martinez-somalo-s-l\/\"]}]},{\"@type\":\"ImageObject\",\"inLanguage\":\"de\",\"@id\":\"https:\/\/consorcioserrano.es\/de\/wer-wir-sind\/unsere-partner\/hijo-de-jose-martinez-somalo-s-l\/#primaryimage\",\"url\":\"http:\/\/consorcioserrano.es\/wp-content\/uploads\/2017\/11\/comillas-aleman-1.png\",\"contentUrl\":\"http:\/\/consorcioserrano.es\/wp-content\/uploads\/2017\/11\/comillas-aleman-1.png\"},{\"@type\":\"BreadcrumbList\",\"@id\":\"https:\/\/consorcioserrano.es\/de\/wer-wir-sind\/unsere-partner\/hijo-de-jose-martinez-somalo-s-l\/#breadcrumb\",\"itemListElement\":[{\"@type\":\"ListItem\",\"position\":1,\"name\":\"Portada\",\"item\":\"https:\/\/consorcioserrano.es\/de\/\"},{\"@type\":\"ListItem\",\"position\":2,\"name\":\"Wer wir sind\",\"item\":\"https:\/\/consorcioserrano.es\/de\/wer-wir-sind\/\"},{\"@type\":\"ListItem\",\"position\":3,\"name\":\"Unsere Partner\",\"item\":\"https:\/\/consorcioserrano.es\/de\/wer-wir-sind\/unsere-partner\/\"},{\"@type\":\"ListItem\",\"position\":4,\"name\":\"Hijo de Jos\u00e9 Martinez Somalo, S.L.\"}]},{\"@type\":\"WebSite\",\"@id\":\"https:\/\/consorcioserrano.es\/#website\",\"url\":\"https:\/\/consorcioserrano.es\/\",\"name\":\"Consorcio del Jam\u00f3n Serrano Espa\u00f1ol\",\"description\":\"Das Consorcio Serrano-Schinken garantiert die Qualit\u00e4t seines schinken serrano - 100 % spanische Schinken, handauswahl, St\u00fcck f\u00fcr St\u00fcck.\",\"potentialAction\":[{\"@type\":\"SearchAction\",\"target\":{\"@type\":\"EntryPoint\",\"urlTemplate\":\"https:\/\/consorcioserrano.es\/?s={search_term_string}\"},\"query-input\":{\"@type\":\"PropertyValueSpecification\",\"valueRequired\":true,\"valueName\":\"search_term_string\"}}],\"inLanguage\":\"de\"}]}<\/script>\n<!-- \/ Yoast SEO plugin. -->","yoast_head_json":{"title":"Hijo de Jos\u00e9 Martinez Somalo, S.L. - Der Consorcio Serrano-Schinken","description":"Das Consorcio Serrano-Schinken garantiert die Qualit\u00e4t seines schinken serrano - 100 % spanische Schinken, handauswahl, St\u00fcck f\u00fcr St\u00fcck.","robots":{"index":"index","follow":"follow","max-snippet":"max-snippet:-1","max-image-preview":"max-image-preview:large","max-video-preview":"max-video-preview:-1"},"canonical":"https:\/\/consorcioserrano.es\/de\/wer-wir-sind\/unsere-partner\/hijo-de-jose-martinez-somalo-s-l\/","og_locale":"de_DE","og_type":"article","og_title":"Hijo de Jos\u00e9 Martinez Somalo, S.L. - Der Consorcio Serrano-Schinken","og_description":"Das Consorcio Serrano-Schinken garantiert die Qualit\u00e4t seines schinken serrano - 100 % spanische Schinken, handauswahl, St\u00fcck f\u00fcr St\u00fcck.","og_url":"https:\/\/consorcioserrano.es\/de\/wer-wir-sind\/unsere-partner\/hijo-de-jose-martinez-somalo-s-l\/","og_site_name":"Consorcio del Jam\u00f3n Serrano Espa\u00f1ol","article_modified_time":"2024-02-06T11:13:33+00:00","og_image":[{"url":"http:\/\/consorcioserrano.es\/wp-content\/uploads\/2017\/11\/comillas-aleman-1.png","type":"","width":"","height":""}],"twitter_card":"summary_large_image","twitter_misc":{"Gesch\u00e4tzte Lesezeit":"2\u00a0Minuten"},"schema":{"@context":"https:\/\/schema.org","@graph":[{"@type":"WebPage","@id":"https:\/\/consorcioserrano.es\/de\/wer-wir-sind\/unsere-partner\/hijo-de-jose-martinez-somalo-s-l\/","url":"https:\/\/consorcioserrano.es\/de\/wer-wir-sind\/unsere-partner\/hijo-de-jose-martinez-somalo-s-l\/","name":"Hijo de Jos\u00e9 Martinez Somalo, S.L. - Der Consorcio Serrano-Schinken","isPartOf":{"@id":"https:\/\/consorcioserrano.es\/#website"},"primaryImageOfPage":{"@id":"https:\/\/consorcioserrano.es\/de\/wer-wir-sind\/unsere-partner\/hijo-de-jose-martinez-somalo-s-l\/#primaryimage"},"image":{"@id":"https:\/\/consorcioserrano.es\/de\/wer-wir-sind\/unsere-partner\/hijo-de-jose-martinez-somalo-s-l\/#primaryimage"},"thumbnailUrl":"http:\/\/consorcioserrano.es\/wp-content\/uploads\/2017\/11\/comillas-aleman-1.png","datePublished":"2017-11-20T12:33:50+00:00","dateModified":"2024-02-06T11:13:33+00:00","description":"Das Consorcio Serrano-Schinken garantiert die Qualit\u00e4t seines schinken serrano - 100 % spanische Schinken, handauswahl, St\u00fcck f\u00fcr St\u00fcck.","breadcrumb":{"@id":"https:\/\/consorcioserrano.es\/de\/wer-wir-sind\/unsere-partner\/hijo-de-jose-martinez-somalo-s-l\/#breadcrumb"},"inLanguage":"de","potentialAction":[{"@type":"ReadAction","target":["https:\/\/consorcioserrano.es\/de\/wer-wir-sind\/unsere-partner\/hijo-de-jose-martinez-somalo-s-l\/"]}]},{"@type":"ImageObject","inLanguage":"de","@id":"https:\/\/consorcioserrano.es\/de\/wer-wir-sind\/unsere-partner\/hijo-de-jose-martinez-somalo-s-l\/#primaryimage","url":"http:\/\/consorcioserrano.es\/wp-content\/uploads\/2017\/11\/comillas-aleman-1.png","contentUrl":"http:\/\/consorcioserrano.es\/wp-content\/uploads\/2017\/11\/comillas-aleman-1.png"},{"@type":"BreadcrumbList","@id":"https:\/\/consorcioserrano.es\/de\/wer-wir-sind\/unsere-partner\/hijo-de-jose-martinez-somalo-s-l\/#breadcrumb","itemListElement":[{"@type":"ListItem","position":1,"name":"Portada","item":"https:\/\/consorcioserrano.es\/de\/"},{"@type":"ListItem","position":2,"name":"Wer wir sind","item":"https:\/\/consorcioserrano.es\/de\/wer-wir-sind\/"},{"@type":"ListItem","position":3,"name":"Unsere Partner","item":"https:\/\/consorcioserrano.es\/de\/wer-wir-sind\/unsere-partner\/"},{"@type":"ListItem","position":4,"name":"Hijo de Jos\u00e9 Martinez Somalo, S.L."}]},{"@type":"WebSite","@id":"https:\/\/consorcioserrano.es\/#website","url":"https:\/\/consorcioserrano.es\/","name":"Consorcio del Jam\u00f3n Serrano Espa\u00f1ol","description":"Das Consorcio Serrano-Schinken garantiert die Qualit\u00e4t seines schinken serrano - 100 % spanische Schinken, handauswahl, St\u00fcck f\u00fcr St\u00fcck.","potentialAction":[{"@type":"SearchAction","target":{"@type":"EntryPoint","urlTemplate":"https:\/\/consorcioserrano.es\/?s={search_term_string}"},"query-input":{"@type":"PropertyValueSpecification","valueRequired":true,"valueName":"search_term_string"}}],"inLanguage":"de"}]}},"acf":[],"_links":{"self":[{"href":"https:\/\/consorcioserrano.es\/de\/wp-json\/wp\/v2\/pages\/4772","targetHints":{"allow":["GET"]}}],"collection":[{"href":"https:\/\/consorcioserrano.es\/de\/wp-json\/wp\/v2\/pages"}],"about":[{"href":"https:\/\/consorcioserrano.es\/de\/wp-json\/wp\/v2\/types\/page"}],"author":[{"embeddable":true,"href":"https:\/\/consorcioserrano.es\/de\/wp-json\/wp\/v2\/users\/1"}],"replies":[{"embeddable":true,"href":"https:\/\/consorcioserrano.es\/de\/wp-json\/wp\/v2\/comments?post=4772"}],"version-history":[{"count":1,"href":"https:\/\/consorcioserrano.es\/de\/wp-json\/wp\/v2\/pages\/4772\/revisions"}],"predecessor-version":[{"id":22112,"href":"https:\/\/consorcioserrano.es\/de\/wp-json\/wp\/v2\/pages\/4772\/revisions\/22112"}],"up":[{"embeddable":true,"href":"https:\/\/consorcioserrano.es\/de\/wp-json\/wp\/v2\/pages\/4702"}],"wp:attachment":[{"href":"https:\/\/consorcioserrano.es\/de\/wp-json\/wp\/v2\/media?parent=4772"}],"curies":[{"name":"wp","href":"https:\/\/api.w.org\/{rel}","templated":true}]}}