{"id":4872,"date":"2017-11-21T12:28:58","date_gmt":"2017-11-21T11:28:58","guid":{"rendered":"http:\/\/consorcioserrano.es\/?page_id=4872"},"modified":"2024-02-13T18:06:11","modified_gmt":"2024-02-13T17:06:11","slug":"der-consorcioserrano-schinken","status":"publish","type":"page","link":"https:\/\/consorcioserrano.es\/de\/der-consorcioserrano-schinken\/","title":{"rendered":"Der ConsorcioSerrano-Schinken"},"content":{"rendered":"<div class=\"wpb-content-wrapper\"><p>[vc_row full_width=&#8220;stretch_row_content_no_spaces&#8220; css=&#8220;.vc_custom_1509104616814{background-color: #161616 !important;}&#8220; el_class=&#8220;next-row-no-padding&#8220;][vc_column][vc_column_text css=&#8220;.vc_custom_1699955827517{padding-left: 100px !important;background-color: #161616 !important;}&#8220; el_class=&#8220;no-margin-with-padding&#8220; el_id=&#8220;div-sello&#8220;]<\/p>\n<p class=\"image-h2\" style=\"padding-top: 0px; margin-bottom: 0px;\"><img loading=\"lazy\" decoding=\"async\" class=\"alignnone size-full wp-image-975\" title=\"Certificado por Consorcio Serrano - Selecci\u00f3n a mano\" src=\"https:\/\/consorcioserrano.es\/wp-content\/uploads\/2023\/10\/sello_jamon_consorcio_2023.png\" alt=\"Certificado por Consorcio Serrano - Selecci\u00f3n a mano\" width=\"140\" height=\"60\" \/><\/p>\n<h1><strong>Der ConsorcioSerrano-Schinken<\/strong><\/h1>\n<p>[\/vc_column_text][\/vc_column][\/vc_row][vc_row full_width=&#8220;stretch_row_content_no_spaces&#8220; el_class=&#8220;next-row-no-padding&#8220;][vc_column width=&#8220;1\/4&#8243;]\n    <a href=\"https:\/\/consorcioserrano.es\/de\/der-consorcioserrano-schinken\/geschichte-und-tradition\/\"   class=\"vc_link_consorcio\" title=\"Geschichte und Tradition des Serrano-Schinkens Eine Jahrtausende alte Tradition \u2013 lebendig und aktuell. \">\n    <div class=\"roll_wrap\" id=\"\">\n\t\t\n        <div class=\"roll_wrap_img \" ><img decoding=\"async\" src=\"https:\/\/consorcioserrano.es\/wp-content\/uploads\/2017\/10\/Historia-y-tradicion.jpg\" class=\"img-responsive \" > <\/div>\n\t\t\n\n\t\t\n\t\t\n\t        <div class=\"roll_wrap_link_imagetext  box-s-consorcio-serrano\" style=\"color:#ff0000; font-size:;\"><h2><img loading=\"lazy\" decoding=\"async\" class=\"alignnone size-full wp-image-1101\" src=\"http:\/\/consorcioserrano.es\/wp-content\/uploads\/2017\/11\/comillas-aleman-1.png\" alt=\"\" width=\"59\" height=\"53\" \/>Geschichte und Tradition des Serrano-Schinkens<\/h2>\n<p>Eine Jahrtausende alte Tradition \u2013 lebendig und aktuell.<\/p>\n<\/div>\n\t\t\n    <\/div>\n    <\/a>[\/vc_column][vc_column width=&#8220;1\/4&#8243;]\n    <a href=\"https:\/\/consorcioserrano.es\/de\/der-consorcioserrano-schinken\/herstellung\/\"   class=\"vc_link_consorcio\" title=\"Herstellung des Serrano-Schinken Reifung, Tradition und Einzelauswahl des besten Serrano-Schinkens. \">\n    <div class=\"roll_wrap\" id=\"\">\n\t\t\n        <div class=\"roll_wrap_img \" ><img decoding=\"async\" src=\"https:\/\/consorcioserrano.es\/wp-content\/uploads\/2017\/10\/Elaboracion.jpg\" class=\"img-responsive \" > <\/div>\n\t\t\n\n\t\t\n\t\t\n\t        <div class=\"roll_wrap_link_imagetext  \" style=\"color:#ff0000; font-size:;\"><h2><img loading=\"lazy\" decoding=\"async\" class=\"alignnone size-full wp-image-1101\" src=\"http:\/\/consorcioserrano.es\/wp-content\/uploads\/2017\/11\/comillas-aleman-1.png\" alt=\"\" width=\"59\" height=\"53\" \/>Herstellung des Serrano-Schinken<\/h2>\n<p>Reifung, Tradition und Einzelauswahl des besten Serrano-Schinkens.<\/p>\n<\/div>\n\t\t\n    <\/div>\n    <\/a>[\/vc_column][vc_column width=&#8220;1\/4&#8243;]\n    <a href=\"https:\/\/consorcioserrano.es\/de\/der-consorcioserrano-schinken\/geschmack-aroma-und-aufbewahrung\/\"   class=\"vc_link_consorcio\" title=\"Geschmack, Aroma und Konservierung von Serrano-Schinken Die Aufbewahrung des Serrano-Schinkens und seine Aufmachung sind von entscheidender Bedeutung, um sein Aroma und Geschmack ganz und gar genie\u00dfen zu k\u00f6nnen. \">\n    <div class=\"roll_wrap\" id=\"\">\n\t\t\n        <div class=\"roll_wrap_img \" ><img decoding=\"async\" src=\"https:\/\/consorcioserrano.es\/wp-content\/uploads\/2017\/10\/Sabor-y-aroma.jpg\" class=\"img-responsive \" > <\/div>\n\t\t\n\n\t\t\n\t\t\n\t        <div class=\"roll_wrap_link_imagetext  \" style=\"color:#ff0000; font-size:;\"><h2><img loading=\"lazy\" decoding=\"async\" class=\"alignnone size-full wp-image-1101\" src=\"http:\/\/consorcioserrano.es\/wp-content\/uploads\/2017\/11\/comillas-aleman-1.png\" alt=\"\" width=\"59\" height=\"53\" \/>Geschmack, Aroma und Konservierung von Serrano-Schinken<\/h2>\n<p>Die Aufbewahrung des Serrano-Schinkens und seine Aufmachung sind von entscheidender Bedeutung, um sein Aroma und Geschmack ganz und gar genie\u00dfen zu k\u00f6nnen.<\/p>\n<\/div>\n\t\t\n    <\/div>\n    <\/a>[\/vc_column][vc_column width=&#8220;1\/4&#8243;]\n    <a href=\"https:\/\/consorcioserrano.es\/de\/der-consorcioserrano-schinken\/qualitaetsgarantie-schinken\/\"   class=\"vc_link_consorcio\" title=\" Qualit\u00e4tsgarantie Unsere Pr\u00e4misse: ein erstklassiges Produkt mit einzigartigen Eigenschaften wie Textur, Aroma und Geschmack zu gew\u00e4hrleisten. \">\n    <div class=\"roll_wrap\" id=\"\">\n\t\t\n        <div class=\"roll_wrap_img \" ><img decoding=\"async\" src=\"https:\/\/consorcioserrano.es\/wp-content\/uploads\/2017\/10\/Garantia-de-calidad.jpg\" class=\"img-responsive \" > <\/div>\n\t\t\n\n\t\t\n\t\t\n\t        <div class=\"roll_wrap_link_imagetext  box-s-consorcio-serrano\" style=\"color:#ff0000; font-size:;\"><h2><img loading=\"lazy\" decoding=\"async\" class=\"alignnone size-full wp-image-1101\" src=\"http:\/\/consorcioserrano.es\/wp-content\/uploads\/2017\/11\/comillas-aleman-1.png\" alt=\"\" width=\"59\" height=\"53\" \/> Qualit\u00e4tsgarantie<\/h2>\n<p>Unsere Pr\u00e4misse: ein erstklassiges Produkt mit einzigartigen Eigenschaften wie Textur, Aroma und Geschmack zu gew\u00e4hrleisten.<\/p>\n<\/div>\n\t\t\n    <\/div>\n    <\/a>[\/vc_column][\/vc_row][vc_row full_width=&#8220;stretch_row_content_no_spaces&#8220;][vc_column width=&#8220;1\/4&#8243;]\n    <a href=\"https:\/\/consorcioserrano.es\/de\/der-consorcioserrano-schinken\/auswahl-per-hand\/\"   class=\"vc_link_consorcio\" title=\" Auswahl per Hand von Serrano-Schinken Wie der Schinkenmeister jeden Serrano-Schinken von Hand ausw\u00e4hlt. \">\n    <div class=\"roll_wrap\" id=\"\">\n\t\t\n        <div class=\"roll_wrap_img \" ><img decoding=\"async\" src=\"https:\/\/consorcioserrano.es\/wp-content\/uploads\/2024\/02\/seleccion-a-mano-jamon-serrano.jpg\" class=\"img-responsive \" > <\/div>\n\t\t\n\n\t\t\n\t\t\n\t        <div class=\"roll_wrap_link_imagetext  \" style=\"color:#ff0000; font-size:;\"><h2><img loading=\"lazy\" decoding=\"async\" class=\"alignnone size-full wp-image-1101\" src=\"http:\/\/consorcioserrano.es\/wp-content\/uploads\/2017\/11\/comillas-aleman-1.png\" alt=\"\" width=\"59\" height=\"53\" \/> Auswahl per Hand von Serrano-Schinken<\/h2>\n<p>Wie der Schinkenmeister jeden Serrano-Schinken von Hand ausw\u00e4hlt.<\/p>\n<\/div>\n\t\t\n    <\/div>\n    <\/a>[\/vc_column][vc_column width=&#8220;1\/4&#8243;]\n    <a href=\"https:\/\/consorcioserrano.es\/de\/der-consorcioserrano-schinken\/verzehr-von-serrano-schinken-des-cjse\/\"   class=\"vc_link_consorcio\" title=\" Wie man Serrano-Schinken verzehrt Traditionelle Kombinationen oder riskant, mit einer breiten Palette von Produkten, ein Vorgeschmack auf jedes Abendessen. \">\n    <div class=\"roll_wrap\" id=\"\">\n\t\t\n        <div class=\"roll_wrap_img \" ><img decoding=\"async\" src=\"https:\/\/consorcioserrano.es\/wp-content\/uploads\/2017\/10\/Como-consumirlo.jpg\" class=\"img-responsive \" > <\/div>\n\t\t\n\n\t\t\n\t\t\n\t        <div class=\"roll_wrap_link_imagetext  \" style=\"color:#ff0000; font-size:;\"><h2><img loading=\"lazy\" decoding=\"async\" class=\"alignnone size-full wp-image-1101\" src=\"http:\/\/consorcioserrano.es\/wp-content\/uploads\/2017\/11\/comillas-aleman-1.png\" alt=\"\" width=\"59\" height=\"53\" \/> Wie man Serrano-Schinken verzehrt<\/h2>\n<p>Traditionelle Kombinationen oder riskant, mit einer breiten Palette von Produkten, ein Vorgeschmack auf jedes Abendessen.<\/p>\n<\/div>\n\t\t\n    <\/div>\n    <\/a>[\/vc_column][vc_column width=&#8220;1\/4&#8243;]\n    <a href=\"https:\/\/consorcioserrano.es\/de\/der-consorcioserrano-schinken\/schinkensorten\/\"   class=\"vc_link_consorcio\" title=\"Schinkensorten Denn Schinken ist nicht gleich Schinken. \">\n    <div class=\"roll_wrap\" id=\"\">\n\t\t\n        <div class=\"roll_wrap_img \" ><img decoding=\"async\" src=\"https:\/\/consorcioserrano.es\/wp-content\/uploads\/2017\/10\/Tipos-de-Jamon.jpg\" class=\"img-responsive \" > <\/div>\n\t\t\n\n\t\t\n\t\t\n\t        <div class=\"roll_wrap_link_imagetext  \" style=\"color:#ff0000; font-size:;\"><h2><img loading=\"lazy\" decoding=\"async\" class=\"alignnone size-full wp-image-1101\" src=\"http:\/\/consorcioserrano.es\/wp-content\/uploads\/2017\/11\/comillas-aleman-1.png\" alt=\"\" width=\"59\" height=\"53\" \/>Schinkensorten<\/h2>\n<p>Denn Schinken ist nicht gleich Schinken.<\/p>\n<\/div>\n\t\t\n    <\/div>\n    <\/a>[\/vc_column][vc_column width=&#8220;1\/4&#8243;]\n    <a href=\"https:\/\/consorcioserrano.es\/de\/ueber-das-consorcio\/das-guetesiegel\/\"   class=\"vc_link_consorcio\" title=\"Das ConsorcioSerrano Siegel Das Symbol gew\u00e4hrleistet die Qualit\u00e4t des besten Serrano-Schinkens. &nbsp; \">\n    <div class=\"roll_wrap\" id=\"\">\n\t\t\n        <div class=\"roll_wrap_img \" ><img decoding=\"async\" src=\"https:\/\/consorcioserrano.es\/wp-content\/uploads\/2024\/02\/sello-de-calidad-pag-interm.jpg\" class=\"img-responsive \" > <\/div>\n\t\t\n\n\t\t\n\t\t\n\t        <div class=\"roll_wrap_link_imagetext  \" style=\"color:#ff0000; font-size:;\"><h2><img loading=\"lazy\" decoding=\"async\" class=\"alignnone size-full wp-image-1101\" src=\"http:\/\/consorcioserrano.es\/wp-content\/uploads\/2017\/11\/comillas-aleman-1.png\" alt=\"\" width=\"59\" height=\"53\" \/>Das ConsorcioSerrano Siegel<\/h2>\n<p>Das Symbol gew\u00e4hrleistet die Qualit\u00e4t des besten Serrano-Schinkens.<\/p>\n<p>&nbsp;<\/p>\n<\/div>\n\t\t\n    <\/div>\n    <\/a>[\/vc_column][\/vc_row]<\/p>\n<\/div>","protected":false},"excerpt":{"rendered":"<p>[vc_row full_width=&#8220;stretch_row_content_no_spaces&#8220; css=&#8220;.vc_custom_1509104616814{background-color: #161616 !important;}&#8220; el_class=&#8220;next-row-no-padding&#8220;][vc_column][vc_column_text css=&#8220;.vc_custom_1699955827517{padding-left: 100px !important;background-color: #161616 !important;}&#8220; el_class=&#8220;no-margin-with-padding&#8220; el_id=&#8220;div-sello&#8220;] Der ConsorcioSerrano-Schinken [\/vc_column_text][\/vc_column][\/vc_row][vc_row full_width=&#8220;stretch_row_content_no_spaces&#8220; el_class=&#8220;next-row-no-padding&#8220;][vc_column width=&#8220;1\/4&#8243;][\/vc_column][vc_column width=&#8220;1\/4&#8243;][\/vc_column][vc_column width=&#8220;1\/4&#8243;][\/vc_column][vc_column width=&#8220;1\/4&#8243;][\/vc_column][\/vc_row][vc_row full_width=&#8220;stretch_row_content_no_spaces&#8220;][vc_column width=&#8220;1\/4&#8243;][\/vc_column][vc_column width=&#8220;1\/4&#8243;][\/vc_column][vc_column width=&#8220;1\/4&#8243;][\/vc_column][vc_column<span class=\"excerpt-hellip\"> [\u2026]<\/span><\/p>\n","protected":false},"author":1,"featured_media":0,"parent":0,"menu_order":0,"comment_status":"closed","ping_status":"closed","template":"","meta":{"_acf_changed":false,"footnotes":""},"class_list":["post-4872","page","type-page","status-publish","hentry","sections_group lang-de"],"yoast_head":"<!-- This site is optimized with the Yoast SEO plugin v27.2 - https:\/\/yoast.com\/product\/yoast-seo-wordpress\/ -->\n<title>ConsorcioSerrano-Schinken - Consorcio del Jam\u00f3n Serrano Espa\u00f1ol<\/title>\n<meta name=\"description\" content=\"ConsorcioSerrano-Schinken. Traditionelle Heilung, St\u00fcck f\u00fcr St\u00fcck Auswahl. CJSE - Qualit\u00e4tsgarantie, Produkt aus Textur, Aroma und einzigartigem Geschmack.\" \/>\n<meta name=\"robots\" content=\"index, follow, max-snippet:-1, max-image-preview:large, max-video-preview:-1\" \/>\n<link rel=\"canonical\" href=\"https:\/\/consorcioserrano.es\/de\/der-consorcioserrano-schinken\/\" \/>\n<meta property=\"og:locale\" content=\"de_DE\" \/>\n<meta property=\"og:type\" content=\"article\" \/>\n<meta property=\"og:title\" content=\"ConsorcioSerrano-Schinken - Consorcio del Jam\u00f3n Serrano Espa\u00f1ol\" \/>\n<meta property=\"og:description\" content=\"ConsorcioSerrano-Schinken. Traditionelle Heilung, St\u00fcck f\u00fcr St\u00fcck Auswahl. CJSE - Qualit\u00e4tsgarantie, Produkt aus Textur, Aroma und einzigartigem Geschmack.\" \/>\n<meta property=\"og:url\" content=\"https:\/\/consorcioserrano.es\/de\/der-consorcioserrano-schinken\/\" \/>\n<meta property=\"og:site_name\" content=\"Consorcio del Jam\u00f3n Serrano Espa\u00f1ol\" \/>\n<meta property=\"article:modified_time\" content=\"2024-02-13T17:06:11+00:00\" \/>\n<meta property=\"og:image\" content=\"https:\/\/consorcioserrano.es\/wp-content\/uploads\/2023\/10\/sello_jamon_consorcio_2023.png\" \/>\n<meta name=\"twitter:card\" content=\"summary_large_image\" \/>\n<meta name=\"twitter:label1\" content=\"Gesch\u00e4tzte Lesezeit\" \/>\n\t<meta name=\"twitter:data1\" content=\"3\u00a0Minuten\" \/>\n<script type=\"application\/ld+json\" class=\"yoast-schema-graph\">{\"@context\":\"https:\/\/schema.org\",\"@graph\":[{\"@type\":\"WebPage\",\"@id\":\"https:\/\/consorcioserrano.es\/de\/der-consorcioserrano-schinken\/\",\"url\":\"https:\/\/consorcioserrano.es\/de\/der-consorcioserrano-schinken\/\",\"name\":\"ConsorcioSerrano-Schinken - Consorcio del Jam\u00f3n Serrano Espa\u00f1ol\",\"isPartOf\":{\"@id\":\"https:\/\/consorcioserrano.es\/#website\"},\"primaryImageOfPage\":{\"@id\":\"https:\/\/consorcioserrano.es\/de\/der-consorcioserrano-schinken\/#primaryimage\"},\"image\":{\"@id\":\"https:\/\/consorcioserrano.es\/de\/der-consorcioserrano-schinken\/#primaryimage\"},\"thumbnailUrl\":\"https:\/\/consorcioserrano.es\/wp-content\/uploads\/2023\/10\/sello_jamon_consorcio_2023.png\",\"datePublished\":\"2017-11-21T11:28:58+00:00\",\"dateModified\":\"2024-02-13T17:06:11+00:00\",\"description\":\"ConsorcioSerrano-Schinken. Traditionelle Heilung, St\u00fcck f\u00fcr St\u00fcck Auswahl. CJSE - Qualit\u00e4tsgarantie, Produkt aus Textur, Aroma und einzigartigem Geschmack.\",\"breadcrumb\":{\"@id\":\"https:\/\/consorcioserrano.es\/de\/der-consorcioserrano-schinken\/#breadcrumb\"},\"inLanguage\":\"de\",\"potentialAction\":[{\"@type\":\"ReadAction\",\"target\":[\"https:\/\/consorcioserrano.es\/de\/der-consorcioserrano-schinken\/\"]}]},{\"@type\":\"ImageObject\",\"inLanguage\":\"de\",\"@id\":\"https:\/\/consorcioserrano.es\/de\/der-consorcioserrano-schinken\/#primaryimage\",\"url\":\"https:\/\/consorcioserrano.es\/wp-content\/uploads\/2023\/10\/sello_jamon_consorcio_2023.png\",\"contentUrl\":\"https:\/\/consorcioserrano.es\/wp-content\/uploads\/2023\/10\/sello_jamon_consorcio_2023.png\"},{\"@type\":\"BreadcrumbList\",\"@id\":\"https:\/\/consorcioserrano.es\/de\/der-consorcioserrano-schinken\/#breadcrumb\",\"itemListElement\":[{\"@type\":\"ListItem\",\"position\":1,\"name\":\"Portada\",\"item\":\"https:\/\/consorcioserrano.es\/de\/\"},{\"@type\":\"ListItem\",\"position\":2,\"name\":\"Der ConsorcioSerrano-Schinken\"}]},{\"@type\":\"WebSite\",\"@id\":\"https:\/\/consorcioserrano.es\/#website\",\"url\":\"https:\/\/consorcioserrano.es\/\",\"name\":\"Consorcio del Jam\u00f3n Serrano Espa\u00f1ol\",\"description\":\"Das Consorcio Serrano-Schinken garantiert die Qualit\u00e4t seines schinken serrano - 100 % spanische Schinken, handauswahl, St\u00fcck f\u00fcr St\u00fcck.\",\"potentialAction\":[{\"@type\":\"SearchAction\",\"target\":{\"@type\":\"EntryPoint\",\"urlTemplate\":\"https:\/\/consorcioserrano.es\/?s={search_term_string}\"},\"query-input\":{\"@type\":\"PropertyValueSpecification\",\"valueRequired\":true,\"valueName\":\"search_term_string\"}}],\"inLanguage\":\"de\"}]}<\/script>\n<!-- \/ Yoast SEO plugin. -->","yoast_head_json":{"title":"ConsorcioSerrano-Schinken - Consorcio del Jam\u00f3n Serrano Espa\u00f1ol","description":"ConsorcioSerrano-Schinken. Traditionelle Heilung, St\u00fcck f\u00fcr St\u00fcck Auswahl. CJSE - Qualit\u00e4tsgarantie, Produkt aus Textur, Aroma und einzigartigem Geschmack.","robots":{"index":"index","follow":"follow","max-snippet":"max-snippet:-1","max-image-preview":"max-image-preview:large","max-video-preview":"max-video-preview:-1"},"canonical":"https:\/\/consorcioserrano.es\/de\/der-consorcioserrano-schinken\/","og_locale":"de_DE","og_type":"article","og_title":"ConsorcioSerrano-Schinken - Consorcio del Jam\u00f3n Serrano Espa\u00f1ol","og_description":"ConsorcioSerrano-Schinken. Traditionelle Heilung, St\u00fcck f\u00fcr St\u00fcck Auswahl. CJSE - Qualit\u00e4tsgarantie, Produkt aus Textur, Aroma und einzigartigem Geschmack.","og_url":"https:\/\/consorcioserrano.es\/de\/der-consorcioserrano-schinken\/","og_site_name":"Consorcio del Jam\u00f3n Serrano Espa\u00f1ol","article_modified_time":"2024-02-13T17:06:11+00:00","og_image":[{"url":"https:\/\/consorcioserrano.es\/wp-content\/uploads\/2023\/10\/sello_jamon_consorcio_2023.png","type":"","width":"","height":""}],"twitter_card":"summary_large_image","twitter_misc":{"Gesch\u00e4tzte Lesezeit":"3\u00a0Minuten"},"schema":{"@context":"https:\/\/schema.org","@graph":[{"@type":"WebPage","@id":"https:\/\/consorcioserrano.es\/de\/der-consorcioserrano-schinken\/","url":"https:\/\/consorcioserrano.es\/de\/der-consorcioserrano-schinken\/","name":"ConsorcioSerrano-Schinken - Consorcio del Jam\u00f3n Serrano Espa\u00f1ol","isPartOf":{"@id":"https:\/\/consorcioserrano.es\/#website"},"primaryImageOfPage":{"@id":"https:\/\/consorcioserrano.es\/de\/der-consorcioserrano-schinken\/#primaryimage"},"image":{"@id":"https:\/\/consorcioserrano.es\/de\/der-consorcioserrano-schinken\/#primaryimage"},"thumbnailUrl":"https:\/\/consorcioserrano.es\/wp-content\/uploads\/2023\/10\/sello_jamon_consorcio_2023.png","datePublished":"2017-11-21T11:28:58+00:00","dateModified":"2024-02-13T17:06:11+00:00","description":"ConsorcioSerrano-Schinken. Traditionelle Heilung, St\u00fcck f\u00fcr St\u00fcck Auswahl. CJSE - Qualit\u00e4tsgarantie, Produkt aus Textur, Aroma und einzigartigem Geschmack.","breadcrumb":{"@id":"https:\/\/consorcioserrano.es\/de\/der-consorcioserrano-schinken\/#breadcrumb"},"inLanguage":"de","potentialAction":[{"@type":"ReadAction","target":["https:\/\/consorcioserrano.es\/de\/der-consorcioserrano-schinken\/"]}]},{"@type":"ImageObject","inLanguage":"de","@id":"https:\/\/consorcioserrano.es\/de\/der-consorcioserrano-schinken\/#primaryimage","url":"https:\/\/consorcioserrano.es\/wp-content\/uploads\/2023\/10\/sello_jamon_consorcio_2023.png","contentUrl":"https:\/\/consorcioserrano.es\/wp-content\/uploads\/2023\/10\/sello_jamon_consorcio_2023.png"},{"@type":"BreadcrumbList","@id":"https:\/\/consorcioserrano.es\/de\/der-consorcioserrano-schinken\/#breadcrumb","itemListElement":[{"@type":"ListItem","position":1,"name":"Portada","item":"https:\/\/consorcioserrano.es\/de\/"},{"@type":"ListItem","position":2,"name":"Der ConsorcioSerrano-Schinken"}]},{"@type":"WebSite","@id":"https:\/\/consorcioserrano.es\/#website","url":"https:\/\/consorcioserrano.es\/","name":"Consorcio del Jam\u00f3n Serrano Espa\u00f1ol","description":"Das Consorcio Serrano-Schinken garantiert die Qualit\u00e4t seines schinken serrano - 100 % spanische Schinken, handauswahl, St\u00fcck f\u00fcr St\u00fcck.","potentialAction":[{"@type":"SearchAction","target":{"@type":"EntryPoint","urlTemplate":"https:\/\/consorcioserrano.es\/?s={search_term_string}"},"query-input":{"@type":"PropertyValueSpecification","valueRequired":true,"valueName":"search_term_string"}}],"inLanguage":"de"}]}},"acf":[],"_links":{"self":[{"href":"https:\/\/consorcioserrano.es\/de\/wp-json\/wp\/v2\/pages\/4872","targetHints":{"allow":["GET"]}}],"collection":[{"href":"https:\/\/consorcioserrano.es\/de\/wp-json\/wp\/v2\/pages"}],"about":[{"href":"https:\/\/consorcioserrano.es\/de\/wp-json\/wp\/v2\/types\/page"}],"author":[{"embeddable":true,"href":"https:\/\/consorcioserrano.es\/de\/wp-json\/wp\/v2\/users\/1"}],"replies":[{"embeddable":true,"href":"https:\/\/consorcioserrano.es\/de\/wp-json\/wp\/v2\/comments?post=4872"}],"version-history":[{"count":3,"href":"https:\/\/consorcioserrano.es\/de\/wp-json\/wp\/v2\/pages\/4872\/revisions"}],"predecessor-version":[{"id":22804,"href":"https:\/\/consorcioserrano.es\/de\/wp-json\/wp\/v2\/pages\/4872\/revisions\/22804"}],"wp:attachment":[{"href":"https:\/\/consorcioserrano.es\/de\/wp-json\/wp\/v2\/media?parent=4872"}],"curies":[{"name":"wp","href":"https:\/\/api.w.org\/{rel}","templated":true}]}}