{"id":4924,"date":"2017-11-21T15:20:32","date_gmt":"2017-11-21T14:20:32","guid":{"rendered":"http:\/\/consorcioserrano.es\/?page_id=4924"},"modified":"2021-05-24T08:33:13","modified_gmt":"2021-05-24T07:33:13","slug":"wie-schneidet-man-einen-consorcioserrano-schinken","status":"publish","type":"page","link":"https:\/\/consorcioserrano.es\/de\/wie-schneidet-man-einen-consorcioserrano-schinken\/","title":{"rendered":"Wie du den &#8222;ConsorcioSerrano Schinken&#8220; schneidest"},"content":{"rendered":"<div class=\"wpb-content-wrapper\"><p>[vc_row full_width=&#8220;stretch_row_content_no_spaces&#8220; css=&#8220;.vc_custom_1509374956510{background-color: #161616 !important;}&#8220;][vc_column][vc_column_text css=&#8220;.vc_custom_1519992188523{padding-left: 100px !important;background-color: #161616 !important;}&#8220; el_class=&#8220;no-margin-with-padding&#8220;]<\/p>\n<p class=\"image-h2\"><img loading=\"lazy\" decoding=\"async\" class=\"alignnone size-full wp-image-975\" src=\"http:\/\/consorcioserrano.es\/wp-content\/uploads\/2017\/10\/s-60-1.png\" alt=\"\" width=\"60\" height=\"60\" srcset=\"https:\/\/consorcioserrano.es\/wp-content\/uploads\/2017\/10\/s-60-1.png 60w, https:\/\/consorcioserrano.es\/wp-content\/uploads\/2017\/10\/s-60-1-50x50.png 50w\" sizes=\"auto, (max-width:767px) 60px, 60px\" \/><\/p>\n<h1><strong>Wie du den &#8222;ConsorcioSerrano Schinken&#8220; schneidest<\/strong><\/h1>\n<p>[\/vc_column_text][\/vc_column][\/vc_row][vc_row full_width=&#8220;stretch_row_content_no_spaces&#8220;][vc_column width=&#8220;1\/3&#8243;]\n    <a href=\"https:\/\/consorcioserrano.es\/de\/wie-schneidet-man-einen-consorcioserrano-schinken\/aufschneiden-von-serrano-schinken-mit-dem-messer\/\"   class=\"vc_link_consorcio\" title=\"AUFSCHNEIDEN VON SERRANO-SCHINKEN MIT DEM MESSER Geheimnisse, Technik und Ratschl\u00e4ge f\u00fcr den Anfang und das Aufschneiden von Serrano-Schinken mit dem Messer \">\n    <div class=\"roll_wrap\" id=\"\">\n\t\t\n        <div class=\"roll_wrap_img \" ><img decoding=\"async\" src=\"https:\/\/consorcioserrano.es\/wp-content\/uploads\/2017\/10\/corte-cuchillo-750x545.jpg\" class=\"img-responsive \" > <\/div>\n\t\t\n\n\t\t\n\t\t\n\t        <div class=\"roll_wrap_link_imagetext  box-s-consorcio-serrano\" style=\"color:#ff0000; font-size:;\"><h1><img loading=\"lazy\" decoding=\"async\" class=\"alignnone size-full wp-image-1101\" src=\"http:\/\/consorcioserrano.es\/wp-content\/uploads\/2017\/11\/comillas-aleman-1.png\" alt=\"\" width=\"59\" height=\"53\" \/>AUFSCHNEIDEN VON SERRANO-SCHINKEN MIT DEM MESSER<\/h1>\n<p>Geheimnisse, Technik und Ratschl\u00e4ge f\u00fcr den Anfang und das Aufschneiden von Serrano-Schinken mit dem Messer<\/p>\n<\/div>\n\t\t\n    <\/div>\n    <\/a>[\/vc_column][vc_column width=&#8220;1\/3&#8243;]\n    <a href=\"https:\/\/consorcioserrano.es\/de\/wie-schneidet-man-einen-consorcioserrano-schinken\/aufschneiden-von-serrano-schinken-mit-der-maschine\/\"   class=\"vc_link_consorcio\" title=\"AUFSCHNEIDEN VON SERRANO-SCHINKEN MIT DER MASCHINE Aufschneiden eines entbeinten Serrano-Schinkens \">\n    <div class=\"roll_wrap\" id=\"\">\n\t\t\n        <div class=\"roll_wrap_img \" ><img decoding=\"async\" src=\"https:\/\/consorcioserrano.es\/wp-content\/uploads\/2017\/10\/corte-maquina-750x545.jpg\" class=\"img-responsive \" > <\/div>\n\t\t\n\n\t\t\n\t\t\n\t        <div class=\"roll_wrap_link_imagetext  \" style=\"color:#ff0000; font-size:;\"><h1><img loading=\"lazy\" decoding=\"async\" class=\"alignnone size-full wp-image-1101\" src=\"http:\/\/consorcioserrano.es\/wp-content\/uploads\/2017\/11\/comillas-aleman-1.png\" alt=\"\" width=\"59\" height=\"53\" \/>AUFSCHNEIDEN VON SERRANO-SCHINKEN MIT DER MASCHINE<\/h1>\n<p>Aufschneiden eines entbeinten Serrano-Schinkens<\/p>\n<\/div>\n\t\t\n    <\/div>\n    <\/a>[\/vc_column][vc_column width=&#8220;1\/3&#8243;]\n    <a href=\"https:\/\/consorcioserrano.es\/de\/wie-schneidet-man-einen-consorcioserrano-schinken\/nach-dem-anschnitt\/\"   class=\"vc_link_consorcio\" title=\"NACH DEM ANSCHNITT Was Sie \u00fcber den Serrano-Schinken nach dem Anschnitt wissen m\u00fcssen. \">\n    <div class=\"roll_wrap\" id=\"\">\n\t\t\n        <div class=\"roll_wrap_img \" ><img decoding=\"async\" src=\"https:\/\/consorcioserrano.es\/wp-content\/uploads\/2021\/05\/despues-corte-21.jpg\" class=\"img-responsive \" > <\/div>\n\t\t\n\n\t\t\n\t\t\n\t        <div class=\"roll_wrap_link_imagetext  \" style=\"color:#ff0000; font-size:;\"><h1><img loading=\"lazy\" decoding=\"async\" class=\"alignnone size-full wp-image-1101\" src=\"http:\/\/consorcioserrano.es\/wp-content\/uploads\/2017\/11\/comillas-aleman-1.png\" alt=\"\" width=\"59\" height=\"53\" \/>NACH DEM ANSCHNITT<\/h1>\n<p>Was Sie \u00fcber den Serrano-Schinken nach dem Anschnitt wissen m\u00fcssen.<\/p>\n<\/div>\n\t\t\n    <\/div>\n    <\/a>[\/vc_column][\/vc_row][vc_row full_width=&#8220;stretch_row_content_no_spaces&#8220;][vc_column]\n<div id=\"ersspace-1\"><\/div><style type=\"text\/css\">#ersspace-1 { height: 60px; }<\/style>[\/vc_column][\/vc_row]<\/p>\n<\/div>","protected":false},"excerpt":{"rendered":"<p>[vc_row full_width=&#8220;stretch_row_content_no_spaces&#8220; css=&#8220;.vc_custom_1509374956510{background-color: #161616 !important;}&#8220;][vc_column][vc_column_text css=&#8220;.vc_custom_1519992188523{padding-left: 100px !important;background-color: #161616 !important;}&#8220; el_class=&#8220;no-margin-with-padding&#8220;] Wie du den &#8222;ConsorcioSerrano Schinken&#8220; schneidest [\/vc_column_text][\/vc_column][\/vc_row][vc_row full_width=&#8220;stretch_row_content_no_spaces&#8220;][vc_column width=&#8220;1\/3&#8243;][\/vc_column][vc_column width=&#8220;1\/3&#8243;][\/vc_column][vc_column width=&#8220;1\/3&#8243;][\/vc_column][\/vc_row][vc_row full_width=&#8220;stretch_row_content_no_spaces&#8220;][vc_column][\/vc_column][\/vc_row]<\/p>\n","protected":false},"author":1,"featured_media":0,"parent":0,"menu_order":0,"comment_status":"closed","ping_status":"closed","template":"","meta":{"_acf_changed":false,"footnotes":""},"class_list":["post-4924","page","type-page","status-publish","hentry","sections_group lang-de"],"yoast_head":"<!-- This site is optimized with the Yoast SEO plugin v27.2 - https:\/\/yoast.com\/product\/yoast-seo-wordpress\/ -->\n<title>Schneidet man einen ConsorcioSerrano-Schinken - CJSE<\/title>\n<meta name=\"description\" content=\"Schneidet man einen ConsorcioSerrano-Schinken, Maschine und Messer zu schneiden. Die besten Techniken f\u00fcr Profis und regelm\u00e4\u00dfige Konsumenten von Schinken.\" \/>\n<meta name=\"robots\" content=\"index, follow, max-snippet:-1, max-image-preview:large, max-video-preview:-1\" \/>\n<link rel=\"canonical\" href=\"https:\/\/consorcioserrano.es\/de\/wie-schneidet-man-einen-consorcioserrano-schinken\/\" \/>\n<meta property=\"og:locale\" content=\"de_DE\" \/>\n<meta property=\"og:type\" content=\"article\" \/>\n<meta property=\"og:title\" content=\"Schneidet man einen ConsorcioSerrano-Schinken - CJSE\" \/>\n<meta property=\"og:description\" content=\"Schneidet man einen ConsorcioSerrano-Schinken, Maschine und Messer zu schneiden. Die besten Techniken f\u00fcr Profis und regelm\u00e4\u00dfige Konsumenten von Schinken.\" \/>\n<meta property=\"og:url\" content=\"https:\/\/consorcioserrano.es\/de\/wie-schneidet-man-einen-consorcioserrano-schinken\/\" \/>\n<meta property=\"og:site_name\" content=\"Consorcio del Jam\u00f3n Serrano Espa\u00f1ol\" \/>\n<meta property=\"article:modified_time\" content=\"2021-05-24T07:33:13+00:00\" \/>\n<meta property=\"og:image\" content=\"http:\/\/consorcioserrano.es\/wp-content\/uploads\/2017\/10\/s-60-1.png\" \/>\n<meta name=\"twitter:card\" content=\"summary_large_image\" \/>\n<meta name=\"twitter:label1\" content=\"Gesch\u00e4tzte Lesezeit\" \/>\n\t<meta name=\"twitter:data1\" content=\"1\u00a0Minute\" \/>\n<script type=\"application\/ld+json\" class=\"yoast-schema-graph\">{\"@context\":\"https:\/\/schema.org\",\"@graph\":[{\"@type\":\"WebPage\",\"@id\":\"https:\/\/consorcioserrano.es\/de\/wie-schneidet-man-einen-consorcioserrano-schinken\/\",\"url\":\"https:\/\/consorcioserrano.es\/de\/wie-schneidet-man-einen-consorcioserrano-schinken\/\",\"name\":\"Schneidet man einen ConsorcioSerrano-Schinken - CJSE\",\"isPartOf\":{\"@id\":\"https:\/\/consorcioserrano.es\/#website\"},\"primaryImageOfPage\":{\"@id\":\"https:\/\/consorcioserrano.es\/de\/wie-schneidet-man-einen-consorcioserrano-schinken\/#primaryimage\"},\"image\":{\"@id\":\"https:\/\/consorcioserrano.es\/de\/wie-schneidet-man-einen-consorcioserrano-schinken\/#primaryimage\"},\"thumbnailUrl\":\"http:\/\/consorcioserrano.es\/wp-content\/uploads\/2017\/10\/s-60-1.png\",\"datePublished\":\"2017-11-21T14:20:32+00:00\",\"dateModified\":\"2021-05-24T07:33:13+00:00\",\"description\":\"Schneidet man einen ConsorcioSerrano-Schinken, Maschine und Messer zu schneiden. Die besten Techniken f\u00fcr Profis und regelm\u00e4\u00dfige Konsumenten von Schinken.\",\"breadcrumb\":{\"@id\":\"https:\/\/consorcioserrano.es\/de\/wie-schneidet-man-einen-consorcioserrano-schinken\/#breadcrumb\"},\"inLanguage\":\"de\",\"potentialAction\":[{\"@type\":\"ReadAction\",\"target\":[\"https:\/\/consorcioserrano.es\/de\/wie-schneidet-man-einen-consorcioserrano-schinken\/\"]}]},{\"@type\":\"ImageObject\",\"inLanguage\":\"de\",\"@id\":\"https:\/\/consorcioserrano.es\/de\/wie-schneidet-man-einen-consorcioserrano-schinken\/#primaryimage\",\"url\":\"http:\/\/consorcioserrano.es\/wp-content\/uploads\/2017\/10\/s-60-1.png\",\"contentUrl\":\"http:\/\/consorcioserrano.es\/wp-content\/uploads\/2017\/10\/s-60-1.png\"},{\"@type\":\"BreadcrumbList\",\"@id\":\"https:\/\/consorcioserrano.es\/de\/wie-schneidet-man-einen-consorcioserrano-schinken\/#breadcrumb\",\"itemListElement\":[{\"@type\":\"ListItem\",\"position\":1,\"name\":\"Portada\",\"item\":\"https:\/\/consorcioserrano.es\/de\/\"},{\"@type\":\"ListItem\",\"position\":2,\"name\":\"Wie du den &#8220;ConsorcioSerrano Schinken&#8221; schneidest\"}]},{\"@type\":\"WebSite\",\"@id\":\"https:\/\/consorcioserrano.es\/#website\",\"url\":\"https:\/\/consorcioserrano.es\/\",\"name\":\"Consorcio del Jam\u00f3n Serrano Espa\u00f1ol\",\"description\":\"Das Consorcio Serrano-Schinken garantiert die Qualit\u00e4t seines schinken serrano - 100 % spanische Schinken, handauswahl, St\u00fcck f\u00fcr St\u00fcck.\",\"potentialAction\":[{\"@type\":\"SearchAction\",\"target\":{\"@type\":\"EntryPoint\",\"urlTemplate\":\"https:\/\/consorcioserrano.es\/?s={search_term_string}\"},\"query-input\":{\"@type\":\"PropertyValueSpecification\",\"valueRequired\":true,\"valueName\":\"search_term_string\"}}],\"inLanguage\":\"de\"}]}<\/script>\n<!-- \/ Yoast SEO plugin. -->","yoast_head_json":{"title":"Schneidet man einen ConsorcioSerrano-Schinken - CJSE","description":"Schneidet man einen ConsorcioSerrano-Schinken, Maschine und Messer zu schneiden. Die besten Techniken f\u00fcr Profis und regelm\u00e4\u00dfige Konsumenten von Schinken.","robots":{"index":"index","follow":"follow","max-snippet":"max-snippet:-1","max-image-preview":"max-image-preview:large","max-video-preview":"max-video-preview:-1"},"canonical":"https:\/\/consorcioserrano.es\/de\/wie-schneidet-man-einen-consorcioserrano-schinken\/","og_locale":"de_DE","og_type":"article","og_title":"Schneidet man einen ConsorcioSerrano-Schinken - CJSE","og_description":"Schneidet man einen ConsorcioSerrano-Schinken, Maschine und Messer zu schneiden. Die besten Techniken f\u00fcr Profis und regelm\u00e4\u00dfige Konsumenten von Schinken.","og_url":"https:\/\/consorcioserrano.es\/de\/wie-schneidet-man-einen-consorcioserrano-schinken\/","og_site_name":"Consorcio del Jam\u00f3n Serrano Espa\u00f1ol","article_modified_time":"2021-05-24T07:33:13+00:00","og_image":[{"url":"http:\/\/consorcioserrano.es\/wp-content\/uploads\/2017\/10\/s-60-1.png","type":"","width":"","height":""}],"twitter_card":"summary_large_image","twitter_misc":{"Gesch\u00e4tzte Lesezeit":"1\u00a0Minute"},"schema":{"@context":"https:\/\/schema.org","@graph":[{"@type":"WebPage","@id":"https:\/\/consorcioserrano.es\/de\/wie-schneidet-man-einen-consorcioserrano-schinken\/","url":"https:\/\/consorcioserrano.es\/de\/wie-schneidet-man-einen-consorcioserrano-schinken\/","name":"Schneidet man einen ConsorcioSerrano-Schinken - CJSE","isPartOf":{"@id":"https:\/\/consorcioserrano.es\/#website"},"primaryImageOfPage":{"@id":"https:\/\/consorcioserrano.es\/de\/wie-schneidet-man-einen-consorcioserrano-schinken\/#primaryimage"},"image":{"@id":"https:\/\/consorcioserrano.es\/de\/wie-schneidet-man-einen-consorcioserrano-schinken\/#primaryimage"},"thumbnailUrl":"http:\/\/consorcioserrano.es\/wp-content\/uploads\/2017\/10\/s-60-1.png","datePublished":"2017-11-21T14:20:32+00:00","dateModified":"2021-05-24T07:33:13+00:00","description":"Schneidet man einen ConsorcioSerrano-Schinken, Maschine und Messer zu schneiden. Die besten Techniken f\u00fcr Profis und regelm\u00e4\u00dfige Konsumenten von Schinken.","breadcrumb":{"@id":"https:\/\/consorcioserrano.es\/de\/wie-schneidet-man-einen-consorcioserrano-schinken\/#breadcrumb"},"inLanguage":"de","potentialAction":[{"@type":"ReadAction","target":["https:\/\/consorcioserrano.es\/de\/wie-schneidet-man-einen-consorcioserrano-schinken\/"]}]},{"@type":"ImageObject","inLanguage":"de","@id":"https:\/\/consorcioserrano.es\/de\/wie-schneidet-man-einen-consorcioserrano-schinken\/#primaryimage","url":"http:\/\/consorcioserrano.es\/wp-content\/uploads\/2017\/10\/s-60-1.png","contentUrl":"http:\/\/consorcioserrano.es\/wp-content\/uploads\/2017\/10\/s-60-1.png"},{"@type":"BreadcrumbList","@id":"https:\/\/consorcioserrano.es\/de\/wie-schneidet-man-einen-consorcioserrano-schinken\/#breadcrumb","itemListElement":[{"@type":"ListItem","position":1,"name":"Portada","item":"https:\/\/consorcioserrano.es\/de\/"},{"@type":"ListItem","position":2,"name":"Wie du den &#8220;ConsorcioSerrano Schinken&#8221; schneidest"}]},{"@type":"WebSite","@id":"https:\/\/consorcioserrano.es\/#website","url":"https:\/\/consorcioserrano.es\/","name":"Consorcio del Jam\u00f3n Serrano Espa\u00f1ol","description":"Das Consorcio Serrano-Schinken garantiert die Qualit\u00e4t seines schinken serrano - 100 % spanische Schinken, handauswahl, St\u00fcck f\u00fcr St\u00fcck.","potentialAction":[{"@type":"SearchAction","target":{"@type":"EntryPoint","urlTemplate":"https:\/\/consorcioserrano.es\/?s={search_term_string}"},"query-input":{"@type":"PropertyValueSpecification","valueRequired":true,"valueName":"search_term_string"}}],"inLanguage":"de"}]}},"acf":[],"_links":{"self":[{"href":"https:\/\/consorcioserrano.es\/de\/wp-json\/wp\/v2\/pages\/4924","targetHints":{"allow":["GET"]}}],"collection":[{"href":"https:\/\/consorcioserrano.es\/de\/wp-json\/wp\/v2\/pages"}],"about":[{"href":"https:\/\/consorcioserrano.es\/de\/wp-json\/wp\/v2\/types\/page"}],"author":[{"embeddable":true,"href":"https:\/\/consorcioserrano.es\/de\/wp-json\/wp\/v2\/users\/1"}],"replies":[{"embeddable":true,"href":"https:\/\/consorcioserrano.es\/de\/wp-json\/wp\/v2\/comments?post=4924"}],"version-history":[{"count":1,"href":"https:\/\/consorcioserrano.es\/de\/wp-json\/wp\/v2\/pages\/4924\/revisions"}],"predecessor-version":[{"id":13482,"href":"https:\/\/consorcioserrano.es\/de\/wp-json\/wp\/v2\/pages\/4924\/revisions\/13482"}],"wp:attachment":[{"href":"https:\/\/consorcioserrano.es\/de\/wp-json\/wp\/v2\/media?parent=4924"}],"curies":[{"name":"wp","href":"https:\/\/api.w.org\/{rel}","templated":true}]}}