{"id":4937,"date":"2017-11-21T15:55:14","date_gmt":"2017-11-21T14:55:14","guid":{"rendered":"http:\/\/consorcioserrano.es\/?page_id=4937"},"modified":"2017-11-21T15:55:14","modified_gmt":"2017-11-21T14:55:14","slug":"benutzer-zugriff","status":"publish","type":"page","link":"https:\/\/consorcioserrano.es\/de\/benutzer-zugriff\/","title":{"rendered":"Benutzer &#8211; Zugriff"},"content":{"rendered":"<div class=\"wpb-content-wrapper\">\t<div class=\"login-form-container container personalize-login\">\n\n\n\n\t<div class=\"vc_row wpb_row vc_row-fluid\">\n\t\t<div class=\"wpb_column vc_column_container vc_col-sm-4\"><\/div>\n\t\t\n\t\t\n\t\t<div class=\"wpb_column vc_column_container vc_col-sm-4\">\n\t\t\t\t\t\n\t\t\t<!-- Show errors if there are any -->\n\t\t\t\t\t\n\t\t\t<!-- Show logged out message if user just logged out -->\n\t\t\t\t\t\n\t\t\t\t\t\t\t\t\t\t\t\n\t\t\t\t\t\n\t\t\t<form name=\"loginform\" id=\"loginform\" action=\"https:\/\/consorcioserrano.es\/wp-login.php\" method=\"post\">\n\t\t\t\t<div class=\"wp-success\"><\/div>\n\t\t\t\t<p class=\"login-username\">\n\t\t\t\t\t<label for=\"user_login\">Email<\/label>\n\t\t\t\t\t<input type=\"text\" name=\"log\" id=\"user_login\" class=\"input\" value=\"\" size=\"20\">\n\t\t\t\t<\/p>\n\t\t\t\t<p class=\"login-password\">\n\t\t\t\t\t<label for=\"user_pass\">Kennwort<\/label>\n\t\t\t\t\t<input type=\"password\" name=\"pwd\" id=\"user_pass\" class=\"input\" value=\"\" size=\"20\">\n\t\t\t\t\t<input type=\"hidden\" name=\"lang\" value=\"de\">\n\t\t\t\t\t<input type=\"hidden\" name=\"redirect_to\" value=\"\">\t\t\t\t\n\t\t\t\t<\/p>\n\t\t\t\t\n\t\t\t\t<p class=\"login-remember\"><label><input name=\"rememberme\" type=\"checkbox\" id=\"rememberme\" value=\"forever\">Angemeldet bleiben<\/label><\/p>\n\t\t\t\t<p class=\"login-submit\">\n\t\t\t\t\t<input type=\"submit\" name=\"wp-submit\" id=\"wp-submit\" class=\"button button-primary\" value=\"Sign In\">\n\t\t\t\t<\/p>\t\n\t\t\t<\/form>\n\t\t\t\t\n\t\t\t\n\t\t\n\t\t\t<a class=\"forgot-password\" href=\"https:\/\/consorcioserrano.es\/wp-login.php?action=lostpassword&lang=de\">\n\t\t\t\tHaben Sie Ihr Passwort vergessen?\t\t\t<\/a>\n\t\t\t<br \/><br \/><br \/>\n\t\t<\/div>\n\n\t\t<div class=\"wpb_column vc_column_container vc_col-sm-4\"><\/div>\t\n\t<\/div>\t\t\n<\/div>\n\n\n\n\n\n<\/div>","protected":false},"excerpt":{"rendered":"Email Kennwort Angemeldet bleiben Haben Sie Ihr Passwort vergessen?","protected":false},"author":1,"featured_media":0,"parent":0,"menu_order":0,"comment_status":"closed","ping_status":"closed","template":"","meta":{"_acf_changed":false,"footnotes":""},"class_list":["post-4937","page","type-page","status-publish","hentry","sections_group lang-de"],"yoast_head":"<!-- This site is optimized with the Yoast SEO plugin v27.2 - https:\/\/yoast.com\/product\/yoast-seo-wordpress\/ -->\n<title>Benutzer - Zugriff - Der Consorcio Serrano-Schinken<\/title>\n<meta name=\"description\" content=\"Das Consorcio Serrano-Schinken garantiert die Qualit\u00e4t seines schinken serrano - 100 % spanische Schinken, handauswahl, St\u00fcck f\u00fcr St\u00fcck.\" \/>\n<meta name=\"robots\" content=\"index, follow, max-snippet:-1, max-image-preview:large, max-video-preview:-1\" \/>\n<link rel=\"canonical\" href=\"https:\/\/consorcioserrano.es\/de\/benutzer-zugriff\/\" \/>\n<meta property=\"og:locale\" content=\"de_DE\" \/>\n<meta property=\"og:type\" content=\"article\" \/>\n<meta property=\"og:title\" content=\"Benutzer - Zugriff - Der Consorcio Serrano-Schinken\" \/>\n<meta property=\"og:description\" content=\"Das Consorcio Serrano-Schinken garantiert die Qualit\u00e4t seines schinken serrano - 100 % spanische Schinken, handauswahl, St\u00fcck f\u00fcr St\u00fcck.\" \/>\n<meta property=\"og:url\" content=\"https:\/\/consorcioserrano.es\/de\/benutzer-zugriff\/\" \/>\n<meta property=\"og:site_name\" content=\"Consorcio del Jam\u00f3n Serrano Espa\u00f1ol\" \/>\n<meta property=\"og:image\" content=\"http:\/\/consorcioserrano.es\/wp-content\/uploads\/2017\/11\/social-consorcio-serrano.jpg\" \/>\n<meta name=\"twitter:card\" content=\"summary_large_image\" \/>\n<script type=\"application\/ld+json\" class=\"yoast-schema-graph\">{\"@context\":\"https:\/\/schema.org\",\"@graph\":[{\"@type\":\"WebPage\",\"@id\":\"https:\/\/consorcioserrano.es\/de\/benutzer-zugriff\/\",\"url\":\"https:\/\/consorcioserrano.es\/de\/benutzer-zugriff\/\",\"name\":\"Benutzer - Zugriff - Der Consorcio Serrano-Schinken\",\"isPartOf\":{\"@id\":\"https:\/\/consorcioserrano.es\/#website\"},\"datePublished\":\"2017-11-21T14:55:14+00:00\",\"description\":\"Das Consorcio Serrano-Schinken garantiert die Qualit\u00e4t seines schinken serrano - 100 % spanische Schinken, handauswahl, St\u00fcck f\u00fcr St\u00fcck.\",\"breadcrumb\":{\"@id\":\"https:\/\/consorcioserrano.es\/de\/benutzer-zugriff\/#breadcrumb\"},\"inLanguage\":\"de\",\"potentialAction\":[{\"@type\":\"ReadAction\",\"target\":[\"https:\/\/consorcioserrano.es\/de\/benutzer-zugriff\/\"]}]},{\"@type\":\"BreadcrumbList\",\"@id\":\"https:\/\/consorcioserrano.es\/de\/benutzer-zugriff\/#breadcrumb\",\"itemListElement\":[{\"@type\":\"ListItem\",\"position\":1,\"name\":\"Portada\",\"item\":\"https:\/\/consorcioserrano.es\/de\/\"},{\"@type\":\"ListItem\",\"position\":2,\"name\":\"Benutzer &#8211; Zugriff\"}]},{\"@type\":\"WebSite\",\"@id\":\"https:\/\/consorcioserrano.es\/#website\",\"url\":\"https:\/\/consorcioserrano.es\/\",\"name\":\"Consorcio del Jam\u00f3n Serrano Espa\u00f1ol\",\"description\":\"Das Consorcio Serrano-Schinken garantiert die Qualit\u00e4t seines schinken serrano - 100 % spanische Schinken, handauswahl, St\u00fcck f\u00fcr St\u00fcck.\",\"potentialAction\":[{\"@type\":\"SearchAction\",\"target\":{\"@type\":\"EntryPoint\",\"urlTemplate\":\"https:\/\/consorcioserrano.es\/?s={search_term_string}\"},\"query-input\":{\"@type\":\"PropertyValueSpecification\",\"valueRequired\":true,\"valueName\":\"search_term_string\"}}],\"inLanguage\":\"de\"}]}<\/script>\n<!-- \/ Yoast SEO plugin. -->","yoast_head_json":{"title":"Benutzer - Zugriff - Der Consorcio Serrano-Schinken","description":"Das Consorcio Serrano-Schinken garantiert die Qualit\u00e4t seines schinken serrano - 100 % spanische Schinken, handauswahl, St\u00fcck f\u00fcr St\u00fcck.","robots":{"index":"index","follow":"follow","max-snippet":"max-snippet:-1","max-image-preview":"max-image-preview:large","max-video-preview":"max-video-preview:-1"},"canonical":"https:\/\/consorcioserrano.es\/de\/benutzer-zugriff\/","og_locale":"de_DE","og_type":"article","og_title":"Benutzer - Zugriff - Der Consorcio Serrano-Schinken","og_description":"Das Consorcio Serrano-Schinken garantiert die Qualit\u00e4t seines schinken serrano - 100 % spanische Schinken, handauswahl, St\u00fcck f\u00fcr St\u00fcck.","og_url":"https:\/\/consorcioserrano.es\/de\/benutzer-zugriff\/","og_site_name":"Consorcio del Jam\u00f3n Serrano Espa\u00f1ol","og_image":[{"url":"http:\/\/consorcioserrano.es\/wp-content\/uploads\/2017\/11\/social-consorcio-serrano.jpg","type":"","width":"","height":""}],"twitter_card":"summary_large_image","schema":{"@context":"https:\/\/schema.org","@graph":[{"@type":"WebPage","@id":"https:\/\/consorcioserrano.es\/de\/benutzer-zugriff\/","url":"https:\/\/consorcioserrano.es\/de\/benutzer-zugriff\/","name":"Benutzer - Zugriff - Der Consorcio Serrano-Schinken","isPartOf":{"@id":"https:\/\/consorcioserrano.es\/#website"},"datePublished":"2017-11-21T14:55:14+00:00","description":"Das Consorcio Serrano-Schinken garantiert die Qualit\u00e4t seines schinken serrano - 100 % spanische Schinken, handauswahl, St\u00fcck f\u00fcr St\u00fcck.","breadcrumb":{"@id":"https:\/\/consorcioserrano.es\/de\/benutzer-zugriff\/#breadcrumb"},"inLanguage":"de","potentialAction":[{"@type":"ReadAction","target":["https:\/\/consorcioserrano.es\/de\/benutzer-zugriff\/"]}]},{"@type":"BreadcrumbList","@id":"https:\/\/consorcioserrano.es\/de\/benutzer-zugriff\/#breadcrumb","itemListElement":[{"@type":"ListItem","position":1,"name":"Portada","item":"https:\/\/consorcioserrano.es\/de\/"},{"@type":"ListItem","position":2,"name":"Benutzer &#8211; Zugriff"}]},{"@type":"WebSite","@id":"https:\/\/consorcioserrano.es\/#website","url":"https:\/\/consorcioserrano.es\/","name":"Consorcio del Jam\u00f3n Serrano Espa\u00f1ol","description":"Das Consorcio Serrano-Schinken garantiert die Qualit\u00e4t seines schinken serrano - 100 % spanische Schinken, handauswahl, St\u00fcck f\u00fcr St\u00fcck.","potentialAction":[{"@type":"SearchAction","target":{"@type":"EntryPoint","urlTemplate":"https:\/\/consorcioserrano.es\/?s={search_term_string}"},"query-input":{"@type":"PropertyValueSpecification","valueRequired":true,"valueName":"search_term_string"}}],"inLanguage":"de"}]}},"acf":[],"_links":{"self":[{"href":"https:\/\/consorcioserrano.es\/de\/wp-json\/wp\/v2\/pages\/4937","targetHints":{"allow":["GET"]}}],"collection":[{"href":"https:\/\/consorcioserrano.es\/de\/wp-json\/wp\/v2\/pages"}],"about":[{"href":"https:\/\/consorcioserrano.es\/de\/wp-json\/wp\/v2\/types\/page"}],"author":[{"embeddable":true,"href":"https:\/\/consorcioserrano.es\/de\/wp-json\/wp\/v2\/users\/1"}],"replies":[{"embeddable":true,"href":"https:\/\/consorcioserrano.es\/de\/wp-json\/wp\/v2\/comments?post=4937"}],"version-history":[{"count":0,"href":"https:\/\/consorcioserrano.es\/de\/wp-json\/wp\/v2\/pages\/4937\/revisions"}],"wp:attachment":[{"href":"https:\/\/consorcioserrano.es\/de\/wp-json\/wp\/v2\/media?parent=4937"}],"curies":[{"name":"wp","href":"https:\/\/api.w.org\/{rel}","templated":true}]}}