{"id":4956,"date":"2017-11-22T11:08:18","date_gmt":"2017-11-22T10:08:18","guid":{"rendered":"http:\/\/consorcioserrano.es\/?page_id=4956"},"modified":"2024-08-30T11:34:06","modified_gmt":"2024-08-30T10:34:06","slug":"ueber-das-consorcio","status":"publish","type":"page","link":"https:\/\/consorcioserrano.es\/de\/ueber-das-consorcio\/","title":{"rendered":"\u00dcber das Consorcio"},"content":{"rendered":"<div class=\"wpb-content-wrapper\"><p>[vc_row full_width=&#8220;stretch_row_content_no_spaces&#8220; css=&#8220;.vc_custom_1509104616814{background-color: #161616 !important;}&#8220; el_class=&#8220;next-row-no-padding&#8220;][vc_column][vc_column_text css=&#8220;.vc_custom_1706176248766{padding-left: 100px !important;background-color: #161616 !important;}&#8220; el_class=&#8220;no-margin-with-padding&#8220;]<\/p>\n<p class=\"image-h2\"><img loading=\"lazy\" decoding=\"async\" class=\"alignnone size-full wp-image-975\" src=\"http:\/\/consorcioserrano.es\/wp-content\/uploads\/2017\/10\/s-60-1.png\" alt=\"\" width=\"60\" height=\"60\" srcset=\"https:\/\/consorcioserrano.es\/wp-content\/uploads\/2017\/10\/s-60-1.png 60w, https:\/\/consorcioserrano.es\/wp-content\/uploads\/2017\/10\/s-60-1-50x50.png 50w\" sizes=\"auto, (max-width:767px) 60px, 60px\" \/><\/p>\n<h1><strong>\u00dcBER CONSORCIO<\/strong> Serrano-schinken<\/h1>\n<p>[\/vc_column_text][\/vc_column][\/vc_row][vc_row full_width=&#8220;stretch_row_content_no_spaces&#8220; el_class=&#8220;next-row-no-padding&#8220;][vc_column width=&#8220;1\/3&#8243;]\n    <a href=\"https:\/\/consorcioserrano.es\/de\/ueber-das-consorcio\/geschichte\/\"   class=\"vc_link_consorcio\" title=\"\u00a0Geschichte Der Unternehmensverband, der die Qualit\u00e4t des spanischen Serrano-Schinkens und seine weltweite Verbreitung gew\u00e4hrleistet. \">\n    <div class=\"roll_wrap\" id=\"\">\n\t\t\n        <div class=\"roll_wrap_img \" ><img decoding=\"async\" src=\"https:\/\/consorcioserrano.es\/wp-content\/uploads\/2017\/10\/historia-consorcio-jamon-serrano-principal-secccion-750x545.jpg\" class=\"img-responsive \" > <\/div>\n\t\t\n\n\t\t\n\t\t\n\t        <div class=\"roll_wrap_link_imagetext  box-s-consorcio-serrano\" style=\"color:#ff0000; font-size:;\"><h2><img loading=\"lazy\" decoding=\"async\" class=\"alignnone size-full wp-image-1101\" src=\"http:\/\/consorcioserrano.es\/wp-content\/uploads\/2017\/11\/comillas-aleman-1.png\" alt=\"\" width=\"59\" height=\"53\" \/>\u00a0Geschichte<\/h2>\n<p>Der Unternehmensverband, der die Qualit\u00e4t des spanischen Serrano-Schinkens und seine weltweite Verbreitung gew\u00e4hrleistet.<\/p>\n<\/div>\n\t\t\n    <\/div>\n    <\/a>[\/vc_column][vc_column width=&#8220;1\/3&#8243;]\n    <a href=\"https:\/\/consorcioserrano.es\/de\/ueber-das-consorcio\/was-uns-auszeichnet\/\"   class=\"vc_link_consorcio\" title=\"\u00a0WAS UNS AUSZEICHNET Eine Verpflichtung zur Tradition und zum Know-how des echten spanischen Serrano-Schinkens. \">\n    <div class=\"roll_wrap\" id=\"\">\n\t\t\n        <div class=\"roll_wrap_img \" ><img decoding=\"async\" src=\"https:\/\/consorcioserrano.es\/wp-content\/uploads\/2017\/10\/identifica-consorcio-jamon-serrano-principal-secccion-750x545.jpg\" class=\"img-responsive \" > <\/div>\n\t\t\n\n\t\t\n\t\t\n\t        <div class=\"roll_wrap_link_imagetext  \" style=\"color:#ff0000; font-size:;\"><h2><img loading=\"lazy\" decoding=\"async\" class=\"alignnone size-full wp-image-1101\" src=\"http:\/\/consorcioserrano.es\/wp-content\/uploads\/2017\/11\/comillas-aleman-1.png\" alt=\"\" width=\"59\" height=\"53\" \/><strong>\u00a0<\/strong>WAS UNS AUSZEICHNET<\/h2>\n<p>Eine Verpflichtung zur Tradition und zum Know-how des echten spanischen Serrano-Schinkens.<\/p>\n<\/div>\n\t\t\n    <\/div>\n    <\/a>[\/vc_column][vc_column width=&#8220;1\/3&#8243;]\n    <a href=\"https:\/\/consorcioserrano.es\/de\/ueber-das-consorcio\/das-guetesiegel\/\"   class=\"vc_link_consorcio\" title=\"DAS G\u00dcTESIEGEL Das Symbol gew\u00e4hrleistet die Qualit\u00e4t des besten Serrano-Schinkens. \">\n    <div class=\"roll_wrap\" id=\"\">\n\t\t\n        <div class=\"roll_wrap_img \" ><img decoding=\"async\" src=\"https:\/\/consorcioserrano.es\/wp-content\/uploads\/2017\/10\/sello-calidad-consorcio-jamon-serrano-principal-secccion-750x545.jpg\" class=\"img-responsive \" > <\/div>\n\t\t\n\n\t\t\n\t\t\n\t        <div class=\"roll_wrap_link_imagetext  \" style=\"color:#ff0000; font-size:;\"><h2><img loading=\"lazy\" decoding=\"async\" class=\"alignnone size-full wp-image-1101\" src=\"http:\/\/consorcioserrano.es\/wp-content\/uploads\/2017\/11\/comillas-aleman-1.png\" alt=\"\" width=\"59\" height=\"53\" \/>DAS G\u00dcTESIEGEL<\/h2>\n<p>Das Symbol gew\u00e4hrleistet die Qualit\u00e4t des besten Serrano-Schinkens.<\/p>\n<\/div>\n\t\t\n    <\/div>\n    <\/a>[\/vc_column][\/vc_row][vc_row full_width=&#8220;stretch_row_content_no_spaces&#8220;][vc_column width=&#8220;1\/4&#8243; offset=&#8220;vc_col-lg-2 vc_col-md-2&#8243;][\/vc_column][vc_column width=&#8220;1\/4&#8243; offset=&#8220;vc_col-lg-4 vc_col-md-4&#8243;]\n    <a href=\"https:\/\/consorcioserrano.es\/de\/ueber-das-consorcio\/internationale-praesenz-des-verbands\/\"   class=\"vc_link_consorcio\" title=\"INTERNATIONALE PR\u00c4SENZ DES VERBANDS Ein Engagement f\u00fcr internationale, kompetente, vielf\u00e4ltige und erstklassige Verbreitung und Ausfuhr. \">\n    <div class=\"roll_wrap\" id=\"\">\n\t\t\n        <div class=\"roll_wrap_img \" ><img decoding=\"async\" src=\"https:\/\/consorcioserrano.es\/wp-content\/uploads\/2017\/10\/presencia-internacional-consorcio-jamon-serrano-principal-secccion-750x545.jpg\" class=\"img-responsive \" > <\/div>\n\t\t\n\n\t\t\n\t\t\n\t        <div class=\"roll_wrap_link_imagetext  \" style=\"color:#ff0000; font-size:;\"><h2><img loading=\"lazy\" decoding=\"async\" class=\"alignnone size-full wp-image-1101\" src=\"http:\/\/consorcioserrano.es\/wp-content\/uploads\/2017\/11\/comillas-aleman-1.png\" alt=\"\" width=\"59\" height=\"53\" \/>INTERNATIONALE PR\u00c4SENZ DES VERBANDS<\/h2>\n<p>Ein Engagement f\u00fcr internationale, kompetente, vielf\u00e4ltige und erstklassige Verbreitung und Ausfuhr.<\/p>\n<\/div>\n\t\t\n    <\/div>\n    <\/a>[\/vc_column][vc_column width=&#8220;1\/4&#8243; offset=&#8220;vc_col-lg-4 vc_col-md-4&#8243;]\n    <a href=\"https:\/\/consorcioserrano.es\/de\/wer-wir-sind\/unsere-partner\/\"   class=\"vc_link_consorcio\" title=\"\u00a0Unsere Partner  Spanische Marken, die sich der Qualit\u00e4t des Serrano-Schinkens verschrieben haben. \">\n    <div class=\"roll_wrap\" id=\"\">\n\t\t\n        <div class=\"roll_wrap_img \" ><img decoding=\"async\" src=\"https:\/\/consorcioserrano.es\/wp-content\/uploads\/2024\/08\/asociados-nueva-5-2024.jpg\" class=\"img-responsive \" > <\/div>\n\t\t\n\n\t\t\n\t\t\n\t        <div class=\"roll_wrap_link_imagetext  \" style=\"color:#ff0000; font-size:;\"><h2><img loading=\"lazy\" decoding=\"async\" class=\"alignnone size-full wp-image-1101\" src=\"http:\/\/consorcioserrano.es\/wp-content\/uploads\/2017\/11\/comillas-aleman-1.png\" alt=\"\" width=\"59\" height=\"53\" \/>\u00a0<strong>Unsere Partner <\/strong><\/h2>\n<p>Spanische Marken, die sich der Qualit\u00e4t des Serrano-Schinkens verschrieben haben.<\/p>\n<\/div>\n\t\t\n    <\/div>\n    <\/a>[\/vc_column][vc_column width=&#8220;1\/4&#8243; offset=&#8220;vc_col-lg-2 vc_col-md-2&#8243;][\/vc_column][\/vc_row]<\/p>\n<\/div>","protected":false},"excerpt":{"rendered":"<p>[vc_row full_width=&#8220;stretch_row_content_no_spaces&#8220; css=&#8220;.vc_custom_1509104616814{background-color: #161616 !important;}&#8220; el_class=&#8220;next-row-no-padding&#8220;][vc_column][vc_column_text css=&#8220;.vc_custom_1706176248766{padding-left: 100px !important;background-color: #161616 !important;}&#8220; el_class=&#8220;no-margin-with-padding&#8220;] \u00dcBER CONSORCIO Serrano-schinken [\/vc_column_text][\/vc_column][\/vc_row][vc_row full_width=&#8220;stretch_row_content_no_spaces&#8220; el_class=&#8220;next-row-no-padding&#8220;][vc_column width=&#8220;1\/3&#8243;][\/vc_column][vc_column width=&#8220;1\/3&#8243;][\/vc_column][vc_column width=&#8220;1\/3&#8243;][\/vc_column][\/vc_row][vc_row full_width=&#8220;stretch_row_content_no_spaces&#8220;][vc_column width=&#8220;1\/4&#8243; offset=&#8220;vc_col-lg-2 vc_col-md-2&#8243;][\/vc_column][vc_column width=&#8220;1\/4&#8243;<span class=\"excerpt-hellip\"> [\u2026]<\/span><\/p>\n","protected":false},"author":1,"featured_media":0,"parent":0,"menu_order":0,"comment_status":"closed","ping_status":"closed","template":"","meta":{"_acf_changed":false,"footnotes":""},"class_list":["post-4956","page","type-page","status-publish","hentry","sections_group lang-de"],"yoast_head":"<!-- This site is optimized with the Yoast SEO plugin v27.2 - https:\/\/yoast.com\/product\/yoast-seo-wordpress\/ -->\n<title>\u00dcber das Consorcio Serrano-Schinken - Der beste spanische schinken<\/title>\n<meta name=\"description\" content=\"Das spanische Consorcio Serrano-Schinken garantiert die Qualit\u00e4t des besten Serrano-Schinken \u2013 100 % Handauswahl spanische Schinken, St\u00fcck f\u00fcr St\u00fcck.\" \/>\n<meta name=\"robots\" content=\"index, follow, max-snippet:-1, max-image-preview:large, max-video-preview:-1\" \/>\n<link rel=\"canonical\" href=\"https:\/\/consorcioserrano.es\/de\/ueber-das-consorcio\/\" \/>\n<meta property=\"og:locale\" content=\"de_DE\" \/>\n<meta property=\"og:type\" content=\"article\" \/>\n<meta property=\"og:title\" content=\"\u00dcber das Consorcio Serrano-Schinken - Der beste spanische schinken\" \/>\n<meta property=\"og:description\" content=\"Das spanische Consorcio Serrano-Schinken garantiert die Qualit\u00e4t des besten Serrano-Schinken \u2013 100 % Handauswahl spanische Schinken, St\u00fcck f\u00fcr St\u00fcck.\" \/>\n<meta property=\"og:url\" content=\"https:\/\/consorcioserrano.es\/de\/ueber-das-consorcio\/\" \/>\n<meta property=\"og:site_name\" content=\"Consorcio del Jam\u00f3n Serrano Espa\u00f1ol\" \/>\n<meta property=\"article:modified_time\" content=\"2024-08-30T10:34:06+00:00\" \/>\n<meta property=\"og:image\" content=\"http:\/\/consorcioserrano.es\/wp-content\/uploads\/2017\/10\/s-60-1.png\" \/>\n<meta name=\"twitter:card\" content=\"summary_large_image\" \/>\n<meta name=\"twitter:label1\" content=\"Gesch\u00e4tzte Lesezeit\" \/>\n\t<meta name=\"twitter:data1\" content=\"3\u00a0Minuten\" \/>\n<script type=\"application\/ld+json\" class=\"yoast-schema-graph\">{\"@context\":\"https:\/\/schema.org\",\"@graph\":[{\"@type\":\"WebPage\",\"@id\":\"https:\/\/consorcioserrano.es\/de\/ueber-das-consorcio\/\",\"url\":\"https:\/\/consorcioserrano.es\/de\/ueber-das-consorcio\/\",\"name\":\"\u00dcber das Consorcio Serrano-Schinken - Der beste spanische schinken\",\"isPartOf\":{\"@id\":\"https:\/\/consorcioserrano.es\/#website\"},\"primaryImageOfPage\":{\"@id\":\"https:\/\/consorcioserrano.es\/de\/ueber-das-consorcio\/#primaryimage\"},\"image\":{\"@id\":\"https:\/\/consorcioserrano.es\/de\/ueber-das-consorcio\/#primaryimage\"},\"thumbnailUrl\":\"http:\/\/consorcioserrano.es\/wp-content\/uploads\/2017\/10\/s-60-1.png\",\"datePublished\":\"2017-11-22T10:08:18+00:00\",\"dateModified\":\"2024-08-30T10:34:06+00:00\",\"description\":\"Das spanische Consorcio Serrano-Schinken garantiert die Qualit\u00e4t des besten Serrano-Schinken \u2013 100 % Handauswahl spanische Schinken, St\u00fcck f\u00fcr St\u00fcck.\",\"breadcrumb\":{\"@id\":\"https:\/\/consorcioserrano.es\/de\/ueber-das-consorcio\/#breadcrumb\"},\"inLanguage\":\"de\",\"potentialAction\":[{\"@type\":\"ReadAction\",\"target\":[\"https:\/\/consorcioserrano.es\/de\/ueber-das-consorcio\/\"]}]},{\"@type\":\"ImageObject\",\"inLanguage\":\"de\",\"@id\":\"https:\/\/consorcioserrano.es\/de\/ueber-das-consorcio\/#primaryimage\",\"url\":\"http:\/\/consorcioserrano.es\/wp-content\/uploads\/2017\/10\/s-60-1.png\",\"contentUrl\":\"http:\/\/consorcioserrano.es\/wp-content\/uploads\/2017\/10\/s-60-1.png\"},{\"@type\":\"BreadcrumbList\",\"@id\":\"https:\/\/consorcioserrano.es\/de\/ueber-das-consorcio\/#breadcrumb\",\"itemListElement\":[{\"@type\":\"ListItem\",\"position\":1,\"name\":\"Portada\",\"item\":\"https:\/\/consorcioserrano.es\/de\/\"},{\"@type\":\"ListItem\",\"position\":2,\"name\":\"\u00dcber das Consorcio\"}]},{\"@type\":\"WebSite\",\"@id\":\"https:\/\/consorcioserrano.es\/#website\",\"url\":\"https:\/\/consorcioserrano.es\/\",\"name\":\"Consorcio del Jam\u00f3n Serrano Espa\u00f1ol\",\"description\":\"Das Consorcio Serrano-Schinken garantiert die Qualit\u00e4t seines schinken serrano - 100 % spanische Schinken, handauswahl, St\u00fcck f\u00fcr St\u00fcck.\",\"potentialAction\":[{\"@type\":\"SearchAction\",\"target\":{\"@type\":\"EntryPoint\",\"urlTemplate\":\"https:\/\/consorcioserrano.es\/?s={search_term_string}\"},\"query-input\":{\"@type\":\"PropertyValueSpecification\",\"valueRequired\":true,\"valueName\":\"search_term_string\"}}],\"inLanguage\":\"de\"}]}<\/script>\n<!-- \/ Yoast SEO plugin. -->","yoast_head_json":{"title":"\u00dcber das Consorcio Serrano-Schinken - Der beste spanische schinken","description":"Das spanische Consorcio Serrano-Schinken garantiert die Qualit\u00e4t des besten Serrano-Schinken \u2013 100 % Handauswahl spanische Schinken, St\u00fcck f\u00fcr St\u00fcck.","robots":{"index":"index","follow":"follow","max-snippet":"max-snippet:-1","max-image-preview":"max-image-preview:large","max-video-preview":"max-video-preview:-1"},"canonical":"https:\/\/consorcioserrano.es\/de\/ueber-das-consorcio\/","og_locale":"de_DE","og_type":"article","og_title":"\u00dcber das Consorcio Serrano-Schinken - Der beste spanische schinken","og_description":"Das spanische Consorcio Serrano-Schinken garantiert die Qualit\u00e4t des besten Serrano-Schinken \u2013 100 % Handauswahl spanische Schinken, St\u00fcck f\u00fcr St\u00fcck.","og_url":"https:\/\/consorcioserrano.es\/de\/ueber-das-consorcio\/","og_site_name":"Consorcio del Jam\u00f3n Serrano Espa\u00f1ol","article_modified_time":"2024-08-30T10:34:06+00:00","og_image":[{"url":"http:\/\/consorcioserrano.es\/wp-content\/uploads\/2017\/10\/s-60-1.png","type":"","width":"","height":""}],"twitter_card":"summary_large_image","twitter_misc":{"Gesch\u00e4tzte Lesezeit":"3\u00a0Minuten"},"schema":{"@context":"https:\/\/schema.org","@graph":[{"@type":"WebPage","@id":"https:\/\/consorcioserrano.es\/de\/ueber-das-consorcio\/","url":"https:\/\/consorcioserrano.es\/de\/ueber-das-consorcio\/","name":"\u00dcber das Consorcio Serrano-Schinken - Der beste spanische schinken","isPartOf":{"@id":"https:\/\/consorcioserrano.es\/#website"},"primaryImageOfPage":{"@id":"https:\/\/consorcioserrano.es\/de\/ueber-das-consorcio\/#primaryimage"},"image":{"@id":"https:\/\/consorcioserrano.es\/de\/ueber-das-consorcio\/#primaryimage"},"thumbnailUrl":"http:\/\/consorcioserrano.es\/wp-content\/uploads\/2017\/10\/s-60-1.png","datePublished":"2017-11-22T10:08:18+00:00","dateModified":"2024-08-30T10:34:06+00:00","description":"Das spanische Consorcio Serrano-Schinken garantiert die Qualit\u00e4t des besten Serrano-Schinken \u2013 100 % Handauswahl spanische Schinken, St\u00fcck f\u00fcr St\u00fcck.","breadcrumb":{"@id":"https:\/\/consorcioserrano.es\/de\/ueber-das-consorcio\/#breadcrumb"},"inLanguage":"de","potentialAction":[{"@type":"ReadAction","target":["https:\/\/consorcioserrano.es\/de\/ueber-das-consorcio\/"]}]},{"@type":"ImageObject","inLanguage":"de","@id":"https:\/\/consorcioserrano.es\/de\/ueber-das-consorcio\/#primaryimage","url":"http:\/\/consorcioserrano.es\/wp-content\/uploads\/2017\/10\/s-60-1.png","contentUrl":"http:\/\/consorcioserrano.es\/wp-content\/uploads\/2017\/10\/s-60-1.png"},{"@type":"BreadcrumbList","@id":"https:\/\/consorcioserrano.es\/de\/ueber-das-consorcio\/#breadcrumb","itemListElement":[{"@type":"ListItem","position":1,"name":"Portada","item":"https:\/\/consorcioserrano.es\/de\/"},{"@type":"ListItem","position":2,"name":"\u00dcber das Consorcio"}]},{"@type":"WebSite","@id":"https:\/\/consorcioserrano.es\/#website","url":"https:\/\/consorcioserrano.es\/","name":"Consorcio del Jam\u00f3n Serrano Espa\u00f1ol","description":"Das Consorcio Serrano-Schinken garantiert die Qualit\u00e4t seines schinken serrano - 100 % spanische Schinken, handauswahl, St\u00fcck f\u00fcr St\u00fcck.","potentialAction":[{"@type":"SearchAction","target":{"@type":"EntryPoint","urlTemplate":"https:\/\/consorcioserrano.es\/?s={search_term_string}"},"query-input":{"@type":"PropertyValueSpecification","valueRequired":true,"valueName":"search_term_string"}}],"inLanguage":"de"}]}},"acf":[],"_links":{"self":[{"href":"https:\/\/consorcioserrano.es\/de\/wp-json\/wp\/v2\/pages\/4956","targetHints":{"allow":["GET"]}}],"collection":[{"href":"https:\/\/consorcioserrano.es\/de\/wp-json\/wp\/v2\/pages"}],"about":[{"href":"https:\/\/consorcioserrano.es\/de\/wp-json\/wp\/v2\/types\/page"}],"author":[{"embeddable":true,"href":"https:\/\/consorcioserrano.es\/de\/wp-json\/wp\/v2\/users\/1"}],"replies":[{"embeddable":true,"href":"https:\/\/consorcioserrano.es\/de\/wp-json\/wp\/v2\/comments?post=4956"}],"version-history":[{"count":4,"href":"https:\/\/consorcioserrano.es\/de\/wp-json\/wp\/v2\/pages\/4956\/revisions"}],"predecessor-version":[{"id":24624,"href":"https:\/\/consorcioserrano.es\/de\/wp-json\/wp\/v2\/pages\/4956\/revisions\/24624"}],"wp:attachment":[{"href":"https:\/\/consorcioserrano.es\/de\/wp-json\/wp\/v2\/media?parent=4956"}],"curies":[{"name":"wp","href":"https:\/\/api.w.org\/{rel}","templated":true}]}}