{"id":4972,"date":"2017-11-22T12:23:45","date_gmt":"2017-11-22T11:23:45","guid":{"rendered":"http:\/\/consorcioserrano.es\/?page_id=4972"},"modified":"2024-01-25T11:00:08","modified_gmt":"2024-01-25T10:00:08","slug":"internationale-praesenz-des-verbands","status":"publish","type":"page","link":"https:\/\/consorcioserrano.es\/de\/ueber-das-consorcio\/internationale-praesenz-des-verbands\/","title":{"rendered":"Internationale pr\u00e4senz des verbands"},"content":{"rendered":"<div class=\"wpb-content-wrapper\"><p>[vc_row full_width=&#8220;stretch_row&#8220; css=&#8220;.vc_custom_1510761286293{background-color: #161616 !important;}&#8220; el_class=&#8220;no-padding-top six-columns consorcio-submenu&#8220; el_id=&#8220;consorcio-submenu&#8220;][vc_column width=&#8220;1\/6&#8243; offset=&#8220;vc_hidden-md vc_hidden-sm vc_hidden-xs&#8220;][\/vc_column][vc_column offset=&#8220;vc_col-lg-2 vc_col-md-3&#8243; el_class=&#8220;no-lateral-padding&#8220;]\n    <a href=\"https:\/\/consorcioserrano.es\/de\/ueber-das-consorcio\/geschichte\/\"   class=\"vc_link_consorcio\" title=\" Geschichte \">\n    <div class=\"roll_wrap\" id=\"\">\n\t\t\n        <div class=\"roll_wrap_img opacity-submenu-hover\" ><img decoding=\"async\" src=\"https:\/\/consorcioserrano.es\/wp-content\/uploads\/2017\/10\/historia-consorcio-jamon-serrano-superior-menu-620x450.jpg\" class=\"img-responsive \" > <\/div>\n\t\t\n\n\t\t\n\t\t\n\t        <div class=\"roll_wrap_link_imagetextmenu  \" style=\"color:#ff0000; font-size:;\"><p class=\"six-columns-img\"><img loading=\"lazy\" decoding=\"async\" class=\"size-full wp-image-2600 alignleft\" src=\"http:\/\/consorcioserrano.es\/wp-content\/uploads\/2017\/10\/s-60.png\" alt=\"\" width=\"60\" height=\"60\" \/><\/p>\n<h3><strong>Geschichte<\/strong><\/h3>\n<\/div>\n\t\t\n    <\/div>\n    <\/a>[\/vc_column][vc_column offset=&#8220;vc_col-lg-2 vc_col-md-3&#8243; el_class=&#8220;no-lateral-padding&#8220;]\n    <a href=\"https:\/\/consorcioserrano.es\/de\/ueber-das-consorcio\/was-uns-auszeichnet\/\"   class=\"vc_link_consorcio\" title=\" WAS UNS AUSZEICHNET \">\n    <div class=\"roll_wrap\" id=\"\">\n\t\t\n        <div class=\"roll_wrap_img opacity-submenu-hover\" ><img decoding=\"async\" src=\"https:\/\/consorcioserrano.es\/wp-content\/uploads\/2017\/10\/identifica-consorcio-jamon-serrano-superior-menu-620x450.jpg\" class=\"img-responsive \" > <\/div>\n\t\t\n\n\t\t\n\t\t\n\t        <div class=\"roll_wrap_link_imagetextmenu  \" style=\"color:#ff0000; font-size:;\"><p class=\"six-columns-img\"><img loading=\"lazy\" decoding=\"async\" class=\"size-full wp-image-2600 alignleft\" src=\"http:\/\/consorcioserrano.es\/wp-content\/uploads\/2017\/10\/s-60.png\" alt=\"\" width=\"60\" height=\"60\" \/><\/p>\n<h3><strong>WAS UNS AUSZEICHNET<\/strong><\/h3>\n<\/div>\n\t\t\n    <\/div>\n    <\/a>[\/vc_column][vc_column offset=&#8220;vc_col-lg-2 vc_col-md-3&#8243; el_class=&#8220;no-lateral-padding&#8220;]\n    <a href=\"https:\/\/consorcioserrano.es\/de\/ueber-das-consorcio\/das-guetesiegel\/\"   class=\"vc_link_consorcio\" title=\" DAS G\u00dcTESIEGEL \">\n    <div class=\"roll_wrap\" id=\"\">\n\t\t\n        <div class=\"roll_wrap_img opacity-submenu-hover\" ><img decoding=\"async\" src=\"https:\/\/consorcioserrano.es\/wp-content\/uploads\/2017\/10\/sello-calidad-consorcio-jamon-serrano-superior-menu-620x450.jpg\" class=\"img-responsive \" > <\/div>\n\t\t\n\n\t\t\n\t\t\n\t        <div class=\"roll_wrap_link_imagetextmenu  \" style=\"color:#ff0000; font-size:;\"><p class=\"six-columns-img\"><img loading=\"lazy\" decoding=\"async\" class=\"size-full wp-image-2600 alignleft\" src=\"http:\/\/consorcioserrano.es\/wp-content\/uploads\/2017\/10\/s-60.png\" alt=\"\" width=\"60\" height=\"60\" \/><\/p>\n<h3><strong>DAS G\u00dcTESIEGEL<\/strong><\/h3>\n<\/div>\n\t\t\n    <\/div>\n    <\/a>[\/vc_column][vc_column offset=&#8220;vc_col-lg-2 vc_col-md-3&#8243; el_class=&#8220;no-lateral-padding&#8220;]\n    <a href=\"https:\/\/consorcioserrano.es\/de\/ueber-das-consorcio\/internationale-praesenz-des-verbands\/\"   class=\"vc_link_consorcio\" title=\" INTERNATIONALE PR\u00c4SENZ DES VERBANDS \">\n    <div class=\"roll_wrap\" id=\"\">\n\t\t\n        <div class=\"roll_wrap_img \" ><img decoding=\"async\" src=\"https:\/\/consorcioserrano.es\/wp-content\/uploads\/2017\/10\/presencia-internacional-consorcio-jamon-serrano-superior-menu-620x450.jpg\" class=\"img-responsive \" > <\/div>\n\t\t\n\n\t\t\n\t\t\n\t        <div class=\"roll_wrap_link_imagetextmenu  \" style=\"color:#ff0000; font-size:;\"><p class=\"six-columns-img\"><img loading=\"lazy\" decoding=\"async\" class=\"size-full wp-image-2600 alignleft\" src=\"http:\/\/consorcioserrano.es\/wp-content\/uploads\/2017\/10\/s-60.png\" alt=\"\" width=\"60\" height=\"60\" \/><\/p>\n<h3><strong>INTERNATIONALE PR\u00c4SENZ DES VERBANDS<\/strong><\/h3>\n<\/div>\n\t\t\n    <\/div>\n    <\/a>[\/vc_column][vc_column width=&#8220;1\/6&#8243; offset=&#8220;vc_hidden-md vc_hidden-sm&#8220;][\/vc_column][\/vc_row][vc_row full_width=&#8220;stretch_row_content_no_spaces&#8220; css=&#8220;.vc_custom_1510130630625{background-image: url(http:\/\/consorcioserrano.es\/wp-content\/uploads\/2017\/10\/presencia-internacional-consorcio-jamon-serrano.jpg?id=2888) !important;background-position: center !important;background-repeat: no-repeat !important;background-size: cover !important;}&#8220;][vc_column]\n<div id=\"ersspace-1\"><\/div><style type=\"text\/css\">#ersspace-1 { height: 320px; }\n@media handheld, only screen and (max-width: 1199px) {\n\t#ersspace-1 { height: 300px; }\n}\n@media handheld, only screen and (max-width: 1023px) {\n\t#ersspace-1 { height: 300px; }\n}\n@media handheld, only screen and (max-width: 767px) {\n\t#ersspace-1 { height: 260px; }\n}<\/style>[\/vc_column][\/vc_row][vc_row el_class=&#8220;column-special-one&#8220;][vc_column width=&#8220;2\/3&#8243; el_class=&#8220;panel-special-content&#8220;][vc_row_inner][vc_column_inner][vc_column_text el_class=&#8220;vc_quote_consorcio&#8220;]<\/p>\n<div class=\"vc_quote_consorcio_icon_de\">\n<h1><img loading=\"lazy\" decoding=\"async\" class=\"alignnone size-full wp-image-1101\" src=\"http:\/\/consorcioserrano.es\/wp-content\/uploads\/2017\/11\/comillas-aleman-1.png\" alt=\"\" width=\"59\" height=\"53\" \/><strong>INTERNATIONALE<\/strong> PR\u00c4SENZ DES VERBANDS<\/h1>\n<\/div>\n<div class=\"vc_quote_consorcio_content_de\"><img loading=\"lazy\" decoding=\"async\" class=\"alignnone size-full wp-image-1100\" src=\"http:\/\/consorcioserrano.es\/wp-content\/uploads\/2017\/11\/comillas-aleman-1.png\" alt=\"\" width=\"59\" height=\"53\" \/><\/div>\n<p>[\/vc_column_text][\/vc_column_inner][\/vc_row_inner][vc_row_inner][vc_column_inner][vc_column_text]<\/p>\n<h3><span style=\"color: #e82f37;\"><strong>Internationale Pr\u00e4senz des Consorcio Jam\u00f3n Serrano<\/strong><\/span><\/h3>\n<p>[\/vc_column_text][\/vc_column_inner][\/vc_row_inner][vc_row_inner][vc_column_inner width=&#8220;1\/2&#8243;][vc_column_text]Eine der relevantesten Aufgaben des <strong>Consorcio del Jam\u00f3n Serrano Espa\u00f1ol<\/strong> ist die internationale F\u00f6rderung des G\u00fctesiegels ConcorcioSerrano auf renommierten Auslandsm\u00e4rkten.[\/vc_column_text][\/vc_column_inner][vc_column_inner width=&#8220;1\/2&#8243;][vc_column_text]Seit 1990 ist es dem Verband dank gro\u00dfer Investitionen in Werbung und F\u00f6rderung gelungen, dass das G\u00fctesiegel ConsorcioSerrano zu einem internationalen Bezugspunkt des echten spanischen Serrano-Schinkens geworden ist, der als eines der angesehensten Produkte der spanischen Gastronomie gilt.[\/vc_column_text][\/vc_column_inner][\/vc_row_inner][vc_column_text el_class=&#8220;vc_quote_consorcio vc_quote_consorcio_other&#8220;]<\/p>\n<div class=\"vc_quote_consorcio_icon\"><img loading=\"lazy\" decoding=\"async\" class=\"alignnone size-full wp-image-1101\" src=\"http:\/\/consorcioserrano.es\/wp-content\/uploads\/2017\/10\/comillas-abrir-1.png\" alt=\"\" width=\"59\" height=\"53\" srcset=\"https:\/\/consorcioserrano.es\/wp-content\/uploads\/2017\/10\/comillas-abrir-1.png 59w, https:\/\/consorcioserrano.es\/wp-content\/uploads\/2017\/10\/comillas-abrir-1-50x45.png 50w\" sizes=\"auto, (max-width:767px) 59px, 59px\" \/><\/div>\n<div class=\"vc_quote_consorcio_content\">\n<h2>Der Serrano-Schinken des Consorcio ist heutzutage in <strong>mehr als 60 verschiedenen L\u00e4ndern weltweit pr\u00e4sent.<\/strong><\/h2>\n<\/div>\n<p>[\/vc_column_text][vc_row_inner][vc_column_inner width=&#8220;1\/2&#8243;][vc_column_text]Der Serrano-Schinken des Consorcio ist heutzutage in<strong> mehr als 60 verschiedenen<\/strong> L\u00e4ndern weltweit pr\u00e4sent, wobei Europa nach wie vor Hauptabnehmer des Produktes ist und sich dort die wichtigsten Marken des Serrano-Schinkens befinden.<\/p>\n<p>[\/vc_column_text][\/vc_column_inner][vc_column_inner width=&#8220;1\/2&#8243;][vc_column_text]Consorcio Jam\u00f3n Serrano ist auf den wichtigsten Lebensmittelmessen der Welt pr\u00e4sent, so zum Beispiel auf der <strong>Anuga in Deutschland, der SIAL in Frankreich und der Alimentaria in Spanien<\/strong>, wo der Verband die besten Marken den spanischen Serrano-Schinkens repr\u00e4sentiert und Kontakte zu den Hauptakteuren des Imports und Vertriebs von Nahrungsmitteln f\u00fcr Feinschmecker herstellt.[\/vc_column_text][\/vc_column_inner][\/vc_row_inner][\/vc_column][vc_column width=&#8220;1\/3&#8243;]\n<div id=\"ersspace-2\"><\/div><style type=\"text\/css\">#ersspace-2 { height: 260px; }\n@media handheld, only screen and (max-width: 767px) {\n\t#ersspace-2 { height: 0px; }\n}<\/style>[vc_row_inner el_class=&#8220;panel-special-aside&#8220;][vc_column_inner][vc_column_text]<\/p>\n<h3><span style=\"color: #e82f37;\"><strong>Weltweiter Verzehr: Hauptimporteure von Serrano-Schinken<\/strong><\/span><\/h3>\n<p>Europ\u00e4ische L\u00e4nder wie <strong>Frankreich, Deutschland, Belgien und Holland<\/strong> gelten als stabile Exportm\u00e4rkte des G\u00fctesiegels des Serrano-Schinkens. Frankreich und Deutschland mit 55,3% des Gesamtkonsums des ConsorcioSerrano-Schinkens gelten weiterhin als Schl\u00fcsselm\u00e4rkte, daher richtet das Unternehmen die Aktivit\u00e4ten zur F\u00f6rderung haupts\u00e4chlich an diese L\u00e4nder.<\/p>\n<p>Was die L\u00e4nder au\u00dferhalb der EU angeht, kommen andere L\u00e4nder mit gro\u00dfem Wachstumspotenzial wie <strong>Mexiko, Australien, Vereinigte Staaten oder Brasilien<\/strong> hinzu, unter denen insbesondere das mittelamerikanische Land aufgrund der starken Pr\u00e4senz spanischer Produkte in verschiedenen St\u00e4dten hervorsticht.[\/vc_column_text][\/vc_column_inner][\/vc_row_inner][\/vc_column][\/vc_row]<\/p>\n<\/div>","protected":false},"excerpt":{"rendered":"<p>[vc_row full_width=&#8220;stretch_row&#8220; css=&#8220;.vc_custom_1510761286293{background-color: #161616 !important;}&#8220; el_class=&#8220;no-padding-top six-columns consorcio-submenu&#8220; el_id=&#8220;consorcio-submenu&#8220;][vc_column width=&#8220;1\/6&#8243; offset=&#8220;vc_hidden-md vc_hidden-sm vc_hidden-xs&#8220;][\/vc_column][vc_column offset=&#8220;vc_col-lg-2 vc_col-md-3&#8243; el_class=&#8220;no-lateral-padding&#8220;][\/vc_column][vc_column offset=&#8220;vc_col-lg-2 vc_col-md-3&#8243; el_class=&#8220;no-lateral-padding&#8220;][\/vc_column][vc_column offset=&#8220;vc_col-lg-2 vc_col-md-3&#8243; el_class=&#8220;no-lateral-padding&#8220;][\/vc_column][vc_column offset=&#8220;vc_col-lg-2 vc_col-md-3&#8243; el_class=&#8220;no-lateral-padding&#8220;][\/vc_column][vc_column width=&#8220;1\/6&#8243;<span class=\"excerpt-hellip\"> [\u2026]<\/span><\/p>\n","protected":false},"author":1,"featured_media":0,"parent":4956,"menu_order":0,"comment_status":"closed","ping_status":"closed","template":"","meta":{"_acf_changed":false,"footnotes":""},"class_list":["post-4972","page","type-page","status-publish","hentry","sections_group lang-de"],"yoast_head":"<!-- This site is optimized with the Yoast SEO plugin v27.2 - https:\/\/yoast.com\/product\/yoast-seo-wordpress\/ -->\n<title>Internationale pr\u00e4senz des verbands - Consorcio Serrano Schinken<\/title>\n<meta name=\"description\" content=\"Alles \u00fcber Export und Import des Serrano-Schinken Consorcio Serrano. Veranstaltungen, Messen und Pr\u00e4sentationen des ber\u00fchmten spanische schinken durch das ConsorcioSerrano\" \/>\n<meta name=\"robots\" content=\"index, follow, max-snippet:-1, max-image-preview:large, max-video-preview:-1\" \/>\n<link rel=\"canonical\" href=\"https:\/\/consorcioserrano.es\/de\/ueber-das-consorcio\/internationale-praesenz-des-verbands\/\" \/>\n<meta property=\"og:locale\" content=\"de_DE\" \/>\n<meta property=\"og:type\" content=\"article\" \/>\n<meta property=\"og:title\" content=\"Internationale pr\u00e4senz des verbands - Consorcio Serrano Schinken\" \/>\n<meta property=\"og:description\" content=\"Alles \u00fcber Export und Import des Serrano-Schinken Consorcio Serrano. Veranstaltungen, Messen und Pr\u00e4sentationen des ber\u00fchmten spanische schinken durch das ConsorcioSerrano\" \/>\n<meta property=\"og:url\" content=\"https:\/\/consorcioserrano.es\/de\/ueber-das-consorcio\/internationale-praesenz-des-verbands\/\" \/>\n<meta property=\"og:site_name\" content=\"Consorcio del Jam\u00f3n Serrano Espa\u00f1ol\" \/>\n<meta property=\"article:modified_time\" content=\"2024-01-25T10:00:08+00:00\" \/>\n<meta property=\"og:image\" content=\"http:\/\/consorcioserrano.es\/wp-content\/uploads\/2017\/10\/s-60.png\" \/>\n<meta name=\"twitter:card\" content=\"summary_large_image\" \/>\n<meta name=\"twitter:label1\" content=\"Gesch\u00e4tzte Lesezeit\" \/>\n\t<meta name=\"twitter:data1\" content=\"3\u00a0Minuten\" \/>\n<script type=\"application\/ld+json\" class=\"yoast-schema-graph\">{\"@context\":\"https:\/\/schema.org\",\"@graph\":[{\"@type\":\"WebPage\",\"@id\":\"https:\/\/consorcioserrano.es\/de\/ueber-das-consorcio\/internationale-praesenz-des-verbands\/\",\"url\":\"https:\/\/consorcioserrano.es\/de\/ueber-das-consorcio\/internationale-praesenz-des-verbands\/\",\"name\":\"Internationale pr\u00e4senz des verbands - Consorcio Serrano Schinken\",\"isPartOf\":{\"@id\":\"https:\/\/consorcioserrano.es\/#website\"},\"primaryImageOfPage\":{\"@id\":\"https:\/\/consorcioserrano.es\/de\/ueber-das-consorcio\/internationale-praesenz-des-verbands\/#primaryimage\"},\"image\":{\"@id\":\"https:\/\/consorcioserrano.es\/de\/ueber-das-consorcio\/internationale-praesenz-des-verbands\/#primaryimage\"},\"thumbnailUrl\":\"http:\/\/consorcioserrano.es\/wp-content\/uploads\/2017\/10\/s-60.png\",\"datePublished\":\"2017-11-22T11:23:45+00:00\",\"dateModified\":\"2024-01-25T10:00:08+00:00\",\"description\":\"Alles \u00fcber Export und Import des Serrano-Schinken Consorcio Serrano. Veranstaltungen, Messen und Pr\u00e4sentationen des ber\u00fchmten spanische schinken durch das ConsorcioSerrano\",\"breadcrumb\":{\"@id\":\"https:\/\/consorcioserrano.es\/de\/ueber-das-consorcio\/internationale-praesenz-des-verbands\/#breadcrumb\"},\"inLanguage\":\"de\",\"potentialAction\":[{\"@type\":\"ReadAction\",\"target\":[\"https:\/\/consorcioserrano.es\/de\/ueber-das-consorcio\/internationale-praesenz-des-verbands\/\"]}]},{\"@type\":\"ImageObject\",\"inLanguage\":\"de\",\"@id\":\"https:\/\/consorcioserrano.es\/de\/ueber-das-consorcio\/internationale-praesenz-des-verbands\/#primaryimage\",\"url\":\"http:\/\/consorcioserrano.es\/wp-content\/uploads\/2017\/10\/s-60.png\",\"contentUrl\":\"http:\/\/consorcioserrano.es\/wp-content\/uploads\/2017\/10\/s-60.png\"},{\"@type\":\"BreadcrumbList\",\"@id\":\"https:\/\/consorcioserrano.es\/de\/ueber-das-consorcio\/internationale-praesenz-des-verbands\/#breadcrumb\",\"itemListElement\":[{\"@type\":\"ListItem\",\"position\":1,\"name\":\"Portada\",\"item\":\"https:\/\/consorcioserrano.es\/de\/\"},{\"@type\":\"ListItem\",\"position\":2,\"name\":\"\u00dcber das Consorcio\",\"item\":\"https:\/\/consorcioserrano.es\/de\/ueber-das-consorcio\/\"},{\"@type\":\"ListItem\",\"position\":3,\"name\":\"Internationale pr\u00e4senz des verbands\"}]},{\"@type\":\"WebSite\",\"@id\":\"https:\/\/consorcioserrano.es\/#website\",\"url\":\"https:\/\/consorcioserrano.es\/\",\"name\":\"Consorcio del Jam\u00f3n Serrano Espa\u00f1ol\",\"description\":\"Das Consorcio Serrano-Schinken garantiert die Qualit\u00e4t seines schinken serrano - 100 % spanische Schinken, handauswahl, St\u00fcck f\u00fcr St\u00fcck.\",\"potentialAction\":[{\"@type\":\"SearchAction\",\"target\":{\"@type\":\"EntryPoint\",\"urlTemplate\":\"https:\/\/consorcioserrano.es\/?s={search_term_string}\"},\"query-input\":{\"@type\":\"PropertyValueSpecification\",\"valueRequired\":true,\"valueName\":\"search_term_string\"}}],\"inLanguage\":\"de\"}]}<\/script>\n<!-- \/ Yoast SEO plugin. -->","yoast_head_json":{"title":"Internationale pr\u00e4senz des verbands - Consorcio Serrano Schinken","description":"Alles \u00fcber Export und Import des Serrano-Schinken Consorcio Serrano. Veranstaltungen, Messen und Pr\u00e4sentationen des ber\u00fchmten spanische schinken durch das ConsorcioSerrano","robots":{"index":"index","follow":"follow","max-snippet":"max-snippet:-1","max-image-preview":"max-image-preview:large","max-video-preview":"max-video-preview:-1"},"canonical":"https:\/\/consorcioserrano.es\/de\/ueber-das-consorcio\/internationale-praesenz-des-verbands\/","og_locale":"de_DE","og_type":"article","og_title":"Internationale pr\u00e4senz des verbands - Consorcio Serrano Schinken","og_description":"Alles \u00fcber Export und Import des Serrano-Schinken Consorcio Serrano. Veranstaltungen, Messen und Pr\u00e4sentationen des ber\u00fchmten spanische schinken durch das ConsorcioSerrano","og_url":"https:\/\/consorcioserrano.es\/de\/ueber-das-consorcio\/internationale-praesenz-des-verbands\/","og_site_name":"Consorcio del Jam\u00f3n Serrano Espa\u00f1ol","article_modified_time":"2024-01-25T10:00:08+00:00","og_image":[{"url":"http:\/\/consorcioserrano.es\/wp-content\/uploads\/2017\/10\/s-60.png","type":"","width":"","height":""}],"twitter_card":"summary_large_image","twitter_misc":{"Gesch\u00e4tzte Lesezeit":"3\u00a0Minuten"},"schema":{"@context":"https:\/\/schema.org","@graph":[{"@type":"WebPage","@id":"https:\/\/consorcioserrano.es\/de\/ueber-das-consorcio\/internationale-praesenz-des-verbands\/","url":"https:\/\/consorcioserrano.es\/de\/ueber-das-consorcio\/internationale-praesenz-des-verbands\/","name":"Internationale pr\u00e4senz des verbands - Consorcio Serrano Schinken","isPartOf":{"@id":"https:\/\/consorcioserrano.es\/#website"},"primaryImageOfPage":{"@id":"https:\/\/consorcioserrano.es\/de\/ueber-das-consorcio\/internationale-praesenz-des-verbands\/#primaryimage"},"image":{"@id":"https:\/\/consorcioserrano.es\/de\/ueber-das-consorcio\/internationale-praesenz-des-verbands\/#primaryimage"},"thumbnailUrl":"http:\/\/consorcioserrano.es\/wp-content\/uploads\/2017\/10\/s-60.png","datePublished":"2017-11-22T11:23:45+00:00","dateModified":"2024-01-25T10:00:08+00:00","description":"Alles \u00fcber Export und Import des Serrano-Schinken Consorcio Serrano. Veranstaltungen, Messen und Pr\u00e4sentationen des ber\u00fchmten spanische schinken durch das ConsorcioSerrano","breadcrumb":{"@id":"https:\/\/consorcioserrano.es\/de\/ueber-das-consorcio\/internationale-praesenz-des-verbands\/#breadcrumb"},"inLanguage":"de","potentialAction":[{"@type":"ReadAction","target":["https:\/\/consorcioserrano.es\/de\/ueber-das-consorcio\/internationale-praesenz-des-verbands\/"]}]},{"@type":"ImageObject","inLanguage":"de","@id":"https:\/\/consorcioserrano.es\/de\/ueber-das-consorcio\/internationale-praesenz-des-verbands\/#primaryimage","url":"http:\/\/consorcioserrano.es\/wp-content\/uploads\/2017\/10\/s-60.png","contentUrl":"http:\/\/consorcioserrano.es\/wp-content\/uploads\/2017\/10\/s-60.png"},{"@type":"BreadcrumbList","@id":"https:\/\/consorcioserrano.es\/de\/ueber-das-consorcio\/internationale-praesenz-des-verbands\/#breadcrumb","itemListElement":[{"@type":"ListItem","position":1,"name":"Portada","item":"https:\/\/consorcioserrano.es\/de\/"},{"@type":"ListItem","position":2,"name":"\u00dcber das Consorcio","item":"https:\/\/consorcioserrano.es\/de\/ueber-das-consorcio\/"},{"@type":"ListItem","position":3,"name":"Internationale pr\u00e4senz des verbands"}]},{"@type":"WebSite","@id":"https:\/\/consorcioserrano.es\/#website","url":"https:\/\/consorcioserrano.es\/","name":"Consorcio del Jam\u00f3n Serrano Espa\u00f1ol","description":"Das Consorcio Serrano-Schinken garantiert die Qualit\u00e4t seines schinken serrano - 100 % spanische Schinken, handauswahl, St\u00fcck f\u00fcr St\u00fcck.","potentialAction":[{"@type":"SearchAction","target":{"@type":"EntryPoint","urlTemplate":"https:\/\/consorcioserrano.es\/?s={search_term_string}"},"query-input":{"@type":"PropertyValueSpecification","valueRequired":true,"valueName":"search_term_string"}}],"inLanguage":"de"}]}},"acf":[],"_links":{"self":[{"href":"https:\/\/consorcioserrano.es\/de\/wp-json\/wp\/v2\/pages\/4972","targetHints":{"allow":["GET"]}}],"collection":[{"href":"https:\/\/consorcioserrano.es\/de\/wp-json\/wp\/v2\/pages"}],"about":[{"href":"https:\/\/consorcioserrano.es\/de\/wp-json\/wp\/v2\/types\/page"}],"author":[{"embeddable":true,"href":"https:\/\/consorcioserrano.es\/de\/wp-json\/wp\/v2\/users\/1"}],"replies":[{"embeddable":true,"href":"https:\/\/consorcioserrano.es\/de\/wp-json\/wp\/v2\/comments?post=4972"}],"version-history":[{"count":1,"href":"https:\/\/consorcioserrano.es\/de\/wp-json\/wp\/v2\/pages\/4972\/revisions"}],"predecessor-version":[{"id":21842,"href":"https:\/\/consorcioserrano.es\/de\/wp-json\/wp\/v2\/pages\/4972\/revisions\/21842"}],"up":[{"embeddable":true,"href":"https:\/\/consorcioserrano.es\/de\/wp-json\/wp\/v2\/pages\/4956"}],"wp:attachment":[{"href":"https:\/\/consorcioserrano.es\/de\/wp-json\/wp\/v2\/media?parent=4972"}],"curies":[{"name":"wp","href":"https:\/\/api.w.org\/{rel}","templated":true}]}}