{"id":5060,"date":"2017-11-22T15:19:18","date_gmt":"2017-11-22T14:19:18","guid":{"rendered":"http:\/\/consorcioserrano.es\/?page_id=5060"},"modified":"2026-04-08T10:27:27","modified_gmt":"2026-04-08T09:27:27","slug":"das-team-2-2","status":"publish","type":"page","link":"https:\/\/consorcioserrano.es\/de\/wer-wir-sind\/das-team-2-2\/","title":{"rendered":"Das Team"},"content":{"rendered":"<div class=\"wpb-content-wrapper\"><p>[vc_row full_width=&#8220;stretch_row&#8220; css=&#8220;.vc_custom_1509111352335{background-color: #161616 !important;}&#8220; el_class=&#8220;no-padding-top six-columns&#8220;][vc_column width=&#8220;1\/6&#8243; offset=&#8220;vc_hidden-md vc_hidden-sm vc_hidden-xs&#8220;][\/vc_column][vc_column offset=&#8220;vc_col-lg-2 vc_col-md-3&#8243; el_class=&#8220;no-lateral-padding&#8220;][\/vc_column][vc_column offset=&#8220;vc_col-lg-2 vc_col-md-3&#8243; el_class=&#8220;no-lateral-padding&#8220;]\n    <a href=\"https:\/\/consorcioserrano.es\/de\/wer-wir-sind\/das-team\/\"   class=\"vc_link_consorcio\" title=\" DAS TEAM \">\n    <div class=\"roll_wrap\" id=\"\">\n\t\t\n        <div class=\"roll_wrap_img \" ><img decoding=\"async\" src=\"https:\/\/consorcioserrano.es\/wp-content\/uploads\/2017\/11\/equipo-consorcio-jamon-serrabi-menu.jpg\" class=\"img-responsive \" > <\/div>\n\t\t\n\n\t\t\n\t\t\n\t        <div class=\"roll_wrap_link_imagetextmenu  \" style=\"color:#ff0000; font-size:;\"><p class=\"six-columns-img\"><img loading=\"lazy\" decoding=\"async\" class=\"size-full wp-image-2600 alignleft\" src=\"http:\/\/consorcioserrano.es\/wp-content\/uploads\/2017\/10\/s-60.png\" alt=\"\" width=\"60\" height=\"60\" \/><\/p>\n<h3>DAS <strong>TEAM<\/strong><\/h3>\n<\/div>\n\t\t\n    <\/div>\n    <\/a>[\/vc_column][vc_column offset=&#8220;vc_col-lg-2 vc_col-md-3&#8243; el_class=&#8220;no-lateral-padding&#8220;]\n    <a href=\"https:\/\/consorcioserrano.es\/de\/wer-wir-sind\/unsere-partner\/\"   class=\"vc_link_consorcio\" title=\" Unsere partner \">\n    <div class=\"roll_wrap\" id=\"\">\n\t\t\n        <div class=\"roll_wrap_img opacity-submenu-hover\" ><img decoding=\"async\" src=\"https:\/\/consorcioserrano.es\/wp-content\/uploads\/2022\/07\/asociados-nueva-4.jpg\" class=\"img-responsive \" > <\/div>\n\t\t\n\n\t\t\n\t\t\n\t        <div class=\"roll_wrap_link_imagetextmenu  \" style=\"color:#ff0000; font-size:;\"><p class=\"six-columns-img\"><img loading=\"lazy\" decoding=\"async\" class=\"size-full wp-image-2600 alignleft\" src=\"http:\/\/consorcioserrano.es\/wp-content\/uploads\/2017\/10\/s-60.png\" alt=\"\" width=\"60\" height=\"60\" \/><\/p>\n<h3>Unsere partner<\/h3>\n<\/div>\n\t\t\n    <\/div>\n    <\/a>[\/vc_column][vc_column offset=&#8220;vc_col-lg-2 vc_col-md-3&#8243; el_class=&#8220;no-lateral-padding&#8220;][\/vc_column][vc_column width=&#8220;1\/6&#8243; offset=&#8220;vc_hidden-md vc_hidden-sm&#8220;][\/vc_column][\/vc_row][vc_row][vc_column el_class=&#8220;panel-special-content&#8220;][vc_column_text el_class=&#8220;vc_quote_consorcio&#8220;]<\/p>\n<div class=\"vc_quote_consorcio_icon\"><img loading=\"lazy\" decoding=\"async\" class=\"alignnone size-full wp-image-1101\" src=\"http:\/\/consorcioserrano.es\/wp-content\/uploads\/2017\/10\/comillas-abrir-1.png\" alt=\"\" width=\"59\" height=\"53\" srcset=\"https:\/\/consorcioserrano.es\/wp-content\/uploads\/2017\/10\/comillas-abrir-1.png 59w, https:\/\/consorcioserrano.es\/wp-content\/uploads\/2017\/10\/comillas-abrir-1-50x45.png 50w\" sizes=\"auto, (max-width:767px) 59px, 59px\" \/><\/div>\n<div class=\"vc_quote_consorcio_content\">\n<h1>DAS <strong>TEAM<\/strong>\u00a0<img loading=\"lazy\" decoding=\"async\" class=\"alignnone size-full wp-image-1100\" src=\"http:\/\/consorcioserrano.es\/wp-content\/uploads\/2017\/10\/comillas-cerrar-1.png\" alt=\"\" width=\"59\" height=\"53\" srcset=\"https:\/\/consorcioserrano.es\/wp-content\/uploads\/2017\/10\/comillas-cerrar-1.png 59w, https:\/\/consorcioserrano.es\/wp-content\/uploads\/2017\/10\/comillas-cerrar-1-50x45.png 50w\" sizes=\"auto, (max-width:767px) 59px, 59px\" \/><\/h1>\n<\/div>\n<p>[\/vc_column_text][\/vc_column][\/vc_row][vc_row][vc_column width=&#8220;1\/3&#8243; el_class=&#8220;panel-special-content&#8220;][vc_column_text]<\/p>\n<div class=\"equipo-texto-imagen\">\n<div class=\"image-consorcio-equipo\"><img loading=\"lazy\" decoding=\"async\" src=\"http:\/\/consorcioserrano.es\/wp-content\/uploads\/2017\/10\/s-60.png\" alt=\"\" width=\"60\" height=\"60\" \/><\/div>\n<div class=\"text-consorcio-equipo\">\n<h3><\/h3>\n<h3><strong>Anna Bosch G\u00fcell<\/strong><\/h3>\n<h3><span style=\"color: #e82f37;\">Vorsitzende des CJSE<\/span><\/h3>\n<p>Vorsitzende des Consorcio seit November 2013 in Vertretung von NOEL Alimentaria, wo sie als Generaldirektorin t\u00e4tig ist. Sie hat die ihre T\u00e4tigkeiten sowohl auf dem Gebiet der Zertifizierung als auch auf internationaler Ebene vorangetrieben, um den erstklassigen Serrano-Schinken auf den Auslandsm\u00e4rkten zu f\u00f6rdern.<\/p>\n<\/div>\n<\/div>\n<p>[\/vc_column_text][\/vc_column][vc_column width=&#8220;1\/3&#8243; el_class=&#8220;panel-special-content&#8220;][vc_column_text css=&#8220;&#8220;]<\/p>\n<div class=\"equipo-texto-imagen\">\n<div class=\"image-consorcio-equipo\"><img loading=\"lazy\" decoding=\"async\" src=\"http:\/\/consorcioserrano.es\/wp-content\/uploads\/2017\/10\/s-60.png\" alt=\"\" width=\"60\" height=\"60\" \/><\/div>\n<div class=\"text-consorcio-equipo\">\n<h3><\/h3>\n<h3><strong>Miguel \u00c1ngel Espa\u00f1a<\/strong><\/h3>\n<h3><span style=\"color: #e82f37;\">Stellvertretender Vorsitzender des CJSE<\/span><\/h3>\n<p>Gesch\u00e4ftsf\u00fchrer von Miguel Espa\u00f1a e Hijos. Das Unternehmen wird von der zweiten Generation der Gr\u00fcnderfamilie gef\u00fchrt, die das Wachstum weiterhin auf den Werten <strong>Tradition, Innovation, Vertrauen und Qualit\u00e4t aufbaut.<\/strong> Mit einer starken internationalen Pr\u00e4senz hat sich das Unternehmen als wichtiger Akteur der Branche etabliert und sein Engagement im Consorcio in den letzten Jahren verst\u00e4rkt.<\/p>\n<\/div>\n<\/div>\n<p>[\/vc_column_text][\/vc_column][vc_column width=&#8220;1\/3&#8243; el_class=&#8220;panel-special-content&#8220;][vc_column_text]<\/p>\n<div class=\"equipo-texto-imagen\">\n<div class=\"image-consorcio-equipo\"><img loading=\"lazy\" decoding=\"async\" src=\"http:\/\/consorcioserrano.es\/wp-content\/uploads\/2017\/10\/s-60.png\" alt=\"\" width=\"60\" height=\"60\" \/><\/div>\n<div class=\"text-consorcio-equipo\">\n<h3><\/h3>\n<h3><strong>Pedro Rodriguez Mar\u00edn<\/strong><\/h3>\n<h3><span style=\"color: #e82f37;\">Hauptkoordinator und technischer Leiter<\/span><\/h3>\n<p>Bachelor of Pharmacy, trat 1990 in das Consorcio Jam\u00f3n Serrano ein, wo er sowohl den Prozess der Qualit\u00e4tsgarantie und der Zertifizierung als auch die Beziehungen zu den Partnerunternehmen \u00fcberwacht.\u00a0 Heute ist er aufgrund seiner eingehenden Kenntnisse der Branche und als Verantwortlicher f\u00fcr die Einf\u00fchrung der ersten Qualit\u00e4tsnorm des Serrano-Schinkens f\u00fcr den Export f\u00fcr den Consorcio von entscheidender Bedeutung.<\/p>\n<\/div>\n<\/div>\n<p>[\/vc_column_text][\/vc_column][\/vc_row][vc_row][vc_column width=&#8220;1\/3&#8243; el_class=&#8220;panel-special-content&#8220;][vc_column_text]<\/p>\n<div class=\"equipo-texto-imagen\">\n<div class=\"image-consorcio-equipo\"><img loading=\"lazy\" decoding=\"async\" src=\"http:\/\/consorcioserrano.es\/wp-content\/uploads\/2017\/10\/s-60.png\" alt=\"\" width=\"60\" height=\"60\" \/><\/div>\n<div class=\"text-consorcio-equipo\">\n<h3><\/h3>\n<h3><strong>\u00c1lvaro D\u00edaz de Lia\u00f1o L\u00f3pez<\/strong><\/h3>\n<h3><span style=\"color: #e82f37;\">Marketing- und Werbeleiter t\u00e4tig<\/span><\/h3>\n<p>Diplomierter Wirtschaftswissenschaftler, ist im Consorcio als Marketing- und Werbeleiter t\u00e4tig. Im Rahmen seiner beruflichen Laufbahn war er bereits als Exportmanager in der Weinbranche, Internationalisierungsberater sowie als Einkaufsberater gro\u00dfer Unternehmensgruppen t\u00e4tig und verf\u00fcgt \u00fcber umfassende Kenntnisse der internationalen M\u00e4rkte.<\/p>\n<\/div>\n<\/div>\n<p>[\/vc_column_text][\/vc_column][vc_column width=&#8220;1\/3&#8243;][vc_column_text]<\/p>\n<div class=\"equipo-texto-imagen\">\n<div class=\"image-consorcio-equipo\"><img loading=\"lazy\" decoding=\"async\" src=\"http:\/\/consorcioserrano.es\/wp-content\/uploads\/2017\/10\/s-60.png\" alt=\"\" width=\"60\" height=\"60\" \/><\/div>\n<div class=\"text-consorcio-equipo\">\n<h3><\/h3>\n<h3><strong>Juan Carlos Valenciano<\/strong><\/h3>\n<h3><span style=\"color: #e82f37;\">Qualit\u00e4tsmanager<\/span><\/h3>\n<p>Mit mehr als 20 Jahren Erfahrung im Team des Consorcio del Jam\u00f3n Serrano Espa\u00f1ol ist er ein wichtiger Akteur im Verband. Sie \u00fcbernimmt die Verantwortung daf\u00fcr, dass alle Schinkenst\u00fccke von Consorcio Serrano den von der Einrichtung festgelegten Qualit\u00e4tsvorschriften entsprechen.<\/p>\n<\/div>\n<\/div>\n<p>[\/vc_column_text][\/vc_column][vc_column width=&#8220;1\/3&#8243;][vc_column_text el_class=&#8220;panel-special-content&#8220;]<\/p>\n<div class=\"equipo-texto-imagen\">\n<div class=\"image-consorcio-equipo\"><img loading=\"lazy\" decoding=\"async\" src=\"http:\/\/consorcioserrano.es\/wp-content\/uploads\/2017\/10\/s-60.png\" alt=\"\" width=\"60\" height=\"60\" \/><\/div>\n<div class=\"text-consorcio-equipo\">\n<h3><\/h3>\n<h3><strong>\u00c1ngeles de Luis<\/strong><\/h3>\n<h3><span style=\"color: #e82f37;\">Sekret\u00e4rin der Gesch\u00e4ftsleitung<\/span><\/h3>\n<p>Sie begann ihre berufliche Laufbahn im Consorcio del Jam\u00f3n Serrano Espa\u00f1ol im Jahr 2012, wo sie ihre F\u00fchrungserfahrung einbringt, die sie zuvor als Direktionsassistentin in gro\u00dfen Vertriebsfirmen wie Leroy Merlin erlangt hat.<\/p>\n<\/div>\n<\/div>\n<p>[\/vc_column_text][\/vc_column][\/vc_row][vc_row][vc_column]\n<div id=\"ersspace-1\"><\/div><style type=\"text\/css\">#ersspace-1 { height: 80px; }<\/style>[\/vc_column][\/vc_row]<\/p>\n<\/div>","protected":false},"excerpt":{"rendered":"<p>[vc_row full_width=&#8220;stretch_row&#8220; css=&#8220;.vc_custom_1509111352335{background-color: #161616 !important;}&#8220; el_class=&#8220;no-padding-top six-columns&#8220;][vc_column width=&#8220;1\/6&#8243; offset=&#8220;vc_hidden-md vc_hidden-sm vc_hidden-xs&#8220;][\/vc_column][vc_column offset=&#8220;vc_col-lg-2 vc_col-md-3&#8243; el_class=&#8220;no-lateral-padding&#8220;][\/vc_column][vc_column offset=&#8220;vc_col-lg-2 vc_col-md-3&#8243; el_class=&#8220;no-lateral-padding&#8220;][\/vc_column][vc_column offset=&#8220;vc_col-lg-2 vc_col-md-3&#8243; el_class=&#8220;no-lateral-padding&#8220;][\/vc_column][vc_column offset=&#8220;vc_col-lg-2 vc_col-md-3&#8243; el_class=&#8220;no-lateral-padding&#8220;][\/vc_column][vc_column width=&#8220;1\/6&#8243; offset=&#8220;vc_hidden-md vc_hidden-sm&#8220;][\/vc_column][\/vc_row][vc_row][vc_column<span class=\"excerpt-hellip\"> [\u2026]<\/span><\/p>\n","protected":false},"author":1,"featured_media":-1,"parent":4700,"menu_order":0,"comment_status":"closed","ping_status":"closed","template":"","meta":{"_acf_changed":false,"footnotes":""},"class_list":["post-5060","page","type-page","status-publish","has-post-thumbnail","hentry","sections_group lang-de"],"yoast_head":"<!-- This site is optimized with the Yoast SEO plugin v27.2 - https:\/\/yoast.com\/product\/yoast-seo-wordpress\/ -->\n<title>Das Team - Der Consorcio Serrano-Schinken<\/title>\n<meta name=\"description\" content=\"Das Consorcio Serrano-Schinken garantiert die Qualit\u00e4t seines schinken serrano - 100 % spanische Schinken, handauswahl, St\u00fcck f\u00fcr St\u00fcck.\" \/>\n<meta name=\"robots\" content=\"index, follow, max-snippet:-1, max-image-preview:large, max-video-preview:-1\" \/>\n<link rel=\"canonical\" href=\"https:\/\/consorcioserrano.es\/de\/wer-wir-sind\/das-team-2-2\/\" \/>\n<meta property=\"og:locale\" content=\"de_DE\" \/>\n<meta property=\"og:type\" content=\"article\" \/>\n<meta property=\"og:title\" content=\"Das Team - Der Consorcio Serrano-Schinken\" \/>\n<meta property=\"og:description\" content=\"Das Consorcio Serrano-Schinken garantiert die Qualit\u00e4t seines schinken serrano - 100 % spanische Schinken, handauswahl, St\u00fcck f\u00fcr St\u00fcck.\" \/>\n<meta property=\"og:url\" content=\"https:\/\/consorcioserrano.es\/de\/wer-wir-sind\/das-team-2-2\/\" \/>\n<meta property=\"og:site_name\" content=\"Consorcio del Jam\u00f3n Serrano Espa\u00f1ol\" \/>\n<meta property=\"article:modified_time\" content=\"2026-04-08T09:27:27+00:00\" \/>\n<meta property=\"og:image\" content=\"http:\/\/consorcioserrano.es\/wp-content\/uploads\/2017\/11\/social-consorcio-serrano.jpg\" \/>\n<meta name=\"twitter:card\" content=\"summary_large_image\" \/>\n<meta name=\"twitter:label1\" content=\"Gesch\u00e4tzte Lesezeit\" \/>\n\t<meta name=\"twitter:data1\" content=\"5\u00a0Minuten\" \/>\n<script type=\"application\/ld+json\" class=\"yoast-schema-graph\">{\"@context\":\"https:\/\/schema.org\",\"@graph\":[{\"@type\":\"WebPage\",\"@id\":\"https:\/\/consorcioserrano.es\/de\/wer-wir-sind\/das-team-2-2\/\",\"url\":\"https:\/\/consorcioserrano.es\/de\/wer-wir-sind\/das-team-2-2\/\",\"name\":\"Das Team - Der Consorcio Serrano-Schinken\",\"isPartOf\":{\"@id\":\"https:\/\/consorcioserrano.es\/#website\"},\"primaryImageOfPage\":{\"@id\":\"https:\/\/consorcioserrano.es\/de\/wer-wir-sind\/das-team-2-2\/#primaryimage\"},\"image\":{\"@id\":\"https:\/\/consorcioserrano.es\/de\/wer-wir-sind\/das-team-2-2\/#primaryimage\"},\"thumbnailUrl\":\"http:\/\/consorcioserrano.es\/wp-content\/uploads\/2017\/10\/s-60.png\",\"datePublished\":\"2017-11-22T14:19:18+00:00\",\"dateModified\":\"2026-04-08T09:27:27+00:00\",\"description\":\"Das Consorcio Serrano-Schinken garantiert die Qualit\u00e4t seines schinken serrano - 100 % spanische Schinken, handauswahl, St\u00fcck f\u00fcr St\u00fcck.\",\"breadcrumb\":{\"@id\":\"https:\/\/consorcioserrano.es\/de\/wer-wir-sind\/das-team-2-2\/#breadcrumb\"},\"inLanguage\":\"de\",\"potentialAction\":[{\"@type\":\"ReadAction\",\"target\":[\"https:\/\/consorcioserrano.es\/de\/wer-wir-sind\/das-team-2-2\/\"]}]},{\"@type\":\"ImageObject\",\"inLanguage\":\"de\",\"@id\":\"https:\/\/consorcioserrano.es\/de\/wer-wir-sind\/das-team-2-2\/#primaryimage\",\"url\":\"http:\/\/consorcioserrano.es\/wp-content\/uploads\/2017\/10\/s-60.png\",\"contentUrl\":\"http:\/\/consorcioserrano.es\/wp-content\/uploads\/2017\/10\/s-60.png\"},{\"@type\":\"BreadcrumbList\",\"@id\":\"https:\/\/consorcioserrano.es\/de\/wer-wir-sind\/das-team-2-2\/#breadcrumb\",\"itemListElement\":[{\"@type\":\"ListItem\",\"position\":1,\"name\":\"Portada\",\"item\":\"https:\/\/consorcioserrano.es\/de\/\"},{\"@type\":\"ListItem\",\"position\":2,\"name\":\"Wer wir sind\",\"item\":\"https:\/\/consorcioserrano.es\/de\/wer-wir-sind\/\"},{\"@type\":\"ListItem\",\"position\":3,\"name\":\"Das Team\"}]},{\"@type\":\"WebSite\",\"@id\":\"https:\/\/consorcioserrano.es\/#website\",\"url\":\"https:\/\/consorcioserrano.es\/\",\"name\":\"Consorcio del Jam\u00f3n Serrano Espa\u00f1ol\",\"description\":\"Das Consorcio Serrano-Schinken garantiert die Qualit\u00e4t seines schinken serrano - 100 % spanische Schinken, handauswahl, St\u00fcck f\u00fcr St\u00fcck.\",\"potentialAction\":[{\"@type\":\"SearchAction\",\"target\":{\"@type\":\"EntryPoint\",\"urlTemplate\":\"https:\/\/consorcioserrano.es\/?s={search_term_string}\"},\"query-input\":{\"@type\":\"PropertyValueSpecification\",\"valueRequired\":true,\"valueName\":\"search_term_string\"}}],\"inLanguage\":\"de\"}]}<\/script>\n<!-- \/ Yoast SEO plugin. -->","yoast_head_json":{"title":"Das Team - Der Consorcio Serrano-Schinken","description":"Das Consorcio Serrano-Schinken garantiert die Qualit\u00e4t seines schinken serrano - 100 % spanische Schinken, handauswahl, St\u00fcck f\u00fcr St\u00fcck.","robots":{"index":"index","follow":"follow","max-snippet":"max-snippet:-1","max-image-preview":"max-image-preview:large","max-video-preview":"max-video-preview:-1"},"canonical":"https:\/\/consorcioserrano.es\/de\/wer-wir-sind\/das-team-2-2\/","og_locale":"de_DE","og_type":"article","og_title":"Das Team - Der Consorcio Serrano-Schinken","og_description":"Das Consorcio Serrano-Schinken garantiert die Qualit\u00e4t seines schinken serrano - 100 % spanische Schinken, handauswahl, St\u00fcck f\u00fcr St\u00fcck.","og_url":"https:\/\/consorcioserrano.es\/de\/wer-wir-sind\/das-team-2-2\/","og_site_name":"Consorcio del Jam\u00f3n Serrano Espa\u00f1ol","article_modified_time":"2026-04-08T09:27:27+00:00","og_image":[{"url":"http:\/\/consorcioserrano.es\/wp-content\/uploads\/2017\/11\/social-consorcio-serrano.jpg","type":"","width":"","height":""}],"twitter_card":"summary_large_image","twitter_misc":{"Gesch\u00e4tzte Lesezeit":"5\u00a0Minuten"},"schema":{"@context":"https:\/\/schema.org","@graph":[{"@type":"WebPage","@id":"https:\/\/consorcioserrano.es\/de\/wer-wir-sind\/das-team-2-2\/","url":"https:\/\/consorcioserrano.es\/de\/wer-wir-sind\/das-team-2-2\/","name":"Das Team - Der Consorcio Serrano-Schinken","isPartOf":{"@id":"https:\/\/consorcioserrano.es\/#website"},"primaryImageOfPage":{"@id":"https:\/\/consorcioserrano.es\/de\/wer-wir-sind\/das-team-2-2\/#primaryimage"},"image":{"@id":"https:\/\/consorcioserrano.es\/de\/wer-wir-sind\/das-team-2-2\/#primaryimage"},"thumbnailUrl":"http:\/\/consorcioserrano.es\/wp-content\/uploads\/2017\/10\/s-60.png","datePublished":"2017-11-22T14:19:18+00:00","dateModified":"2026-04-08T09:27:27+00:00","description":"Das Consorcio Serrano-Schinken garantiert die Qualit\u00e4t seines schinken serrano - 100 % spanische Schinken, handauswahl, St\u00fcck f\u00fcr St\u00fcck.","breadcrumb":{"@id":"https:\/\/consorcioserrano.es\/de\/wer-wir-sind\/das-team-2-2\/#breadcrumb"},"inLanguage":"de","potentialAction":[{"@type":"ReadAction","target":["https:\/\/consorcioserrano.es\/de\/wer-wir-sind\/das-team-2-2\/"]}]},{"@type":"ImageObject","inLanguage":"de","@id":"https:\/\/consorcioserrano.es\/de\/wer-wir-sind\/das-team-2-2\/#primaryimage","url":"http:\/\/consorcioserrano.es\/wp-content\/uploads\/2017\/10\/s-60.png","contentUrl":"http:\/\/consorcioserrano.es\/wp-content\/uploads\/2017\/10\/s-60.png"},{"@type":"BreadcrumbList","@id":"https:\/\/consorcioserrano.es\/de\/wer-wir-sind\/das-team-2-2\/#breadcrumb","itemListElement":[{"@type":"ListItem","position":1,"name":"Portada","item":"https:\/\/consorcioserrano.es\/de\/"},{"@type":"ListItem","position":2,"name":"Wer wir sind","item":"https:\/\/consorcioserrano.es\/de\/wer-wir-sind\/"},{"@type":"ListItem","position":3,"name":"Das Team"}]},{"@type":"WebSite","@id":"https:\/\/consorcioserrano.es\/#website","url":"https:\/\/consorcioserrano.es\/","name":"Consorcio del Jam\u00f3n Serrano Espa\u00f1ol","description":"Das Consorcio Serrano-Schinken garantiert die Qualit\u00e4t seines schinken serrano - 100 % spanische Schinken, handauswahl, St\u00fcck f\u00fcr St\u00fcck.","potentialAction":[{"@type":"SearchAction","target":{"@type":"EntryPoint","urlTemplate":"https:\/\/consorcioserrano.es\/?s={search_term_string}"},"query-input":{"@type":"PropertyValueSpecification","valueRequired":true,"valueName":"search_term_string"}}],"inLanguage":"de"}]}},"acf":[],"_links":{"self":[{"href":"https:\/\/consorcioserrano.es\/de\/wp-json\/wp\/v2\/pages\/5060","targetHints":{"allow":["GET"]}}],"collection":[{"href":"https:\/\/consorcioserrano.es\/de\/wp-json\/wp\/v2\/pages"}],"about":[{"href":"https:\/\/consorcioserrano.es\/de\/wp-json\/wp\/v2\/types\/page"}],"author":[{"embeddable":true,"href":"https:\/\/consorcioserrano.es\/de\/wp-json\/wp\/v2\/users\/1"}],"replies":[{"embeddable":true,"href":"https:\/\/consorcioserrano.es\/de\/wp-json\/wp\/v2\/comments?post=5060"}],"version-history":[{"count":3,"href":"https:\/\/consorcioserrano.es\/de\/wp-json\/wp\/v2\/pages\/5060\/revisions"}],"predecessor-version":[{"id":30775,"href":"https:\/\/consorcioserrano.es\/de\/wp-json\/wp\/v2\/pages\/5060\/revisions\/30775"}],"up":[{"embeddable":true,"href":"https:\/\/consorcioserrano.es\/de\/wp-json\/wp\/v2\/pages\/4700"}],"wp:featuredmedia":[{"embeddable":true,"href":"https:\/\/consorcioserrano.es\/de\/wp-json\/"}],"wp:attachment":[{"href":"https:\/\/consorcioserrano.es\/de\/wp-json\/wp\/v2\/media?parent=5060"}],"curies":[{"name":"wp","href":"https:\/\/api.w.org\/{rel}","templated":true}]}}