{"id":7012,"date":"2018-05-21T11:41:17","date_gmt":"2018-05-21T10:41:17","guid":{"rendered":"http:\/\/consorcioserrano.es\/?page_id=7012"},"modified":"2025-01-27T09:47:20","modified_gmt":"2025-01-27T08:47:20","slug":"schreib-dich-fuer-unseren-newsletter-ein","status":"publish","type":"page","link":"https:\/\/consorcioserrano.es\/de\/schreib-dich-fuer-unseren-newsletter-ein\/","title":{"rendered":"Schreib dich f\u00fcr unseren Newsletter ein"},"content":{"rendered":"<div class=\"wpb-content-wrapper\"><p>[vc_row][vc_column width=&#8220;1\/2&#8243;][vc_column_text el_class=&#8220;vc_quote_consorcio&#8220;]<\/p>\n<div class=\"vc_quote_consorcio_icon_de\">\n<h1 style=\"color: #000000!important;\"><img loading=\"lazy\" decoding=\"async\" class=\"alignnone size-full wp-image-1101\" src=\"http:\/\/consorcioserrano.es\/wp-content\/uploads\/2017\/11\/comillas-aleman-1.png\" alt=\"\" width=\"59\" height=\"53\" \/>Schreib dich f\u00fcr unseren Newsletter ein\u00a0<img loading=\"lazy\" decoding=\"async\" class=\"alignnone size-full wp-image-1100\" style=\"font-size: 16px;\" src=\"http:\/\/consorcioserrano.es\/wp-content\/uploads\/2017\/11\/comillas-aleman-1.png\" alt=\"\" width=\"59\" height=\"53\" \/><\/h1>\n<\/div>\n<p>[\/vc_column_text][vc_column_text]<style id='mailster-form-default' type='text\/css'>.mailster-embeded-form body{background:0;padding:0;margin:0}.mailster-embeded-form .mailster-form-body{padding:5px !important;margin:auto !important}.mailster-form-wrap{max-width:100%;max-height:95%;min-width:100px;-webkit-overflow-scrolling:touch}.mailster-form{margin-bottom:20px;position:relative}.mailster-form:before{content:'';position:absolute;display:block;height:100%;width:100%;z-index:1;background-repeat:no-repeat;background-position:center center;background-size:20px 20px;background-image:url('https:\/\/consorcioserrano.es\/wp-content\/plugins\/mailster\/assets\/css\/..\/img\/loading.gif');visibility:hidden;opacity:0;transition:opacity .15s ease-in-out}.mailster-form.loading:before{opacity:1;visibility:visible}@media only screen and (-webkit-min-device-pixel-ratio:2),only screen and (min-resolution:192dpi){.mailster-form:before{background-image:url('https:\/\/consorcioserrano.es\/wp-content\/plugins\/mailster\/assets\/css\/..\/img\/loading_2x.gif')}}.mailster-form:after,.mailster-form-fields:after{content:'.';visibility:hidden;display:block;height:0;clear:both}.mailster-form .mailster-form-fields{transition:all .15s ease-in-out}.mailster-form.completed .mailster-form-fields{height:0;min-height:0;opacity:0;overflow:hidden}.mailster-form,.mailster-form .input,.mailster-form .mailster-form-info{width:100%;box-sizing:border-box}.mailster-embeded-form .mailster-form{margin-bottom:3px}.mailster-form .mailster-wrapper{position:relative;margin-bottom:2px;transition:opacity .15s ease-in-out}.mailster-form.loading .mailster-wrapper{opacity:.2}.mailster-form textarea.input{resize:vertical;height:150px}.mailster-form li{list-style:none !important;margin-left:0;padding-left:0}span.mailster-required{font-size:120%;font-weight:700;color:#bf4d4d}.mailster-lists-wrapper ul{list-style:none;margin-left:0;padding-left:0}.mailster-lists-wrapper ul li{margin-left:0}.mailster-list-description{color:inherit;display:block;margin-left:25px;font-size:.8em}.mailster-form-info{height:0;border-radius:2px;padding:5px;margin-bottom:4px;color:#fff;padding:9px 16px;transition:all .2s;-webkit-transform:scale(0);-moz-transform:scale(0);-ms-transform:scale(0);transform:scale(0)}.mailster-form.loading .mailster-form-info{opacity:0}.mailster-form-info a{color:#fff}.mailster-form-info.success,.mailster-form-info.error{display:block;height:100%;-webkit-transform:scale(1);-moz-transform:scale(1);-ms-transform:scale(1);transform:scale(1)}.mailster-form .error input,.mailster-form .error select,.mailster-form .error textarea{outline:2px solid #bf4d4d;outline-offset:0}.mailster-form-info.error{background:#bf4d4d}.mailster-form-info.success{background-color:#6fbf4d;text-align:center}.mailster-form-info ul,.mailster-form .mailster-form-info p{margin:0;padding:0;max-width:initial}.mailster-form-info ul li{color:inherit;margin-left:0}.mailster-submit-wrapper{margin-top:6px}.mailster-form .submit-button{cursor:pointer}.mailster-form .submit-button:focus{outline:0}<\/style><form action=\"https:\/\/consorcioserrano.es\/de\/mailster\/subscribe\/\" method=\"post\" class=\"mailster-form mailster-form-submit mailster-ajax-form mailster-form-4\" novalidate><input name=\"_action\" type=\"hidden\" value=\"subscribe\">\n<input name=\"_timestamp\" type=\"hidden\" value=\"1775840101\">\n<input name=\"_referer\" type=\"hidden\" value=\"https:\/\/consorcioserrano.es\/de\/wp-json\/wp\/v2\/pages\/7012\">\n<input name=\"_nonce\" type=\"hidden\" value=\"0dda0c8ef5\">\n<input name=\"formid\" type=\"hidden\" value=\"4\">\n<div class=\"mailster-form-fields\">\n<div class=\"mailster-wrapper mailster-firstname-wrapper\"><label for=\"mailster-firstname-4\">Name <span class=\"mailster-required\">*<\/span><\/label><input id=\"mailster-firstname-4\" name=\"firstname\" type=\"text\" value=\"\" class=\"input mailster-firstname mailster-required\" aria-required=\"true\" aria-label=\"Name\"><\/div>\n<div class=\"mailster-wrapper mailster-email-wrapper\"><label for=\"mailster-email-4\">Email <span class=\"mailster-required\">*<\/span><\/label><input id=\"mailster-email-4\" name=\"email\" type=\"email\" value=\"\" class=\"input mailster-email mailster-required\" aria-required=\"true\" aria-label=\"Email\" spellcheck=\"false\"><\/div>\n<div class=\"mailster-wrapper mailster-aceptar-wrapper\"><label for=\"mailster-aceptar-4\"><input type=\"hidden\" name=\"aceptar\" value=\"0\"><input id=\"mailster-aceptar-4\" name=\"aceptar\" type=\"checkbox\" value=\"1\"  class=\"mailster-aceptar mailster-required\" aria-required=\"true\" aria-label=\"Ich habe die Datenschutzerkl\u00e4rung gelesen und akzeptiere sie hiermit.\">  Ich habe die <a href=\"https:\/\/consorcioserrano.es\/de\/politica-de-proteccion-de-datos\/\">Datenschutzerkl\u00e4rung<\/a> gelesen und akzeptiere sie hiermit. <span class=\"mailster-required\">*<\/span><\/label><\/div>\n<div class=\"mailster-wrapper mailster-_coolcaptcha-wrapper\"><label for=\"mailster-_coolcaptcha-4\">Escribe el siguiente texto<\/label><div class=\"mailster-coolcaptcha-wrap\"><img decoding=\"async\" title=\"click to reload\" onclick=\"var s=this.src;this.src=s.replace(\/nocache=\\d+\/, 'nocache='+(+new Date()))\" src=\"https:\/\/consorcioserrano.es\/wp-admin\/admin-ajax.php?action=mailster_coolcaptcha_img&nocache=1775840101&formid=4\" style=\"cursor:pointer;width:200px;height:70px\"><\/div><input id=\"mailster-_coolcaptcha-4\" name=\"mailster__coolcaptcha\" type=\"text\" value=\"\" class=\"input mailster-coolcaptcha\" placeholder=\"\"><\/div>\n<div class=\"mailster-wrapper mailster-submit-wrapper form-submit\"><input name=\"submit\" type=\"submit\" value=\"Senden\" class=\"submit-button button\" aria-label=\"Senden\"><\/div>\n<\/div>\n<\/form>\n[\/vc_column_text][vc_column_text]<\/p>\n<table class=\"tabla-privacidad\">\n<thead>\n<tr>\n<td colspan=\"2\">Data Protection Information<\/td>\n<\/tr>\n<\/thead>\n<tbody>\n<tr>\n<td>Responsible<\/td>\n<td>Consorcio del Jam\u00f3n Serrano Espa\u00f1ol<\/td>\n<\/tr>\n<tr>\n<td>Liability<\/td>\n<td>Being able to respond to the information requested, as well as providing information on products or services of interest.<\/td>\n<\/tr>\n<tr>\n<td>Legitimation<\/td>\n<td>Consent of the interested<\/td>\n<\/tr>\n<tr>\n<td>Destinataire<\/td>\n<td>The data that you enter in consorcioserrano.es website may be assigned to companies associated to the JSE Consortium or other commercially related to it.<\/td>\n<\/tr>\n<tr>\n<td>Your rights<\/td>\n<td>You have the right to access, rectify and delete the data, as well as other rights, as explained in the additional information.<\/td>\n<\/tr>\n<tr>\n<td>Aditional Information<\/td>\n<td>You can consult the additional and detailed information on Data Protection on our website: <a href=\"https:\/\/consorcioserrano.es\/de\/datenschutzerklaerung\/\" target=\"_blank\" rel=\"noopener\">https:\/\/consorcioserrano.es\/de\/datenschutzerklaerung\/<\/a><\/td>\n<\/tr>\n<\/tbody>\n<\/table>\n<p>[\/vc_column_text][\/vc_column][vc_column width=&#8220;1\/2&#8243;][\/vc_column][\/vc_row]<\/p>\n<\/div>","protected":false},"excerpt":{"rendered":"<p>[vc_row][vc_column width=&#8220;1\/2&#8243;][vc_column_text el_class=&#8220;vc_quote_consorcio&#8220;] Schreib dich f\u00fcr unseren Newsletter ein\u00a0 [\/vc_column_text][vc_column_text][\/vc_column_text][vc_column_text] Data Protection Information Responsible Consorcio del Jam\u00f3n Serrano Espa\u00f1ol Liability Being able to respond to the<span class=\"excerpt-hellip\"> [\u2026]<\/span><\/p>\n","protected":false},"author":1,"featured_media":0,"parent":0,"menu_order":0,"comment_status":"closed","ping_status":"closed","template":"","meta":{"_acf_changed":false,"footnotes":""},"class_list":["post-7012","page","type-page","status-publish","hentry","sections_group lang-de"],"yoast_head":"<!-- This site is optimized with the Yoast SEO plugin v27.2 - https:\/\/yoast.com\/product\/yoast-seo-wordpress\/ -->\n<title>Schreib dich f\u00fcr unseren Newsletter ein - Der Consorcio Serrano-Schinken<\/title>\n<meta name=\"description\" content=\"Das Consorcio Serrano-Schinken garantiert die Qualit\u00e4t seines schinken serrano - 100 % spanische Schinken, handauswahl, St\u00fcck f\u00fcr St\u00fcck.\" \/>\n<meta name=\"robots\" content=\"index, follow, max-snippet:-1, max-image-preview:large, max-video-preview:-1\" \/>\n<link rel=\"canonical\" href=\"https:\/\/consorcioserrano.es\/de\/schreib-dich-fuer-unseren-newsletter-ein\/\" \/>\n<meta property=\"og:locale\" content=\"de_DE\" \/>\n<meta property=\"og:type\" content=\"article\" \/>\n<meta property=\"og:title\" content=\"Schreib dich f\u00fcr unseren Newsletter ein - Der Consorcio Serrano-Schinken\" \/>\n<meta property=\"og:description\" content=\"Das Consorcio Serrano-Schinken garantiert die Qualit\u00e4t seines schinken serrano - 100 % spanische Schinken, handauswahl, St\u00fcck f\u00fcr St\u00fcck.\" \/>\n<meta property=\"og:url\" content=\"https:\/\/consorcioserrano.es\/de\/schreib-dich-fuer-unseren-newsletter-ein\/\" \/>\n<meta property=\"og:site_name\" content=\"Consorcio del Jam\u00f3n Serrano Espa\u00f1ol\" \/>\n<meta property=\"article:modified_time\" content=\"2025-01-27T08:47:20+00:00\" \/>\n<meta property=\"og:image\" content=\"http:\/\/consorcioserrano.es\/wp-content\/uploads\/2017\/11\/comillas-aleman-1.png\" \/>\n<meta name=\"twitter:card\" content=\"summary_large_image\" \/>\n<meta name=\"twitter:label1\" content=\"Gesch\u00e4tzte Lesezeit\" \/>\n\t<meta name=\"twitter:data1\" content=\"1\u00a0Minute\" \/>\n<script type=\"application\/ld+json\" class=\"yoast-schema-graph\">{\"@context\":\"https:\/\/schema.org\",\"@graph\":[{\"@type\":\"WebPage\",\"@id\":\"https:\/\/consorcioserrano.es\/de\/schreib-dich-fuer-unseren-newsletter-ein\/\",\"url\":\"https:\/\/consorcioserrano.es\/de\/schreib-dich-fuer-unseren-newsletter-ein\/\",\"name\":\"Schreib dich f\u00fcr unseren Newsletter ein - Der Consorcio Serrano-Schinken\",\"isPartOf\":{\"@id\":\"https:\/\/consorcioserrano.es\/#website\"},\"primaryImageOfPage\":{\"@id\":\"https:\/\/consorcioserrano.es\/de\/schreib-dich-fuer-unseren-newsletter-ein\/#primaryimage\"},\"image\":{\"@id\":\"https:\/\/consorcioserrano.es\/de\/schreib-dich-fuer-unseren-newsletter-ein\/#primaryimage\"},\"thumbnailUrl\":\"http:\/\/consorcioserrano.es\/wp-content\/uploads\/2017\/11\/comillas-aleman-1.png\",\"datePublished\":\"2018-05-21T10:41:17+00:00\",\"dateModified\":\"2025-01-27T08:47:20+00:00\",\"description\":\"Das Consorcio Serrano-Schinken garantiert die Qualit\u00e4t seines schinken serrano - 100 % spanische Schinken, handauswahl, St\u00fcck f\u00fcr St\u00fcck.\",\"breadcrumb\":{\"@id\":\"https:\/\/consorcioserrano.es\/de\/schreib-dich-fuer-unseren-newsletter-ein\/#breadcrumb\"},\"inLanguage\":\"de\",\"potentialAction\":[{\"@type\":\"ReadAction\",\"target\":[\"https:\/\/consorcioserrano.es\/de\/schreib-dich-fuer-unseren-newsletter-ein\/\"]}]},{\"@type\":\"ImageObject\",\"inLanguage\":\"de\",\"@id\":\"https:\/\/consorcioserrano.es\/de\/schreib-dich-fuer-unseren-newsletter-ein\/#primaryimage\",\"url\":\"http:\/\/consorcioserrano.es\/wp-content\/uploads\/2017\/11\/comillas-aleman-1.png\",\"contentUrl\":\"http:\/\/consorcioserrano.es\/wp-content\/uploads\/2017\/11\/comillas-aleman-1.png\"},{\"@type\":\"BreadcrumbList\",\"@id\":\"https:\/\/consorcioserrano.es\/de\/schreib-dich-fuer-unseren-newsletter-ein\/#breadcrumb\",\"itemListElement\":[{\"@type\":\"ListItem\",\"position\":1,\"name\":\"Portada\",\"item\":\"https:\/\/consorcioserrano.es\/de\/\"},{\"@type\":\"ListItem\",\"position\":2,\"name\":\"Schreib dich f\u00fcr unseren Newsletter ein\"}]},{\"@type\":\"WebSite\",\"@id\":\"https:\/\/consorcioserrano.es\/#website\",\"url\":\"https:\/\/consorcioserrano.es\/\",\"name\":\"Consorcio del Jam\u00f3n Serrano Espa\u00f1ol\",\"description\":\"Das Consorcio Serrano-Schinken garantiert die Qualit\u00e4t seines schinken serrano - 100 % spanische Schinken, handauswahl, St\u00fcck f\u00fcr St\u00fcck.\",\"potentialAction\":[{\"@type\":\"SearchAction\",\"target\":{\"@type\":\"EntryPoint\",\"urlTemplate\":\"https:\/\/consorcioserrano.es\/?s={search_term_string}\"},\"query-input\":{\"@type\":\"PropertyValueSpecification\",\"valueRequired\":true,\"valueName\":\"search_term_string\"}}],\"inLanguage\":\"de\"}]}<\/script>\n<!-- \/ Yoast SEO plugin. -->","yoast_head_json":{"title":"Schreib dich f\u00fcr unseren Newsletter ein - Der Consorcio Serrano-Schinken","description":"Das Consorcio Serrano-Schinken garantiert die Qualit\u00e4t seines schinken serrano - 100 % spanische Schinken, handauswahl, St\u00fcck f\u00fcr St\u00fcck.","robots":{"index":"index","follow":"follow","max-snippet":"max-snippet:-1","max-image-preview":"max-image-preview:large","max-video-preview":"max-video-preview:-1"},"canonical":"https:\/\/consorcioserrano.es\/de\/schreib-dich-fuer-unseren-newsletter-ein\/","og_locale":"de_DE","og_type":"article","og_title":"Schreib dich f\u00fcr unseren Newsletter ein - Der Consorcio Serrano-Schinken","og_description":"Das Consorcio Serrano-Schinken garantiert die Qualit\u00e4t seines schinken serrano - 100 % spanische Schinken, handauswahl, St\u00fcck f\u00fcr St\u00fcck.","og_url":"https:\/\/consorcioserrano.es\/de\/schreib-dich-fuer-unseren-newsletter-ein\/","og_site_name":"Consorcio del Jam\u00f3n Serrano Espa\u00f1ol","article_modified_time":"2025-01-27T08:47:20+00:00","og_image":[{"url":"http:\/\/consorcioserrano.es\/wp-content\/uploads\/2017\/11\/comillas-aleman-1.png","type":"","width":"","height":""}],"twitter_card":"summary_large_image","twitter_misc":{"Gesch\u00e4tzte Lesezeit":"1\u00a0Minute"},"schema":{"@context":"https:\/\/schema.org","@graph":[{"@type":"WebPage","@id":"https:\/\/consorcioserrano.es\/de\/schreib-dich-fuer-unseren-newsletter-ein\/","url":"https:\/\/consorcioserrano.es\/de\/schreib-dich-fuer-unseren-newsletter-ein\/","name":"Schreib dich f\u00fcr unseren Newsletter ein - Der Consorcio Serrano-Schinken","isPartOf":{"@id":"https:\/\/consorcioserrano.es\/#website"},"primaryImageOfPage":{"@id":"https:\/\/consorcioserrano.es\/de\/schreib-dich-fuer-unseren-newsletter-ein\/#primaryimage"},"image":{"@id":"https:\/\/consorcioserrano.es\/de\/schreib-dich-fuer-unseren-newsletter-ein\/#primaryimage"},"thumbnailUrl":"http:\/\/consorcioserrano.es\/wp-content\/uploads\/2017\/11\/comillas-aleman-1.png","datePublished":"2018-05-21T10:41:17+00:00","dateModified":"2025-01-27T08:47:20+00:00","description":"Das Consorcio Serrano-Schinken garantiert die Qualit\u00e4t seines schinken serrano - 100 % spanische Schinken, handauswahl, St\u00fcck f\u00fcr St\u00fcck.","breadcrumb":{"@id":"https:\/\/consorcioserrano.es\/de\/schreib-dich-fuer-unseren-newsletter-ein\/#breadcrumb"},"inLanguage":"de","potentialAction":[{"@type":"ReadAction","target":["https:\/\/consorcioserrano.es\/de\/schreib-dich-fuer-unseren-newsletter-ein\/"]}]},{"@type":"ImageObject","inLanguage":"de","@id":"https:\/\/consorcioserrano.es\/de\/schreib-dich-fuer-unseren-newsletter-ein\/#primaryimage","url":"http:\/\/consorcioserrano.es\/wp-content\/uploads\/2017\/11\/comillas-aleman-1.png","contentUrl":"http:\/\/consorcioserrano.es\/wp-content\/uploads\/2017\/11\/comillas-aleman-1.png"},{"@type":"BreadcrumbList","@id":"https:\/\/consorcioserrano.es\/de\/schreib-dich-fuer-unseren-newsletter-ein\/#breadcrumb","itemListElement":[{"@type":"ListItem","position":1,"name":"Portada","item":"https:\/\/consorcioserrano.es\/de\/"},{"@type":"ListItem","position":2,"name":"Schreib dich f\u00fcr unseren Newsletter ein"}]},{"@type":"WebSite","@id":"https:\/\/consorcioserrano.es\/#website","url":"https:\/\/consorcioserrano.es\/","name":"Consorcio del Jam\u00f3n Serrano Espa\u00f1ol","description":"Das Consorcio Serrano-Schinken garantiert die Qualit\u00e4t seines schinken serrano - 100 % spanische Schinken, handauswahl, St\u00fcck f\u00fcr St\u00fcck.","potentialAction":[{"@type":"SearchAction","target":{"@type":"EntryPoint","urlTemplate":"https:\/\/consorcioserrano.es\/?s={search_term_string}"},"query-input":{"@type":"PropertyValueSpecification","valueRequired":true,"valueName":"search_term_string"}}],"inLanguage":"de"}]}},"acf":[],"_links":{"self":[{"href":"https:\/\/consorcioserrano.es\/de\/wp-json\/wp\/v2\/pages\/7012","targetHints":{"allow":["GET"]}}],"collection":[{"href":"https:\/\/consorcioserrano.es\/de\/wp-json\/wp\/v2\/pages"}],"about":[{"href":"https:\/\/consorcioserrano.es\/de\/wp-json\/wp\/v2\/types\/page"}],"author":[{"embeddable":true,"href":"https:\/\/consorcioserrano.es\/de\/wp-json\/wp\/v2\/users\/1"}],"replies":[{"embeddable":true,"href":"https:\/\/consorcioserrano.es\/de\/wp-json\/wp\/v2\/comments?post=7012"}],"version-history":[{"count":1,"href":"https:\/\/consorcioserrano.es\/de\/wp-json\/wp\/v2\/pages\/7012\/revisions"}],"predecessor-version":[{"id":25730,"href":"https:\/\/consorcioserrano.es\/de\/wp-json\/wp\/v2\/pages\/7012\/revisions\/25730"}],"wp:attachment":[{"href":"https:\/\/consorcioserrano.es\/de\/wp-json\/wp\/v2\/media?parent=7012"}],"curies":[{"name":"wp","href":"https:\/\/api.w.org\/{rel}","templated":true}]}}