{"id":16188,"date":"2023-11-21T12:33:01","date_gmt":"2023-11-21T11:33:01","guid":{"rendered":"https:\/\/consorcioserrano.es\/?page_id=16188"},"modified":"2024-02-19T18:04:13","modified_gmt":"2024-02-19T17:04:13","slug":"how-to-eat","status":"publish","type":"page","link":"https:\/\/consorcioserrano.es\/en\/consorcio-serrano-ham\/how-to-eat\/","title":{"rendered":"How to eat"},"content":{"rendered":"<div class=\"wpb-content-wrapper\"><p>[vc_row full_width=&#8221;stretch_row&#8221; css=&#8221;.vc_custom_1700566591562{background-color: #c6c6c6 !important;}&#8221; el_class=&#8221;next-row-no-padding&#8221;][vc_column el_class=&#8221;column-no-padding&#8221;][vc_column_text css=&#8221;.vc_custom_1700566068002{padding-left: 100px !important;background-color: #161616 !important;}&#8221; el_class=&#8221;no-margin-with-padding no-margin-with-padding-left&#8221; el_id=&#8221;div-sello&#8221;]<\/p>\n<p class=\"image-h2\" style=\"padding-top: 0px; margin-bottom: 0px;\"><img loading=\"lazy\" decoding=\"async\" class=\"size-full wp-image-975 alignleft img-certificado-consorcio\" title=\"Certificado por Consorcio Serrano - Selecci\u00f3n a mano\" src=\"https:\/\/consorcioserrano.es\/wp-content\/uploads\/2023\/11\/sello_jamon_consorcio_2023_red.png\" alt=\"Certificado por Consorcio Serrano - Selecci\u00f3n a mano\" width=\"140\" height=\"60\" \/><\/p>\n<h1 style=\"text-align: left;\"><strong>The Consorcio Serrano<\/strong> Ham<\/h1>\n<p>[\/vc_column_text][\/vc_column][\/vc_row][vc_row full_width=&#8221;stretch_row_content_no_spaces&#8221; css=&#8221;.vc_custom_1703173685883{background-color: #000000 !important;background-position: center !important;background-repeat: no-repeat !important;background-size: cover !important;}&#8221; el_class=&#8221;no-padding-top six-columns consorcio-submenu&#8221;][vc_column][vc_wp_custommenu nav_menu=&#8221;11697&#8243; el_id=&#8221;consorcio-jamon-serrano&#8221;][\/vc_column][\/vc_row][vc_row full_width=&#8221;stretch_row&#8221; disable_element=&#8221;yes&#8221; css=&#8221;.vc_custom_1703236187136{background-color: #161616 !important;}&#8221; el_class=&#8221;no-padding-top six-columns consorcio-submenu&#8221; el_id=&#8221;consorcio-submenu&#8221;][vc_column width=&#8221;1\/6&#8243; offset=&#8221;vc_col-lg-2 vc_col-md-4 vc_hidden-sm vc_hidden-xs&#8221; el_class=&#8221;no-lateral-padding&#8221;]\n    <a href=\"https:\/\/consorcioserrano.es\/en\/consorcio-serrano-ham\/history-and-tradition\/\"   class=\"vc_link_consorcio\" title=\" History and tradition \">\n    <div class=\"roll_wrap\" id=\"\">\n\t\t\n        <div class=\"roll_wrap_img opacity-submenu-hover\" ><img decoding=\"async\" src=\"https:\/\/consorcioserrano.es\/wp-content\/uploads\/2017\/10\/Historia-y-tradicion.jpg\" class=\"img-responsive \" > <\/div>\n\t\t\n\n\t\t\n\t\t\n\t        <div class=\"roll_wrap_link_imagetextmenu  \" style=\"color:#ff0000; font-size:;\"><p class=\"six-columns-img\"><img loading=\"lazy\" decoding=\"async\" class=\"size-full wp-image-2600 alignleft\" src=\"http:\/\/consorcioserrano.es\/wp-content\/uploads\/2017\/10\/s-60.png\" alt=\"\" width=\"60\" height=\"60\" \/><\/p>\n<h3><strong>History<\/strong> and tradition<\/h3>\n<\/div>\n\t\t\n    <\/div>\n    <\/a>[\/vc_column][vc_column width=&#8221;1\/6&#8243; offset=&#8221;vc_col-lg-2 vc_col-md-4 vc_hidden-sm vc_hidden-xs&#8221; el_class=&#8221;no-lateral-padding&#8221;]\n    <a href=\"https:\/\/consorcioserrano.es\/en\/consorcio-serrano-ham\/elaboration\/\"   class=\"vc_link_consorcio\" title=\" Elaboration \">\n    <div class=\"roll_wrap\" id=\"\">\n\t\t\n        <div class=\"roll_wrap_img opacity-submenu-hover\" ><img decoding=\"async\" src=\"https:\/\/consorcioserrano.es\/wp-content\/uploads\/2017\/10\/Elaboracion.jpg\" class=\"img-responsive \" > <\/div>\n\t\t\n\n\t\t\n\t\t\n\t        <div class=\"roll_wrap_link_imagetextmenu  \" style=\"color:#ff0000; font-size:;\"><p class=\"six-columns-img\"><img loading=\"lazy\" decoding=\"async\" class=\"size-full wp-image-2600 alignleft\" src=\"http:\/\/consorcioserrano.es\/wp-content\/uploads\/2017\/10\/s-60.png\" alt=\"\" width=\"60\" height=\"60\" \/><\/p>\n<h3><strong>Elaboration<\/strong><\/h3>\n<\/div>\n\t\t\n    <\/div>\n    <\/a>[\/vc_column][vc_column width=&#8221;1\/6&#8243; offset=&#8221;vc_col-lg-2 vc_col-md-4 vc_hidden-sm vc_hidden-xs&#8221; el_class=&#8221;no-lateral-padding&#8221;]\n    <a href=\"https:\/\/consorcioserrano.es\/en\/consorcio-serrano-ham\/taste-aroma-conservation\/\"   class=\"vc_link_consorcio\" title=\" Taste, aroma and conservation \">\n    <div class=\"roll_wrap\" id=\"\">\n\t\t\n        <div class=\"roll_wrap_img opacity-submenu-hover\" ><img decoding=\"async\" src=\"https:\/\/consorcioserrano.es\/wp-content\/uploads\/2017\/10\/Sabor-y-aroma.jpg\" class=\"img-responsive \" > <\/div>\n\t\t\n\n\t\t\n\t\t\n\t        <div class=\"roll_wrap_link_imagetextmenu  \" style=\"color:#ff0000; font-size:;\"><p class=\"six-columns-img\"><img loading=\"lazy\" decoding=\"async\" class=\"size-full wp-image-2600 alignleft\" src=\"http:\/\/consorcioserrano.es\/wp-content\/uploads\/2017\/10\/s-60.png\" alt=\"\" width=\"60\" height=\"60\" \/><\/p>\n<h3><strong>Taste<\/strong>, aroma and conservation<\/h3>\n<\/div>\n\t\t\n    <\/div>\n    <\/a>[\/vc_column][vc_column width=&#8221;1\/6&#8243; offset=&#8221;vc_col-lg-2 vc_col-md-4 vc_hidden-sm vc_hidden-xs&#8221; el_class=&#8221;no-lateral-padding&#8221;]\n    <a href=\"https:\/\/consorcioserrano.es\/en\/consorcio-serrano-ham\/guarantee-of-quality\/\"   class=\"vc_link_consorcio\" title=\" Guarantee of quality \">\n    <div class=\"roll_wrap\" id=\"\">\n\t\t\n        <div class=\"roll_wrap_img opacity-submenu-hover\" ><img decoding=\"async\" src=\"https:\/\/consorcioserrano.es\/wp-content\/uploads\/2017\/10\/Garantia-de-calidad.jpg\" class=\"img-responsive \" > <\/div>\n\t\t\n\n\t\t\n\t\t\n\t        <div class=\"roll_wrap_link_imagetextmenu  \" style=\"color:#ff0000; font-size:;\"><p class=\"six-columns-img\"><img loading=\"lazy\" decoding=\"async\" class=\"size-full wp-image-2600 alignleft\" src=\"http:\/\/consorcioserrano.es\/wp-content\/uploads\/2017\/10\/s-60.png\" alt=\"\" width=\"60\" height=\"60\" \/><\/p>\n<h3><strong>Guarantee<\/strong> of quality<\/h3>\n<\/div>\n\t\t\n    <\/div>\n    <\/a>[\/vc_column][vc_column width=&#8221;1\/6&#8243; offset=&#8221;vc_col-lg-2 vc_col-md-4 vc_hidden-sm vc_hidden-xs&#8221; el_class=&#8221;no-lateral-padding&#8221;]\n    <a href=\"https:\/\/consorcioserrano.es\/en\/consorcio-serrano-ham\/how-to-eat\/\"   class=\"vc_link_consorcio\" title=\" How to eat \">\n    <div class=\"roll_wrap\" id=\"\">\n\t\t\n        <div class=\"roll_wrap_img \" ><img decoding=\"async\" src=\"https:\/\/consorcioserrano.es\/wp-content\/uploads\/2017\/10\/Como-consumirlo.jpg\" class=\"img-responsive \" > <\/div>\n\t\t\n\n\t\t\n\t\t\n\t        <div class=\"roll_wrap_link_imagetextmenu  \" style=\"color:#ff0000; font-size:;\"><p class=\"six-columns-img\"><img loading=\"lazy\" decoding=\"async\" class=\"size-full wp-image-2600 alignleft\" src=\"http:\/\/consorcioserrano.es\/wp-content\/uploads\/2017\/10\/s-60.png\" alt=\"\" width=\"60\" height=\"60\" \/><\/p>\n<h3>How to <strong>eat<\/strong><\/h3>\n<\/div>\n\t\t\n    <\/div>\n    <\/a>[\/vc_column][vc_column width=&#8221;1\/6&#8243; offset=&#8221;vc_col-lg-2 vc_col-md-4 vc_hidden-sm vc_hidden-xs&#8221; el_class=&#8221;no-lateral-padding&#8221;]\n    <a href=\"https:\/\/consorcioserrano.es\/en\/consorcio-serrano-ham\/types-of-ham\/\"   class=\"vc_link_consorcio\" title=\" Types of ham \">\n    <div class=\"roll_wrap\" id=\"\">\n\t\t\n        <div class=\"roll_wrap_img opacity-submenu-hover\" ><img decoding=\"async\" src=\"https:\/\/consorcioserrano.es\/wp-content\/uploads\/2017\/10\/Tipos-de-Jamon.jpg\" class=\"img-responsive \" > <\/div>\n\t\t\n\n\t\t\n\t\t\n\t        <div class=\"roll_wrap_link_imagetextmenu  \" style=\"color:#ff0000; font-size:;\"><p class=\"six-columns-img\"><img loading=\"lazy\" decoding=\"async\" class=\"size-full wp-image-2600 alignleft\" src=\"http:\/\/consorcioserrano.es\/wp-content\/uploads\/2017\/10\/s-60.png\" alt=\"\" width=\"60\" height=\"60\" \/><\/p>\n<h3><strong>Types<\/strong> of ham<\/h3>\n<\/div>\n\t\t\n    <\/div>\n    <\/a>[\/vc_column][\/vc_row][vc_row full_width=&#8221;stretch_row_content_no_spaces&#8221; css=&#8221;.vc_custom_1509629144595{background-image: url(http:\/\/consorcioserrano.es\/wp-content\/uploads\/2017\/10\/como-consumirlo-1900&#215;331.jpg?id=1616) !important;background-position: center !important;background-repeat: no-repeat !important;background-size: cover !important;}&#8221;][vc_column]\n<div id=\"ersspace-1\"><\/div><style type=\"text\/css\">#ersspace-1 { height: 320px; }\n@media handheld, only screen and (max-width: 1199px) {\n\t#ersspace-1 { height: 300px; }\n}\n@media handheld, only screen and (max-width: 1023px) {\n\t#ersspace-1 { height: 300px; }\n}\n@media handheld, only screen and (max-width: 767px) {\n\t#ersspace-1 { height: 260px; }\n}<\/style>[\/vc_column][\/vc_row][vc_row el_class=&#8221;column-special-one&#8221;][vc_column width=&#8221;2\/3&#8243; el_class=&#8221;panel-special-content&#8221;][vc_row_inner][vc_column_inner][vc_column_text el_class=&#8221;vc_quote_consorcio&#8221;]<\/p>\n<div class=\"vc_quote_consorcio_icon\"><img loading=\"lazy\" decoding=\"async\" class=\"alignnone size-full wp-image-1101\" src=\"http:\/\/consorcioserrano.es\/wp-content\/uploads\/2017\/10\/comillas-abrir-1.png\" alt=\"\" width=\"59\" height=\"53\" srcset=\"https:\/\/consorcioserrano.es\/wp-content\/uploads\/2017\/10\/comillas-abrir-1.png 59w, https:\/\/consorcioserrano.es\/wp-content\/uploads\/2017\/10\/comillas-abrir-1-50x45.png 50w\" sizes=\"auto, (max-width:767px) 59px, 59px\" \/><\/div>\n<div class=\"vc_quote_consorcio_content\">\n<h1><strong>How to consume <\/strong> serrano ham\u00a0<img loading=\"lazy\" decoding=\"async\" class=\"alignnone size-full wp-image-1100\" src=\"http:\/\/consorcioserrano.es\/wp-content\/uploads\/2017\/10\/comillas-cerrar-1.png\" alt=\"\" width=\"59\" height=\"53\" srcset=\"https:\/\/consorcioserrano.es\/wp-content\/uploads\/2017\/10\/comillas-cerrar-1.png 59w, https:\/\/consorcioserrano.es\/wp-content\/uploads\/2017\/10\/comillas-cerrar-1-50x45.png 50w\" sizes=\"auto, (max-width:767px) 59px, 59px\" \/><\/h1>\n<\/div>\n<p>[\/vc_column_text][\/vc_column_inner][\/vc_row_inner][vc_row_inner][vc_column_inner][vc_single_image image=&#8221;2431&#8243; img_size=&#8221;full&#8221;][\/vc_column_inner][\/vc_row_inner][vc_row_inner][vc_column_inner][vc_empty_space height=&#8221;20px&#8221;][\/vc_column_inner][\/vc_row_inner][vc_row_inner][vc_column_inner width=&#8221;1\/2&#8243;][vc_column_text]<\/p>\n<h3><strong><span style=\"color: #e82f37;\">How to eat CJSE Serrano ham<\/span><\/strong><\/h3>\n<p>It is best to eat <strong>Consorcio Serrano Ham<\/strong> on its own, although it is usually accompanied by bread, cheese, fruit, fish, vegetables, etc.<\/p>\n<p>Because of its intense flavour, it easily combines with any other product or with a wide range of personal touches according to the personal tastes of each diner. It can be eaten in tapas, added to simple or more elaborate dishes, whether for traditional or creative cuisine.[\/vc_column_text][\/vc_column_inner][vc_column_inner width=&#8221;1\/2&#8243;][vc_column_text]<\/p>\n<p>&nbsp;<\/p>\n<p>If you have a whole piece of <strong>Consorcio Serrano Ham<\/strong>, to start it, first remove the rind and trim the fat to your liking.<\/p>\n<p>It is important not to remove all the fat, as this preserves the unmistakeable flavour of Serrano ham. We therefore recommend removing only half the fat surrounding it.[\/vc_column_text][\/vc_column_inner][\/vc_row_inner][vc_column_text el_class=&#8221;vc_quote_consorcio vc_quote_consorcio_other&#8221;]<\/p>\n<div class=\"vc_quote_consorcio_icon\"><img loading=\"lazy\" decoding=\"async\" class=\"alignnone size-full wp-image-1101\" src=\"http:\/\/consorcioserrano.es\/wp-content\/uploads\/2017\/10\/comillas-abrir-1.png\" alt=\"\" width=\"59\" height=\"53\" srcset=\"https:\/\/consorcioserrano.es\/wp-content\/uploads\/2017\/10\/comillas-abrir-1.png 59w, https:\/\/consorcioserrano.es\/wp-content\/uploads\/2017\/10\/comillas-abrir-1-50x45.png 50w\" sizes=\"auto, (max-width:767px) 59px, 59px\" \/><\/div>\n<div class=\"vc_quote_consorcio_content\">\n<h2>Because of its <strong>intense flavour<\/strong>, it <strong>easily combines<\/strong> with any other product or with a wide range of personal touches according to the <strong>personal tastes<\/strong> of each diner.<\/h2>\n<\/div>\n<p>[\/vc_column_text][vc_row_inner][vc_column_inner width=&#8221;1\/2&#8243;][vc_column_text]When carving, slices should be as thin as possible (paper-thin) to appreciate its unique texture and flavour.<\/p>\n<p><strong><a href=\"https:\/\/consorcioserrano.es\/en\/how-to-cut-your-consorcio-serrano-ham\/\"><span style=\"color: #e82f37;\">More information about carving Serrano ham<\/span><\/a><\/strong><\/p>\n<p>[\/vc_column_text][\/vc_column_inner][vc_column_inner width=&#8221;1\/2&#8243;][vc_column_text]When buying centres or slices, they should be taken out of the freezer at least 10-15 minutes before eating for proper taste. This way, the <strong>Consorcio Serrano Ham<\/strong> will gradually reach room temperature and we will be able to really appreciate its flavour at its best.[\/vc_column_text][\/vc_column_inner][\/vc_row_inner][\/vc_column][vc_column width=&#8221;1\/3&#8243;]\n<div id=\"ersspace-2\"><\/div><style type=\"text\/css\">#ersspace-2 { height: 260px; }\n@media handheld, only screen and (max-width: 767px) {\n\t#ersspace-2 { height: 0px; }\n}<\/style>[vc_row_inner el_class=&#8221;panel-special-aside&#8221;][vc_column_inner][vc_single_image image=&#8221;1617&#8243; img_size=&#8221;full&#8221;][vc_column_text]As a demonstration of its versatility, the Consorcio del Jam\u00f3n Serrano Espa\u00f1ol has made available a series of healthy recipes and tapas that give an idea of how to take advantage of <strong>the culinary qualities<\/strong> of Spanish ham.<\/p>\n<p>These cooking recipes for Serrano ham include everything from traditional tapas to sophisticated recipes, including seasonal dishes, salads, etc. <u><\/u><u><\/u><\/p>\n<p><a href=\"https:\/\/consorcioserrano.es\/en\/recipes-tapas-sandwiches\/ham-tapas\/\"><strong>Click here to see spanish ham tapas with serrano ham<\/strong><\/a><\/p>\n<p><strong><span style=\"color: #e82f37;\"><strong><a href=\"https:\/\/consorcioserrano.es\/en\/recipes-tapas-sandwiches\/\" target=\"_blank\" rel=\"noopener noreferrer\"><u>Click here to see all the recipes<\/u><\/a><\/strong><\/span><\/strong>[\/vc_column_text][\/vc_column_inner][\/vc_row_inner][\/vc_column][\/vc_row][vc_row][vc_column]\n<div id=\"ersspace-3\"><\/div><style type=\"text\/css\">#ersspace-3 { height: 80px; }<\/style>[\/vc_column][\/vc_row]<\/p>\n<\/div>","protected":false},"excerpt":{"rendered":"<p>[vc_row full_width=&#8221;stretch_row&#8221; css=&#8221;.vc_custom_1700566591562{background-color: #c6c6c6 !important;}&#8221; el_class=&#8221;next-row-no-padding&#8221;][vc_column el_class=&#8221;column-no-padding&#8221;][vc_column_text css=&#8221;.vc_custom_1700566068002{padding-left: 100px !important;background-color: #161616 !important;}&#8221; el_class=&#8221;no-margin-with-padding no-margin-with-padding-left&#8221; el_id=&#8221;div-sello&#8221;] The Consorcio Serrano Ham [\/vc_column_text][\/vc_column][\/vc_row][vc_row full_width=&#8221;stretch_row_content_no_spaces&#8221; css=&#8221;.vc_custom_1703173685883{background-color: #000000 !important;background-position: center !important;background-repeat:<span class=\"excerpt-hellip\"> [\u2026]<\/span><\/p>\n","protected":false},"author":1,"featured_media":0,"parent":3612,"menu_order":0,"comment_status":"closed","ping_status":"closed","template":"","meta":{"_acf_changed":false,"footnotes":""},"class_list":["post-16188","page","type-page","status-publish","hentry","sections_group lang-en"],"yoast_head":"<!-- This site is optimized with the Yoast SEO plugin v27.2 - https:\/\/yoast.com\/product\/yoast-seo-wordpress\/ -->\n<title>How to eat the Consorcio Serrano Ham<\/title>\n<meta name=\"description\" content=\"How to eat the Consorcio Serrano ham. Traditional or innovative: endless combinations, recipes and serrano ham tapas\" \/>\n<meta name=\"robots\" content=\"index, follow, max-snippet:-1, max-image-preview:large, max-video-preview:-1\" \/>\n<link rel=\"canonical\" href=\"https:\/\/consorcioserrano.es\/en\/consorcio-serrano-ham\/how-to-eat\/\" \/>\n<meta property=\"og:locale\" content=\"en_US\" \/>\n<meta property=\"og:type\" content=\"article\" \/>\n<meta property=\"og:title\" content=\"How to eat the Consorcio Serrano Ham\" \/>\n<meta property=\"og:description\" content=\"How to eat the Consorcio Serrano ham. Traditional or innovative: endless combinations, recipes and serrano ham tapas\" \/>\n<meta property=\"og:url\" content=\"https:\/\/consorcioserrano.es\/en\/consorcio-serrano-ham\/how-to-eat\/\" \/>\n<meta property=\"og:site_name\" content=\"Consorcio del Jam\u00f3n Serrano Espa\u00f1ol\" \/>\n<meta property=\"article:modified_time\" content=\"2024-02-19T17:04:13+00:00\" \/>\n<meta property=\"og:image\" content=\"https:\/\/consorcioserrano.es\/wp-content\/uploads\/2023\/11\/sello_jamon_consorcio_2023_red.png\" \/>\n<meta name=\"twitter:card\" content=\"summary_large_image\" \/>\n<meta name=\"twitter:label1\" content=\"Est. reading time\" \/>\n\t<meta name=\"twitter:data1\" content=\"6 minutes\" \/>\n<script type=\"application\/ld+json\" class=\"yoast-schema-graph\">{\"@context\":\"https:\/\/schema.org\",\"@graph\":[{\"@type\":\"WebPage\",\"@id\":\"https:\/\/consorcioserrano.es\/en\/consorcio-serrano-ham\/how-to-eat\/\",\"url\":\"https:\/\/consorcioserrano.es\/en\/consorcio-serrano-ham\/how-to-eat\/\",\"name\":\"How to eat the Consorcio Serrano Ham\",\"isPartOf\":{\"@id\":\"https:\/\/consorcioserrano.es\/#website\"},\"primaryImageOfPage\":{\"@id\":\"https:\/\/consorcioserrano.es\/en\/consorcio-serrano-ham\/how-to-eat\/#primaryimage\"},\"image\":{\"@id\":\"https:\/\/consorcioserrano.es\/en\/consorcio-serrano-ham\/how-to-eat\/#primaryimage\"},\"thumbnailUrl\":\"https:\/\/consorcioserrano.es\/wp-content\/uploads\/2023\/11\/sello_jamon_consorcio_2023_red.png\",\"datePublished\":\"2023-11-21T11:33:01+00:00\",\"dateModified\":\"2024-02-19T17:04:13+00:00\",\"description\":\"How to eat the Consorcio Serrano ham. Traditional or innovative: endless combinations, recipes and serrano ham tapas\",\"breadcrumb\":{\"@id\":\"https:\/\/consorcioserrano.es\/en\/consorcio-serrano-ham\/how-to-eat\/#breadcrumb\"},\"inLanguage\":\"en-US\",\"potentialAction\":[{\"@type\":\"ReadAction\",\"target\":[\"https:\/\/consorcioserrano.es\/en\/consorcio-serrano-ham\/how-to-eat\/\"]}]},{\"@type\":\"ImageObject\",\"inLanguage\":\"en-US\",\"@id\":\"https:\/\/consorcioserrano.es\/en\/consorcio-serrano-ham\/how-to-eat\/#primaryimage\",\"url\":\"https:\/\/consorcioserrano.es\/wp-content\/uploads\/2023\/11\/sello_jamon_consorcio_2023_red.png\",\"contentUrl\":\"https:\/\/consorcioserrano.es\/wp-content\/uploads\/2023\/11\/sello_jamon_consorcio_2023_red.png\"},{\"@type\":\"BreadcrumbList\",\"@id\":\"https:\/\/consorcioserrano.es\/en\/consorcio-serrano-ham\/how-to-eat\/#breadcrumb\",\"itemListElement\":[{\"@type\":\"ListItem\",\"position\":1,\"name\":\"Portada\",\"item\":\"https:\/\/consorcioserrano.es\/en\/\"},{\"@type\":\"ListItem\",\"position\":2,\"name\":\"Consorcio Serrano ham\",\"item\":\"https:\/\/consorcioserrano.es\/en\/consorcio-serrano-ham\/\"},{\"@type\":\"ListItem\",\"position\":3,\"name\":\"How to eat\"}]},{\"@type\":\"WebSite\",\"@id\":\"https:\/\/consorcioserrano.es\/#website\",\"url\":\"https:\/\/consorcioserrano.es\/\",\"name\":\"Consorcio del Jam\u00f3n Serrano Espa\u00f1ol\",\"description\":\"Consorcio Jam\u00f3n Serrano  - Cured ham quality - the best serano ham: 100% spanish ham - selection piece by piece of each jamon espanol\",\"potentialAction\":[{\"@type\":\"SearchAction\",\"target\":{\"@type\":\"EntryPoint\",\"urlTemplate\":\"https:\/\/consorcioserrano.es\/?s={search_term_string}\"},\"query-input\":{\"@type\":\"PropertyValueSpecification\",\"valueRequired\":true,\"valueName\":\"search_term_string\"}}],\"inLanguage\":\"en-US\"}]}<\/script>\n<!-- \/ Yoast SEO plugin. -->","yoast_head_json":{"title":"How to eat the Consorcio Serrano Ham","description":"How to eat the Consorcio Serrano ham. Traditional or innovative: endless combinations, recipes and serrano ham tapas","robots":{"index":"index","follow":"follow","max-snippet":"max-snippet:-1","max-image-preview":"max-image-preview:large","max-video-preview":"max-video-preview:-1"},"canonical":"https:\/\/consorcioserrano.es\/en\/consorcio-serrano-ham\/how-to-eat\/","og_locale":"en_US","og_type":"article","og_title":"How to eat the Consorcio Serrano Ham","og_description":"How to eat the Consorcio Serrano ham. Traditional or innovative: endless combinations, recipes and serrano ham tapas","og_url":"https:\/\/consorcioserrano.es\/en\/consorcio-serrano-ham\/how-to-eat\/","og_site_name":"Consorcio del Jam\u00f3n Serrano Espa\u00f1ol","article_modified_time":"2024-02-19T17:04:13+00:00","og_image":[{"url":"https:\/\/consorcioserrano.es\/wp-content\/uploads\/2023\/11\/sello_jamon_consorcio_2023_red.png","type":"","width":"","height":""}],"twitter_card":"summary_large_image","twitter_misc":{"Est. reading time":"6 minutes"},"schema":{"@context":"https:\/\/schema.org","@graph":[{"@type":"WebPage","@id":"https:\/\/consorcioserrano.es\/en\/consorcio-serrano-ham\/how-to-eat\/","url":"https:\/\/consorcioserrano.es\/en\/consorcio-serrano-ham\/how-to-eat\/","name":"How to eat the Consorcio Serrano Ham","isPartOf":{"@id":"https:\/\/consorcioserrano.es\/#website"},"primaryImageOfPage":{"@id":"https:\/\/consorcioserrano.es\/en\/consorcio-serrano-ham\/how-to-eat\/#primaryimage"},"image":{"@id":"https:\/\/consorcioserrano.es\/en\/consorcio-serrano-ham\/how-to-eat\/#primaryimage"},"thumbnailUrl":"https:\/\/consorcioserrano.es\/wp-content\/uploads\/2023\/11\/sello_jamon_consorcio_2023_red.png","datePublished":"2023-11-21T11:33:01+00:00","dateModified":"2024-02-19T17:04:13+00:00","description":"How to eat the Consorcio Serrano ham. Traditional or innovative: endless combinations, recipes and serrano ham tapas","breadcrumb":{"@id":"https:\/\/consorcioserrano.es\/en\/consorcio-serrano-ham\/how-to-eat\/#breadcrumb"},"inLanguage":"en-US","potentialAction":[{"@type":"ReadAction","target":["https:\/\/consorcioserrano.es\/en\/consorcio-serrano-ham\/how-to-eat\/"]}]},{"@type":"ImageObject","inLanguage":"en-US","@id":"https:\/\/consorcioserrano.es\/en\/consorcio-serrano-ham\/how-to-eat\/#primaryimage","url":"https:\/\/consorcioserrano.es\/wp-content\/uploads\/2023\/11\/sello_jamon_consorcio_2023_red.png","contentUrl":"https:\/\/consorcioserrano.es\/wp-content\/uploads\/2023\/11\/sello_jamon_consorcio_2023_red.png"},{"@type":"BreadcrumbList","@id":"https:\/\/consorcioserrano.es\/en\/consorcio-serrano-ham\/how-to-eat\/#breadcrumb","itemListElement":[{"@type":"ListItem","position":1,"name":"Portada","item":"https:\/\/consorcioserrano.es\/en\/"},{"@type":"ListItem","position":2,"name":"Consorcio Serrano ham","item":"https:\/\/consorcioserrano.es\/en\/consorcio-serrano-ham\/"},{"@type":"ListItem","position":3,"name":"How to eat"}]},{"@type":"WebSite","@id":"https:\/\/consorcioserrano.es\/#website","url":"https:\/\/consorcioserrano.es\/","name":"Consorcio del Jam\u00f3n Serrano Espa\u00f1ol","description":"Consorcio Jam\u00f3n Serrano  - Cured ham quality - the best serano ham: 100% spanish ham - selection piece by piece of each jamon espanol","potentialAction":[{"@type":"SearchAction","target":{"@type":"EntryPoint","urlTemplate":"https:\/\/consorcioserrano.es\/?s={search_term_string}"},"query-input":{"@type":"PropertyValueSpecification","valueRequired":true,"valueName":"search_term_string"}}],"inLanguage":"en-US"}]}},"acf":[],"_links":{"self":[{"href":"https:\/\/consorcioserrano.es\/en\/wp-json\/wp\/v2\/pages\/16188","targetHints":{"allow":["GET"]}}],"collection":[{"href":"https:\/\/consorcioserrano.es\/en\/wp-json\/wp\/v2\/pages"}],"about":[{"href":"https:\/\/consorcioserrano.es\/en\/wp-json\/wp\/v2\/types\/page"}],"author":[{"embeddable":true,"href":"https:\/\/consorcioserrano.es\/en\/wp-json\/wp\/v2\/users\/1"}],"replies":[{"embeddable":true,"href":"https:\/\/consorcioserrano.es\/en\/wp-json\/wp\/v2\/comments?post=16188"}],"version-history":[{"count":3,"href":"https:\/\/consorcioserrano.es\/en\/wp-json\/wp\/v2\/pages\/16188\/revisions"}],"predecessor-version":[{"id":22671,"href":"https:\/\/consorcioserrano.es\/en\/wp-json\/wp\/v2\/pages\/16188\/revisions\/22671"}],"up":[{"embeddable":true,"href":"https:\/\/consorcioserrano.es\/en\/wp-json\/wp\/v2\/pages\/3612"}],"wp:attachment":[{"href":"https:\/\/consorcioserrano.es\/en\/wp-json\/wp\/v2\/media?parent=16188"}],"curies":[{"name":"wp","href":"https:\/\/api.w.org\/{rel}","templated":true}]}}