{"id":20688,"date":"2024-01-11T11:29:48","date_gmt":"2024-01-11T10:29:48","guid":{"rendered":"https:\/\/consorcioserrano.es\/?page_id=20688"},"modified":"2024-02-05T15:44:14","modified_gmt":"2024-02-05T14:44:14","slug":"the-seal-of-quality","status":"publish","type":"page","link":"https:\/\/consorcioserrano.es\/en\/about-the-consorcio\/the-seal-of-quality\/","title":{"rendered":"The seal of quality"},"content":{"rendered":"<div class=\"wpb-content-wrapper\"><p>[vc_row full_width=&#8221;stretch_row&#8221; css=&#8221;.vc_custom_1510761433894{background-color: #161616 !important;}&#8221; el_class=&#8221;no-padding-top six-columns consorcio-submenu&#8221; el_id=&#8221;consorcio-submenu&#8221;][vc_column width=&#8221;1\/6&#8243; offset=&#8221;vc_hidden-md vc_hidden-sm vc_hidden-xs&#8221;][\/vc_column][vc_column offset=&#8221;vc_col-lg-2 vc_col-md-3&#8243; el_class=&#8221;no-lateral-padding&#8221;]\n    <a href=\"https:\/\/consorcioserrano.es\/en\/about-the-consorcio\/history\/\"   class=\"vc_link_consorcio\" title=\" History \">\n    <div class=\"roll_wrap\" id=\"\">\n\t\t\n        <div class=\"roll_wrap_img opacity-submenu-hover\" ><img decoding=\"async\" src=\"https:\/\/consorcioserrano.es\/wp-content\/uploads\/2017\/10\/historia-consorcio-jamon-serrano-superior-menu-620x450.jpg\" class=\"img-responsive \" > <\/div>\n\t\t\n\n\t\t\n\t\t\n\t        <div class=\"roll_wrap_link_imagetextmenu  \" style=\"color:#ff0000; font-size:;\"><p class=\"six-columns-img\"><img loading=\"lazy\" decoding=\"async\" class=\"size-full wp-image-2600 alignleft\" src=\"http:\/\/consorcioserrano.es\/wp-content\/uploads\/2017\/10\/s-60.png\" alt=\"\" width=\"60\" height=\"60\" \/><\/p>\n<h3><strong>History<\/strong><\/h3>\n<\/div>\n\t\t\n    <\/div>\n    <\/a>[\/vc_column][vc_column offset=&#8221;vc_col-lg-2 vc_col-md-3&#8243; el_class=&#8221;no-lateral-padding&#8221;]\n    <a href=\"https:\/\/consorcioserrano.es\/en\/about-the-consorcio\/what-identifies-us\/\"   class=\"vc_link_consorcio\" title=\" What identifies us \">\n    <div class=\"roll_wrap\" id=\"\">\n\t\t\n        <div class=\"roll_wrap_img opacity-submenu-hover\" ><img decoding=\"async\" src=\"https:\/\/consorcioserrano.es\/wp-content\/uploads\/2017\/10\/identifica-consorcio-jamon-serrano-superior-menu-620x450.jpg\" class=\"img-responsive \" > <\/div>\n\t\t\n\n\t\t\n\t\t\n\t        <div class=\"roll_wrap_link_imagetextmenu  \" style=\"color:#ff0000; font-size:;\"><p class=\"six-columns-img\"><img loading=\"lazy\" decoding=\"async\" class=\"size-full wp-image-2600 alignleft\" src=\"http:\/\/consorcioserrano.es\/wp-content\/uploads\/2017\/10\/s-60.png\" alt=\"\" width=\"60\" height=\"60\" \/><\/p>\n<h3><strong>What identifies us<\/strong><\/h3>\n<\/div>\n\t\t\n    <\/div>\n    <\/a>[\/vc_column][vc_column offset=&#8221;vc_col-lg-2 vc_col-md-3&#8243; el_class=&#8221;no-lateral-padding&#8221;]\n    <a href=\"https:\/\/consorcioserrano.es\/en\/about-the-consorcio\/the-seal-of-quality\/\"   class=\"vc_link_consorcio\" title=\" The seal of quality \">\n    <div class=\"roll_wrap\" id=\"\">\n\t\t\n        <div class=\"roll_wrap_img \" ><img decoding=\"async\" src=\"https:\/\/consorcioserrano.es\/wp-content\/uploads\/2017\/10\/sello-calidad-consorcio-jamon-serrano-superior-menu-620x450.jpg\" class=\"img-responsive \" > <\/div>\n\t\t\n\n\t\t\n\t\t\n\t        <div class=\"roll_wrap_link_imagetextmenu  \" style=\"color:#ff0000; font-size:;\"><p class=\"six-columns-img\"><img loading=\"lazy\" decoding=\"async\" class=\"size-full wp-image-2600 alignleft\" src=\"http:\/\/consorcioserrano.es\/wp-content\/uploads\/2017\/10\/s-60.png\" alt=\"\" width=\"60\" height=\"60\" \/><\/p>\n<h3><strong>The seal of quality<\/strong><\/h3>\n<\/div>\n\t\t\n    <\/div>\n    <\/a>[\/vc_column][vc_column offset=&#8221;vc_col-lg-2 vc_col-md-3&#8243; el_class=&#8221;no-lateral-padding&#8221;]\n    <a href=\"https:\/\/consorcioserrano.es\/en\/about-the-consorcio\/international-presence\/\"   class=\"vc_link_consorcio\" title=\" International presence of the Consorcio \">\n    <div class=\"roll_wrap\" id=\"\">\n\t\t\n        <div class=\"roll_wrap_img opacity-submenu-hover\" ><img decoding=\"async\" src=\"https:\/\/consorcioserrano.es\/wp-content\/uploads\/2017\/10\/presencia-internacional-consorcio-jamon-serrano-superior-menu-620x450.jpg\" class=\"img-responsive \" > <\/div>\n\t\t\n\n\t\t\n\t\t\n\t        <div class=\"roll_wrap_link_imagetextmenu  \" style=\"color:#ff0000; font-size:;\"><p class=\"six-columns-img\"><img loading=\"lazy\" decoding=\"async\" class=\"size-full wp-image-2600 alignleft\" src=\"http:\/\/consorcioserrano.es\/wp-content\/uploads\/2017\/10\/s-60.png\" alt=\"\" width=\"60\" height=\"60\" \/><\/p>\n<h3><strong>International presence of the Consorcio<\/strong><\/h3>\n<\/div>\n\t\t\n    <\/div>\n    <\/a>[\/vc_column][vc_column width=&#8221;1\/6&#8243; offset=&#8221;vc_hidden-md vc_hidden-sm&#8221;][\/vc_column][\/vc_row][vc_row full_width=&#8221;stretch_row_content_no_spaces&#8221; css=&#8221;.vc_custom_1510073275693{background-image: url(http:\/\/consorcioserrano.es\/wp-content\/uploads\/2017\/10\/sello-calidad-consorcio-jamo-serrano-header-1900&#215;331.jpg?id=2830) !important;background-position: center !important;background-repeat: no-repeat !important;background-size: cover !important;}&#8221;][vc_column]\n<div id=\"ersspace-1\"><\/div><style type=\"text\/css\">#ersspace-1 { height: 320px; }\n@media handheld, only screen and (max-width: 1199px) {\n\t#ersspace-1 { height: 300px; }\n}\n@media handheld, only screen and (max-width: 1023px) {\n\t#ersspace-1 { height: 300px; }\n}\n@media handheld, only screen and (max-width: 767px) {\n\t#ersspace-1 { height: 260px; }\n}<\/style>[\/vc_column][\/vc_row][vc_row el_class=&#8221;column-special-one&#8221;][vc_column width=&#8221;2\/3&#8243; el_class=&#8221;panel-special-content&#8221;][vc_row_inner][vc_column_inner][vc_column_text el_class=&#8221;vc_quote_consorcio&#8221;]<\/p>\n<div class=\"vc_quote_consorcio_icon\"><img loading=\"lazy\" decoding=\"async\" class=\"alignnone size-full wp-image-1101\" src=\"http:\/\/consorcioserrano.es\/wp-content\/uploads\/2017\/10\/comillas-abrir-1.png\" alt=\"\" width=\"59\" height=\"53\" srcset=\"https:\/\/consorcioserrano.es\/wp-content\/uploads\/2017\/10\/comillas-abrir-1.png 59w, https:\/\/consorcioserrano.es\/wp-content\/uploads\/2017\/10\/comillas-abrir-1-50x45.png 50w\" sizes=\"auto, (max-width:767px) 59px, 59px\" \/><\/div>\n<div class=\"vc_quote_consorcio_content\">\n<h1>The seal of<strong> quality<\/strong>\u00a0<img loading=\"lazy\" decoding=\"async\" class=\"alignnone size-full wp-image-1100\" src=\"http:\/\/consorcioserrano.es\/wp-content\/uploads\/2017\/10\/comillas-cerrar-1.png\" alt=\"\" width=\"59\" height=\"53\" srcset=\"https:\/\/consorcioserrano.es\/wp-content\/uploads\/2017\/10\/comillas-cerrar-1.png 59w, https:\/\/consorcioserrano.es\/wp-content\/uploads\/2017\/10\/comillas-cerrar-1-50x45.png 50w\" sizes=\"auto, (max-width:767px) 59px, 59px\" \/><\/h1>\n<\/div>\n<p>[\/vc_column_text][\/vc_column_inner][\/vc_row_inner][vc_row_inner][vc_column_inner][vc_column_text]<\/p>\n<h3><span style=\"color: #e82f37;\">S<strong>eal of quality of the Consorcio del Jam\u00f3n Serrano Espa\u00f1ol<\/strong><\/span><\/h3>\n<p>[\/vc_column_text][\/vc_column_inner][\/vc_row_inner][vc_row_inner][vc_column_inner width=&#8221;1\/2&#8243;][vc_column_text]<strong>Serrano ham bearing the \u201cConsorcio Serrano\u201d<\/strong> seal of quality is guaranteed to have been produced in line with the association&#8217;s <strong>demanding quality standards and have passed rigorous quality controls<\/strong> so that they can be exported.\u00a1, to offer <strong>a premium Serrano ham<\/strong>,<strong> we select the best pieces by hand, one by one, from the best producers<\/strong> of Serrano spanish ham.<\/p>\n<p>This seal guarantees <strong>a traditional, unique ham, always elaborated in Spain with 100% Spanish raw materials<\/strong>. Its sensory qualities (essentially, texture and taste) differentiate it from other Serrano hams, as well as other cured products such as Prosciutto di Parma or Bayonne Ham that can be found on the foreign market, due to its excellence and refinement.[\/vc_column_text][\/vc_column_inner][vc_column_inner width=&#8221;1\/2&#8243;][vc_column_text]This seal can be found on <strong>all Serrano ham products, no matter their presentation<\/strong>:<\/p>\n<ul>\n<li>On boneless serrano ham pieces.<\/li>\n<li>On blocks of boneless serrano ham.<\/li>\n<li>All the above with the numbered control labels.<\/li>\n<li>On sliced serrano spanish ham packages.<\/li>\n<\/ul>\n<p>[\/vc_column_text][vc_single_image image=&#8221;20708&#8243; img_size=&#8221;full&#8221; alignment=&#8221;center&#8221; onclick=&#8221;link_image&#8221;][\/vc_column_inner][\/vc_row_inner][vc_column_text el_class=&#8221;vc_quote_consorcio vc_quote_consorcio_othe&#8221;]<\/p>\n<div class=\"vc_quote_consorcio_icon\"><img loading=\"lazy\" decoding=\"async\" class=\"alignnone size-full wp-image-1101\" src=\"http:\/\/consorcioserrano.es\/wp-content\/uploads\/2017\/10\/comillas-abrir-1.png\" alt=\"\" width=\"59\" height=\"53\" srcset=\"https:\/\/consorcioserrano.es\/wp-content\/uploads\/2017\/10\/comillas-abrir-1.png 59w, https:\/\/consorcioserrano.es\/wp-content\/uploads\/2017\/10\/comillas-abrir-1-50x45.png 50w\" sizes=\"auto, (max-width:767px) 59px, 59px\" \/><\/div>\n<div class=\"vc_quote_consorcio_content\">\n<h2>Only a limited production of hams is awarded <strong>the \u201cConsorcioSerrano Certified Quality Seal&#8221;<\/strong><\/h2>\n<\/div>\n<p>[\/vc_column_text][vc_row_inner][vc_column_inner width=&#8221;1\/2&#8243;][vc_column_text]The Spanish Serrano Ham Consortium is an association of <strong>traditional Spanish Serrano ham producers<\/strong> who have united to defend the traditional method of producing <strong>Spanish Serrano ham<\/strong> and to promote <strong>authentic, quality Serrano ham<\/strong>, that guarantees that all Serrano ham marketed under the \u201cConsorcio Serrano\u201d countermark comply with the strictest quality standards. Only a limited amount of Spanish Serrano Hams are worthy of the \u201cExclusive Signature&#8221;.[\/vc_column_text][\/vc_column_inner][vc_column_inner width=&#8221;1\/2&#8243;][vc_column_text]This Serrano Spanish Ham Consortium Seal, which guarantees that the ham is of the <strong>highest quality<\/strong>, is what has gained the trust of importers, distributors, and consumers, and helped the Consorcio to seal <strong>14,000,000 pieces of Serrano ham in July 2017<\/strong>.[\/vc_column_text][\/vc_column_inner][\/vc_row_inner][\/vc_column][vc_column width=&#8221;1\/3&#8243;]\n<div id=\"ersspace-2\"><\/div><style type=\"text\/css\">#ersspace-2 { height: 260px; }\n@media handheld, only screen and (max-width: 767px) {\n\t#ersspace-2 { height: 0px; }\n}<\/style>[vc_row_inner el_class=&#8221;panel-special-aside&#8221;][vc_column_inner][vc_video link=&#8221;https:\/\/youtu.be\/rJxUpwHtwyE&#8221; align=&#8221;center&#8221;][vc_column_text]<\/p>\n<h3><strong><span lang=\"en\" style=\"color: #e82f37;\">The seal of quality ConsorcioSerrano in the different commercial presentations:<\/span><\/strong><\/h3>\n<p>[\/vc_column_text][vc_single_image image=&#8221;20695&#8243; img_size=&#8221;full&#8221; onclick=&#8221;link_image&#8221;][\/vc_column_inner][\/vc_row_inner][\/vc_column][\/vc_row][vc_row][vc_column]\n<div id=\"ersspace-3\"><\/div><style type=\"text\/css\">#ersspace-3 { height: 80px; }<\/style>[\/vc_column][\/vc_row]<\/p>\n<\/div>","protected":false},"excerpt":{"rendered":"<p>[vc_row full_width=&#8221;stretch_row&#8221; css=&#8221;.vc_custom_1510761433894{background-color: #161616 !important;}&#8221; el_class=&#8221;no-padding-top six-columns consorcio-submenu&#8221; el_id=&#8221;consorcio-submenu&#8221;][vc_column width=&#8221;1\/6&#8243; offset=&#8221;vc_hidden-md vc_hidden-sm vc_hidden-xs&#8221;][\/vc_column][vc_column offset=&#8221;vc_col-lg-2 vc_col-md-3&#8243; el_class=&#8221;no-lateral-padding&#8221;][\/vc_column][vc_column offset=&#8221;vc_col-lg-2 vc_col-md-3&#8243; el_class=&#8221;no-lateral-padding&#8221;][\/vc_column][vc_column offset=&#8221;vc_col-lg-2 vc_col-md-3&#8243; el_class=&#8221;no-lateral-padding&#8221;][\/vc_column][vc_column offset=&#8221;vc_col-lg-2 vc_col-md-3&#8243; el_class=&#8221;no-lateral-padding&#8221;][\/vc_column][vc_column width=&#8221;1\/6&#8243;<span class=\"excerpt-hellip\"> [\u2026]<\/span><\/p>\n","protected":false},"author":1,"featured_media":0,"parent":3813,"menu_order":0,"comment_status":"closed","ping_status":"closed","template":"","meta":{"_acf_changed":false,"footnotes":""},"class_list":["post-20688","page","type-page","status-publish","hentry","sections_group lang-en"],"yoast_head":"<!-- This site is optimized with the Yoast SEO plugin v27.2 - https:\/\/yoast.com\/product\/yoast-seo-wordpress\/ -->\n<title>The seal of quality of the Consorcio Serrano ham<\/title>\n<meta name=\"description\" content=\"Quality Seal of the best Spanish Serrano ham - The Consorcio Serrano Ham seals the traditional Spanish ham - Hand selection, piece by piece.\" \/>\n<meta name=\"robots\" content=\"index, follow, max-snippet:-1, max-image-preview:large, max-video-preview:-1\" \/>\n<link rel=\"canonical\" href=\"https:\/\/consorcioserrano.es\/en\/about-the-consorcio\/the-seal-of-quality\/\" \/>\n<meta property=\"og:locale\" content=\"en_US\" \/>\n<meta property=\"og:type\" content=\"article\" \/>\n<meta property=\"og:title\" content=\"The seal of quality of the Consorcio Serrano ham\" \/>\n<meta property=\"og:description\" content=\"Quality Seal of the best Spanish Serrano ham - The Consorcio Serrano Ham seals the traditional Spanish ham - Hand selection, piece by piece.\" \/>\n<meta property=\"og:url\" content=\"https:\/\/consorcioserrano.es\/en\/about-the-consorcio\/the-seal-of-quality\/\" \/>\n<meta property=\"og:site_name\" content=\"Consorcio del Jam\u00f3n Serrano Espa\u00f1ol\" \/>\n<meta property=\"article:modified_time\" content=\"2024-02-05T14:44:14+00:00\" \/>\n<meta property=\"og:image\" content=\"http:\/\/consorcioserrano.es\/wp-content\/uploads\/2017\/10\/s-60.png\" \/>\n<meta name=\"twitter:card\" content=\"summary_large_image\" \/>\n<meta name=\"twitter:label1\" content=\"Est. reading time\" \/>\n\t<meta name=\"twitter:data1\" content=\"5 minutes\" \/>\n<script type=\"application\/ld+json\" class=\"yoast-schema-graph\">{\"@context\":\"https:\/\/schema.org\",\"@graph\":[{\"@type\":\"WebPage\",\"@id\":\"https:\/\/consorcioserrano.es\/en\/about-the-consorcio\/the-seal-of-quality\/\",\"url\":\"https:\/\/consorcioserrano.es\/en\/about-the-consorcio\/the-seal-of-quality\/\",\"name\":\"The seal of quality of the Consorcio Serrano ham\",\"isPartOf\":{\"@id\":\"https:\/\/consorcioserrano.es\/#website\"},\"primaryImageOfPage\":{\"@id\":\"https:\/\/consorcioserrano.es\/en\/about-the-consorcio\/the-seal-of-quality\/#primaryimage\"},\"image\":{\"@id\":\"https:\/\/consorcioserrano.es\/en\/about-the-consorcio\/the-seal-of-quality\/#primaryimage\"},\"thumbnailUrl\":\"http:\/\/consorcioserrano.es\/wp-content\/uploads\/2017\/10\/s-60.png\",\"datePublished\":\"2024-01-11T10:29:48+00:00\",\"dateModified\":\"2024-02-05T14:44:14+00:00\",\"description\":\"Quality Seal of the best Spanish Serrano ham - The Consorcio Serrano Ham seals the traditional Spanish ham - Hand selection, piece by piece.\",\"breadcrumb\":{\"@id\":\"https:\/\/consorcioserrano.es\/en\/about-the-consorcio\/the-seal-of-quality\/#breadcrumb\"},\"inLanguage\":\"en-US\",\"potentialAction\":[{\"@type\":\"ReadAction\",\"target\":[\"https:\/\/consorcioserrano.es\/en\/about-the-consorcio\/the-seal-of-quality\/\"]}]},{\"@type\":\"ImageObject\",\"inLanguage\":\"en-US\",\"@id\":\"https:\/\/consorcioserrano.es\/en\/about-the-consorcio\/the-seal-of-quality\/#primaryimage\",\"url\":\"http:\/\/consorcioserrano.es\/wp-content\/uploads\/2017\/10\/s-60.png\",\"contentUrl\":\"http:\/\/consorcioserrano.es\/wp-content\/uploads\/2017\/10\/s-60.png\"},{\"@type\":\"BreadcrumbList\",\"@id\":\"https:\/\/consorcioserrano.es\/en\/about-the-consorcio\/the-seal-of-quality\/#breadcrumb\",\"itemListElement\":[{\"@type\":\"ListItem\",\"position\":1,\"name\":\"Portada\",\"item\":\"https:\/\/consorcioserrano.es\/en\/\"},{\"@type\":\"ListItem\",\"position\":2,\"name\":\"About The Consorcio\",\"item\":\"https:\/\/consorcioserrano.es\/en\/about-the-consorcio\/\"},{\"@type\":\"ListItem\",\"position\":3,\"name\":\"The seal of quality\"}]},{\"@type\":\"WebSite\",\"@id\":\"https:\/\/consorcioserrano.es\/#website\",\"url\":\"https:\/\/consorcioserrano.es\/\",\"name\":\"Consorcio del Jam\u00f3n Serrano Espa\u00f1ol\",\"description\":\"Consorcio Jam\u00f3n Serrano  - Cured ham quality - the best serano ham: 100% spanish ham - selection piece by piece of each jamon espanol\",\"potentialAction\":[{\"@type\":\"SearchAction\",\"target\":{\"@type\":\"EntryPoint\",\"urlTemplate\":\"https:\/\/consorcioserrano.es\/?s={search_term_string}\"},\"query-input\":{\"@type\":\"PropertyValueSpecification\",\"valueRequired\":true,\"valueName\":\"search_term_string\"}}],\"inLanguage\":\"en-US\"}]}<\/script>\n<!-- \/ Yoast SEO plugin. -->","yoast_head_json":{"title":"The seal of quality of the Consorcio Serrano ham","description":"Quality Seal of the best Spanish Serrano ham - The Consorcio Serrano Ham seals the traditional Spanish ham - Hand selection, piece by piece.","robots":{"index":"index","follow":"follow","max-snippet":"max-snippet:-1","max-image-preview":"max-image-preview:large","max-video-preview":"max-video-preview:-1"},"canonical":"https:\/\/consorcioserrano.es\/en\/about-the-consorcio\/the-seal-of-quality\/","og_locale":"en_US","og_type":"article","og_title":"The seal of quality of the Consorcio Serrano ham","og_description":"Quality Seal of the best Spanish Serrano ham - The Consorcio Serrano Ham seals the traditional Spanish ham - Hand selection, piece by piece.","og_url":"https:\/\/consorcioserrano.es\/en\/about-the-consorcio\/the-seal-of-quality\/","og_site_name":"Consorcio del Jam\u00f3n Serrano Espa\u00f1ol","article_modified_time":"2024-02-05T14:44:14+00:00","og_image":[{"url":"http:\/\/consorcioserrano.es\/wp-content\/uploads\/2017\/10\/s-60.png","type":"","width":"","height":""}],"twitter_card":"summary_large_image","twitter_misc":{"Est. reading time":"5 minutes"},"schema":{"@context":"https:\/\/schema.org","@graph":[{"@type":"WebPage","@id":"https:\/\/consorcioserrano.es\/en\/about-the-consorcio\/the-seal-of-quality\/","url":"https:\/\/consorcioserrano.es\/en\/about-the-consorcio\/the-seal-of-quality\/","name":"The seal of quality of the Consorcio Serrano ham","isPartOf":{"@id":"https:\/\/consorcioserrano.es\/#website"},"primaryImageOfPage":{"@id":"https:\/\/consorcioserrano.es\/en\/about-the-consorcio\/the-seal-of-quality\/#primaryimage"},"image":{"@id":"https:\/\/consorcioserrano.es\/en\/about-the-consorcio\/the-seal-of-quality\/#primaryimage"},"thumbnailUrl":"http:\/\/consorcioserrano.es\/wp-content\/uploads\/2017\/10\/s-60.png","datePublished":"2024-01-11T10:29:48+00:00","dateModified":"2024-02-05T14:44:14+00:00","description":"Quality Seal of the best Spanish Serrano ham - The Consorcio Serrano Ham seals the traditional Spanish ham - Hand selection, piece by piece.","breadcrumb":{"@id":"https:\/\/consorcioserrano.es\/en\/about-the-consorcio\/the-seal-of-quality\/#breadcrumb"},"inLanguage":"en-US","potentialAction":[{"@type":"ReadAction","target":["https:\/\/consorcioserrano.es\/en\/about-the-consorcio\/the-seal-of-quality\/"]}]},{"@type":"ImageObject","inLanguage":"en-US","@id":"https:\/\/consorcioserrano.es\/en\/about-the-consorcio\/the-seal-of-quality\/#primaryimage","url":"http:\/\/consorcioserrano.es\/wp-content\/uploads\/2017\/10\/s-60.png","contentUrl":"http:\/\/consorcioserrano.es\/wp-content\/uploads\/2017\/10\/s-60.png"},{"@type":"BreadcrumbList","@id":"https:\/\/consorcioserrano.es\/en\/about-the-consorcio\/the-seal-of-quality\/#breadcrumb","itemListElement":[{"@type":"ListItem","position":1,"name":"Portada","item":"https:\/\/consorcioserrano.es\/en\/"},{"@type":"ListItem","position":2,"name":"About The Consorcio","item":"https:\/\/consorcioserrano.es\/en\/about-the-consorcio\/"},{"@type":"ListItem","position":3,"name":"The seal of quality"}]},{"@type":"WebSite","@id":"https:\/\/consorcioserrano.es\/#website","url":"https:\/\/consorcioserrano.es\/","name":"Consorcio del Jam\u00f3n Serrano Espa\u00f1ol","description":"Consorcio Jam\u00f3n Serrano  - Cured ham quality - the best serano ham: 100% spanish ham - selection piece by piece of each jamon espanol","potentialAction":[{"@type":"SearchAction","target":{"@type":"EntryPoint","urlTemplate":"https:\/\/consorcioserrano.es\/?s={search_term_string}"},"query-input":{"@type":"PropertyValueSpecification","valueRequired":true,"valueName":"search_term_string"}}],"inLanguage":"en-US"}]}},"acf":[],"_links":{"self":[{"href":"https:\/\/consorcioserrano.es\/en\/wp-json\/wp\/v2\/pages\/20688","targetHints":{"allow":["GET"]}}],"collection":[{"href":"https:\/\/consorcioserrano.es\/en\/wp-json\/wp\/v2\/pages"}],"about":[{"href":"https:\/\/consorcioserrano.es\/en\/wp-json\/wp\/v2\/types\/page"}],"author":[{"embeddable":true,"href":"https:\/\/consorcioserrano.es\/en\/wp-json\/wp\/v2\/users\/1"}],"replies":[{"embeddable":true,"href":"https:\/\/consorcioserrano.es\/en\/wp-json\/wp\/v2\/comments?post=20688"}],"version-history":[{"count":3,"href":"https:\/\/consorcioserrano.es\/en\/wp-json\/wp\/v2\/pages\/20688\/revisions"}],"predecessor-version":[{"id":21998,"href":"https:\/\/consorcioserrano.es\/en\/wp-json\/wp\/v2\/pages\/20688\/revisions\/21998"}],"up":[{"embeddable":true,"href":"https:\/\/consorcioserrano.es\/en\/wp-json\/wp\/v2\/pages\/3813"}],"wp:attachment":[{"href":"https:\/\/consorcioserrano.es\/en\/wp-json\/wp\/v2\/media?parent=20688"}],"curies":[{"name":"wp","href":"https:\/\/api.w.org\/{rel}","templated":true}]}}