{"id":3602,"date":"2017-11-13T10:17:01","date_gmt":"2017-11-13T09:17:01","guid":{"rendered":"http:\/\/consorcioserrano.es\/?page_id=3602"},"modified":"2025-11-27T17:30:34","modified_gmt":"2025-11-27T16:30:34","slug":"our-associates","status":"publish","type":"page","link":"https:\/\/consorcioserrano.es\/en\/about-us\/our-associates\/","title":{"rendered":"Our Associates"},"content":{"rendered":"<div class=\"wpb-content-wrapper\"><p>[vc_row][vc_column el_class=&#8221;panel-special-content&#8221;][vc_column_text el_class=&#8221;vc_quote_consorcio&#8221;]<\/p>\n<div class=\"vc_quote_consorcio_icon\"><img loading=\"lazy\" decoding=\"async\" class=\"alignnone size-full wp-image-1101\" src=\"http:\/\/consorcioserrano.es\/wp-content\/uploads\/2017\/10\/comillas-abrir-1.png\" alt=\"\" width=\"59\" height=\"53\" srcset=\"https:\/\/consorcioserrano.es\/wp-content\/uploads\/2017\/10\/comillas-abrir-1.png 59w, https:\/\/consorcioserrano.es\/wp-content\/uploads\/2017\/10\/comillas-abrir-1-50x45.png 50w\" sizes=\"auto, (max-width:767px) 59px, 59px\" \/><\/div>\n<div class=\"vc_quote_consorcio_content\">\n<h1>Our <strong>Associates<\/strong> <img loading=\"lazy\" decoding=\"async\" class=\"alignnone size-full wp-image-1100\" src=\"http:\/\/consorcioserrano.es\/wp-content\/uploads\/2017\/10\/comillas-cerrar-1.png\" alt=\"\" width=\"59\" height=\"53\" srcset=\"https:\/\/consorcioserrano.es\/wp-content\/uploads\/2017\/10\/comillas-cerrar-1.png 59w, https:\/\/consorcioserrano.es\/wp-content\/uploads\/2017\/10\/comillas-cerrar-1-50x45.png 50w\" sizes=\"auto, (max-width:767px) 59px, 59px\" \/><\/h1>\n<\/div>\n<p>[\/vc_column_text][\/vc_column][\/vc_row][vc_row][vc_column width=&#8221;2\/3&#8243;][vc_column_text]<strong>The CJSE is currently formed by the 18 most important companies in the Spanish Serrano ham sector<\/strong>. All of the companies are <strong>endorsed abroad by the \u201cConsorcio Serrano\u201d seal of quality<\/strong> that appears on products that are to be exported.<br \/>\nThese are the companies that form part of our Consorcio: <a href=\"http:\/\/consorcioserrano.es\/nuestros-asociados\/consorcio-serrano-asociados-en.pdf\" target=\"_blank\" rel=\"noopener noreferrer\">List of associates in pdf<\/a>[\/vc_column_text]\n<div id=\"ersspace-1\"><\/div><style type=\"text\/css\">#ersspace-1 { height: 40px; }<\/style>[\/vc_column][vc_column width=&#8221;1\/3&#8243;][\/vc_column][\/vc_row][vc_row][vc_column width=&#8221;1\/6&#8243;][vc_single_image image=&#8221;9458&#8243; img_size=&#8221;full&#8221; onclick=&#8221;custom_link&#8221; link=&#8221;https:\/\/consorcioserrano.es\/en\/about-us\/our-associates\/argal-alimentacion\/&#8221;][\/vc_column][vc_column width=&#8221;1\/6&#8243;][vc_single_image image=&#8221;9504&#8243; img_size=&#8221;full&#8221; onclick=&#8221;custom_link&#8221; link=&#8221;https:\/\/consorcioserrano.es\/en\/about-us\/our-associates\/embutidos-y-jamones-espana-e-hijos-s-a\/&#8221;][\/vc_column][vc_column width=&#8221;1\/6&#8243;][vc_single_image image=&#8221;9450&#8243; img_size=&#8221;full&#8221; onclick=&#8221;custom_link&#8221; link=&#8221;https:\/\/consorcioserrano.es\/en\/about-us\/our-associates\/nico-jamones-s-l\/&#8221;][\/vc_column][vc_column width=&#8221;1\/6&#8243;][vc_single_image image=&#8221;9500&#8243; img_size=&#8221;full&#8221; onclick=&#8221;custom_link&#8221; link=&#8221;https:\/\/consorcioserrano.es\/en\/about-us\/our-associates\/jamones-arroyo-s-l\/&#8221;][\/vc_column][vc_column width=&#8221;1\/6&#8243;][vc_single_image image=&#8221;9436&#8243; img_size=&#8221;full&#8221; onclick=&#8221;custom_link&#8221; link=&#8221;https:\/\/consorcioserrano.es\/en\/about-us\/our-associates\/noel-alimentaria-s-a-u\/&#8221;][\/vc_column][\/vc_row][vc_row][vc_column width=&#8221;1\/6&#8243;][vc_single_image image=&#8221;16132&#8243; img_size=&#8221;full&#8221; onclick=&#8221;custom_link&#8221; link=&#8221;https:\/\/consorcioserrano.es\/en\/about-us\/our-associates\/jamones-duriber-s-l-u\/&#8221;][\/vc_column][vc_column width=&#8221;1\/6&#8243;][vc_single_image image=&#8221;9677&#8243; img_size=&#8221;full&#8221; onclick=&#8221;custom_link&#8221; link=&#8221;https:\/\/consorcioserrano.es\/en\/about-us\/our-associates\/pere-porxas-pairo-s-l\/&#8221;][\/vc_column][vc_column width=&#8221;1\/6&#8243;][vc_single_image image=&#8221;13224&#8243; img_size=&#8221;full&#8221; onclick=&#8221;custom_link&#8221; link=&#8221;https:\/\/consorcioserrano.es\/en\/about-us\/our-associates\/boadas-1880-s-a\/&#8221;][\/vc_column][vc_column width=&#8221;1\/6&#8243;][vc_single_image image=&#8221;30195&#8243; img_size=&#8221;full&#8221; onclick=&#8221;custom_link&#8221; css=&#8221;&#8221; link=&#8221;https:\/\/consorcioserrano.es\/en\/about-us\/our-associates\/rafael-baro-s-a\/&#8221;][\/vc_column][vc_column width=&#8221;1\/6&#8243;][vc_single_image image=&#8221;20795&#8243; img_size=&#8221;full&#8221; onclick=&#8221;custom_link&#8221; link=&#8221;https:\/\/consorcioserrano.es\/en\/about-us\/our-associates\/elpozo-alimentacion-s-a\/&#8221;][\/vc_column][\/vc_row][vc_row][vc_column width=&#8221;1\/6&#8243;][vc_single_image image=&#8221;9470&#8243; img_size=&#8221;full&#8221; onclick=&#8221;custom_link&#8221; link=&#8221;https:\/\/consorcioserrano.es\/en\/about-us\/our-associates\/campofrio-food-group-s-a\/&#8221;][\/vc_column][vc_column width=&#8221;1\/6&#8243;][vc_single_image image=&#8221;12948&#8243; img_size=&#8221;full&#8221; onclick=&#8221;custom_link&#8221; link=&#8221;https:\/\/consorcioserrano.es\/en\/about-us\/our-associates\/industrias-carnicas-loriente-piqueras-s-a\/&#8221;][\/vc_column][vc_column width=&#8221;1\/6&#8243;][vc_single_image image=&#8221;9474&#8243; img_size=&#8221;full&#8221; onclick=&#8221;custom_link&#8221; link=&#8221;https:\/\/consorcioserrano.es\/en\/about-us\/our-associates\/far-jamon-serrano-s-a\/&#8221;][\/vc_column][vc_column width=&#8221;1\/6&#8243;][vc_single_image image=&#8221;9478&#8243; img_size=&#8221;full&#8221; onclick=&#8221;custom_link&#8221; link=&#8221;https:\/\/consorcioserrano.es\/en\/about-us\/our-associates\/bell-espana-alimentacion\/&#8221;][\/vc_column][\/vc_row][vc_row][vc_column width=&#8221;1\/6&#8243;][vc_single_image image=&#8221;9671&#8243; img_size=&#8221;full&#8221; onclick=&#8221;custom_link&#8221; link=&#8221;https:\/\/consorcioserrano.es\/en\/about-us\/our-associates\/carnicas-serrano-s-l\/&#8221;][\/vc_column][vc_column width=&#8221;1\/6&#8243;][vc_single_image image=&#8221;10367&#8243; img_size=&#8221;full&#8221; onclick=&#8221;custom_link&#8221; link=&#8221;https:\/\/consorcioserrano.es\/en\/about-us\/our-associates\/grupo-empresarial-costa-s-l\/&#8221;][\/vc_column][vc_column width=&#8221;1\/6&#8243;][vc_single_image image=&#8221;9670&#8243; img_size=&#8221;full&#8221; onclick=&#8221;custom_link&#8221; link=&#8221;https:\/\/consorcioserrano.es\/en\/about-us\/our-associates\/hijo-de-jose-martinez-somalo-s-l\/&#8221;][\/vc_column][vc_column width=&#8221;1\/6&#8243;][vc_single_image image=&#8221;9667&#8243; img_size=&#8221;full&#8221; onclick=&#8221;custom_link&#8221; link=&#8221;https:\/\/consorcioserrano.es\/en\/about-us\/our-associates\/industrias-carnicas-tello-s-a\/&#8221;][\/vc_column][vc_column width=&#8221;1\/6&#8243;][\/vc_column][\/vc_row][vc_row][vc_column width=&#8221;1\/6&#8243;][\/vc_column][vc_column width=&#8221;1\/6&#8243; el_class=&#8221;disabled&#8221;][vc_single_image image=&#8221;9676&#8243; img_size=&#8221;full&#8221; onclick=&#8221;custom_link&#8221; link=&#8221;https:\/\/consorcioserrano.es\/en\/about-us\/our-associates\/torre-de-nunez-de-conturiz-s-l-u\/&#8221;][\/vc_column][vc_column width=&#8221;1\/6&#8243; el_class=&#8221;disabled&#8221;][vc_single_image image=&#8221;9445&#8243; img_size=&#8221;full&#8221; onclick=&#8221;custom_link&#8221; link=&#8221;https:\/\/consorcioserrano.es\/en\/about-us\/our-associates\/embutidos-rodriguez\/&#8221;][\/vc_column][vc_column width=&#8221;1\/6&#8243;][\/vc_column][vc_column width=&#8221;1\/6&#8243;][\/vc_column][\/vc_row][vc_row disable_element=&#8221;yes&#8221;][vc_column width=&#8221;1\/6&#8243;][vc_single_image image=&#8221;9462&#8243; img_size=&#8221;full&#8221; onclick=&#8221;custom_link&#8221; link=&#8221;https:\/\/consorcioserrano.es\/en\/about-us\/our-associates\/embutidos-caseros-collell-s-l-u\/&#8221;][\/vc_column][vc_column width=&#8221;1\/6&#8243;][vc_single_image image=&#8221;8642&#8243; img_size=&#8221;full&#8221; onclick=&#8221;custom_link&#8221; link=&#8221;https:\/\/consorcioserrano.es\/en\/about-us\/our-associates\/casademont-s-a\/&#8221;][\/vc_column][vc_column width=&#8221;1\/6&#8243;][vc_single_image image=&#8221;9345&#8243; img_size=&#8221;full&#8221; onclick=&#8221;custom_link&#8221; link=&#8221;https:\/\/consorcioserrano.es\/en\/about-us\/our-associates\/industrias-carnicas-villar-s-a\/&#8221;][\/vc_column][vc_column width=&#8221;1\/6&#8243;][vc_single_image image=&#8221;9454&#8243; img_size=&#8221;full&#8221; onclick=&#8221;custom_link&#8221; link=&#8221;https:\/\/consorcioserrano.es\/en\/about-us\/our-associates\/jamones-centelles-s-l\/&#8221;][\/vc_column][vc_column width=&#8221;1\/6&#8243;][vc_single_image image=&#8221;9669&#8243; img_size=&#8221;full&#8221; onclick=&#8221;custom_link&#8221; link=&#8221;https:\/\/consorcioserrano.es\/en\/about-us\/our-associates\/coren-s-c-g\/&#8221;][\/vc_column][\/vc_row][vc_row][vc_column]\n<div id=\"ersspace-2\"><\/div><style type=\"text\/css\">#ersspace-2 { height: 80px; }<\/style>[\/vc_column][\/vc_row]<\/p>\n<\/div>","protected":false},"excerpt":{"rendered":"<p>[vc_row][vc_column el_class=&#8221;panel-special-content&#8221;][vc_column_text el_class=&#8221;vc_quote_consorcio&#8221;] Our Associates [\/vc_column_text][\/vc_column][\/vc_row][vc_row][vc_column width=&#8221;2\/3&#8243;][vc_column_text]The CJSE is currently formed by the 18 most important companies in the Spanish Serrano ham sector. All of the<span class=\"excerpt-hellip\"> [\u2026]<\/span><\/p>\n","protected":false},"author":1,"featured_media":-1,"parent":3600,"menu_order":0,"comment_status":"closed","ping_status":"closed","template":"","meta":{"_acf_changed":false,"footnotes":""},"class_list":["post-3602","page","type-page","status-publish","has-post-thumbnail","hentry","sections_group lang-en"],"yoast_head":"<!-- This site is optimized with the Yoast SEO plugin v27.2 - https:\/\/yoast.com\/product\/yoast-seo-wordpress\/ -->\n<title>Our Associates - Consorcio Serrano Ham: the jamon espanol<\/title>\n<meta name=\"description\" content=\"Consorcio Jam\u00f3n Serrano - Cured ham quality - the best serano ham: 100% spanish ham - selection piece by piece of each jamon espanol\" \/>\n<meta name=\"robots\" content=\"index, follow, max-snippet:-1, max-image-preview:large, max-video-preview:-1\" \/>\n<link rel=\"canonical\" href=\"https:\/\/consorcioserrano.es\/en\/about-us\/our-associates\/\" \/>\n<meta property=\"og:locale\" content=\"en_US\" \/>\n<meta property=\"og:type\" content=\"article\" \/>\n<meta property=\"og:title\" content=\"Our Associates - Consorcio Serrano Ham: the jamon espanol\" \/>\n<meta property=\"og:description\" content=\"Consorcio Jam\u00f3n Serrano - Cured ham quality - the best serano ham: 100% spanish ham - selection piece by piece of each jamon espanol\" \/>\n<meta property=\"og:url\" content=\"https:\/\/consorcioserrano.es\/en\/about-us\/our-associates\/\" \/>\n<meta property=\"og:site_name\" content=\"Consorcio del Jam\u00f3n Serrano Espa\u00f1ol\" \/>\n<meta property=\"article:modified_time\" content=\"2025-11-27T16:30:34+00:00\" \/>\n<meta property=\"og:image\" content=\"http:\/\/consorcioserrano.es\/wp-content\/uploads\/2017\/12\/asociados-consorcio-jamon-serrano-logos.jpg\" \/>\n<meta name=\"twitter:card\" content=\"summary_large_image\" \/>\n<meta name=\"twitter:label1\" content=\"Est. reading time\" \/>\n\t<meta name=\"twitter:data1\" content=\"7 minutes\" \/>\n<script type=\"application\/ld+json\" class=\"yoast-schema-graph\">{\"@context\":\"https:\/\/schema.org\",\"@graph\":[{\"@type\":\"WebPage\",\"@id\":\"https:\/\/consorcioserrano.es\/en\/about-us\/our-associates\/\",\"url\":\"https:\/\/consorcioserrano.es\/en\/about-us\/our-associates\/\",\"name\":\"Our Associates - Consorcio Serrano Ham: the jamon espanol\",\"isPartOf\":{\"@id\":\"https:\/\/consorcioserrano.es\/#website\"},\"primaryImageOfPage\":{\"@id\":\"https:\/\/consorcioserrano.es\/en\/about-us\/our-associates\/#primaryimage\"},\"image\":{\"@id\":\"https:\/\/consorcioserrano.es\/en\/about-us\/our-associates\/#primaryimage\"},\"thumbnailUrl\":\"http:\/\/consorcioserrano.es\/wp-content\/uploads\/2017\/10\/comillas-abrir-1.png\",\"datePublished\":\"2017-11-13T09:17:01+00:00\",\"dateModified\":\"2025-11-27T16:30:34+00:00\",\"description\":\"Consorcio Jam\u00f3n Serrano - Cured ham quality - the best serano ham: 100% spanish ham - selection piece by piece of each jamon espanol\",\"breadcrumb\":{\"@id\":\"https:\/\/consorcioserrano.es\/en\/about-us\/our-associates\/#breadcrumb\"},\"inLanguage\":\"en-US\",\"potentialAction\":[{\"@type\":\"ReadAction\",\"target\":[\"https:\/\/consorcioserrano.es\/en\/about-us\/our-associates\/\"]}]},{\"@type\":\"ImageObject\",\"inLanguage\":\"en-US\",\"@id\":\"https:\/\/consorcioserrano.es\/en\/about-us\/our-associates\/#primaryimage\",\"url\":\"http:\/\/consorcioserrano.es\/wp-content\/uploads\/2017\/10\/comillas-abrir-1.png\",\"contentUrl\":\"http:\/\/consorcioserrano.es\/wp-content\/uploads\/2017\/10\/comillas-abrir-1.png\"},{\"@type\":\"BreadcrumbList\",\"@id\":\"https:\/\/consorcioserrano.es\/en\/about-us\/our-associates\/#breadcrumb\",\"itemListElement\":[{\"@type\":\"ListItem\",\"position\":1,\"name\":\"Portada\",\"item\":\"https:\/\/consorcioserrano.es\/en\/\"},{\"@type\":\"ListItem\",\"position\":2,\"name\":\"About us\",\"item\":\"https:\/\/consorcioserrano.es\/en\/about-us\/\"},{\"@type\":\"ListItem\",\"position\":3,\"name\":\"Our Associates\"}]},{\"@type\":\"WebSite\",\"@id\":\"https:\/\/consorcioserrano.es\/#website\",\"url\":\"https:\/\/consorcioserrano.es\/\",\"name\":\"Consorcio del Jam\u00f3n Serrano Espa\u00f1ol\",\"description\":\"Consorcio Jam\u00f3n Serrano  - Cured ham quality - the best serano ham: 100% spanish ham - selection piece by piece of each jamon espanol\",\"potentialAction\":[{\"@type\":\"SearchAction\",\"target\":{\"@type\":\"EntryPoint\",\"urlTemplate\":\"https:\/\/consorcioserrano.es\/?s={search_term_string}\"},\"query-input\":{\"@type\":\"PropertyValueSpecification\",\"valueRequired\":true,\"valueName\":\"search_term_string\"}}],\"inLanguage\":\"en-US\"}]}<\/script>\n<!-- \/ Yoast SEO plugin. -->","yoast_head_json":{"title":"Our Associates - Consorcio Serrano Ham: the jamon espanol","description":"Consorcio Jam\u00f3n Serrano - Cured ham quality - the best serano ham: 100% spanish ham - selection piece by piece of each jamon espanol","robots":{"index":"index","follow":"follow","max-snippet":"max-snippet:-1","max-image-preview":"max-image-preview:large","max-video-preview":"max-video-preview:-1"},"canonical":"https:\/\/consorcioserrano.es\/en\/about-us\/our-associates\/","og_locale":"en_US","og_type":"article","og_title":"Our Associates - Consorcio Serrano Ham: the jamon espanol","og_description":"Consorcio Jam\u00f3n Serrano - Cured ham quality - the best serano ham: 100% spanish ham - selection piece by piece of each jamon espanol","og_url":"https:\/\/consorcioserrano.es\/en\/about-us\/our-associates\/","og_site_name":"Consorcio del Jam\u00f3n Serrano Espa\u00f1ol","article_modified_time":"2025-11-27T16:30:34+00:00","og_image":[{"url":"http:\/\/consorcioserrano.es\/wp-content\/uploads\/2017\/12\/asociados-consorcio-jamon-serrano-logos.jpg","type":"","width":"","height":""}],"twitter_card":"summary_large_image","twitter_misc":{"Est. reading time":"7 minutes"},"schema":{"@context":"https:\/\/schema.org","@graph":[{"@type":"WebPage","@id":"https:\/\/consorcioserrano.es\/en\/about-us\/our-associates\/","url":"https:\/\/consorcioserrano.es\/en\/about-us\/our-associates\/","name":"Our Associates - Consorcio Serrano Ham: the jamon espanol","isPartOf":{"@id":"https:\/\/consorcioserrano.es\/#website"},"primaryImageOfPage":{"@id":"https:\/\/consorcioserrano.es\/en\/about-us\/our-associates\/#primaryimage"},"image":{"@id":"https:\/\/consorcioserrano.es\/en\/about-us\/our-associates\/#primaryimage"},"thumbnailUrl":"http:\/\/consorcioserrano.es\/wp-content\/uploads\/2017\/10\/comillas-abrir-1.png","datePublished":"2017-11-13T09:17:01+00:00","dateModified":"2025-11-27T16:30:34+00:00","description":"Consorcio Jam\u00f3n Serrano - Cured ham quality - the best serano ham: 100% spanish ham - selection piece by piece of each jamon espanol","breadcrumb":{"@id":"https:\/\/consorcioserrano.es\/en\/about-us\/our-associates\/#breadcrumb"},"inLanguage":"en-US","potentialAction":[{"@type":"ReadAction","target":["https:\/\/consorcioserrano.es\/en\/about-us\/our-associates\/"]}]},{"@type":"ImageObject","inLanguage":"en-US","@id":"https:\/\/consorcioserrano.es\/en\/about-us\/our-associates\/#primaryimage","url":"http:\/\/consorcioserrano.es\/wp-content\/uploads\/2017\/10\/comillas-abrir-1.png","contentUrl":"http:\/\/consorcioserrano.es\/wp-content\/uploads\/2017\/10\/comillas-abrir-1.png"},{"@type":"BreadcrumbList","@id":"https:\/\/consorcioserrano.es\/en\/about-us\/our-associates\/#breadcrumb","itemListElement":[{"@type":"ListItem","position":1,"name":"Portada","item":"https:\/\/consorcioserrano.es\/en\/"},{"@type":"ListItem","position":2,"name":"About us","item":"https:\/\/consorcioserrano.es\/en\/about-us\/"},{"@type":"ListItem","position":3,"name":"Our Associates"}]},{"@type":"WebSite","@id":"https:\/\/consorcioserrano.es\/#website","url":"https:\/\/consorcioserrano.es\/","name":"Consorcio del Jam\u00f3n Serrano Espa\u00f1ol","description":"Consorcio Jam\u00f3n Serrano  - Cured ham quality - the best serano ham: 100% spanish ham - selection piece by piece of each jamon espanol","potentialAction":[{"@type":"SearchAction","target":{"@type":"EntryPoint","urlTemplate":"https:\/\/consorcioserrano.es\/?s={search_term_string}"},"query-input":{"@type":"PropertyValueSpecification","valueRequired":true,"valueName":"search_term_string"}}],"inLanguage":"en-US"}]}},"acf":[],"_links":{"self":[{"href":"https:\/\/consorcioserrano.es\/en\/wp-json\/wp\/v2\/pages\/3602","targetHints":{"allow":["GET"]}}],"collection":[{"href":"https:\/\/consorcioserrano.es\/en\/wp-json\/wp\/v2\/pages"}],"about":[{"href":"https:\/\/consorcioserrano.es\/en\/wp-json\/wp\/v2\/types\/page"}],"author":[{"embeddable":true,"href":"https:\/\/consorcioserrano.es\/en\/wp-json\/wp\/v2\/users\/1"}],"replies":[{"embeddable":true,"href":"https:\/\/consorcioserrano.es\/en\/wp-json\/wp\/v2\/comments?post=3602"}],"version-history":[{"count":4,"href":"https:\/\/consorcioserrano.es\/en\/wp-json\/wp\/v2\/pages\/3602\/revisions"}],"predecessor-version":[{"id":30220,"href":"https:\/\/consorcioserrano.es\/en\/wp-json\/wp\/v2\/pages\/3602\/revisions\/30220"}],"up":[{"embeddable":true,"href":"https:\/\/consorcioserrano.es\/en\/wp-json\/wp\/v2\/pages\/3600"}],"wp:featuredmedia":[{"embeddable":true,"href":"https:\/\/consorcioserrano.es\/en\/wp-json\/"}],"wp:attachment":[{"href":"https:\/\/consorcioserrano.es\/en\/wp-json\/wp\/v2\/media?parent=3602"}],"curies":[{"name":"wp","href":"https:\/\/api.w.org\/{rel}","templated":true}]}}