{"id":3804,"date":"2017-11-13T13:25:29","date_gmt":"2017-11-13T12:25:29","guid":{"rendered":"http:\/\/consorcioserrano.es\/?page_id=3804"},"modified":"2024-01-24T14:34:42","modified_gmt":"2024-01-24T13:34:42","slug":"professionals-in-the-area","status":"publish","type":"page","link":"https:\/\/consorcioserrano.es\/en\/professionals-in-the-area\/","title":{"rendered":"Professionals in the area"},"content":{"rendered":"<div class=\"wpb-content-wrapper\"><p>[vc_row full_width=&#8221;stretch_row_content_no_spaces&#8221; css=&#8221;.vc_custom_1510131529958{background-image: url(http:\/\/consorcioserrano.es\/wp-content\/uploads\/2017\/11\/area-profesionales-consorcio-jamon-serrano.jpg?id=2905) !important;background-position: center !important;background-repeat: no-repeat !important;background-size: cover !important;}&#8221;][vc_column]\n<div id=\"ersspace-1\"><\/div><style type=\"text\/css\">#ersspace-1 { height: 320px; }<\/style>[\/vc_column][\/vc_row][vc_row el_class=&#8221;column-special-one&#8221;][vc_column width=&#8221;2\/3&#8243; el_class=&#8221;panel-special-content&#8221;][vc_row_inner][vc_column_inner][vc_column_text el_class=&#8221;vc_quote_consorcio&#8221;]<\/p>\n<div class=\"vc_quote_consorcio_icon\"><img loading=\"lazy\" decoding=\"async\" class=\"alignnone size-full wp-image-1101\" src=\"http:\/\/consorcioserrano.es\/wp-content\/uploads\/2017\/10\/comillas-abrir-1.png\" alt=\"\" width=\"59\" height=\"53\" srcset=\"https:\/\/consorcioserrano.es\/wp-content\/uploads\/2017\/10\/comillas-abrir-1.png 59w, https:\/\/consorcioserrano.es\/wp-content\/uploads\/2017\/10\/comillas-abrir-1-50x45.png 50w\" sizes=\"auto, (max-width:767px) 59px, 59px\" \/><\/div>\n<div class=\"vc_quote_consorcio_content\">\n<h1>Professionals <strong>in the area<\/strong>\u00a0<img loading=\"lazy\" decoding=\"async\" class=\"alignnone size-full wp-image-1100\" src=\"http:\/\/consorcioserrano.es\/wp-content\/uploads\/2017\/10\/comillas-cerrar-1.png\" alt=\"\" width=\"59\" height=\"53\" srcset=\"https:\/\/consorcioserrano.es\/wp-content\/uploads\/2017\/10\/comillas-cerrar-1.png 59w, https:\/\/consorcioserrano.es\/wp-content\/uploads\/2017\/10\/comillas-cerrar-1-50x45.png 50w\" sizes=\"auto, (max-width:767px) 59px, 59px\" \/><\/h1>\n<\/div>\n<p>[\/vc_column_text][\/vc_column_inner][\/vc_row_inner][vc_row_inner][vc_column_inner][vc_column_text]<\/p>\n<h3><strong><span style=\"color: #e82f37;\">For importers and distributors<\/span><\/strong><\/h3>\n<p>[\/vc_column_text][\/vc_column_inner][\/vc_row_inner][vc_row_inner][vc_column_inner width=&#8221;1\/2&#8243;][vc_column_text]The Consorcio del Jam\u00f3n Serrano Espa\u00f1ol represents the primary Spanish brands, which are guaranteed with its quality control and its certification of quality and authenticity of each piece.<\/p>\n<p>If you are interested in importing Spanish Serrano ham and\/or familiarize yourself with our certification processes, you can contact the Consorcio using our <a href=\"https:\/\/consorcioserrano.es\/en\/contact-us\/\" target=\"_blank\" rel=\"noopener\">Contact form<\/a>.[\/vc_column_text][vc_empty_space height=&#8221;15px&#8221;][\/vc_column_inner][vc_column_inner width=&#8221;1\/2&#8243;][vc_column_text]In addition, with the following link you can find the list of our associates with contact information for each of them: <a href=\"https:\/\/consorcioserrano.es\/en\/about-us\/our-associates\/\" target=\"_blank\" rel=\"noopener\">CJSE Associates<\/a>.[\/vc_column_text][\/vc_column_inner][\/vc_row_inner][vc_row_inner][vc_column_inner][vc_column_text]<\/p>\n<h3><strong><span style=\"color: #e82f37;\">About Control and Certification<\/span><\/strong><\/h3>\n<p>[\/vc_column_text][\/vc_column_inner][\/vc_row_inner][vc_row_inner][vc_column_inner width=&#8221;1\/2&#8243;][vc_column_text]The Consorcio del Jam\u00f3n Serrano Espa\u00f1ol is the only Spanish organization that guarantees a quality product elaborated with controlled quality control standards and with a final piece by piece selection.<\/p>\n<p>All Jam\u00f3n Consorcio Serrano Spanish hams are identifiable by their Seal of Quality. This seal is the emblem guaranteeing to have been elaborated in line with the association&#8217;s demanding quality standards and have passed rigorous quality controls so that they can be exported.[\/vc_column_text][\/vc_column_inner][vc_column_inner width=&#8221;1\/2&#8243;][vc_column_text]<\/p>\n<p>The Consorcio performs annual audits at the production plants of the members of the consortium to monitor and control all aspects of the production process. In addition, it controls for all pieces to complete a mean maturation time of 12 months, have fresh weight losses over 34% after moisture lose during curing and with adequate fat content, essential for guaranteeing Serrano ham organoleptic qualities.<\/p>\n<p>Only a limited amount of Spanish Serrano Hams are worthy of the Consorcio Serrano Quality Seal.[\/vc_column_text][\/vc_column_inner][\/vc_row_inner][vc_row_inner][vc_column_inner][vc_single_image image=&#8221;2456&#8243; img_size=&#8221;full&#8221;][\/vc_column_inner][\/vc_row_inner][vc_row_inner][vc_column_inner width=&#8221;2\/3&#8243;][vc_column_text]<\/p>\n<table class=\"table-consorcio-2-columns\">\n<thead>\n<tr class=\"border-bottom-header\">\n<td class=\"table-column-1 headed\" colspan=\"2\"><strong>Serrano ham guarantees<\/strong><\/td>\n<\/tr>\n<\/thead>\n<tbody>\n<tr class=\"border-botom\">\n<td class=\"table-column-1\">Country of Origin<\/td>\n<td class=\"table-column-2\">Spain<\/td>\n<\/tr>\n<tr class=\"border-botom\">\n<td class=\"table-column-1\">Minimum curing period<\/td>\n<td class=\"table-column-2\">12 months (52 weeks)<\/td>\n<\/tr>\n<tr class=\"border-botom\">\n<td class=\"table-column-1\">Private certification<\/td>\n<td class=\"table-column-2\">Consorcio del Jam\u00f3n Serrano Espa\u00f1ol<\/td>\n<\/tr>\n<tr class=\"border-botom\">\n<td class=\"table-column-1\">European certification<\/td>\n<td class=\"table-column-2\">TSG \/ Serrano<\/td>\n<\/tr>\n<tr class=\"border-botom\">\n<td class=\"table-column-1\">Weight of piece (bone-in)<\/td>\n<td class=\"table-column-2\">starting at 6.5 kg<\/td>\n<\/tr>\n<tr class=\"border-botom\">\n<td class=\"table-column-1\">Texture, colour and flavour<\/td>\n<td class=\"table-column-2\">Firm, red, purple and intense<\/td>\n<\/tr>\n<\/tbody>\n<\/table>\n<p>[\/vc_column_text][\/vc_column_inner][vc_column_inner width=&#8221;1\/3&#8243;][\/vc_column_inner][\/vc_row_inner][vc_row_inner][vc_column_inner width=&#8221;1\/2&#8243;][vc_column_text]<\/p>\n<h3><span style=\"color: #e82f37;\"><strong>For wholesalers, retailers, delicatessens, and stores<\/strong><br \/>\n<\/span><\/h3>\n<p>If you need to contact a wholesaler in your country, the Consorcio can help you to identify any that import Spanish Serrano ham guaranteed with our Seal of Quality. You can contact us with our <a href=\"https:\/\/consorcioserrano.es\/en\/contact-us\/\" target=\"_blank\" rel=\"noopener\"><span style=\"color: #e82f37;\">Contact form.<\/span><\/a>[\/vc_column_text][\/vc_column_inner][vc_column_inner width=&#8221;1\/2&#8243;][\/vc_column_inner][\/vc_row_inner][vc_row_inner][vc_column_inner][vc_column_text]<\/p>\n<h3><strong><span style=\"color: #e82f37;\">Technical information for professionals<\/span><\/strong><\/h3>\n<p>[\/vc_column_text][\/vc_column_inner][\/vc_row_inner][vc_row_inner][vc_column_inner width=&#8221;1\/2&#8243;][vc_column_text]Spanish Serrano ham is the result of a process that combines a guarantee of select raw material and a long, slow maturation in curing rooms and cellars.[\/vc_column_text][\/vc_column_inner][vc_column_inner width=&#8221;1\/2&#8243;][vc_column_text]Because it is a special product, there are a series of articles you should become familiar with:<\/p>\n<ul>\n<li><a href=\"https:\/\/consorcioserrano.es\/en\/consorcio-serrano-ham\/types-of-ham\/\" target=\"_blank\" rel=\"noopener\"><span style=\"color: #e82f37;\">The different formats of Serrano ham<\/span><\/a><\/li>\n<li><a href=\"https:\/\/consorcioserrano.es\/en\/consorcio-serrano-ham\/taste-aroma-conservation\/\" target=\"_blank\" rel=\"noopener\"><span style=\"color: #e82f37;\">Conservation of Serrano ham<\/span><\/a><\/li>\n<li><a href=\"https:\/\/consorcioserrano.es\/en\/how-to-cut-your-consorcio-serrano-ham\/\" target=\"_blank\" rel=\"noopener\"><span style=\"color: #e82f37;\">Professional carving<\/span><\/a><\/li>\n<li>Advice for your clients: <a href=\"https:\/\/consorcioserrano.es\/en\/consorcio-serrano-ham\/taste-aroma-conservation\/\" target=\"_blank\" rel=\"noopener\"><span style=\"color: #e82f37;\">home conservation and consumption<\/span> <\/a>, <span style=\"color: #e82f37;\"><a href=\"https:\/\/consorcioserrano.es\/en\/recipes-tapas-sandwiches\/\" target=\"_blank\" rel=\"noopener\">recipes<\/a><\/span><\/li>\n<\/ul>\n<p>[\/vc_column_text][\/vc_column_inner][\/vc_row_inner][vc_empty_space height=&#8221;15px&#8221;][vc_row_inner][vc_column_inner][vc_column_text]<\/p>\n<h3><strong><span style=\"color: #e82f37;\">Subscribe: guides, recent developments, courses, advice and recipes<\/span><\/strong><\/h3>\n<p>[\/vc_column_text][\/vc_column_inner][\/vc_row_inner][vc_row_inner][vc_column_inner width=&#8221;1\/2&#8243;][vc_column_text]The Consorcio del Jam\u00f3n Serrano provides a series of guides and battle cards that you can download in pdf format.<\/p>\n<p>In addition, the Consorcio spreads news, recent developments and courses on Spanish Serrano ham that are of interest for professionals in the sector.[\/vc_column_text][\/vc_column_inner][vc_column_inner width=&#8221;1\/2&#8243;][vc_column_text]In order to access professional material and\/or if you want us to keep you up to date, <a href=\"https:\/\/consorcioserrano.es\/en\/user-register\/\" target=\"_blank\" rel=\"noopener\"><span style=\"color: #e82f37;\">please register here<\/span><\/a>.[\/vc_column_text][\/vc_column_inner][\/vc_row_inner][\/vc_column][vc_column width=&#8221;1\/3&#8243;]\n<div id=\"ersspace-2\"><\/div><style type=\"text\/css\">#ersspace-2 { height: 260px; }\n@media handheld, only screen and (max-width: 767px) {\n\t#ersspace-2 { height: 0px; }\n}<\/style>[vc_row_inner el_class=&#8221;panel-special-aside&#8221;][vc_column_inner][vc_column_text]<\/p>\n<h3><span style=\"color: #e82f37;\"><strong>Materials and technical information to download<\/strong><\/span><\/h3>\n<p>It is necessary to be registered to be able to download the available materials.[\/vc_column_text][vc_column_text showfor=&#8221;not_logged_in&#8221;]<a class=\"button-consorcio-red\" href=\"https:\/\/consorcioserrano.es\/en\/user-sign-in\/\">Log in<\/a>[\/vc_column_text][vc_column_text showfor=&#8221;not_logged_in&#8221;]<a class=\"button-consorcio-red\" href=\"https:\/\/consorcioserrano.es\/en\/user-register\/\">Register<\/a>[\/vc_column_text][vc_empty_space height=&#8221;15px&#8221;][vc_column_text showfor=&#8221;selected_user_roles&#8221; selected_user_roles=&#8221;administrator, role_distribuidor, role_importador, role_minorista, role_socio&#8221;]<\/p>\n<h3><span style=\"color: #e82f37;\"><strong>List of materials and technical information<\/strong><\/span><\/h3>\n<ul>\n<li>Promotional stuff\n<ul>\n<li><a href=\"https:\/\/consorcioserrano.es\/wp-content\/uploads\/2018\/10\/institucional_ing.pdf\" target=\"_blank\" rel=\"noopener\">Sales Folder CJSE<\/a><\/li>\n<li><a href=\"https:\/\/consorcioserrano.es\/wp-content\/uploads\/2018\/10\/flyer-web-ING-111018.pdf\" target=\"_blank\" rel=\"noopener\">Sales Folder CJSE 2<\/a><\/li>\n<li><a href=\"http:\/\/consorcioserrano.es\/wp-content\/uploads\/2017\/11\/desplegable-ing-26042017.pdf\" target=\"_blank\" rel=\"noopener\">Sales Folder CJSE\u00a03<\/a><\/li>\n<li><a href=\"https:\/\/consorcioserrano.es\/wp-content\/uploads\/2018\/10\/argumentario-ingles-151018.pdf\" target=\"_blank\" rel=\"noopener\">Argumentary<\/a><\/li>\n<li><a href=\"http:\/\/consorcioserrano.es\/wp-content\/uploads\/2012\/10\/recetario_ing.pdf\" target=\"_blank\" rel=\"noopener\">Recipes<\/a><\/li>\n<li><a href=\"http:\/\/consorcioserrano.es\/wp-content\/uploads\/2012\/10\/recet_tapas_ing.pdf\" target=\"_blank\" rel=\"noopener\">Recipes &#8211; Special Tapas<\/a><\/li>\n<li><a href=\"http:\/\/consorcioserrano.es\/wp-content\/uploads\/2017\/11\/02_07140_DM_Anuga_B2B-Mailing_2017_englisch.pdf\" target=\"_blank\" rel=\"noopener\">B2B Mailing_Anuga<\/a><\/li>\n<\/ul>\n<\/li>\n<\/ul>\n<p>&nbsp;<\/p>\n<ul>\n<li>Technical information\n<ul>\n<li><a href=\"http:\/\/consorcioserrano.es\/wp-content\/uploads\/2012\/10\/cuchillo_ing.pdf\" target=\"_blank\" rel=\"noopener\">Carving with a knife pdf<\/a><\/li>\n<li><a href=\"https:\/\/consorcioserrano.es\/videos\/en\/corte-cuchillo-en.mp4\" target=\"_blank\" rel=\"noopener\" download=\"Carving-with-a-knife.mp4\">Carving with a knife &#8211; video<\/a><\/li>\n<li><a href=\"http:\/\/consorcioserrano.es\/wp-content\/uploads\/2012\/10\/maquina_ing.pdf\" target=\"_blank\" rel=\"noopener\">Carving with a machine pdf<\/a><\/li>\n<li><a href=\"https:\/\/consorcioserrano.es\/videos\/en\/corte-maquina-en.mp4\" target=\"_blank\" rel=\"noopener\" download=\"Carving-with-a-machine.mp4\">Carving with a machine &#8211; video<\/a><\/li>\n<\/ul>\n<\/li>\n<\/ul>\n<p>&nbsp;<\/p>\n<ul>\n<li>List of associates\n<ul>\n<li><a href=\"https:\/\/consorcioserrano.es\/nuestros-asociados\/consorcio-serrano-asociados.pdf\" target=\"_blank\" rel=\"noopener\">List of associates in pdf<\/a><\/li>\n<\/ul>\n<\/li>\n<\/ul>\n<p>[\/vc_column_text][\/vc_column_inner][\/vc_row_inner][\/vc_column][\/vc_row][vc_row][vc_column]\n<div id=\"ersspace-3\"><\/div><style type=\"text\/css\">#ersspace-3 { height: 80px; }<\/style>[\/vc_column][\/vc_row]<\/p>\n<\/div>","protected":false},"excerpt":{"rendered":"<p>[vc_row full_width=&#8221;stretch_row_content_no_spaces&#8221; css=&#8221;.vc_custom_1510131529958{background-image: url(http:\/\/consorcioserrano.es\/wp-content\/uploads\/2017\/11\/area-profesionales-consorcio-jamon-serrano.jpg?id=2905) !important;background-position: center !important;background-repeat: no-repeat !important;background-size: cover !important;}&#8221;][vc_column][\/vc_column][\/vc_row][vc_row el_class=&#8221;column-special-one&#8221;][vc_column width=&#8221;2\/3&#8243; el_class=&#8221;panel-special-content&#8221;][vc_row_inner][vc_column_inner][vc_column_text el_class=&#8221;vc_quote_consorcio&#8221;] Professionals in the area\u00a0 [\/vc_column_text][\/vc_column_inner][\/vc_row_inner][vc_row_inner][vc_column_inner][vc_column_text] For importers and distributors [\/vc_column_text][\/vc_column_inner][\/vc_row_inner][vc_row_inner][vc_column_inner width=&#8221;1\/2&#8243;][vc_column_text]The<span class=\"excerpt-hellip\"> [\u2026]<\/span><\/p>\n","protected":false},"author":1,"featured_media":0,"parent":0,"menu_order":0,"comment_status":"closed","ping_status":"closed","template":"","meta":{"_acf_changed":false,"footnotes":""},"class_list":["post-3804","page","type-page","status-publish","hentry","sections_group lang-en"],"yoast_head":"<!-- This site is optimized with the Yoast SEO plugin v27.2 - https:\/\/yoast.com\/product\/yoast-seo-wordpress\/ -->\n<title>Professionals in the area - Consorcio Serrano Ham<\/title>\n<meta name=\"description\" content=\"Information for professionals of the spanish ham sector: distributors, producers, wholesalers, or retailers. Learn all about Serrano ham.\" \/>\n<meta name=\"robots\" content=\"index, follow, max-snippet:-1, max-image-preview:large, max-video-preview:-1\" \/>\n<link rel=\"canonical\" href=\"https:\/\/consorcioserrano.es\/en\/professionals-in-the-area\/\" \/>\n<meta property=\"og:locale\" content=\"en_US\" \/>\n<meta property=\"og:type\" content=\"article\" \/>\n<meta property=\"og:title\" content=\"Professionals in the area - Consorcio Serrano Ham\" \/>\n<meta property=\"og:description\" content=\"Information for professionals of the spanish ham sector: distributors, producers, wholesalers, or retailers. Learn all about Serrano ham.\" \/>\n<meta property=\"og:url\" content=\"https:\/\/consorcioserrano.es\/en\/professionals-in-the-area\/\" \/>\n<meta property=\"og:site_name\" content=\"Consorcio del Jam\u00f3n Serrano Espa\u00f1ol\" \/>\n<meta property=\"article:modified_time\" content=\"2024-01-24T13:34:42+00:00\" \/>\n<meta property=\"og:image\" content=\"http:\/\/consorcioserrano.es\/wp-content\/uploads\/2017\/10\/comillas-abrir-1.png\" \/>\n<meta name=\"twitter:card\" content=\"summary_large_image\" \/>\n<meta name=\"twitter:label1\" content=\"Est. reading time\" \/>\n\t<meta name=\"twitter:data1\" content=\"4 minutes\" \/>\n<script type=\"application\/ld+json\" class=\"yoast-schema-graph\">{\"@context\":\"https:\/\/schema.org\",\"@graph\":[{\"@type\":\"WebPage\",\"@id\":\"https:\/\/consorcioserrano.es\/en\/professionals-in-the-area\/\",\"url\":\"https:\/\/consorcioserrano.es\/en\/professionals-in-the-area\/\",\"name\":\"Professionals in the area - Consorcio Serrano Ham\",\"isPartOf\":{\"@id\":\"https:\/\/consorcioserrano.es\/#website\"},\"primaryImageOfPage\":{\"@id\":\"https:\/\/consorcioserrano.es\/en\/professionals-in-the-area\/#primaryimage\"},\"image\":{\"@id\":\"https:\/\/consorcioserrano.es\/en\/professionals-in-the-area\/#primaryimage\"},\"thumbnailUrl\":\"http:\/\/consorcioserrano.es\/wp-content\/uploads\/2017\/10\/comillas-abrir-1.png\",\"datePublished\":\"2017-11-13T12:25:29+00:00\",\"dateModified\":\"2024-01-24T13:34:42+00:00\",\"description\":\"Information for professionals of the spanish ham sector: distributors, producers, wholesalers, or retailers. Learn all about Serrano ham.\",\"breadcrumb\":{\"@id\":\"https:\/\/consorcioserrano.es\/en\/professionals-in-the-area\/#breadcrumb\"},\"inLanguage\":\"en-US\",\"potentialAction\":[{\"@type\":\"ReadAction\",\"target\":[\"https:\/\/consorcioserrano.es\/en\/professionals-in-the-area\/\"]}]},{\"@type\":\"ImageObject\",\"inLanguage\":\"en-US\",\"@id\":\"https:\/\/consorcioserrano.es\/en\/professionals-in-the-area\/#primaryimage\",\"url\":\"http:\/\/consorcioserrano.es\/wp-content\/uploads\/2017\/10\/comillas-abrir-1.png\",\"contentUrl\":\"http:\/\/consorcioserrano.es\/wp-content\/uploads\/2017\/10\/comillas-abrir-1.png\"},{\"@type\":\"BreadcrumbList\",\"@id\":\"https:\/\/consorcioserrano.es\/en\/professionals-in-the-area\/#breadcrumb\",\"itemListElement\":[{\"@type\":\"ListItem\",\"position\":1,\"name\":\"Portada\",\"item\":\"https:\/\/consorcioserrano.es\/en\/\"},{\"@type\":\"ListItem\",\"position\":2,\"name\":\"Professionals in the area\"}]},{\"@type\":\"WebSite\",\"@id\":\"https:\/\/consorcioserrano.es\/#website\",\"url\":\"https:\/\/consorcioserrano.es\/\",\"name\":\"Consorcio del Jam\u00f3n Serrano Espa\u00f1ol\",\"description\":\"Consorcio Jam\u00f3n Serrano  - Cured ham quality - the best serano ham: 100% spanish ham - selection piece by piece of each jamon espanol\",\"potentialAction\":[{\"@type\":\"SearchAction\",\"target\":{\"@type\":\"EntryPoint\",\"urlTemplate\":\"https:\/\/consorcioserrano.es\/?s={search_term_string}\"},\"query-input\":{\"@type\":\"PropertyValueSpecification\",\"valueRequired\":true,\"valueName\":\"search_term_string\"}}],\"inLanguage\":\"en-US\"}]}<\/script>\n<!-- \/ Yoast SEO plugin. -->","yoast_head_json":{"title":"Professionals in the area - Consorcio Serrano Ham","description":"Information for professionals of the spanish ham sector: distributors, producers, wholesalers, or retailers. Learn all about Serrano ham.","robots":{"index":"index","follow":"follow","max-snippet":"max-snippet:-1","max-image-preview":"max-image-preview:large","max-video-preview":"max-video-preview:-1"},"canonical":"https:\/\/consorcioserrano.es\/en\/professionals-in-the-area\/","og_locale":"en_US","og_type":"article","og_title":"Professionals in the area - Consorcio Serrano Ham","og_description":"Information for professionals of the spanish ham sector: distributors, producers, wholesalers, or retailers. Learn all about Serrano ham.","og_url":"https:\/\/consorcioserrano.es\/en\/professionals-in-the-area\/","og_site_name":"Consorcio del Jam\u00f3n Serrano Espa\u00f1ol","article_modified_time":"2024-01-24T13:34:42+00:00","og_image":[{"url":"http:\/\/consorcioserrano.es\/wp-content\/uploads\/2017\/10\/comillas-abrir-1.png","type":"","width":"","height":""}],"twitter_card":"summary_large_image","twitter_misc":{"Est. reading time":"4 minutes"},"schema":{"@context":"https:\/\/schema.org","@graph":[{"@type":"WebPage","@id":"https:\/\/consorcioserrano.es\/en\/professionals-in-the-area\/","url":"https:\/\/consorcioserrano.es\/en\/professionals-in-the-area\/","name":"Professionals in the area - Consorcio Serrano Ham","isPartOf":{"@id":"https:\/\/consorcioserrano.es\/#website"},"primaryImageOfPage":{"@id":"https:\/\/consorcioserrano.es\/en\/professionals-in-the-area\/#primaryimage"},"image":{"@id":"https:\/\/consorcioserrano.es\/en\/professionals-in-the-area\/#primaryimage"},"thumbnailUrl":"http:\/\/consorcioserrano.es\/wp-content\/uploads\/2017\/10\/comillas-abrir-1.png","datePublished":"2017-11-13T12:25:29+00:00","dateModified":"2024-01-24T13:34:42+00:00","description":"Information for professionals of the spanish ham sector: distributors, producers, wholesalers, or retailers. Learn all about Serrano ham.","breadcrumb":{"@id":"https:\/\/consorcioserrano.es\/en\/professionals-in-the-area\/#breadcrumb"},"inLanguage":"en-US","potentialAction":[{"@type":"ReadAction","target":["https:\/\/consorcioserrano.es\/en\/professionals-in-the-area\/"]}]},{"@type":"ImageObject","inLanguage":"en-US","@id":"https:\/\/consorcioserrano.es\/en\/professionals-in-the-area\/#primaryimage","url":"http:\/\/consorcioserrano.es\/wp-content\/uploads\/2017\/10\/comillas-abrir-1.png","contentUrl":"http:\/\/consorcioserrano.es\/wp-content\/uploads\/2017\/10\/comillas-abrir-1.png"},{"@type":"BreadcrumbList","@id":"https:\/\/consorcioserrano.es\/en\/professionals-in-the-area\/#breadcrumb","itemListElement":[{"@type":"ListItem","position":1,"name":"Portada","item":"https:\/\/consorcioserrano.es\/en\/"},{"@type":"ListItem","position":2,"name":"Professionals in the area"}]},{"@type":"WebSite","@id":"https:\/\/consorcioserrano.es\/#website","url":"https:\/\/consorcioserrano.es\/","name":"Consorcio del Jam\u00f3n Serrano Espa\u00f1ol","description":"Consorcio Jam\u00f3n Serrano  - Cured ham quality - the best serano ham: 100% spanish ham - selection piece by piece of each jamon espanol","potentialAction":[{"@type":"SearchAction","target":{"@type":"EntryPoint","urlTemplate":"https:\/\/consorcioserrano.es\/?s={search_term_string}"},"query-input":{"@type":"PropertyValueSpecification","valueRequired":true,"valueName":"search_term_string"}}],"inLanguage":"en-US"}]}},"acf":[],"_links":{"self":[{"href":"https:\/\/consorcioserrano.es\/en\/wp-json\/wp\/v2\/pages\/3804","targetHints":{"allow":["GET"]}}],"collection":[{"href":"https:\/\/consorcioserrano.es\/en\/wp-json\/wp\/v2\/pages"}],"about":[{"href":"https:\/\/consorcioserrano.es\/en\/wp-json\/wp\/v2\/types\/page"}],"author":[{"embeddable":true,"href":"https:\/\/consorcioserrano.es\/en\/wp-json\/wp\/v2\/users\/1"}],"replies":[{"embeddable":true,"href":"https:\/\/consorcioserrano.es\/en\/wp-json\/wp\/v2\/comments?post=3804"}],"version-history":[{"count":1,"href":"https:\/\/consorcioserrano.es\/en\/wp-json\/wp\/v2\/pages\/3804\/revisions"}],"predecessor-version":[{"id":21823,"href":"https:\/\/consorcioserrano.es\/en\/wp-json\/wp\/v2\/pages\/3804\/revisions\/21823"}],"wp:attachment":[{"href":"https:\/\/consorcioserrano.es\/en\/wp-json\/wp\/v2\/media?parent=3804"}],"curies":[{"name":"wp","href":"https:\/\/api.w.org\/{rel}","templated":true}]}}