{"id":3813,"date":"2017-11-13T13:42:02","date_gmt":"2017-11-13T12:42:02","guid":{"rendered":"http:\/\/consorcioserrano.es\/?page_id=3813"},"modified":"2024-08-30T11:24:45","modified_gmt":"2024-08-30T10:24:45","slug":"about-the-consorcio","status":"publish","type":"page","link":"https:\/\/consorcioserrano.es\/en\/about-the-consorcio\/","title":{"rendered":"About The Consorcio"},"content":{"rendered":"<div class=\"wpb-content-wrapper\"><p>[vc_row full_width=&#8221;stretch_row_content_no_spaces&#8221; css=&#8221;.vc_custom_1509104616814{background-color: #161616 !important;}&#8221; el_class=&#8221;next-row-no-padding&#8221;][vc_column][vc_column_text css=&#8221;.vc_custom_1510576695148{padding-left: 100px !important;background-color: #161616 !important;}&#8221; el_class=&#8221;no-margin-with-padding&#8221;]<\/p>\n<p class=\"image-h2\"><img loading=\"lazy\" decoding=\"async\" class=\"alignnone size-full wp-image-975\" src=\"http:\/\/consorcioserrano.es\/wp-content\/uploads\/2017\/10\/s-60-1.png\" alt=\"\" width=\"60\" height=\"60\" srcset=\"https:\/\/consorcioserrano.es\/wp-content\/uploads\/2017\/10\/s-60-1.png 60w, https:\/\/consorcioserrano.es\/wp-content\/uploads\/2017\/10\/s-60-1-50x50.png 50w\" sizes=\"auto, (max-width:767px) 60px, 60px\" \/><\/p>\n<h1><strong>About <\/strong>The Consorcio<\/h1>\n<p>[\/vc_column_text][\/vc_column][\/vc_row][vc_row full_width=&#8221;stretch_row_content_no_spaces&#8221; el_class=&#8221;next-row-no-padding&#8221;][vc_column width=&#8221;1\/3&#8243;]\n    <a href=\"https:\/\/consorcioserrano.es\/en\/about-the-consorcio\/history\/\"   class=\"vc_link_consorcio\" title=\"\u00a0History The professional association that guarantees Spanish Serrano Ham quality and international distribution \">\n    <div class=\"roll_wrap\" id=\"\">\n\t\t\n        <div class=\"roll_wrap_img \" ><img decoding=\"async\" src=\"https:\/\/consorcioserrano.es\/wp-content\/uploads\/2017\/10\/historia-consorcio-jamon-serrano-principal-secccion-750x545.jpg\" class=\"img-responsive \" > <\/div>\n\t\t\n\n\t\t\n\t\t\n\t        <div class=\"roll_wrap_link_imagetext  box-s-consorcio-serrano\" style=\"color:#ff0000; font-size:;\"><h2><img loading=\"lazy\" decoding=\"async\" class=\"alignnone size-full wp-image-1101\" src=\"http:\/\/consorcioserrano.es\/wp-content\/uploads\/2017\/10\/comillas-abrir-1.png\" alt=\"\" width=\"59\" height=\"53\" srcset=\"https:\/\/consorcioserrano.es\/wp-content\/uploads\/2017\/10\/comillas-abrir-1.png 59w, https:\/\/consorcioserrano.es\/wp-content\/uploads\/2017\/10\/comillas-abrir-1-50x45.png 50w\" sizes=\"auto, (max-width:767px) 59px, 59px\" \/>\u00a0<strong>History<\/strong><\/h2>\n<p>The professional association that guarantees Spanish Serrano Ham quality and international distribution<\/p>\n<\/div>\n\t\t\n    <\/div>\n    <\/a>[\/vc_column][vc_column width=&#8221;1\/3&#8243;]\n    <a href=\"https:\/\/consorcioserrano.es\/en\/about-the-consorcio\/what-identifies-us\/\"   class=\"vc_link_consorcio\" title=\"\u00a0What identifies us A commitment to tradition and the know-how of making authentic Spanish Serrano ham \">\n    <div class=\"roll_wrap\" id=\"\">\n\t\t\n        <div class=\"roll_wrap_img \" ><img decoding=\"async\" src=\"https:\/\/consorcioserrano.es\/wp-content\/uploads\/2017\/10\/identifica-consorcio-jamon-serrano-principal-secccion-750x545.jpg\" class=\"img-responsive \" > <\/div>\n\t\t\n\n\t\t\n\t\t\n\t        <div class=\"roll_wrap_link_imagetext  \" style=\"color:#ff0000; font-size:;\"><h2><img loading=\"lazy\" decoding=\"async\" class=\"alignnone size-full wp-image-1101\" src=\"http:\/\/consorcioserrano.es\/wp-content\/uploads\/2017\/10\/comillas-abrir-1.png\" alt=\"\" width=\"59\" height=\"53\" srcset=\"https:\/\/consorcioserrano.es\/wp-content\/uploads\/2017\/10\/comillas-abrir-1.png 59w, https:\/\/consorcioserrano.es\/wp-content\/uploads\/2017\/10\/comillas-abrir-1-50x45.png 50w\" sizes=\"auto, (max-width:767px) 59px, 59px\" \/>\u00a0<strong>What identifies us<\/strong><\/h2>\n<p>A commitment to tradition and the know-how of making authentic Spanish Serrano ham<\/p>\n<\/div>\n\t\t\n    <\/div>\n    <\/a>[\/vc_column][vc_column width=&#8221;1\/3&#8243;]\n    <a href=\"https:\/\/consorcioserrano.es\/en\/about-the-consorcio\/the-seal-of-quality\/\"   class=\"vc_link_consorcio\" title=\"The seal of quality The symbol that guarantees the quality of the best Serrano ham \">\n    <div class=\"roll_wrap\" id=\"\">\n\t\t\n        <div class=\"roll_wrap_img \" ><img decoding=\"async\" src=\"https:\/\/consorcioserrano.es\/wp-content\/uploads\/2017\/10\/sello-calidad-consorcio-jamon-serrano-principal-secccion-750x545.jpg\" class=\"img-responsive \" > <\/div>\n\t\t\n\n\t\t\n\t\t\n\t        <div class=\"roll_wrap_link_imagetext  \" style=\"color:#ff0000; font-size:;\"><h2><img loading=\"lazy\" decoding=\"async\" class=\"alignnone size-full wp-image-1101\" src=\"http:\/\/consorcioserrano.es\/wp-content\/uploads\/2017\/10\/comillas-abrir-1.png\" alt=\"\" width=\"59\" height=\"53\" srcset=\"https:\/\/consorcioserrano.es\/wp-content\/uploads\/2017\/10\/comillas-abrir-1.png 59w, https:\/\/consorcioserrano.es\/wp-content\/uploads\/2017\/10\/comillas-abrir-1-50x45.png 50w\" sizes=\"auto, (max-width:767px) 59px, 59px\" \/>T<strong>he seal of quality<\/strong><\/h2>\n<p>The symbol that guarantees the quality of the best Serrano ham<\/p>\n<\/div>\n\t\t\n    <\/div>\n    <\/a>[\/vc_column][\/vc_row][vc_row full_width=&#8221;stretch_row_content_no_spaces&#8221;][vc_column width=&#8221;1\/4&#8243; offset=&#8221;vc_col-lg-2 vc_col-md-2&#8243;][\/vc_column][vc_column width=&#8221;1\/4&#8243; offset=&#8221;vc_col-lg-4 vc_col-md-4&#8243;]\n    <a href=\"https:\/\/consorcioserrano.es\/en\/about-the-consorcio\/international-presence-of-consorcio\/\"   class=\"vc_link_consorcio\" title=\"\u00a0International presence of the Consorcio  Bet on competent, diverse, high-quality international distribution and exportation \">\n    <div class=\"roll_wrap\" id=\"\">\n\t\t\n        <div class=\"roll_wrap_img \" ><img decoding=\"async\" src=\"https:\/\/consorcioserrano.es\/wp-content\/uploads\/2017\/10\/presencia-internacional-consorcio-jamon-serrano-principal-secccion-750x545.jpg\" class=\"img-responsive \" > <\/div>\n\t\t\n\n\t\t\n\t\t\n\t        <div class=\"roll_wrap_link_imagetext  \" style=\"color:#ff0000; font-size:;\"><h2><img loading=\"lazy\" decoding=\"async\" class=\"alignnone size-full wp-image-1101\" src=\"http:\/\/consorcioserrano.es\/wp-content\/uploads\/2017\/10\/comillas-abrir-1.png\" alt=\"\" width=\"59\" height=\"53\" srcset=\"https:\/\/consorcioserrano.es\/wp-content\/uploads\/2017\/10\/comillas-abrir-1.png 59w, https:\/\/consorcioserrano.es\/wp-content\/uploads\/2017\/10\/comillas-abrir-1-50x45.png 50w\" sizes=\"auto, (max-width:767px) 59px, 59px\" \/>\u00a0I<strong>nternational presence of the Consorcio <\/strong><\/h2>\n<p>Bet on competent, diverse, high-quality international distribution and exportation<\/p>\n<\/div>\n\t\t\n    <\/div>\n    <\/a>[\/vc_column][vc_column width=&#8221;1\/4&#8243; offset=&#8221;vc_col-lg-4 vc_col-md-4&#8243;]\n    <a href=\"https:\/\/consorcioserrano.es\/en\/about-us\/our-associates\/\"   class=\"vc_link_consorcio\" title=\" Our Associates Spanish brands committed to the quality of Serrano ham. \">\n    <div class=\"roll_wrap\" id=\"\">\n\t\t\n        <div class=\"roll_wrap_img \" ><img decoding=\"async\" src=\"https:\/\/consorcioserrano.es\/wp-content\/uploads\/2024\/08\/asociados-nueva-5-2024.jpg\" class=\"img-responsive \" > <\/div>\n\t\t\n\n\t\t\n\t\t\n\t        <div class=\"roll_wrap_link_imagetext  \" style=\"color:#ff0000; font-size:;\"><h2><img loading=\"lazy\" decoding=\"async\" class=\"alignnone size-full wp-image-1101\" src=\"http:\/\/consorcioserrano.es\/wp-content\/uploads\/2017\/10\/comillas-abrir-1.png\" alt=\"\" width=\"59\" height=\"53\" srcset=\"https:\/\/consorcioserrano.es\/wp-content\/uploads\/2017\/10\/comillas-abrir-1.png 59w, https:\/\/consorcioserrano.es\/wp-content\/uploads\/2017\/10\/comillas-abrir-1-50x45.png 50w\" sizes=\"auto, (max-width:767px) 59px, 59px\" \/> Our Associates<\/h2>\n<p>Spanish brands committed to the quality of Serrano ham.<\/p>\n<\/div>\n\t\t\n    <\/div>\n    <\/a>[\/vc_column][vc_column width=&#8221;1\/4&#8243; offset=&#8221;vc_col-lg-2 vc_col-md-2&#8243;][\/vc_column][\/vc_row]<\/p>\n<\/div>","protected":false},"excerpt":{"rendered":"<p>[vc_row full_width=&#8221;stretch_row_content_no_spaces&#8221; css=&#8221;.vc_custom_1509104616814{background-color: #161616 !important;}&#8221; el_class=&#8221;next-row-no-padding&#8221;][vc_column][vc_column_text css=&#8221;.vc_custom_1510576695148{padding-left: 100px !important;background-color: #161616 !important;}&#8221; el_class=&#8221;no-margin-with-padding&#8221;] About The Consorcio [\/vc_column_text][\/vc_column][\/vc_row][vc_row full_width=&#8221;stretch_row_content_no_spaces&#8221; el_class=&#8221;next-row-no-padding&#8221;][vc_column width=&#8221;1\/3&#8243;][\/vc_column][vc_column width=&#8221;1\/3&#8243;][\/vc_column][vc_column width=&#8221;1\/3&#8243;][\/vc_column][\/vc_row][vc_row full_width=&#8221;stretch_row_content_no_spaces&#8221;][vc_column width=&#8221;1\/4&#8243; offset=&#8221;vc_col-lg-2 vc_col-md-2&#8243;][\/vc_column][vc_column width=&#8221;1\/4&#8243;<span class=\"excerpt-hellip\"> [\u2026]<\/span><\/p>\n","protected":false},"author":1,"featured_media":0,"parent":0,"menu_order":0,"comment_status":"closed","ping_status":"closed","template":"","meta":{"_acf_changed":false,"footnotes":""},"class_list":["post-3813","page","type-page","status-publish","hentry","sections_group lang-en"],"yoast_head":"<!-- This site is optimized with the Yoast SEO plugin v27.2 - https:\/\/yoast.com\/product\/yoast-seo-wordpress\/ -->\n<title>About The Consorcio Serrano Ham - Consorcio del Jam\u00f3n Serrano<\/title>\n<meta name=\"description\" content=\"The Spanish Consorcio Serrano Ham guarantees the quality of the best Serrano Ham - 100% hand-selected Spanish ham, piece by piece.\" \/>\n<meta name=\"robots\" content=\"index, follow, max-snippet:-1, max-image-preview:large, max-video-preview:-1\" \/>\n<link rel=\"canonical\" href=\"https:\/\/consorcioserrano.es\/en\/about-the-consorcio\/\" \/>\n<meta property=\"og:locale\" content=\"en_US\" \/>\n<meta property=\"og:type\" content=\"article\" \/>\n<meta property=\"og:title\" content=\"About The Consorcio Serrano Ham - Consorcio del Jam\u00f3n Serrano\" \/>\n<meta property=\"og:description\" content=\"The Spanish Consorcio Serrano Ham guarantees the quality of the best Serrano Ham - 100% hand-selected Spanish ham, piece by piece.\" \/>\n<meta property=\"og:url\" content=\"https:\/\/consorcioserrano.es\/en\/about-the-consorcio\/\" \/>\n<meta property=\"og:site_name\" content=\"Consorcio del Jam\u00f3n Serrano Espa\u00f1ol\" \/>\n<meta property=\"article:modified_time\" content=\"2024-08-30T10:24:45+00:00\" \/>\n<meta property=\"og:image\" content=\"http:\/\/consorcioserrano.es\/wp-content\/uploads\/2017\/10\/s-60-1.png\" \/>\n<meta name=\"twitter:card\" content=\"summary_large_image\" \/>\n<meta name=\"twitter:label1\" content=\"Est. reading time\" \/>\n\t<meta name=\"twitter:data1\" content=\"3 minutes\" \/>\n<script type=\"application\/ld+json\" class=\"yoast-schema-graph\">{\"@context\":\"https:\/\/schema.org\",\"@graph\":[{\"@type\":\"WebPage\",\"@id\":\"https:\/\/consorcioserrano.es\/en\/about-the-consorcio\/\",\"url\":\"https:\/\/consorcioserrano.es\/en\/about-the-consorcio\/\",\"name\":\"About The Consorcio Serrano Ham - Consorcio del Jam\u00f3n Serrano\",\"isPartOf\":{\"@id\":\"https:\/\/consorcioserrano.es\/#website\"},\"primaryImageOfPage\":{\"@id\":\"https:\/\/consorcioserrano.es\/en\/about-the-consorcio\/#primaryimage\"},\"image\":{\"@id\":\"https:\/\/consorcioserrano.es\/en\/about-the-consorcio\/#primaryimage\"},\"thumbnailUrl\":\"http:\/\/consorcioserrano.es\/wp-content\/uploads\/2017\/10\/s-60-1.png\",\"datePublished\":\"2017-11-13T12:42:02+00:00\",\"dateModified\":\"2024-08-30T10:24:45+00:00\",\"description\":\"The Spanish Consorcio Serrano Ham guarantees the quality of the best Serrano Ham - 100% hand-selected Spanish ham, piece by piece.\",\"breadcrumb\":{\"@id\":\"https:\/\/consorcioserrano.es\/en\/about-the-consorcio\/#breadcrumb\"},\"inLanguage\":\"en-US\",\"potentialAction\":[{\"@type\":\"ReadAction\",\"target\":[\"https:\/\/consorcioserrano.es\/en\/about-the-consorcio\/\"]}]},{\"@type\":\"ImageObject\",\"inLanguage\":\"en-US\",\"@id\":\"https:\/\/consorcioserrano.es\/en\/about-the-consorcio\/#primaryimage\",\"url\":\"http:\/\/consorcioserrano.es\/wp-content\/uploads\/2017\/10\/s-60-1.png\",\"contentUrl\":\"http:\/\/consorcioserrano.es\/wp-content\/uploads\/2017\/10\/s-60-1.png\"},{\"@type\":\"BreadcrumbList\",\"@id\":\"https:\/\/consorcioserrano.es\/en\/about-the-consorcio\/#breadcrumb\",\"itemListElement\":[{\"@type\":\"ListItem\",\"position\":1,\"name\":\"Portada\",\"item\":\"https:\/\/consorcioserrano.es\/en\/\"},{\"@type\":\"ListItem\",\"position\":2,\"name\":\"About The Consorcio\"}]},{\"@type\":\"WebSite\",\"@id\":\"https:\/\/consorcioserrano.es\/#website\",\"url\":\"https:\/\/consorcioserrano.es\/\",\"name\":\"Consorcio del Jam\u00f3n Serrano Espa\u00f1ol\",\"description\":\"Consorcio Jam\u00f3n Serrano  - Cured ham quality - the best serano ham: 100% spanish ham - selection piece by piece of each jamon espanol\",\"potentialAction\":[{\"@type\":\"SearchAction\",\"target\":{\"@type\":\"EntryPoint\",\"urlTemplate\":\"https:\/\/consorcioserrano.es\/?s={search_term_string}\"},\"query-input\":{\"@type\":\"PropertyValueSpecification\",\"valueRequired\":true,\"valueName\":\"search_term_string\"}}],\"inLanguage\":\"en-US\"}]}<\/script>\n<!-- \/ Yoast SEO plugin. -->","yoast_head_json":{"title":"About The Consorcio Serrano Ham - Consorcio del Jam\u00f3n Serrano","description":"The Spanish Consorcio Serrano Ham guarantees the quality of the best Serrano Ham - 100% hand-selected Spanish ham, piece by piece.","robots":{"index":"index","follow":"follow","max-snippet":"max-snippet:-1","max-image-preview":"max-image-preview:large","max-video-preview":"max-video-preview:-1"},"canonical":"https:\/\/consorcioserrano.es\/en\/about-the-consorcio\/","og_locale":"en_US","og_type":"article","og_title":"About The Consorcio Serrano Ham - Consorcio del Jam\u00f3n Serrano","og_description":"The Spanish Consorcio Serrano Ham guarantees the quality of the best Serrano Ham - 100% hand-selected Spanish ham, piece by piece.","og_url":"https:\/\/consorcioserrano.es\/en\/about-the-consorcio\/","og_site_name":"Consorcio del Jam\u00f3n Serrano Espa\u00f1ol","article_modified_time":"2024-08-30T10:24:45+00:00","og_image":[{"url":"http:\/\/consorcioserrano.es\/wp-content\/uploads\/2017\/10\/s-60-1.png","type":"","width":"","height":""}],"twitter_card":"summary_large_image","twitter_misc":{"Est. reading time":"3 minutes"},"schema":{"@context":"https:\/\/schema.org","@graph":[{"@type":"WebPage","@id":"https:\/\/consorcioserrano.es\/en\/about-the-consorcio\/","url":"https:\/\/consorcioserrano.es\/en\/about-the-consorcio\/","name":"About The Consorcio Serrano Ham - Consorcio del Jam\u00f3n Serrano","isPartOf":{"@id":"https:\/\/consorcioserrano.es\/#website"},"primaryImageOfPage":{"@id":"https:\/\/consorcioserrano.es\/en\/about-the-consorcio\/#primaryimage"},"image":{"@id":"https:\/\/consorcioserrano.es\/en\/about-the-consorcio\/#primaryimage"},"thumbnailUrl":"http:\/\/consorcioserrano.es\/wp-content\/uploads\/2017\/10\/s-60-1.png","datePublished":"2017-11-13T12:42:02+00:00","dateModified":"2024-08-30T10:24:45+00:00","description":"The Spanish Consorcio Serrano Ham guarantees the quality of the best Serrano Ham - 100% hand-selected Spanish ham, piece by piece.","breadcrumb":{"@id":"https:\/\/consorcioserrano.es\/en\/about-the-consorcio\/#breadcrumb"},"inLanguage":"en-US","potentialAction":[{"@type":"ReadAction","target":["https:\/\/consorcioserrano.es\/en\/about-the-consorcio\/"]}]},{"@type":"ImageObject","inLanguage":"en-US","@id":"https:\/\/consorcioserrano.es\/en\/about-the-consorcio\/#primaryimage","url":"http:\/\/consorcioserrano.es\/wp-content\/uploads\/2017\/10\/s-60-1.png","contentUrl":"http:\/\/consorcioserrano.es\/wp-content\/uploads\/2017\/10\/s-60-1.png"},{"@type":"BreadcrumbList","@id":"https:\/\/consorcioserrano.es\/en\/about-the-consorcio\/#breadcrumb","itemListElement":[{"@type":"ListItem","position":1,"name":"Portada","item":"https:\/\/consorcioserrano.es\/en\/"},{"@type":"ListItem","position":2,"name":"About The Consorcio"}]},{"@type":"WebSite","@id":"https:\/\/consorcioserrano.es\/#website","url":"https:\/\/consorcioserrano.es\/","name":"Consorcio del Jam\u00f3n Serrano Espa\u00f1ol","description":"Consorcio Jam\u00f3n Serrano  - Cured ham quality - the best serano ham: 100% spanish ham - selection piece by piece of each jamon espanol","potentialAction":[{"@type":"SearchAction","target":{"@type":"EntryPoint","urlTemplate":"https:\/\/consorcioserrano.es\/?s={search_term_string}"},"query-input":{"@type":"PropertyValueSpecification","valueRequired":true,"valueName":"search_term_string"}}],"inLanguage":"en-US"}]}},"acf":[],"_links":{"self":[{"href":"https:\/\/consorcioserrano.es\/en\/wp-json\/wp\/v2\/pages\/3813","targetHints":{"allow":["GET"]}}],"collection":[{"href":"https:\/\/consorcioserrano.es\/en\/wp-json\/wp\/v2\/pages"}],"about":[{"href":"https:\/\/consorcioserrano.es\/en\/wp-json\/wp\/v2\/types\/page"}],"author":[{"embeddable":true,"href":"https:\/\/consorcioserrano.es\/en\/wp-json\/wp\/v2\/users\/1"}],"replies":[{"embeddable":true,"href":"https:\/\/consorcioserrano.es\/en\/wp-json\/wp\/v2\/comments?post=3813"}],"version-history":[{"count":2,"href":"https:\/\/consorcioserrano.es\/en\/wp-json\/wp\/v2\/pages\/3813\/revisions"}],"predecessor-version":[{"id":24620,"href":"https:\/\/consorcioserrano.es\/en\/wp-json\/wp\/v2\/pages\/3813\/revisions\/24620"}],"wp:attachment":[{"href":"https:\/\/consorcioserrano.es\/en\/wp-json\/wp\/v2\/media?parent=3813"}],"curies":[{"name":"wp","href":"https:\/\/api.w.org\/{rel}","templated":true}]}}