{"id":3841,"date":"2017-11-13T14:37:19","date_gmt":"2017-11-13T13:37:19","guid":{"rendered":"http:\/\/consorcioserrano.es\/?page_id=3841"},"modified":"2024-01-23T12:52:07","modified_gmt":"2024-01-23T11:52:07","slug":"what-identifies-us","status":"publish","type":"page","link":"https:\/\/consorcioserrano.es\/en\/about-the-consorcio\/what-identifies-us\/","title":{"rendered":"What identifies us"},"content":{"rendered":"<div class=\"wpb-content-wrapper\"><p>[vc_row full_width=&#8221;stretch_row&#8221; css=&#8221;.vc_custom_1510761424497{background-color: #161616 !important;}&#8221; el_class=&#8221;no-padding-top six-columns consorcio-submenu&#8221; el_id=&#8221;consorcio-submenu&#8221;][vc_column width=&#8221;1\/6&#8243; offset=&#8221;vc_hidden-md vc_hidden-sm vc_hidden-xs&#8221;][\/vc_column][vc_column offset=&#8221;vc_col-lg-2 vc_col-md-3&#8243; el_class=&#8221;no-lateral-padding&#8221;]\n    <a href=\"https:\/\/consorcioserrano.es\/en\/about-the-consorcio\/history\/\"   class=\"vc_link_consorcio\" title=\" History \">\n    <div class=\"roll_wrap\" id=\"\">\n\t\t\n        <div class=\"roll_wrap_img opacity-submenu-hover\" ><img decoding=\"async\" src=\"https:\/\/consorcioserrano.es\/wp-content\/uploads\/2017\/10\/historia-consorcio-jamon-serrano-superior-menu-620x450.jpg\" class=\"img-responsive \" > <\/div>\n\t\t\n\n\t\t\n\t\t\n\t        <div class=\"roll_wrap_link_imagetextmenu  \" style=\"color:#ff0000; font-size:;\"><p class=\"six-columns-img\"><img loading=\"lazy\" decoding=\"async\" class=\"size-full wp-image-2600 alignleft\" src=\"http:\/\/consorcioserrano.es\/wp-content\/uploads\/2017\/10\/s-60.png\" alt=\"\" width=\"60\" height=\"60\" \/><\/p>\n<h3><strong>History<\/strong><\/h3>\n<\/div>\n\t\t\n    <\/div>\n    <\/a>[\/vc_column][vc_column offset=&#8221;vc_col-lg-2 vc_col-md-3&#8243; el_class=&#8221;no-lateral-padding&#8221;]\n    <a href=\"https:\/\/consorcioserrano.es\/en\/about-the-consorcio\/what-identifies-us\/\"   class=\"vc_link_consorcio\" title=\" What identifies us \">\n    <div class=\"roll_wrap\" id=\"\">\n\t\t\n        <div class=\"roll_wrap_img \" ><img decoding=\"async\" src=\"https:\/\/consorcioserrano.es\/wp-content\/uploads\/2017\/10\/identifica-consorcio-jamon-serrano-superior-menu-620x450.jpg\" class=\"img-responsive \" > <\/div>\n\t\t\n\n\t\t\n\t\t\n\t        <div class=\"roll_wrap_link_imagetextmenu  \" style=\"color:#ff0000; font-size:;\"><p class=\"six-columns-img\"><img loading=\"lazy\" decoding=\"async\" class=\"size-full wp-image-2600 alignleft\" src=\"http:\/\/consorcioserrano.es\/wp-content\/uploads\/2017\/10\/s-60.png\" alt=\"\" width=\"60\" height=\"60\" \/><\/p>\n<h3><strong>What identifies us<\/strong><\/h3>\n<\/div>\n\t\t\n    <\/div>\n    <\/a>[\/vc_column][vc_column offset=&#8221;vc_col-lg-2 vc_col-md-3&#8243; el_class=&#8221;no-lateral-padding&#8221;]\n    <a href=\"https:\/\/consorcioserrano.es\/en\/about-the-consorcio\/the-seal-of-quality\/\"   class=\"vc_link_consorcio\" title=\" The seal of quality \">\n    <div class=\"roll_wrap\" id=\"\">\n\t\t\n        <div class=\"roll_wrap_img opacity-submenu-hover\" ><img decoding=\"async\" src=\"https:\/\/consorcioserrano.es\/wp-content\/uploads\/2017\/10\/sello-calidad-consorcio-jamon-serrano-superior-menu-620x450.jpg\" class=\"img-responsive \" > <\/div>\n\t\t\n\n\t\t\n\t\t\n\t        <div class=\"roll_wrap_link_imagetextmenu  \" style=\"color:#ff0000; font-size:;\"><p class=\"six-columns-img\"><img loading=\"lazy\" decoding=\"async\" class=\"size-full wp-image-2600 alignleft\" src=\"http:\/\/consorcioserrano.es\/wp-content\/uploads\/2017\/10\/s-60.png\" alt=\"\" width=\"60\" height=\"60\" \/><\/p>\n<h3><strong>The seal of quality<\/strong><\/h3>\n<\/div>\n\t\t\n    <\/div>\n    <\/a>[\/vc_column][vc_column offset=&#8221;vc_col-lg-2 vc_col-md-3&#8243; el_class=&#8221;no-lateral-padding&#8221;]\n    <a href=\"https:\/\/consorcioserrano.es\/en\/about-the-consorcio\/international-presence\/\"   class=\"vc_link_consorcio\" title=\" International presence of the Consorcio \">\n    <div class=\"roll_wrap\" id=\"\">\n\t\t\n        <div class=\"roll_wrap_img opacity-submenu-hover\" ><img decoding=\"async\" src=\"https:\/\/consorcioserrano.es\/wp-content\/uploads\/2017\/10\/presencia-internacional-consorcio-jamon-serrano-superior-menu-620x450.jpg\" class=\"img-responsive \" > <\/div>\n\t\t\n\n\t\t\n\t\t\n\t        <div class=\"roll_wrap_link_imagetextmenu  \" style=\"color:#ff0000; font-size:;\"><p class=\"six-columns-img\"><img loading=\"lazy\" decoding=\"async\" class=\"size-full wp-image-2600 alignleft\" src=\"http:\/\/consorcioserrano.es\/wp-content\/uploads\/2017\/10\/s-60.png\" alt=\"\" width=\"60\" height=\"60\" \/><\/p>\n<h3><strong>International presence of the Consorcio<\/strong><\/h3>\n<\/div>\n\t\t\n    <\/div>\n    <\/a>[\/vc_column][vc_column width=&#8221;1\/6&#8243; offset=&#8221;vc_hidden-md vc_hidden-sm&#8221;][\/vc_column][\/vc_row][vc_row full_width=&#8221;stretch_row_content_no_spaces&#8221; css=&#8221;.vc_custom_1509643100155{background-image: url(http:\/\/consorcioserrano.es\/wp-content\/uploads\/2017\/10\/identifica-consorcio-jamon-serrano1900x331.jpg?id=1699) !important;background-position: center !important;background-repeat: no-repeat !important;background-size: cover !important;}&#8221;][vc_column]\n<div id=\"ersspace-1\"><\/div><style type=\"text\/css\">#ersspace-1 { height: 320px; }\n@media handheld, only screen and (max-width: 1199px) {\n\t#ersspace-1 { height: 300px; }\n}\n@media handheld, only screen and (max-width: 1023px) {\n\t#ersspace-1 { height: 300px; }\n}\n@media handheld, only screen and (max-width: 767px) {\n\t#ersspace-1 { height: 260px; }\n}<\/style>[\/vc_column][\/vc_row][vc_row el_class=&#8221;column-special-one&#8221;][vc_column width=&#8221;2\/3&#8243; el_class=&#8221;panel-special-content&#8221;][vc_row_inner][vc_column_inner][vc_column_text el_class=&#8221;vc_quote_consorcio&#8221;]<\/p>\n<div class=\"vc_quote_consorcio_icon\"><img loading=\"lazy\" decoding=\"async\" class=\"alignnone size-full wp-image-1101\" src=\"http:\/\/consorcioserrano.es\/wp-content\/uploads\/2017\/10\/comillas-abrir-1.png\" alt=\"\" width=\"59\" height=\"53\" srcset=\"https:\/\/consorcioserrano.es\/wp-content\/uploads\/2017\/10\/comillas-abrir-1.png 59w, https:\/\/consorcioserrano.es\/wp-content\/uploads\/2017\/10\/comillas-abrir-1-50x45.png 50w\" sizes=\"auto, (max-width:767px) 59px, 59px\" \/><\/div>\n<div class=\"vc_quote_consorcio_content\">\n<h1><strong>What <\/strong>identifies us\u00a0<img loading=\"lazy\" decoding=\"async\" class=\"alignnone size-full wp-image-1100\" src=\"http:\/\/consorcioserrano.es\/wp-content\/uploads\/2017\/10\/comillas-cerrar-1.png\" alt=\"\" width=\"59\" height=\"53\" srcset=\"https:\/\/consorcioserrano.es\/wp-content\/uploads\/2017\/10\/comillas-cerrar-1.png 59w, https:\/\/consorcioserrano.es\/wp-content\/uploads\/2017\/10\/comillas-cerrar-1-50x45.png 50w\" sizes=\"auto, (max-width:767px) 59px, 59px\" \/><\/h1>\n<\/div>\n<p>[\/vc_column_text][\/vc_column_inner][\/vc_row_inner][vc_row_inner][vc_column_inner][vc_column_text]<\/p>\n<h3><span style=\"color: #e82f37;\"><strong>The Commitment<\/strong><\/span><\/h3>\n<p>[\/vc_column_text][\/vc_column_inner][\/vc_row_inner][vc_row_inner][vc_column_inner width=&#8221;1\/2&#8243;][vc_column_text]Since its creation, the main aim of the <strong>Consorcio del Jam\u00f3n Serrano Espa\u00f1ol<\/strong> has been to offer the consumer genuine cured ham from Spain.<\/p>\n<p>Our commitment to quality and consumer satisfaction can be seen in our strict regulations regarding the product, continuous audits, inspections, thorough quality control and selection of each piece individually, allowing us <strong>to guarantee the quality and exclusivity of our genuine cured ham from Spain<\/strong>, identified by our Consorcio Serrano seal of quality.[\/vc_column_text][\/vc_column_inner][vc_column_inner width=&#8221;1\/2&#8243;][vc_column_text]Our Consorcio Serrano seal of quality guarantees a traditional, unique cured ham that is always prepared in Spain, with a taste and texture that makes it different from the rest of the cured hams that can be found on the market.[\/vc_column_text][\/vc_column_inner][\/vc_row_inner][vc_row_inner][vc_column_inner][vc_single_image image=&#8221;2814&#8243; img_size=&#8221;full&#8221;][\/vc_column_inner][\/vc_row_inner][vc_row_inner][vc_column_inner][vc_column_text]<\/p>\n<h3><span style=\"color: #e82f37;\"><strong>Differentiated Quality Strategy<\/strong><\/span><\/h3>\n<p>[\/vc_column_text][\/vc_column_inner][\/vc_row_inner][vc_row_inner][vc_column_inner width=&#8221;1\/2&#8243;][vc_column_text]The Quality Control Department of the <strong>Consorcio del Jam\u00f3n Serrano Espa\u00f1ol<\/strong>, via quality control and selection piece by piece, seeks to provide the consumer with the guarantee of a product that not only is of high quality but is also homogeneous; with a unique texture, smell and taste identifying genuine Spanish cured ham that remains constant over time in different markets.<\/p>\n<p>Regular, systematic quality control is comprised of the 3 crucial factors in the preparation of the cured ham: <strong>the production plants, production process and final product.<\/strong><\/p>\n<p>Thus, via continuous inspections and audits, each production plant is strictly assessed in order to verify that they comply with optimum hygiene standards. At the same time, control of the raw materials, the manufacturing process and the most significant part, the finished product, is carried out.[\/vc_column_text][\/vc_column_inner][vc_column_inner width=&#8221;1\/2&#8243;][vc_column_text]In sum, the Consorcio Serrano seal of quality identifying our Consorcio Serrano hams is reserved only for the cured ham from Spain that meets the following quality guidelines:<\/p>\n<ul>\n<li>Compliance with the quality standard of the Consorcio del Jam\u00f3n Serrano Espa\u00f1ol.<\/li>\n<li>The production process takes place exclusively in Spain.<\/li>\n<li>European TSG certification, which protects the &#8220;Jam\u00f3n Serrano&#8221; designation.<\/li>\n<li>Average maturation of 12 months. Minimum maturation time: 10.5 months = 45 weeks).<\/li>\n<li>Control of the facilities by periodic inspections and audits of the process and product at every production plant.<\/li>\n<li>Quality guarantee on each piece using a numbered control label.<\/li>\n<\/ul>\n<p>[\/vc_column_text][\/vc_column_inner][\/vc_row_inner][vc_column_text el_class=&#8221;vc_quote_consorcio vc_quote_consorcio_other&#8221;]<\/p>\n<div class=\"vc_quote_consorcio_icon\"><img loading=\"lazy\" decoding=\"async\" class=\"alignnone size-full wp-image-1101\" src=\"http:\/\/consorcioserrano.es\/wp-content\/uploads\/2017\/10\/comillas-abrir-1.png\" alt=\"\" width=\"59\" height=\"53\" srcset=\"https:\/\/consorcioserrano.es\/wp-content\/uploads\/2017\/10\/comillas-abrir-1.png 59w, https:\/\/consorcioserrano.es\/wp-content\/uploads\/2017\/10\/comillas-abrir-1-50x45.png 50w\" sizes=\"auto, (max-width:767px) 59px, 59px\" \/><\/div>\n<div class=\"vc_quote_consorcio_content\">\n<h2>Our Consorcio Serrano seal of quality guarantees a traditional, unique cured ham that is always prepared in Spain, with a taste and texture that makes <strong>it different from the rest of the cured hams<\/strong> that can be found on the market.<\/h2>\n<\/div>\n<p>[\/vc_column_text][vc_row_inner][vc_column_inner][vc_column_text]<\/p>\n<h3><span style=\"color: #e82f37;\"><strong>Identity<\/strong><\/span><\/h3>\n<p>[\/vc_column_text][\/vc_column_inner][\/vc_row_inner][vc_row_inner][vc_column_inner width=&#8221;1\/2&#8243;][vc_column_text]The identity of \u201cConsorcio Serrano Ham\u201d rests upon:<\/p>\n<ul>\n<li><strong>Tradition and authenticity:<\/strong> Cured ham is an essential part of Spanish gastronomy and Spanish culture itself.<\/li>\n<li><strong>Know-how:<\/strong> A result of the experience gained over the centuries from the best Serrano ham experts.<\/li>\n<li><strong>100% Spanish product:<\/strong> Product made in Spain and always guaranteed to contain 100% Spanish raw material.<\/li>\n<li><strong>Selection:<\/strong> We select the hams one by one. Only the best Serrano ham can be marketed as Consorcio Serrano ham.<\/li>\n<li><strong>Quality control:<\/strong> An annual audit of all our partner factories together with continuous inspection throughout the maturing process are the guarantee of the quality of Consorcio cured hams.<\/li>\n<\/ul>\n<p>[\/vc_column_text][\/vc_column_inner][vc_column_inner width=&#8221;1\/2&#8243;][vc_column_text]<\/p>\n<ul>\n<li><strong>Experience:<\/strong> With more than 20 years promoting the export of high-quality Consorcio Serrano Ham to more than 80 countries and putting importers, wholesalers, and food and beverage distributors into contact with brands associated with the Consorcio.<\/li>\n<li><strong>Support:<\/strong> The best ham producers in Spain belong to the Consorcio del Jam\u00f3n Serrano Espa\u00f1ol, all of whom are duly certified.<\/li>\n<li><strong>Independent:<\/strong> The Consorcio del Jam\u00f3n Serrano Espa\u00f1ol is a completely independent entity, meaning that it governs its own control processes and decision making.<\/li>\n<\/ul>\n<p>[\/vc_column_text][\/vc_column_inner][\/vc_row_inner][\/vc_column][vc_column width=&#8221;1\/3&#8243;]\n<div id=\"ersspace-2\"><\/div><style type=\"text\/css\">#ersspace-2 { height: 260px; }\n@media handheld, only screen and (max-width: 767px) {\n\t#ersspace-2 { height: 0px; }\n}<\/style>[vc_row_inner el_class=&#8221;panel-special-aside&#8221;][vc_column_inner][vc_video link=&#8221;https:\/\/youtu.be\/rJxUpwHtwyE&#8221; align=&#8221;center&#8221;][vc_column_text]<\/p>\n<h3><strong><span style=\"color: #e82f37;\">You can always recognise Consorcio Serrano Ham by:<\/span><\/strong><\/h3>\n<ul class=\"numbered-ul\">\n<li><span style=\"color: #e82f37;\"><strong>1.<\/strong><\/span> The Quality Seal.<\/li>\n<li><span style=\"color: #e82f37;\"><strong>2.<\/strong><\/span>\u00a0The logo of the Consorcio del Jam\u00f3n Serrano Espa\u00f1ol.<\/li>\n<li><span style=\"color: #e82f37;\"><strong>3.<\/strong><\/span>\u00a0The numbered control label.<\/li>\n<\/ul>\n<p>Only a limited amount of Spanish Serrano Hams are worthy of the Consorcio Serrano Quality Seal.<\/p>\n<p>&nbsp;<\/p>\n<p>[\/vc_column_text][vc_column_text]<\/p>\n<table class=\"table-consorcio-2-columns-right\">\n<thead>\n<tr class=\"border-bottom-header\">\n<td class=\"table-column-1 headed\" style=\"text-align: center;\" colspan=\"2\"><strong>Consorcio del Jam\u00f3n Serrano activity on the value chain<\/strong><\/td>\n<\/tr>\n<\/thead>\n<tbody>\n<tr class=\"border-botom\">\n<td class=\"table-column-1\"><strong>Raw material<\/strong><\/td>\n<td class=\"table-column-2\">Control<\/td>\n<\/tr>\n<tr class=\"border-botom\">\n<td class=\"table-column-1\">Production<\/td>\n<td class=\"table-column-2\">Inspections<br \/>\nAuditing<br \/>\nSelection<\/td>\n<\/tr>\n<tr class=\"border-botom\">\n<td class=\"table-column-1\">Sales<\/td>\n<td class=\"table-column-2\"><\/td>\n<\/tr>\n<tr class=\"border-botom\">\n<td class=\"table-column-1\">Log\u00edstics<\/td>\n<td class=\"table-column-2\"><\/td>\n<\/tr>\n<tr class=\"border-botom\">\n<td class=\"table-column-1\">Distribution channels<\/td>\n<td class=\"table-column-2\">Seminars<br \/>\nCurses<br \/>\nFairs<br \/>\nMedia<br \/>\nBrochures<\/td>\n<\/tr>\n<tr class=\"border-botom\">\n<td class=\"table-column-1\">Consumer<\/td>\n<td class=\"table-column-2\">Indoor Tasting<br \/>\nPromotion<br \/>\nPublications (Recipes&#8230;)<br \/>\nMedia<br \/>\n&#8230;<\/td>\n<\/tr>\n<tr class=\"\">\n<td class=\"table-column-1\">Society<\/td>\n<td class=\"table-column-2\">Relations with Agencies\u00a0Ministries and Institutions<br \/>\nICEX<br \/>\nMedia<br \/>\n&#8230;<\/td>\n<\/tr>\n<\/tbody>\n<\/table>\n<p>[\/vc_column_text][\/vc_column_inner][\/vc_row_inner][\/vc_column][\/vc_row][vc_row][vc_column]\n<div id=\"ersspace-3\"><\/div><style type=\"text\/css\">#ersspace-3 { height: 80px; }<\/style>[\/vc_column][\/vc_row]<\/p>\n<\/div>","protected":false},"excerpt":{"rendered":"<p>[vc_row full_width=&#8221;stretch_row&#8221; css=&#8221;.vc_custom_1510761424497{background-color: #161616 !important;}&#8221; el_class=&#8221;no-padding-top six-columns consorcio-submenu&#8221; el_id=&#8221;consorcio-submenu&#8221;][vc_column width=&#8221;1\/6&#8243; offset=&#8221;vc_hidden-md vc_hidden-sm vc_hidden-xs&#8221;][\/vc_column][vc_column offset=&#8221;vc_col-lg-2 vc_col-md-3&#8243; el_class=&#8221;no-lateral-padding&#8221;][\/vc_column][vc_column offset=&#8221;vc_col-lg-2 vc_col-md-3&#8243; el_class=&#8221;no-lateral-padding&#8221;][\/vc_column][vc_column offset=&#8221;vc_col-lg-2 vc_col-md-3&#8243; el_class=&#8221;no-lateral-padding&#8221;][\/vc_column][vc_column offset=&#8221;vc_col-lg-2 vc_col-md-3&#8243; el_class=&#8221;no-lateral-padding&#8221;][\/vc_column][vc_column width=&#8221;1\/6&#8243;<span class=\"excerpt-hellip\"> [\u2026]<\/span><\/p>\n","protected":false},"author":1,"featured_media":0,"parent":3813,"menu_order":0,"comment_status":"closed","ping_status":"closed","template":"","meta":{"_acf_changed":false,"footnotes":""},"class_list":["post-3841","page","type-page","status-publish","hentry","sections_group lang-en"],"yoast_head":"<!-- This site is optimized with the Yoast SEO plugin v27.2 - https:\/\/yoast.com\/product\/yoast-seo-wordpress\/ -->\n<title>What identifies the Spanish Consorcio Serrano Ham<\/title>\n<meta name=\"description\" content=\"The best Spanish Serrano ham - The Consorcio Serrano guarantees the most appreciated Spanish ham and its selection by hand, piece by piece.\" \/>\n<meta name=\"robots\" content=\"index, follow, max-snippet:-1, max-image-preview:large, max-video-preview:-1\" \/>\n<link rel=\"canonical\" href=\"https:\/\/consorcioserrano.es\/en\/about-the-consorcio\/what-identifies-us\/\" \/>\n<meta property=\"og:locale\" content=\"en_US\" \/>\n<meta property=\"og:type\" content=\"article\" \/>\n<meta property=\"og:title\" content=\"What identifies the Spanish Consorcio Serrano Ham\" \/>\n<meta property=\"og:description\" content=\"The best Spanish Serrano ham - The Consorcio Serrano guarantees the most appreciated Spanish ham and its selection by hand, piece by piece.\" \/>\n<meta property=\"og:url\" content=\"https:\/\/consorcioserrano.es\/en\/about-the-consorcio\/what-identifies-us\/\" \/>\n<meta property=\"og:site_name\" content=\"Consorcio del Jam\u00f3n Serrano Espa\u00f1ol\" \/>\n<meta property=\"article:modified_time\" content=\"2024-01-23T11:52:07+00:00\" \/>\n<meta property=\"og:image\" content=\"http:\/\/consorcioserrano.es\/wp-content\/uploads\/2017\/10\/s-60.png\" \/>\n<meta name=\"twitter:card\" content=\"summary_large_image\" \/>\n<meta name=\"twitter:label1\" content=\"Est. reading time\" \/>\n\t<meta name=\"twitter:data1\" content=\"5 minutes\" \/>\n<script type=\"application\/ld+json\" class=\"yoast-schema-graph\">{\"@context\":\"https:\/\/schema.org\",\"@graph\":[{\"@type\":\"WebPage\",\"@id\":\"https:\/\/consorcioserrano.es\/en\/about-the-consorcio\/what-identifies-us\/\",\"url\":\"https:\/\/consorcioserrano.es\/en\/about-the-consorcio\/what-identifies-us\/\",\"name\":\"What identifies the Spanish Consorcio Serrano Ham\",\"isPartOf\":{\"@id\":\"https:\/\/consorcioserrano.es\/#website\"},\"primaryImageOfPage\":{\"@id\":\"https:\/\/consorcioserrano.es\/en\/about-the-consorcio\/what-identifies-us\/#primaryimage\"},\"image\":{\"@id\":\"https:\/\/consorcioserrano.es\/en\/about-the-consorcio\/what-identifies-us\/#primaryimage\"},\"thumbnailUrl\":\"http:\/\/consorcioserrano.es\/wp-content\/uploads\/2017\/10\/s-60.png\",\"datePublished\":\"2017-11-13T13:37:19+00:00\",\"dateModified\":\"2024-01-23T11:52:07+00:00\",\"description\":\"The best Spanish Serrano ham - The Consorcio Serrano guarantees the most appreciated Spanish ham and its selection by hand, piece by piece.\",\"breadcrumb\":{\"@id\":\"https:\/\/consorcioserrano.es\/en\/about-the-consorcio\/what-identifies-us\/#breadcrumb\"},\"inLanguage\":\"en-US\",\"potentialAction\":[{\"@type\":\"ReadAction\",\"target\":[\"https:\/\/consorcioserrano.es\/en\/about-the-consorcio\/what-identifies-us\/\"]}]},{\"@type\":\"ImageObject\",\"inLanguage\":\"en-US\",\"@id\":\"https:\/\/consorcioserrano.es\/en\/about-the-consorcio\/what-identifies-us\/#primaryimage\",\"url\":\"http:\/\/consorcioserrano.es\/wp-content\/uploads\/2017\/10\/s-60.png\",\"contentUrl\":\"http:\/\/consorcioserrano.es\/wp-content\/uploads\/2017\/10\/s-60.png\"},{\"@type\":\"BreadcrumbList\",\"@id\":\"https:\/\/consorcioserrano.es\/en\/about-the-consorcio\/what-identifies-us\/#breadcrumb\",\"itemListElement\":[{\"@type\":\"ListItem\",\"position\":1,\"name\":\"Portada\",\"item\":\"https:\/\/consorcioserrano.es\/en\/\"},{\"@type\":\"ListItem\",\"position\":2,\"name\":\"About The Consorcio\",\"item\":\"https:\/\/consorcioserrano.es\/en\/about-the-consorcio\/\"},{\"@type\":\"ListItem\",\"position\":3,\"name\":\"What identifies us\"}]},{\"@type\":\"WebSite\",\"@id\":\"https:\/\/consorcioserrano.es\/#website\",\"url\":\"https:\/\/consorcioserrano.es\/\",\"name\":\"Consorcio del Jam\u00f3n Serrano Espa\u00f1ol\",\"description\":\"Consorcio Jam\u00f3n Serrano  - Cured ham quality - the best serano ham: 100% spanish ham - selection piece by piece of each jamon espanol\",\"potentialAction\":[{\"@type\":\"SearchAction\",\"target\":{\"@type\":\"EntryPoint\",\"urlTemplate\":\"https:\/\/consorcioserrano.es\/?s={search_term_string}\"},\"query-input\":{\"@type\":\"PropertyValueSpecification\",\"valueRequired\":true,\"valueName\":\"search_term_string\"}}],\"inLanguage\":\"en-US\"}]}<\/script>\n<!-- \/ Yoast SEO plugin. -->","yoast_head_json":{"title":"What identifies the Spanish Consorcio Serrano Ham","description":"The best Spanish Serrano ham - The Consorcio Serrano guarantees the most appreciated Spanish ham and its selection by hand, piece by piece.","robots":{"index":"index","follow":"follow","max-snippet":"max-snippet:-1","max-image-preview":"max-image-preview:large","max-video-preview":"max-video-preview:-1"},"canonical":"https:\/\/consorcioserrano.es\/en\/about-the-consorcio\/what-identifies-us\/","og_locale":"en_US","og_type":"article","og_title":"What identifies the Spanish Consorcio Serrano Ham","og_description":"The best Spanish Serrano ham - The Consorcio Serrano guarantees the most appreciated Spanish ham and its selection by hand, piece by piece.","og_url":"https:\/\/consorcioserrano.es\/en\/about-the-consorcio\/what-identifies-us\/","og_site_name":"Consorcio del Jam\u00f3n Serrano Espa\u00f1ol","article_modified_time":"2024-01-23T11:52:07+00:00","og_image":[{"url":"http:\/\/consorcioserrano.es\/wp-content\/uploads\/2017\/10\/s-60.png","type":"","width":"","height":""}],"twitter_card":"summary_large_image","twitter_misc":{"Est. reading time":"5 minutes"},"schema":{"@context":"https:\/\/schema.org","@graph":[{"@type":"WebPage","@id":"https:\/\/consorcioserrano.es\/en\/about-the-consorcio\/what-identifies-us\/","url":"https:\/\/consorcioserrano.es\/en\/about-the-consorcio\/what-identifies-us\/","name":"What identifies the Spanish Consorcio Serrano Ham","isPartOf":{"@id":"https:\/\/consorcioserrano.es\/#website"},"primaryImageOfPage":{"@id":"https:\/\/consorcioserrano.es\/en\/about-the-consorcio\/what-identifies-us\/#primaryimage"},"image":{"@id":"https:\/\/consorcioserrano.es\/en\/about-the-consorcio\/what-identifies-us\/#primaryimage"},"thumbnailUrl":"http:\/\/consorcioserrano.es\/wp-content\/uploads\/2017\/10\/s-60.png","datePublished":"2017-11-13T13:37:19+00:00","dateModified":"2024-01-23T11:52:07+00:00","description":"The best Spanish Serrano ham - The Consorcio Serrano guarantees the most appreciated Spanish ham and its selection by hand, piece by piece.","breadcrumb":{"@id":"https:\/\/consorcioserrano.es\/en\/about-the-consorcio\/what-identifies-us\/#breadcrumb"},"inLanguage":"en-US","potentialAction":[{"@type":"ReadAction","target":["https:\/\/consorcioserrano.es\/en\/about-the-consorcio\/what-identifies-us\/"]}]},{"@type":"ImageObject","inLanguage":"en-US","@id":"https:\/\/consorcioserrano.es\/en\/about-the-consorcio\/what-identifies-us\/#primaryimage","url":"http:\/\/consorcioserrano.es\/wp-content\/uploads\/2017\/10\/s-60.png","contentUrl":"http:\/\/consorcioserrano.es\/wp-content\/uploads\/2017\/10\/s-60.png"},{"@type":"BreadcrumbList","@id":"https:\/\/consorcioserrano.es\/en\/about-the-consorcio\/what-identifies-us\/#breadcrumb","itemListElement":[{"@type":"ListItem","position":1,"name":"Portada","item":"https:\/\/consorcioserrano.es\/en\/"},{"@type":"ListItem","position":2,"name":"About The Consorcio","item":"https:\/\/consorcioserrano.es\/en\/about-the-consorcio\/"},{"@type":"ListItem","position":3,"name":"What identifies us"}]},{"@type":"WebSite","@id":"https:\/\/consorcioserrano.es\/#website","url":"https:\/\/consorcioserrano.es\/","name":"Consorcio del Jam\u00f3n Serrano Espa\u00f1ol","description":"Consorcio Jam\u00f3n Serrano  - Cured ham quality - the best serano ham: 100% spanish ham - selection piece by piece of each jamon espanol","potentialAction":[{"@type":"SearchAction","target":{"@type":"EntryPoint","urlTemplate":"https:\/\/consorcioserrano.es\/?s={search_term_string}"},"query-input":{"@type":"PropertyValueSpecification","valueRequired":true,"valueName":"search_term_string"}}],"inLanguage":"en-US"}]}},"acf":[],"_links":{"self":[{"href":"https:\/\/consorcioserrano.es\/en\/wp-json\/wp\/v2\/pages\/3841","targetHints":{"allow":["GET"]}}],"collection":[{"href":"https:\/\/consorcioserrano.es\/en\/wp-json\/wp\/v2\/pages"}],"about":[{"href":"https:\/\/consorcioserrano.es\/en\/wp-json\/wp\/v2\/types\/page"}],"author":[{"embeddable":true,"href":"https:\/\/consorcioserrano.es\/en\/wp-json\/wp\/v2\/users\/1"}],"replies":[{"embeddable":true,"href":"https:\/\/consorcioserrano.es\/en\/wp-json\/wp\/v2\/comments?post=3841"}],"version-history":[{"count":1,"href":"https:\/\/consorcioserrano.es\/en\/wp-json\/wp\/v2\/pages\/3841\/revisions"}],"predecessor-version":[{"id":21794,"href":"https:\/\/consorcioserrano.es\/en\/wp-json\/wp\/v2\/pages\/3841\/revisions\/21794"}],"up":[{"embeddable":true,"href":"https:\/\/consorcioserrano.es\/en\/wp-json\/wp\/v2\/pages\/3813"}],"wp:attachment":[{"href":"https:\/\/consorcioserrano.es\/en\/wp-json\/wp\/v2\/media?parent=3841"}],"curies":[{"name":"wp","href":"https:\/\/api.w.org\/{rel}","templated":true}]}}