{"id":3916,"date":"2017-11-14T09:46:10","date_gmt":"2017-11-14T08:46:10","guid":{"rendered":"http:\/\/consorcioserrano.es\/?page_id=3916"},"modified":"2024-02-20T13:34:11","modified_gmt":"2024-02-20T12:34:11","slug":"home","status":"publish","type":"page","link":"https:\/\/consorcioserrano.es\/en\/","title":{"rendered":"Home"},"content":{"rendered":"<div class=\"wpb-content-wrapper\"><p>[vc_row full_width=&#8221;stretch_row_content_no_spaces&#8221;][vc_column width=&#8221;1\/3&#8243;]\n    <a href=\"https:\/\/consorcioserrano.es\/en\/consorcio-serrano-ham\/elaboration\/\"   class=\"vc_link_consorcio\" title=\"Elaboration  of Consorcio Serrano Ham \">\n    <div class=\"roll_wrap\" id=\"\">\n\t\t\n        <div class=\"roll_wrap_img \" ><img decoding=\"async\" src=\"https:\/\/consorcioserrano.es\/wp-content\/uploads\/2017\/10\/home-01-1-1.jpg\" class=\"img-responsive \" > <\/div>\n\t\t\n\n\t\t\n\t\t\n\t        <div class=\"roll_wrap_link  vc_custom_1548944242048 box-s-consorcio-serrano\" style=\"color:#ffffff; font-size:36px;\"><h1><strong><span style=\"color: #e82f37;\">Elaboration <\/span><\/strong><\/h1>\n<h2>of Consorcio Serrano Ham<\/h2>\n<\/div>\n\t\t\n    <\/div>\n    <\/a>[\/vc_column][vc_column width=&#8221;1\/3&#8243;]\n    <a href=\"https:\/\/consorcioserrano.es\/en\/consorcio-serrano-ham\/taste-aroma-conservation\/\"   class=\"vc_link_consorcio\" title=\"The taste of the Consorcio Serrano Ham \">\n    <div class=\"roll_wrap\" id=\"\">\n\t\t\n        <div class=\"roll_wrap_img \" ><img decoding=\"async\" src=\"https:\/\/consorcioserrano.es\/wp-content\/uploads\/2017\/10\/home-03-1-1.jpg\" class=\"img-responsive \" > <\/div>\n\t\t\n\n\t\t\n\t\t\n\t        <div class=\"roll_wrap_link  vc_custom_1510661769983 box-s-consorcio-serrano\" style=\"color:#ffffff; font-size:36px;\"><h1><strong><span style=\"color: #e82f37;\">The taste<\/span><\/strong><\/h1>\n<h2>of the Consorcio Serrano<\/h2>\n<h2>Ham<\/h2>\n<\/div>\n\t\t\n    <\/div>\n    <\/a>[\/vc_column][vc_column width=&#8221;1\/3&#8243;]\n    <a href=\"https:\/\/consorcioserrano.es\/en\/consorcio-serrano-ham\/elaboration\/\"   class=\"vc_link_consorcio\" title=\"Selection piece by piece \">\n    <div class=\"roll_wrap\" id=\"\">\n\t\t\n        <div class=\"roll_wrap_img \" ><img decoding=\"async\" src=\"https:\/\/consorcioserrano.es\/wp-content\/uploads\/2017\/10\/home-02-1-1.jpg\" class=\"img-responsive \" > <\/div>\n\t\t\n\n\t\t\n\t\t\n\t        <div class=\"roll_wrap_link  vc_custom_1510661802260 box-s-consorcio-serrano\" style=\"color:#ffffff; font-size:36px;\"><h1><span style=\"color: #e82f37;\"><strong>Selection<\/strong><\/span><\/h1>\n<h2>piece by piece<\/h2>\n<\/div>\n\t\t\n    <\/div>\n    <\/a>[\/vc_column][\/vc_row][vc_row full_width=&#8221;stretch_row_content_no_spaces&#8221; equal_height=&#8221;yes&#8221;][vc_column width=&#8221;1\/3&#8243;]\n<div id=\"ersspace-1\"><\/div><style type=\"text\/css\">#ersspace-1 { height: 30px; }<\/style>[vc_column_text]<\/p>\n<div class=\"vc_post 1Latest_news home-post-main\">\n<h3><img loading=\"lazy\" decoding=\"async\" class=\"alignnone size-full wp-image-1097\" src=\"http:\/\/consorcioserrano.es\/wp-content\/uploads\/2017\/10\/comillas-abrir-1.png\" alt=\"\" width=\"59\" height=\"59\" \/>\u00a0The Consorcio del Jam\u00f3n Serrano<\/h3>\n<ul class=\"ul-first\">\n<li class=\"post-985 post type-post status-publish format-standard hentry category-destacada\">\n<div class=\"desc\">\n<div class=\"desc_footer\"><span class=\"date\"><i class=\"icon-clock\"><\/i> 23 octubre, 2017<\/span><\/div>\n<div class=\"post-excerpt\">The\u00a0<strong>Consorcio del Jam\u00f3n Serrano Espa\u00f1ol<\/strong>\u00a0is a voluntary association of Spanish business that has united the most important companies in the Spanish meat sector\u00a0since 1990. It is composed of the leading brands of Serrano Ham elaboration and export, united with the objective of regularising\u00a0<strong>an exclusive, high-quality Serrano Ham<\/strong>\u00a0for marketing in international markets.<br \/>\n<strong>After more than 20 years<\/strong>, the Consorcio is the point of reference and contact for import of Spanish Serrano Ham for the main European, American, and Asian markets.<\/div>\n<p><a title=\"Read more\" href=\"https:\/\/consorcioserrano.es\/en\/about-the-consorcio\/\">Read more<\/a><\/p>\n<\/div>\n<\/li>\n<\/ul>\n<\/div>\n<p>[\/vc_column_text]\n<div id=\"ersspace-2\"><\/div><style type=\"text\/css\">#ersspace-2 { height: 30px; }<\/style>[\/vc_column][vc_column width=&#8221;1\/3&#8243;]\n    <a href=\"https:\/\/consorcioserrano.es\/en\/consorcio-serrano-ham\/guarantee-of-quality\/\"   class=\"vc_link_consorcio\" title=\"The seal of quality \">\n    <div class=\"roll_wrap\" id=\"\">\n\t\t\n        <div class=\"roll_wrap_img \" ><img decoding=\"async\" src=\"https:\/\/consorcioserrano.es\/wp-content\/uploads\/2017\/10\/home-04-1-1.jpg\" class=\"img-responsive \" > <\/div>\n\t\t\n\n\t\t\n\t\t\n\t        <div class=\"roll_wrap_link  vc_custom_1510661854831 box-s-consorcio-serrano\" style=\"color:#ffffff; font-size:36px;\"><h1><span style=\"color: #e82f37;\"><strong>The seal<\/strong><\/span><\/h1>\n<h2>of quality<\/h2>\n<\/div>\n\t\t\n    <\/div>\n    <\/a>[\/vc_column][vc_column width=&#8221;1\/3&#8243;]\n<div id=\"ersspace-3\"><\/div><style type=\"text\/css\">#ersspace-3 { height: 30px; }<\/style><div class=\"vc_post 1Latest_news  home-post-main\"><\/p>\n<h3><i class=\"fa fa-chevron-right\"><\/i> Last News<\/h3>\n<p><ul class=\"ul-first\"><li class=\"post-14567 post type-post status-publish format-standard has-post-thumbnail hentry category-about-consorcio-serrano category-news-and-press sections_group lang-en\"><h5 class=\"color-red\"><a href=\"https:\/\/consorcioserrano.es\/en\/exports-of-spanish-dry-cured-ham-jamon-serrano-and-shoulders-grow-by-14-17-up-to-third-quarter-of-2021\/\">Exports of Spanish dry-cured ham (Jam\u00f3n Serrano) and shoulders grow by 14.17% up to third quarter of 2021<\/a><\/h5><div class=\"photo\"><a href=\"https:\/\/consorcioserrano.es\/en\/exports-of-spanish-dry-cured-ham-jamon-serrano-and-shoulders-grow-by-14-17-up-to-third-quarter-of-2021\/\"><img loading=\"lazy\" decoding=\"async\" width=\"612\" height=\"406\" src=\"https:\/\/consorcioserrano.es\/wp-content\/uploads\/2021\/12\/camion_contenedores.jpg\" class=\"scale-with-grid wp-post-image\" alt=\"Exportacion Jam\u00f3n Serrano\" srcset=\"https:\/\/consorcioserrano.es\/wp-content\/uploads\/2021\/12\/camion_contenedores.jpg 612w, https:\/\/consorcioserrano.es\/wp-content\/uploads\/2021\/12\/camion_contenedores-300x199.jpg 300w, https:\/\/consorcioserrano.es\/wp-content\/uploads\/2021\/12\/camion_contenedores-220x146.jpg 220w, https:\/\/consorcioserrano.es\/wp-content\/uploads\/2021\/12\/camion_contenedores-50x33.jpg 50w, https:\/\/consorcioserrano.es\/wp-content\/uploads\/2021\/12\/camion_contenedores-113x75.jpg 113w\" sizes=\"auto, (max-width:767px) 480px, 612px\" \/><\/a><\/div><div class=\"desc\"><div class=\"desc_footer\"><span class=\"date\"><i class=\"icon-clock\"><\/i> 21 December, 2021<\/span><\/div><div class=\"post-excerpt\">&gt;&gt; During the first nine months of the year, exports reached 36,644.81 tons compared to 32,097.93 tons in the same period of 2020 &gt;&gt; The countries<span class=\"excerpt-hellip\"> [\u2026]<\/span><\/div><a href=\"https:\/\/consorcioserrano.es\/en\/exports-of-spanish-dry-cured-ham-jamon-serrano-and-shoulders-grow-by-14-17-up-to-third-quarter-of-2021\/\" title=\"Read more\">Read more<\/a><\/div><\/li><\/ul><\/div>\n\n<div id=\"ersspace-4\"><\/div><style type=\"text\/css\">#ersspace-4 { height: 30px; }<\/style>[\/vc_column][\/vc_row][vc_row full_width=&#8221;stretch_row_content_no_spaces&#8221;][vc_column][vc_separator color=&#8221;custom&#8221; accent_color=&#8221;#e82f37&#8243;]\n<div id=\"ersspace-5\"><\/div><style type=\"text\/css\">#ersspace-5 { height: 0px; }<\/style>[\/vc_column][\/vc_row][vc_row el_class=&#8221;subfooter&#8221;][vc_column width=&#8221;1\/3&#8243;][vc_column_text]<\/p>\n<h5><a href=\"https:\/\/consorcioserrano.es\/en\/consorcio-serrano-ham\/\" rel=\"noopener\">The Consorcio Serrano Ham<br \/>\n<\/a><\/h5>\n<p>[\/vc_column_text][vc_video link=&#8221;https:\/\/youtu.be\/Y3YHSW1Wg0M&#8221; align=&#8221;center&#8221;][\/vc_column][vc_column width=&#8221;1\/3&#8243;][vc_column_text]<\/p>\n<h5><a href=\"https:\/\/consorcioserrano.es\/en\/recipes-tapas-sandwiches\/\">Recipes, tapas and sandwiches with Serrano Ham<\/a><\/h5>\n<p>[\/vc_column_text][vc_column_text]<form style=\"display:none;\" autocomplete=\"off\" name=\"wpv-filter-2547\" action=\"\/en\/wp-json\/wp\/v2\/pages\/3916?wpv_view_count=2547\" method=\"get\" class=\"wpv-filter-form js-wpv-filter-form js-wpv-filter-form-2547 js-wpv-form-full\" data-viewnumber=\"2547\" data-viewid=\"2547\" data-viewhash=\"eyJuYW1lIjoiaG9tZS1yZWNldGFzLXN1YmZvb3RlciIsInZpZXdfZGlzcGxheSI6ImxheW91dCJ9\" data-viewwidgetid=\"0\" data-orderby=\"\" data-order=\"\" data-orderbyas=\"\" data-orderbysecond=\"\" data-ordersecond=\"\" data-parametric=\"{&quot;query&quot;:&quot;normal&quot;,&quot;id&quot;:2547,&quot;view_id&quot;:2547,&quot;widget_id&quot;:0,&quot;view_hash&quot;:&quot;2547&quot;,&quot;action&quot;:&quot;\\\/en\\\/wp-json\\\/wp\\\/v2\\\/pages\\\/3916?wpv_view_count=2547&quot;,&quot;sort&quot;:{&quot;orderby&quot;:&quot;&quot;,&quot;order&quot;:&quot;&quot;,&quot;orderby_as&quot;:&quot;&quot;,&quot;orderby_second&quot;:&quot;&quot;,&quot;order_second&quot;:&quot;&quot;},&quot;orderby&quot;:&quot;&quot;,&quot;order&quot;:&quot;&quot;,&quot;orderby_as&quot;:&quot;&quot;,&quot;orderby_second&quot;:&quot;&quot;,&quot;order_second&quot;:&quot;&quot;,&quot;ajax_form&quot;:&quot;&quot;,&quot;ajax_results&quot;:&quot;&quot;,&quot;effect&quot;:&quot;fade&quot;,&quot;prebefore&quot;:&quot;&quot;,&quot;before&quot;:&quot;&quot;,&quot;after&quot;:&quot;&quot;,&quot;attributes&quot;:{&quot;view_display&quot;:&quot;layout&quot;},&quot;environment&quot;:{&quot;current_post_id&quot;:14567,&quot;parent_post_id&quot;:14567,&quot;parent_term_id&quot;:0,&quot;parent_user_id&quot;:0,&quot;archive&quot;:{&quot;type&quot;:&quot;&quot;,&quot;name&quot;:&quot;&quot;,&quot;data&quot;:[]}},&quot;loop&quot;:{&quot;type&quot;:&quot;&quot;,&quot;name&quot;:&quot;&quot;,&quot;data&quot;:[],&quot;id&quot;:0}}\" data-attributes=\"{&quot;view_display&quot;:&quot;layout&quot;}\" data-environment=\"{&quot;current_post_id&quot;:14567,&quot;parent_post_id&quot;:14567,&quot;parent_term_id&quot;:0,&quot;parent_user_id&quot;:0,&quot;archive&quot;:{&quot;type&quot;:&quot;&quot;,&quot;name&quot;:&quot;&quot;,&quot;data&quot;:[]}}\"><input type=\"hidden\" class=\"js-wpv-dps-filter-data js-wpv-filter-data-for-this-form\" data-action=\"\/en\/wp-json\/wp\/v2\/pages\/3916?wpv_view_count=2547\" data-page=\"1\" data-ajax=\"disable\" data-effect=\"fade\" data-maxpages=\"19\" data-ajaxprebefore=\"\" data-ajaxbefore=\"\" data-ajaxafter=\"\" \/><input class=\"wpv_view_count wpv_view_count-2547\" type=\"hidden\" name=\"wpv_view_count\" value=\"2547\" \/>\n\n\n\n\n<div class=\"vc_row wpb_row vc_row-fluid vc_row-no-padding recetas-buscar\">\n  <div class=\"wpb_column vc_column_container\">\n    <div class=\"vc_column-inner\">\n      <div class=\"wpb_wrapper\">\n      \n        <div class=\"vc_col-xs-12 vc_col-sm-12 vc_col-md-12 vc_col-lg-12 vc_receta_search\">\n          <p><span>Buscar una tapa<\/span>\n            <input type=\"text\" name=\"wpv_post_search\"  class=\"js-wpv-filter-trigger-delayed form-control\" \/>\n      \t\t<button type=\"submit\" class=\"wpv-submit-trigger js-wpv-submit-trigger\">Search<\/button>\n            \n          <\/p>\n        <\/div>\n        \n      <\/div>\n    <\/div>\n  <\/div>\n  \n<\/div>\n\n\n\n\n\n<\/form>\n<div id=\"wpv-view-layout-2547\" class=\"js-wpv-view-layout js-wpv-layout-responsive js-wpv-view-layout-2547\" data-viewnumber=\"2547\" data-pagination=\"{&quot;id&quot;:2547,&quot;query&quot;:&quot;normal&quot;,&quot;type&quot;:&quot;paged&quot;,&quot;effect&quot;:&quot;fade&quot;,&quot;duration&quot;:500,&quot;speed&quot;:5,&quot;pause_on_hover&quot;:&quot;disabled&quot;,&quot;stop_rollover&quot;:&quot;false&quot;,&quot;cache_pages&quot;:&quot;enabled&quot;,&quot;preload_images&quot;:&quot;enabled&quot;,&quot;preload_pages&quot;:&quot;enabled&quot;,&quot;preload_reach&quot;:1,&quot;spinner&quot;:&quot;builtin&quot;,&quot;spinner_image&quot;:&quot;https:\/\/consorcioserrano.es\/wp-content\/plugins\/types-views\/embedded\/res\/img\/ajax-loader.gif&quot;,&quot;callback_next&quot;:&quot;&quot;,&quot;manage_history&quot;:&quot;enabled&quot;,&quot;has_controls_in_form&quot;:&quot;disabled&quot;,&quot;infinite_tolerance&quot;:0,&quot;max_pages&quot;:19,&quot;page&quot;:1,&quot;base_permalink&quot;:&quot;\/en\/wp-json\/wp\/v2\/pages\/3916?wpv_view_count=2547&amp;wpv_paged=WPV_PAGE_NUM&quot;,&quot;loop&quot;:{&quot;type&quot;:&quot;&quot;,&quot;name&quot;:&quot;&quot;,&quot;data&quot;:[],&quot;id&quot;:0}}\" data-permalink=\"\/en\/wp-json\/wp\/v2\/pages\/3916?wpv_view_count=2547\">\n\n\t\n\t\n\t\n\t\t\n\t\t<div class=\"vc_row \">\n\t\t\t<div class=\"vc_col-sm-12\"><div class=\"vc_recipe\">\n  <div class=\"vc_recipe-image\">\n    \n    <a href=\"https:\/\/consorcioserrano.es\/en\/recipes\/tarte-tatin-with-cherry-tomatoes-fresh-goat-cheese-and-consorcioserrano-serrano-ham\/\" title=\"Tarte Tatin with cherry tomatoes, fresh goat cheese and ConsorcioSerrano Serrano ham\" alt=\"Tarte Tatin with cherry tomatoes, fresh goat cheese and ConsorcioSerrano Serrano ham\"><img loading=\"lazy\" decoding=\"async\" width=\"1200\" height=\"831\" src=\"https:\/\/consorcioserrano.es\/wp-content\/uploads\/2024\/01\/cort_Tarta-Tatin-con-tomatitos-cherry-queso-de-cabra-fresco-y-jamon-serrano-ConsorcioSerrano-1.jpg\" class=\"attachment-full size-full img-responsive img-receta-home wp-post-image\" alt=\"Tarta Tatin con tomatitos cherry, queso de cabra fresco y jam\u00f3n serrano ConsorcioSerrano\" srcset=\"https:\/\/consorcioserrano.es\/wp-content\/uploads\/2024\/01\/cort_Tarta-Tatin-con-tomatitos-cherry-queso-de-cabra-fresco-y-jamon-serrano-ConsorcioSerrano-1.jpg 1200w, https:\/\/consorcioserrano.es\/wp-content\/uploads\/2024\/01\/cort_Tarta-Tatin-con-tomatitos-cherry-queso-de-cabra-fresco-y-jamon-serrano-ConsorcioSerrano-1-300x208.jpg 300w, https:\/\/consorcioserrano.es\/wp-content\/uploads\/2024\/01\/cort_Tarta-Tatin-con-tomatitos-cherry-queso-de-cabra-fresco-y-jamon-serrano-ConsorcioSerrano-1-1024x709.jpg 1024w, https:\/\/consorcioserrano.es\/wp-content\/uploads\/2024\/01\/cort_Tarta-Tatin-con-tomatitos-cherry-queso-de-cabra-fresco-y-jamon-serrano-ConsorcioSerrano-1-768x532.jpg 768w, https:\/\/consorcioserrano.es\/wp-content\/uploads\/2024\/01\/cort_Tarta-Tatin-con-tomatitos-cherry-queso-de-cabra-fresco-y-jamon-serrano-ConsorcioSerrano-1-211x146.jpg 211w, https:\/\/consorcioserrano.es\/wp-content\/uploads\/2024\/01\/cort_Tarta-Tatin-con-tomatitos-cherry-queso-de-cabra-fresco-y-jamon-serrano-ConsorcioSerrano-1-50x35.jpg 50w, https:\/\/consorcioserrano.es\/wp-content\/uploads\/2024\/01\/cort_Tarta-Tatin-con-tomatitos-cherry-queso-de-cabra-fresco-y-jamon-serrano-ConsorcioSerrano-1-108x75.jpg 108w\" sizes=\"auto, (max-width:767px) 480px, (max-width:1200px) 100vw, 1200px\" \/><\/a>\n  <\/div>\n  <div class=\"vc_recipe-link\">\n    <h3><a href=\"https:\/\/consorcioserrano.es\/en\/recipes\/tarte-tatin-with-cherry-tomatoes-fresh-goat-cheese-and-consorcioserrano-serrano-ham\/\">Tarte Tatin with cherry tomatoes, fresh goat cheese and ConsorcioSerrano Serrano ham<\/a><\/h3>\n  <\/div>\n  <div class=\"vc_recipe-excerpt\">\n    <p>Sprinkle fresh goat cheese over the tart and add the slices of Consorcio Serrano ham and a few basil leaves.<\/p>\n\n  <\/div>\n  <div class=\"vc_recipe-readmore\">\n    <a href=\"https:\/\/consorcioserrano.es\/en\/recipes\/tarte-tatin-with-cherry-tomatoes-fresh-goat-cheese-and-consorcioserrano-serrano-ham\/\">Read more\r\n<\/a>\n    <\/div>\n<\/div><\/div>\n\t\t<\/div>\n\t\t\n\t\n\t\n\n\t\n<\/div>\n[\/vc_column_text][\/vc_column][vc_column width=&#8221;1\/3&#8243;][vc_column_text]<\/p>\n<h5><a href=\"https:\/\/consorcioserrano.es\/en\/how-to-cut-your-consorcio-serrano-ham\/\">How to cut Serrano Ham<\/a><\/h5>\n<p>[\/vc_column_text][vc_single_image image=&#8221;2574&#8243; img_size=&#8221;full&#8221; onclick=&#8221;custom_link&#8221; link=&#8221;https:\/\/consorcioserrano.es\/en\/how-to-cut-your-consorcio-serrano-ham\/&#8221;][\/vc_column][\/vc_row]<\/p>\n<\/div>","protected":false},"excerpt":{"rendered":"<p>[vc_row full_width=&#8221;stretch_row_content_no_spaces&#8221;][vc_column width=&#8221;1\/3&#8243;][\/vc_column][vc_column width=&#8221;1\/3&#8243;][\/vc_column][vc_column width=&#8221;1\/3&#8243;][\/vc_column][\/vc_row][vc_row full_width=&#8221;stretch_row_content_no_spaces&#8221; equal_height=&#8221;yes&#8221;][vc_column width=&#8221;1\/3&#8243;][vc_column_text] \u00a0The Consorcio del Jam\u00f3n Serrano 23 octubre, 2017 The\u00a0Consorcio del Jam\u00f3n Serrano Espa\u00f1ol\u00a0is a voluntary association of Spanish<span class=\"excerpt-hellip\"> [\u2026]<\/span><\/p>\n","protected":false},"author":1,"featured_media":0,"parent":0,"menu_order":0,"comment_status":"closed","ping_status":"closed","template":"","meta":{"_acf_changed":false,"footnotes":""},"class_list":["post-3916","page","type-page","status-publish","hentry","sections_group lang-en"],"yoast_head":"<!-- This site is optimized with the Yoast SEO plugin v27.2 - https:\/\/yoast.com\/product\/yoast-seo-wordpress\/ -->\n<title>Consorcio del Jam\u00f3n Serrano Espa\u00f1ol - Selection piece by piece<\/title>\n<meta name=\"description\" content=\"Consorcio Jam\u00f3n Serrano - Cured ham quality - the best serano ham: 100% spanish ham - selection piece by piece of each jamon espanol\" \/>\n<meta name=\"robots\" content=\"index, follow, max-snippet:-1, max-image-preview:large, max-video-preview:-1\" \/>\n<link rel=\"canonical\" href=\"https:\/\/consorcioserrano.es\/en\/\" \/>\n<meta property=\"og:locale\" content=\"en_US\" \/>\n<meta property=\"og:type\" content=\"article\" \/>\n<meta property=\"og:title\" content=\"Consorcio del Jam\u00f3n Serrano Espa\u00f1ol - Selection piece by piece\" \/>\n<meta property=\"og:description\" content=\"Consorcio Jam\u00f3n Serrano - Cured ham quality - the best serano ham: 100% spanish ham - selection piece by piece of each jamon espanol\" \/>\n<meta property=\"og:url\" content=\"https:\/\/consorcioserrano.es\/en\/\" \/>\n<meta property=\"og:site_name\" content=\"Consorcio del Jam\u00f3n Serrano Espa\u00f1ol\" \/>\n<meta property=\"article:modified_time\" content=\"2024-02-20T12:34:11+00:00\" \/>\n<meta property=\"og:image\" content=\"http:\/\/consorcioserrano.es\/wp-content\/uploads\/2017\/11\/social-consorcio-serrano.jpg\" \/>\n<meta name=\"twitter:card\" content=\"summary_large_image\" \/>\n<meta name=\"twitter:label1\" content=\"Est. reading time\" \/>\n\t<meta name=\"twitter:data1\" content=\"2 minutes\" \/>\n<script type=\"application\/ld+json\" class=\"yoast-schema-graph\">{\"@context\":\"https:\/\/schema.org\",\"@graph\":[{\"@type\":\"WebPage\",\"@id\":\"https:\/\/consorcioserrano.es\/en\/\",\"url\":\"https:\/\/consorcioserrano.es\/en\/\",\"name\":\"Consorcio del Jam\u00f3n Serrano Espa\u00f1ol - Selection piece by piece\",\"isPartOf\":{\"@id\":\"https:\/\/consorcioserrano.es\/#website\"},\"primaryImageOfPage\":{\"@id\":\"https:\/\/consorcioserrano.es\/en\/#primaryimage\"},\"image\":{\"@id\":\"https:\/\/consorcioserrano.es\/en\/#primaryimage\"},\"thumbnailUrl\":\"http:\/\/consorcioserrano.es\/wp-content\/uploads\/2017\/10\/comillas-abrir-1.png\",\"datePublished\":\"2017-11-14T08:46:10+00:00\",\"dateModified\":\"2024-02-20T12:34:11+00:00\",\"description\":\"Consorcio Jam\u00f3n Serrano - Cured ham quality - the best serano ham: 100% spanish ham - selection piece by piece of each jamon espanol\",\"breadcrumb\":{\"@id\":\"https:\/\/consorcioserrano.es\/en\/#breadcrumb\"},\"inLanguage\":\"en-US\",\"potentialAction\":[{\"@type\":\"ReadAction\",\"target\":[\"https:\/\/consorcioserrano.es\/en\/\"]}]},{\"@type\":\"ImageObject\",\"inLanguage\":\"en-US\",\"@id\":\"https:\/\/consorcioserrano.es\/en\/#primaryimage\",\"url\":\"http:\/\/consorcioserrano.es\/wp-content\/uploads\/2017\/10\/comillas-abrir-1.png\",\"contentUrl\":\"http:\/\/consorcioserrano.es\/wp-content\/uploads\/2017\/10\/comillas-abrir-1.png\"},{\"@type\":\"BreadcrumbList\",\"@id\":\"https:\/\/consorcioserrano.es\/en\/#breadcrumb\",\"itemListElement\":[{\"@type\":\"ListItem\",\"position\":1,\"name\":\"Portada\",\"item\":\"https:\/\/consorcioserrano.es\/en\/\"},{\"@type\":\"ListItem\",\"position\":2,\"name\":\"Home\"}]},{\"@type\":\"WebSite\",\"@id\":\"https:\/\/consorcioserrano.es\/#website\",\"url\":\"https:\/\/consorcioserrano.es\/\",\"name\":\"Consorcio del Jam\u00f3n Serrano Espa\u00f1ol\",\"description\":\"Consorcio Jam\u00f3n Serrano  - Cured ham quality - the best serano ham: 100% spanish ham - selection piece by piece of each jamon espanol\",\"potentialAction\":[{\"@type\":\"SearchAction\",\"target\":{\"@type\":\"EntryPoint\",\"urlTemplate\":\"https:\/\/consorcioserrano.es\/?s={search_term_string}\"},\"query-input\":{\"@type\":\"PropertyValueSpecification\",\"valueRequired\":true,\"valueName\":\"search_term_string\"}}],\"inLanguage\":\"en-US\"}]}<\/script>\n<!-- \/ Yoast SEO plugin. -->","yoast_head_json":{"title":"Consorcio del Jam\u00f3n Serrano Espa\u00f1ol - Selection piece by piece","description":"Consorcio Jam\u00f3n Serrano - Cured ham quality - the best serano ham: 100% spanish ham - selection piece by piece of each jamon espanol","robots":{"index":"index","follow":"follow","max-snippet":"max-snippet:-1","max-image-preview":"max-image-preview:large","max-video-preview":"max-video-preview:-1"},"canonical":"https:\/\/consorcioserrano.es\/en\/","og_locale":"en_US","og_type":"article","og_title":"Consorcio del Jam\u00f3n Serrano Espa\u00f1ol - Selection piece by piece","og_description":"Consorcio Jam\u00f3n Serrano - Cured ham quality - the best serano ham: 100% spanish ham - selection piece by piece of each jamon espanol","og_url":"https:\/\/consorcioserrano.es\/en\/","og_site_name":"Consorcio del Jam\u00f3n Serrano Espa\u00f1ol","article_modified_time":"2024-02-20T12:34:11+00:00","og_image":[{"url":"http:\/\/consorcioserrano.es\/wp-content\/uploads\/2017\/11\/social-consorcio-serrano.jpg","type":"","width":"","height":""}],"twitter_card":"summary_large_image","twitter_misc":{"Est. reading time":"2 minutes"},"schema":{"@context":"https:\/\/schema.org","@graph":[{"@type":"WebPage","@id":"https:\/\/consorcioserrano.es\/en\/","url":"https:\/\/consorcioserrano.es\/en\/","name":"Consorcio del Jam\u00f3n Serrano Espa\u00f1ol - Selection piece by piece","isPartOf":{"@id":"https:\/\/consorcioserrano.es\/#website"},"primaryImageOfPage":{"@id":"https:\/\/consorcioserrano.es\/en\/#primaryimage"},"image":{"@id":"https:\/\/consorcioserrano.es\/en\/#primaryimage"},"thumbnailUrl":"http:\/\/consorcioserrano.es\/wp-content\/uploads\/2017\/10\/comillas-abrir-1.png","datePublished":"2017-11-14T08:46:10+00:00","dateModified":"2024-02-20T12:34:11+00:00","description":"Consorcio Jam\u00f3n Serrano - Cured ham quality - the best serano ham: 100% spanish ham - selection piece by piece of each jamon espanol","breadcrumb":{"@id":"https:\/\/consorcioserrano.es\/en\/#breadcrumb"},"inLanguage":"en-US","potentialAction":[{"@type":"ReadAction","target":["https:\/\/consorcioserrano.es\/en\/"]}]},{"@type":"ImageObject","inLanguage":"en-US","@id":"https:\/\/consorcioserrano.es\/en\/#primaryimage","url":"http:\/\/consorcioserrano.es\/wp-content\/uploads\/2017\/10\/comillas-abrir-1.png","contentUrl":"http:\/\/consorcioserrano.es\/wp-content\/uploads\/2017\/10\/comillas-abrir-1.png"},{"@type":"BreadcrumbList","@id":"https:\/\/consorcioserrano.es\/en\/#breadcrumb","itemListElement":[{"@type":"ListItem","position":1,"name":"Portada","item":"https:\/\/consorcioserrano.es\/en\/"},{"@type":"ListItem","position":2,"name":"Home"}]},{"@type":"WebSite","@id":"https:\/\/consorcioserrano.es\/#website","url":"https:\/\/consorcioserrano.es\/","name":"Consorcio del Jam\u00f3n Serrano Espa\u00f1ol","description":"Consorcio Jam\u00f3n Serrano  - Cured ham quality - the best serano ham: 100% spanish ham - selection piece by piece of each jamon espanol","potentialAction":[{"@type":"SearchAction","target":{"@type":"EntryPoint","urlTemplate":"https:\/\/consorcioserrano.es\/?s={search_term_string}"},"query-input":{"@type":"PropertyValueSpecification","valueRequired":true,"valueName":"search_term_string"}}],"inLanguage":"en-US"}]}},"acf":[],"_links":{"self":[{"href":"https:\/\/consorcioserrano.es\/en\/wp-json\/wp\/v2\/pages\/3916","targetHints":{"allow":["GET"]}}],"collection":[{"href":"https:\/\/consorcioserrano.es\/en\/wp-json\/wp\/v2\/pages"}],"about":[{"href":"https:\/\/consorcioserrano.es\/en\/wp-json\/wp\/v2\/types\/page"}],"author":[{"embeddable":true,"href":"https:\/\/consorcioserrano.es\/en\/wp-json\/wp\/v2\/users\/1"}],"replies":[{"embeddable":true,"href":"https:\/\/consorcioserrano.es\/en\/wp-json\/wp\/v2\/comments?post=3916"}],"version-history":[{"count":1,"href":"https:\/\/consorcioserrano.es\/en\/wp-json\/wp\/v2\/pages\/3916\/revisions"}],"predecessor-version":[{"id":22885,"href":"https:\/\/consorcioserrano.es\/en\/wp-json\/wp\/v2\/pages\/3916\/revisions\/22885"}],"wp:attachment":[{"href":"https:\/\/consorcioserrano.es\/en\/wp-json\/wp\/v2\/media?parent=3916"}],"curies":[{"name":"wp","href":"https:\/\/api.w.org\/{rel}","templated":true}]}}