{"id":3947,"date":"2017-11-14T10:28:41","date_gmt":"2017-11-14T09:28:41","guid":{"rendered":"http:\/\/consorcioserrano.es\/?page_id=3947"},"modified":"2024-02-13T11:55:13","modified_gmt":"2024-02-13T10:55:13","slug":"trade-fairs-events","status":"publish","type":"page","link":"https:\/\/consorcioserrano.es\/en\/trade-fairs-events\/","title":{"rendered":"Trade Fairs &#038; Events"},"content":{"rendered":"<div class=\"wpb-content-wrapper\"><p>[vc_row][vc_column width=&#8221;2\/3&#8243;][vc_column_text el_class=&#8221;vc_quote_consorcio&#8221;]<\/p>\n<div class=\"vc_quote_consorcio_icon\"><img loading=\"lazy\" decoding=\"async\" class=\"alignnone size-full wp-image-1101\" src=\"http:\/\/consorcioserrano.es\/wp-content\/uploads\/2017\/10\/comillas-abrir-1.png\" alt=\"\" width=\"59\" height=\"53\" srcset=\"https:\/\/consorcioserrano.es\/wp-content\/uploads\/2017\/10\/comillas-abrir-1.png 59w, https:\/\/consorcioserrano.es\/wp-content\/uploads\/2017\/10\/comillas-abrir-1-50x45.png 50w\" sizes=\"auto, (max-width:767px) 59px, 59px\" \/><\/div>\n<div class=\"vc_quote_consorcio_content\">\n<h1><strong>Trade Fairs<\/strong> &amp; Events<img loading=\"lazy\" decoding=\"async\" class=\"alignnone size-full wp-image-1100\" src=\"http:\/\/consorcioserrano.es\/wp-content\/uploads\/2017\/10\/comillas-cerrar-1.png\" alt=\"\" width=\"59\" height=\"53\" srcset=\"https:\/\/consorcioserrano.es\/wp-content\/uploads\/2017\/10\/comillas-cerrar-1.png 59w, https:\/\/consorcioserrano.es\/wp-content\/uploads\/2017\/10\/comillas-cerrar-1-50x45.png 50w\" sizes=\"auto, (max-width:767px) 59px, 59px\" \/><\/h1>\n<\/div>\n<p>[\/vc_column_text]\n<div id=\"ersspace-1\"><\/div><style type=\"text\/css\">#ersspace-1 { height: 40px; }<\/style>[\/vc_column][vc_column width=&#8221;1\/3&#8243;][\/vc_column][\/vc_row][vc_row el_class=&#8221;column-border-left-red&#8221;][vc_column][vc_column_text]<\/p>\n<h3><strong><span style=\"color: #e82f37;\">Upcoming events<\/span><\/strong><\/h3>\n<p>[\/vc_column_text][vc_column_text]<form autocomplete=\"off\" name=\"wpv-filter-2176\" action=\"\/en\/wp-json\/wp\/v2\/pages\/3947?wpv_view_count=2176\" method=\"get\" class=\"wpv-filter-form js-wpv-filter-form js-wpv-filter-form-2176 js-wpv-form-full\" data-viewnumber=\"2176\" data-viewid=\"2176\" data-viewhash=\"eyJuYW1lIjoicHJveGltb3MtZXZlbnRvcyJ9\" data-viewwidgetid=\"0\" data-orderby=\"\" data-order=\"\" data-orderbyas=\"\" data-orderbysecond=\"\" data-ordersecond=\"\" data-parametric=\"{&quot;query&quot;:&quot;normal&quot;,&quot;id&quot;:2176,&quot;view_id&quot;:2176,&quot;widget_id&quot;:0,&quot;view_hash&quot;:&quot;2176&quot;,&quot;action&quot;:&quot;\\\/en\\\/wp-json\\\/wp\\\/v2\\\/pages\\\/3947?wpv_view_count=2176&quot;,&quot;sort&quot;:{&quot;orderby&quot;:&quot;&quot;,&quot;order&quot;:&quot;&quot;,&quot;orderby_as&quot;:&quot;&quot;,&quot;orderby_second&quot;:&quot;&quot;,&quot;order_second&quot;:&quot;&quot;},&quot;orderby&quot;:&quot;&quot;,&quot;order&quot;:&quot;&quot;,&quot;orderby_as&quot;:&quot;&quot;,&quot;orderby_second&quot;:&quot;&quot;,&quot;order_second&quot;:&quot;&quot;,&quot;ajax_form&quot;:&quot;&quot;,&quot;ajax_results&quot;:&quot;&quot;,&quot;effect&quot;:&quot;fade&quot;,&quot;prebefore&quot;:&quot;&quot;,&quot;before&quot;:&quot;&quot;,&quot;after&quot;:&quot;&quot;,&quot;attributes&quot;:[],&quot;environment&quot;:{&quot;current_post_id&quot;:3947,&quot;parent_post_id&quot;:3947,&quot;parent_term_id&quot;:0,&quot;parent_user_id&quot;:0,&quot;archive&quot;:{&quot;type&quot;:&quot;&quot;,&quot;name&quot;:&quot;&quot;,&quot;data&quot;:[]}},&quot;loop&quot;:{&quot;type&quot;:&quot;&quot;,&quot;name&quot;:&quot;&quot;,&quot;data&quot;:[],&quot;id&quot;:0}}\" data-attributes=\"[]\" data-environment=\"{&quot;current_post_id&quot;:3947,&quot;parent_post_id&quot;:3947,&quot;parent_term_id&quot;:0,&quot;parent_user_id&quot;:0,&quot;archive&quot;:{&quot;type&quot;:&quot;&quot;,&quot;name&quot;:&quot;&quot;,&quot;data&quot;:[]}}\"><input type=\"hidden\" class=\"js-wpv-dps-filter-data js-wpv-filter-data-for-this-form\" data-action=\"\/en\/wp-json\/wp\/v2\/pages\/3947?wpv_view_count=2176\" data-page=\"1\" data-ajax=\"disable\" data-effect=\"fade\" data-maxpages=\"0\" data-ajaxprebefore=\"\" data-ajaxbefore=\"\" data-ajaxafter=\"\" \/><input class=\"wpv_view_count wpv_view_count-2176\" type=\"hidden\" name=\"wpv_view_count\" value=\"2176\" \/>\n\n<\/form>\n<div id=\"wpv-view-layout-2176\" class=\"js-wpv-view-layout js-wpv-layout-responsive js-wpv-view-layout-2176 wpv-pagination js-wpv-layout-has-pagination wpv-pagination-preload-images js-wpv-layout-preload-images wpv-pagination-preload-pages js-wpv-layout-preload-pages\" style=\"visibility:hidden;\" data-viewnumber=\"2176\" data-pagination=\"{&quot;id&quot;:2176,&quot;query&quot;:&quot;normal&quot;,&quot;type&quot;:&quot;ajaxed&quot;,&quot;effect&quot;:&quot;fade&quot;,&quot;duration&quot;:500,&quot;speed&quot;:5,&quot;pause_on_hover&quot;:&quot;disabled&quot;,&quot;stop_rollover&quot;:&quot;false&quot;,&quot;cache_pages&quot;:&quot;enabled&quot;,&quot;preload_images&quot;:&quot;enabled&quot;,&quot;preload_pages&quot;:&quot;enabled&quot;,&quot;preload_reach&quot;:1,&quot;spinner&quot;:&quot;builtin&quot;,&quot;spinner_image&quot;:&quot;https:\/\/consorcioserrano.es\/wp-content\/plugins\/types-views\/embedded\/res\/img\/ajax-loader.gif&quot;,&quot;callback_next&quot;:&quot;&quot;,&quot;manage_history&quot;:&quot;enabled&quot;,&quot;has_controls_in_form&quot;:&quot;disabled&quot;,&quot;infinite_tolerance&quot;:0,&quot;max_pages&quot;:0,&quot;page&quot;:1,&quot;base_permalink&quot;:&quot;\/en\/wp-json\/wp\/v2\/pages\/3947?wpv_view_count=2176&amp;wpv_paged=WPV_PAGE_NUM&quot;,&quot;loop&quot;:{&quot;type&quot;:&quot;&quot;,&quot;name&quot;:&quot;&quot;,&quot;data&quot;:[],&quot;id&quot;:0}}\" data-permalink=\"\/en\/wp-json\/wp\/v2\/pages\/3947?wpv_view_count=2176\">\n\n\t\n\t\n\t\t<strong>Trade Fairs or events not found.<\/strong>\n\t\n<\/div>\n[\/vc_column_text][\/vc_column][\/vc_row][vc_row][vc_column]\n<div id=\"ersspace-2\"><\/div><style type=\"text\/css\">#ersspace-2 { height: 70px; }<\/style>[\/vc_column][\/vc_row][vc_row el_class=&#8221;column-border-left-red&#8221;][vc_column][vc_column_text]<\/p>\n<h3><strong><span style=\"color: #e82f37;\">Past Events<\/span><\/strong><\/h3>\n<p>[\/vc_column_text][vc_column_text]<form autocomplete=\"off\" name=\"wpv-filter-2164\" action=\"\/en\/wp-json\/wp\/v2\/pages\/3947?wpv_view_count=2164\" method=\"get\" class=\"wpv-filter-form js-wpv-filter-form js-wpv-filter-form-2164 js-wpv-form-full\" data-viewnumber=\"2164\" data-viewid=\"2164\" data-viewhash=\"eyJuYW1lIjoiZXZlbnRvcy1wYXNhZG9zIn0=\" data-viewwidgetid=\"0\" data-orderby=\"\" data-order=\"\" data-orderbyas=\"\" data-orderbysecond=\"\" data-ordersecond=\"\" data-parametric=\"{&quot;query&quot;:&quot;normal&quot;,&quot;id&quot;:2164,&quot;view_id&quot;:2164,&quot;widget_id&quot;:0,&quot;view_hash&quot;:&quot;2164&quot;,&quot;action&quot;:&quot;\\\/en\\\/wp-json\\\/wp\\\/v2\\\/pages\\\/3947?wpv_view_count=2164&quot;,&quot;sort&quot;:{&quot;orderby&quot;:&quot;&quot;,&quot;order&quot;:&quot;&quot;,&quot;orderby_as&quot;:&quot;&quot;,&quot;orderby_second&quot;:&quot;&quot;,&quot;order_second&quot;:&quot;&quot;},&quot;orderby&quot;:&quot;&quot;,&quot;order&quot;:&quot;&quot;,&quot;orderby_as&quot;:&quot;&quot;,&quot;orderby_second&quot;:&quot;&quot;,&quot;order_second&quot;:&quot;&quot;,&quot;ajax_form&quot;:&quot;&quot;,&quot;ajax_results&quot;:&quot;&quot;,&quot;effect&quot;:&quot;fade&quot;,&quot;prebefore&quot;:&quot;&quot;,&quot;before&quot;:&quot;&quot;,&quot;after&quot;:&quot;&quot;,&quot;attributes&quot;:[],&quot;environment&quot;:{&quot;current_post_id&quot;:3947,&quot;parent_post_id&quot;:3947,&quot;parent_term_id&quot;:0,&quot;parent_user_id&quot;:0,&quot;archive&quot;:{&quot;type&quot;:&quot;&quot;,&quot;name&quot;:&quot;&quot;,&quot;data&quot;:[]}},&quot;loop&quot;:{&quot;type&quot;:&quot;&quot;,&quot;name&quot;:&quot;&quot;,&quot;data&quot;:[],&quot;id&quot;:0}}\" data-attributes=\"[]\" data-environment=\"{&quot;current_post_id&quot;:3947,&quot;parent_post_id&quot;:3947,&quot;parent_term_id&quot;:0,&quot;parent_user_id&quot;:0,&quot;archive&quot;:{&quot;type&quot;:&quot;&quot;,&quot;name&quot;:&quot;&quot;,&quot;data&quot;:[]}}\"><input type=\"hidden\" class=\"js-wpv-dps-filter-data js-wpv-filter-data-for-this-form\" data-action=\"\/en\/wp-json\/wp\/v2\/pages\/3947?wpv_view_count=2164\" data-page=\"1\" data-ajax=\"disable\" data-effect=\"fade\" data-maxpages=\"6\" data-ajaxprebefore=\"\" data-ajaxbefore=\"\" data-ajaxafter=\"\" \/><input class=\"wpv_view_count wpv_view_count-2164\" type=\"hidden\" name=\"wpv_view_count\" value=\"2164\" \/>\n\n<\/form>\n<div id=\"wpv-view-layout-2164\" class=\"js-wpv-view-layout js-wpv-layout-responsive js-wpv-view-layout-2164 wpv-pagination js-wpv-layout-has-pagination wpv-pagination-preload-images js-wpv-layout-preload-images wpv-pagination-preload-pages js-wpv-layout-preload-pages\" style=\"visibility:hidden;\" data-viewnumber=\"2164\" data-pagination=\"{&quot;id&quot;:2164,&quot;query&quot;:&quot;normal&quot;,&quot;type&quot;:&quot;ajaxed&quot;,&quot;effect&quot;:&quot;fade&quot;,&quot;duration&quot;:500,&quot;speed&quot;:5,&quot;pause_on_hover&quot;:&quot;disabled&quot;,&quot;stop_rollover&quot;:&quot;false&quot;,&quot;cache_pages&quot;:&quot;enabled&quot;,&quot;preload_images&quot;:&quot;enabled&quot;,&quot;preload_pages&quot;:&quot;enabled&quot;,&quot;preload_reach&quot;:1,&quot;spinner&quot;:&quot;builtin&quot;,&quot;spinner_image&quot;:&quot;https:\/\/consorcioserrano.es\/wp-content\/plugins\/types-views\/embedded\/res\/img\/ajax-loader.gif&quot;,&quot;callback_next&quot;:&quot;&quot;,&quot;manage_history&quot;:&quot;enabled&quot;,&quot;has_controls_in_form&quot;:&quot;disabled&quot;,&quot;infinite_tolerance&quot;:0,&quot;max_pages&quot;:6,&quot;page&quot;:1,&quot;base_permalink&quot;:&quot;\/en\/wp-json\/wp\/v2\/pages\/3947?wpv_view_count=2164&amp;wpv_paged=WPV_PAGE_NUM&quot;,&quot;loop&quot;:{&quot;type&quot;:&quot;&quot;,&quot;name&quot;:&quot;&quot;,&quot;data&quot;:[],&quot;id&quot;:0}}\" data-permalink=\"\/en\/wp-json\/wp\/v2\/pages\/3947?wpv_view_count=2164\">\n\n\t\n\t\n\t\n\t\t\n\t\t<div class=\"vc_row \">\n\t\t\t<div class=\"vc_col-sm-4\"><div class=\"vc_recipe\">\n  <div class=\"vc_recipe-image\">\n    <a href=\"https:\/\/consorcioserrano.es\/en\/events\/sial-shangai-2024\/\"><img loading=\"lazy\" decoding=\"async\" width=\"680\" height=\"383\" src=\"https:\/\/consorcioserrano.es\/wp-content\/uploads\/2024\/08\/SIAL-Shangai-2024.jpg\" class=\"attachment-full size-full img-responsive wp-post-image\" alt=\"Sial Shangai 2024\" srcset=\"https:\/\/consorcioserrano.es\/wp-content\/uploads\/2024\/08\/SIAL-Shangai-2024.jpg 680w, https:\/\/consorcioserrano.es\/wp-content\/uploads\/2024\/08\/SIAL-Shangai-2024-300x169.jpg 300w, https:\/\/consorcioserrano.es\/wp-content\/uploads\/2024\/08\/SIAL-Shangai-2024-260x146.jpg 260w, https:\/\/consorcioserrano.es\/wp-content\/uploads\/2024\/08\/SIAL-Shangai-2024-50x28.jpg 50w, https:\/\/consorcioserrano.es\/wp-content\/uploads\/2024\/08\/SIAL-Shangai-2024-133x75.jpg 133w\" sizes=\"auto, (max-width:767px) 480px, 680px\" \/><\/a>\n  <\/div>\n  <div class=\"vc_recipe-link\">\n    <h3><a href=\"https:\/\/consorcioserrano.es\/en\/events\/sial-shangai-2024\/\">SIAL-SHANGAI 2024<\/a><\/h3>\n  <\/div>\n  <div class=\"vc_recipe-link\">\n    <p>28 May, 2024 &#8211; 30 May, 2024 <\/p>\n  <\/div>\n  <div class=\"vc_recipe-link\">\n    <div class=\"sb-place-date\">\n<p>Shanghai New International Expo Center<\/p>\n<\/div>\n  <\/div>\n \n<\/div><\/div>\n\t\t\n\t\t\n\t\t\t<div class=\"vc_col-sm-4\"><div class=\"vc_recipe\">\n  <div class=\"vc_recipe-image\">\n    <a href=\"https:\/\/consorcioserrano.es\/en\/events\/ife-london-2024\/\"><img loading=\"lazy\" decoding=\"async\" width=\"839\" height=\"738\" src=\"https:\/\/consorcioserrano.es\/wp-content\/uploads\/2024\/08\/IFE-colour-dates-tall@2x.png\" class=\"attachment-full size-full img-responsive wp-post-image\" alt=\"IFE Lonodon 2024\" srcset=\"https:\/\/consorcioserrano.es\/wp-content\/uploads\/2024\/08\/IFE-colour-dates-tall@2x.png 839w, https:\/\/consorcioserrano.es\/wp-content\/uploads\/2024\/08\/IFE-colour-dates-tall@2x-300x264.png 300w, https:\/\/consorcioserrano.es\/wp-content\/uploads\/2024\/08\/IFE-colour-dates-tall@2x-768x676.png 768w, https:\/\/consorcioserrano.es\/wp-content\/uploads\/2024\/08\/IFE-colour-dates-tall@2x-166x146.png 166w, https:\/\/consorcioserrano.es\/wp-content\/uploads\/2024\/08\/IFE-colour-dates-tall@2x-50x44.png 50w, https:\/\/consorcioserrano.es\/wp-content\/uploads\/2024\/08\/IFE-colour-dates-tall@2x-85x75.png 85w\" sizes=\"auto, (max-width:767px) 480px, (max-width:839px) 100vw, 839px\" \/><\/a>\n  <\/div>\n  <div class=\"vc_recipe-link\">\n    <h3><a href=\"https:\/\/consorcioserrano.es\/en\/events\/ife-london-2024\/\">IFE &#8211; London 2024<\/a><\/h3>\n  <\/div>\n  <div class=\"vc_recipe-link\">\n    <p>25 March, 2024 &#8211; 27 March, 2024 <\/p>\n  <\/div>\n  <div class=\"vc_recipe-link\">\n    <div class=\"sb-place-date\">\n<p>ExCeL London, Royal Victoria Dock<\/p>\n<\/div>\n  <\/div>\n \n<\/div><\/div>\n\t\t\n\t\t\n\t\t\t<div class=\"vc_col-sm-4\"><div class=\"vc_recipe\">\n  <div class=\"vc_recipe-image\">\n    <a href=\"https:\/\/consorcioserrano.es\/en\/events\/sial-anuga-2023\/\"><img loading=\"lazy\" decoding=\"async\" width=\"900\" height=\"519\" src=\"https:\/\/consorcioserrano.es\/wp-content\/uploads\/2024\/08\/ANUGA-37-stand.jpg\" class=\"attachment-full size-full img-responsive wp-post-image\" alt=\"Anuga Stand 2023\" srcset=\"https:\/\/consorcioserrano.es\/wp-content\/uploads\/2024\/08\/ANUGA-37-stand.jpg 900w, https:\/\/consorcioserrano.es\/wp-content\/uploads\/2024\/08\/ANUGA-37-stand-300x173.jpg 300w, https:\/\/consorcioserrano.es\/wp-content\/uploads\/2024\/08\/ANUGA-37-stand-768x443.jpg 768w, https:\/\/consorcioserrano.es\/wp-content\/uploads\/2024\/08\/ANUGA-37-stand-253x146.jpg 253w, https:\/\/consorcioserrano.es\/wp-content\/uploads\/2024\/08\/ANUGA-37-stand-50x29.jpg 50w, https:\/\/consorcioserrano.es\/wp-content\/uploads\/2024\/08\/ANUGA-37-stand-130x75.jpg 130w\" sizes=\"auto, (max-width:767px) 480px, (max-width:900px) 100vw, 900px\" \/><\/a>\n  <\/div>\n  <div class=\"vc_recipe-link\">\n    <h3><a href=\"https:\/\/consorcioserrano.es\/en\/events\/sial-anuga-2023\/\">ANUGA-Cologne 2023<\/a><\/h3>\n  <\/div>\n  <div class=\"vc_recipe-link\">\n    <p>7 October, 2023 &#8211; 11 October, 2023 <\/p>\n  <\/div>\n  <div class=\"vc_recipe-link\">\n    <div class=\"sb-place-date\">\n<p>Koelnmesse GmbH Messeplatz 1<\/p>\n<\/div>\n  <\/div>\n \n<\/div><\/div>\n\t\t<\/div>\n\t\t\n\t\n\t\n\t\n<\/div>\n[\/vc_column_text][vc_row_inner][vc_column_inner width=&#8221;1\/3&#8243;][vc_column_text el_class=&#8221;panel-button-consorcio-red&#8221;]<a href=\"https:\/\/consorcioserrano.es\/en\/past-trade-fairs-events\/\">See all past Trade Fairs &amp; Events<\/a>[\/vc_column_text][\/vc_column_inner][vc_column_inner width=&#8221;1\/3&#8243;][\/vc_column_inner][vc_column_inner width=&#8221;1\/3&#8243;][\/vc_column_inner][\/vc_row_inner][\/vc_column][\/vc_row]<\/p>\n<\/div>","protected":false},"excerpt":{"rendered":"<p>[vc_row][vc_column width=&#8221;2\/3&#8243;][vc_column_text el_class=&#8221;vc_quote_consorcio&#8221;] Trade Fairs &amp; Events [\/vc_column_text][\/vc_column][vc_column width=&#8221;1\/3&#8243;][\/vc_column][\/vc_row][vc_row el_class=&#8221;column-border-left-red&#8221;][vc_column][vc_column_text] Upcoming events [\/vc_column_text][vc_column_text][\/vc_column_text][\/vc_column][\/vc_row][vc_row][vc_column][\/vc_column][\/vc_row][vc_row el_class=&#8221;column-border-left-red&#8221;][vc_column][vc_column_text] Past Events [\/vc_column_text][vc_column_text][\/vc_column_text][vc_row_inner][vc_column_inner width=&#8221;1\/3&#8243;][vc_column_text el_class=&#8221;panel-button-consorcio-red&#8221;]See all past Trade Fairs &amp; Events[\/vc_column_text][\/vc_column_inner][vc_column_inner width=&#8221;1\/3&#8243;][\/vc_column_inner][vc_column_inner<span class=\"excerpt-hellip\"> [\u2026]<\/span><\/p>\n","protected":false},"author":1,"featured_media":0,"parent":0,"menu_order":0,"comment_status":"closed","ping_status":"closed","template":"","meta":{"_acf_changed":false,"footnotes":""},"class_list":["post-3947","page","type-page","status-publish","hentry","sections_group lang-en"],"yoast_head":"<!-- This site is optimized with the Yoast SEO plugin v27.2 - https:\/\/yoast.com\/product\/yoast-seo-wordpress\/ -->\n<title>Trade Fairs &amp; Events - Consorcio Serrano Ham: the jamon espanol<\/title>\n<meta name=\"description\" content=\"Meet the upcoming national and international fairs and events, in which the Consorcio del Jam\u00f3n Serrano Espa\u00f1ol will be present.\" \/>\n<meta name=\"robots\" content=\"index, follow, max-snippet:-1, max-image-preview:large, max-video-preview:-1\" \/>\n<link rel=\"canonical\" href=\"https:\/\/consorcioserrano.es\/en\/trade-fairs-events\/\" \/>\n<meta property=\"og:locale\" content=\"en_US\" \/>\n<meta property=\"og:type\" content=\"article\" \/>\n<meta property=\"og:title\" content=\"Trade Fairs &amp; Events - Consorcio Serrano Ham: the jamon espanol\" \/>\n<meta property=\"og:description\" content=\"Meet the upcoming national and international fairs and events, in which the Consorcio del Jam\u00f3n Serrano Espa\u00f1ol will be present.\" \/>\n<meta property=\"og:url\" content=\"https:\/\/consorcioserrano.es\/en\/trade-fairs-events\/\" \/>\n<meta property=\"og:site_name\" content=\"Consorcio del Jam\u00f3n Serrano Espa\u00f1ol\" \/>\n<meta property=\"article:modified_time\" content=\"2024-02-13T10:55:13+00:00\" \/>\n<meta property=\"og:image\" content=\"http:\/\/consorcioserrano.es\/wp-content\/uploads\/2017\/10\/comillas-abrir-1.png\" \/>\n<meta name=\"twitter:card\" content=\"summary_large_image\" \/>\n<meta name=\"twitter:label1\" content=\"Est. reading time\" \/>\n\t<meta name=\"twitter:data1\" content=\"1 minute\" \/>\n<script type=\"application\/ld+json\" class=\"yoast-schema-graph\">{\"@context\":\"https:\/\/schema.org\",\"@graph\":[{\"@type\":\"WebPage\",\"@id\":\"https:\/\/consorcioserrano.es\/en\/trade-fairs-events\/\",\"url\":\"https:\/\/consorcioserrano.es\/en\/trade-fairs-events\/\",\"name\":\"Trade Fairs & Events - Consorcio Serrano Ham: the jamon espanol\",\"isPartOf\":{\"@id\":\"https:\/\/consorcioserrano.es\/#website\"},\"primaryImageOfPage\":{\"@id\":\"https:\/\/consorcioserrano.es\/en\/trade-fairs-events\/#primaryimage\"},\"image\":{\"@id\":\"https:\/\/consorcioserrano.es\/en\/trade-fairs-events\/#primaryimage\"},\"thumbnailUrl\":\"http:\/\/consorcioserrano.es\/wp-content\/uploads\/2017\/10\/comillas-abrir-1.png\",\"datePublished\":\"2017-11-14T09:28:41+00:00\",\"dateModified\":\"2024-02-13T10:55:13+00:00\",\"description\":\"Meet the upcoming national and international fairs and events, in which the Consorcio del Jam\u00f3n Serrano Espa\u00f1ol will be present.\",\"breadcrumb\":{\"@id\":\"https:\/\/consorcioserrano.es\/en\/trade-fairs-events\/#breadcrumb\"},\"inLanguage\":\"en-US\",\"potentialAction\":[{\"@type\":\"ReadAction\",\"target\":[\"https:\/\/consorcioserrano.es\/en\/trade-fairs-events\/\"]}]},{\"@type\":\"ImageObject\",\"inLanguage\":\"en-US\",\"@id\":\"https:\/\/consorcioserrano.es\/en\/trade-fairs-events\/#primaryimage\",\"url\":\"http:\/\/consorcioserrano.es\/wp-content\/uploads\/2017\/10\/comillas-abrir-1.png\",\"contentUrl\":\"http:\/\/consorcioserrano.es\/wp-content\/uploads\/2017\/10\/comillas-abrir-1.png\"},{\"@type\":\"BreadcrumbList\",\"@id\":\"https:\/\/consorcioserrano.es\/en\/trade-fairs-events\/#breadcrumb\",\"itemListElement\":[{\"@type\":\"ListItem\",\"position\":1,\"name\":\"Portada\",\"item\":\"https:\/\/consorcioserrano.es\/en\/\"},{\"@type\":\"ListItem\",\"position\":2,\"name\":\"Trade Fairs &#038; Events\"}]},{\"@type\":\"WebSite\",\"@id\":\"https:\/\/consorcioserrano.es\/#website\",\"url\":\"https:\/\/consorcioserrano.es\/\",\"name\":\"Consorcio del Jam\u00f3n Serrano Espa\u00f1ol\",\"description\":\"Consorcio Jam\u00f3n Serrano  - Cured ham quality - the best serano ham: 100% spanish ham - selection piece by piece of each jamon espanol\",\"potentialAction\":[{\"@type\":\"SearchAction\",\"target\":{\"@type\":\"EntryPoint\",\"urlTemplate\":\"https:\/\/consorcioserrano.es\/?s={search_term_string}\"},\"query-input\":{\"@type\":\"PropertyValueSpecification\",\"valueRequired\":true,\"valueName\":\"search_term_string\"}}],\"inLanguage\":\"en-US\"}]}<\/script>\n<!-- \/ Yoast SEO plugin. -->","yoast_head_json":{"title":"Trade Fairs & Events - Consorcio Serrano Ham: the jamon espanol","description":"Meet the upcoming national and international fairs and events, in which the Consorcio del Jam\u00f3n Serrano Espa\u00f1ol will be present.","robots":{"index":"index","follow":"follow","max-snippet":"max-snippet:-1","max-image-preview":"max-image-preview:large","max-video-preview":"max-video-preview:-1"},"canonical":"https:\/\/consorcioserrano.es\/en\/trade-fairs-events\/","og_locale":"en_US","og_type":"article","og_title":"Trade Fairs & Events - Consorcio Serrano Ham: the jamon espanol","og_description":"Meet the upcoming national and international fairs and events, in which the Consorcio del Jam\u00f3n Serrano Espa\u00f1ol will be present.","og_url":"https:\/\/consorcioserrano.es\/en\/trade-fairs-events\/","og_site_name":"Consorcio del Jam\u00f3n Serrano Espa\u00f1ol","article_modified_time":"2024-02-13T10:55:13+00:00","og_image":[{"url":"http:\/\/consorcioserrano.es\/wp-content\/uploads\/2017\/10\/comillas-abrir-1.png","type":"","width":"","height":""}],"twitter_card":"summary_large_image","twitter_misc":{"Est. reading time":"1 minute"},"schema":{"@context":"https:\/\/schema.org","@graph":[{"@type":"WebPage","@id":"https:\/\/consorcioserrano.es\/en\/trade-fairs-events\/","url":"https:\/\/consorcioserrano.es\/en\/trade-fairs-events\/","name":"Trade Fairs & Events - Consorcio Serrano Ham: the jamon espanol","isPartOf":{"@id":"https:\/\/consorcioserrano.es\/#website"},"primaryImageOfPage":{"@id":"https:\/\/consorcioserrano.es\/en\/trade-fairs-events\/#primaryimage"},"image":{"@id":"https:\/\/consorcioserrano.es\/en\/trade-fairs-events\/#primaryimage"},"thumbnailUrl":"http:\/\/consorcioserrano.es\/wp-content\/uploads\/2017\/10\/comillas-abrir-1.png","datePublished":"2017-11-14T09:28:41+00:00","dateModified":"2024-02-13T10:55:13+00:00","description":"Meet the upcoming national and international fairs and events, in which the Consorcio del Jam\u00f3n Serrano Espa\u00f1ol will be present.","breadcrumb":{"@id":"https:\/\/consorcioserrano.es\/en\/trade-fairs-events\/#breadcrumb"},"inLanguage":"en-US","potentialAction":[{"@type":"ReadAction","target":["https:\/\/consorcioserrano.es\/en\/trade-fairs-events\/"]}]},{"@type":"ImageObject","inLanguage":"en-US","@id":"https:\/\/consorcioserrano.es\/en\/trade-fairs-events\/#primaryimage","url":"http:\/\/consorcioserrano.es\/wp-content\/uploads\/2017\/10\/comillas-abrir-1.png","contentUrl":"http:\/\/consorcioserrano.es\/wp-content\/uploads\/2017\/10\/comillas-abrir-1.png"},{"@type":"BreadcrumbList","@id":"https:\/\/consorcioserrano.es\/en\/trade-fairs-events\/#breadcrumb","itemListElement":[{"@type":"ListItem","position":1,"name":"Portada","item":"https:\/\/consorcioserrano.es\/en\/"},{"@type":"ListItem","position":2,"name":"Trade Fairs &#038; Events"}]},{"@type":"WebSite","@id":"https:\/\/consorcioserrano.es\/#website","url":"https:\/\/consorcioserrano.es\/","name":"Consorcio del Jam\u00f3n Serrano Espa\u00f1ol","description":"Consorcio Jam\u00f3n Serrano  - Cured ham quality - the best serano ham: 100% spanish ham - selection piece by piece of each jamon espanol","potentialAction":[{"@type":"SearchAction","target":{"@type":"EntryPoint","urlTemplate":"https:\/\/consorcioserrano.es\/?s={search_term_string}"},"query-input":{"@type":"PropertyValueSpecification","valueRequired":true,"valueName":"search_term_string"}}],"inLanguage":"en-US"}]}},"acf":[],"_links":{"self":[{"href":"https:\/\/consorcioserrano.es\/en\/wp-json\/wp\/v2\/pages\/3947","targetHints":{"allow":["GET"]}}],"collection":[{"href":"https:\/\/consorcioserrano.es\/en\/wp-json\/wp\/v2\/pages"}],"about":[{"href":"https:\/\/consorcioserrano.es\/en\/wp-json\/wp\/v2\/types\/page"}],"author":[{"embeddable":true,"href":"https:\/\/consorcioserrano.es\/en\/wp-json\/wp\/v2\/users\/1"}],"replies":[{"embeddable":true,"href":"https:\/\/consorcioserrano.es\/en\/wp-json\/wp\/v2\/comments?post=3947"}],"version-history":[{"count":2,"href":"https:\/\/consorcioserrano.es\/en\/wp-json\/wp\/v2\/pages\/3947\/revisions"}],"predecessor-version":[{"id":22731,"href":"https:\/\/consorcioserrano.es\/en\/wp-json\/wp\/v2\/pages\/3947\/revisions\/22731"}],"wp:attachment":[{"href":"https:\/\/consorcioserrano.es\/en\/wp-json\/wp\/v2\/media?parent=3947"}],"curies":[{"name":"wp","href":"https:\/\/api.w.org\/{rel}","templated":true}]}}