{"id":4175,"date":"2017-11-15T10:33:30","date_gmt":"2017-11-15T09:33:30","guid":{"rendered":"http:\/\/consorcioserrano.es\/?page_id=4175"},"modified":"2017-11-16T17:10:59","modified_gmt":"2017-11-16T16:10:59","slug":"user-register","status":"publish","type":"page","link":"https:\/\/consorcioserrano.es\/en\/user-register\/","title":{"rendered":"User &#8211; Register"},"content":{"rendered":"<div class=\"wpb-content-wrapper\"><div id=\"register-form\" class=\"container personalize-login\">\n\t\n\n\t<div class=\"vc_row wpb_row vc_row-fluid\">\n\t\t<div class=\"wpb_column vc_column_container vc_col-sm-2\">\n\t\t<\/div>\n\n\t\t<div class=\"wpb_column vc_column_container vc_col-sm-8\">\n\n\t\t\t\t\t\n\t\t\t\n\t\t\t\n\n\n\t\t\t\n\t\t\t<script src='https:\/\/www.google.com\/recaptcha\/api.js?hl=en'><\/script>\n\n\n\t\t\t<form id=\"signupform\" action=\"https:\/\/consorcioserrano.es\/wp-login.php?action=register\" method=\"post\">\n\t\t\n\t\t\n\t\t\t\t<div class=\"vc_row wpb_row vc_row-fluid\">\n\t\t\t\t\t<div class=\"wpb_column vc_column_container vc_col-sm-6\">\n\t\t\t\t\t\t<div class=\"vc_column-inner \">\n\t\t\t\t\t\t\t<div class=\"wpb_wrapper\">\n\t\t\t\t\t\t\t\t<p class=\"form-row\">\n\t\t\t\t\t\t\t\t\t<label for=\"first_name\">First name <strong>*<\/strong><\/label>\n\t\t\t\t\t\t\t\t\t<input type=\"text\" name=\"first_name\" id=\"first-name\">\n\t\t\t\t\t\t\t\t<\/p>\n\t\t\t\t\t\t\t<\/div>\n\t\t\t\t\t\t<\/div>\n\t\t\t\t\t<\/div>\n\t\t\t\t\t<div class=\"wpb_column vc_column_container vc_col-sm-6\">\n\t\t\t\t\t\t<div class=\"vc_column-inner \">\n\t\t\t\t\t\t\t<div class=\"wpb_wrapper\">\n\t\t\t\t\t\t\t\t<p class=\"form-row\">\n\t\t\t\t\t\t\t\t\t<label for=\"last_name\">Last name <strong>*<\/strong><\/label>\n\t\t\t\t\t\t\t\t\t<input type=\"text\" name=\"last_name\" id=\"last-name\">\n\t\t\t\t\t\t\t\t<\/p>\n\t\t\t\t\t\t\t<\/div>\n\t\t\t\t\t\t<\/div>\n\t\t\t\t\t<\/div>\t\t\t\n\t\t\t\t<\/div>\n\t\t\n\t\t\n\t\t\n\t\t\t\t<div class=\"vc_row wpb_row vc_row-fluid\">\n\t\t\t\t\t<div class=\"wpb_column vc_column_container vc_col-sm-6\">\n\t\t\t\t\t\t<div class=\"vc_column-inner \">\n\t\t\t\t\t\t\t<div class=\"wpb_wrapper\">\n\t\t\t\t\t\t\t\t<p class=\"form-row\">\n\t\t\t\t\t\t\t\t\t<label for=\"email\">Email <strong>*<\/strong><\/label>\n\t\t\t\t\t\t\t\t\t<input type=\"text\" name=\"email\" id=\"email\">\n\t\t\t\t\t\t\t\t<\/p>\n\t\t\t\t\t\t\t<\/div>\n\t\t\t\t\t\t<\/div>\n\t\t\t\t\t<\/div>\n\t\t\t\t\t<div class=\"wpb_column vc_column_container vc_col-sm-6\">\n\t\t\t\t\t\t<div class=\"vc_column-inner \">\n\t\t\t\t\t\t\t<div class=\"wpb_wrapper\">\n\t\t\t\t\t\t\t\t<p class=\"form-row\">\n\t\t\t\t\t\t\t\t\t<label for=\"password\">Password <strong>*<\/strong><\/label>\n\t\t\t\t\t\t\t\t\t<input type=\"password\" name=\"password\" id=\"password\">\n\t\t\t\t\t\t\t\t<\/p>\n\t\t\t\t\t\t\t<\/div>\n\t\t\t\t\t\t<\/div>\n\t\t\t\t\t<\/div>\t\t\t\n\t\t\t\t<\/div>\n\t\t\n\t\t\n\t\t\t\t<div class=\"vc_row wpb_row vc_row-fluid\">\n\t\t\t\t\t<div class=\"wpb_column vc_column_container vc_col-sm-12\">\n\t\t\t\t\t\t<div class=\"vc_column-inner \">\n\t\t\t\t\t\t\t<div class=\"wpb_wrapper\">\n\t\t\t\t\t\t\t\t<p class=\"form-row\">\n\t\t\t\t\t\t\t\t\t<label for=\"user_company\">Company \/ establishment<\/label>\n\t\t\t\t\t\t\t\t\t<input type=\"text\" name=\"user_company\" id=\"user-company\">\n\t\t\t\t\t\t\t\t<\/p>\n\t\t\t\t\t\t\t<\/div>\n\t\t\t\t\t\t<\/div>\n\t\t\t\t\t<\/div>\t\t\t\t\t\t\n\t\t\t\t<\/div>\n\t\t\n\t\t\n\t\t\t\t<div class=\"vc_row wpb_row vc_row-fluid\">\n\t\t\t\t\t<div class=\"wpb_column vc_column_container vc_col-sm-4\">\n\t\t\t\t\t\t<div class=\"vc_column-inner \">\n\t\t\t\t\t\t\t<div class=\"wpb_wrapper\">\n\t\t\t\t\t\t\t\t<p class=\"form-row\">\n\t\t\t\t\t\t\t\t\t<label for=\"user_address\">Address<\/label>\n\t\t\t\t\t\t\t\t\t<input type=\"text\" name=\"user_address\" id=\"user-address\">\n\t\t\t\t\t\t\t\t<\/p>\n\t\t\t\t\t\t\t<\/div>\n\t\t\t\t\t\t<\/div>\n\t\t\t\t\t<\/div>\n\t\t\t\t\t<div class=\"wpb_column vc_column_container vc_col-sm-4\">\n\t\t\t\t\t\t<div class=\"vc_column-inner \">\n\t\t\t\t\t\t\t<div class=\"wpb_wrapper\">\n\t\t\t\t\t\t\t\t<p class=\"form-row\">\n\t\t\t\t\t\t\t\t\t<label for=\"user_city\">City<\/label>\n\t\t\t\t\t\t\t\t\t<input type=\"text\" name=\"user_city\" id=\"user-city\">\n\t\t\t\t\t\t\t\t<\/p>\n\t\t\t\t\t\t\t<\/div>\n\t\t\t\t\t\t<\/div>\n\t\t\t\t\t<\/div>\n\t\t\t\t\t<div class=\"wpb_column vc_column_container vc_col-sm-4\">\n\t\t\t\t\t\t<div class=\"vc_column-inner \">\n\t\t\t\t\t\t\t<div class=\"wpb_wrapper\">\n\t\t\t\t\t\t\t\t<p class=\"form-row\">\n\t\t\t\t\t\t\t\t\t<label for=\"user_country\">Country <strong>*<\/strong><\/label>\n\t\t\t\t\t\t\t\t\t<input type=\"text\" name=\"user_country\" id=\"user-country\">\n\t\t\t\t\t\t\t\t<\/p>\n\t\t\t\t\t\t\t<\/div>\n\t\t\t\t\t\t<\/div>\n\t\t\t\t\t<\/div>\t\t\t\t\t\t\t\t\t\t\t\t\n\t\t\t\t<\/div>\t\t\n\t\t\n\t\t\n\t\t\n\t\t\t\t<div class=\"vc_row wpb_row vc_row-fluid\">\n\t\t\t\t\t<div class=\"wpb_column vc_column_container vc_col-sm-4\">\n\t\t\t\t\t\t<div class=\"vc_column-inner \">\n\t\t\t\t\t\t\t<div class=\"wpb_wrapper\">\n\t\t\t\t\t\t\t\t<p class=\"form-row\">\n\t\t\t\t\t\t\t\t\t<label for=\"user_type\">Type of user <strong>*<\/strong><\/label>\n\t\t\t\t\t\n\t\t\t\t\t\t\t\t\t<select name=\"user_type\" id=\"user-type\">\n\t\t\t\t\t\t\t\t\t  <option value=\"role_importador\">Importador<\/option>\n\t\t\t\t\t\t\t\t\t  <option value=\"role_distribuidor\">Distribuidor<\/option>\n\t\t\t\t\t\t\t\t\t  <option value=\"role_minorista\">Minorista<\/option>\n\t\t\t\t\t\t\t\t\t  <option value=\"role_comunicacion\">Profesional Comunicaci\u00f3n<\/option>\n\t\t\t\t\t\t\t\t\t  <option value=\"role_socio\">Socio CJSE<\/option>\n\t\t\t\t\t\t\t\t\t<\/select>\n\t\t\t\t\t\t\t\t\t<input type=\"hidden\" name=\"lang\" value=\"en\">\n\t\t\t\t\t\t\t\t<\/p>\n\t\t\t\t\t\t\t<\/div>\n\t\t\t\t\t\t<\/div>\n\t\t\t\t\t<\/div>\n\t\t\t\t\t<div class=\"wpb_column vc_column_container vc_col-sm-4\">\n\t\t\t\t\t\t<div class=\"vc_column-inner \">\n\t\t\t\t\t\t\t<div class=\"wpb_wrapper\">\n\t\t\t\t\t\t\t\t<p class=\"form-row\">\n\t\t\t\t\t\t\t\t\t<label for=\"user_phone\">Phone<\/label>\n\t\t\t\t\t\t\t\t\t<input type=\"text\" name=\"user_phone\" id=\"user-phone\">\n\t\t\t\t\t\t\t\t<\/p>\n\t\t\t\t\t\t\t<\/div>\n\t\t\t\t\t\t<\/div>\n\t\t\t\t\t<\/div>\t\n\t\t\t\t\t<div class=\"wpb_column vc_column_container vc_col-sm-4\">\n\t\t\t\t\t\t<div class=\"vc_column-inner \">\n\t\t\t\t\t\t\t<div class=\"wpb_wrapper\">\n\t\t\t\t\t\t\t\t<p class=\"form-row\">\n\t\t\t\t\t\t\t\t\t<label for=\"user_lang\">Language <strong>*<\/strong><\/label>\n\n\t\t\t\t\t\t\t\t\t<select name=\"user_lang\" id=\"user_lang\">\n\t\t\t\t\t\t\t\t\t  <option value=\"es\">Spanish<\/option>\n\t\t\t\t\t\t\t\t\t  <option value=\"en\">English<\/option>\n\t\t\t\t\t\t\t\t\t  <option value=\"de\">German<\/option>\n\t\t\t\t\t\t\t\t\t  <option value=\"fr\">French<\/option>\n\t\t\t\t\t\t\t\t\t  <option value=\"nl\">Dutch<\/option>\n\t\t\t\t\t\t\t\t\t  <option value=\"it\">Italian<\/option>\n\t\t\t\t\t\t\t\t\t  <option value=\"zh-hans\">Chinese<\/option>\n\t\t\t\t\t\t\t\t\t<\/select>\n\n\n\t\t\t\t\t\t\t\t<\/p>\n\t\t\t\t\t\t\t<\/div>\n\t\t\t\t\t\t<\/div>\n\t\t\t\t\t<\/div>\t\t\t\t\t\t\t\t\n\t\t\t\t<\/div>\n\t\t\n\t\t\n\t\t\t\t<div class=\"vc_row wpb_row vc_row-fluid\">\n\t\t\t\t\t<div class=\"wpb_column vc_column_container vc_col-sm-12\">\n\t\t\t\t\t\t<div class=\"vc_column-inner \">\n\t\t\t\t\t\t\t<div class=\"wpb_wrapper\">\n\t\t\t\t\t\t\t\t<p class=\"form-row\">\n\t\t\t\t\t\t\t\t\t<input id=\"user_newsletter\" name=\"user_newsletter\" value=\"1\" type=\"checkbox\"> \n\t\t\t\t\t\t\t\t\t<!--Suscr\u00edbase a nuestro bolet\u00edn de noticias!-->\n\t\t\t\t\t\t\t\t\tSubscribe to our newsletter!\t\t\t\t\t\t\t\t\t<br \/>\n\t\t\t\t\t\t\t\t\n\t\t\t\t\t\t\t\t\t<input name=\"user_privacy\" id=\"user_privacy\" value=\"1\" type=\"checkbox\"> \n\t\t\t\t\t\t\t\t\t<!-- Acepto los t\u00e9rminos y condiciones incluidos en su <a href=\"#\">Pol\u00edtica de Privacidad<\/a><sup> *<\/sup>-->\n\t\t\t\t\t\t\t\t\tI accept the terms and conditions included in your\t\t\t\t\t\t\t\t\t<a target=\"_blank\" href=\"https:\/\/consorcioserrano.es\/en\/privacy-policy\/\" >Privacy Policy<\/a><sup> *<\/sup>\n\t\t\t\t\t\t\t\t<\/p>\n\t\t\t\t\t\t\t<\/div>\n\t\t\t\t\t\t<\/div>\n\t\t\t\t\t<\/div>\t\t\t\t\t\t\n\t\t\t\t<\/div>\n\t\t\n\t\t\t\t<div class=\"vc_row wpb_row vc_row-fluid\">\n\t\t\t\t\t<div class=\"wpb_column vc_column_container vc_col-sm-12\">\n\t\t\t\t\t\t<div class=\"vc_column-inner \">\n\t\t\t\t\t\t\t<div class=\"wpb_wrapper\">\n\t\t\t\t\t\t\t\t<p class=\"form-row\">\n\t\t\t\t\t\t\t\t\t<strong>*<\/strong> Required field\t\t\t\t\t\t\t\t<\/p>\n\t\t\t\t\t\t\t<\/div>\n\t\t\t\t\t\t<\/div>\n\t\t\t\t\t<\/div>\t\t\t\t\t\t\n\t\t\t\t<\/div>\t\t\n\n\t\t\n\t\t\n\t\t\n\t\t\n\t\t\t\t<!--\n\t\t\t\t<p class=\"form-row\">\n\t\t\t\t\tNote: Your password will be generated automatically and emailed to the address you specify above.\t\t\t\t<\/p>\n\t\t-->\n\t\t\t\t\t\t\t\t\t<div class=\"recaptcha-container\">\n\t\t\t\t\t\t<div class=\"g-recaptcha\" data-sitekey=\"6Ldv9jUUAAAAADgv7yIdz4BDr8PcZ_D6ETpZqOAp\"><\/div>\n\t\t\t\t\t<\/div>\n\t\t\t\t\t\t\t\t\n\n\n\t\t\t\t<div class=\"vc_row wpb_row vc_row-fluid\">\n\t\t\t\t\t<div class=\"wpb_column vc_column_container vc_col-sm-12\">\n\t\t\t\t\t\t<div class=\"vc_column-inner \">\n\t\t\t\t\t\t\t<div class=\"wpb_wrapper\">\n\t\t\t\t\t\t\t\t<p class=\"signup-submit\">\n\t\t\t\t\t\t\t\t\t<input type=\"submit\" name=\"submit\" class=\"register-button button\"\n\t\t\t\t\t\t\t\t\t       value=\"Register\"\/><br \/>\n\t\t\t\t\t\t\t\t<\/p>\n\t\t\t\t\t\t\t<\/div>\n\t\t\t\t\t\t<\/div>\n\t\t\t\t\t<\/div>\t\t\t\t\t\t\n\t\t\t\t<\/div>\n\t\t\n\n\n\t\t\t\t\n\t\t\t<\/form>\n\t\t\t<div class=\"wpb_column vc_column_container vc_col-sm-9\">\n\n\t\t\t\t\t\t\t\n\t\t\t\t\t\t\t\t\t\t<table class=\"tabla-privacidad\">\n\t\t\t\t<thead>\n\t\t\t\t<tr>\n\t\t\t\t<td colspan=\"2\">Data Protection Information<\/td>\n\t\t\t\t<\/tr>\n\t\t\t\t<\/thead>\n\t\t\t\t<tbody>\n\t\t\t\t<tr>\n\t\t\t\t<td>Responsible<\/td>\n\t\t\t\t<td>Consorcio del Jam\u00f3n Serrano Espa\u00f1ol<\/td>\n\t\t\t\t<\/tr>\n\t\t\t\t<tr>\n\t\t\t\t<td>Liability<\/td>\n\t\t\t\t<td>Being able to respond to the information requested, as well as providing information on products or services of interest.\n\t\t\t\t<\/td>\n\t\t\t\t<\/tr>\n\t\t\t\t<tr>\n\t\t\t\t<td>Legitimation<\/td>\n\t\t\t\t<td>Consent of the interested<\/td>\n\t\t\t\t<\/tr>\n\t\t\t\t<tr>\n\t\t\t\t<td>Destinataire<\/td>\n\t\t\t\t<td>The data that you enter in consorcioserrano.es website may be assigned to companies associated to the Consorcio JSE.<\/td>\n\t\t\t\t<\/tr>\n\t\t\t\t<tr>\n\t\t\t\t<td>Your rights<\/td>\n\t\t\t\t<td>You have the right to access, rectify and delete the data, as well as other rights, as explained in the additional information.<\/td>\n\t\t\t\t<\/tr>\n\t\t\t\t<tr>\n\t\t\t\t<td>Aditional Information<\/td>\n\t\t\t\t<td>You can consult the additional and detailed information on Data Protection on our website: <a href=\"https:\/\/consorcioserrano.es\/en\/privacy-policy\/\" target=\"_blank\" rel=\"noopener\">https:\/\/consorcioserrano.es\/en\/privacy-policy\/<\/a><\/td>\n\t\t\t\t<\/tr>\n\t\t\t\t<\/tbody>\n\t\t\t\t<\/table>           \n            \t\t\t<\/div>\n\t\t<\/div>\n\t\t<div class=\"wpb_column vc_column_container vc_col-sm-2\">\n\n\t\t<\/div>\t\n<\/div>\n<\/div>","protected":false},"excerpt":{"rendered":"First name * Last name * Email * Password * Company \/ establishment Address City Country * Type of user * Importador Distribuidor Minorista Profesional Comunicaci\u00f3n<span class=\"excerpt-hellip\"> [\u2026]<\/span>","protected":false},"author":1,"featured_media":0,"parent":0,"menu_order":0,"comment_status":"closed","ping_status":"closed","template":"","meta":{"_acf_changed":false,"footnotes":""},"class_list":["post-4175","page","type-page","status-publish","hentry","sections_group lang-en"],"yoast_head":"<!-- This site is optimized with the Yoast SEO plugin v27.2 - https:\/\/yoast.com\/product\/yoast-seo-wordpress\/ -->\n<title>User - Register - Consorcio Serrano Ham: the jamon espanol<\/title>\n<meta name=\"description\" content=\"Consorcio Jam\u00f3n Serrano - Cured ham quality - the best serano ham: 100% spanish ham - selection piece by piece of each jamon espanol\" \/>\n<meta name=\"robots\" content=\"index, follow, max-snippet:-1, max-image-preview:large, max-video-preview:-1\" \/>\n<link rel=\"canonical\" href=\"https:\/\/consorcioserrano.es\/en\/user-register\/\" \/>\n<meta property=\"og:locale\" content=\"en_US\" \/>\n<meta property=\"og:type\" content=\"article\" \/>\n<meta property=\"og:title\" content=\"User - Register - Consorcio Serrano Ham: the jamon espanol\" \/>\n<meta property=\"og:description\" content=\"Consorcio Jam\u00f3n Serrano - Cured ham quality - the best serano ham: 100% spanish ham - selection piece by piece of each jamon espanol\" \/>\n<meta property=\"og:url\" content=\"https:\/\/consorcioserrano.es\/en\/user-register\/\" \/>\n<meta property=\"og:site_name\" content=\"Consorcio del Jam\u00f3n Serrano Espa\u00f1ol\" \/>\n<meta property=\"article:modified_time\" content=\"2017-11-16T16:10:59+00:00\" \/>\n<meta property=\"og:image\" content=\"http:\/\/consorcioserrano.es\/wp-content\/uploads\/2017\/11\/social-consorcio-serrano.jpg\" \/>\n<meta name=\"twitter:card\" content=\"summary_large_image\" \/>\n<script type=\"application\/ld+json\" class=\"yoast-schema-graph\">{\"@context\":\"https:\/\/schema.org\",\"@graph\":[{\"@type\":\"WebPage\",\"@id\":\"https:\/\/consorcioserrano.es\/en\/user-register\/\",\"url\":\"https:\/\/consorcioserrano.es\/en\/user-register\/\",\"name\":\"User - Register - Consorcio Serrano Ham: the jamon espanol\",\"isPartOf\":{\"@id\":\"https:\/\/consorcioserrano.es\/#website\"},\"datePublished\":\"2017-11-15T09:33:30+00:00\",\"dateModified\":\"2017-11-16T16:10:59+00:00\",\"description\":\"Consorcio Jam\u00f3n Serrano - Cured ham quality - the best serano ham: 100% spanish ham - selection piece by piece of each jamon espanol\",\"breadcrumb\":{\"@id\":\"https:\/\/consorcioserrano.es\/en\/user-register\/#breadcrumb\"},\"inLanguage\":\"en-US\",\"potentialAction\":[{\"@type\":\"ReadAction\",\"target\":[\"https:\/\/consorcioserrano.es\/en\/user-register\/\"]}]},{\"@type\":\"BreadcrumbList\",\"@id\":\"https:\/\/consorcioserrano.es\/en\/user-register\/#breadcrumb\",\"itemListElement\":[{\"@type\":\"ListItem\",\"position\":1,\"name\":\"Portada\",\"item\":\"https:\/\/consorcioserrano.es\/en\/\"},{\"@type\":\"ListItem\",\"position\":2,\"name\":\"User &#8211; Register\"}]},{\"@type\":\"WebSite\",\"@id\":\"https:\/\/consorcioserrano.es\/#website\",\"url\":\"https:\/\/consorcioserrano.es\/\",\"name\":\"Consorcio del Jam\u00f3n Serrano Espa\u00f1ol\",\"description\":\"Consorcio Jam\u00f3n Serrano  - Cured ham quality - the best serano ham: 100% spanish ham - selection piece by piece of each jamon espanol\",\"potentialAction\":[{\"@type\":\"SearchAction\",\"target\":{\"@type\":\"EntryPoint\",\"urlTemplate\":\"https:\/\/consorcioserrano.es\/?s={search_term_string}\"},\"query-input\":{\"@type\":\"PropertyValueSpecification\",\"valueRequired\":true,\"valueName\":\"search_term_string\"}}],\"inLanguage\":\"en-US\"}]}<\/script>\n<!-- \/ Yoast SEO plugin. -->","yoast_head_json":{"title":"User - Register - Consorcio Serrano Ham: the jamon espanol","description":"Consorcio Jam\u00f3n Serrano - Cured ham quality - the best serano ham: 100% spanish ham - selection piece by piece of each jamon espanol","robots":{"index":"index","follow":"follow","max-snippet":"max-snippet:-1","max-image-preview":"max-image-preview:large","max-video-preview":"max-video-preview:-1"},"canonical":"https:\/\/consorcioserrano.es\/en\/user-register\/","og_locale":"en_US","og_type":"article","og_title":"User - Register - Consorcio Serrano Ham: the jamon espanol","og_description":"Consorcio Jam\u00f3n Serrano - Cured ham quality - the best serano ham: 100% spanish ham - selection piece by piece of each jamon espanol","og_url":"https:\/\/consorcioserrano.es\/en\/user-register\/","og_site_name":"Consorcio del Jam\u00f3n Serrano Espa\u00f1ol","article_modified_time":"2017-11-16T16:10:59+00:00","og_image":[{"url":"http:\/\/consorcioserrano.es\/wp-content\/uploads\/2017\/11\/social-consorcio-serrano.jpg","type":"","width":"","height":""}],"twitter_card":"summary_large_image","schema":{"@context":"https:\/\/schema.org","@graph":[{"@type":"WebPage","@id":"https:\/\/consorcioserrano.es\/en\/user-register\/","url":"https:\/\/consorcioserrano.es\/en\/user-register\/","name":"User - Register - Consorcio Serrano Ham: the jamon espanol","isPartOf":{"@id":"https:\/\/consorcioserrano.es\/#website"},"datePublished":"2017-11-15T09:33:30+00:00","dateModified":"2017-11-16T16:10:59+00:00","description":"Consorcio Jam\u00f3n Serrano - Cured ham quality - the best serano ham: 100% spanish ham - selection piece by piece of each jamon espanol","breadcrumb":{"@id":"https:\/\/consorcioserrano.es\/en\/user-register\/#breadcrumb"},"inLanguage":"en-US","potentialAction":[{"@type":"ReadAction","target":["https:\/\/consorcioserrano.es\/en\/user-register\/"]}]},{"@type":"BreadcrumbList","@id":"https:\/\/consorcioserrano.es\/en\/user-register\/#breadcrumb","itemListElement":[{"@type":"ListItem","position":1,"name":"Portada","item":"https:\/\/consorcioserrano.es\/en\/"},{"@type":"ListItem","position":2,"name":"User &#8211; Register"}]},{"@type":"WebSite","@id":"https:\/\/consorcioserrano.es\/#website","url":"https:\/\/consorcioserrano.es\/","name":"Consorcio del Jam\u00f3n Serrano Espa\u00f1ol","description":"Consorcio Jam\u00f3n Serrano  - Cured ham quality - the best serano ham: 100% spanish ham - selection piece by piece of each jamon espanol","potentialAction":[{"@type":"SearchAction","target":{"@type":"EntryPoint","urlTemplate":"https:\/\/consorcioserrano.es\/?s={search_term_string}"},"query-input":{"@type":"PropertyValueSpecification","valueRequired":true,"valueName":"search_term_string"}}],"inLanguage":"en-US"}]}},"acf":[],"_links":{"self":[{"href":"https:\/\/consorcioserrano.es\/en\/wp-json\/wp\/v2\/pages\/4175","targetHints":{"allow":["GET"]}}],"collection":[{"href":"https:\/\/consorcioserrano.es\/en\/wp-json\/wp\/v2\/pages"}],"about":[{"href":"https:\/\/consorcioserrano.es\/en\/wp-json\/wp\/v2\/types\/page"}],"author":[{"embeddable":true,"href":"https:\/\/consorcioserrano.es\/en\/wp-json\/wp\/v2\/users\/1"}],"replies":[{"embeddable":true,"href":"https:\/\/consorcioserrano.es\/en\/wp-json\/wp\/v2\/comments?post=4175"}],"version-history":[{"count":0,"href":"https:\/\/consorcioserrano.es\/en\/wp-json\/wp\/v2\/pages\/4175\/revisions"}],"wp:attachment":[{"href":"https:\/\/consorcioserrano.es\/en\/wp-json\/wp\/v2\/media?parent=4175"}],"curies":[{"name":"wp","href":"https:\/\/api.w.org\/{rel}","templated":true}]}}