{"id":4241,"date":"2017-11-15T12:47:25","date_gmt":"2017-11-15T11:47:25","guid":{"rendered":"http:\/\/consorcioserrano.es\/?page_id=4241"},"modified":"2020-12-30T15:36:02","modified_gmt":"2020-12-30T14:36:02","slug":"consorcio-serrano-professionals","status":"publish","type":"page","link":"https:\/\/consorcioserrano.es\/en\/consorcio-serrano-professionals\/","title":{"rendered":"Consorcio Serrano &#8211; Professionals"},"content":{"rendered":"<div class=\"wpb-content-wrapper\"><p>[vc_row][vc_column width=&#8221;2\/3&#8243;][vc_column_text el_class=&#8221;vc_quote_consorcio&#8221;]<\/p>\n<div class=\"vc_quote_consorcio_icon\"><img loading=\"lazy\" decoding=\"async\" class=\"alignnone size-full wp-image-1101\" src=\"http:\/\/consorcioserrano.es\/wp-content\/uploads\/2017\/10\/comillas-abrir-1.png\" alt=\"\" width=\"59\" height=\"53\" srcset=\"https:\/\/consorcioserrano.es\/wp-content\/uploads\/2017\/10\/comillas-abrir-1.png 59w, https:\/\/consorcioserrano.es\/wp-content\/uploads\/2017\/10\/comillas-abrir-1-50x45.png 50w\" sizes=\"auto, (max-width:767px) 59px, 59px\" \/><\/div>\n<div class=\"vc_quote_consorcio_content\">\n<h1>Professionals<\/h1>\n<h1><strong>Private area<\/strong>\u00a0<img loading=\"lazy\" decoding=\"async\" class=\"alignnone size-full wp-image-1100\" src=\"http:\/\/consorcioserrano.es\/wp-content\/uploads\/2017\/10\/comillas-cerrar-1.png\" alt=\"\" width=\"59\" height=\"53\" srcset=\"https:\/\/consorcioserrano.es\/wp-content\/uploads\/2017\/10\/comillas-cerrar-1.png 59w, https:\/\/consorcioserrano.es\/wp-content\/uploads\/2017\/10\/comillas-cerrar-1-50x45.png 50w\" sizes=\"auto, (max-width:767px) 59px, 59px\" \/><\/h1>\n<\/div>\n<p>[\/vc_column_text][vc_column_text showfor=&#8221;selected_user_roles&#8221; selected_user_roles=&#8221;administrator, role_distribuidor, role_importador, role_minorista, role_socio&#8221;]<\/p>\n<h3><span style=\"color: #e82f37;\"><strong>Materials and technical information to download<\/strong><\/span><\/h3>\n<ul>\n<li>Promotional Documents\n<ul>\n<li><a href=\"https:\/\/consorcioserrano.es\/wp-content\/uploads\/2018\/10\/institucional_ing.pdf\" target=\"_blank\" rel=\"noopener noreferrer\">30 years Consorcio Serrano&#8217;s Dossier<\/a><\/li>\n<li><a href=\"https:\/\/consorcioserrano.es\/wp-content\/uploads\/2018\/10\/institucional_ing.pdf\" target=\"_blank\" rel=\"noopener noreferrer\">Sales Folder CJSE<\/a><\/li>\n<li><a href=\"https:\/\/consorcioserrano.es\/wp-content\/uploads\/2018\/10\/flyer-web-ING-111018.pdf\" target=\"_blank\" rel=\"noopener noreferrer\">Sales Folder CJSE 2<\/a><\/li>\n<li><a href=\"http:\/\/consorcioserrano.es\/wp-content\/uploads\/2017\/11\/desplegable-ing-26042017.pdf\" target=\"_blank\" rel=\"noopener noreferrer\">Sales Folder CJSE\u00a03<\/a><\/li>\n<li><a href=\"http:\/\/consorcioserrano.es\/wp-content\/uploads\/2012\/10\/argumentario_ing.pdf\" target=\"_blank\" rel=\"noopener noreferrer\">Argumentary<\/a><\/li>\n<li><a href=\"http:\/\/consorcioserrano.es\/wp-content\/uploads\/2012\/10\/recetario_ing.pdf\" target=\"_blank\" rel=\"noopener noreferrer\">Recipes<\/a><\/li>\n<li><a href=\"http:\/\/consorcioserrano.es\/wp-content\/uploads\/2012\/10\/recet_tapas_ing.pdf\" target=\"_blank\" rel=\"noopener noreferrer\">Recipes &#8211; Special Tapas<\/a><\/li>\n<li><a href=\"http:\/\/consorcioserrano.es\/wp-content\/uploads\/2017\/11\/02_07140_DM_Anuga_B2B-Mailing_2017_englisch.pdf\" target=\"_blank\" rel=\"noopener noreferrer\">B2B Mailing_Anuga<\/a><\/li>\n<\/ul>\n<\/li>\n<\/ul>\n<p>&nbsp;<\/p>\n<ul>\n<li>Technical information\n<ul>\n<li><a href=\"http:\/\/consorcioserrano.es\/wp-content\/uploads\/2012\/10\/cuchillo_ing.pdf\" target=\"_blank\" rel=\"noopener noreferrer\">Carving with a knife pdf<\/a><\/li>\n<li><a href=\"https:\/\/vimeo.com\/20440604\" target=\"_blank\" rel=\"noopener noreferrer\">Craving with a knife &#8211; video<\/a><\/li>\n<li><a href=\"http:\/\/consorcioserrano.es\/wp-content\/uploads\/2012\/10\/maquina_ing.pdf\" target=\"_blank\" rel=\"noopener noreferrer\">Carving with a machine pdf<\/a><\/li>\n<li><a href=\"https:\/\/vimeo.com\/20691262\" target=\"_blank\" rel=\"noopener noreferrer\">Craving with a machine &#8211; video<\/a><\/li>\n<\/ul>\n<\/li>\n<\/ul>\n<p>&nbsp;<\/p>\n<ul>\n<li>List of associates\n<ul>\n<li><a href=\"https:\/\/consorcioserrano.es\/nuestros-asociados\/consorcio-serrano-asociados.pdf\" target=\"_blank\" rel=\"noopener noreferrer\">List of associates in pdf<\/a><\/li>\n<\/ul>\n<\/li>\n<\/ul>\n<p>[\/vc_column_text][\/vc_column][vc_column width=&#8221;1\/3&#8243;][\/vc_column][\/vc_row]<\/p>\n<\/div>","protected":false},"excerpt":{"rendered":"<p>[vc_row][vc_column width=&#8221;2\/3&#8243;][vc_column_text el_class=&#8221;vc_quote_consorcio&#8221;] Professionals Private area\u00a0 [\/vc_column_text][vc_column_text showfor=&#8221;selected_user_roles&#8221; selected_user_roles=&#8221;administrator, role_distribuidor, role_importador, role_minorista, role_socio&#8221;] Materials and technical information to download Promotional Documents 30 years Consorcio Serrano&#8217;s Dossier<span class=\"excerpt-hellip\"> [\u2026]<\/span><\/p>\n","protected":false},"author":1,"featured_media":0,"parent":0,"menu_order":0,"comment_status":"closed","ping_status":"closed","template":"page-restriction.php","meta":{"_acf_changed":false,"footnotes":""},"class_list":["post-4241","page","type-page","status-publish","hentry","sections_group lang-en"],"yoast_head":"<!-- This site is optimized with the Yoast SEO plugin v27.2 - https:\/\/yoast.com\/product\/yoast-seo-wordpress\/ -->\n<title>Consorcio Serrano - Professionals - Consorcio Serrano Ham: the jamon espanol<\/title>\n<meta name=\"description\" content=\"Consorcio Jam\u00f3n Serrano - Cured ham quality - the best serano ham: 100% spanish ham - selection piece by piece of each jamon espanol\" \/>\n<meta name=\"robots\" content=\"index, follow, max-snippet:-1, max-image-preview:large, max-video-preview:-1\" \/>\n<link rel=\"canonical\" href=\"https:\/\/consorcioserrano.es\/en\/consorcio-serrano-professionals\/\" \/>\n<meta property=\"og:locale\" content=\"en_US\" \/>\n<meta property=\"og:type\" content=\"article\" \/>\n<meta property=\"og:title\" content=\"Consorcio Serrano - Professionals - Consorcio Serrano Ham: the jamon espanol\" \/>\n<meta property=\"og:description\" content=\"Consorcio Jam\u00f3n Serrano - Cured ham quality - the best serano ham: 100% spanish ham - selection piece by piece of each jamon espanol\" \/>\n<meta property=\"og:url\" content=\"https:\/\/consorcioserrano.es\/en\/consorcio-serrano-professionals\/\" \/>\n<meta property=\"og:site_name\" content=\"Consorcio del Jam\u00f3n Serrano Espa\u00f1ol\" \/>\n<meta property=\"article:modified_time\" content=\"2020-12-30T14:36:02+00:00\" \/>\n<meta property=\"og:image\" content=\"http:\/\/consorcioserrano.es\/wp-content\/uploads\/2017\/10\/comillas-abrir-1.png\" \/>\n<meta name=\"twitter:card\" content=\"summary_large_image\" \/>\n<meta name=\"twitter:label1\" content=\"Est. reading time\" \/>\n\t<meta name=\"twitter:data1\" content=\"1 minute\" \/>\n<script type=\"application\/ld+json\" class=\"yoast-schema-graph\">{\"@context\":\"https:\/\/schema.org\",\"@graph\":[{\"@type\":\"WebPage\",\"@id\":\"https:\/\/consorcioserrano.es\/en\/consorcio-serrano-professionals\/\",\"url\":\"https:\/\/consorcioserrano.es\/en\/consorcio-serrano-professionals\/\",\"name\":\"Consorcio Serrano - Professionals - Consorcio Serrano Ham: the jamon espanol\",\"isPartOf\":{\"@id\":\"https:\/\/consorcioserrano.es\/#website\"},\"primaryImageOfPage\":{\"@id\":\"https:\/\/consorcioserrano.es\/en\/consorcio-serrano-professionals\/#primaryimage\"},\"image\":{\"@id\":\"https:\/\/consorcioserrano.es\/en\/consorcio-serrano-professionals\/#primaryimage\"},\"thumbnailUrl\":\"http:\/\/consorcioserrano.es\/wp-content\/uploads\/2017\/10\/comillas-abrir-1.png\",\"datePublished\":\"2017-11-15T11:47:25+00:00\",\"dateModified\":\"2020-12-30T14:36:02+00:00\",\"description\":\"Consorcio Jam\u00f3n Serrano - Cured ham quality - the best serano ham: 100% spanish ham - selection piece by piece of each jamon espanol\",\"breadcrumb\":{\"@id\":\"https:\/\/consorcioserrano.es\/en\/consorcio-serrano-professionals\/#breadcrumb\"},\"inLanguage\":\"en-US\",\"potentialAction\":[{\"@type\":\"ReadAction\",\"target\":[\"https:\/\/consorcioserrano.es\/en\/consorcio-serrano-professionals\/\"]}]},{\"@type\":\"ImageObject\",\"inLanguage\":\"en-US\",\"@id\":\"https:\/\/consorcioserrano.es\/en\/consorcio-serrano-professionals\/#primaryimage\",\"url\":\"http:\/\/consorcioserrano.es\/wp-content\/uploads\/2017\/10\/comillas-abrir-1.png\",\"contentUrl\":\"http:\/\/consorcioserrano.es\/wp-content\/uploads\/2017\/10\/comillas-abrir-1.png\"},{\"@type\":\"BreadcrumbList\",\"@id\":\"https:\/\/consorcioserrano.es\/en\/consorcio-serrano-professionals\/#breadcrumb\",\"itemListElement\":[{\"@type\":\"ListItem\",\"position\":1,\"name\":\"Portada\",\"item\":\"https:\/\/consorcioserrano.es\/en\/\"},{\"@type\":\"ListItem\",\"position\":2,\"name\":\"Consorcio Serrano &#8211; Professionals\"}]},{\"@type\":\"WebSite\",\"@id\":\"https:\/\/consorcioserrano.es\/#website\",\"url\":\"https:\/\/consorcioserrano.es\/\",\"name\":\"Consorcio del Jam\u00f3n Serrano Espa\u00f1ol\",\"description\":\"Consorcio Jam\u00f3n Serrano  - Cured ham quality - the best serano ham: 100% spanish ham - selection piece by piece of each jamon espanol\",\"potentialAction\":[{\"@type\":\"SearchAction\",\"target\":{\"@type\":\"EntryPoint\",\"urlTemplate\":\"https:\/\/consorcioserrano.es\/?s={search_term_string}\"},\"query-input\":{\"@type\":\"PropertyValueSpecification\",\"valueRequired\":true,\"valueName\":\"search_term_string\"}}],\"inLanguage\":\"en-US\"}]}<\/script>\n<!-- \/ Yoast SEO plugin. -->","yoast_head_json":{"title":"Consorcio Serrano - Professionals - Consorcio Serrano Ham: the jamon espanol","description":"Consorcio Jam\u00f3n Serrano - Cured ham quality - the best serano ham: 100% spanish ham - selection piece by piece of each jamon espanol","robots":{"index":"index","follow":"follow","max-snippet":"max-snippet:-1","max-image-preview":"max-image-preview:large","max-video-preview":"max-video-preview:-1"},"canonical":"https:\/\/consorcioserrano.es\/en\/consorcio-serrano-professionals\/","og_locale":"en_US","og_type":"article","og_title":"Consorcio Serrano - Professionals - Consorcio Serrano Ham: the jamon espanol","og_description":"Consorcio Jam\u00f3n Serrano - Cured ham quality - the best serano ham: 100% spanish ham - selection piece by piece of each jamon espanol","og_url":"https:\/\/consorcioserrano.es\/en\/consorcio-serrano-professionals\/","og_site_name":"Consorcio del Jam\u00f3n Serrano Espa\u00f1ol","article_modified_time":"2020-12-30T14:36:02+00:00","og_image":[{"url":"http:\/\/consorcioserrano.es\/wp-content\/uploads\/2017\/10\/comillas-abrir-1.png","type":"","width":"","height":""}],"twitter_card":"summary_large_image","twitter_misc":{"Est. reading time":"1 minute"},"schema":{"@context":"https:\/\/schema.org","@graph":[{"@type":"WebPage","@id":"https:\/\/consorcioserrano.es\/en\/consorcio-serrano-professionals\/","url":"https:\/\/consorcioserrano.es\/en\/consorcio-serrano-professionals\/","name":"Consorcio Serrano - Professionals - Consorcio Serrano Ham: the jamon espanol","isPartOf":{"@id":"https:\/\/consorcioserrano.es\/#website"},"primaryImageOfPage":{"@id":"https:\/\/consorcioserrano.es\/en\/consorcio-serrano-professionals\/#primaryimage"},"image":{"@id":"https:\/\/consorcioserrano.es\/en\/consorcio-serrano-professionals\/#primaryimage"},"thumbnailUrl":"http:\/\/consorcioserrano.es\/wp-content\/uploads\/2017\/10\/comillas-abrir-1.png","datePublished":"2017-11-15T11:47:25+00:00","dateModified":"2020-12-30T14:36:02+00:00","description":"Consorcio Jam\u00f3n Serrano - Cured ham quality - the best serano ham: 100% spanish ham - selection piece by piece of each jamon espanol","breadcrumb":{"@id":"https:\/\/consorcioserrano.es\/en\/consorcio-serrano-professionals\/#breadcrumb"},"inLanguage":"en-US","potentialAction":[{"@type":"ReadAction","target":["https:\/\/consorcioserrano.es\/en\/consorcio-serrano-professionals\/"]}]},{"@type":"ImageObject","inLanguage":"en-US","@id":"https:\/\/consorcioserrano.es\/en\/consorcio-serrano-professionals\/#primaryimage","url":"http:\/\/consorcioserrano.es\/wp-content\/uploads\/2017\/10\/comillas-abrir-1.png","contentUrl":"http:\/\/consorcioserrano.es\/wp-content\/uploads\/2017\/10\/comillas-abrir-1.png"},{"@type":"BreadcrumbList","@id":"https:\/\/consorcioserrano.es\/en\/consorcio-serrano-professionals\/#breadcrumb","itemListElement":[{"@type":"ListItem","position":1,"name":"Portada","item":"https:\/\/consorcioserrano.es\/en\/"},{"@type":"ListItem","position":2,"name":"Consorcio Serrano &#8211; Professionals"}]},{"@type":"WebSite","@id":"https:\/\/consorcioserrano.es\/#website","url":"https:\/\/consorcioserrano.es\/","name":"Consorcio del Jam\u00f3n Serrano Espa\u00f1ol","description":"Consorcio Jam\u00f3n Serrano  - Cured ham quality - the best serano ham: 100% spanish ham - selection piece by piece of each jamon espanol","potentialAction":[{"@type":"SearchAction","target":{"@type":"EntryPoint","urlTemplate":"https:\/\/consorcioserrano.es\/?s={search_term_string}"},"query-input":{"@type":"PropertyValueSpecification","valueRequired":true,"valueName":"search_term_string"}}],"inLanguage":"en-US"}]}},"acf":[],"_links":{"self":[{"href":"https:\/\/consorcioserrano.es\/en\/wp-json\/wp\/v2\/pages\/4241","targetHints":{"allow":["GET"]}}],"collection":[{"href":"https:\/\/consorcioserrano.es\/en\/wp-json\/wp\/v2\/pages"}],"about":[{"href":"https:\/\/consorcioserrano.es\/en\/wp-json\/wp\/v2\/types\/page"}],"author":[{"embeddable":true,"href":"https:\/\/consorcioserrano.es\/en\/wp-json\/wp\/v2\/users\/1"}],"replies":[{"embeddable":true,"href":"https:\/\/consorcioserrano.es\/en\/wp-json\/wp\/v2\/comments?post=4241"}],"version-history":[{"count":2,"href":"https:\/\/consorcioserrano.es\/en\/wp-json\/wp\/v2\/pages\/4241\/revisions"}],"predecessor-version":[{"id":12726,"href":"https:\/\/consorcioserrano.es\/en\/wp-json\/wp\/v2\/pages\/4241\/revisions\/12726"}],"wp:attachment":[{"href":"https:\/\/consorcioserrano.es\/en\/wp-json\/wp\/v2\/media?parent=4241"}],"curies":[{"name":"wp","href":"https:\/\/api.w.org\/{rel}","templated":true}]}}