{"id":4554,"date":"2017-11-16T12:25:12","date_gmt":"2017-11-16T11:25:12","guid":{"rendered":"http:\/\/consorcioserrano.es\/?page_id=4554"},"modified":"2017-11-16T17:09:56","modified_gmt":"2017-11-16T16:09:56","slug":"user-forgot-your-password","status":"publish","type":"page","link":"https:\/\/consorcioserrano.es\/en\/user-forgot-your-password\/","title":{"rendered":"User &#8211; Forgot Your Password?"},"content":{"rendered":"<div class=\"wpb-content-wrapper\"><div id=\"password-lost-form\" class=\"container personalize-login\">\n\t\n\t<div class=\"vc_row wpb_row vc_row-fluid\">\n\t\t<div class=\"wpb_column vc_column_container vc_col-sm-4\"><\/div>\n\t\t\t\n\t\t<div class=\"wpb_column vc_column_container vc_col-sm-4\">\t\n\t\t\t\t\t\n\t\t\t\t\t\n\t\t\t<p>\n\t\t\t\tEnter your email address and we'll send you a link you can use to pick a new password.\t\t\t<\/p>\n\t\t\n\t\t\t<form id=\"lostpasswordform\" action=\"https:\/\/consorcioserrano.es\/wp-login.php?action=lostpassword&lang=en\" method=\"post\">\n\t\t\t\t<p class=\"form-row\">\n\t\t\t\t\t<label for=\"user_login\">Email\t\t\t\t\t<input type=\"text\" name=\"user_login\" id=\"user_login\">\n\t\t\t\t<\/p>\n\t\t\n\t\t\t\t<p class=\"lostpassword-submit\">\n\t\t\t\t\t<input type=\"submit\" name=\"submit\" class=\"lostpassword-button button\"\n\t\t\t\t\t       value=\"Reset Password\"\/>\n\t\t\t\t<\/p>\n\t\t\t<\/form>\n\t\t<\/div>\n\t\t<div class=\"wpb_column vc_column_container vc_col-sm-4\"><\/div>\n\t<\/div>\n<\/div>\n<\/div>","protected":false},"excerpt":{"rendered":"Enter your email address and we'll send you a link you can use to pick a new password. Email","protected":false},"author":1,"featured_media":0,"parent":0,"menu_order":0,"comment_status":"closed","ping_status":"closed","template":"","meta":{"_acf_changed":false,"footnotes":""},"class_list":["post-4554","page","type-page","status-publish","hentry","sections_group lang-en"],"yoast_head":"<!-- This site is optimized with the Yoast SEO plugin v27.2 - https:\/\/yoast.com\/product\/yoast-seo-wordpress\/ -->\n<title>User - Forgot Your Password? - Consorcio Serrano Ham: the jamon espanol<\/title>\n<meta name=\"description\" content=\"Consorcio Jam\u00f3n Serrano - Cured ham quality - the best serano ham: 100% spanish ham - selection piece by piece of each jamon espanol\" \/>\n<meta name=\"robots\" content=\"index, follow, max-snippet:-1, max-image-preview:large, max-video-preview:-1\" \/>\n<link rel=\"canonical\" href=\"https:\/\/consorcioserrano.es\/en\/user-forgot-your-password\/\" \/>\n<meta property=\"og:locale\" content=\"en_US\" \/>\n<meta property=\"og:type\" content=\"article\" \/>\n<meta property=\"og:title\" content=\"User - Forgot Your Password? - Consorcio Serrano Ham: the jamon espanol\" \/>\n<meta property=\"og:description\" content=\"Consorcio Jam\u00f3n Serrano - Cured ham quality - the best serano ham: 100% spanish ham - selection piece by piece of each jamon espanol\" \/>\n<meta property=\"og:url\" content=\"https:\/\/consorcioserrano.es\/en\/user-forgot-your-password\/\" \/>\n<meta property=\"og:site_name\" content=\"Consorcio del Jam\u00f3n Serrano Espa\u00f1ol\" \/>\n<meta property=\"article:modified_time\" content=\"2017-11-16T16:09:56+00:00\" \/>\n<meta property=\"og:image\" content=\"http:\/\/consorcioserrano.es\/wp-content\/uploads\/2017\/11\/social-consorcio-serrano.jpg\" \/>\n<meta name=\"twitter:card\" content=\"summary_large_image\" \/>\n<script type=\"application\/ld+json\" class=\"yoast-schema-graph\">{\"@context\":\"https:\/\/schema.org\",\"@graph\":[{\"@type\":\"WebPage\",\"@id\":\"https:\/\/consorcioserrano.es\/en\/user-forgot-your-password\/\",\"url\":\"https:\/\/consorcioserrano.es\/en\/user-forgot-your-password\/\",\"name\":\"User - Forgot Your Password? - Consorcio Serrano Ham: the jamon espanol\",\"isPartOf\":{\"@id\":\"https:\/\/consorcioserrano.es\/#website\"},\"datePublished\":\"2017-11-16T11:25:12+00:00\",\"dateModified\":\"2017-11-16T16:09:56+00:00\",\"description\":\"Consorcio Jam\u00f3n Serrano - Cured ham quality - the best serano ham: 100% spanish ham - selection piece by piece of each jamon espanol\",\"breadcrumb\":{\"@id\":\"https:\/\/consorcioserrano.es\/en\/user-forgot-your-password\/#breadcrumb\"},\"inLanguage\":\"en-US\",\"potentialAction\":[{\"@type\":\"ReadAction\",\"target\":[\"https:\/\/consorcioserrano.es\/en\/user-forgot-your-password\/\"]}]},{\"@type\":\"BreadcrumbList\",\"@id\":\"https:\/\/consorcioserrano.es\/en\/user-forgot-your-password\/#breadcrumb\",\"itemListElement\":[{\"@type\":\"ListItem\",\"position\":1,\"name\":\"Portada\",\"item\":\"https:\/\/consorcioserrano.es\/en\/\"},{\"@type\":\"ListItem\",\"position\":2,\"name\":\"User &#8211; Forgot Your Password?\"}]},{\"@type\":\"WebSite\",\"@id\":\"https:\/\/consorcioserrano.es\/#website\",\"url\":\"https:\/\/consorcioserrano.es\/\",\"name\":\"Consorcio del Jam\u00f3n Serrano Espa\u00f1ol\",\"description\":\"Consorcio Jam\u00f3n Serrano  - Cured ham quality - the best serano ham: 100% spanish ham - selection piece by piece of each jamon espanol\",\"potentialAction\":[{\"@type\":\"SearchAction\",\"target\":{\"@type\":\"EntryPoint\",\"urlTemplate\":\"https:\/\/consorcioserrano.es\/?s={search_term_string}\"},\"query-input\":{\"@type\":\"PropertyValueSpecification\",\"valueRequired\":true,\"valueName\":\"search_term_string\"}}],\"inLanguage\":\"en-US\"}]}<\/script>\n<!-- \/ Yoast SEO plugin. -->","yoast_head_json":{"title":"User - Forgot Your Password? - Consorcio Serrano Ham: the jamon espanol","description":"Consorcio Jam\u00f3n Serrano - Cured ham quality - the best serano ham: 100% spanish ham - selection piece by piece of each jamon espanol","robots":{"index":"index","follow":"follow","max-snippet":"max-snippet:-1","max-image-preview":"max-image-preview:large","max-video-preview":"max-video-preview:-1"},"canonical":"https:\/\/consorcioserrano.es\/en\/user-forgot-your-password\/","og_locale":"en_US","og_type":"article","og_title":"User - Forgot Your Password? - Consorcio Serrano Ham: the jamon espanol","og_description":"Consorcio Jam\u00f3n Serrano - Cured ham quality - the best serano ham: 100% spanish ham - selection piece by piece of each jamon espanol","og_url":"https:\/\/consorcioserrano.es\/en\/user-forgot-your-password\/","og_site_name":"Consorcio del Jam\u00f3n Serrano Espa\u00f1ol","article_modified_time":"2017-11-16T16:09:56+00:00","og_image":[{"url":"http:\/\/consorcioserrano.es\/wp-content\/uploads\/2017\/11\/social-consorcio-serrano.jpg","type":"","width":"","height":""}],"twitter_card":"summary_large_image","schema":{"@context":"https:\/\/schema.org","@graph":[{"@type":"WebPage","@id":"https:\/\/consorcioserrano.es\/en\/user-forgot-your-password\/","url":"https:\/\/consorcioserrano.es\/en\/user-forgot-your-password\/","name":"User - Forgot Your Password? - Consorcio Serrano Ham: the jamon espanol","isPartOf":{"@id":"https:\/\/consorcioserrano.es\/#website"},"datePublished":"2017-11-16T11:25:12+00:00","dateModified":"2017-11-16T16:09:56+00:00","description":"Consorcio Jam\u00f3n Serrano - Cured ham quality - the best serano ham: 100% spanish ham - selection piece by piece of each jamon espanol","breadcrumb":{"@id":"https:\/\/consorcioserrano.es\/en\/user-forgot-your-password\/#breadcrumb"},"inLanguage":"en-US","potentialAction":[{"@type":"ReadAction","target":["https:\/\/consorcioserrano.es\/en\/user-forgot-your-password\/"]}]},{"@type":"BreadcrumbList","@id":"https:\/\/consorcioserrano.es\/en\/user-forgot-your-password\/#breadcrumb","itemListElement":[{"@type":"ListItem","position":1,"name":"Portada","item":"https:\/\/consorcioserrano.es\/en\/"},{"@type":"ListItem","position":2,"name":"User &#8211; Forgot Your Password?"}]},{"@type":"WebSite","@id":"https:\/\/consorcioserrano.es\/#website","url":"https:\/\/consorcioserrano.es\/","name":"Consorcio del Jam\u00f3n Serrano Espa\u00f1ol","description":"Consorcio Jam\u00f3n Serrano  - Cured ham quality - the best serano ham: 100% spanish ham - selection piece by piece of each jamon espanol","potentialAction":[{"@type":"SearchAction","target":{"@type":"EntryPoint","urlTemplate":"https:\/\/consorcioserrano.es\/?s={search_term_string}"},"query-input":{"@type":"PropertyValueSpecification","valueRequired":true,"valueName":"search_term_string"}}],"inLanguage":"en-US"}]}},"acf":[],"_links":{"self":[{"href":"https:\/\/consorcioserrano.es\/en\/wp-json\/wp\/v2\/pages\/4554","targetHints":{"allow":["GET"]}}],"collection":[{"href":"https:\/\/consorcioserrano.es\/en\/wp-json\/wp\/v2\/pages"}],"about":[{"href":"https:\/\/consorcioserrano.es\/en\/wp-json\/wp\/v2\/types\/page"}],"author":[{"embeddable":true,"href":"https:\/\/consorcioserrano.es\/en\/wp-json\/wp\/v2\/users\/1"}],"replies":[{"embeddable":true,"href":"https:\/\/consorcioserrano.es\/en\/wp-json\/wp\/v2\/comments?post=4554"}],"version-history":[{"count":0,"href":"https:\/\/consorcioserrano.es\/en\/wp-json\/wp\/v2\/pages\/4554\/revisions"}],"wp:attachment":[{"href":"https:\/\/consorcioserrano.es\/en\/wp-json\/wp\/v2\/media?parent=4554"}],"curies":[{"name":"wp","href":"https:\/\/api.w.org\/{rel}","templated":true}]}}