{"id":9263,"date":"2019-03-25T11:00:31","date_gmt":"2019-03-25T10:00:31","guid":{"rendered":"https:\/\/consorcioserrano.es\/?page_id=9263"},"modified":"2019-03-25T11:00:31","modified_gmt":"2019-03-25T10:00:31","slug":"newsletters-consorcio-serrano","status":"publish","type":"page","link":"https:\/\/consorcioserrano.es\/en\/newsletters-consorcio-serrano\/","title":{"rendered":"Newsletters Consorcio Serrano"},"content":{"rendered":"<p><span id=\"result_box\" class=\"short_text\" lang=\"en\"><span class=\"\">Register for the newsletter<\/span><\/span><style id='mailster-form-default' type='text\/css'>.mailster-embeded-form body{background:0;padding:0;margin:0}.mailster-embeded-form .mailster-form-body{padding:5px !important;margin:auto !important}.mailster-form-wrap{max-width:100%;max-height:95%;min-width:100px;-webkit-overflow-scrolling:touch}.mailster-form{margin-bottom:20px;position:relative}.mailster-form:before{content:'';position:absolute;display:block;height:100%;width:100%;z-index:1;background-repeat:no-repeat;background-position:center center;background-size:20px 20px;background-image:url('https:\/\/consorcioserrano.es\/wp-content\/plugins\/mailster\/assets\/css\/..\/img\/loading.gif');visibility:hidden;opacity:0;transition:opacity .15s ease-in-out}.mailster-form.loading:before{opacity:1;visibility:visible}@media only screen and (-webkit-min-device-pixel-ratio:2),only screen and (min-resolution:192dpi){.mailster-form:before{background-image:url('https:\/\/consorcioserrano.es\/wp-content\/plugins\/mailster\/assets\/css\/..\/img\/loading_2x.gif')}}.mailster-form:after,.mailster-form-fields:after{content:'.';visibility:hidden;display:block;height:0;clear:both}.mailster-form .mailster-form-fields{transition:all .15s ease-in-out}.mailster-form.completed .mailster-form-fields{height:0;min-height:0;opacity:0;overflow:hidden}.mailster-form,.mailster-form .input,.mailster-form .mailster-form-info{width:100%;box-sizing:border-box}.mailster-embeded-form .mailster-form{margin-bottom:3px}.mailster-form .mailster-wrapper{position:relative;margin-bottom:2px;transition:opacity .15s ease-in-out}.mailster-form.loading .mailster-wrapper{opacity:.2}.mailster-form textarea.input{resize:vertical;height:150px}.mailster-form li{list-style:none !important;margin-left:0;padding-left:0}span.mailster-required{font-size:120%;font-weight:700;color:#bf4d4d}.mailster-lists-wrapper ul{list-style:none;margin-left:0;padding-left:0}.mailster-lists-wrapper ul li{margin-left:0}.mailster-list-description{color:inherit;display:block;margin-left:25px;font-size:.8em}.mailster-form-info{height:0;border-radius:2px;padding:5px;margin-bottom:4px;color:#fff;padding:9px 16px;transition:all .2s;-webkit-transform:scale(0);-moz-transform:scale(0);-ms-transform:scale(0);transform:scale(0)}.mailster-form.loading .mailster-form-info{opacity:0}.mailster-form-info a{color:#fff}.mailster-form-info.success,.mailster-form-info.error{display:block;height:100%;-webkit-transform:scale(1);-moz-transform:scale(1);-ms-transform:scale(1);transform:scale(1)}.mailster-form .error input,.mailster-form .error select,.mailster-form .error textarea{outline:2px solid #bf4d4d;outline-offset:0}.mailster-form-info.error{background:#bf4d4d}.mailster-form-info.success{background-color:#6fbf4d;text-align:center}.mailster-form-info ul,.mailster-form .mailster-form-info p{margin:0;padding:0;max-width:initial}.mailster-form-info ul li{color:inherit;margin-left:0}.mailster-submit-wrapper{margin-top:6px}.mailster-form .submit-button{cursor:pointer}.mailster-form .submit-button:focus{outline:0}<\/style><style type=\"text\/css\" media=\"screen\" class=\"mailster-custom-form-css\">\n.mailster-form-1 .mailster-firstname-wrapper{}\n<\/style>\n<form action=\"https:\/\/consorcioserrano.es\/en\/mailster\/subscribe\/\" method=\"post\" class=\"mailster-form mailster-form-submit mailster-ajax-form mailster-form-1\" novalidate><input name=\"_action\" type=\"hidden\" value=\"subscribe\">\n<input name=\"_timestamp\" type=\"hidden\" value=\"1777574794\">\n<input name=\"_referer\" type=\"hidden\" value=\"https:\/\/consorcioserrano.es\/en\/wp-json\/wp\/v2\/pages\/9263\">\n<input name=\"_nonce\" type=\"hidden\" value=\"e6be6a5476\">\n<input name=\"formid\" type=\"hidden\" value=\"1\">\n<div class=\"mailster-form-fields\">\n<div class=\"mailster-wrapper mailster-firstname-wrapper\"><label for=\"mailster-firstname-1\">Nombre <span class=\"mailster-required\">*<\/span><\/label><input id=\"mailster-firstname-1\" name=\"firstname\" type=\"text\" value=\"\" class=\"input mailster-firstname mailster-required\" aria-required=\"true\" aria-label=\"Nombre\"><\/div>\n<div class=\"mailster-wrapper mailster-email-wrapper\"><label for=\"mailster-email-1\">Email <span class=\"mailster-required\">*<\/span><\/label><input id=\"mailster-email-1\" name=\"email\" type=\"email\" value=\"\" class=\"input mailster-email mailster-required\" aria-required=\"true\" aria-label=\"Email\" spellcheck=\"false\"><\/div>\n<div class=\"mailster-wrapper mailster-aceptar-wrapper\"><label for=\"mailster-aceptar-1\"><input type=\"hidden\" name=\"aceptar\" value=\"0\"><input id=\"mailster-aceptar-1\" name=\"aceptar\" type=\"checkbox\" value=\"1\"  class=\"mailster-aceptar mailster-required\" aria-required=\"true\" aria-label=\"Acepto la Politica de Privacidad\">  Acepto la <a href=\"http:\/\/consorcioserrano.es\/politica-de-proteccion-de-datos\/\">Politica de Privacidad<\/a> <span class=\"mailster-required\">*<\/span><\/label><\/div>\n<div class=\"mailster-wrapper mailster-_coolcaptcha-wrapper\"><label for=\"mailster-_coolcaptcha-1\">Escribe el siguiente texto<\/label><div class=\"mailster-coolcaptcha-wrap\"><img decoding=\"async\" title=\"click to reload\" onclick=\"var s=this.src;this.src=s.replace(\/nocache=\\d+\/, 'nocache='+(+new Date()))\" src=\"https:\/\/consorcioserrano.es\/wp-admin\/admin-ajax.php?action=mailster_coolcaptcha_img&nocache=1777574794&formid=1\" style=\"cursor:pointer;width:200px;height:70px\"><\/div><input id=\"mailster-_coolcaptcha-1\" name=\"mailster__coolcaptcha\" type=\"text\" value=\"\" class=\"input mailster-coolcaptcha\" placeholder=\"\"><\/div>\n<div class=\"mailster-wrapper mailster-submit-wrapper form-submit\"><input name=\"submit\" type=\"submit\" value=\"Enviar\" class=\"submit-button button\" aria-label=\"Enviar\"><\/div>\n<\/div>\n<\/form>\n<\/p>\n  <style type=\"text\/css\" media=\"screen\" class=\"mailster-custom-form-css\">\n.mailster-form-1 .mailster-firstname-wrapper{}\n<\/style>\n<form action=\"https:\/\/consorcioserrano.es\/en\/mailster\/subscribe\/\" method=\"post\" class=\"mailster-form mailster-form-submit mailster-ajax-form is-unsubscribe mailster-form-1\" novalidate><input name=\"_action\" type=\"hidden\" value=\"unsubscribe\">\n<input name=\"_referer\" type=\"hidden\" value=\"https:\/\/consorcioserrano.es\/en\/wp-json\/wp\/v2\/pages\/9263\">\n<input name=\"_nonce\" type=\"hidden\" value=\"e6be6a5476\">\n<input name=\"formid\" type=\"hidden\" value=\"1\">\n<div class=\"mailster-form-fields\">\n<div class=\"mailster-wrapper mailster-email-wrapper\"><label for=\"mailster-email-1\">Email <span class=\"mailster-required\">*<\/span><\/label><input id=\"mailster-email-1\" name=\"email\" type=\"email\" value=\"\" class=\"input mailster-email mailster-required\" aria-required=\"true\" aria-label=\"Email\" spellcheck=\"false\"><\/div>\n<div class=\"mailster-wrapper mailster-_coolcaptcha-wrapper\"><label for=\"mailster-_coolcaptcha-1\">Escribe el siguiente texto<\/label><div class=\"mailster-coolcaptcha-wrap\"><img decoding=\"async\" title=\"click to reload\" onclick=\"var s=this.src;this.src=s.replace(\/nocache=\\d+\/, 'nocache='+(+new Date()))\" src=\"https:\/\/consorcioserrano.es\/wp-admin\/admin-ajax.php?action=mailster_coolcaptcha_img&nocache=1777574794&formid=1\" style=\"cursor:pointer;width:200px;height:70px\"><\/div><input id=\"mailster-_coolcaptcha-1\" name=\"mailster__coolcaptcha\" type=\"text\" value=\"\" class=\"input mailster-coolcaptcha\" placeholder=\"\"><\/div>\n<div class=\"mailster-wrapper mailster-submit-wrapper form-submit\"><input name=\"submit\" type=\"submit\" value=\"Si, darme de baja\" class=\"submit-button button\" aria-label=\"Si, darme de baja\"><\/div>\n<\/div>\n<\/form>\n\n","protected":false},"excerpt":{"rendered":"Register for the newsletter Nombre * Email * Acepto la Politica de Privacidad * Escribe el siguiente texto Email * Escribe el siguiente texto","protected":false},"author":1,"featured_media":0,"parent":0,"menu_order":0,"comment_status":"closed","ping_status":"closed","template":"","meta":{"_acf_changed":false,"footnotes":""},"class_list":["post-9263","page","type-page","status-publish","hentry","sections_group lang-en"],"yoast_head":"<!-- This site is optimized with the Yoast SEO plugin v27.5 - https:\/\/yoast.com\/product\/yoast-seo-wordpress\/ -->\n<title>Newsletters Consorcio Serrano - Consorcio Serrano Ham: the jamon espanol<\/title>\n<meta name=\"description\" content=\"Consorcio Jam\u00f3n Serrano - Cured ham quality - the best serano ham: 100% spanish ham - selection piece by piece of each jamon espanol\" \/>\n<meta name=\"robots\" content=\"index, follow, max-snippet:-1, max-image-preview:large, max-video-preview:-1\" \/>\n<link rel=\"canonical\" href=\"https:\/\/consorcioserrano.es\/en\/newsletters-consorcio-serrano\/\" \/>\n<meta property=\"og:locale\" content=\"en_US\" \/>\n<meta property=\"og:type\" content=\"article\" \/>\n<meta property=\"og:title\" content=\"Newsletters Consorcio Serrano - Consorcio Serrano Ham: the jamon espanol\" \/>\n<meta property=\"og:description\" content=\"Consorcio Jam\u00f3n Serrano - Cured ham quality - the best serano ham: 100% spanish ham - selection piece by piece of each jamon espanol\" \/>\n<meta property=\"og:url\" content=\"https:\/\/consorcioserrano.es\/en\/newsletters-consorcio-serrano\/\" \/>\n<meta property=\"og:site_name\" content=\"Consorcio del Jam\u00f3n Serrano Espa\u00f1ol\" \/>\n<meta property=\"og:image\" content=\"http:\/\/consorcioserrano.es\/wp-content\/uploads\/2017\/11\/social-consorcio-serrano.jpg\" \/>\n<meta name=\"twitter:card\" content=\"summary_large_image\" \/>\n<script type=\"application\/ld+json\" class=\"yoast-schema-graph\">{\"@context\":\"https:\\\/\\\/schema.org\",\"@graph\":[{\"@type\":\"WebPage\",\"@id\":\"https:\\\/\\\/consorcioserrano.es\\\/en\\\/newsletters-consorcio-serrano\\\/\",\"url\":\"https:\\\/\\\/consorcioserrano.es\\\/en\\\/newsletters-consorcio-serrano\\\/\",\"name\":\"Newsletters Consorcio Serrano - Consorcio Serrano Ham: the jamon espanol\",\"isPartOf\":{\"@id\":\"https:\\\/\\\/consorcioserrano.es\\\/#website\"},\"datePublished\":\"2019-03-25T10:00:31+00:00\",\"description\":\"Consorcio Jam\u00f3n Serrano - Cured ham quality - the best serano ham: 100% spanish ham - selection piece by piece of each jamon espanol\",\"breadcrumb\":{\"@id\":\"https:\\\/\\\/consorcioserrano.es\\\/en\\\/newsletters-consorcio-serrano\\\/#breadcrumb\"},\"inLanguage\":\"en-US\",\"potentialAction\":[{\"@type\":\"ReadAction\",\"target\":[\"https:\\\/\\\/consorcioserrano.es\\\/en\\\/newsletters-consorcio-serrano\\\/\"]}]},{\"@type\":\"BreadcrumbList\",\"@id\":\"https:\\\/\\\/consorcioserrano.es\\\/en\\\/newsletters-consorcio-serrano\\\/#breadcrumb\",\"itemListElement\":[{\"@type\":\"ListItem\",\"position\":1,\"name\":\"Portada\",\"item\":\"https:\\\/\\\/consorcioserrano.es\\\/en\\\/\"},{\"@type\":\"ListItem\",\"position\":2,\"name\":\"Newsletters Consorcio Serrano\"}]},{\"@type\":\"WebSite\",\"@id\":\"https:\\\/\\\/consorcioserrano.es\\\/#website\",\"url\":\"https:\\\/\\\/consorcioserrano.es\\\/\",\"name\":\"Consorcio del Jam\u00f3n Serrano Espa\u00f1ol\",\"description\":\"Consorcio Jam\u00f3n Serrano  - Cured ham quality - the best serano ham: 100% spanish ham - selection piece by piece of each jamon espanol\",\"potentialAction\":[{\"@type\":\"SearchAction\",\"target\":{\"@type\":\"EntryPoint\",\"urlTemplate\":\"https:\\\/\\\/consorcioserrano.es\\\/?s={search_term_string}\"},\"query-input\":{\"@type\":\"PropertyValueSpecification\",\"valueRequired\":true,\"valueName\":\"search_term_string\"}}],\"inLanguage\":\"en-US\"}]}<\/script>\n<!-- \/ Yoast SEO plugin. -->","yoast_head_json":{"title":"Newsletters Consorcio Serrano - Consorcio Serrano Ham: the jamon espanol","description":"Consorcio Jam\u00f3n Serrano - Cured ham quality - the best serano ham: 100% spanish ham - selection piece by piece of each jamon espanol","robots":{"index":"index","follow":"follow","max-snippet":"max-snippet:-1","max-image-preview":"max-image-preview:large","max-video-preview":"max-video-preview:-1"},"canonical":"https:\/\/consorcioserrano.es\/en\/newsletters-consorcio-serrano\/","og_locale":"en_US","og_type":"article","og_title":"Newsletters Consorcio Serrano - Consorcio Serrano Ham: the jamon espanol","og_description":"Consorcio Jam\u00f3n Serrano - Cured ham quality - the best serano ham: 100% spanish ham - selection piece by piece of each jamon espanol","og_url":"https:\/\/consorcioserrano.es\/en\/newsletters-consorcio-serrano\/","og_site_name":"Consorcio del Jam\u00f3n Serrano Espa\u00f1ol","og_image":[{"url":"http:\/\/consorcioserrano.es\/wp-content\/uploads\/2017\/11\/social-consorcio-serrano.jpg","type":"","width":"","height":""}],"twitter_card":"summary_large_image","schema":{"@context":"https:\/\/schema.org","@graph":[{"@type":"WebPage","@id":"https:\/\/consorcioserrano.es\/en\/newsletters-consorcio-serrano\/","url":"https:\/\/consorcioserrano.es\/en\/newsletters-consorcio-serrano\/","name":"Newsletters Consorcio Serrano - Consorcio Serrano Ham: the jamon espanol","isPartOf":{"@id":"https:\/\/consorcioserrano.es\/#website"},"datePublished":"2019-03-25T10:00:31+00:00","description":"Consorcio Jam\u00f3n Serrano - Cured ham quality - the best serano ham: 100% spanish ham - selection piece by piece of each jamon espanol","breadcrumb":{"@id":"https:\/\/consorcioserrano.es\/en\/newsletters-consorcio-serrano\/#breadcrumb"},"inLanguage":"en-US","potentialAction":[{"@type":"ReadAction","target":["https:\/\/consorcioserrano.es\/en\/newsletters-consorcio-serrano\/"]}]},{"@type":"BreadcrumbList","@id":"https:\/\/consorcioserrano.es\/en\/newsletters-consorcio-serrano\/#breadcrumb","itemListElement":[{"@type":"ListItem","position":1,"name":"Portada","item":"https:\/\/consorcioserrano.es\/en\/"},{"@type":"ListItem","position":2,"name":"Newsletters Consorcio Serrano"}]},{"@type":"WebSite","@id":"https:\/\/consorcioserrano.es\/#website","url":"https:\/\/consorcioserrano.es\/","name":"Consorcio del Jam\u00f3n Serrano Espa\u00f1ol","description":"Consorcio Jam\u00f3n Serrano  - Cured ham quality - the best serano ham: 100% spanish ham - selection piece by piece of each jamon espanol","potentialAction":[{"@type":"SearchAction","target":{"@type":"EntryPoint","urlTemplate":"https:\/\/consorcioserrano.es\/?s={search_term_string}"},"query-input":{"@type":"PropertyValueSpecification","valueRequired":true,"valueName":"search_term_string"}}],"inLanguage":"en-US"}]}},"acf":[],"_links":{"self":[{"href":"https:\/\/consorcioserrano.es\/en\/wp-json\/wp\/v2\/pages\/9263","targetHints":{"allow":["GET"]}}],"collection":[{"href":"https:\/\/consorcioserrano.es\/en\/wp-json\/wp\/v2\/pages"}],"about":[{"href":"https:\/\/consorcioserrano.es\/en\/wp-json\/wp\/v2\/types\/page"}],"author":[{"embeddable":true,"href":"https:\/\/consorcioserrano.es\/en\/wp-json\/wp\/v2\/users\/1"}],"replies":[{"embeddable":true,"href":"https:\/\/consorcioserrano.es\/en\/wp-json\/wp\/v2\/comments?post=9263"}],"version-history":[{"count":0,"href":"https:\/\/consorcioserrano.es\/en\/wp-json\/wp\/v2\/pages\/9263\/revisions"}],"wp:attachment":[{"href":"https:\/\/consorcioserrano.es\/en\/wp-json\/wp\/v2\/media?parent=9263"}],"curies":[{"name":"wp","href":"https:\/\/api.w.org\/{rel}","templated":true}]}}