{"id":10375,"date":"2020-01-14T15:55:33","date_gmt":"2020-01-14T14:55:33","guid":{"rendered":"https:\/\/consorcioserrano.es\/?page_id=10375"},"modified":"2024-02-06T11:16:59","modified_gmt":"2024-02-06T10:16:59","slug":"grupo-empresarial-costa-s-l","status":"publish","type":"page","link":"https:\/\/consorcioserrano.es\/fr\/qui-sommes-nous\/nos-associes\/grupo-empresarial-costa-s-l\/","title":{"rendered":"Grupo Empresarial Costa, S.L."},"content":{"rendered":"<div class=\"wpb-content-wrapper\"><p>[vc_row][vc_column width=\u00a0\u00bb1\/2&Prime; el_class=\u00a0\u00bbpanel-special-content\u00a0\u00bb][vc_column_text el_class=\u00a0\u00bbvc_quote_consorcio\u00a0\u00bb]<\/p>\n<div class=\"vc_quote_consorcio_icon\"><img loading=\"lazy\" decoding=\"async\" class=\"alignnone size-full wp-image-1101\" src=\"http:\/\/consorcioserrano.es\/wp-content\/uploads\/2017\/10\/comillas-abrir-1.png\" alt=\"\" width=\"59\" height=\"53\" srcset=\"https:\/\/consorcioserrano.es\/wp-content\/uploads\/2017\/10\/comillas-abrir-1.png 59w, https:\/\/consorcioserrano.es\/wp-content\/uploads\/2017\/10\/comillas-abrir-1-50x45.png 50w\" sizes=\"auto, (max-width:767px) 59px, 59px\" \/><\/div>\n<div class=\"vc_quote_consorcio_content\">\n<h1>Grupo Empresarial Costa, S.L.\u00a0<img loading=\"lazy\" decoding=\"async\" class=\"alignnone size-full wp-image-1100\" src=\"http:\/\/consorcioserrano.es\/wp-content\/uploads\/2017\/10\/comillas-cerrar-1.png\" alt=\"\" width=\"59\" height=\"53\" srcset=\"https:\/\/consorcioserrano.es\/wp-content\/uploads\/2017\/10\/comillas-cerrar-1.png 59w, https:\/\/consorcioserrano.es\/wp-content\/uploads\/2017\/10\/comillas-cerrar-1-50x45.png 50w\" sizes=\"auto, (max-width:767px) 59px, 59px\" \/><\/h1>\n<\/div>\n<p>[\/vc_column_text][\/vc_column][vc_column width=\u00a0\u00bb1\/2&Prime;][\/vc_column][\/vc_row][vc_row][vc_column width=\u00a0\u00bb1\/2&Prime; el_class=\u00a0\u00bbpanel-special-content\u00a0\u00bb][vc_single_image image=\u00a0\u00bb10368&Prime; img_size=\u00a0\u00bbfull\u00a0\u00bb][vc_row_inner][vc_column_inner width=\u00a0\u00bb1\/2&Prime;][vc_column_text]<\/p>\n<h3><span style=\"color: #e82f37;\">Grupo Empresarial Costa, S.L.<\/span><\/h3>\n<p>Ctra. Nacional II, km 437<br \/>\n22520 Fraga. Huesca[\/vc_column_text][\/vc_column_inner][vc_column_inner width=\u00a0\u00bb1\/2&Prime;][vc_column_text]<span style=\"color: #e82f37;\"><strong>Contact:<\/strong><\/span> Veronique Van Campen<br \/>\n<span style=\"color: #e82f37;\"><strong>T\u00e9l\u00e9phone:<\/strong><\/span> +972 420 500<br \/>\n<span style=\"color: #e82f37;\"><strong>Site Web:<\/strong><\/span> <a href=\"http:\/\/www.costafood.com\" target=\"_blank\" rel=\"noopener noreferrer\">www.costafood.com <\/a>[\/vc_column_text][\/vc_column_inner][\/vc_row_inner][vc_row_inner el_class=\u00a0\u00bbasociado-descripcion\u00a0\u00bb][vc_column_inner][vc_column_text el_class=\u00a0\u00bbvc_quote_consorcio asociado-descripcion\u00a0\u00bb css=\u00a0\u00bb.vc_custom_1707214611846{padding-right: 30px !important;}\u00a0\u00bb]<\/p>\n<h3><span style=\"color: #e82f37;\">Qui sommes nous<\/span><\/h3>\n<ul>\n<li>Depuis 1960<\/li>\n<li>3 g\u00e9n\u00e9rations d\u00e9di\u00e9es \u00e0 l&rsquo;\u00e9laboration de jambon serrano de la meilleure qualit\u00e9<\/li>\n<li>Depuis 2018, le groupe rejoint Costa Food en int\u00e9grant les \u00e9levages<\/li>\n<li>Usine de production \u00e0 Los R\u00e1banos (Soria) avec 47 s\u00e9choirs \u00e0 jambon serrano et \u00e9paule serrana<\/li>\n<li>\u00c9laboration de jambon serrano \u00e0 faible teneur en sel haute performance Balsapintada (Murcie)<\/li>\n<li>Responsabilit\u00e9 sociale d&rsquo;entreprise pour am\u00e9liorer les habitudes et la sant\u00e9, le soutien aux personnes d\u00e9favoris\u00e9es, le d\u00e9veloppement humain de l&rsquo;\u00e9quipe et l&rsquo;efficacit\u00e9 \u00e9nerg\u00e9tique<\/li>\n<li>Pr\u00e9sence dans plus de 30 pays avec notre jambon espagnol<\/li>\n<\/ul>\n<p>[\/vc_column_text][\/vc_column_inner][\/vc_row_inner][\/vc_column][vc_column width=\u00a0\u00bb1\/2&Prime;][vc_column_text]\n<div class=\"wpcf7 no-js\" id=\"wpcf7-f4469-o1\" lang=\"es-ES\" dir=\"ltr\" data-wpcf7-id=\"4469\">\n<div class=\"screen-reader-response\"><p role=\"status\" aria-live=\"polite\" aria-atomic=\"true\"><\/p> <ul><\/ul><\/div>\n<form action=\"\/fr\/wp-json\/wp\/v2\/pages\/10375#wpcf7-f4469-o1\" method=\"post\" class=\"wpcf7-form init\" aria-label=\"Formulario de contacto\" novalidate=\"novalidate\" data-status=\"init\">\n<fieldset class=\"hidden-fields-container\"><input type=\"hidden\" name=\"_wpcf7\" value=\"4469\" \/><input type=\"hidden\" name=\"_wpcf7_version\" value=\"6.1.5\" \/><input type=\"hidden\" name=\"_wpcf7_locale\" value=\"es_ES\" \/><input type=\"hidden\" name=\"_wpcf7_unit_tag\" value=\"wpcf7-f4469-o1\" \/><input type=\"hidden\" name=\"_wpcf7_container_post\" value=\"0\" \/><input type=\"hidden\" name=\"_wpcf7_posted_data_hash\" value=\"\" \/><input type=\"hidden\" name=\"_wpcf7_recaptcha_response\" value=\"\" \/>\n<\/fieldset>\n<h3><strong><span style=\"color: #e82f37;\">Formulaire de contact<\/span><\/strong>\n<\/h3>\n<p>Remplissez le formulaire suivant pour contacter cet associ\u00e9.\n<\/p>\n<p><label> Pr\u00e9nom et nom *<br \/>\n<span class=\"wpcf7-form-control-wrap\" data-name=\"nombre-apellidos\"><input size=\"40\" maxlength=\"400\" class=\"wpcf7-form-control wpcf7-text wpcf7-validates-as-required\" aria-required=\"true\" aria-invalid=\"false\" value=\"\" type=\"text\" name=\"nombre-apellidos\" \/><\/span> <\/label><br \/>\n<label> T\u00e9l\u00e9phone *<br \/>\n<span class=\"wpcf7-form-control-wrap\" data-name=\"telefono\"><input size=\"40\" maxlength=\"400\" class=\"wpcf7-form-control wpcf7-tel wpcf7-validates-as-required wpcf7-text wpcf7-validates-as-tel\" aria-required=\"true\" aria-invalid=\"false\" value=\"\" type=\"tel\" name=\"telefono\" \/><\/span> <\/label><br \/>\n<label> E-mail *<br \/>\n<span class=\"wpcf7-form-control-wrap\" data-name=\"e-mail\"><input size=\"40\" maxlength=\"400\" class=\"wpcf7-form-control wpcf7-email wpcf7-validates-as-required wpcf7-text wpcf7-validates-as-email\" aria-required=\"true\" aria-invalid=\"false\" value=\"\" type=\"email\" name=\"e-mail\" \/><\/span> <\/label><br \/>\n<label> Associ\u00e9 *<br \/>\n<span class=\"wpcf7-form-control-wrap\" data-name=\"asociado\"><select class=\"wpcf7-form-control wpcf7-select wpcf7-validates-as-required\" aria-required=\"true\" aria-invalid=\"false\" name=\"asociado\"><option value=\"Grupo Empresarial Costa, S.L.\">Grupo Empresarial Costa, S.L.<\/option><option value=\"Noel Alimentaria, S.A.U.\">Noel Alimentaria, S.A.U.<\/option><option value=\"ARGAL Alimentaci\u00f3n, S.A.\">ARGAL Alimentaci\u00f3n, S.A.<\/option><option value=\"Embutidos Caseros Collell, S.L.U.\">Embutidos Caseros Collell, S.L.U.<\/option><option value=\"ElPozo Alimentaci\u00f3n, S.A.\">ElPozo Alimentaci\u00f3n, S.A.<\/option><option value=\"Campofr\u00edo Food Group, S.A.\">Campofr\u00edo Food Group, S.A.<\/option><option value=\"Industrias C\u00e1rnicas Loriente Piqueras, S.A.\">Industrias C\u00e1rnicas Loriente Piqueras, S.A.<\/option><option value=\"Jamones Arroyo, S.L.\">Jamones Arroyo, S.L.<\/option><option value=\"Embutidos y Jamones Espa\u00f1a e Hijos, S.A.\">Embutidos y Jamones Espa\u00f1a e Hijos, S.A.<\/option><option value=\"Jamones Segovia, S.A.\">Jamones Segovia, S.A.<\/option><option value=\"Casademont 1956 Meat S.L.\">Casademont 1956 Meat S.L.<\/option><option value=\"Rafael Bar\u00f3, S.A.\">Rafael Bar\u00f3, S.A.<\/option><option value=\"FAR Jam\u00f3n Serrano, S.A.\">FAR Jam\u00f3n Serrano, S.A.<\/option><option value=\"Bell Espa\u00f1a Alimentaci\u00f3n S.L.U.\">Bell Espa\u00f1a Alimentaci\u00f3n S.L.U.<\/option><option value=\"Esteban Espu\u00f1a, S.A.\">Esteban Espu\u00f1a, S.A.<\/option><option value=\"Jamondul, S.L.\">Jamondul, S.L.<\/option><option value=\"Grupo Alejandro Miguel, S.L.\">Grupo Alejandro Miguel, S.L.<\/option><option value=\"Embutidos Goikoa, S.A.\">Embutidos Goikoa, S.A.<\/option><option value=\"Industrias C\u00e1rnicas\nTello, S.A\">Industrias C\u00e1rnicas\nTello, S.A<\/option><option value=\"Nico Jamones, S.L.\">Nico Jamones, S.L.<\/option><option value=\"Industrias C\u00e1rnicas Villar, S.A.\">Industrias C\u00e1rnicas Villar, S.A.<\/option><option value=\"Industrias Frigor\u00edficas del Louro, S.A.\">Industrias Frigor\u00edficas del Louro, S.A.<\/option><option value=\"Boadas 1880, S.A.\">Boadas 1880, S.A.<\/option><option value=\"Hijo de Jos\u00e9 Martinez Somalo, S.L.\">Hijo de Jos\u00e9 Martinez Somalo, S.L.<\/option><option value=\"C\u00e1rnicas Serrano, S.L.\">C\u00e1rnicas Serrano, S.L.<\/option><option value=\"Hermanos Mor\u00e1n, S.L.\">Hermanos Mor\u00e1n, S.L.<\/option><option value=\"Embutidos La Hoguera, S.A.\">Embutidos La Hoguera, S.A.<\/option><option value=\"Pirenaica del Jam\u00f3n, S.A.\">Pirenaica del Jam\u00f3n, S.A.<\/option><option value=\"Jamones Centelles, S.L.\">Jamones Centelles, S.L.<\/option><option value=\"Jamones Duriber, S.L.U.\">Jamones Duriber, S.L.U.<\/option><option value=\"Torre de Nu\u00f1ez\nde Conturiz, S.L.U\">Torre de Nu\u00f1ez\nde Conturiz, S.L.U<\/option><option value=\"Pere Porxas Pairo, S.L.\">Pere Porxas Pairo, S.L.<\/option><option value=\"Embutidos Rodri\u0301guez, S.L.U.\">Embutidos Rodri\u0301guez, S.L.U.<\/option><\/select><\/span><br \/>\n<\/label><br \/>\n<label> Message *<br \/>\n<span class=\"wpcf7-form-control-wrap\" data-name=\"mensaje-asociados\"><textarea cols=\"40\" rows=\"10\" maxlength=\"2000\" class=\"wpcf7-form-control wpcf7-textarea wpcf7-validates-as-required\" aria-required=\"true\" aria-invalid=\"false\" name=\"mensaje-asociados\"><\/textarea><\/span> <\/label><br \/>\n\n<\/p>\n<p><span class=\"wpcf7-form-control-wrap\" data-name=\"aceptar\"><span class=\"wpcf7-form-control wpcf7-acceptance\"><span class=\"wpcf7-list-item\"><label><input type=\"checkbox\" name=\"aceptar\" value=\"1\" aria-invalid=\"false\" \/><span class=\"wpcf7-list-item-label\">J'accepte la <a href=\"https:\/\/consorcioserrano.es\/fr\/politica-de-proteccion-de-datos\/\" target=\"_blank\">politique de confidentialit\u00e9 *<\/a><\/span><\/label><\/span><\/span><\/span>\n<\/p>\n<p> Les champs avec * sont obligatoires\n<\/p>\n<p><input class=\"wpcf7-form-control wpcf7-submit has-spinner\" type=\"submit\" value=\"Envoyer\" \/>\n<\/p>\n<table class=\"tabla-privacidad\">\n\t<thead>\n\t\t<tr>\n\t\t\t<td colspan=\"2\">\n\t\t\t\t<p>Informations de protection des donn\u00e9es\n\t\t\t\t<\/p>\n\t\t\t<\/td>\n\t\t<\/tr>\n\t<\/thead>\n\t<tbody>\n\t\t<tr>\n\t\t\t<td>\n\t\t\t\t<p>Responsable\n\t\t\t\t<\/p>\n\t\t\t<\/td>\n\t\t\t<td>\n\t\t\t\t<p>Consorcio del Jam\u00f3n Serrano Espa\u00f1ol\n\t\t\t\t<\/p>\n\t\t\t<\/td>\n\t\t<\/tr>\n\t\t<tr>\n\t\t\t<td>\n\t\t\t\t<p>Description des services fournis\n\t\t\t\t<\/p>\n\t\t\t<\/td>\n\t\t\t<td>\n\t\t\t\t<p>R\u00e9pondre aux informations demand\u00e9es, ainsi que fournir des informations sur les produits ou services du Consorcio et du secteur.\n\t\t\t\t<\/p>\n\t\t\t<\/td>\n\t\t<\/tr>\n\t\t<tr>\n\t\t\t<td>\n\t\t\t\t<p>L\u00e9gitimation\n\t\t\t\t<\/p>\n\t\t\t<\/td>\n\t\t\t<td>\n\t\t\t\t<p>Consentement de la partie int\u00e9ress\u00e9e\n\t\t\t\t<\/p>\n\t\t\t<\/td>\n\t\t<\/tr>\n\t\t<tr>\n\t\t\t<td>\n\t\t\t\t<p>Destinataires\n\t\t\t\t<\/p>\n\t\t\t<\/td>\n\t\t\t<td>\n\t\t\t\t<p>Les donn\u00e9es saisies sur le site Web consorcioserrano.es peuvent \u00eatre transf\u00e9r\u00e9es aux soci\u00e9t\u00e9s associ\u00e9es au Consorcio JSE.\n\t\t\t\t<\/p>\n\t\t\t<\/td>\n\t\t<\/tr>\n\t\t<tr>\n\t\t\t<td>\n\t\t\t\t<p>Droits\n\t\t\t\t<\/p>\n\t\t\t<\/td>\n\t\t\t<td>\n\t\t\t\t<p>L'utilisateur a le droit d'acc\u00e9der, rectifier et supprimer les donn\u00e9es, ainsi que d'autres droits, comme expliqu\u00e9 dans les informations suppl\u00e9mentaires.<br \/>\nInformation compl\u00e9mentaire.\n\t\t\t\t<\/p>\n\t\t\t<\/td>\n\t\t<\/tr>\n\t\t<tr>\n\t\t\t<td>\n\t\t\t\t<p>Information compl\u00e9mentaire\n\t\t\t\t<\/p>\n\t\t\t<\/td>\n\t\t\t<td>\n\t\t\t\t<p>Vous pouvez consulter les informations suppl\u00e9mentaires et d\u00e9taill\u00e9es sur la protection des donn\u00e9es sur notre site Web: <a href=\"https:\/\/consorcioserrano.es\/fr\/politique-de-confidentialite\/\" target=\"_blank\" rel=\"noopener\">https:\/\/consorcioserrano.es\/fr\/politique-de-confidentialite\/<\/a>\n\t\t\t\t<\/p>\n\t\t\t<\/td>\n\t\t<\/tr>\n\t<\/tbody>\n<\/table>\n<style>\n.grecaptcha-badge {\n\tdisplay: block;\n}\n<\/style><div class=\"wpcf7-response-output\" aria-hidden=\"true\"><\/div>\n<\/form>\n<\/div>\n[\/vc_column_text][\/vc_column][\/vc_row][vc_row][vc_column]\n<div id=\"ersspace-1\"><\/div><style type=\"text\/css\">#ersspace-1 { height: 80px; }<\/style>[\/vc_column][\/vc_row]<\/p>\n<\/div>","protected":false},"excerpt":{"rendered":"<p>[vc_row][vc_column width=\u00a0\u00bb1\/2&Prime; el_class=\u00a0\u00bbpanel-special-content\u00a0\u00bb][vc_column_text el_class=\u00a0\u00bbvc_quote_consorcio\u00a0\u00bb] Grupo Empresarial Costa, S.L.\u00a0 [\/vc_column_text][\/vc_column][vc_column width=\u00a0\u00bb1\/2&Prime;][\/vc_column][\/vc_row][vc_row][vc_column width=\u00a0\u00bb1\/2&Prime; el_class=\u00a0\u00bbpanel-special-content\u00a0\u00bb][vc_single_image image=\u00a0\u00bb10368&Prime; img_size=\u00a0\u00bbfull\u00a0\u00bb][vc_row_inner][vc_column_inner width=\u00a0\u00bb1\/2&Prime;][vc_column_text] Grupo Empresarial Costa, S.L. Ctra. Nacional II, km 437 22520 Fraga.<span class=\"excerpt-hellip\"> [\u2026]<\/span><\/p>\n","protected":false},"author":1,"featured_media":10368,"parent":3138,"menu_order":0,"comment_status":"closed","ping_status":"closed","template":"","meta":{"_acf_changed":false,"footnotes":""},"class_list":["post-10375","page","type-page","status-publish","has-post-thumbnail","hentry","sections_group lang-fr"],"yoast_head":"<!-- This site is optimized with the Yoast SEO plugin v27.2 - https:\/\/yoast.com\/product\/yoast-seo-wordpress\/ -->\n<title>Grupo Empresarial Costa, S.L. - Consorcio Jambon Serrano<\/title>\n<meta name=\"description\" content=\"ConsorcioSerrano : Jambon serrano haut de gamme certifi\u00e9 - S\u00e9lection manuelle de chaque jambon espagnol - Elaboration, d\u00e9coupe, tapas espagnoles\" \/>\n<meta name=\"robots\" content=\"index, follow, max-snippet:-1, max-image-preview:large, max-video-preview:-1\" \/>\n<link rel=\"canonical\" href=\"https:\/\/consorcioserrano.es\/fr\/qui-sommes-nous\/nos-associes\/grupo-empresarial-costa-s-l\/\" \/>\n<meta property=\"og:locale\" content=\"fr_FR\" \/>\n<meta property=\"og:type\" content=\"article\" \/>\n<meta property=\"og:title\" content=\"Grupo Empresarial Costa, S.L. - Consorcio Jambon Serrano\" \/>\n<meta property=\"og:description\" content=\"ConsorcioSerrano : Jambon serrano haut de gamme certifi\u00e9 - S\u00e9lection manuelle de chaque jambon espagnol - Elaboration, d\u00e9coupe, tapas espagnoles\" \/>\n<meta property=\"og:url\" content=\"https:\/\/consorcioserrano.es\/fr\/qui-sommes-nous\/nos-associes\/grupo-empresarial-costa-s-l\/\" \/>\n<meta property=\"og:site_name\" content=\"Consorcio del Jam\u00f3n Serrano\" \/>\n<meta property=\"article:modified_time\" content=\"2024-02-06T10:16:59+00:00\" \/>\n<meta property=\"og:image\" content=\"https:\/\/consorcioserrano.es\/wp-content\/uploads\/2020\/01\/logo-costa-food-group.png\" \/>\n\t<meta property=\"og:image:width\" content=\"645\" \/>\n\t<meta property=\"og:image:height\" content=\"402\" \/>\n\t<meta property=\"og:image:type\" content=\"image\/png\" \/>\n<meta name=\"twitter:card\" content=\"summary_large_image\" \/>\n<meta name=\"twitter:label1\" content=\"Dur\u00e9e de lecture estim\u00e9e\" \/>\n\t<meta name=\"twitter:data1\" content=\"2 minutes\" \/>\n<script type=\"application\/ld+json\" class=\"yoast-schema-graph\">{\"@context\":\"https:\/\/schema.org\",\"@graph\":[{\"@type\":\"WebPage\",\"@id\":\"https:\/\/consorcioserrano.es\/fr\/qui-sommes-nous\/nos-associes\/grupo-empresarial-costa-s-l\/\",\"url\":\"https:\/\/consorcioserrano.es\/fr\/qui-sommes-nous\/nos-associes\/grupo-empresarial-costa-s-l\/\",\"name\":\"Grupo Empresarial Costa, S.L. - Consorcio Jambon Serrano\",\"isPartOf\":{\"@id\":\"https:\/\/consorcioserrano.es\/#website\"},\"primaryImageOfPage\":{\"@id\":\"https:\/\/consorcioserrano.es\/fr\/qui-sommes-nous\/nos-associes\/grupo-empresarial-costa-s-l\/#primaryimage\"},\"image\":{\"@id\":\"https:\/\/consorcioserrano.es\/fr\/qui-sommes-nous\/nos-associes\/grupo-empresarial-costa-s-l\/#primaryimage\"},\"thumbnailUrl\":\"https:\/\/consorcioserrano.es\/wp-content\/uploads\/2020\/01\/logo-costa-food-group.png\",\"datePublished\":\"2020-01-14T14:55:33+00:00\",\"dateModified\":\"2024-02-06T10:16:59+00:00\",\"description\":\"ConsorcioSerrano : Jambon serrano haut de gamme certifi\u00e9 - S\u00e9lection manuelle de chaque jambon espagnol - Elaboration, d\u00e9coupe, tapas espagnoles\",\"breadcrumb\":{\"@id\":\"https:\/\/consorcioserrano.es\/fr\/qui-sommes-nous\/nos-associes\/grupo-empresarial-costa-s-l\/#breadcrumb\"},\"inLanguage\":\"fr-FR\",\"potentialAction\":[{\"@type\":\"ReadAction\",\"target\":[\"https:\/\/consorcioserrano.es\/fr\/qui-sommes-nous\/nos-associes\/grupo-empresarial-costa-s-l\/\"]}]},{\"@type\":\"ImageObject\",\"inLanguage\":\"fr-FR\",\"@id\":\"https:\/\/consorcioserrano.es\/fr\/qui-sommes-nous\/nos-associes\/grupo-empresarial-costa-s-l\/#primaryimage\",\"url\":\"https:\/\/consorcioserrano.es\/wp-content\/uploads\/2020\/01\/logo-costa-food-group.png\",\"contentUrl\":\"https:\/\/consorcioserrano.es\/wp-content\/uploads\/2020\/01\/logo-costa-food-group.png\",\"width\":645,\"height\":402,\"caption\":\"Grupo Empresarial Costa, S.L.\"},{\"@type\":\"BreadcrumbList\",\"@id\":\"https:\/\/consorcioserrano.es\/fr\/qui-sommes-nous\/nos-associes\/grupo-empresarial-costa-s-l\/#breadcrumb\",\"itemListElement\":[{\"@type\":\"ListItem\",\"position\":1,\"name\":\"Portada\",\"item\":\"https:\/\/consorcioserrano.es\/fr\/\"},{\"@type\":\"ListItem\",\"position\":2,\"name\":\"Qui sommes nous\",\"item\":\"https:\/\/consorcioserrano.es\/fr\/qui-sommes-nous\/\"},{\"@type\":\"ListItem\",\"position\":3,\"name\":\"Nos associ\u00e9s\",\"item\":\"https:\/\/consorcioserrano.es\/fr\/qui-sommes-nous\/nos-associes\/\"},{\"@type\":\"ListItem\",\"position\":4,\"name\":\"Grupo Empresarial Costa, S.L.\"}]},{\"@type\":\"WebSite\",\"@id\":\"https:\/\/consorcioserrano.es\/#website\",\"url\":\"https:\/\/consorcioserrano.es\/\",\"name\":\"Consorcio del Jam\u00f3n Serrano\",\"description\":\"ConsorcioSerrano : Jambon serrano haut de gamme certifi\u00e9 - S\u00e9lection manuelle de chaque jambon espagnol - Elaboration, d\u00e9coupe, tapas espagnoles\",\"potentialAction\":[{\"@type\":\"SearchAction\",\"target\":{\"@type\":\"EntryPoint\",\"urlTemplate\":\"https:\/\/consorcioserrano.es\/?s={search_term_string}\"},\"query-input\":{\"@type\":\"PropertyValueSpecification\",\"valueRequired\":true,\"valueName\":\"search_term_string\"}}],\"inLanguage\":\"fr-FR\"}]}<\/script>\n<!-- \/ Yoast SEO plugin. -->","yoast_head_json":{"title":"Grupo Empresarial Costa, S.L. - Consorcio Jambon Serrano","description":"ConsorcioSerrano : Jambon serrano haut de gamme certifi\u00e9 - S\u00e9lection manuelle de chaque jambon espagnol - Elaboration, d\u00e9coupe, tapas espagnoles","robots":{"index":"index","follow":"follow","max-snippet":"max-snippet:-1","max-image-preview":"max-image-preview:large","max-video-preview":"max-video-preview:-1"},"canonical":"https:\/\/consorcioserrano.es\/fr\/qui-sommes-nous\/nos-associes\/grupo-empresarial-costa-s-l\/","og_locale":"fr_FR","og_type":"article","og_title":"Grupo Empresarial Costa, S.L. - Consorcio Jambon Serrano","og_description":"ConsorcioSerrano : Jambon serrano haut de gamme certifi\u00e9 - S\u00e9lection manuelle de chaque jambon espagnol - Elaboration, d\u00e9coupe, tapas espagnoles","og_url":"https:\/\/consorcioserrano.es\/fr\/qui-sommes-nous\/nos-associes\/grupo-empresarial-costa-s-l\/","og_site_name":"Consorcio del Jam\u00f3n Serrano","article_modified_time":"2024-02-06T10:16:59+00:00","og_image":[{"width":645,"height":402,"url":"https:\/\/consorcioserrano.es\/wp-content\/uploads\/2020\/01\/logo-costa-food-group.png","type":"image\/png"}],"twitter_card":"summary_large_image","twitter_misc":{"Dur\u00e9e de lecture estim\u00e9e":"2 minutes"},"schema":{"@context":"https:\/\/schema.org","@graph":[{"@type":"WebPage","@id":"https:\/\/consorcioserrano.es\/fr\/qui-sommes-nous\/nos-associes\/grupo-empresarial-costa-s-l\/","url":"https:\/\/consorcioserrano.es\/fr\/qui-sommes-nous\/nos-associes\/grupo-empresarial-costa-s-l\/","name":"Grupo Empresarial Costa, S.L. - Consorcio Jambon Serrano","isPartOf":{"@id":"https:\/\/consorcioserrano.es\/#website"},"primaryImageOfPage":{"@id":"https:\/\/consorcioserrano.es\/fr\/qui-sommes-nous\/nos-associes\/grupo-empresarial-costa-s-l\/#primaryimage"},"image":{"@id":"https:\/\/consorcioserrano.es\/fr\/qui-sommes-nous\/nos-associes\/grupo-empresarial-costa-s-l\/#primaryimage"},"thumbnailUrl":"https:\/\/consorcioserrano.es\/wp-content\/uploads\/2020\/01\/logo-costa-food-group.png","datePublished":"2020-01-14T14:55:33+00:00","dateModified":"2024-02-06T10:16:59+00:00","description":"ConsorcioSerrano : Jambon serrano haut de gamme certifi\u00e9 - S\u00e9lection manuelle de chaque jambon espagnol - Elaboration, d\u00e9coupe, tapas espagnoles","breadcrumb":{"@id":"https:\/\/consorcioserrano.es\/fr\/qui-sommes-nous\/nos-associes\/grupo-empresarial-costa-s-l\/#breadcrumb"},"inLanguage":"fr-FR","potentialAction":[{"@type":"ReadAction","target":["https:\/\/consorcioserrano.es\/fr\/qui-sommes-nous\/nos-associes\/grupo-empresarial-costa-s-l\/"]}]},{"@type":"ImageObject","inLanguage":"fr-FR","@id":"https:\/\/consorcioserrano.es\/fr\/qui-sommes-nous\/nos-associes\/grupo-empresarial-costa-s-l\/#primaryimage","url":"https:\/\/consorcioserrano.es\/wp-content\/uploads\/2020\/01\/logo-costa-food-group.png","contentUrl":"https:\/\/consorcioserrano.es\/wp-content\/uploads\/2020\/01\/logo-costa-food-group.png","width":645,"height":402,"caption":"Grupo Empresarial Costa, S.L."},{"@type":"BreadcrumbList","@id":"https:\/\/consorcioserrano.es\/fr\/qui-sommes-nous\/nos-associes\/grupo-empresarial-costa-s-l\/#breadcrumb","itemListElement":[{"@type":"ListItem","position":1,"name":"Portada","item":"https:\/\/consorcioserrano.es\/fr\/"},{"@type":"ListItem","position":2,"name":"Qui sommes nous","item":"https:\/\/consorcioserrano.es\/fr\/qui-sommes-nous\/"},{"@type":"ListItem","position":3,"name":"Nos associ\u00e9s","item":"https:\/\/consorcioserrano.es\/fr\/qui-sommes-nous\/nos-associes\/"},{"@type":"ListItem","position":4,"name":"Grupo Empresarial Costa, S.L."}]},{"@type":"WebSite","@id":"https:\/\/consorcioserrano.es\/#website","url":"https:\/\/consorcioserrano.es\/","name":"Consorcio del Jam\u00f3n Serrano","description":"ConsorcioSerrano : Jambon serrano haut de gamme certifi\u00e9 - S\u00e9lection manuelle de chaque jambon espagnol - Elaboration, d\u00e9coupe, tapas espagnoles","potentialAction":[{"@type":"SearchAction","target":{"@type":"EntryPoint","urlTemplate":"https:\/\/consorcioserrano.es\/?s={search_term_string}"},"query-input":{"@type":"PropertyValueSpecification","valueRequired":true,"valueName":"search_term_string"}}],"inLanguage":"fr-FR"}]}},"acf":[],"_links":{"self":[{"href":"https:\/\/consorcioserrano.es\/fr\/wp-json\/wp\/v2\/pages\/10375","targetHints":{"allow":["GET"]}}],"collection":[{"href":"https:\/\/consorcioserrano.es\/fr\/wp-json\/wp\/v2\/pages"}],"about":[{"href":"https:\/\/consorcioserrano.es\/fr\/wp-json\/wp\/v2\/types\/page"}],"author":[{"embeddable":true,"href":"https:\/\/consorcioserrano.es\/fr\/wp-json\/wp\/v2\/users\/1"}],"replies":[{"embeddable":true,"href":"https:\/\/consorcioserrano.es\/fr\/wp-json\/wp\/v2\/comments?post=10375"}],"version-history":[{"count":3,"href":"https:\/\/consorcioserrano.es\/fr\/wp-json\/wp\/v2\/pages\/10375\/revisions"}],"predecessor-version":[{"id":22069,"href":"https:\/\/consorcioserrano.es\/fr\/wp-json\/wp\/v2\/pages\/10375\/revisions\/22069"}],"up":[{"embeddable":true,"href":"https:\/\/consorcioserrano.es\/fr\/wp-json\/wp\/v2\/pages\/3138"}],"wp:featuredmedia":[{"embeddable":true,"href":"https:\/\/consorcioserrano.es\/fr\/wp-json\/wp\/v2\/media\/10368"}],"wp:attachment":[{"href":"https:\/\/consorcioserrano.es\/fr\/wp-json\/wp\/v2\/media?parent=10375"}],"curies":[{"name":"wp","href":"https:\/\/api.w.org\/{rel}","templated":true}]}}