{"id":16190,"date":"2023-11-24T10:08:47","date_gmt":"2023-11-24T09:08:47","guid":{"rendered":"https:\/\/consorcioserrano.es\/?page_id=16190"},"modified":"2024-02-20T13:45:50","modified_gmt":"2024-02-20T12:45:50","slug":"comment-consommer","status":"publish","type":"page","link":"https:\/\/consorcioserrano.es\/fr\/jambon-consorcio-serrano\/comment-consommer\/","title":{"rendered":"Comment consommer"},"content":{"rendered":"<div class=\"wpb-content-wrapper\"><p>[vc_row full_width=\u00a0\u00bbstretch_row\u00a0\u00bb css=\u00a0\u00bb.vc_custom_1698666272764{background-color: #161616 !important;}\u00a0\u00bb el_class=\u00a0\u00bbnext-row-no-padding\u00a0\u00bb][vc_column el_class=\u00a0\u00bbcolumn-no-padding\u00a0\u00bb][vc_column_text css=\u00a0\u00bb.vc_custom_1700567252285{padding-left: 100px !important;background-color: #161616 !important;}\u00a0\u00bb el_class=\u00a0\u00bbno-margin-with-padding no-margin-with-padding-left\u00a0\u00bb el_id=\u00a0\u00bbdiv-sello\u00a0\u00bb]<\/p>\n<p class=\"image-h2\" style=\"padding-top: 0px; margin-bottom: 0px;\"><img loading=\"lazy\" decoding=\"async\" class=\"size-full wp-image-975 alignleft img-certificado-consorcio\" title=\"Certificado por Consorcio Serrano - Selecci\u00f3n a mano\" src=\"https:\/\/consorcioserrano.es\/wp-content\/uploads\/2023\/11\/sello_jamon_consorcio_2023_red.png\" alt=\"Certificado por Consorcio Serrano - Selecci\u00f3n a mano\" width=\"140\" height=\"60\" \/><\/p>\n<h1 style=\"text-align: left;\"><strong>Le Jambon<\/strong> Consorcio Serrano<\/h1>\n<p>[\/vc_column_text][\/vc_column][\/vc_row][vc_row full_width=\u00a0\u00bbstretch_row_content_no_spaces\u00a0\u00bb css=\u00a0\u00bb.vc_custom_1703173685883{background-color: #000000 !important;background-position: center !important;background-repeat: no-repeat !important;background-size: cover !important;}\u00a0\u00bb el_class=\u00a0\u00bbno-padding-top six-columns consorcio-submenu\u00a0\u00bb][vc_column][vc_wp_custommenu nav_menu=\u00a0\u00bb11698&Prime; el_id=\u00a0\u00bbconsorcio-jamon-serrano\u00a0\u00bb][\/vc_column][\/vc_row][vc_row full_width=\u00a0\u00bbstretch_row\u00a0\u00bb disable_element=\u00a0\u00bbyes\u00a0\u00bb css=\u00a0\u00bb.vc_custom_1703239802538{background-color: #161616 !important;}\u00a0\u00bb el_class=\u00a0\u00bbno-padding-top six-columns consorcio-submenu\u00a0\u00bb el_id=\u00a0\u00bbconsorcio-submenu\u00a0\u00bb][vc_column width=\u00a0\u00bb1\/6&Prime; offset=\u00a0\u00bbvc_col-lg-2 vc_col-md-4 vc_hidden-sm vc_hidden-xs\u00a0\u00bb el_class=\u00a0\u00bbno-lateral-padding\u00a0\u00bb]\n    <a href=\"https:\/\/consorcioserrano.es\/fr\/jambon-consorcio-serrano\/histoire-et-tradition\/\"   class=\"vc_link_consorcio\" title=\" Histoire et tradition \">\n    <div class=\"roll_wrap\" id=\"\">\n\t\t\n        <div class=\"roll_wrap_img opacity-submenu-hover\" ><img decoding=\"async\" src=\"https:\/\/consorcioserrano.es\/wp-content\/uploads\/2017\/10\/Historia-y-tradicion.jpg\" class=\"img-responsive \" > <\/div>\n\t\t\n\n\t\t\n\t\t\n\t        <div class=\"roll_wrap_link_imagetextmenu  \" style=\"color:#ff0000; font-size:;\"><p class=\"six-columns-img\"><img loading=\"lazy\" decoding=\"async\" class=\"size-full wp-image-2600 alignleft\" src=\"http:\/\/consorcioserrano.es\/wp-content\/uploads\/2017\/10\/s-60.png\" alt=\"\" width=\"60\" height=\"60\" \/><\/p>\n<h3><strong>Histoire et tradition<\/strong><\/h3>\n<\/div>\n\t\t\n    <\/div>\n    <\/a>[\/vc_column][vc_column width=\u00a0\u00bb1\/6&Prime; offset=\u00a0\u00bbvc_col-lg-2 vc_col-md-4 vc_hidden-sm vc_hidden-xs\u00a0\u00bb el_class=\u00a0\u00bbno-lateral-padding\u00a0\u00bb]\n    <a href=\"https:\/\/consorcioserrano.es\/fr\/jambon-consorcio-serrano\/elaboration\/\"   class=\"vc_link_consorcio\" title=\" Elaboration \">\n    <div class=\"roll_wrap\" id=\"\">\n\t\t\n        <div class=\"roll_wrap_img opacity-submenu-hover\" ><img decoding=\"async\" src=\"https:\/\/consorcioserrano.es\/wp-content\/uploads\/2017\/10\/Elaboracion.jpg\" class=\"img-responsive \" > <\/div>\n\t\t\n\n\t\t\n\t\t\n\t        <div class=\"roll_wrap_link_imagetextmenu  \" style=\"color:#ff0000; font-size:;\"><p class=\"six-columns-img\"><img loading=\"lazy\" decoding=\"async\" class=\"size-full wp-image-2600 alignleft\" src=\"http:\/\/consorcioserrano.es\/wp-content\/uploads\/2017\/10\/s-60.png\" alt=\"\" width=\"60\" height=\"60\" \/><\/p>\n<h3>Elaboration<\/h3>\n<\/div>\n\t\t\n    <\/div>\n    <\/a>[\/vc_column][vc_column width=\u00a0\u00bb1\/6&Prime; offset=\u00a0\u00bbvc_col-lg-2 vc_col-md-4 vc_hidden-sm vc_hidden-xs\u00a0\u00bb el_class=\u00a0\u00bbno-lateral-padding\u00a0\u00bb]\n    <a href=\"https:\/\/consorcioserrano.es\/fr\/jambon-consorcio-serrano\/saveur-arome-et-conservation\/\"   class=\"vc_link_consorcio\" title=\" Saveur, ar\u00f4me et conservation \">\n    <div class=\"roll_wrap\" id=\"\">\n\t\t\n        <div class=\"roll_wrap_img opacity-submenu-hover\" ><img decoding=\"async\" src=\"https:\/\/consorcioserrano.es\/wp-content\/uploads\/2017\/10\/Sabor-y-aroma.jpg\" class=\"img-responsive \" > <\/div>\n\t\t\n\n\t\t\n\t\t\n\t        <div class=\"roll_wrap_link_imagetextmenu  \" style=\"color:#ff0000; font-size:;\"><p class=\"six-columns-img\"><img loading=\"lazy\" decoding=\"async\" class=\"size-full wp-image-2600 alignleft\" src=\"http:\/\/consorcioserrano.es\/wp-content\/uploads\/2017\/10\/s-60.png\" alt=\"\" width=\"60\" height=\"60\" \/><\/p>\n<h3>Saveur, ar\u00f4me et conservation<\/h3>\n<\/div>\n\t\t\n    <\/div>\n    <\/a>[\/vc_column][vc_column width=\u00a0\u00bb1\/6&Prime; offset=\u00a0\u00bbvc_col-lg-2 vc_col-md-4 vc_hidden-sm vc_hidden-xs\u00a0\u00bb el_class=\u00a0\u00bbno-lateral-padding\u00a0\u00bb]\n    <a href=\"https:\/\/consorcioserrano.es\/fr\/jambon-consorcio-serrano\/garantie-de-qualite\/\"   class=\"vc_link_consorcio\" title=\" Garantie de qualit\u00e9 \">\n    <div class=\"roll_wrap\" id=\"\">\n\t\t\n        <div class=\"roll_wrap_img opacity-submenu-hover\" ><img decoding=\"async\" src=\"https:\/\/consorcioserrano.es\/wp-content\/uploads\/2017\/10\/Garantia-de-calidad.jpg\" class=\"img-responsive \" > <\/div>\n\t\t\n\n\t\t\n\t\t\n\t        <div class=\"roll_wrap_link_imagetextmenu  \" style=\"color:#ff0000; font-size:;\"><p class=\"six-columns-img\"><img loading=\"lazy\" decoding=\"async\" class=\"size-full wp-image-2600 alignleft\" src=\"http:\/\/consorcioserrano.es\/wp-content\/uploads\/2017\/10\/s-60.png\" alt=\"\" width=\"60\" height=\"60\" \/><\/p>\n<h3><strong>Garantie de qualit\u00e9<\/strong><\/h3>\n<\/div>\n\t\t\n    <\/div>\n    <\/a>[\/vc_column][vc_column width=\u00a0\u00bb1\/6&Prime; offset=\u00a0\u00bbvc_col-lg-2 vc_col-md-4 vc_hidden-sm vc_hidden-xs\u00a0\u00bb el_class=\u00a0\u00bbno-lateral-padding\u00a0\u00bb]\n    <a href=\"https:\/\/consorcioserrano.es\/fr\/jambon-consorcio-serrano\/comment-consommer\/\"   class=\"vc_link_consorcio\" title=\" Comment consommer \">\n    <div class=\"roll_wrap\" id=\"\">\n\t\t\n        <div class=\"roll_wrap_img \" ><img decoding=\"async\" src=\"https:\/\/consorcioserrano.es\/wp-content\/uploads\/2017\/10\/Como-consumirlo.jpg\" class=\"img-responsive \" > <\/div>\n\t\t\n\n\t\t\n\t\t\n\t        <div class=\"roll_wrap_link_imagetextmenu  \" style=\"color:#ff0000; font-size:;\"><p class=\"six-columns-img\"><img loading=\"lazy\" decoding=\"async\" class=\"size-full wp-image-2600 alignleft\" src=\"http:\/\/consorcioserrano.es\/wp-content\/uploads\/2017\/10\/s-60.png\" alt=\"\" width=\"60\" height=\"60\" \/><\/p>\n<h3><strong>Comment consommer<\/strong><\/h3>\n<\/div>\n\t\t\n    <\/div>\n    <\/a>[\/vc_column][vc_column width=\u00a0\u00bb1\/6&Prime; offset=\u00a0\u00bbvc_col-lg-2 vc_col-md-4 vc_hidden-sm vc_hidden-xs\u00a0\u00bb el_class=\u00a0\u00bbno-lateral-padding\u00a0\u00bb]\n    <a href=\"https:\/\/consorcioserrano.es\/fr\/jambon-consorcio-serrano\/types-de-jambon\/\"   class=\"vc_link_consorcio\" title=\" Types de Jambon \">\n    <div class=\"roll_wrap\" id=\"\">\n\t\t\n        <div class=\"roll_wrap_img opacity-submenu-hover\" ><img decoding=\"async\" src=\"https:\/\/consorcioserrano.es\/wp-content\/uploads\/2017\/10\/Tipos-de-Jamon.jpg\" class=\"img-responsive \" > <\/div>\n\t\t\n\n\t\t\n\t\t\n\t        <div class=\"roll_wrap_link_imagetextmenu  \" style=\"color:#ff0000; font-size:;\"><p class=\"six-columns-img\"><img loading=\"lazy\" decoding=\"async\" class=\"size-full wp-image-2600 alignleft\" src=\"http:\/\/consorcioserrano.es\/wp-content\/uploads\/2017\/10\/s-60.png\" alt=\"\" width=\"60\" height=\"60\" \/><\/p>\n<h3>Types de Jambon<\/h3>\n<\/div>\n\t\t\n    <\/div>\n    <\/a>[\/vc_column][\/vc_row][vc_row full_width=\u00a0\u00bbstretch_row_content_no_spaces\u00a0\u00bb css=\u00a0\u00bb.vc_custom_1509629144595{background-image: url(http:\/\/consorcioserrano.es\/wp-content\/uploads\/2017\/10\/como-consumirlo-1900&#215;331.jpg?id=1616) !important;background-position: center !important;background-repeat: no-repeat !important;background-size: cover !important;}\u00a0\u00bb][vc_column]\n<div id=\"ersspace-1\"><\/div><style type=\"text\/css\">#ersspace-1 { height: 320px; }\n@media handheld, only screen and (max-width: 1199px) {\n\t#ersspace-1 { height: 300px; }\n}\n@media handheld, only screen and (max-width: 1023px) {\n\t#ersspace-1 { height: 300px; }\n}\n@media handheld, only screen and (max-width: 767px) {\n\t#ersspace-1 { height: 260px; }\n}<\/style>[\/vc_column][\/vc_row][vc_row el_class=\u00a0\u00bbcolumn-special-one\u00a0\u00bb][vc_column width=\u00a0\u00bb2\/3&Prime; el_class=\u00a0\u00bbpanel-special-content\u00a0\u00bb][vc_row_inner][vc_column_inner][vc_column_text el_class=\u00a0\u00bbvc_quote_consorcio\u00a0\u00bb]<\/p>\n<div class=\"vc_quote_consorcio_icon\"><img loading=\"lazy\" decoding=\"async\" class=\"alignnone size-full wp-image-1101\" src=\"http:\/\/consorcioserrano.es\/wp-content\/uploads\/2017\/10\/comillas-abrir-1.png\" alt=\"\" width=\"59\" height=\"53\" srcset=\"https:\/\/consorcioserrano.es\/wp-content\/uploads\/2017\/10\/comillas-abrir-1.png 59w, https:\/\/consorcioserrano.es\/wp-content\/uploads\/2017\/10\/comillas-abrir-1-50x45.png 50w\" sizes=\"auto, (max-width:767px) 59px, 59px\" \/><\/div>\n<div class=\"vc_quote_consorcio_content\">\n<h1>Comment consommer <strong>le jambon serrano<\/strong>\u00a0<img loading=\"lazy\" decoding=\"async\" class=\"alignnone size-full wp-image-1100\" src=\"http:\/\/consorcioserrano.es\/wp-content\/uploads\/2017\/10\/comillas-cerrar-1.png\" alt=\"\" width=\"59\" height=\"53\" srcset=\"https:\/\/consorcioserrano.es\/wp-content\/uploads\/2017\/10\/comillas-cerrar-1.png 59w, https:\/\/consorcioserrano.es\/wp-content\/uploads\/2017\/10\/comillas-cerrar-1-50x45.png 50w\" sizes=\"auto, (max-width:767px) 59px, 59px\" \/><\/h1>\n<\/div>\n<p>[\/vc_column_text][\/vc_column_inner][\/vc_row_inner][vc_row_inner][vc_column_inner][vc_single_image image=\u00a0\u00bb2431&Prime; img_size=\u00a0\u00bbfull\u00a0\u00bb][\/vc_column_inner][\/vc_row_inner][vc_row_inner][vc_column_inner][vc_empty_space height=\u00a0\u00bb20px\u00a0\u00bb][\/vc_column_inner][\/vc_row_inner][vc_row_inner][vc_column_inner][vc_column_text]<\/p>\n<h3><strong><span style=\"color: #e82f37;\">Comment consommer le jam\u00f3n serrano CJSE<\/span><\/strong><\/h3>\n<p>[\/vc_column_text][\/vc_column_inner][\/vc_row_inner][vc_row_inner][vc_column_inner width=\u00a0\u00bb1\/2&Prime;][vc_column_text]Le <strong>Jambon Consorcio Serrano<\/strong> peut se consommer seul, bien qu\u2019il s\u2019accompagne en g\u00e9n\u00e9ral avec du pain, du fromage, des fruits, du poisson, des l\u00e9gumes, etc.<\/p>\n<p>Gr\u00e2ce \u00e0 son intense saveur, il est facile de le combiner avec n\u2019importe quel produit, en admettant un large \u00e9ventail de touches personnelles r\u00e9pondant aux go\u00fbts de chaque convive. Il peut se consommer en tapas, s\u2019ajouter \u00e0 des plats simples ou plus \u00e9labor\u00e9s, que ce soit de cuisine traditionnelle ou de cuisine cr\u00e9ative.[\/vc_column_text][\/vc_column_inner][vc_column_inner width=\u00a0\u00bb1\/2&Prime;][vc_column_text]<\/p>\n<p>Il serait impensable de trouver une recette espagnole qui n\u2019inclut pas le jambon cru comme un de ses ingr\u00e9dients vedette.<\/p>\n<p>Si vous poss\u00e9dez une pi\u00e8ce de <strong>Jam\u00f3n Consorcio Serrano<\/strong> enti\u00e8re, pour l\u2019entamer il faut enlever la cro\u00fbte et la graisse selon votre convenance.<\/p>\n<p>Il est important de ne pas enlever la graisse enti\u00e8rement, car elle permet de conserver <strong>la saveur incomparable du jambon serrano<\/strong>. Par cons\u00e9quent, il est conseill\u00e9 d\u2019enlever uniquement la moiti\u00e9 de la graisse qui l\u2019entoure.[\/vc_column_text][\/vc_column_inner][\/vc_row_inner][vc_column_text el_class=\u00a0\u00bbvc_quote_consorcio vc_quote_consorcio_other\u00a0\u00bb]<\/p>\n<div class=\"vc_quote_consorcio_icon\"><img loading=\"lazy\" decoding=\"async\" class=\"alignnone size-full wp-image-1101\" src=\"http:\/\/consorcioserrano.es\/wp-content\/uploads\/2017\/10\/comillas-abrir-1.png\" alt=\"\" width=\"59\" height=\"53\" srcset=\"https:\/\/consorcioserrano.es\/wp-content\/uploads\/2017\/10\/comillas-abrir-1.png 59w, https:\/\/consorcioserrano.es\/wp-content\/uploads\/2017\/10\/comillas-abrir-1-50x45.png 50w\" sizes=\"auto, (max-width:767px) 59px, 59px\" \/><\/div>\n<div class=\"vc_quote_consorcio_content\">\n<h2>Gr\u00e2ce \u00e0 son <strong>intense saveur<\/strong>, il est <strong>facile de le combiner<\/strong> avec n\u2019importe quel produit, en admettant un <strong>large \u00e9ventail de touches personnelles<\/strong> r\u00e9pondant aux go\u00fbts de chaque convive.<\/h2>\n<\/div>\n<p>[\/vc_column_text][vc_row_inner][vc_column_inner width=\u00a0\u00bb1\/2&Prime;][vc_column_text]Au moment de proc\u00e9der \u00e0 la d\u00e9coupe, les tranches doivent \u00eatre les plus fines possible (de l\u2019\u00e9paisseur d\u2019une feuille de papier) pour appr\u00e9cier sa texture et sa saveur unique.<\/p>\n<p><strong><a href=\"https:\/\/consorcioserrano.es\/fr\/comment-decouper-votre-jambon-consorcio-serrano\/\"><span style=\"color: #e82f37;\">Plus d&rsquo;informations sur la d\u00e9coupe du jambon Serrano<\/span><\/a><\/strong>[\/vc_column_text][\/vc_column_inner][vc_column_inner width=\u00a0\u00bb1\/2&Prime;][vc_column_text]Si vous achetez des centres ou des tranches, pour une correcte d\u00e9gustation il faut les sortir du r\u00e9frig\u00e9rateur au moins 10-15 minutes avant leur consommation. De cette fa\u00e7on, cela permettra que le <strong>Jam\u00f3n Consorcio Serrano<\/strong> augmente peu \u00e0 peu de temp\u00e9rature jusqu\u2019\u00e0 atteindre la temp\u00e9rature ambiante, et obtenir une d\u00e9gustation optimale.[\/vc_column_text][\/vc_column_inner][\/vc_row_inner][\/vc_column][vc_column width=\u00a0\u00bb1\/3&Prime;]\n<div id=\"ersspace-2\"><\/div><style type=\"text\/css\">#ersspace-2 { height: 260px; }\n@media handheld, only screen and (max-width: 767px) {\n\t#ersspace-2 { height: 0px; }\n}<\/style>[vc_row_inner el_class=\u00a0\u00bbpanel-special-aside\u00a0\u00bb][vc_column_inner][vc_single_image image=\u00a0\u00bb1617&Prime; img_size=\u00a0\u00bbfull\u00a0\u00bb][vc_column_text]Comme preuve de sa polyvalence, le Consorcio del Jam\u00f3n Serrano Espa\u00f1ol met \u00e0 votre disposition une s\u00e9rie de recettes et de tapas espagnoles qui vous permettent de savoir comment profiter des qualit\u00e9s gastronomiques de notre jambon.<\/p>\n<p>Ces recettes au jambon cru, typiques de la cuisine espagnole, incluent des tapas espagnoles traditionnelles, des recettes sophistiqu\u00e9es, ainsi que des plats de saison, des salades, etc.<\/p>\n<p><a href=\"https:\/\/consorcioserrano.es\/fr\/recettes-tapas-et-sandwiches\/tapas-au-jambon-serrano\/\"><strong>Cliquez ici pour voir les tapas espagnoles<\/strong><\/a><\/p>\n<p><strong><a href=\"https:\/\/consorcioserrano.es\/fr\/recettes-tapas-et-sandwiches\/\" target=\"_blank\" rel=\"noopener noreferrer\">Cliquez ici pour voir les recettes<\/a><\/strong>[\/vc_column_text][\/vc_column_inner][\/vc_row_inner][\/vc_column][\/vc_row][vc_row][vc_column]\n<div id=\"ersspace-3\"><\/div><style type=\"text\/css\">#ersspace-3 { height: 80px; }<\/style>[\/vc_column][\/vc_row]<\/p>\n<\/div>","protected":false},"excerpt":{"rendered":"<p>[vc_row full_width=\u00a0\u00bbstretch_row\u00a0\u00bb css=\u00a0\u00bb.vc_custom_1698666272764{background-color: #161616 !important;}\u00a0\u00bb el_class=\u00a0\u00bbnext-row-no-padding\u00a0\u00bb][vc_column el_class=\u00a0\u00bbcolumn-no-padding\u00a0\u00bb][vc_column_text css=\u00a0\u00bb.vc_custom_1700567252285{padding-left: 100px !important;background-color: #161616 !important;}\u00a0\u00bb el_class=\u00a0\u00bbno-margin-with-padding no-margin-with-padding-left\u00a0\u00bb el_id=\u00a0\u00bbdiv-sello\u00a0\u00bb] Le Jambon Consorcio Serrano [\/vc_column_text][\/vc_column][\/vc_row][vc_row full_width=\u00a0\u00bbstretch_row_content_no_spaces\u00a0\u00bb css=\u00a0\u00bb.vc_custom_1703173685883{background-color: #000000 !important;background-position: center !important;background-repeat:<span class=\"excerpt-hellip\"> [\u2026]<\/span><\/p>\n","protected":false},"author":1,"featured_media":0,"parent":2929,"menu_order":0,"comment_status":"closed","ping_status":"closed","template":"","meta":{"_acf_changed":false,"footnotes":""},"class_list":["post-16190","page","type-page","status-publish","hentry","sections_group lang-fr"],"yoast_head":"<!-- This site is optimized with the Yoast SEO plugin v27.2 - https:\/\/yoast.com\/product\/yoast-seo-wordpress\/ -->\n<title>Comment consommer - Consorcio Jambon Serrano<\/title>\n<meta name=\"description\" content=\"Comment consommer le jambon Serrano ConsorcioSerrano. Plats traditionnels ou innovants: recettes et tapas espagnoles au jambon espagnol.\" \/>\n<meta name=\"robots\" content=\"index, follow, max-snippet:-1, max-image-preview:large, max-video-preview:-1\" \/>\n<link rel=\"canonical\" href=\"https:\/\/consorcioserrano.es\/fr\/jambon-consorcio-serrano\/comment-consommer\/\" \/>\n<meta property=\"og:locale\" content=\"fr_FR\" \/>\n<meta property=\"og:type\" content=\"article\" \/>\n<meta property=\"og:title\" content=\"Comment consommer - Consorcio Jambon Serrano\" \/>\n<meta property=\"og:description\" content=\"Comment consommer le jambon Serrano ConsorcioSerrano. Plats traditionnels ou innovants: recettes et tapas espagnoles au jambon espagnol.\" \/>\n<meta property=\"og:url\" content=\"https:\/\/consorcioserrano.es\/fr\/jambon-consorcio-serrano\/comment-consommer\/\" \/>\n<meta property=\"og:site_name\" content=\"Consorcio del Jam\u00f3n Serrano\" \/>\n<meta property=\"article:modified_time\" content=\"2024-02-20T12:45:50+00:00\" \/>\n<meta property=\"og:image\" content=\"https:\/\/consorcioserrano.es\/wp-content\/uploads\/2023\/11\/sello_jamon_consorcio_2023_red.png\" \/>\n<meta name=\"twitter:card\" content=\"summary_large_image\" \/>\n<meta name=\"twitter:label1\" content=\"Dur\u00e9e de lecture estim\u00e9e\" \/>\n\t<meta name=\"twitter:data1\" content=\"5 minutes\" \/>\n<script type=\"application\/ld+json\" class=\"yoast-schema-graph\">{\"@context\":\"https:\/\/schema.org\",\"@graph\":[{\"@type\":\"WebPage\",\"@id\":\"https:\/\/consorcioserrano.es\/fr\/jambon-consorcio-serrano\/comment-consommer\/\",\"url\":\"https:\/\/consorcioserrano.es\/fr\/jambon-consorcio-serrano\/comment-consommer\/\",\"name\":\"Comment consommer - Consorcio Jambon Serrano\",\"isPartOf\":{\"@id\":\"https:\/\/consorcioserrano.es\/#website\"},\"primaryImageOfPage\":{\"@id\":\"https:\/\/consorcioserrano.es\/fr\/jambon-consorcio-serrano\/comment-consommer\/#primaryimage\"},\"image\":{\"@id\":\"https:\/\/consorcioserrano.es\/fr\/jambon-consorcio-serrano\/comment-consommer\/#primaryimage\"},\"thumbnailUrl\":\"https:\/\/consorcioserrano.es\/wp-content\/uploads\/2023\/11\/sello_jamon_consorcio_2023_red.png\",\"datePublished\":\"2023-11-24T09:08:47+00:00\",\"dateModified\":\"2024-02-20T12:45:50+00:00\",\"description\":\"Comment consommer le jambon Serrano ConsorcioSerrano. Plats traditionnels ou innovants: recettes et tapas espagnoles au jambon espagnol.\",\"breadcrumb\":{\"@id\":\"https:\/\/consorcioserrano.es\/fr\/jambon-consorcio-serrano\/comment-consommer\/#breadcrumb\"},\"inLanguage\":\"fr-FR\",\"potentialAction\":[{\"@type\":\"ReadAction\",\"target\":[\"https:\/\/consorcioserrano.es\/fr\/jambon-consorcio-serrano\/comment-consommer\/\"]}]},{\"@type\":\"ImageObject\",\"inLanguage\":\"fr-FR\",\"@id\":\"https:\/\/consorcioserrano.es\/fr\/jambon-consorcio-serrano\/comment-consommer\/#primaryimage\",\"url\":\"https:\/\/consorcioserrano.es\/wp-content\/uploads\/2023\/11\/sello_jamon_consorcio_2023_red.png\",\"contentUrl\":\"https:\/\/consorcioserrano.es\/wp-content\/uploads\/2023\/11\/sello_jamon_consorcio_2023_red.png\"},{\"@type\":\"BreadcrumbList\",\"@id\":\"https:\/\/consorcioserrano.es\/fr\/jambon-consorcio-serrano\/comment-consommer\/#breadcrumb\",\"itemListElement\":[{\"@type\":\"ListItem\",\"position\":1,\"name\":\"Portada\",\"item\":\"https:\/\/consorcioserrano.es\/fr\/\"},{\"@type\":\"ListItem\",\"position\":2,\"name\":\"Jambon Consorcio Serrano\",\"item\":\"https:\/\/consorcioserrano.es\/fr\/jambon-consorcio-serrano\/\"},{\"@type\":\"ListItem\",\"position\":3,\"name\":\"Comment consommer\"}]},{\"@type\":\"WebSite\",\"@id\":\"https:\/\/consorcioserrano.es\/#website\",\"url\":\"https:\/\/consorcioserrano.es\/\",\"name\":\"Consorcio del Jam\u00f3n Serrano\",\"description\":\"ConsorcioSerrano : Jambon serrano haut de gamme certifi\u00e9 - S\u00e9lection manuelle de chaque jambon espagnol - Elaboration, d\u00e9coupe, tapas espagnoles\",\"potentialAction\":[{\"@type\":\"SearchAction\",\"target\":{\"@type\":\"EntryPoint\",\"urlTemplate\":\"https:\/\/consorcioserrano.es\/?s={search_term_string}\"},\"query-input\":{\"@type\":\"PropertyValueSpecification\",\"valueRequired\":true,\"valueName\":\"search_term_string\"}}],\"inLanguage\":\"fr-FR\"}]}<\/script>\n<!-- \/ Yoast SEO plugin. -->","yoast_head_json":{"title":"Comment consommer - Consorcio Jambon Serrano","description":"Comment consommer le jambon Serrano ConsorcioSerrano. Plats traditionnels ou innovants: recettes et tapas espagnoles au jambon espagnol.","robots":{"index":"index","follow":"follow","max-snippet":"max-snippet:-1","max-image-preview":"max-image-preview:large","max-video-preview":"max-video-preview:-1"},"canonical":"https:\/\/consorcioserrano.es\/fr\/jambon-consorcio-serrano\/comment-consommer\/","og_locale":"fr_FR","og_type":"article","og_title":"Comment consommer - Consorcio Jambon Serrano","og_description":"Comment consommer le jambon Serrano ConsorcioSerrano. Plats traditionnels ou innovants: recettes et tapas espagnoles au jambon espagnol.","og_url":"https:\/\/consorcioserrano.es\/fr\/jambon-consorcio-serrano\/comment-consommer\/","og_site_name":"Consorcio del Jam\u00f3n Serrano","article_modified_time":"2024-02-20T12:45:50+00:00","og_image":[{"url":"https:\/\/consorcioserrano.es\/wp-content\/uploads\/2023\/11\/sello_jamon_consorcio_2023_red.png","type":"","width":"","height":""}],"twitter_card":"summary_large_image","twitter_misc":{"Dur\u00e9e de lecture estim\u00e9e":"5 minutes"},"schema":{"@context":"https:\/\/schema.org","@graph":[{"@type":"WebPage","@id":"https:\/\/consorcioserrano.es\/fr\/jambon-consorcio-serrano\/comment-consommer\/","url":"https:\/\/consorcioserrano.es\/fr\/jambon-consorcio-serrano\/comment-consommer\/","name":"Comment consommer - Consorcio Jambon Serrano","isPartOf":{"@id":"https:\/\/consorcioserrano.es\/#website"},"primaryImageOfPage":{"@id":"https:\/\/consorcioserrano.es\/fr\/jambon-consorcio-serrano\/comment-consommer\/#primaryimage"},"image":{"@id":"https:\/\/consorcioserrano.es\/fr\/jambon-consorcio-serrano\/comment-consommer\/#primaryimage"},"thumbnailUrl":"https:\/\/consorcioserrano.es\/wp-content\/uploads\/2023\/11\/sello_jamon_consorcio_2023_red.png","datePublished":"2023-11-24T09:08:47+00:00","dateModified":"2024-02-20T12:45:50+00:00","description":"Comment consommer le jambon Serrano ConsorcioSerrano. Plats traditionnels ou innovants: recettes et tapas espagnoles au jambon espagnol.","breadcrumb":{"@id":"https:\/\/consorcioserrano.es\/fr\/jambon-consorcio-serrano\/comment-consommer\/#breadcrumb"},"inLanguage":"fr-FR","potentialAction":[{"@type":"ReadAction","target":["https:\/\/consorcioserrano.es\/fr\/jambon-consorcio-serrano\/comment-consommer\/"]}]},{"@type":"ImageObject","inLanguage":"fr-FR","@id":"https:\/\/consorcioserrano.es\/fr\/jambon-consorcio-serrano\/comment-consommer\/#primaryimage","url":"https:\/\/consorcioserrano.es\/wp-content\/uploads\/2023\/11\/sello_jamon_consorcio_2023_red.png","contentUrl":"https:\/\/consorcioserrano.es\/wp-content\/uploads\/2023\/11\/sello_jamon_consorcio_2023_red.png"},{"@type":"BreadcrumbList","@id":"https:\/\/consorcioserrano.es\/fr\/jambon-consorcio-serrano\/comment-consommer\/#breadcrumb","itemListElement":[{"@type":"ListItem","position":1,"name":"Portada","item":"https:\/\/consorcioserrano.es\/fr\/"},{"@type":"ListItem","position":2,"name":"Jambon Consorcio Serrano","item":"https:\/\/consorcioserrano.es\/fr\/jambon-consorcio-serrano\/"},{"@type":"ListItem","position":3,"name":"Comment consommer"}]},{"@type":"WebSite","@id":"https:\/\/consorcioserrano.es\/#website","url":"https:\/\/consorcioserrano.es\/","name":"Consorcio del Jam\u00f3n Serrano","description":"ConsorcioSerrano : Jambon serrano haut de gamme certifi\u00e9 - S\u00e9lection manuelle de chaque jambon espagnol - Elaboration, d\u00e9coupe, tapas espagnoles","potentialAction":[{"@type":"SearchAction","target":{"@type":"EntryPoint","urlTemplate":"https:\/\/consorcioserrano.es\/?s={search_term_string}"},"query-input":{"@type":"PropertyValueSpecification","valueRequired":true,"valueName":"search_term_string"}}],"inLanguage":"fr-FR"}]}},"acf":[],"_links":{"self":[{"href":"https:\/\/consorcioserrano.es\/fr\/wp-json\/wp\/v2\/pages\/16190","targetHints":{"allow":["GET"]}}],"collection":[{"href":"https:\/\/consorcioserrano.es\/fr\/wp-json\/wp\/v2\/pages"}],"about":[{"href":"https:\/\/consorcioserrano.es\/fr\/wp-json\/wp\/v2\/types\/page"}],"author":[{"embeddable":true,"href":"https:\/\/consorcioserrano.es\/fr\/wp-json\/wp\/v2\/users\/1"}],"replies":[{"embeddable":true,"href":"https:\/\/consorcioserrano.es\/fr\/wp-json\/wp\/v2\/comments?post=16190"}],"version-history":[{"count":3,"href":"https:\/\/consorcioserrano.es\/fr\/wp-json\/wp\/v2\/pages\/16190\/revisions"}],"predecessor-version":[{"id":22867,"href":"https:\/\/consorcioserrano.es\/fr\/wp-json\/wp\/v2\/pages\/16190\/revisions\/22867"}],"up":[{"embeddable":true,"href":"https:\/\/consorcioserrano.es\/fr\/wp-json\/wp\/v2\/pages\/2929"}],"wp:attachment":[{"href":"https:\/\/consorcioserrano.es\/fr\/wp-json\/wp\/v2\/media?parent=16190"}],"curies":[{"name":"wp","href":"https:\/\/api.w.org\/{rel}","templated":true}]}}