{"id":20689,"date":"2024-01-11T11:31:52","date_gmt":"2024-01-11T10:31:52","guid":{"rendered":"https:\/\/consorcioserrano.es\/?page_id=20689"},"modified":"2024-02-20T13:50:15","modified_gmt":"2024-02-20T12:50:15","slug":"le-label-qualite","status":"publish","type":"page","link":"https:\/\/consorcioserrano.es\/fr\/a-propos-du-consorcio-jamon-serrano\/le-label-qualite\/","title":{"rendered":"Le label de qualit\u00e9"},"content":{"rendered":"<div class=\"wpb-content-wrapper\"><p>[vc_row full_width=\u00a0\u00bbstretch_row\u00a0\u00bb css=\u00a0\u00bb.vc_custom_1510761539077{background-color: #161616 !important;}\u00a0\u00bb el_class=\u00a0\u00bbno-padding-top six-columns consorcio-submenu\u00a0\u00bb el_id=\u00a0\u00bbconsorcio-submenu\u00a0\u00bb][vc_column width=\u00a0\u00bb1\/6&Prime; offset=\u00a0\u00bbvc_hidden-md vc_hidden-sm vc_hidden-xs\u00a0\u00bb][\/vc_column][vc_column offset=\u00a0\u00bbvc_col-lg-2 vc_col-md-3&Prime; el_class=\u00a0\u00bbno-lateral-padding\u00a0\u00bb]\n    <a href=\"https:\/\/consorcioserrano.es\/fr\/a-propos-du-consorcio-jamon-serrano\/histoire\/\"   class=\"vc_link_consorcio\" title=\" Histoire \">\n    <div class=\"roll_wrap\" id=\"\">\n\t\t\n        <div class=\"roll_wrap_img opacity-submenu-hover\" ><img decoding=\"async\" src=\"https:\/\/consorcioserrano.es\/wp-content\/uploads\/2017\/10\/historia-consorcio-jamon-serrano-superior-menu-620x450.jpg\" class=\"img-responsive \" > <\/div>\n\t\t\n\n\t\t\n\t\t\n\t        <div class=\"roll_wrap_link_imagetextmenu  \" style=\"color:#ff0000; font-size:;\"><p class=\"six-columns-img\"><img loading=\"lazy\" decoding=\"async\" class=\"size-full wp-image-2600 alignleft\" src=\"http:\/\/consorcioserrano.es\/wp-content\/uploads\/2017\/10\/s-60.png\" alt=\"\" width=\"60\" height=\"60\" \/><\/p>\n<h3><strong>Histoire<\/strong><\/h3>\n<\/div>\n\t\t\n    <\/div>\n    <\/a>[\/vc_column][vc_column offset=\u00a0\u00bbvc_col-lg-2 vc_col-md-3&Prime; el_class=\u00a0\u00bbno-lateral-padding\u00a0\u00bb]\n    <a href=\"https:\/\/consorcioserrano.es\/fr\/a-propos-du-consorcio-jamon-serrano\/quelle-est-notre-identification\/\"   class=\"vc_link_consorcio\" title=\" Quelle est notre identification \">\n    <div class=\"roll_wrap\" id=\"\">\n\t\t\n        <div class=\"roll_wrap_img opacity-submenu-hover\" ><img decoding=\"async\" src=\"https:\/\/consorcioserrano.es\/wp-content\/uploads\/2017\/10\/identifica-consorcio-jamon-serrano-superior-menu-620x450.jpg\" class=\"img-responsive \" > <\/div>\n\t\t\n\n\t\t\n\t\t\n\t        <div class=\"roll_wrap_link_imagetextmenu  \" style=\"color:#ff0000; font-size:;\"><p class=\"six-columns-img\"><img loading=\"lazy\" decoding=\"async\" class=\"size-full wp-image-2600 alignleft\" src=\"http:\/\/consorcioserrano.es\/wp-content\/uploads\/2017\/10\/s-60.png\" alt=\"\" width=\"60\" height=\"60\" \/><\/p>\n<h3><strong>Quelle est notre identification<\/strong><\/h3>\n<\/div>\n\t\t\n    <\/div>\n    <\/a>[\/vc_column][vc_column offset=\u00a0\u00bbvc_col-lg-2 vc_col-md-3&Prime; el_class=\u00a0\u00bbno-lateral-padding\u00a0\u00bb]\n    <a href=\"https:\/\/consorcioserrano.es\/fr\/a-propos-du-consorcio-jamon-serrano\/le-label-qualite\/\"   class=\"vc_link_consorcio\" title=\" Le label de qualit\u00e9 \">\n    <div class=\"roll_wrap\" id=\"\">\n\t\t\n        <div class=\"roll_wrap_img \" ><img decoding=\"async\" src=\"https:\/\/consorcioserrano.es\/wp-content\/uploads\/2017\/10\/sello-calidad-consorcio-jamon-serrano-superior-menu-620x450.jpg\" class=\"img-responsive \" > <\/div>\n\t\t\n\n\t\t\n\t\t\n\t        <div class=\"roll_wrap_link_imagetextmenu  \" style=\"color:#ff0000; font-size:;\"><p class=\"six-columns-img\"><img loading=\"lazy\" decoding=\"async\" class=\"size-full wp-image-2600 alignleft\" src=\"http:\/\/consorcioserrano.es\/wp-content\/uploads\/2017\/10\/s-60.png\" alt=\"\" width=\"60\" height=\"60\" \/><\/p>\n<h3><strong>Le label de qualit\u00e9<\/strong><\/h3>\n<\/div>\n\t\t\n    <\/div>\n    <\/a>[\/vc_column][vc_column offset=\u00a0\u00bbvc_col-lg-2 vc_col-md-3&Prime; el_class=\u00a0\u00bbno-lateral-padding\u00a0\u00bb]\n    <a href=\"https:\/\/consorcioserrano.es\/fr\/a-propos-du-consorcio-jamon-serrano\/presence-internationale-du-consorcio\/\"   class=\"vc_link_consorcio\" title=\" Pr\u00e9sence internationale \">\n    <div class=\"roll_wrap\" id=\"\">\n\t\t\n        <div class=\"roll_wrap_img opacity-submenu-hover\" ><img decoding=\"async\" src=\"https:\/\/consorcioserrano.es\/wp-content\/uploads\/2017\/10\/presencia-internacional-consorcio-jamon-serrano-superior-menu-620x450.jpg\" class=\"img-responsive \" > <\/div>\n\t\t\n\n\t\t\n\t\t\n\t        <div class=\"roll_wrap_link_imagetextmenu  \" style=\"color:#ff0000; font-size:;\"><p class=\"six-columns-img\"><img loading=\"lazy\" decoding=\"async\" class=\"size-full wp-image-2600 alignleft\" src=\"http:\/\/consorcioserrano.es\/wp-content\/uploads\/2017\/10\/s-60.png\" alt=\"\" width=\"60\" height=\"60\" \/><\/p>\n<h3>Pr\u00e9sence internationale<\/h3>\n<\/div>\n\t\t\n    <\/div>\n    <\/a>[\/vc_column][vc_column width=\u00a0\u00bb1\/6&Prime; offset=\u00a0\u00bbvc_hidden-md vc_hidden-sm\u00a0\u00bb][\/vc_column][\/vc_row][vc_row full_width=\u00a0\u00bbstretch_row_content_no_spaces\u00a0\u00bb css=\u00a0\u00bb.vc_custom_1510073275693{background-image: url(http:\/\/consorcioserrano.es\/wp-content\/uploads\/2017\/10\/sello-calidad-consorcio-jamo-serrano-header-1900&#215;331.jpg?id=2830) !important;background-position: center !important;background-repeat: no-repeat !important;background-size: cover !important;}\u00a0\u00bb][vc_column]\n<div id=\"ersspace-1\"><\/div><style type=\"text\/css\">#ersspace-1 { height: 320px; }\n@media handheld, only screen and (max-width: 1199px) {\n\t#ersspace-1 { height: 300px; }\n}\n@media handheld, only screen and (max-width: 1023px) {\n\t#ersspace-1 { height: 300px; }\n}\n@media handheld, only screen and (max-width: 767px) {\n\t#ersspace-1 { height: 260px; }\n}<\/style>[\/vc_column][\/vc_row][vc_row el_class=\u00a0\u00bbcolumn-special-one\u00a0\u00bb][vc_column width=\u00a0\u00bb2\/3&Prime; el_class=\u00a0\u00bbpanel-special-content\u00a0\u00bb][vc_row_inner][vc_column_inner][vc_column_text el_class=\u00a0\u00bbvc_quote_consorcio\u00a0\u00bb]<\/p>\n<div class=\"vc_quote_consorcio_icon\"><img loading=\"lazy\" decoding=\"async\" class=\"alignnone size-full wp-image-1101\" src=\"http:\/\/consorcioserrano.es\/wp-content\/uploads\/2017\/10\/comillas-abrir-1.png\" alt=\"\" width=\"59\" height=\"53\" srcset=\"https:\/\/consorcioserrano.es\/wp-content\/uploads\/2017\/10\/comillas-abrir-1.png 59w, https:\/\/consorcioserrano.es\/wp-content\/uploads\/2017\/10\/comillas-abrir-1-50x45.png 50w\" sizes=\"auto, (max-width:767px) 59px, 59px\" \/><\/div>\n<div class=\"vc_quote_consorcio_content\">\n<h1><strong>Le label<\/strong> de qualit\u00e9\u00a0<img loading=\"lazy\" decoding=\"async\" class=\"alignnone size-full wp-image-1100\" src=\"http:\/\/consorcioserrano.es\/wp-content\/uploads\/2017\/10\/comillas-cerrar-1.png\" alt=\"\" width=\"59\" height=\"53\" srcset=\"https:\/\/consorcioserrano.es\/wp-content\/uploads\/2017\/10\/comillas-cerrar-1.png 59w, https:\/\/consorcioserrano.es\/wp-content\/uploads\/2017\/10\/comillas-cerrar-1-50x45.png 50w\" sizes=\"auto, (max-width:767px) 59px, 59px\" \/><\/h1>\n<\/div>\n<p>[\/vc_column_text][\/vc_column_inner][\/vc_row_inner][vc_row_inner][vc_column_inner][vc_column_text]<\/p>\n<h3><span style=\"color: #e82f37;\">Label De Qualit\u00e9 Consorcio del Jam\u00f3n Serrano Espa\u00f1ol<\/span><\/h3>\n<p>[\/vc_column_text][\/vc_column_inner][\/vc_row_inner][vc_row_inner][vc_column_inner width=\u00a0\u00bb1\/2&Prime;][vc_column_text]<strong>Le Label de qualit\u00e9 \u00ab Consorcio Serrano \u00bb<\/strong> est l&rsquo;\u00e9l\u00e9ment distinctif institutionnel qui garantit que les pi\u00e8ces de jambon serrano auquel elles s&rsquo;identifient ont \u00e9t\u00e9 \u00e9labor\u00e9es <strong>conform\u00e9ment aux normes de qualit\u00e9 exigeantes de l&rsquo;association<\/strong> pour offrir un excellent jambon serrano, <strong>en s\u00e9lectionnant \u00e0 la main, une par une, les meilleures pi\u00e8ces<\/strong> des <strong>meilleurs producteurs<\/strong> de <strong>jambon serrano espagnol<\/strong>.<\/p>\n<p>Semblable \u00e0 la \u00ab Appellation d\u2019Origine Contr\u00f4l\u00e9e \u00bb (AOC), le label de qualit\u00e9 \u00ab Consorcio Serrano \u00bb certifie et garantit la provenance d\u2019un jambon serrano 100 % espagnol. Un produit attractif et sain pour les consommateurs les plus s\u00e9lects de la gastronomie espagnole.<\/p>\n<p>Ce label garantit un <strong>jambon serrano traditionnel, unique et toujours \u00e9labor\u00e9 en Espagne<\/strong> et dont la mati\u00e8re premi\u00e8re est 100 % espagnole. Les qualit\u00e9s sensorielles du jambon (essentiellement la saveur et la texture) le diff\u00e9rencient pour son excellence et sa finesse du reste des jambons serranos que vous pouvez trouver sur les march\u00e9s \u00e9trangers, ainsi que des autres produits affin\u00e9s comme le Prosciutto di Parma ou le Jambon de Bayonne (connu \u00e9galement sous le nom de Jambon basque).[\/vc_column_text][\/vc_column_inner][vc_column_inner width=\u00a0\u00bb1\/2&Prime;][vc_column_text]Ce label se trouve sur<strong> toutes les pr\u00e9sentations commerciales<\/strong> de diff\u00e9rentes formes :<\/p>\n<ul>\n<li>Sur les pi\u00e8ces enti\u00e8res de jambon, par marquage au feu<\/li>\n<li>Dans les pi\u00e8ces de jambon serrano d\u00e9soss\u00e9es<\/li>\n<li>Dans les blocs de jambon serrano d\u00e9soss\u00e9<\/li>\n<li>Dans les deux, avec l&rsquo;\u00e9tiquette de contr\u00f4le num\u00e9rot\u00e9e.<\/li>\n<li>Sur les emballages de jambon serrano en tranches<\/li>\n<\/ul>\n<p>[\/vc_column_text][vc_single_image image=\u00a0\u00bb20712&Prime; img_size=\u00a0\u00bblarge\u00a0\u00bb alignment=\u00a0\u00bbcenter\u00a0\u00bb onclick=\u00a0\u00bblink_image\u00a0\u00bb][\/vc_column_inner][\/vc_row_inner][vc_column_text el_class=\u00a0\u00bbvc_quote_consorcio vc_quote_consorcio_other\u00a0\u00bb]<\/p>\n<div class=\"vc_quote_consorcio_icon\"><img loading=\"lazy\" decoding=\"async\" class=\"alignnone size-full wp-image-1101\" src=\"http:\/\/consorcioserrano.es\/wp-content\/uploads\/2017\/10\/comillas-abrir-1.png\" alt=\"\" width=\"59\" height=\"53\" srcset=\"https:\/\/consorcioserrano.es\/wp-content\/uploads\/2017\/10\/comillas-abrir-1.png 59w, https:\/\/consorcioserrano.es\/wp-content\/uploads\/2017\/10\/comillas-abrir-1-50x45.png 50w\" sizes=\"auto, (max-width:767px) 59px, 59px\" \/><\/div>\n<div class=\"vc_quote_consorcio_content\">\n<h2>Seule une production limit\u00e9e de jambons se fait garante de l\u2019<strong>\u00ab Exclusive Signature \u00bb<\/strong>.<\/h2>\n<\/div>\n<p>[\/vc_column_text][vc_row_inner][vc_column_inner width=\u00a0\u00bb1\/2&Prime;][vc_column_text]Le Consortium du Jambon Serrano Espagnol est une association de <strong>producteurs traditionnels de jambon serrano<\/strong> espagnol, unis pour d\u00e9fendre la tradition dans l&rsquo;\u00e9laboration du<strong> jambon serrano espagnol<\/strong>, et qui promeuvent <strong>le jambon serrano authentique et haut de gamme, <\/strong>qui garantit que tout jambon cru espagnol serrano commercialis\u00e9 sous la contremarque \u00ab Consorcio Serrano \u00bb respecte <strong>les normes de qualit\u00e9 les plus exigeantes<\/strong>. Seule une production limit\u00e9e de jambons se fait garante de l\u2019\u00ab Exclusive Signature \u00bb.[\/vc_column_text][\/vc_column_inner][vc_column_inner width=\u00a0\u00bb1\/2&Prime;][vc_column_text]Le<strong> label ConsorcioSerrano,<\/strong> qui garantit la d\u00e9gustation d&rsquo;un produit <strong>haut de gamme,<\/strong> a g\u00e9n\u00e9r\u00e9 la confiance des importateurs, distributeurs et consommateurs, et a permis qu\u2019en juillet 2017 le Consorcio atteigne les <strong>14 millions de pi\u00e8ces de jambon serrano labellis\u00e9es<\/strong>.[\/vc_column_text][\/vc_column_inner][\/vc_row_inner][\/vc_column][vc_column width=\u00a0\u00bb1\/3&Prime;]\n<div id=\"ersspace-2\"><\/div><style type=\"text\/css\">#ersspace-2 { height: 260px; }\n@media handheld, only screen and (max-width: 767px) {\n\t#ersspace-2 { height: 0px; }\n}<\/style>[vc_row_inner el_class=\u00a0\u00bbpanel-special-aside\u00a0\u00bb][vc_column_inner][vc_video link=\u00a0\u00bbhttps:\/\/youtu.be\/9YKb6uFTz4Y\u00a0\u00bb align=\u00a0\u00bbcenter\u00a0\u00bb][vc_column_text]<\/p>\n<h3><span style=\"color: #e82f37;\">Le label ConsorcioSerrano se trouve sur les diff\u00e9rentes pr\u00e9sentations commerciales:<\/span><\/h3>\n<p>[\/vc_column_text][vc_single_image image=\u00a0\u00bb20699&Prime; img_size=\u00a0\u00bbfull\u00a0\u00bb alignment=\u00a0\u00bbcenter\u00a0\u00bb onclick=\u00a0\u00bblink_image\u00a0\u00bb][\/vc_column_inner][\/vc_row_inner][\/vc_column][\/vc_row][vc_row][vc_column]\n<div id=\"ersspace-3\"><\/div><style type=\"text\/css\">#ersspace-3 { height: 80px; }<\/style>[\/vc_column][\/vc_row]<\/p>\n<\/div>","protected":false},"excerpt":{"rendered":"<p>[vc_row full_width=\u00a0\u00bbstretch_row\u00a0\u00bb css=\u00a0\u00bb.vc_custom_1510761539077{background-color: #161616 !important;}\u00a0\u00bb el_class=\u00a0\u00bbno-padding-top six-columns consorcio-submenu\u00a0\u00bb el_id=\u00a0\u00bbconsorcio-submenu\u00a0\u00bb][vc_column width=\u00a0\u00bb1\/6&Prime; offset=\u00a0\u00bbvc_hidden-md vc_hidden-sm vc_hidden-xs\u00a0\u00bb][\/vc_column][vc_column offset=\u00a0\u00bbvc_col-lg-2 vc_col-md-3&Prime; el_class=\u00a0\u00bbno-lateral-padding\u00a0\u00bb][\/vc_column][vc_column offset=\u00a0\u00bbvc_col-lg-2 vc_col-md-3&Prime; el_class=\u00a0\u00bbno-lateral-padding\u00a0\u00bb][\/vc_column][vc_column offset=\u00a0\u00bbvc_col-lg-2 vc_col-md-3&Prime; el_class=\u00a0\u00bbno-lateral-padding\u00a0\u00bb][\/vc_column][vc_column offset=\u00a0\u00bbvc_col-lg-2 vc_col-md-3&Prime; el_class=\u00a0\u00bbno-lateral-padding\u00a0\u00bb][\/vc_column][vc_column width=\u00a0\u00bb1\/6&Prime;<span class=\"excerpt-hellip\"> [\u2026]<\/span><\/p>\n","protected":false},"author":1,"featured_media":0,"parent":2933,"menu_order":0,"comment_status":"closed","ping_status":"closed","template":"","meta":{"_acf_changed":false,"footnotes":""},"class_list":["post-20689","page","type-page","status-publish","hentry","sections_group lang-fr"],"yoast_head":"<!-- This site is optimized with the Yoast SEO plugin v27.2 - https:\/\/yoast.com\/product\/yoast-seo-wordpress\/ -->\n<title>Le label de qualit\u00e9 - Consorcio Jambon Serrano<\/title>\n<meta name=\"description\" content=\"Label de qualit\u00e9 du meilleur Jambon Serrano espagnol - Le Consorcio Serrano scelle le jambon cru espagnol haut de gamme traditionnel - S\u00e9lection manuelle\" \/>\n<meta name=\"robots\" content=\"index, follow, max-snippet:-1, max-image-preview:large, max-video-preview:-1\" \/>\n<link rel=\"canonical\" href=\"https:\/\/consorcioserrano.es\/fr\/a-propos-du-consorcio-jamon-serrano\/le-label-qualite\/\" \/>\n<meta property=\"og:locale\" content=\"fr_FR\" \/>\n<meta property=\"og:type\" content=\"article\" \/>\n<meta property=\"og:title\" content=\"Le label de qualit\u00e9 - Consorcio Jambon Serrano\" \/>\n<meta property=\"og:description\" content=\"Label de qualit\u00e9 du meilleur Jambon Serrano espagnol - Le Consorcio Serrano scelle le jambon cru espagnol haut de gamme traditionnel - S\u00e9lection manuelle\" \/>\n<meta property=\"og:url\" content=\"https:\/\/consorcioserrano.es\/fr\/a-propos-du-consorcio-jamon-serrano\/le-label-qualite\/\" \/>\n<meta property=\"og:site_name\" content=\"Consorcio del Jam\u00f3n Serrano\" \/>\n<meta property=\"article:modified_time\" content=\"2024-02-20T12:50:15+00:00\" \/>\n<meta property=\"og:image\" content=\"http:\/\/consorcioserrano.es\/wp-content\/uploads\/2017\/10\/s-60.png\" \/>\n<meta name=\"twitter:card\" content=\"summary_large_image\" \/>\n<meta name=\"twitter:label1\" content=\"Dur\u00e9e de lecture estim\u00e9e\" \/>\n\t<meta name=\"twitter:data1\" content=\"4 minutes\" \/>\n<script type=\"application\/ld+json\" class=\"yoast-schema-graph\">{\"@context\":\"https:\/\/schema.org\",\"@graph\":[{\"@type\":\"WebPage\",\"@id\":\"https:\/\/consorcioserrano.es\/fr\/a-propos-du-consorcio-jamon-serrano\/le-label-qualite\/\",\"url\":\"https:\/\/consorcioserrano.es\/fr\/a-propos-du-consorcio-jamon-serrano\/le-label-qualite\/\",\"name\":\"Le label de qualit\u00e9 - Consorcio Jambon Serrano\",\"isPartOf\":{\"@id\":\"https:\/\/consorcioserrano.es\/#website\"},\"primaryImageOfPage\":{\"@id\":\"https:\/\/consorcioserrano.es\/fr\/a-propos-du-consorcio-jamon-serrano\/le-label-qualite\/#primaryimage\"},\"image\":{\"@id\":\"https:\/\/consorcioserrano.es\/fr\/a-propos-du-consorcio-jamon-serrano\/le-label-qualite\/#primaryimage\"},\"thumbnailUrl\":\"http:\/\/consorcioserrano.es\/wp-content\/uploads\/2017\/10\/s-60.png\",\"datePublished\":\"2024-01-11T10:31:52+00:00\",\"dateModified\":\"2024-02-20T12:50:15+00:00\",\"description\":\"Label de qualit\u00e9 du meilleur Jambon Serrano espagnol - Le Consorcio Serrano scelle le jambon cru espagnol haut de gamme traditionnel - S\u00e9lection manuelle\",\"breadcrumb\":{\"@id\":\"https:\/\/consorcioserrano.es\/fr\/a-propos-du-consorcio-jamon-serrano\/le-label-qualite\/#breadcrumb\"},\"inLanguage\":\"fr-FR\",\"potentialAction\":[{\"@type\":\"ReadAction\",\"target\":[\"https:\/\/consorcioserrano.es\/fr\/a-propos-du-consorcio-jamon-serrano\/le-label-qualite\/\"]}]},{\"@type\":\"ImageObject\",\"inLanguage\":\"fr-FR\",\"@id\":\"https:\/\/consorcioserrano.es\/fr\/a-propos-du-consorcio-jamon-serrano\/le-label-qualite\/#primaryimage\",\"url\":\"http:\/\/consorcioserrano.es\/wp-content\/uploads\/2017\/10\/s-60.png\",\"contentUrl\":\"http:\/\/consorcioserrano.es\/wp-content\/uploads\/2017\/10\/s-60.png\"},{\"@type\":\"BreadcrumbList\",\"@id\":\"https:\/\/consorcioserrano.es\/fr\/a-propos-du-consorcio-jamon-serrano\/le-label-qualite\/#breadcrumb\",\"itemListElement\":[{\"@type\":\"ListItem\",\"position\":1,\"name\":\"Portada\",\"item\":\"https:\/\/consorcioserrano.es\/fr\/\"},{\"@type\":\"ListItem\",\"position\":2,\"name\":\"\u00c0 Propos Du Consorcio Jam\u00f3n Serrano\",\"item\":\"https:\/\/consorcioserrano.es\/fr\/a-propos-du-consorcio-jamon-serrano\/\"},{\"@type\":\"ListItem\",\"position\":3,\"name\":\"Le label de qualit\u00e9\"}]},{\"@type\":\"WebSite\",\"@id\":\"https:\/\/consorcioserrano.es\/#website\",\"url\":\"https:\/\/consorcioserrano.es\/\",\"name\":\"Consorcio del Jam\u00f3n Serrano\",\"description\":\"ConsorcioSerrano : Jambon serrano haut de gamme certifi\u00e9 - S\u00e9lection manuelle de chaque jambon espagnol - Elaboration, d\u00e9coupe, tapas espagnoles\",\"potentialAction\":[{\"@type\":\"SearchAction\",\"target\":{\"@type\":\"EntryPoint\",\"urlTemplate\":\"https:\/\/consorcioserrano.es\/?s={search_term_string}\"},\"query-input\":{\"@type\":\"PropertyValueSpecification\",\"valueRequired\":true,\"valueName\":\"search_term_string\"}}],\"inLanguage\":\"fr-FR\"}]}<\/script>\n<!-- \/ Yoast SEO plugin. -->","yoast_head_json":{"title":"Le label de qualit\u00e9 - Consorcio Jambon Serrano","description":"Label de qualit\u00e9 du meilleur Jambon Serrano espagnol - Le Consorcio Serrano scelle le jambon cru espagnol haut de gamme traditionnel - S\u00e9lection manuelle","robots":{"index":"index","follow":"follow","max-snippet":"max-snippet:-1","max-image-preview":"max-image-preview:large","max-video-preview":"max-video-preview:-1"},"canonical":"https:\/\/consorcioserrano.es\/fr\/a-propos-du-consorcio-jamon-serrano\/le-label-qualite\/","og_locale":"fr_FR","og_type":"article","og_title":"Le label de qualit\u00e9 - Consorcio Jambon Serrano","og_description":"Label de qualit\u00e9 du meilleur Jambon Serrano espagnol - Le Consorcio Serrano scelle le jambon cru espagnol haut de gamme traditionnel - S\u00e9lection manuelle","og_url":"https:\/\/consorcioserrano.es\/fr\/a-propos-du-consorcio-jamon-serrano\/le-label-qualite\/","og_site_name":"Consorcio del Jam\u00f3n Serrano","article_modified_time":"2024-02-20T12:50:15+00:00","og_image":[{"url":"http:\/\/consorcioserrano.es\/wp-content\/uploads\/2017\/10\/s-60.png","type":"","width":"","height":""}],"twitter_card":"summary_large_image","twitter_misc":{"Dur\u00e9e de lecture estim\u00e9e":"4 minutes"},"schema":{"@context":"https:\/\/schema.org","@graph":[{"@type":"WebPage","@id":"https:\/\/consorcioserrano.es\/fr\/a-propos-du-consorcio-jamon-serrano\/le-label-qualite\/","url":"https:\/\/consorcioserrano.es\/fr\/a-propos-du-consorcio-jamon-serrano\/le-label-qualite\/","name":"Le label de qualit\u00e9 - Consorcio Jambon Serrano","isPartOf":{"@id":"https:\/\/consorcioserrano.es\/#website"},"primaryImageOfPage":{"@id":"https:\/\/consorcioserrano.es\/fr\/a-propos-du-consorcio-jamon-serrano\/le-label-qualite\/#primaryimage"},"image":{"@id":"https:\/\/consorcioserrano.es\/fr\/a-propos-du-consorcio-jamon-serrano\/le-label-qualite\/#primaryimage"},"thumbnailUrl":"http:\/\/consorcioserrano.es\/wp-content\/uploads\/2017\/10\/s-60.png","datePublished":"2024-01-11T10:31:52+00:00","dateModified":"2024-02-20T12:50:15+00:00","description":"Label de qualit\u00e9 du meilleur Jambon Serrano espagnol - Le Consorcio Serrano scelle le jambon cru espagnol haut de gamme traditionnel - S\u00e9lection manuelle","breadcrumb":{"@id":"https:\/\/consorcioserrano.es\/fr\/a-propos-du-consorcio-jamon-serrano\/le-label-qualite\/#breadcrumb"},"inLanguage":"fr-FR","potentialAction":[{"@type":"ReadAction","target":["https:\/\/consorcioserrano.es\/fr\/a-propos-du-consorcio-jamon-serrano\/le-label-qualite\/"]}]},{"@type":"ImageObject","inLanguage":"fr-FR","@id":"https:\/\/consorcioserrano.es\/fr\/a-propos-du-consorcio-jamon-serrano\/le-label-qualite\/#primaryimage","url":"http:\/\/consorcioserrano.es\/wp-content\/uploads\/2017\/10\/s-60.png","contentUrl":"http:\/\/consorcioserrano.es\/wp-content\/uploads\/2017\/10\/s-60.png"},{"@type":"BreadcrumbList","@id":"https:\/\/consorcioserrano.es\/fr\/a-propos-du-consorcio-jamon-serrano\/le-label-qualite\/#breadcrumb","itemListElement":[{"@type":"ListItem","position":1,"name":"Portada","item":"https:\/\/consorcioserrano.es\/fr\/"},{"@type":"ListItem","position":2,"name":"\u00c0 Propos Du Consorcio Jam\u00f3n Serrano","item":"https:\/\/consorcioserrano.es\/fr\/a-propos-du-consorcio-jamon-serrano\/"},{"@type":"ListItem","position":3,"name":"Le label de qualit\u00e9"}]},{"@type":"WebSite","@id":"https:\/\/consorcioserrano.es\/#website","url":"https:\/\/consorcioserrano.es\/","name":"Consorcio del Jam\u00f3n Serrano","description":"ConsorcioSerrano : Jambon serrano haut de gamme certifi\u00e9 - S\u00e9lection manuelle de chaque jambon espagnol - Elaboration, d\u00e9coupe, tapas espagnoles","potentialAction":[{"@type":"SearchAction","target":{"@type":"EntryPoint","urlTemplate":"https:\/\/consorcioserrano.es\/?s={search_term_string}"},"query-input":{"@type":"PropertyValueSpecification","valueRequired":true,"valueName":"search_term_string"}}],"inLanguage":"fr-FR"}]}},"acf":[],"_links":{"self":[{"href":"https:\/\/consorcioserrano.es\/fr\/wp-json\/wp\/v2\/pages\/20689","targetHints":{"allow":["GET"]}}],"collection":[{"href":"https:\/\/consorcioserrano.es\/fr\/wp-json\/wp\/v2\/pages"}],"about":[{"href":"https:\/\/consorcioserrano.es\/fr\/wp-json\/wp\/v2\/types\/page"}],"author":[{"embeddable":true,"href":"https:\/\/consorcioserrano.es\/fr\/wp-json\/wp\/v2\/users\/1"}],"replies":[{"embeddable":true,"href":"https:\/\/consorcioserrano.es\/fr\/wp-json\/wp\/v2\/comments?post=20689"}],"version-history":[{"count":4,"href":"https:\/\/consorcioserrano.es\/fr\/wp-json\/wp\/v2\/pages\/20689\/revisions"}],"predecessor-version":[{"id":22891,"href":"https:\/\/consorcioserrano.es\/fr\/wp-json\/wp\/v2\/pages\/20689\/revisions\/22891"}],"up":[{"embeddable":true,"href":"https:\/\/consorcioserrano.es\/fr\/wp-json\/wp\/v2\/pages\/2933"}],"wp:attachment":[{"href":"https:\/\/consorcioserrano.es\/fr\/wp-json\/wp\/v2\/media?parent=20689"}],"curies":[{"name":"wp","href":"https:\/\/api.w.org\/{rel}","templated":true}]}}