{"id":2921,"date":"2017-11-08T11:34:37","date_gmt":"2017-11-08T09:34:37","guid":{"rendered":"http:\/\/consorcioserrano.es\/?page_id=2921"},"modified":"2019-01-31T15:20:25","modified_gmt":"2019-01-31T14:20:25","slug":"accueil","status":"publish","type":"page","link":"https:\/\/consorcioserrano.es\/fr\/","title":{"rendered":"Accueil"},"content":{"rendered":"<div class=\"wpb-content-wrapper\"><p>[vc_row full_width=\u00a0\u00bbstretch_row_content_no_spaces\u00a0\u00bb][vc_column width=\u00a0\u00bb1\/3&Prime;]\n    <a href=\"https:\/\/consorcioserrano.es\/fr\/jambon-consorcio-serrano\/elaboration\/\"   class=\"vc_link_consorcio\" title=\"\u00c9laboration  du Jambon Consorcio Serrano \">\n    <div class=\"roll_wrap\" id=\"\">\n\t\t\n        <div class=\"roll_wrap_img \" ><img decoding=\"async\" src=\"https:\/\/consorcioserrano.es\/wp-content\/uploads\/2017\/10\/home-01-1-1.jpg\" class=\"img-responsive \" > <\/div>\n\t\t\n\n\t\t\n\t\t\n\t        <div class=\"roll_wrap_link  vc_custom_1548944416120 box-s-consorcio-serrano\" style=\"color:#ffffff; font-size:36px;\"><h1><strong><span style=\"color: #e82f37;\">\u00c9laboration <\/span><\/strong><\/h1>\n<h2>du Jambon Consorcio Serrano<\/h2>\n<\/div>\n\t\t\n    <\/div>\n    <\/a>[\/vc_column][vc_column width=\u00a0\u00bb1\/3&Prime;]\n    <a href=\"https:\/\/consorcioserrano.es\/fr\/jambon-consorcio-serrano\/saveur-arome-et-conservation\/\"   class=\"vc_link_consorcio\" title=\"La saveur  du Jambon Consorcio Serrano \">\n    <div class=\"roll_wrap\" id=\"\">\n\t\t\n        <div class=\"roll_wrap_img \" ><img decoding=\"async\" src=\"https:\/\/consorcioserrano.es\/wp-content\/uploads\/2017\/10\/home-03-1-1.jpg\" class=\"img-responsive \" > <\/div>\n\t\t\n\n\t\t\n\t\t\n\t        <div class=\"roll_wrap_link  vc_custom_1510160200842 box-s-consorcio-serrano\" style=\"color:#ffffff; font-size:36px;\"><h1><strong><span style=\"color: #e82f37;\">La saveur <\/span><\/strong><\/h1>\n<h2>du Jambon<\/h2>\n<h2>Consorcio Serrano<\/h2>\n<\/div>\n\t\t\n    <\/div>\n    <\/a>[\/vc_column][vc_column width=\u00a0\u00bb1\/3&Prime;]\n    <a href=\"https:\/\/consorcioserrano.es\/fr\/jambon-consorcio-serrano\/elaboration\/\"   class=\"vc_link_consorcio\" title=\"S\u00e9lection pi\u00e8ce par pi\u00e8ce \">\n    <div class=\"roll_wrap\" id=\"\">\n\t\t\n        <div class=\"roll_wrap_img \" ><img decoding=\"async\" src=\"https:\/\/consorcioserrano.es\/wp-content\/uploads\/2017\/10\/home-02-1-1.jpg\" class=\"img-responsive \" > <\/div>\n\t\t\n\n\t\t\n\t\t\n\t        <div class=\"roll_wrap_link  vc_custom_1510160219328 box-s-consorcio-serrano\" style=\"color:#ffffff; font-size:36px;\"><h1><span style=\"color: #e82f37;\"><strong>S\u00e9lection<\/strong><\/span><\/h1>\n<h2>pi\u00e8ce par pi\u00e8ce<\/h2>\n<\/div>\n\t\t\n    <\/div>\n    <\/a>[\/vc_column][\/vc_row][vc_row full_width=\u00a0\u00bbstretch_row_content_no_spaces\u00a0\u00bb equal_height=\u00a0\u00bbyes\u00a0\u00bb][vc_column width=\u00a0\u00bb1\/3&Prime;]\n<div id=\"ersspace-1\"><\/div><style type=\"text\/css\">#ersspace-1 { height: 30px; }<\/style>[vc_column_text]<\/p>\n<div class=\"vc_post 1Latest_news home-post-main\">\n<h3><img loading=\"lazy\" decoding=\"async\" class=\"alignnone size-full wp-image-1097\" src=\"http:\/\/consorcioserrano.es\/wp-content\/uploads\/2017\/10\/comillas-abrir-1.png\" alt=\"\" width=\"59\" height=\"59\" \/>\u00a0Consorcio del Jam\u00f3n Serrano<\/h3>\n<ul class=\"ul-first\">\n<li class=\"post-985 post type-post status-publish format-standard hentry category-destacada\">\n<div class=\"desc\">\n<div class=\"desc_footer\"><span class=\"date\"> <span id=\"result_box\" class=\"short_text\" lang=\"fr\"><span class=\"\">23 octobre 2017<\/span><\/span><\/span><\/div>\n<div class=\"post-excerpt\">Le Consorcio del Jam\u00f3n Serrano Espa\u00f1ol est une association volontaire d\u2019entreprises espagnoles qui, depuis 1990, regroupe les entreprises les plus importantes du secteur de la viande espagnole. Il s\u2019agit des marques leaders dans l\u2019\u00e9laboration et l\u2019exportation de jambon serrano, unies dans l\u2019objectif d\u2019homologuer un jambon serrano exclusif et de grande qualit\u00e9 pour qu\u2019il soit commercialis\u00e9 sur les march\u00e9s du monde entier.<br \/>\nApr\u00e8s plus de 20\u00a0ans, le Consorcio est le r\u00e9f\u00e9rent et le point de contact pour l\u2019importation du jambon serrano espagnol depuis les principaux march\u00e9s europ\u00e9ens, am\u00e9ricains et asiatiques.<\/div>\n<p><a title=\"Leer m\u00e1s\" href=\"https:\/\/consorcioserrano.es\/fr\/a-propos-du-consorcio-jamon-serrano\/\">Lire plus<\/a><\/p>\n<\/div>\n<\/li>\n<\/ul>\n<\/div>\n<p>[\/vc_column_text]\n<div id=\"ersspace-2\"><\/div><style type=\"text\/css\">#ersspace-2 { height: 30px; }<\/style>[\/vc_column][vc_column width=\u00a0\u00bb1\/3&Prime;]\n    <a href=\"https:\/\/consorcioserrano.es\/fr\/jambon-consorcio-serrano\/garantie-de-qualite\/\"   class=\"vc_link_consorcio\" title=\"Le label de qualit\u00e9 \">\n    <div class=\"roll_wrap\" id=\"\">\n\t\t\n        <div class=\"roll_wrap_img \" ><img decoding=\"async\" src=\"https:\/\/consorcioserrano.es\/wp-content\/uploads\/2017\/10\/home-04-1-1.jpg\" class=\"img-responsive \" > <\/div>\n\t\t\n\n\t\t\n\t\t\n\t        <div class=\"roll_wrap_link  vc_custom_1510160237296 box-s-consorcio-serrano\" style=\"color:#ffffff; font-size:36px;\"><h1><span style=\"color: #e82f37;\"><strong>Le label<\/strong><\/span><\/h1>\n<h2>de qualit\u00e9<\/h2>\n<\/div>\n\t\t\n    <\/div>\n    <\/a>[\/vc_column][vc_column width=\u00a0\u00bb1\/3&Prime;]\n<div id=\"ersspace-3\"><\/div><style type=\"text\/css\">#ersspace-3 { height: 30px; }<\/style><div class=\"vc_post 1Latest_news  home-post-main\"><\/p>\n<h3><i class=\"fa fa-chevron-right\"><\/i> Derni\u00e8res nouvelles<\/h3>\n<p><ul class=\"ul-first\"><li class=\"post-14569 post type-post status-publish format-standard has-post-thumbnail hentry category-a-propos-de-consorcio-serrano category-nouvelles-et-presse sections_group lang-fr\"><h5 class=\"color-red\"><a href=\"https:\/\/consorcioserrano.es\/fr\/les-exportations-jambon-et-palettes-crus-augmentent-1417-jusquau-troisieme-trimestre-2021\/\">Les exportations de jambon et de palettes crus augmentent de 14,17\u00a0% jusqu\u2019au troisi\u00e8me trimestre\u00a02021<\/a><\/h5><div class=\"photo\"><a href=\"https:\/\/consorcioserrano.es\/fr\/les-exportations-jambon-et-palettes-crus-augmentent-1417-jusquau-troisieme-trimestre-2021\/\"><img loading=\"lazy\" decoding=\"async\" width=\"612\" height=\"406\" src=\"https:\/\/consorcioserrano.es\/wp-content\/uploads\/2021\/12\/camion_contenedores.jpg\" class=\"scale-with-grid wp-post-image\" alt=\"Exportacion Jam\u00f3n Serrano\" srcset=\"https:\/\/consorcioserrano.es\/wp-content\/uploads\/2021\/12\/camion_contenedores.jpg 612w, https:\/\/consorcioserrano.es\/wp-content\/uploads\/2021\/12\/camion_contenedores-300x199.jpg 300w, https:\/\/consorcioserrano.es\/wp-content\/uploads\/2021\/12\/camion_contenedores-220x146.jpg 220w, https:\/\/consorcioserrano.es\/wp-content\/uploads\/2021\/12\/camion_contenedores-50x33.jpg 50w, https:\/\/consorcioserrano.es\/wp-content\/uploads\/2021\/12\/camion_contenedores-113x75.jpg 113w\" sizes=\"auto, (max-width:767px) 480px, 612px\" \/><\/a><\/div><div class=\"desc\"><div class=\"desc_footer\"><span class=\"date\"><i class=\"icon-clock\"><\/i> 21 d\u00e9cembre 2021<\/span><\/div><div class=\"post-excerpt\">&gt;&gt; Au cours des neuf premiers mois de l\u2019ann\u00e9e, les exportations ont atteint 36\u2009644,81 tonnes, contre 32\u2009097,93 tonnes \u00e0 la m\u00eame p\u00e9riode en 2020 &gt;&gt; Les<span class=\"excerpt-hellip\"> [\u2026]<\/span><\/div><a href=\"https:\/\/consorcioserrano.es\/fr\/les-exportations-jambon-et-palettes-crus-augmentent-1417-jusquau-troisieme-trimestre-2021\/\" title=\"Lire plus\">Lire plus<\/a><\/div><\/li><\/ul><\/div>\n\n<div id=\"ersspace-4\"><\/div><style type=\"text\/css\">#ersspace-4 { height: 30px; }<\/style>[\/vc_column][\/vc_row][vc_row full_width=\u00a0\u00bbstretch_row_content_no_spaces\u00a0\u00bb][vc_column][vc_separator color=\u00a0\u00bbcustom\u00a0\u00bb accent_color=\u00a0\u00bb#e82f37&Prime;]\n<div id=\"ersspace-5\"><\/div><style type=\"text\/css\">#ersspace-5 { height: 0px; }<\/style>[\/vc_column][\/vc_row][vc_row el_class=\u00a0\u00bbsubfooter\u00a0\u00bb][vc_column width=\u00a0\u00bb1\/3&Prime;][vc_column_text]<\/p>\n<h5><a href=\"https:\/\/consorcioserrano.es\/fr\/jambon-consorcio-serrano\/\" rel=\"noopener\">Le Jambon Consorcio Serrano<br \/>\n<\/a><\/h5>\n<p>[\/vc_column_text][vc_video link=\u00a0\u00bbhttps:\/\/youtu.be\/VOWijMilzJ0&Prime; align=\u00a0\u00bbcenter\u00a0\u00bb][\/vc_column][vc_column width=\u00a0\u00bb1\/3&Prime;][vc_column_text]<\/p>\n<h5><a href=\"https:\/\/consorcioserrano.es\/fr\/recettes-tapas-et-sandwiches\/\">Recettes, tapas et sandwiches au Jambon Serrano<\/a><\/h5>\n<p>[\/vc_column_text][vc_column_text]<form style=\"display:none;\" autocomplete=\"off\" name=\"wpv-filter-2547\" action=\"\/fr\/wp-json\/wp\/v2\/pages\/2921?wpv_view_count=2547\" method=\"get\" class=\"wpv-filter-form js-wpv-filter-form js-wpv-filter-form-2547 js-wpv-form-full\" data-viewnumber=\"2547\" data-viewid=\"2547\" data-viewhash=\"eyJuYW1lIjoiaG9tZS1yZWNldGFzLXN1YmZvb3RlciIsInZpZXdfZGlzcGxheSI6ImxheW91dCJ9\" data-viewwidgetid=\"0\" data-orderby=\"\" data-order=\"\" data-orderbyas=\"\" data-orderbysecond=\"\" data-ordersecond=\"\" data-parametric=\"{&quot;query&quot;:&quot;normal&quot;,&quot;id&quot;:2547,&quot;view_id&quot;:2547,&quot;widget_id&quot;:0,&quot;view_hash&quot;:&quot;2547&quot;,&quot;action&quot;:&quot;\\\/fr\\\/wp-json\\\/wp\\\/v2\\\/pages\\\/2921?wpv_view_count=2547&quot;,&quot;sort&quot;:{&quot;orderby&quot;:&quot;&quot;,&quot;order&quot;:&quot;&quot;,&quot;orderby_as&quot;:&quot;&quot;,&quot;orderby_second&quot;:&quot;&quot;,&quot;order_second&quot;:&quot;&quot;},&quot;orderby&quot;:&quot;&quot;,&quot;order&quot;:&quot;&quot;,&quot;orderby_as&quot;:&quot;&quot;,&quot;orderby_second&quot;:&quot;&quot;,&quot;order_second&quot;:&quot;&quot;,&quot;ajax_form&quot;:&quot;&quot;,&quot;ajax_results&quot;:&quot;&quot;,&quot;effect&quot;:&quot;fade&quot;,&quot;prebefore&quot;:&quot;&quot;,&quot;before&quot;:&quot;&quot;,&quot;after&quot;:&quot;&quot;,&quot;attributes&quot;:{&quot;view_display&quot;:&quot;layout&quot;},&quot;environment&quot;:{&quot;current_post_id&quot;:14569,&quot;parent_post_id&quot;:14569,&quot;parent_term_id&quot;:0,&quot;parent_user_id&quot;:0,&quot;archive&quot;:{&quot;type&quot;:&quot;&quot;,&quot;name&quot;:&quot;&quot;,&quot;data&quot;:[]}},&quot;loop&quot;:{&quot;type&quot;:&quot;&quot;,&quot;name&quot;:&quot;&quot;,&quot;data&quot;:[],&quot;id&quot;:0}}\" data-attributes=\"{&quot;view_display&quot;:&quot;layout&quot;}\" data-environment=\"{&quot;current_post_id&quot;:14569,&quot;parent_post_id&quot;:14569,&quot;parent_term_id&quot;:0,&quot;parent_user_id&quot;:0,&quot;archive&quot;:{&quot;type&quot;:&quot;&quot;,&quot;name&quot;:&quot;&quot;,&quot;data&quot;:[]}}\"><input type=\"hidden\" class=\"js-wpv-dps-filter-data js-wpv-filter-data-for-this-form\" data-action=\"\/fr\/wp-json\/wp\/v2\/pages\/2921?wpv_view_count=2547\" data-page=\"1\" data-ajax=\"disable\" data-effect=\"fade\" data-maxpages=\"32\" data-ajaxprebefore=\"\" data-ajaxbefore=\"\" data-ajaxafter=\"\" \/><input class=\"wpv_view_count wpv_view_count-2547\" type=\"hidden\" name=\"wpv_view_count\" value=\"2547\" \/>\n\n\n\n\n<div class=\"vc_row wpb_row vc_row-fluid vc_row-no-padding recetas-buscar\">\n  <div class=\"wpb_column vc_column_container\">\n    <div class=\"vc_column-inner\">\n      <div class=\"wpb_wrapper\">\n      \n        <div class=\"vc_col-xs-12 vc_col-sm-12 vc_col-md-12 vc_col-lg-12 vc_receta_search\">\n          <p><span>Rechercher une recette<\/span>\n            <input type=\"text\" name=\"wpv_post_search\"  class=\"js-wpv-filter-trigger-delayed form-control\" \/>\n      \t\t<button type=\"submit\" class=\"wpv-submit-trigger js-wpv-submit-trigger\">Chercher<\/button>\n            \n          <\/p>\n        <\/div>\n        \n      <\/div>\n    <\/div>\n  <\/div>\n  \n<\/div>\n\n\n\n\n\n<\/form>\n<div id=\"wpv-view-layout-2547\" class=\"js-wpv-view-layout js-wpv-layout-responsive js-wpv-view-layout-2547\" data-viewnumber=\"2547\" data-pagination=\"{&quot;id&quot;:2547,&quot;query&quot;:&quot;normal&quot;,&quot;type&quot;:&quot;paged&quot;,&quot;effect&quot;:&quot;fade&quot;,&quot;duration&quot;:500,&quot;speed&quot;:5,&quot;pause_on_hover&quot;:&quot;disabled&quot;,&quot;stop_rollover&quot;:&quot;false&quot;,&quot;cache_pages&quot;:&quot;enabled&quot;,&quot;preload_images&quot;:&quot;enabled&quot;,&quot;preload_pages&quot;:&quot;enabled&quot;,&quot;preload_reach&quot;:1,&quot;spinner&quot;:&quot;builtin&quot;,&quot;spinner_image&quot;:&quot;https:\/\/consorcioserrano.es\/wp-content\/plugins\/types-views\/embedded\/res\/img\/ajax-loader.gif&quot;,&quot;callback_next&quot;:&quot;&quot;,&quot;manage_history&quot;:&quot;enabled&quot;,&quot;has_controls_in_form&quot;:&quot;disabled&quot;,&quot;infinite_tolerance&quot;:0,&quot;max_pages&quot;:32,&quot;page&quot;:1,&quot;base_permalink&quot;:&quot;\/fr\/wp-json\/wp\/v2\/pages\/2921?wpv_view_count=2547&amp;wpv_paged=WPV_PAGE_NUM&quot;,&quot;loop&quot;:{&quot;type&quot;:&quot;&quot;,&quot;name&quot;:&quot;&quot;,&quot;data&quot;:[],&quot;id&quot;:0}}\" data-permalink=\"\/fr\/wp-json\/wp\/v2\/pages\/2921?wpv_view_count=2547\">\n\n\t\n\t\n\t\n\t\t\n\t\t<div class=\"vc_row \">\n\t\t\t<div class=\"vc_col-sm-12\"><div class=\"vc_recipe\">\n  <div class=\"vc_recipe-image\">\n    \n    <a href=\"https:\/\/consorcioserrano.es\/fr\/recettes\/tarte-tatin-aux-tomates-cerises-chevre-frais-et-jambon-serrano-consorcioserrano\/\" title=\"Tarte tatin aux tomates cerises, ch\u00e8vre frais et jambon serrano ConsorcioSerrano\" alt=\"Tarte tatin aux tomates cerises, ch\u00e8vre frais et jambon serrano ConsorcioSerrano\"><img loading=\"lazy\" decoding=\"async\" width=\"1200\" height=\"831\" src=\"https:\/\/consorcioserrano.es\/wp-content\/uploads\/2024\/01\/cort_Tarta-Tatin-con-tomatitos-cherry-queso-de-cabra-fresco-y-jamon-serrano-ConsorcioSerrano-1.jpg\" class=\"attachment-full size-full img-responsive img-receta-home wp-post-image\" alt=\"Tarta Tatin con tomatitos cherry, queso de cabra fresco y jam\u00f3n serrano ConsorcioSerrano\" srcset=\"https:\/\/consorcioserrano.es\/wp-content\/uploads\/2024\/01\/cort_Tarta-Tatin-con-tomatitos-cherry-queso-de-cabra-fresco-y-jamon-serrano-ConsorcioSerrano-1.jpg 1200w, https:\/\/consorcioserrano.es\/wp-content\/uploads\/2024\/01\/cort_Tarta-Tatin-con-tomatitos-cherry-queso-de-cabra-fresco-y-jamon-serrano-ConsorcioSerrano-1-300x208.jpg 300w, https:\/\/consorcioserrano.es\/wp-content\/uploads\/2024\/01\/cort_Tarta-Tatin-con-tomatitos-cherry-queso-de-cabra-fresco-y-jamon-serrano-ConsorcioSerrano-1-1024x709.jpg 1024w, https:\/\/consorcioserrano.es\/wp-content\/uploads\/2024\/01\/cort_Tarta-Tatin-con-tomatitos-cherry-queso-de-cabra-fresco-y-jamon-serrano-ConsorcioSerrano-1-768x532.jpg 768w, https:\/\/consorcioserrano.es\/wp-content\/uploads\/2024\/01\/cort_Tarta-Tatin-con-tomatitos-cherry-queso-de-cabra-fresco-y-jamon-serrano-ConsorcioSerrano-1-211x146.jpg 211w, https:\/\/consorcioserrano.es\/wp-content\/uploads\/2024\/01\/cort_Tarta-Tatin-con-tomatitos-cherry-queso-de-cabra-fresco-y-jamon-serrano-ConsorcioSerrano-1-50x35.jpg 50w, https:\/\/consorcioserrano.es\/wp-content\/uploads\/2024\/01\/cort_Tarta-Tatin-con-tomatitos-cherry-queso-de-cabra-fresco-y-jamon-serrano-ConsorcioSerrano-1-108x75.jpg 108w\" sizes=\"auto, (max-width:767px) 480px, (max-width:1200px) 100vw, 1200px\" \/><\/a>\n  <\/div>\n  <div class=\"vc_recipe-link\">\n    <h3><a href=\"https:\/\/consorcioserrano.es\/fr\/recettes\/tarte-tatin-aux-tomates-cerises-chevre-frais-et-jambon-serrano-consorcioserrano\/\">Tarte tatin aux tomates cerises, ch\u00e8vre frais et jambon serrano ConsorcioSerrano<\/a><\/h3>\n  <\/div>\n  <div class=\"vc_recipe-excerpt\">\n    <p>Parsemez du ch\u00e8vre frais sur votre tarte tatin, ainsi que les tranches de jambon serrano ConsorcioSerrano et quelques feuilles de basilic.<\/p>\n\n  <\/div>\n  <div class=\"vc_recipe-readmore\">\n    <a href=\"https:\/\/consorcioserrano.es\/fr\/recettes\/tarte-tatin-aux-tomates-cerises-chevre-frais-et-jambon-serrano-consorcioserrano\/\">En savoir plus<\/a>\n    <\/div>\n<\/div><\/div>\n\t\t<\/div>\n\t\t\n\t\n\t\n\n\t\n<\/div>\n[\/vc_column_text][\/vc_column][vc_column width=\u00a0\u00bb1\/3&Prime;][vc_column_text]<\/p>\n<h5><a href=\"https:\/\/consorcioserrano.es\/fr\/comment-decouper-votre-jambon-consortium-serrano\/\">Comment d\u00e9couper un jambon serrano<\/a><\/h5>\n<p>[\/vc_column_text][vc_single_image image=\u00a0\u00bb2574&Prime; img_size=\u00a0\u00bbfull\u00a0\u00bb onclick=\u00a0\u00bbcustom_link\u00a0\u00bb link=\u00a0\u00bbhttp:\/\/consorcioserrano.es\/como-cortar-tu-jamon-consorcio-serrano\/\u00a0\u00bb][\/vc_column][\/vc_row]<\/p>\n<\/div>","protected":false},"excerpt":{"rendered":"<p>[vc_row full_width=\u00a0\u00bbstretch_row_content_no_spaces\u00a0\u00bb][vc_column width=\u00a0\u00bb1\/3&Prime;][\/vc_column][vc_column width=\u00a0\u00bb1\/3&Prime;][\/vc_column][vc_column width=\u00a0\u00bb1\/3&Prime;][\/vc_column][\/vc_row][vc_row full_width=\u00a0\u00bbstretch_row_content_no_spaces\u00a0\u00bb equal_height=\u00a0\u00bbyes\u00a0\u00bb][vc_column width=\u00a0\u00bb1\/3&Prime;][vc_column_text] \u00a0Consorcio del Jam\u00f3n Serrano 23 octobre 2017 Le Consorcio del Jam\u00f3n Serrano Espa\u00f1ol est une association volontaire d\u2019entreprises<span class=\"excerpt-hellip\"> [\u2026]<\/span><\/p>\n","protected":false},"author":1,"featured_media":0,"parent":0,"menu_order":0,"comment_status":"closed","ping_status":"closed","template":"","meta":{"_acf_changed":false,"footnotes":""},"class_list":["post-2921","page","type-page","status-publish","hentry","sections_group lang-fr"],"yoast_head":"<!-- This site is optimized with the Yoast SEO plugin v27.2 - https:\/\/yoast.com\/product\/yoast-seo-wordpress\/ -->\n<title>Consorcio del Jam\u00f3n Serrano Espa\u00f1ol - S\u00e9lection pi\u00e8ce par pi\u00e8ce<\/title>\n<meta name=\"description\" content=\"Le Consortium du Jambon Serrano Espagnol garantit la qualit\u00e9 du Jambon Consorcio Serrano, caract\u00e9ris\u00e9 par son 100% espagnol et sa s\u00e9lection pi\u00e8ce par pi\u00e8ce.\" \/>\n<meta name=\"robots\" content=\"index, follow, max-snippet:-1, max-image-preview:large, max-video-preview:-1\" \/>\n<link rel=\"canonical\" href=\"https:\/\/consorcioserrano.es\/fr\/\" \/>\n<meta property=\"og:locale\" content=\"fr_FR\" \/>\n<meta property=\"og:type\" content=\"article\" \/>\n<meta property=\"og:title\" content=\"Consorcio del Jam\u00f3n Serrano Espa\u00f1ol - S\u00e9lection pi\u00e8ce par pi\u00e8ce\" \/>\n<meta property=\"og:description\" content=\"Le Consortium du Jambon Serrano Espagnol garantit la qualit\u00e9 du Jambon Consorcio Serrano, caract\u00e9ris\u00e9 par son 100% espagnol et sa s\u00e9lection pi\u00e8ce par pi\u00e8ce.\" \/>\n<meta property=\"og:url\" content=\"https:\/\/consorcioserrano.es\/fr\/\" \/>\n<meta property=\"og:site_name\" content=\"Consorcio del Jam\u00f3n Serrano\" \/>\n<meta property=\"article:modified_time\" content=\"2019-01-31T14:20:25+00:00\" \/>\n<meta property=\"og:image\" content=\"http:\/\/consorcioserrano.es\/wp-content\/uploads\/2017\/11\/social-consorcio-serrano.jpg\" \/>\n<meta name=\"twitter:card\" content=\"summary_large_image\" \/>\n<meta name=\"twitter:label1\" content=\"Dur\u00e9e de lecture estim\u00e9e\" \/>\n\t<meta name=\"twitter:data1\" content=\"3 minutes\" \/>\n<script type=\"application\/ld+json\" class=\"yoast-schema-graph\">{\"@context\":\"https:\/\/schema.org\",\"@graph\":[{\"@type\":\"WebPage\",\"@id\":\"https:\/\/consorcioserrano.es\/fr\/\",\"url\":\"https:\/\/consorcioserrano.es\/fr\/\",\"name\":\"Consorcio del Jam\u00f3n Serrano Espa\u00f1ol - S\u00e9lection pi\u00e8ce par pi\u00e8ce\",\"isPartOf\":{\"@id\":\"https:\/\/consorcioserrano.es\/#website\"},\"primaryImageOfPage\":{\"@id\":\"https:\/\/consorcioserrano.es\/fr\/#primaryimage\"},\"image\":{\"@id\":\"https:\/\/consorcioserrano.es\/fr\/#primaryimage\"},\"thumbnailUrl\":\"http:\/\/consorcioserrano.es\/wp-content\/uploads\/2017\/10\/comillas-abrir-1.png\",\"datePublished\":\"2017-11-08T09:34:37+00:00\",\"dateModified\":\"2019-01-31T14:20:25+00:00\",\"description\":\"Le Consortium du Jambon Serrano Espagnol garantit la qualit\u00e9 du Jambon Consorcio Serrano, caract\u00e9ris\u00e9 par son 100% espagnol et sa s\u00e9lection pi\u00e8ce par pi\u00e8ce.\",\"breadcrumb\":{\"@id\":\"https:\/\/consorcioserrano.es\/fr\/#breadcrumb\"},\"inLanguage\":\"fr-FR\",\"potentialAction\":[{\"@type\":\"ReadAction\",\"target\":[\"https:\/\/consorcioserrano.es\/fr\/\"]}]},{\"@type\":\"ImageObject\",\"inLanguage\":\"fr-FR\",\"@id\":\"https:\/\/consorcioserrano.es\/fr\/#primaryimage\",\"url\":\"http:\/\/consorcioserrano.es\/wp-content\/uploads\/2017\/10\/comillas-abrir-1.png\",\"contentUrl\":\"http:\/\/consorcioserrano.es\/wp-content\/uploads\/2017\/10\/comillas-abrir-1.png\"},{\"@type\":\"BreadcrumbList\",\"@id\":\"https:\/\/consorcioserrano.es\/fr\/#breadcrumb\",\"itemListElement\":[{\"@type\":\"ListItem\",\"position\":1,\"name\":\"Portada\",\"item\":\"https:\/\/consorcioserrano.es\/fr\/\"},{\"@type\":\"ListItem\",\"position\":2,\"name\":\"Accueil\"}]},{\"@type\":\"WebSite\",\"@id\":\"https:\/\/consorcioserrano.es\/#website\",\"url\":\"https:\/\/consorcioserrano.es\/\",\"name\":\"Consorcio del Jam\u00f3n Serrano\",\"description\":\"ConsorcioSerrano : Jambon serrano haut de gamme certifi\u00e9 - S\u00e9lection manuelle de chaque jambon espagnol - Elaboration, d\u00e9coupe, tapas espagnoles\",\"potentialAction\":[{\"@type\":\"SearchAction\",\"target\":{\"@type\":\"EntryPoint\",\"urlTemplate\":\"https:\/\/consorcioserrano.es\/?s={search_term_string}\"},\"query-input\":{\"@type\":\"PropertyValueSpecification\",\"valueRequired\":true,\"valueName\":\"search_term_string\"}}],\"inLanguage\":\"fr-FR\"}]}<\/script>\n<!-- \/ Yoast SEO plugin. -->","yoast_head_json":{"title":"Consorcio del Jam\u00f3n Serrano Espa\u00f1ol - S\u00e9lection pi\u00e8ce par pi\u00e8ce","description":"Le Consortium du Jambon Serrano Espagnol garantit la qualit\u00e9 du Jambon Consorcio Serrano, caract\u00e9ris\u00e9 par son 100% espagnol et sa s\u00e9lection pi\u00e8ce par pi\u00e8ce.","robots":{"index":"index","follow":"follow","max-snippet":"max-snippet:-1","max-image-preview":"max-image-preview:large","max-video-preview":"max-video-preview:-1"},"canonical":"https:\/\/consorcioserrano.es\/fr\/","og_locale":"fr_FR","og_type":"article","og_title":"Consorcio del Jam\u00f3n Serrano Espa\u00f1ol - S\u00e9lection pi\u00e8ce par pi\u00e8ce","og_description":"Le Consortium du Jambon Serrano Espagnol garantit la qualit\u00e9 du Jambon Consorcio Serrano, caract\u00e9ris\u00e9 par son 100% espagnol et sa s\u00e9lection pi\u00e8ce par pi\u00e8ce.","og_url":"https:\/\/consorcioserrano.es\/fr\/","og_site_name":"Consorcio del Jam\u00f3n Serrano","article_modified_time":"2019-01-31T14:20:25+00:00","og_image":[{"url":"http:\/\/consorcioserrano.es\/wp-content\/uploads\/2017\/11\/social-consorcio-serrano.jpg","type":"","width":"","height":""}],"twitter_card":"summary_large_image","twitter_misc":{"Dur\u00e9e de lecture estim\u00e9e":"3 minutes"},"schema":{"@context":"https:\/\/schema.org","@graph":[{"@type":"WebPage","@id":"https:\/\/consorcioserrano.es\/fr\/","url":"https:\/\/consorcioserrano.es\/fr\/","name":"Consorcio del Jam\u00f3n Serrano Espa\u00f1ol - S\u00e9lection pi\u00e8ce par pi\u00e8ce","isPartOf":{"@id":"https:\/\/consorcioserrano.es\/#website"},"primaryImageOfPage":{"@id":"https:\/\/consorcioserrano.es\/fr\/#primaryimage"},"image":{"@id":"https:\/\/consorcioserrano.es\/fr\/#primaryimage"},"thumbnailUrl":"http:\/\/consorcioserrano.es\/wp-content\/uploads\/2017\/10\/comillas-abrir-1.png","datePublished":"2017-11-08T09:34:37+00:00","dateModified":"2019-01-31T14:20:25+00:00","description":"Le Consortium du Jambon Serrano Espagnol garantit la qualit\u00e9 du Jambon Consorcio Serrano, caract\u00e9ris\u00e9 par son 100% espagnol et sa s\u00e9lection pi\u00e8ce par pi\u00e8ce.","breadcrumb":{"@id":"https:\/\/consorcioserrano.es\/fr\/#breadcrumb"},"inLanguage":"fr-FR","potentialAction":[{"@type":"ReadAction","target":["https:\/\/consorcioserrano.es\/fr\/"]}]},{"@type":"ImageObject","inLanguage":"fr-FR","@id":"https:\/\/consorcioserrano.es\/fr\/#primaryimage","url":"http:\/\/consorcioserrano.es\/wp-content\/uploads\/2017\/10\/comillas-abrir-1.png","contentUrl":"http:\/\/consorcioserrano.es\/wp-content\/uploads\/2017\/10\/comillas-abrir-1.png"},{"@type":"BreadcrumbList","@id":"https:\/\/consorcioserrano.es\/fr\/#breadcrumb","itemListElement":[{"@type":"ListItem","position":1,"name":"Portada","item":"https:\/\/consorcioserrano.es\/fr\/"},{"@type":"ListItem","position":2,"name":"Accueil"}]},{"@type":"WebSite","@id":"https:\/\/consorcioserrano.es\/#website","url":"https:\/\/consorcioserrano.es\/","name":"Consorcio del Jam\u00f3n Serrano","description":"ConsorcioSerrano : Jambon serrano haut de gamme certifi\u00e9 - S\u00e9lection manuelle de chaque jambon espagnol - Elaboration, d\u00e9coupe, tapas espagnoles","potentialAction":[{"@type":"SearchAction","target":{"@type":"EntryPoint","urlTemplate":"https:\/\/consorcioserrano.es\/?s={search_term_string}"},"query-input":{"@type":"PropertyValueSpecification","valueRequired":true,"valueName":"search_term_string"}}],"inLanguage":"fr-FR"}]}},"acf":[],"_links":{"self":[{"href":"https:\/\/consorcioserrano.es\/fr\/wp-json\/wp\/v2\/pages\/2921","targetHints":{"allow":["GET"]}}],"collection":[{"href":"https:\/\/consorcioserrano.es\/fr\/wp-json\/wp\/v2\/pages"}],"about":[{"href":"https:\/\/consorcioserrano.es\/fr\/wp-json\/wp\/v2\/types\/page"}],"author":[{"embeddable":true,"href":"https:\/\/consorcioserrano.es\/fr\/wp-json\/wp\/v2\/users\/1"}],"replies":[{"embeddable":true,"href":"https:\/\/consorcioserrano.es\/fr\/wp-json\/wp\/v2\/comments?post=2921"}],"version-history":[{"count":0,"href":"https:\/\/consorcioserrano.es\/fr\/wp-json\/wp\/v2\/pages\/2921\/revisions"}],"wp:attachment":[{"href":"https:\/\/consorcioserrano.es\/fr\/wp-json\/wp\/v2\/media?parent=2921"}],"curies":[{"name":"wp","href":"https:\/\/api.w.org\/{rel}","templated":true}]}}