{"id":2929,"date":"2017-11-08T12:39:49","date_gmt":"2017-11-08T10:39:49","guid":{"rendered":"http:\/\/consorcioserrano.es\/?page_id=2929"},"modified":"2024-02-20T13:42:44","modified_gmt":"2024-02-20T12:42:44","slug":"jambon-consorcio-serrano","status":"publish","type":"page","link":"https:\/\/consorcioserrano.es\/fr\/jambon-consorcio-serrano\/","title":{"rendered":"Jambon Consorcio Serrano"},"content":{"rendered":"<div class=\"wpb-content-wrapper\"><p>[vc_row full_width=\u00a0\u00bbstretch_row_content_no_spaces\u00a0\u00bb css=\u00a0\u00bb.vc_custom_1509104616814{background-color: #161616 !important;}\u00a0\u00bb el_class=\u00a0\u00bbnext-row-no-padding\u00a0\u00bb][vc_column][vc_column_text css=\u00a0\u00bb.vc_custom_1699960412763{padding-left: 100px !important;background-color: #161616 !important;}\u00a0\u00bb el_class=\u00a0\u00bbno-margin-with-padding\u00a0\u00bb el_id=\u00a0\u00bbdiv-sello\u00a0\u00bb]<\/p>\n<p class=\"image-h2\" style=\"padding-top: 0px; margin-bottom: 0px;\"><img loading=\"lazy\" decoding=\"async\" class=\"alignnone size-full wp-image-975\" title=\"Certificado por Consorcio Serrano - Selecci\u00f3n a mano\" src=\"https:\/\/consorcioserrano.es\/wp-content\/uploads\/2023\/10\/sello_jamon_consorcio_2023.png\" alt=\"Certificado por Consorcio Serrano - Selecci\u00f3n a mano\" width=\"140\" height=\"60\" \/><\/p>\n<h1><strong>Le Jambon<\/strong> Consorcio Serrano<\/h1>\n<p>[\/vc_column_text][\/vc_column][\/vc_row][vc_row full_width=\u00a0\u00bbstretch_row_content_no_spaces\u00a0\u00bb el_class=\u00a0\u00bbnext-row-no-padding\u00a0\u00bb][vc_column width=\u00a0\u00bb1\/4&Prime;]\n    <a href=\"https:\/\/consorcioserrano.es\/fr\/jambon-consorcio-serrano\/histoire-et-tradition\/\"   class=\"vc_link_consorcio\" title=\"Histoire et tradition du jambon Serrano Une tradition mill\u00e9naire conserv\u00e9e vivante et actuelle. \">\n    <div class=\"roll_wrap\" id=\"\">\n\t\t\n        <div class=\"roll_wrap_img \" ><img decoding=\"async\" src=\"https:\/\/consorcioserrano.es\/wp-content\/uploads\/2017\/10\/Historia-y-tradicion.jpg\" class=\"img-responsive \" > <\/div>\n\t\t\n\n\t\t\n\t\t\n\t        <div class=\"roll_wrap_link_imagetext  box-s-consorcio-serrano\" style=\"color:#ff0000; font-size:;\"><h2><img loading=\"lazy\" decoding=\"async\" class=\"alignnone size-full wp-image-1101\" src=\"http:\/\/consorcioserrano.es\/wp-content\/uploads\/2017\/10\/comillas-abrir-1.png\" alt=\"\" width=\"59\" height=\"53\" srcset=\"https:\/\/consorcioserrano.es\/wp-content\/uploads\/2017\/10\/comillas-abrir-1.png 59w, https:\/\/consorcioserrano.es\/wp-content\/uploads\/2017\/10\/comillas-abrir-1-50x45.png 50w\" sizes=\"auto, (max-width:767px) 59px, 59px\" \/><strong>Histoire et tradition du jambon Serrano<\/strong><\/h2>\n<p>Une tradition mill\u00e9naire conserv\u00e9e vivante et actuelle.<\/p>\n<\/div>\n\t\t\n    <\/div>\n    <\/a>[\/vc_column][vc_column width=\u00a0\u00bb1\/4&Prime;]\n    <a href=\"https:\/\/consorcioserrano.es\/fr\/jambon-consorcio-serrano\/elaboration\/\"   class=\"vc_link_consorcio\" title=\"\u00a0\u00c9laboration du Jambon Serrano Affinage, tradition et s\u00e9lection pi\u00e8ce par pi\u00e8ce du meilleur jambon serrano. \">\n    <div class=\"roll_wrap\" id=\"\">\n\t\t\n        <div class=\"roll_wrap_img \" ><img decoding=\"async\" src=\"https:\/\/consorcioserrano.es\/wp-content\/uploads\/2017\/10\/Elaboracion.jpg\" class=\"img-responsive \" > <\/div>\n\t\t\n\n\t\t\n\t\t\n\t        <div class=\"roll_wrap_link_imagetext  \" style=\"color:#ff0000; font-size:;\"><h2><img loading=\"lazy\" decoding=\"async\" class=\"alignnone size-full wp-image-1101\" src=\"http:\/\/consorcioserrano.es\/wp-content\/uploads\/2017\/10\/comillas-abrir-1.png\" alt=\"\" width=\"59\" height=\"53\" srcset=\"https:\/\/consorcioserrano.es\/wp-content\/uploads\/2017\/10\/comillas-abrir-1.png 59w, https:\/\/consorcioserrano.es\/wp-content\/uploads\/2017\/10\/comillas-abrir-1-50x45.png 50w\" sizes=\"auto, (max-width:767px) 59px, 59px\" \/>\u00a0\u00c9laboration du Jambon Serrano<\/h2>\n<p>Affinage, tradition et s\u00e9lection pi\u00e8ce par pi\u00e8ce du meilleur jambon serrano.<\/p>\n<\/div>\n\t\t\n    <\/div>\n    <\/a>[\/vc_column][vc_column width=\u00a0\u00bb1\/4&Prime;]\n    <a href=\"https:\/\/consorcioserrano.es\/fr\/jambon-consorcio-serrano\/saveur-arome-et-conservation\/\"   class=\"vc_link_consorcio\" title=\" Saveur, ar\u00f4me et conservation du jambon Serrano Prendre soin de la conservation du jam\u00f3n serrano et faire attention \u00e0 sa pr\u00e9sentation sont les cl\u00e9s pour profiter au mieux de son ar\u00f4me et de sa saveur. \">\n    <div class=\"roll_wrap\" id=\"\">\n\t\t\n        <div class=\"roll_wrap_img \" ><img decoding=\"async\" src=\"https:\/\/consorcioserrano.es\/wp-content\/uploads\/2017\/10\/Sabor-y-aroma.jpg\" class=\"img-responsive \" > <\/div>\n\t\t\n\n\t\t\n\t\t\n\t        <div class=\"roll_wrap_link_imagetext  \" style=\"color:#ff0000; font-size:;\"><h2><img loading=\"lazy\" decoding=\"async\" class=\"alignnone size-full wp-image-1101\" src=\"http:\/\/consorcioserrano.es\/wp-content\/uploads\/2017\/10\/comillas-abrir-1.png\" alt=\"\" width=\"59\" height=\"53\" srcset=\"https:\/\/consorcioserrano.es\/wp-content\/uploads\/2017\/10\/comillas-abrir-1.png 59w, https:\/\/consorcioserrano.es\/wp-content\/uploads\/2017\/10\/comillas-abrir-1-50x45.png 50w\" sizes=\"auto, (max-width:767px) 59px, 59px\" \/> Saveur, ar\u00f4me et conservation du jambon Serrano<\/h2>\n<p>Prendre soin de la conservation du jam\u00f3n serrano et faire attention \u00e0 sa pr\u00e9sentation sont les cl\u00e9s pour profiter au mieux de son ar\u00f4me et de sa saveur.<\/p>\n<\/div>\n\t\t\n    <\/div>\n    <\/a>[\/vc_column][vc_column width=\u00a0\u00bb1\/4&Prime;]\n    <a href=\"https:\/\/consorcioserrano.es\/fr\/jambon-consorcio-serrano\/garantie-de-qualite-jambon\/\"   class=\"vc_link_consorcio\" title=\"Garantie de qualit\u00e9 Notre principe, garantir un produit de qualit\u00e9, de texture, d\u2019ar\u00f4me et de saveur uniques. \">\n    <div class=\"roll_wrap\" id=\"\">\n\t\t\n        <div class=\"roll_wrap_img \" ><img decoding=\"async\" src=\"https:\/\/consorcioserrano.es\/wp-content\/uploads\/2017\/10\/Garantia-de-calidad.jpg\" class=\"img-responsive \" > <\/div>\n\t\t\n\n\t\t\n\t\t\n\t        <div class=\"roll_wrap_link_imagetext  box-s-consorcio-serrano\" style=\"color:#ff0000; font-size:;\"><h2><img loading=\"lazy\" decoding=\"async\" class=\"alignnone size-full wp-image-1101\" src=\"http:\/\/consorcioserrano.es\/wp-content\/uploads\/2017\/10\/comillas-abrir-1.png\" alt=\"\" width=\"59\" height=\"53\" srcset=\"https:\/\/consorcioserrano.es\/wp-content\/uploads\/2017\/10\/comillas-abrir-1.png 59w, https:\/\/consorcioserrano.es\/wp-content\/uploads\/2017\/10\/comillas-abrir-1-50x45.png 50w\" sizes=\"auto, (max-width:767px) 59px, 59px\" \/><strong>Garantie de qualit\u00e9<\/strong><\/h2>\n<p>Notre principe, garantir un produit de qualit\u00e9, de texture, d\u2019ar\u00f4me et de saveur uniques.<\/p>\n<\/div>\n\t\t\n    <\/div>\n    <\/a>[\/vc_column][\/vc_row][vc_row full_width=\u00a0\u00bbstretch_row_content_no_spaces\u00a0\u00bb][vc_column width=\u00a0\u00bb1\/4&Prime;]\n    <a href=\"https:\/\/consorcioserrano.es\/fr\/jambon-consorcio-serrano\/elaboration\/\"   class=\"vc_link_consorcio\" title=\"\u00a0\u00c9laboration du Jambon Serrano Comment la main du ma\u00eetre jambonnier s\u00e9lectionne chaque jambon serrano. &nbsp; \">\n    <div class=\"roll_wrap\" id=\"\">\n\t\t\n        <div class=\"roll_wrap_img \" ><img decoding=\"async\" src=\"https:\/\/consorcioserrano.es\/wp-content\/uploads\/2024\/02\/seleccion-a-mano-jamon-serrano.jpg\" class=\"img-responsive \" > <\/div>\n\t\t\n\n\t\t\n\t\t\n\t        <div class=\"roll_wrap_link_imagetext  \" style=\"color:#ff0000; font-size:;\"><h2><img loading=\"lazy\" decoding=\"async\" class=\"alignnone size-full wp-image-1101\" src=\"http:\/\/consorcioserrano.es\/wp-content\/uploads\/2017\/10\/comillas-abrir-1.png\" alt=\"\" width=\"59\" height=\"53\" srcset=\"https:\/\/consorcioserrano.es\/wp-content\/uploads\/2017\/10\/comillas-abrir-1.png 59w, https:\/\/consorcioserrano.es\/wp-content\/uploads\/2017\/10\/comillas-abrir-1-50x45.png 50w\" sizes=\"auto, (max-width:767px) 59px, 59px\" \/>\u00a0\u00c9laboration du Jambon Serrano<\/h2>\n<p>Comment la main du ma\u00eetre jambonnier s\u00e9lectionne chaque jambon serrano.<\/p>\n<p>&nbsp;<\/p>\n<\/div>\n\t\t\n    <\/div>\n    <\/a>[\/vc_column][vc_column width=\u00a0\u00bb1\/4&Prime;]\n    <a href=\"https:\/\/consorcioserrano.es\/fr\/jambon-consorcio-serrano\/comment-consommer\/\"   class=\"vc_link_consorcio\" title=\"\u00a0Comment consommer le jambon serrano Combinaisons traditionnelles ou risqu\u00e9es, avec une large gamme de produits, pour chaque diner. \">\n    <div class=\"roll_wrap\" id=\"\">\n\t\t\n        <div class=\"roll_wrap_img \" ><img decoding=\"async\" src=\"https:\/\/consorcioserrano.es\/wp-content\/uploads\/2017\/10\/Como-consumirlo.jpg\" class=\"img-responsive \" > <\/div>\n\t\t\n\n\t\t\n\t\t\n\t        <div class=\"roll_wrap_link_imagetext  \" style=\"color:#ff0000; font-size:;\"><h2><img loading=\"lazy\" decoding=\"async\" class=\"alignnone size-full wp-image-1101\" src=\"http:\/\/consorcioserrano.es\/wp-content\/uploads\/2017\/10\/comillas-abrir-1.png\" alt=\"\" width=\"59\" height=\"53\" srcset=\"https:\/\/consorcioserrano.es\/wp-content\/uploads\/2017\/10\/comillas-abrir-1.png 59w, https:\/\/consorcioserrano.es\/wp-content\/uploads\/2017\/10\/comillas-abrir-1-50x45.png 50w\" sizes=\"auto, (max-width:767px) 59px, 59px\" \/>\u00a0Comment consommer le jambon serrano<\/h2>\n<p>Combinaisons traditionnelles ou risqu\u00e9es, avec une large gamme de produits, pour chaque diner.<\/p>\n<\/div>\n\t\t\n    <\/div>\n    <\/a>[\/vc_column][vc_column width=\u00a0\u00bb1\/4&Prime;]\n    <a href=\"https:\/\/consorcioserrano.es\/fr\/jambon-consorcio-serrano\/types-de-jambon\/\"   class=\"vc_link_consorcio\" title=\"\u00a0Types de Jambon Car tous les jambons ne sont pas identiques. \">\n    <div class=\"roll_wrap\" id=\"\">\n\t\t\n        <div class=\"roll_wrap_img \" ><img decoding=\"async\" src=\"https:\/\/consorcioserrano.es\/wp-content\/uploads\/2017\/10\/Tipos-de-Jamon.jpg\" class=\"img-responsive \" > <\/div>\n\t\t\n\n\t\t\n\t\t\n\t        <div class=\"roll_wrap_link_imagetext  \" style=\"color:#ff0000; font-size:;\"><h2><img loading=\"lazy\" decoding=\"async\" class=\"alignnone size-full wp-image-1101\" src=\"http:\/\/consorcioserrano.es\/wp-content\/uploads\/2017\/10\/comillas-abrir-1.png\" alt=\"\" width=\"59\" height=\"53\" srcset=\"https:\/\/consorcioserrano.es\/wp-content\/uploads\/2017\/10\/comillas-abrir-1.png 59w, https:\/\/consorcioserrano.es\/wp-content\/uploads\/2017\/10\/comillas-abrir-1-50x45.png 50w\" sizes=\"auto, (max-width:767px) 59px, 59px\" \/>\u00a0Types de Jambon<\/h2>\n<p>Car tous les jambons ne sont pas identiques.<\/p>\n<\/div>\n\t\t\n    <\/div>\n    <\/a>[\/vc_column][vc_column width=\u00a0\u00bb1\/4&Prime;]\n    <a href=\"https:\/\/consorcioserrano.es\/fr\/a-propos-du-consorcio-jamon-serrano\/le-label-qualite\/\"   class=\"vc_link_consorcio\" title=\"\u00a0Le label ConsorcioSerrano Le symbole qui garantit la qualit\u00e9 du meilleur jambon serrano. &nbsp; \">\n    <div class=\"roll_wrap\" id=\"\">\n\t\t\n        <div class=\"roll_wrap_img \" ><img decoding=\"async\" src=\"https:\/\/consorcioserrano.es\/wp-content\/uploads\/2024\/02\/sello-de-calidad-pag-interm.jpg\" class=\"img-responsive \" > <\/div>\n\t\t\n\n\t\t\n\t\t\n\t        <div class=\"roll_wrap_link_imagetext  \" style=\"color:#ff0000; font-size:;\"><h2><img loading=\"lazy\" decoding=\"async\" class=\"alignnone size-full wp-image-1101\" src=\"http:\/\/consorcioserrano.es\/wp-content\/uploads\/2017\/10\/comillas-abrir-1.png\" alt=\"\" width=\"59\" height=\"53\" srcset=\"https:\/\/consorcioserrano.es\/wp-content\/uploads\/2017\/10\/comillas-abrir-1.png 59w, https:\/\/consorcioserrano.es\/wp-content\/uploads\/2017\/10\/comillas-abrir-1-50x45.png 50w\" sizes=\"auto, (max-width:767px) 59px, 59px\" \/>\u00a0Le label ConsorcioSerrano<\/h2>\n<p>Le symbole qui garantit la qualit\u00e9 du meilleur jambon serrano.<\/p>\n<p>&nbsp;<\/p>\n<\/div>\n\t\t\n    <\/div>\n    <\/a>[\/vc_column][\/vc_row]<\/p>\n<\/div>","protected":false},"excerpt":{"rendered":"<p>[vc_row full_width=\u00a0\u00bbstretch_row_content_no_spaces\u00a0\u00bb css=\u00a0\u00bb.vc_custom_1509104616814{background-color: #161616 !important;}\u00a0\u00bb el_class=\u00a0\u00bbnext-row-no-padding\u00a0\u00bb][vc_column][vc_column_text css=\u00a0\u00bb.vc_custom_1699960412763{padding-left: 100px !important;background-color: #161616 !important;}\u00a0\u00bb el_class=\u00a0\u00bbno-margin-with-padding\u00a0\u00bb el_id=\u00a0\u00bbdiv-sello\u00a0\u00bb] Le Jambon Consorcio Serrano [\/vc_column_text][\/vc_column][\/vc_row][vc_row full_width=\u00a0\u00bbstretch_row_content_no_spaces\u00a0\u00bb el_class=\u00a0\u00bbnext-row-no-padding\u00a0\u00bb][vc_column width=\u00a0\u00bb1\/4&Prime;][\/vc_column][vc_column width=\u00a0\u00bb1\/4&Prime;][\/vc_column][vc_column width=\u00a0\u00bb1\/4&Prime;][\/vc_column][vc_column width=\u00a0\u00bb1\/4&Prime;][\/vc_column][\/vc_row][vc_row full_width=\u00a0\u00bbstretch_row_content_no_spaces\u00a0\u00bb][vc_column width=\u00a0\u00bb1\/4&Prime;][\/vc_column][vc_column<span class=\"excerpt-hellip\"> [\u2026]<\/span><\/p>\n","protected":false},"author":1,"featured_media":0,"parent":0,"menu_order":0,"comment_status":"closed","ping_status":"closed","template":"","meta":{"_acf_changed":false,"footnotes":""},"class_list":["post-2929","page","type-page","status-publish","hentry","sections_group lang-fr"],"yoast_head":"<!-- This site is optimized with the Yoast SEO plugin v27.2 - https:\/\/yoast.com\/product\/yoast-seo-wordpress\/ -->\n<title>Jambon Consorcio Serrano - Consorcio du Jambon Serrano<\/title>\n<meta name=\"description\" content=\"Jambon Serrano haut de gamme. Affinage, tradition et s\u00e9lection manuelle du meilleur jambon cru espagnol. Garantie de qualit\u00e9: texture, ar\u00f4me, saveur unique\" \/>\n<meta name=\"robots\" content=\"index, follow, max-snippet:-1, max-image-preview:large, max-video-preview:-1\" \/>\n<link rel=\"canonical\" href=\"https:\/\/consorcioserrano.es\/fr\/jambon-consorcio-serrano\/\" \/>\n<meta property=\"og:locale\" content=\"fr_FR\" \/>\n<meta property=\"og:type\" content=\"article\" \/>\n<meta property=\"og:title\" content=\"Jambon Consorcio Serrano - Consorcio du Jambon Serrano\" \/>\n<meta property=\"og:description\" content=\"Jambon Serrano haut de gamme. Affinage, tradition et s\u00e9lection manuelle du meilleur jambon cru espagnol. Garantie de qualit\u00e9: texture, ar\u00f4me, saveur unique\" \/>\n<meta property=\"og:url\" content=\"https:\/\/consorcioserrano.es\/fr\/jambon-consorcio-serrano\/\" \/>\n<meta property=\"og:site_name\" content=\"Consorcio del Jam\u00f3n Serrano\" \/>\n<meta property=\"article:modified_time\" content=\"2024-02-20T12:42:44+00:00\" \/>\n<meta property=\"og:image\" content=\"https:\/\/consorcioserrano.es\/wp-content\/uploads\/2023\/10\/sello_jamon_consorcio_2023.png\" \/>\n<meta name=\"twitter:card\" content=\"summary_large_image\" \/>\n<meta name=\"twitter:label1\" content=\"Dur\u00e9e de lecture estim\u00e9e\" \/>\n\t<meta name=\"twitter:data1\" content=\"3 minutes\" \/>\n<script type=\"application\/ld+json\" class=\"yoast-schema-graph\">{\"@context\":\"https:\/\/schema.org\",\"@graph\":[{\"@type\":\"WebPage\",\"@id\":\"https:\/\/consorcioserrano.es\/fr\/jambon-consorcio-serrano\/\",\"url\":\"https:\/\/consorcioserrano.es\/fr\/jambon-consorcio-serrano\/\",\"name\":\"Jambon Consorcio Serrano - Consorcio du Jambon Serrano\",\"isPartOf\":{\"@id\":\"https:\/\/consorcioserrano.es\/#website\"},\"primaryImageOfPage\":{\"@id\":\"https:\/\/consorcioserrano.es\/fr\/jambon-consorcio-serrano\/#primaryimage\"},\"image\":{\"@id\":\"https:\/\/consorcioserrano.es\/fr\/jambon-consorcio-serrano\/#primaryimage\"},\"thumbnailUrl\":\"https:\/\/consorcioserrano.es\/wp-content\/uploads\/2023\/10\/sello_jamon_consorcio_2023.png\",\"datePublished\":\"2017-11-08T10:39:49+00:00\",\"dateModified\":\"2024-02-20T12:42:44+00:00\",\"description\":\"Jambon Serrano haut de gamme. Affinage, tradition et s\u00e9lection manuelle du meilleur jambon cru espagnol. Garantie de qualit\u00e9: texture, ar\u00f4me, saveur unique\",\"breadcrumb\":{\"@id\":\"https:\/\/consorcioserrano.es\/fr\/jambon-consorcio-serrano\/#breadcrumb\"},\"inLanguage\":\"fr-FR\",\"potentialAction\":[{\"@type\":\"ReadAction\",\"target\":[\"https:\/\/consorcioserrano.es\/fr\/jambon-consorcio-serrano\/\"]}]},{\"@type\":\"ImageObject\",\"inLanguage\":\"fr-FR\",\"@id\":\"https:\/\/consorcioserrano.es\/fr\/jambon-consorcio-serrano\/#primaryimage\",\"url\":\"https:\/\/consorcioserrano.es\/wp-content\/uploads\/2023\/10\/sello_jamon_consorcio_2023.png\",\"contentUrl\":\"https:\/\/consorcioserrano.es\/wp-content\/uploads\/2023\/10\/sello_jamon_consorcio_2023.png\"},{\"@type\":\"BreadcrumbList\",\"@id\":\"https:\/\/consorcioserrano.es\/fr\/jambon-consorcio-serrano\/#breadcrumb\",\"itemListElement\":[{\"@type\":\"ListItem\",\"position\":1,\"name\":\"Portada\",\"item\":\"https:\/\/consorcioserrano.es\/fr\/\"},{\"@type\":\"ListItem\",\"position\":2,\"name\":\"Jambon Consorcio Serrano\"}]},{\"@type\":\"WebSite\",\"@id\":\"https:\/\/consorcioserrano.es\/#website\",\"url\":\"https:\/\/consorcioserrano.es\/\",\"name\":\"Consorcio del Jam\u00f3n Serrano\",\"description\":\"ConsorcioSerrano : Jambon serrano haut de gamme certifi\u00e9 - S\u00e9lection manuelle de chaque jambon espagnol - Elaboration, d\u00e9coupe, tapas espagnoles\",\"potentialAction\":[{\"@type\":\"SearchAction\",\"target\":{\"@type\":\"EntryPoint\",\"urlTemplate\":\"https:\/\/consorcioserrano.es\/?s={search_term_string}\"},\"query-input\":{\"@type\":\"PropertyValueSpecification\",\"valueRequired\":true,\"valueName\":\"search_term_string\"}}],\"inLanguage\":\"fr-FR\"}]}<\/script>\n<!-- \/ Yoast SEO plugin. -->","yoast_head_json":{"title":"Jambon Consorcio Serrano - Consorcio du Jambon Serrano","description":"Jambon Serrano haut de gamme. Affinage, tradition et s\u00e9lection manuelle du meilleur jambon cru espagnol. Garantie de qualit\u00e9: texture, ar\u00f4me, saveur unique","robots":{"index":"index","follow":"follow","max-snippet":"max-snippet:-1","max-image-preview":"max-image-preview:large","max-video-preview":"max-video-preview:-1"},"canonical":"https:\/\/consorcioserrano.es\/fr\/jambon-consorcio-serrano\/","og_locale":"fr_FR","og_type":"article","og_title":"Jambon Consorcio Serrano - Consorcio du Jambon Serrano","og_description":"Jambon Serrano haut de gamme. Affinage, tradition et s\u00e9lection manuelle du meilleur jambon cru espagnol. Garantie de qualit\u00e9: texture, ar\u00f4me, saveur unique","og_url":"https:\/\/consorcioserrano.es\/fr\/jambon-consorcio-serrano\/","og_site_name":"Consorcio del Jam\u00f3n Serrano","article_modified_time":"2024-02-20T12:42:44+00:00","og_image":[{"url":"https:\/\/consorcioserrano.es\/wp-content\/uploads\/2023\/10\/sello_jamon_consorcio_2023.png","type":"","width":"","height":""}],"twitter_card":"summary_large_image","twitter_misc":{"Dur\u00e9e de lecture estim\u00e9e":"3 minutes"},"schema":{"@context":"https:\/\/schema.org","@graph":[{"@type":"WebPage","@id":"https:\/\/consorcioserrano.es\/fr\/jambon-consorcio-serrano\/","url":"https:\/\/consorcioserrano.es\/fr\/jambon-consorcio-serrano\/","name":"Jambon Consorcio Serrano - Consorcio du Jambon Serrano","isPartOf":{"@id":"https:\/\/consorcioserrano.es\/#website"},"primaryImageOfPage":{"@id":"https:\/\/consorcioserrano.es\/fr\/jambon-consorcio-serrano\/#primaryimage"},"image":{"@id":"https:\/\/consorcioserrano.es\/fr\/jambon-consorcio-serrano\/#primaryimage"},"thumbnailUrl":"https:\/\/consorcioserrano.es\/wp-content\/uploads\/2023\/10\/sello_jamon_consorcio_2023.png","datePublished":"2017-11-08T10:39:49+00:00","dateModified":"2024-02-20T12:42:44+00:00","description":"Jambon Serrano haut de gamme. Affinage, tradition et s\u00e9lection manuelle du meilleur jambon cru espagnol. Garantie de qualit\u00e9: texture, ar\u00f4me, saveur unique","breadcrumb":{"@id":"https:\/\/consorcioserrano.es\/fr\/jambon-consorcio-serrano\/#breadcrumb"},"inLanguage":"fr-FR","potentialAction":[{"@type":"ReadAction","target":["https:\/\/consorcioserrano.es\/fr\/jambon-consorcio-serrano\/"]}]},{"@type":"ImageObject","inLanguage":"fr-FR","@id":"https:\/\/consorcioserrano.es\/fr\/jambon-consorcio-serrano\/#primaryimage","url":"https:\/\/consorcioserrano.es\/wp-content\/uploads\/2023\/10\/sello_jamon_consorcio_2023.png","contentUrl":"https:\/\/consorcioserrano.es\/wp-content\/uploads\/2023\/10\/sello_jamon_consorcio_2023.png"},{"@type":"BreadcrumbList","@id":"https:\/\/consorcioserrano.es\/fr\/jambon-consorcio-serrano\/#breadcrumb","itemListElement":[{"@type":"ListItem","position":1,"name":"Portada","item":"https:\/\/consorcioserrano.es\/fr\/"},{"@type":"ListItem","position":2,"name":"Jambon Consorcio Serrano"}]},{"@type":"WebSite","@id":"https:\/\/consorcioserrano.es\/#website","url":"https:\/\/consorcioserrano.es\/","name":"Consorcio del Jam\u00f3n Serrano","description":"ConsorcioSerrano : Jambon serrano haut de gamme certifi\u00e9 - S\u00e9lection manuelle de chaque jambon espagnol - Elaboration, d\u00e9coupe, tapas espagnoles","potentialAction":[{"@type":"SearchAction","target":{"@type":"EntryPoint","urlTemplate":"https:\/\/consorcioserrano.es\/?s={search_term_string}"},"query-input":{"@type":"PropertyValueSpecification","valueRequired":true,"valueName":"search_term_string"}}],"inLanguage":"fr-FR"}]}},"acf":[],"_links":{"self":[{"href":"https:\/\/consorcioserrano.es\/fr\/wp-json\/wp\/v2\/pages\/2929","targetHints":{"allow":["GET"]}}],"collection":[{"href":"https:\/\/consorcioserrano.es\/fr\/wp-json\/wp\/v2\/pages"}],"about":[{"href":"https:\/\/consorcioserrano.es\/fr\/wp-json\/wp\/v2\/types\/page"}],"author":[{"embeddable":true,"href":"https:\/\/consorcioserrano.es\/fr\/wp-json\/wp\/v2\/users\/1"}],"replies":[{"embeddable":true,"href":"https:\/\/consorcioserrano.es\/fr\/wp-json\/wp\/v2\/comments?post=2929"}],"version-history":[{"count":3,"href":"https:\/\/consorcioserrano.es\/fr\/wp-json\/wp\/v2\/pages\/2929\/revisions"}],"predecessor-version":[{"id":22800,"href":"https:\/\/consorcioserrano.es\/fr\/wp-json\/wp\/v2\/pages\/2929\/revisions\/22800"}],"wp:attachment":[{"href":"https:\/\/consorcioserrano.es\/fr\/wp-json\/wp\/v2\/media?parent=2929"}],"curies":[{"name":"wp","href":"https:\/\/api.w.org\/{rel}","templated":true}]}}