{"id":2933,"date":"2017-11-08T12:12:38","date_gmt":"2017-11-08T10:12:38","guid":{"rendered":"http:\/\/consorcioserrano.es\/?page_id=2933"},"modified":"2024-08-30T11:27:28","modified_gmt":"2024-08-30T10:27:28","slug":"a-propos-du-consorcio-jamon-serrano","status":"publish","type":"page","link":"https:\/\/consorcioserrano.es\/fr\/a-propos-du-consorcio-jamon-serrano\/","title":{"rendered":"\u00c0 Propos Du Consorcio Jam\u00f3n Serrano"},"content":{"rendered":"<div class=\"wpb-content-wrapper\"><p>[vc_row full_width=\u00a0\u00bbstretch_row_content_no_spaces\u00a0\u00bb css=\u00a0\u00bb.vc_custom_1509104616814{background-color: #161616 !important;}\u00a0\u00bb el_class=\u00a0\u00bbnext-row-no-padding\u00a0\u00bb][vc_column][vc_column_text css=\u00a0\u00bb.vc_custom_1707466262432{padding-left: 100px !important;background-color: #161616 !important;}\u00a0\u00bb el_class=\u00a0\u00bbno-margin-with-padding\u00a0\u00bb]<\/p>\n<p class=\"image-h2\"><img loading=\"lazy\" decoding=\"async\" class=\"alignnone size-full wp-image-975\" src=\"http:\/\/consorcioserrano.es\/wp-content\/uploads\/2017\/10\/s-60-1.png\" alt=\"\" width=\"60\" height=\"60\" srcset=\"https:\/\/consorcioserrano.es\/wp-content\/uploads\/2017\/10\/s-60-1.png 60w, https:\/\/consorcioserrano.es\/wp-content\/uploads\/2017\/10\/s-60-1-50x50.png 50w\" sizes=\"auto, (max-width:767px) 60px, 60px\" \/><\/p>\n<h1><strong>\u00c0 Propos<\/strong> Du Consorcio Jambon Serrano<\/h1>\n<p>[\/vc_column_text][\/vc_column][\/vc_row][vc_row full_width=\u00a0\u00bbstretch_row_content_no_spaces\u00a0\u00bb el_class=\u00a0\u00bbnext-row-no-padding\u00a0\u00bb][vc_column width=\u00a0\u00bb1\/3&Prime;]\n    <a href=\"https:\/\/consorcioserrano.es\/fr\/a-propos-du-consorcio-jamon-serrano\/histoire\/\"   class=\"vc_link_consorcio\" title=\"\u00a0Histoire Association professionnelle qui garantit la qualit\u00e9 du Jambon Serrano espagnol et sa diffusion internationale. \">\n    <div class=\"roll_wrap\" id=\"\">\n\t\t\n        <div class=\"roll_wrap_img \" ><img decoding=\"async\" src=\"https:\/\/consorcioserrano.es\/wp-content\/uploads\/2017\/10\/historia-consorcio-jamon-serrano-principal-secccion-750x545.jpg\" class=\"img-responsive \" > <\/div>\n\t\t\n\n\t\t\n\t\t\n\t        <div class=\"roll_wrap_link_imagetext  box-s-consorcio-serrano\" style=\"color:#ff0000; font-size:;\"><h2><img loading=\"lazy\" decoding=\"async\" class=\"alignnone size-full wp-image-1101\" src=\"http:\/\/consorcioserrano.es\/wp-content\/uploads\/2017\/10\/comillas-abrir-1.png\" alt=\"\" width=\"59\" height=\"53\" srcset=\"https:\/\/consorcioserrano.es\/wp-content\/uploads\/2017\/10\/comillas-abrir-1.png 59w, https:\/\/consorcioserrano.es\/wp-content\/uploads\/2017\/10\/comillas-abrir-1-50x45.png 50w\" sizes=\"auto, (max-width:767px) 59px, 59px\" \/>\u00a0Histoire<\/h2>\n<p>Association professionnelle qui garantit la qualit\u00e9 du Jambon Serrano espagnol et sa diffusion internationale.<\/p>\n<\/div>\n\t\t\n    <\/div>\n    <\/a>[\/vc_column][vc_column width=\u00a0\u00bb1\/3&Prime;]\n    <a href=\"https:\/\/consorcioserrano.es\/fr\/a-propos-du-consorcio-jamon-serrano\/quelle-est-notre-identification\/\"   class=\"vc_link_consorcio\" title=\"\u00a0Quelle est notre identification Un engagement avec la tradition et le savoir-faire de l\u2019authentique jambon serrano espagnol. \">\n    <div class=\"roll_wrap\" id=\"\">\n\t\t\n        <div class=\"roll_wrap_img \" ><img decoding=\"async\" src=\"https:\/\/consorcioserrano.es\/wp-content\/uploads\/2017\/10\/identifica-consorcio-jamon-serrano-principal-secccion-750x545.jpg\" class=\"img-responsive \" > <\/div>\n\t\t\n\n\t\t\n\t\t\n\t        <div class=\"roll_wrap_link_imagetext  \" style=\"color:#ff0000; font-size:;\"><h2><img loading=\"lazy\" decoding=\"async\" class=\"alignnone size-full wp-image-1101\" src=\"http:\/\/consorcioserrano.es\/wp-content\/uploads\/2017\/10\/comillas-abrir-1.png\" alt=\"\" width=\"59\" height=\"53\" srcset=\"https:\/\/consorcioserrano.es\/wp-content\/uploads\/2017\/10\/comillas-abrir-1.png 59w, https:\/\/consorcioserrano.es\/wp-content\/uploads\/2017\/10\/comillas-abrir-1-50x45.png 50w\" sizes=\"auto, (max-width:767px) 59px, 59px\" \/>\u00a0Quelle est notre identification<\/h2>\n<p>Un engagement avec la tradition et le savoir-faire de l\u2019authentique jambon serrano espagnol.<\/p>\n<\/div>\n\t\t\n    <\/div>\n    <\/a>[\/vc_column][vc_column width=\u00a0\u00bb1\/3&Prime;]\n    <a href=\"https:\/\/consorcioserrano.es\/fr\/a-propos-du-consorcio-jamon-serrano\/le-label-qualite\/\"   class=\"vc_link_consorcio\" title=\"\u00a0Le label de qualit\u00e9 Le symbole qui garantit la qualit\u00e9 du meilleur jambon serrano. \">\n    <div class=\"roll_wrap\" id=\"\">\n\t\t\n        <div class=\"roll_wrap_img \" ><img decoding=\"async\" src=\"https:\/\/consorcioserrano.es\/wp-content\/uploads\/2017\/10\/sello-calidad-consorcio-jamon-serrano-principal-secccion-750x545.jpg\" class=\"img-responsive \" > <\/div>\n\t\t\n\n\t\t\n\t\t\n\t        <div class=\"roll_wrap_link_imagetext  \" style=\"color:#ff0000; font-size:;\"><h2><img loading=\"lazy\" decoding=\"async\" class=\"alignnone size-full wp-image-1101\" src=\"http:\/\/consorcioserrano.es\/wp-content\/uploads\/2017\/10\/comillas-abrir-1.png\" alt=\"\" width=\"59\" height=\"53\" srcset=\"https:\/\/consorcioserrano.es\/wp-content\/uploads\/2017\/10\/comillas-abrir-1.png 59w, https:\/\/consorcioserrano.es\/wp-content\/uploads\/2017\/10\/comillas-abrir-1-50x45.png 50w\" sizes=\"auto, (max-width:767px) 59px, 59px\" \/>\u00a0Le label de qualit\u00e9<\/h2>\n<p>Le symbole qui garantit la qualit\u00e9 du meilleur jambon serrano.<\/p>\n<\/div>\n\t\t\n    <\/div>\n    <\/a>[\/vc_column][\/vc_row][vc_row full_width=\u00a0\u00bbstretch_row_content_no_spaces\u00a0\u00bb][vc_column width=\u00a0\u00bb1\/4&Prime; offset=\u00a0\u00bbvc_col-lg-2 vc_col-md-2&Prime;][\/vc_column][vc_column width=\u00a0\u00bb1\/4&Prime; offset=\u00a0\u00bbvc_col-lg-4 vc_col-md-4&Prime;]\n    <a href=\"https:\/\/consorcioserrano.es\/fr\/a-propos-du-consorcio-jamon-serrano\/presence-internationale-du-consorcio\/\"   class=\"vc_link_consorcio\" title=\" Pr\u00e9sence internationale Engagement dans la diffusion et l\u2019exportation internationale, comp\u00e9tente, diverse et de qualit\u00e9. \">\n    <div class=\"roll_wrap\" id=\"\">\n\t\t\n        <div class=\"roll_wrap_img \" ><img decoding=\"async\" src=\"https:\/\/consorcioserrano.es\/wp-content\/uploads\/2017\/10\/presencia-internacional-consorcio-jamon-serrano-principal-secccion-750x545.jpg\" class=\"img-responsive \" > <\/div>\n\t\t\n\n\t\t\n\t\t\n\t        <div class=\"roll_wrap_link_imagetext  \" style=\"color:#ff0000; font-size:;\"><h2><img loading=\"lazy\" decoding=\"async\" class=\"alignnone size-full wp-image-1101\" src=\"http:\/\/consorcioserrano.es\/wp-content\/uploads\/2017\/10\/comillas-abrir-1.png\" alt=\"\" width=\"59\" height=\"53\" srcset=\"https:\/\/consorcioserrano.es\/wp-content\/uploads\/2017\/10\/comillas-abrir-1.png 59w, https:\/\/consorcioserrano.es\/wp-content\/uploads\/2017\/10\/comillas-abrir-1-50x45.png 50w\" sizes=\"auto, (max-width:767px) 59px, 59px\" \/> Pr\u00e9sence internationale<\/h2>\n<p>Engagement dans la diffusion et l\u2019exportation internationale, comp\u00e9tente, diverse et de qualit\u00e9.<\/p>\n<\/div>\n\t\t\n    <\/div>\n    <\/a>[\/vc_column][vc_column width=\u00a0\u00bb1\/4&Prime; offset=\u00a0\u00bbvc_col-lg-4 vc_col-md-4&Prime;]\n    <a href=\"https:\/\/consorcioserrano.es\/fr\/qui-sommes-nous\/nos-associes\/\"   class=\"vc_link_consorcio\" title=\"\u00a0Nos associ\u00e9s  Marques espagnoles engag\u00e9es dans la qualit\u00e9 du jambon serrano \">\n    <div class=\"roll_wrap\" id=\"\">\n\t\t\n        <div class=\"roll_wrap_img \" ><img decoding=\"async\" src=\"https:\/\/consorcioserrano.es\/wp-content\/uploads\/2024\/08\/asociados-nueva-5-2024.jpg\" class=\"img-responsive \" > <\/div>\n\t\t\n\n\t\t\n\t\t\n\t        <div class=\"roll_wrap_link_imagetext  \" style=\"color:#ff0000; font-size:;\"><h2><img loading=\"lazy\" decoding=\"async\" class=\"alignnone size-full wp-image-1101\" src=\"http:\/\/consorcioserrano.es\/wp-content\/uploads\/2017\/10\/comillas-abrir-1.png\" alt=\"\" width=\"59\" height=\"53\" srcset=\"https:\/\/consorcioserrano.es\/wp-content\/uploads\/2017\/10\/comillas-abrir-1.png 59w, https:\/\/consorcioserrano.es\/wp-content\/uploads\/2017\/10\/comillas-abrir-1-50x45.png 50w\" sizes=\"auto, (max-width:767px) 59px, 59px\" \/>\u00a0<strong>Nos associ\u00e9s <\/strong><\/h2>\n<p>Marques espagnoles engag\u00e9es dans la qualit\u00e9 du jambon serrano<\/p>\n<\/div>\n\t\t\n    <\/div>\n    <\/a>[\/vc_column][vc_column width=\u00a0\u00bb1\/4&Prime; offset=\u00a0\u00bbvc_col-lg-2 vc_col-md-2&Prime;][\/vc_column][\/vc_row]<\/p>\n<\/div>","protected":false},"excerpt":{"rendered":"<p>[vc_row full_width=\u00a0\u00bbstretch_row_content_no_spaces\u00a0\u00bb css=\u00a0\u00bb.vc_custom_1509104616814{background-color: #161616 !important;}\u00a0\u00bb el_class=\u00a0\u00bbnext-row-no-padding\u00a0\u00bb][vc_column][vc_column_text css=\u00a0\u00bb.vc_custom_1707466262432{padding-left: 100px !important;background-color: #161616 !important;}\u00a0\u00bb el_class=\u00a0\u00bbno-margin-with-padding\u00a0\u00bb] \u00c0 Propos Du Consorcio Jambon Serrano [\/vc_column_text][\/vc_column][\/vc_row][vc_row full_width=\u00a0\u00bbstretch_row_content_no_spaces\u00a0\u00bb el_class=\u00a0\u00bbnext-row-no-padding\u00a0\u00bb][vc_column width=\u00a0\u00bb1\/3&Prime;][\/vc_column][vc_column width=\u00a0\u00bb1\/3&Prime;][\/vc_column][vc_column width=\u00a0\u00bb1\/3&Prime;][\/vc_column][\/vc_row][vc_row full_width=\u00a0\u00bbstretch_row_content_no_spaces\u00a0\u00bb][vc_column width=\u00a0\u00bb1\/4&Prime;<span class=\"excerpt-hellip\"> [\u2026]<\/span><\/p>\n","protected":false},"author":1,"featured_media":0,"parent":0,"menu_order":0,"comment_status":"closed","ping_status":"closed","template":"","meta":{"_acf_changed":false,"footnotes":""},"class_list":["post-2933","page","type-page","status-publish","hentry","sections_group lang-fr"],"yoast_head":"<!-- This site is optimized with the Yoast SEO plugin v27.2 - https:\/\/yoast.com\/product\/yoast-seo-wordpress\/ -->\n<title>\u00c0 Propos Du Consorcio Jambon Serrano - Consorcio del Jam\u00f3n Serrano<\/title>\n<meta name=\"description\" content=\"ConsorcioSerrano: Jambon serrano haut de gamme certifi\u00e9. Jambon espagnol 100% - S\u00e9lection manuelle de chaque jambon cru espagnol - Tapas espagnoles, recettes\" \/>\n<meta name=\"robots\" content=\"index, follow, max-snippet:-1, max-image-preview:large, max-video-preview:-1\" \/>\n<link rel=\"canonical\" href=\"https:\/\/consorcioserrano.es\/fr\/a-propos-du-consorcio-jamon-serrano\/\" \/>\n<meta property=\"og:locale\" content=\"fr_FR\" \/>\n<meta property=\"og:type\" content=\"article\" \/>\n<meta property=\"og:title\" content=\"\u00c0 Propos Du Consorcio Jambon Serrano - Consorcio del Jam\u00f3n Serrano\" \/>\n<meta property=\"og:description\" content=\"ConsorcioSerrano: Jambon serrano haut de gamme certifi\u00e9. Jambon espagnol 100% - S\u00e9lection manuelle de chaque jambon cru espagnol - Tapas espagnoles, recettes\" \/>\n<meta property=\"og:url\" content=\"https:\/\/consorcioserrano.es\/fr\/a-propos-du-consorcio-jamon-serrano\/\" \/>\n<meta property=\"og:site_name\" content=\"Consorcio del Jam\u00f3n Serrano\" \/>\n<meta property=\"article:modified_time\" content=\"2024-08-30T10:27:28+00:00\" \/>\n<meta property=\"og:image\" content=\"http:\/\/consorcioserrano.es\/wp-content\/uploads\/2017\/10\/s-60-1.png\" \/>\n<meta name=\"twitter:card\" content=\"summary_large_image\" \/>\n<meta name=\"twitter:label1\" content=\"Dur\u00e9e de lecture estim\u00e9e\" \/>\n\t<meta name=\"twitter:data1\" content=\"3 minutes\" \/>\n<script type=\"application\/ld+json\" class=\"yoast-schema-graph\">{\"@context\":\"https:\/\/schema.org\",\"@graph\":[{\"@type\":\"WebPage\",\"@id\":\"https:\/\/consorcioserrano.es\/fr\/a-propos-du-consorcio-jamon-serrano\/\",\"url\":\"https:\/\/consorcioserrano.es\/fr\/a-propos-du-consorcio-jamon-serrano\/\",\"name\":\"\u00c0 Propos Du Consorcio Jambon Serrano - Consorcio del Jam\u00f3n Serrano\",\"isPartOf\":{\"@id\":\"https:\/\/consorcioserrano.es\/#website\"},\"primaryImageOfPage\":{\"@id\":\"https:\/\/consorcioserrano.es\/fr\/a-propos-du-consorcio-jamon-serrano\/#primaryimage\"},\"image\":{\"@id\":\"https:\/\/consorcioserrano.es\/fr\/a-propos-du-consorcio-jamon-serrano\/#primaryimage\"},\"thumbnailUrl\":\"http:\/\/consorcioserrano.es\/wp-content\/uploads\/2017\/10\/s-60-1.png\",\"datePublished\":\"2017-11-08T10:12:38+00:00\",\"dateModified\":\"2024-08-30T10:27:28+00:00\",\"description\":\"ConsorcioSerrano: Jambon serrano haut de gamme certifi\u00e9. Jambon espagnol 100% - S\u00e9lection manuelle de chaque jambon cru espagnol - Tapas espagnoles, recettes\",\"breadcrumb\":{\"@id\":\"https:\/\/consorcioserrano.es\/fr\/a-propos-du-consorcio-jamon-serrano\/#breadcrumb\"},\"inLanguage\":\"fr-FR\",\"potentialAction\":[{\"@type\":\"ReadAction\",\"target\":[\"https:\/\/consorcioserrano.es\/fr\/a-propos-du-consorcio-jamon-serrano\/\"]}]},{\"@type\":\"ImageObject\",\"inLanguage\":\"fr-FR\",\"@id\":\"https:\/\/consorcioserrano.es\/fr\/a-propos-du-consorcio-jamon-serrano\/#primaryimage\",\"url\":\"http:\/\/consorcioserrano.es\/wp-content\/uploads\/2017\/10\/s-60-1.png\",\"contentUrl\":\"http:\/\/consorcioserrano.es\/wp-content\/uploads\/2017\/10\/s-60-1.png\"},{\"@type\":\"BreadcrumbList\",\"@id\":\"https:\/\/consorcioserrano.es\/fr\/a-propos-du-consorcio-jamon-serrano\/#breadcrumb\",\"itemListElement\":[{\"@type\":\"ListItem\",\"position\":1,\"name\":\"Portada\",\"item\":\"https:\/\/consorcioserrano.es\/fr\/\"},{\"@type\":\"ListItem\",\"position\":2,\"name\":\"\u00c0 Propos Du Consorcio Jam\u00f3n Serrano\"}]},{\"@type\":\"WebSite\",\"@id\":\"https:\/\/consorcioserrano.es\/#website\",\"url\":\"https:\/\/consorcioserrano.es\/\",\"name\":\"Consorcio del Jam\u00f3n Serrano\",\"description\":\"ConsorcioSerrano : Jambon serrano haut de gamme certifi\u00e9 - S\u00e9lection manuelle de chaque jambon espagnol - Elaboration, d\u00e9coupe, tapas espagnoles\",\"potentialAction\":[{\"@type\":\"SearchAction\",\"target\":{\"@type\":\"EntryPoint\",\"urlTemplate\":\"https:\/\/consorcioserrano.es\/?s={search_term_string}\"},\"query-input\":{\"@type\":\"PropertyValueSpecification\",\"valueRequired\":true,\"valueName\":\"search_term_string\"}}],\"inLanguage\":\"fr-FR\"}]}<\/script>\n<!-- \/ Yoast SEO plugin. -->","yoast_head_json":{"title":"\u00c0 Propos Du Consorcio Jambon Serrano - Consorcio del Jam\u00f3n Serrano","description":"ConsorcioSerrano: Jambon serrano haut de gamme certifi\u00e9. Jambon espagnol 100% - S\u00e9lection manuelle de chaque jambon cru espagnol - Tapas espagnoles, recettes","robots":{"index":"index","follow":"follow","max-snippet":"max-snippet:-1","max-image-preview":"max-image-preview:large","max-video-preview":"max-video-preview:-1"},"canonical":"https:\/\/consorcioserrano.es\/fr\/a-propos-du-consorcio-jamon-serrano\/","og_locale":"fr_FR","og_type":"article","og_title":"\u00c0 Propos Du Consorcio Jambon Serrano - Consorcio del Jam\u00f3n Serrano","og_description":"ConsorcioSerrano: Jambon serrano haut de gamme certifi\u00e9. Jambon espagnol 100% - S\u00e9lection manuelle de chaque jambon cru espagnol - Tapas espagnoles, recettes","og_url":"https:\/\/consorcioserrano.es\/fr\/a-propos-du-consorcio-jamon-serrano\/","og_site_name":"Consorcio del Jam\u00f3n Serrano","article_modified_time":"2024-08-30T10:27:28+00:00","og_image":[{"url":"http:\/\/consorcioserrano.es\/wp-content\/uploads\/2017\/10\/s-60-1.png","type":"","width":"","height":""}],"twitter_card":"summary_large_image","twitter_misc":{"Dur\u00e9e de lecture estim\u00e9e":"3 minutes"},"schema":{"@context":"https:\/\/schema.org","@graph":[{"@type":"WebPage","@id":"https:\/\/consorcioserrano.es\/fr\/a-propos-du-consorcio-jamon-serrano\/","url":"https:\/\/consorcioserrano.es\/fr\/a-propos-du-consorcio-jamon-serrano\/","name":"\u00c0 Propos Du Consorcio Jambon Serrano - Consorcio del Jam\u00f3n Serrano","isPartOf":{"@id":"https:\/\/consorcioserrano.es\/#website"},"primaryImageOfPage":{"@id":"https:\/\/consorcioserrano.es\/fr\/a-propos-du-consorcio-jamon-serrano\/#primaryimage"},"image":{"@id":"https:\/\/consorcioserrano.es\/fr\/a-propos-du-consorcio-jamon-serrano\/#primaryimage"},"thumbnailUrl":"http:\/\/consorcioserrano.es\/wp-content\/uploads\/2017\/10\/s-60-1.png","datePublished":"2017-11-08T10:12:38+00:00","dateModified":"2024-08-30T10:27:28+00:00","description":"ConsorcioSerrano: Jambon serrano haut de gamme certifi\u00e9. Jambon espagnol 100% - S\u00e9lection manuelle de chaque jambon cru espagnol - Tapas espagnoles, recettes","breadcrumb":{"@id":"https:\/\/consorcioserrano.es\/fr\/a-propos-du-consorcio-jamon-serrano\/#breadcrumb"},"inLanguage":"fr-FR","potentialAction":[{"@type":"ReadAction","target":["https:\/\/consorcioserrano.es\/fr\/a-propos-du-consorcio-jamon-serrano\/"]}]},{"@type":"ImageObject","inLanguage":"fr-FR","@id":"https:\/\/consorcioserrano.es\/fr\/a-propos-du-consorcio-jamon-serrano\/#primaryimage","url":"http:\/\/consorcioserrano.es\/wp-content\/uploads\/2017\/10\/s-60-1.png","contentUrl":"http:\/\/consorcioserrano.es\/wp-content\/uploads\/2017\/10\/s-60-1.png"},{"@type":"BreadcrumbList","@id":"https:\/\/consorcioserrano.es\/fr\/a-propos-du-consorcio-jamon-serrano\/#breadcrumb","itemListElement":[{"@type":"ListItem","position":1,"name":"Portada","item":"https:\/\/consorcioserrano.es\/fr\/"},{"@type":"ListItem","position":2,"name":"\u00c0 Propos Du Consorcio Jam\u00f3n Serrano"}]},{"@type":"WebSite","@id":"https:\/\/consorcioserrano.es\/#website","url":"https:\/\/consorcioserrano.es\/","name":"Consorcio del Jam\u00f3n Serrano","description":"ConsorcioSerrano : Jambon serrano haut de gamme certifi\u00e9 - S\u00e9lection manuelle de chaque jambon espagnol - Elaboration, d\u00e9coupe, tapas espagnoles","potentialAction":[{"@type":"SearchAction","target":{"@type":"EntryPoint","urlTemplate":"https:\/\/consorcioserrano.es\/?s={search_term_string}"},"query-input":{"@type":"PropertyValueSpecification","valueRequired":true,"valueName":"search_term_string"}}],"inLanguage":"fr-FR"}]}},"acf":[],"_links":{"self":[{"href":"https:\/\/consorcioserrano.es\/fr\/wp-json\/wp\/v2\/pages\/2933","targetHints":{"allow":["GET"]}}],"collection":[{"href":"https:\/\/consorcioserrano.es\/fr\/wp-json\/wp\/v2\/pages"}],"about":[{"href":"https:\/\/consorcioserrano.es\/fr\/wp-json\/wp\/v2\/types\/page"}],"author":[{"embeddable":true,"href":"https:\/\/consorcioserrano.es\/fr\/wp-json\/wp\/v2\/users\/1"}],"replies":[{"embeddable":true,"href":"https:\/\/consorcioserrano.es\/fr\/wp-json\/wp\/v2\/comments?post=2933"}],"version-history":[{"count":3,"href":"https:\/\/consorcioserrano.es\/fr\/wp-json\/wp\/v2\/pages\/2933\/revisions"}],"predecessor-version":[{"id":24622,"href":"https:\/\/consorcioserrano.es\/fr\/wp-json\/wp\/v2\/pages\/2933\/revisions\/24622"}],"wp:attachment":[{"href":"https:\/\/consorcioserrano.es\/fr\/wp-json\/wp\/v2\/media?parent=2933"}],"curies":[{"name":"wp","href":"https:\/\/api.w.org\/{rel}","templated":true}]}}