{"id":2940,"date":"2017-11-08T12:22:58","date_gmt":"2017-11-08T10:22:58","guid":{"rendered":"http:\/\/consorcioserrano.es\/?page_id=2940"},"modified":"2025-10-07T18:31:17","modified_gmt":"2025-10-07T17:31:17","slug":"histoire","status":"publish","type":"page","link":"https:\/\/consorcioserrano.es\/fr\/a-propos-du-consorcio-jamon-serrano\/histoire\/","title":{"rendered":"Histoire"},"content":{"rendered":"<div class=\"wpb-content-wrapper\"><p>[vc_row full_width=\u00a0\u00bbstretch_row\u00a0\u00bb css=\u00a0\u00bb.vc_custom_1510761505891{background-color: #161616 !important;}\u00a0\u00bb el_class=\u00a0\u00bbno-padding-top six-columns consorcio-submenu\u00a0\u00bb el_id=\u00a0\u00bbconsorcio-submenu\u00a0\u00bb][vc_column width=\u00a0\u00bb1\/6&Prime; offset=\u00a0\u00bbvc_hidden-md vc_hidden-sm vc_hidden-xs\u00a0\u00bb][\/vc_column][vc_column offset=\u00a0\u00bbvc_col-lg-2 vc_col-md-3&Prime; el_class=\u00a0\u00bbno-lateral-padding\u00a0\u00bb]\n    <a href=\"https:\/\/consorcioserrano.es\/fr\/a-propos-du-consorcio-jamon-serrano\/histoire\/\"   class=\"vc_link_consorcio\" title=\" Histoire \">\n    <div class=\"roll_wrap\" id=\"\">\n\t\t\n        <div class=\"roll_wrap_img \" ><img decoding=\"async\" src=\"https:\/\/consorcioserrano.es\/wp-content\/uploads\/2017\/10\/historia-consorcio-jamon-serrano-superior-menu-620x450.jpg\" class=\"img-responsive \" > <\/div>\n\t\t\n\n\t\t\n\t\t\n\t        <div class=\"roll_wrap_link_imagetextmenu  \" style=\"color:#ff0000; font-size:;\"><p class=\"six-columns-img\"><img loading=\"lazy\" decoding=\"async\" class=\"size-full wp-image-2600 alignleft\" src=\"http:\/\/consorcioserrano.es\/wp-content\/uploads\/2017\/10\/s-60.png\" alt=\"\" width=\"60\" height=\"60\" \/><\/p>\n<h3><strong>Histoire<\/strong><\/h3>\n<\/div>\n\t\t\n    <\/div>\n    <\/a>[\/vc_column][vc_column offset=\u00a0\u00bbvc_col-lg-2 vc_col-md-3&Prime; el_class=\u00a0\u00bbno-lateral-padding\u00a0\u00bb]\n    <a href=\"https:\/\/consorcioserrano.es\/fr\/a-propos-du-consorcio-jamon-serrano\/quelle-est-notre-identification\/\"   class=\"vc_link_consorcio\" title=\" Quelle est notre identification \">\n    <div class=\"roll_wrap\" id=\"\">\n\t\t\n        <div class=\"roll_wrap_img opacity-submenu-hover\" ><img decoding=\"async\" src=\"https:\/\/consorcioserrano.es\/wp-content\/uploads\/2017\/10\/identifica-consorcio-jamon-serrano-superior-menu-620x450.jpg\" class=\"img-responsive \" > <\/div>\n\t\t\n\n\t\t\n\t\t\n\t        <div class=\"roll_wrap_link_imagetextmenu  \" style=\"color:#ff0000; font-size:;\"><p class=\"six-columns-img\"><img loading=\"lazy\" decoding=\"async\" class=\"size-full wp-image-2600 alignleft\" src=\"http:\/\/consorcioserrano.es\/wp-content\/uploads\/2017\/10\/s-60.png\" alt=\"\" width=\"60\" height=\"60\" \/><\/p>\n<h3><strong>Quelle est notre identification<\/strong><\/h3>\n<\/div>\n\t\t\n    <\/div>\n    <\/a>[\/vc_column][vc_column offset=\u00a0\u00bbvc_col-lg-2 vc_col-md-3&Prime; el_class=\u00a0\u00bbno-lateral-padding\u00a0\u00bb]\n    <a href=\"https:\/\/consorcioserrano.es\/fr\/a-propos-du-consorcio-jamon-serrano\/le-label-qualite\/\"   class=\"vc_link_consorcio\" title=\" Le label de qualit\u00e9 \">\n    <div class=\"roll_wrap\" id=\"\">\n\t\t\n        <div class=\"roll_wrap_img opacity-submenu-hover\" ><img decoding=\"async\" src=\"https:\/\/consorcioserrano.es\/wp-content\/uploads\/2017\/10\/sello-calidad-consorcio-jamon-serrano-superior-menu-620x450.jpg\" class=\"img-responsive \" > <\/div>\n\t\t\n\n\t\t\n\t\t\n\t        <div class=\"roll_wrap_link_imagetextmenu  \" style=\"color:#ff0000; font-size:;\"><p class=\"six-columns-img\"><img loading=\"lazy\" decoding=\"async\" class=\"size-full wp-image-2600 alignleft\" src=\"http:\/\/consorcioserrano.es\/wp-content\/uploads\/2017\/10\/s-60.png\" alt=\"\" width=\"60\" height=\"60\" \/><\/p>\n<h3><strong>Le label de qualit\u00e9<\/strong><\/h3>\n<\/div>\n\t\t\n    <\/div>\n    <\/a>[\/vc_column][vc_column offset=\u00a0\u00bbvc_col-lg-2 vc_col-md-3&Prime; el_class=\u00a0\u00bbno-lateral-padding\u00a0\u00bb]\n    <a href=\"https:\/\/consorcioserrano.es\/fr\/a-propos-du-consorcio-jamon-serrano\/presence-internationale-du-consorcio\/\"   class=\"vc_link_consorcio\" title=\" Pr\u00e9sence internationale \">\n    <div class=\"roll_wrap\" id=\"\">\n\t\t\n        <div class=\"roll_wrap_img opacity-submenu-hover\" ><img decoding=\"async\" src=\"https:\/\/consorcioserrano.es\/wp-content\/uploads\/2017\/10\/presencia-internacional-consorcio-jamon-serrano-superior-menu-620x450.jpg\" class=\"img-responsive \" > <\/div>\n\t\t\n\n\t\t\n\t\t\n\t        <div class=\"roll_wrap_link_imagetextmenu  \" style=\"color:#ff0000; font-size:;\"><p class=\"six-columns-img\"><img loading=\"lazy\" decoding=\"async\" class=\"size-full wp-image-2600 alignleft\" src=\"http:\/\/consorcioserrano.es\/wp-content\/uploads\/2017\/10\/s-60.png\" alt=\"\" width=\"60\" height=\"60\" \/><\/p>\n<h3>Pr\u00e9sence internationale<\/h3>\n<\/div>\n\t\t\n    <\/div>\n    <\/a>[\/vc_column][vc_column width=\u00a0\u00bb1\/6&Prime; offset=\u00a0\u00bbvc_hidden-md vc_hidden-sm\u00a0\u00bb][\/vc_column][\/vc_row][vc_row full_width=\u00a0\u00bbstretch_row_content_no_spaces\u00a0\u00bb css=\u00a0\u00bb.vc_custom_1509641801554{background-image: url(http:\/\/consorcioserrano.es\/wp-content\/uploads\/2017\/10\/historia-consorcio-jamon-serrano1900x331.jpg?id=1694) !important;background-position: center !important;background-repeat: no-repeat !important;background-size: cover !important;}\u00a0\u00bb][vc_column]\n<div id=\"ersspace-1\"><\/div><style type=\"text\/css\">#ersspace-1 { height: 320px; }\n@media handheld, only screen and (max-width: 1199px) {\n\t#ersspace-1 { height: 300px; }\n}\n@media handheld, only screen and (max-width: 1023px) {\n\t#ersspace-1 { height: 300px; }\n}\n@media handheld, only screen and (max-width: 767px) {\n\t#ersspace-1 { height: 260px; }\n}<\/style>[\/vc_column][\/vc_row][vc_row el_class=\u00a0\u00bbcolumn-special-one\u00a0\u00bb][vc_column width=\u00a0\u00bb2\/3&Prime; el_class=\u00a0\u00bbpanel-special-content\u00a0\u00bb][vc_row_inner][vc_column_inner][vc_column_text el_class=\u00a0\u00bbvc_quote_consorcio\u00a0\u00bb]<\/p>\n<div class=\"vc_quote_consorcio_icon\"><img loading=\"lazy\" decoding=\"async\" class=\"alignnone size-full wp-image-1101\" src=\"http:\/\/consorcioserrano.es\/wp-content\/uploads\/2017\/10\/comillas-abrir-1.png\" alt=\"\" width=\"59\" height=\"53\" srcset=\"https:\/\/consorcioserrano.es\/wp-content\/uploads\/2017\/10\/comillas-abrir-1.png 59w, https:\/\/consorcioserrano.es\/wp-content\/uploads\/2017\/10\/comillas-abrir-1-50x45.png 50w\" sizes=\"auto, (max-width:767px) 59px, 59px\" \/><\/div>\n<div class=\"vc_quote_consorcio_content\">\n<h1><strong>Histoire<\/strong> <img loading=\"lazy\" decoding=\"async\" class=\"alignnone size-full wp-image-1100\" src=\"http:\/\/consorcioserrano.es\/wp-content\/uploads\/2017\/10\/comillas-cerrar-1.png\" alt=\"\" width=\"59\" height=\"53\" srcset=\"https:\/\/consorcioserrano.es\/wp-content\/uploads\/2017\/10\/comillas-cerrar-1.png 59w, https:\/\/consorcioserrano.es\/wp-content\/uploads\/2017\/10\/comillas-cerrar-1-50x45.png 50w\" sizes=\"auto, (max-width:767px) 59px, 59px\" \/><\/h1>\n<\/div>\n<p>[\/vc_column_text][\/vc_column_inner][\/vc_row_inner][vc_row_inner][vc_column_inner][vc_single_image image=\u00a0\u00bb1683&Prime; img_size=\u00a0\u00bbfull\u00a0\u00bb][\/vc_column_inner][\/vc_row_inner][vc_row_inner][vc_column_inner][vc_empty_space height=\u00a0\u00bb20px\u00a0\u00bb][\/vc_column_inner][\/vc_row_inner][vc_row_inner][vc_column_inner][vc_column_text]<\/p>\n<h3><strong><span style=\"color: #e82f37;\">Histoire du Consorcio del Jam\u00f3n Serrano Espa\u00f1ol<\/span><\/strong><\/h3>\n<p>[\/vc_column_text][\/vc_column_inner][\/vc_row_inner][vc_row_inner][vc_column_inner width=\u00a0\u00bb1\/2&Prime;][vc_column_text]Le <strong>Consorcio del Jam\u00f3n Serrano Espa\u00f1ol<\/strong> est une association volontaire d\u2019entreprises espagnoles qui, <strong>depuis 1990<\/strong>, regroupe les entreprises les plus importantes du secteur de la viande espagnole. Il s\u2019agit des marques leaders dans l\u2019\u00e9laboration et l\u2019exportation de jambon serrano, unies dans l\u2019objectif d\u2019homologuer un <strong>jambon serrano exclusif et de grande qualit\u00e9<\/strong> pour qu\u2019il soit commercialis\u00e9 sur les march\u00e9s du monde entier.<\/p>\n<p><strong>Apr\u00e8s 30 ans<\/strong>, le Consorcio est le r\u00e9f\u00e9rent et le point de contact pour l\u2019importation du jambon serrano espagnol depuis les principaux march\u00e9s europ\u00e9ens, am\u00e9ricains et asiatiques.<\/p>\n<p>Gr\u00e2ce \u00e0 cela, le Jambon Consorcio Serrano est reconnu de mani\u00e8re internationale comme \u00e9tant un des produits espagnols vedettes, le Consorcio \u00e9tant la seule association espagnole qui garantit un jambon serrano par notre <strong>Label de qualit\u00e9 exclusif<\/strong> et par un contr\u00f4le pi\u00e8ce par pi\u00e8ce.[\/vc_column_text][\/vc_column_inner][vc_column_inner width=\u00a0\u00bb1\/2&Prime;][vc_column_text]Aujourd\u2019hui, l\u2019industrie de la viande est le quatri\u00e8me secteur espagnol, derri\u00e8re l\u2019industrie automobile, celle du p\u00e9trole\/combustibles et celle de l\u2019\u00e9nergie \u00e9lectrique. Notre secteur, compos\u00e9 de presque 3 000 petites et moyennes entreprises, dont beaucoup d\u2019entre elles ont une longue tradition, occupe de loin la premi\u00e8re place de toute l\u2019industrie alimentaire espagnole, ce qui repr\u00e9sente <strong>un chiffre d\u2019affaires de 22 168 millions d&rsquo;euros<\/strong>, soit 21,6 % de tout le secteur alimentaire espagnol.<\/p>\n<p>La strat\u00e9gie de promotion et d\u2019exportation, l\u2019effort pour animer <strong>l\u2019importation de jambon serrano<\/strong> dans des pays du monde entier, ainsi que l\u2019\u00e9laboration <strong>d\u2019un jambon espagnol de premi\u00e8re qualit\u00e9<\/strong> a permis au Consorcio Serrano d\u2019\u00eatre reconnu comme une des entit\u00e9s fondamentales repr\u00e9sentatives des meilleurs produits espagnols.[\/vc_column_text][\/vc_column_inner][\/vc_row_inner][vc_column_text el_class=\u00a0\u00bbvc_quote_consorcio vc_quote_consorcio_other\u00a0\u00bb]<\/p>\n<div class=\"vc_quote_consorcio_icon\"><img loading=\"lazy\" decoding=\"async\" class=\"alignnone size-full wp-image-1101\" src=\"http:\/\/consorcioserrano.es\/wp-content\/uploads\/2017\/10\/comillas-abrir-1.png\" alt=\"\" width=\"59\" height=\"53\" srcset=\"https:\/\/consorcioserrano.es\/wp-content\/uploads\/2017\/10\/comillas-abrir-1.png 59w, https:\/\/consorcioserrano.es\/wp-content\/uploads\/2017\/10\/comillas-abrir-1-50x45.png 50w\" sizes=\"auto, (max-width:767px) 59px, 59px\" \/><\/div>\n<div class=\"vc_quote_consorcio_content\">\n<h2><strong>Apr\u00e8s 30 ans<\/strong>, le Consorcio est le r\u00e9f\u00e9rent et le point de contact pour l\u2019importation du jambon serrano espagnol depuis les principaux march\u00e9s europ\u00e9ens, am\u00e9ricains et asiatiques.<\/h2>\n<\/div>\n<p>[\/vc_column_text][vc_row_inner][vc_column_inner][vc_column_text]<\/p>\n<h3><strong><span style=\"color: #e82f37;\">Naissance du Consorcio del Jam\u00f3n Serrano Espa\u00f1ol<\/span><\/strong><\/h3>\n<p>[\/vc_column_text][\/vc_column_inner][\/vc_row_inner][vc_row_inner][vc_column_inner width=\u00a0\u00bb1\/2&Prime;][vc_column_text]<strong>Le 8 octobre 1990<\/strong>, le Consorcio del Jam\u00f3n Serrano Espa\u00f1ol s\u2019est pr\u00e9sent\u00e9 officiellement dans un lieu aussi embl\u00e9matique que la <strong>\u00ab Nave de terneras \u00bb<\/strong> (ancien abattoir municipal de Madrid). C\u2019est ainsi qu\u2019est apparue une entit\u00e9 n\u00e9e de la n\u00e9cessit\u00e9 de la part de l\u2019industrie espagnole de soutenir et de garantir, sur les march\u00e9s ext\u00e9rieurs, le jambon serrano comme un des produits espagnols de grande qualit\u00e9. Actuellement, elle regroupe les 29 entreprises espagnoles les plus importantes du secteur du jambon espagnol et elle repr\u00e9sente un instrument tr\u00e8s important pour l&rsquo;exportation du jambon serrano et la promotion internationale du c\u00e9l\u00e8bre jambon espagnol.<\/p>\n<p>Le Consorcio Jam\u00f3n Serrano Espa\u00f1ol a commenc\u00e9 son travail de promotion internationale au <strong>salon SIAL<\/strong> 1990 c\u00e9l\u00e9br\u00e9 \u00e0 Paris, premier \u00e9v\u00e9nement auquel il a particip\u00e9.<\/p>\n<p>\u00c0 partir de ce moment-l\u00e0, et dans le but de sauvegarder sur les march\u00e9s internationaux l\u2019image et la qualit\u00e9 de l\u2019authentique Jam\u00f3n Serrano de Espa\u00f1a, un <strong>label de qualit\u00e9<\/strong> \u00ab Consorcio Serrano \u00bb a \u00e9t\u00e9 cr\u00e9\u00e9, qui identifie les jambons serranos qui ont r\u00e9ussi \u00e0 passer les contr\u00f4les de qualit\u00e9 fix\u00e9s par l\u2019association et qui ont \u00e9t\u00e9 s\u00e9lectionn\u00e9s pi\u00e8ce par pi\u00e8ce, \u00e9tant \u00e0 leur tour export\u00e9s et commercialis\u00e9s par ses associ\u00e9s.[\/vc_column_text][\/vc_column_inner][vc_column_inner width=\u00a0\u00bb1\/2&Prime;][vc_column_text]En m\u00eame temps, on d\u00e9marre le d\u00e9veloppement d\u2019une longue et constante <strong>activit\u00e9 de promotion et de diffusion du Label de qualit\u00e9<\/strong> sur les diff\u00e9rents march\u00e9s du monde \u00e0 travers des d\u00e9gustations sur les points de vente, de la publicit\u00e9 dans les m\u00e9dias -aussi bien sp\u00e9cialis\u00e9s que s\u2019adressant au consommateur-, des journ\u00e9es de formation ax\u00e9es sur les professionnels du secteur de la viande, des campagnes sur des m\u00e9dias online et la <strong>participation \u00e0 des salons nationaux et internationaux<\/strong>, entre autres.<\/p>\n<p>Tout au long de ces ann\u00e9es, le Consorcio a fait la promotion de l\u2019importation du jambon serrano et s\u2019occupe, depuis lors, d\u2019\u00e9tendre aussi bien la distinction et les caract\u00e9ristiques de celui-ci permettant ainsi aux consommateurs \u00e9trangers d\u2019\u00e9valuer de plus en plus cette vari\u00e9t\u00e9 de jambon espagnol comme un des produits de la <strong>gastronomie espagnole<\/strong> les plus appr\u00e9ci\u00e9s en tant que gourmet et delicatessen.[\/vc_column_text][\/vc_column_inner][\/vc_row_inner][\/vc_column][vc_column width=\u00a0\u00bb1\/3&Prime;]\n<div id=\"ersspace-2\"><\/div><style type=\"text\/css\">#ersspace-2 { height: 260px; }\n@media handheld, only screen and (max-width: 767px) {\n\t#ersspace-2 { height: 0px; }\n}<\/style>[vc_row_inner el_class=\u00a0\u00bbpanel-special-aside\u00a0\u00bb][vc_column_inner][vc_video link=\u00a0\u00bbhttps:\/\/youtu.be\/VOWijMilzJ0&Prime; align=\u00a0\u00bbcenter\u00a0\u00bb][vc_column_text]<\/p>\n<h3><strong><span style=\"color: #e82f37;\">Le Consorcio Serrano Espa\u00f1ol est constitu\u00e9 de:<\/span><\/strong><\/h3>\n<ul>\n<li><strong>18<\/strong> entreprises espagnoles associ\u00e9es.<\/li>\n<li><strong>57<\/strong> usines de production.<\/li>\n<li>Plus de <strong>65<\/strong>\u00a0pays importateurs du jambon serrano.<\/li>\n<li>Plus de <strong>20 millions<\/strong> de pi\u00e8ces de jambon serrano export\u00e9es depuis le d\u00e9but,<\/li>\n<li>Plus de <strong>800.000<\/strong>\u00a0pi\u00e8ces portant le label et export\u00e9es.<\/li>\n<\/ul>\n<p>[\/vc_column_text][\/vc_column_inner][\/vc_row_inner][\/vc_column][\/vc_row][vc_row][vc_column]\n<div id=\"ersspace-3\"><\/div><style type=\"text\/css\">#ersspace-3 { height: 80px; }<\/style>[\/vc_column][\/vc_row]<\/p>\n<\/div>","protected":false},"excerpt":{"rendered":"<p>[vc_row full_width=\u00a0\u00bbstretch_row\u00a0\u00bb css=\u00a0\u00bb.vc_custom_1510761505891{background-color: #161616 !important;}\u00a0\u00bb el_class=\u00a0\u00bbno-padding-top six-columns consorcio-submenu\u00a0\u00bb el_id=\u00a0\u00bbconsorcio-submenu\u00a0\u00bb][vc_column width=\u00a0\u00bb1\/6&Prime; offset=\u00a0\u00bbvc_hidden-md vc_hidden-sm vc_hidden-xs\u00a0\u00bb][\/vc_column][vc_column offset=\u00a0\u00bbvc_col-lg-2 vc_col-md-3&Prime; el_class=\u00a0\u00bbno-lateral-padding\u00a0\u00bb][\/vc_column][vc_column offset=\u00a0\u00bbvc_col-lg-2 vc_col-md-3&Prime; el_class=\u00a0\u00bbno-lateral-padding\u00a0\u00bb][\/vc_column][vc_column offset=\u00a0\u00bbvc_col-lg-2 vc_col-md-3&Prime; el_class=\u00a0\u00bbno-lateral-padding\u00a0\u00bb][\/vc_column][vc_column offset=\u00a0\u00bbvc_col-lg-2 vc_col-md-3&Prime; el_class=\u00a0\u00bbno-lateral-padding\u00a0\u00bb][\/vc_column][vc_column width=\u00a0\u00bb1\/6&Prime;<span class=\"excerpt-hellip\"> [\u2026]<\/span><\/p>\n","protected":false},"author":1,"featured_media":0,"parent":2933,"menu_order":0,"comment_status":"closed","ping_status":"closed","template":"","meta":{"_acf_changed":false,"footnotes":""},"class_list":["post-2940","page","type-page","status-publish","hentry","sections_group lang-fr"],"yoast_head":"<!-- This site is optimized with the Yoast SEO plugin v27.2 - https:\/\/yoast.com\/product\/yoast-seo-wordpress\/ -->\n<title>Histoire - Consorcio Jambon Serrano<\/title>\n<meta name=\"description\" content=\"Histoire du Consorcio Jambon Serrano - Association de marques de jambon cru espagnol pour garantir le meilleur jambon serrano espagnol s\u00e9lectionn\u00e9 \u00e0 la main\" \/>\n<meta name=\"robots\" content=\"index, follow, max-snippet:-1, max-image-preview:large, max-video-preview:-1\" \/>\n<link rel=\"canonical\" href=\"https:\/\/consorcioserrano.es\/fr\/a-propos-du-consorcio-jamon-serrano\/histoire\/\" \/>\n<meta property=\"og:locale\" content=\"fr_FR\" \/>\n<meta property=\"og:type\" content=\"article\" \/>\n<meta property=\"og:title\" content=\"Histoire - Consorcio Jambon Serrano\" \/>\n<meta property=\"og:description\" content=\"Histoire du Consorcio Jambon Serrano - Association de marques de jambon cru espagnol pour garantir le meilleur jambon serrano espagnol s\u00e9lectionn\u00e9 \u00e0 la main\" \/>\n<meta property=\"og:url\" content=\"https:\/\/consorcioserrano.es\/fr\/a-propos-du-consorcio-jamon-serrano\/histoire\/\" \/>\n<meta property=\"og:site_name\" content=\"Consorcio del Jam\u00f3n Serrano\" \/>\n<meta property=\"article:modified_time\" content=\"2025-10-07T17:31:17+00:00\" \/>\n<meta property=\"og:image\" content=\"http:\/\/consorcioserrano.es\/wp-content\/uploads\/2017\/10\/s-60.png\" \/>\n<meta name=\"twitter:card\" content=\"summary_large_image\" \/>\n<meta name=\"twitter:label1\" content=\"Dur\u00e9e de lecture estim\u00e9e\" \/>\n\t<meta name=\"twitter:data1\" content=\"6 minutes\" \/>\n<script type=\"application\/ld+json\" class=\"yoast-schema-graph\">{\"@context\":\"https:\/\/schema.org\",\"@graph\":[{\"@type\":\"WebPage\",\"@id\":\"https:\/\/consorcioserrano.es\/fr\/a-propos-du-consorcio-jamon-serrano\/histoire\/\",\"url\":\"https:\/\/consorcioserrano.es\/fr\/a-propos-du-consorcio-jamon-serrano\/histoire\/\",\"name\":\"Histoire - Consorcio Jambon Serrano\",\"isPartOf\":{\"@id\":\"https:\/\/consorcioserrano.es\/#website\"},\"primaryImageOfPage\":{\"@id\":\"https:\/\/consorcioserrano.es\/fr\/a-propos-du-consorcio-jamon-serrano\/histoire\/#primaryimage\"},\"image\":{\"@id\":\"https:\/\/consorcioserrano.es\/fr\/a-propos-du-consorcio-jamon-serrano\/histoire\/#primaryimage\"},\"thumbnailUrl\":\"http:\/\/consorcioserrano.es\/wp-content\/uploads\/2017\/10\/s-60.png\",\"datePublished\":\"2017-11-08T10:22:58+00:00\",\"dateModified\":\"2025-10-07T17:31:17+00:00\",\"description\":\"Histoire du Consorcio Jambon Serrano - Association de marques de jambon cru espagnol pour garantir le meilleur jambon serrano espagnol s\u00e9lectionn\u00e9 \u00e0 la main\",\"breadcrumb\":{\"@id\":\"https:\/\/consorcioserrano.es\/fr\/a-propos-du-consorcio-jamon-serrano\/histoire\/#breadcrumb\"},\"inLanguage\":\"fr-FR\",\"potentialAction\":[{\"@type\":\"ReadAction\",\"target\":[\"https:\/\/consorcioserrano.es\/fr\/a-propos-du-consorcio-jamon-serrano\/histoire\/\"]}]},{\"@type\":\"ImageObject\",\"inLanguage\":\"fr-FR\",\"@id\":\"https:\/\/consorcioserrano.es\/fr\/a-propos-du-consorcio-jamon-serrano\/histoire\/#primaryimage\",\"url\":\"http:\/\/consorcioserrano.es\/wp-content\/uploads\/2017\/10\/s-60.png\",\"contentUrl\":\"http:\/\/consorcioserrano.es\/wp-content\/uploads\/2017\/10\/s-60.png\"},{\"@type\":\"BreadcrumbList\",\"@id\":\"https:\/\/consorcioserrano.es\/fr\/a-propos-du-consorcio-jamon-serrano\/histoire\/#breadcrumb\",\"itemListElement\":[{\"@type\":\"ListItem\",\"position\":1,\"name\":\"Portada\",\"item\":\"https:\/\/consorcioserrano.es\/fr\/\"},{\"@type\":\"ListItem\",\"position\":2,\"name\":\"\u00c0 Propos Du Consorcio Jam\u00f3n Serrano\",\"item\":\"https:\/\/consorcioserrano.es\/fr\/a-propos-du-consorcio-jamon-serrano\/\"},{\"@type\":\"ListItem\",\"position\":3,\"name\":\"Histoire\"}]},{\"@type\":\"WebSite\",\"@id\":\"https:\/\/consorcioserrano.es\/#website\",\"url\":\"https:\/\/consorcioserrano.es\/\",\"name\":\"Consorcio del Jam\u00f3n Serrano\",\"description\":\"ConsorcioSerrano : Jambon serrano haut de gamme certifi\u00e9 - S\u00e9lection manuelle de chaque jambon espagnol - Elaboration, d\u00e9coupe, tapas espagnoles\",\"potentialAction\":[{\"@type\":\"SearchAction\",\"target\":{\"@type\":\"EntryPoint\",\"urlTemplate\":\"https:\/\/consorcioserrano.es\/?s={search_term_string}\"},\"query-input\":{\"@type\":\"PropertyValueSpecification\",\"valueRequired\":true,\"valueName\":\"search_term_string\"}}],\"inLanguage\":\"fr-FR\"}]}<\/script>\n<!-- \/ Yoast SEO plugin. -->","yoast_head_json":{"title":"Histoire - Consorcio Jambon Serrano","description":"Histoire du Consorcio Jambon Serrano - Association de marques de jambon cru espagnol pour garantir le meilleur jambon serrano espagnol s\u00e9lectionn\u00e9 \u00e0 la main","robots":{"index":"index","follow":"follow","max-snippet":"max-snippet:-1","max-image-preview":"max-image-preview:large","max-video-preview":"max-video-preview:-1"},"canonical":"https:\/\/consorcioserrano.es\/fr\/a-propos-du-consorcio-jamon-serrano\/histoire\/","og_locale":"fr_FR","og_type":"article","og_title":"Histoire - Consorcio Jambon Serrano","og_description":"Histoire du Consorcio Jambon Serrano - Association de marques de jambon cru espagnol pour garantir le meilleur jambon serrano espagnol s\u00e9lectionn\u00e9 \u00e0 la main","og_url":"https:\/\/consorcioserrano.es\/fr\/a-propos-du-consorcio-jamon-serrano\/histoire\/","og_site_name":"Consorcio del Jam\u00f3n Serrano","article_modified_time":"2025-10-07T17:31:17+00:00","og_image":[{"url":"http:\/\/consorcioserrano.es\/wp-content\/uploads\/2017\/10\/s-60.png","type":"","width":"","height":""}],"twitter_card":"summary_large_image","twitter_misc":{"Dur\u00e9e de lecture estim\u00e9e":"6 minutes"},"schema":{"@context":"https:\/\/schema.org","@graph":[{"@type":"WebPage","@id":"https:\/\/consorcioserrano.es\/fr\/a-propos-du-consorcio-jamon-serrano\/histoire\/","url":"https:\/\/consorcioserrano.es\/fr\/a-propos-du-consorcio-jamon-serrano\/histoire\/","name":"Histoire - Consorcio Jambon Serrano","isPartOf":{"@id":"https:\/\/consorcioserrano.es\/#website"},"primaryImageOfPage":{"@id":"https:\/\/consorcioserrano.es\/fr\/a-propos-du-consorcio-jamon-serrano\/histoire\/#primaryimage"},"image":{"@id":"https:\/\/consorcioserrano.es\/fr\/a-propos-du-consorcio-jamon-serrano\/histoire\/#primaryimage"},"thumbnailUrl":"http:\/\/consorcioserrano.es\/wp-content\/uploads\/2017\/10\/s-60.png","datePublished":"2017-11-08T10:22:58+00:00","dateModified":"2025-10-07T17:31:17+00:00","description":"Histoire du Consorcio Jambon Serrano - Association de marques de jambon cru espagnol pour garantir le meilleur jambon serrano espagnol s\u00e9lectionn\u00e9 \u00e0 la main","breadcrumb":{"@id":"https:\/\/consorcioserrano.es\/fr\/a-propos-du-consorcio-jamon-serrano\/histoire\/#breadcrumb"},"inLanguage":"fr-FR","potentialAction":[{"@type":"ReadAction","target":["https:\/\/consorcioserrano.es\/fr\/a-propos-du-consorcio-jamon-serrano\/histoire\/"]}]},{"@type":"ImageObject","inLanguage":"fr-FR","@id":"https:\/\/consorcioserrano.es\/fr\/a-propos-du-consorcio-jamon-serrano\/histoire\/#primaryimage","url":"http:\/\/consorcioserrano.es\/wp-content\/uploads\/2017\/10\/s-60.png","contentUrl":"http:\/\/consorcioserrano.es\/wp-content\/uploads\/2017\/10\/s-60.png"},{"@type":"BreadcrumbList","@id":"https:\/\/consorcioserrano.es\/fr\/a-propos-du-consorcio-jamon-serrano\/histoire\/#breadcrumb","itemListElement":[{"@type":"ListItem","position":1,"name":"Portada","item":"https:\/\/consorcioserrano.es\/fr\/"},{"@type":"ListItem","position":2,"name":"\u00c0 Propos Du Consorcio Jam\u00f3n Serrano","item":"https:\/\/consorcioserrano.es\/fr\/a-propos-du-consorcio-jamon-serrano\/"},{"@type":"ListItem","position":3,"name":"Histoire"}]},{"@type":"WebSite","@id":"https:\/\/consorcioserrano.es\/#website","url":"https:\/\/consorcioserrano.es\/","name":"Consorcio del Jam\u00f3n Serrano","description":"ConsorcioSerrano : Jambon serrano haut de gamme certifi\u00e9 - S\u00e9lection manuelle de chaque jambon espagnol - Elaboration, d\u00e9coupe, tapas espagnoles","potentialAction":[{"@type":"SearchAction","target":{"@type":"EntryPoint","urlTemplate":"https:\/\/consorcioserrano.es\/?s={search_term_string}"},"query-input":{"@type":"PropertyValueSpecification","valueRequired":true,"valueName":"search_term_string"}}],"inLanguage":"fr-FR"}]}},"acf":[],"_links":{"self":[{"href":"https:\/\/consorcioserrano.es\/fr\/wp-json\/wp\/v2\/pages\/2940","targetHints":{"allow":["GET"]}}],"collection":[{"href":"https:\/\/consorcioserrano.es\/fr\/wp-json\/wp\/v2\/pages"}],"about":[{"href":"https:\/\/consorcioserrano.es\/fr\/wp-json\/wp\/v2\/types\/page"}],"author":[{"embeddable":true,"href":"https:\/\/consorcioserrano.es\/fr\/wp-json\/wp\/v2\/users\/1"}],"replies":[{"embeddable":true,"href":"https:\/\/consorcioserrano.es\/fr\/wp-json\/wp\/v2\/comments?post=2940"}],"version-history":[{"count":3,"href":"https:\/\/consorcioserrano.es\/fr\/wp-json\/wp\/v2\/pages\/2940\/revisions"}],"predecessor-version":[{"id":27724,"href":"https:\/\/consorcioserrano.es\/fr\/wp-json\/wp\/v2\/pages\/2940\/revisions\/27724"}],"up":[{"embeddable":true,"href":"https:\/\/consorcioserrano.es\/fr\/wp-json\/wp\/v2\/pages\/2933"}],"wp:attachment":[{"href":"https:\/\/consorcioserrano.es\/fr\/wp-json\/wp\/v2\/media?parent=2940"}],"curies":[{"name":"wp","href":"https:\/\/api.w.org\/{rel}","templated":true}]}}