{"id":2959,"date":"2017-11-08T13:07:47","date_gmt":"2017-11-08T11:07:47","guid":{"rendered":"http:\/\/consorcioserrano.es\/?page_id=2959"},"modified":"2025-07-18T10:12:41","modified_gmt":"2025-07-18T09:12:41","slug":"comment-decouper-votre-jambon-consorcio-serrano","status":"publish","type":"page","link":"https:\/\/consorcioserrano.es\/fr\/comment-decouper-votre-jambon-consorcio-serrano\/","title":{"rendered":"Comment d\u00e9couper votre jambon Consorcio Serrano"},"content":{"rendered":"<div class=\"wpb-content-wrapper\"><p>[vc_row full_width=\u00a0\u00bbstretch_row_content_no_spaces\u00a0\u00bb css=\u00a0\u00bb.vc_custom_1509374956510{background-color: #161616 !important;}\u00a0\u00bb][vc_column][vc_column_text css=\u00a0\u00bb.vc_custom_1510138187693{padding-left: 100px !important;background-color: #161616 !important;}\u00a0\u00bb el_class=\u00a0\u00bbno-margin-with-padding\u00a0\u00bb]<\/p>\n<p class=\"image-h2\"><img loading=\"lazy\" decoding=\"async\" class=\"alignnone size-full wp-image-975\" src=\"http:\/\/consorcioserrano.es\/wp-content\/uploads\/2017\/10\/s-60-1.png\" alt=\"\" width=\"60\" height=\"60\" srcset=\"https:\/\/consorcioserrano.es\/wp-content\/uploads\/2017\/10\/s-60-1.png 60w, https:\/\/consorcioserrano.es\/wp-content\/uploads\/2017\/10\/s-60-1-50x50.png 50w\" sizes=\"auto, (max-width:767px) 60px, 60px\" \/><\/p>\n<h1><strong>Comment d\u00e9couper votre jambon Consortium Serrano\u00a0<\/strong><\/h1>\n<p>[\/vc_column_text][\/vc_column][\/vc_row][vc_row full_width=\u00a0\u00bbstretch_row_content_no_spaces\u00a0\u00bb][vc_column width=\u00a0\u00bb1\/3&Prime;]\n    <a href=\"https:\/\/consorcioserrano.es\/fr\/comment-decouper-votre-jambon-consortium-serrano\/decoupe-du-jambon-serrano-au-couteau\/\"   class=\"vc_link_consorcio\" title=\"\u00a0D\u00e9coupe au couteau Secrets, techniques et conseils pour commencer et couper le jambon cru au couteau \">\n    <div class=\"roll_wrap\" id=\"\">\n\t\t\n        <div class=\"roll_wrap_img \" ><img decoding=\"async\" src=\"https:\/\/consorcioserrano.es\/wp-content\/uploads\/2017\/10\/corte-cuchillo-750x545.jpg\" class=\"img-responsive \" > <\/div>\n\t\t\n\n\t\t\n\t\t\n\t        <div class=\"roll_wrap_link_imagetext  box-s-consorcio-serrano\" style=\"color:#ff0000; font-size:;\"><h1><img loading=\"lazy\" decoding=\"async\" class=\"alignnone size-full wp-image-1101\" src=\"http:\/\/consorcioserrano.es\/wp-content\/uploads\/2017\/10\/comillas-abrir-1.png\" alt=\"\" width=\"59\" height=\"53\" srcset=\"https:\/\/consorcioserrano.es\/wp-content\/uploads\/2017\/10\/comillas-abrir-1.png 59w, https:\/\/consorcioserrano.es\/wp-content\/uploads\/2017\/10\/comillas-abrir-1-50x45.png 50w\" sizes=\"auto, (max-width:767px) 59px, 59px\" \/>\u00a0D\u00e9coupe <strong>au couteau<\/strong><\/h1>\n<p>Secrets, techniques et conseils pour commencer et couper le jambon cru au couteau<\/p>\n<\/div>\n\t\t\n    <\/div>\n    <\/a>[\/vc_column][vc_column width=\u00a0\u00bb1\/3&Prime;]\n    <a href=\"https:\/\/consorcioserrano.es\/fr\/comment-decouper-votre-jambon-consortium-serrano\/decoupe-du-jambon-serrano-la-machine\/\"   class=\"vc_link_consorcio\" title=\"\u00a0D\u00e9coupe \u00e1 la machine Comment couper une pi\u00e8ce de jambon serrano d\u00e9soss\u00e9e \">\n    <div class=\"roll_wrap\" id=\"\">\n\t\t\n        <div class=\"roll_wrap_img \" ><img decoding=\"async\" src=\"https:\/\/consorcioserrano.es\/wp-content\/uploads\/2017\/10\/corte-maquina-750x545.jpg\" class=\"img-responsive \" > <\/div>\n\t\t\n\n\t\t\n\t\t\n\t        <div class=\"roll_wrap_link_imagetext  \" style=\"color:#ff0000; font-size:;\"><h1><img loading=\"lazy\" decoding=\"async\" class=\"alignnone size-full wp-image-1101\" src=\"http:\/\/consorcioserrano.es\/wp-content\/uploads\/2017\/10\/comillas-abrir-1.png\" alt=\"\" width=\"59\" height=\"53\" srcset=\"https:\/\/consorcioserrano.es\/wp-content\/uploads\/2017\/10\/comillas-abrir-1.png 59w, https:\/\/consorcioserrano.es\/wp-content\/uploads\/2017\/10\/comillas-abrir-1-50x45.png 50w\" sizes=\"auto, (max-width:767px) 59px, 59px\" \/>\u00a0D\u00e9coupe <strong>\u00e1 la machine<\/strong><\/h1>\n<p>Comment couper une pi\u00e8ce de jambon serrano d\u00e9soss\u00e9e<\/p>\n<\/div>\n\t\t\n    <\/div>\n    <\/a>[\/vc_column][vc_column width=\u00a0\u00bb1\/3&Prime;]\n    <a href=\"https:\/\/consorcioserrano.es\/fr\/comment-decouper-votre-jambon-consortium-serrano\/apres-la-decoupe\/\"   class=\"vc_link_consorcio\" title=\"\u00a0Apr\u00e8s la d\u00e9coupe Que devez-vous savoir sur le Jambon serrano apr\u00e8s sa d\u00e9coupe. \">\n    <div class=\"roll_wrap\" id=\"\">\n\t\t\n        <div class=\"roll_wrap_img \" ><img decoding=\"async\" src=\"https:\/\/consorcioserrano.es\/wp-content\/uploads\/2021\/05\/despues-corte-21.jpg\" class=\"img-responsive \" > <\/div>\n\t\t\n\n\t\t\n\t\t\n\t        <div class=\"roll_wrap_link_imagetext  \" style=\"color:#ff0000; font-size:;\"><h1><img loading=\"lazy\" decoding=\"async\" class=\"alignnone size-full wp-image-1101\" src=\"http:\/\/consorcioserrano.es\/wp-content\/uploads\/2017\/10\/comillas-abrir-1.png\" alt=\"\" width=\"59\" height=\"53\" srcset=\"https:\/\/consorcioserrano.es\/wp-content\/uploads\/2017\/10\/comillas-abrir-1.png 59w, https:\/\/consorcioserrano.es\/wp-content\/uploads\/2017\/10\/comillas-abrir-1-50x45.png 50w\" sizes=\"auto, (max-width:767px) 59px, 59px\" \/>\u00a0<strong>Apr\u00e8s la d\u00e9coupe<\/strong><\/h1>\n<p>Que devez-vous savoir sur le Jambon serrano apr\u00e8s sa d\u00e9coupe.<\/p>\n<\/div>\n\t\t\n    <\/div>\n    <\/a>[\/vc_column][\/vc_row][vc_row full_width=\u00a0\u00bbstretch_row_content_no_spaces\u00a0\u00bb][vc_column]\n<div id=\"ersspace-1\"><\/div><style type=\"text\/css\">#ersspace-1 { height: 60px; }<\/style>[\/vc_column][\/vc_row]<\/p>\n<\/div>","protected":false},"excerpt":{"rendered":"<p>[vc_row full_width=\u00a0\u00bbstretch_row_content_no_spaces\u00a0\u00bb css=\u00a0\u00bb.vc_custom_1509374956510{background-color: #161616 !important;}\u00a0\u00bb][vc_column][vc_column_text css=\u00a0\u00bb.vc_custom_1510138187693{padding-left: 100px !important;background-color: #161616 !important;}\u00a0\u00bb el_class=\u00a0\u00bbno-margin-with-padding\u00a0\u00bb] Comment d\u00e9couper votre jambon Consortium Serrano\u00a0 [\/vc_column_text][\/vc_column][\/vc_row][vc_row full_width=\u00a0\u00bbstretch_row_content_no_spaces\u00a0\u00bb][vc_column width=\u00a0\u00bb1\/3&Prime;][\/vc_column][vc_column width=\u00a0\u00bb1\/3&Prime;][\/vc_column][vc_column width=\u00a0\u00bb1\/3&Prime;][\/vc_column][\/vc_row][vc_row full_width=\u00a0\u00bbstretch_row_content_no_spaces\u00a0\u00bb][vc_column][\/vc_column][\/vc_row]<\/p>\n","protected":false},"author":1,"featured_media":0,"parent":0,"menu_order":0,"comment_status":"closed","ping_status":"closed","template":"","meta":{"_acf_changed":false,"footnotes":""},"class_list":["post-2959","page","type-page","status-publish","hentry","sections_group lang-fr"],"yoast_head":"<!-- This site is optimized with the Yoast SEO plugin v27.2 - https:\/\/yoast.com\/product\/yoast-seo-wordpress\/ -->\n<title>Comment d\u00e9couper le jambon Serrano - Consorcio Jambon Serrano<\/title>\n<meta name=\"description\" content=\"Techniques pour d\u00e9couper votre Jambon Serrano: \u00e0 la machine, au couteau. Pour les professionnels et les consommateurs r\u00e9guliers de jambon espagnol\" \/>\n<meta name=\"robots\" content=\"index, follow, max-snippet:-1, max-image-preview:large, max-video-preview:-1\" \/>\n<link rel=\"canonical\" href=\"https:\/\/consorcioserrano.es\/fr\/comment-decouper-votre-jambon-consorcio-serrano\/\" \/>\n<meta property=\"og:locale\" content=\"fr_FR\" \/>\n<meta property=\"og:type\" content=\"article\" \/>\n<meta property=\"og:title\" content=\"Comment d\u00e9couper le jambon Serrano - Consorcio Jambon Serrano\" \/>\n<meta property=\"og:description\" content=\"Techniques pour d\u00e9couper votre Jambon Serrano: \u00e0 la machine, au couteau. Pour les professionnels et les consommateurs r\u00e9guliers de jambon espagnol\" \/>\n<meta property=\"og:url\" content=\"https:\/\/consorcioserrano.es\/fr\/comment-decouper-votre-jambon-consorcio-serrano\/\" \/>\n<meta property=\"og:site_name\" content=\"Consorcio del Jam\u00f3n Serrano\" \/>\n<meta property=\"article:modified_time\" content=\"2025-07-18T09:12:41+00:00\" \/>\n<meta property=\"og:image\" content=\"http:\/\/consorcioserrano.es\/wp-content\/uploads\/2017\/10\/s-60-1.png\" \/>\n<meta name=\"twitter:card\" content=\"summary_large_image\" \/>\n<meta name=\"twitter:label1\" content=\"Dur\u00e9e de lecture estim\u00e9e\" \/>\n\t<meta name=\"twitter:data1\" content=\"2 minutes\" \/>\n<script type=\"application\/ld+json\" class=\"yoast-schema-graph\">{\"@context\":\"https:\/\/schema.org\",\"@graph\":[{\"@type\":\"WebPage\",\"@id\":\"https:\/\/consorcioserrano.es\/fr\/comment-decouper-votre-jambon-consorcio-serrano\/\",\"url\":\"https:\/\/consorcioserrano.es\/fr\/comment-decouper-votre-jambon-consorcio-serrano\/\",\"name\":\"Comment d\u00e9couper le jambon Serrano - Consorcio Jambon Serrano\",\"isPartOf\":{\"@id\":\"https:\/\/consorcioserrano.es\/#website\"},\"primaryImageOfPage\":{\"@id\":\"https:\/\/consorcioserrano.es\/fr\/comment-decouper-votre-jambon-consorcio-serrano\/#primaryimage\"},\"image\":{\"@id\":\"https:\/\/consorcioserrano.es\/fr\/comment-decouper-votre-jambon-consorcio-serrano\/#primaryimage\"},\"thumbnailUrl\":\"http:\/\/consorcioserrano.es\/wp-content\/uploads\/2017\/10\/s-60-1.png\",\"datePublished\":\"2017-11-08T11:07:47+00:00\",\"dateModified\":\"2025-07-18T09:12:41+00:00\",\"description\":\"Techniques pour d\u00e9couper votre Jambon Serrano: \u00e0 la machine, au couteau. Pour les professionnels et les consommateurs r\u00e9guliers de jambon espagnol\",\"breadcrumb\":{\"@id\":\"https:\/\/consorcioserrano.es\/fr\/comment-decouper-votre-jambon-consorcio-serrano\/#breadcrumb\"},\"inLanguage\":\"fr-FR\",\"potentialAction\":[{\"@type\":\"ReadAction\",\"target\":[\"https:\/\/consorcioserrano.es\/fr\/comment-decouper-votre-jambon-consorcio-serrano\/\"]}]},{\"@type\":\"ImageObject\",\"inLanguage\":\"fr-FR\",\"@id\":\"https:\/\/consorcioserrano.es\/fr\/comment-decouper-votre-jambon-consorcio-serrano\/#primaryimage\",\"url\":\"http:\/\/consorcioserrano.es\/wp-content\/uploads\/2017\/10\/s-60-1.png\",\"contentUrl\":\"http:\/\/consorcioserrano.es\/wp-content\/uploads\/2017\/10\/s-60-1.png\"},{\"@type\":\"BreadcrumbList\",\"@id\":\"https:\/\/consorcioserrano.es\/fr\/comment-decouper-votre-jambon-consorcio-serrano\/#breadcrumb\",\"itemListElement\":[{\"@type\":\"ListItem\",\"position\":1,\"name\":\"Portada\",\"item\":\"https:\/\/consorcioserrano.es\/fr\/\"},{\"@type\":\"ListItem\",\"position\":2,\"name\":\"Comment d\u00e9couper votre jambon Consorcio Serrano\"}]},{\"@type\":\"WebSite\",\"@id\":\"https:\/\/consorcioserrano.es\/#website\",\"url\":\"https:\/\/consorcioserrano.es\/\",\"name\":\"Consorcio del Jam\u00f3n Serrano\",\"description\":\"ConsorcioSerrano : Jambon serrano haut de gamme certifi\u00e9 - S\u00e9lection manuelle de chaque jambon espagnol - Elaboration, d\u00e9coupe, tapas espagnoles\",\"potentialAction\":[{\"@type\":\"SearchAction\",\"target\":{\"@type\":\"EntryPoint\",\"urlTemplate\":\"https:\/\/consorcioserrano.es\/?s={search_term_string}\"},\"query-input\":{\"@type\":\"PropertyValueSpecification\",\"valueRequired\":true,\"valueName\":\"search_term_string\"}}],\"inLanguage\":\"fr-FR\"}]}<\/script>\n<!-- \/ Yoast SEO plugin. -->","yoast_head_json":{"title":"Comment d\u00e9couper le jambon Serrano - Consorcio Jambon Serrano","description":"Techniques pour d\u00e9couper votre Jambon Serrano: \u00e0 la machine, au couteau. Pour les professionnels et les consommateurs r\u00e9guliers de jambon espagnol","robots":{"index":"index","follow":"follow","max-snippet":"max-snippet:-1","max-image-preview":"max-image-preview:large","max-video-preview":"max-video-preview:-1"},"canonical":"https:\/\/consorcioserrano.es\/fr\/comment-decouper-votre-jambon-consorcio-serrano\/","og_locale":"fr_FR","og_type":"article","og_title":"Comment d\u00e9couper le jambon Serrano - Consorcio Jambon Serrano","og_description":"Techniques pour d\u00e9couper votre Jambon Serrano: \u00e0 la machine, au couteau. Pour les professionnels et les consommateurs r\u00e9guliers de jambon espagnol","og_url":"https:\/\/consorcioserrano.es\/fr\/comment-decouper-votre-jambon-consorcio-serrano\/","og_site_name":"Consorcio del Jam\u00f3n Serrano","article_modified_time":"2025-07-18T09:12:41+00:00","og_image":[{"url":"http:\/\/consorcioserrano.es\/wp-content\/uploads\/2017\/10\/s-60-1.png","type":"","width":"","height":""}],"twitter_card":"summary_large_image","twitter_misc":{"Dur\u00e9e de lecture estim\u00e9e":"2 minutes"},"schema":{"@context":"https:\/\/schema.org","@graph":[{"@type":"WebPage","@id":"https:\/\/consorcioserrano.es\/fr\/comment-decouper-votre-jambon-consorcio-serrano\/","url":"https:\/\/consorcioserrano.es\/fr\/comment-decouper-votre-jambon-consorcio-serrano\/","name":"Comment d\u00e9couper le jambon Serrano - Consorcio Jambon Serrano","isPartOf":{"@id":"https:\/\/consorcioserrano.es\/#website"},"primaryImageOfPage":{"@id":"https:\/\/consorcioserrano.es\/fr\/comment-decouper-votre-jambon-consorcio-serrano\/#primaryimage"},"image":{"@id":"https:\/\/consorcioserrano.es\/fr\/comment-decouper-votre-jambon-consorcio-serrano\/#primaryimage"},"thumbnailUrl":"http:\/\/consorcioserrano.es\/wp-content\/uploads\/2017\/10\/s-60-1.png","datePublished":"2017-11-08T11:07:47+00:00","dateModified":"2025-07-18T09:12:41+00:00","description":"Techniques pour d\u00e9couper votre Jambon Serrano: \u00e0 la machine, au couteau. Pour les professionnels et les consommateurs r\u00e9guliers de jambon espagnol","breadcrumb":{"@id":"https:\/\/consorcioserrano.es\/fr\/comment-decouper-votre-jambon-consorcio-serrano\/#breadcrumb"},"inLanguage":"fr-FR","potentialAction":[{"@type":"ReadAction","target":["https:\/\/consorcioserrano.es\/fr\/comment-decouper-votre-jambon-consorcio-serrano\/"]}]},{"@type":"ImageObject","inLanguage":"fr-FR","@id":"https:\/\/consorcioserrano.es\/fr\/comment-decouper-votre-jambon-consorcio-serrano\/#primaryimage","url":"http:\/\/consorcioserrano.es\/wp-content\/uploads\/2017\/10\/s-60-1.png","contentUrl":"http:\/\/consorcioserrano.es\/wp-content\/uploads\/2017\/10\/s-60-1.png"},{"@type":"BreadcrumbList","@id":"https:\/\/consorcioserrano.es\/fr\/comment-decouper-votre-jambon-consorcio-serrano\/#breadcrumb","itemListElement":[{"@type":"ListItem","position":1,"name":"Portada","item":"https:\/\/consorcioserrano.es\/fr\/"},{"@type":"ListItem","position":2,"name":"Comment d\u00e9couper votre jambon Consorcio Serrano"}]},{"@type":"WebSite","@id":"https:\/\/consorcioserrano.es\/#website","url":"https:\/\/consorcioserrano.es\/","name":"Consorcio del Jam\u00f3n Serrano","description":"ConsorcioSerrano : Jambon serrano haut de gamme certifi\u00e9 - S\u00e9lection manuelle de chaque jambon espagnol - Elaboration, d\u00e9coupe, tapas espagnoles","potentialAction":[{"@type":"SearchAction","target":{"@type":"EntryPoint","urlTemplate":"https:\/\/consorcioserrano.es\/?s={search_term_string}"},"query-input":{"@type":"PropertyValueSpecification","valueRequired":true,"valueName":"search_term_string"}}],"inLanguage":"fr-FR"}]}},"acf":[],"_links":{"self":[{"href":"https:\/\/consorcioserrano.es\/fr\/wp-json\/wp\/v2\/pages\/2959","targetHints":{"allow":["GET"]}}],"collection":[{"href":"https:\/\/consorcioserrano.es\/fr\/wp-json\/wp\/v2\/pages"}],"about":[{"href":"https:\/\/consorcioserrano.es\/fr\/wp-json\/wp\/v2\/types\/page"}],"author":[{"embeddable":true,"href":"https:\/\/consorcioserrano.es\/fr\/wp-json\/wp\/v2\/users\/1"}],"replies":[{"embeddable":true,"href":"https:\/\/consorcioserrano.es\/fr\/wp-json\/wp\/v2\/comments?post=2959"}],"version-history":[{"count":3,"href":"https:\/\/consorcioserrano.es\/fr\/wp-json\/wp\/v2\/pages\/2959\/revisions"}],"predecessor-version":[{"id":27352,"href":"https:\/\/consorcioserrano.es\/fr\/wp-json\/wp\/v2\/pages\/2959\/revisions\/27352"}],"wp:attachment":[{"href":"https:\/\/consorcioserrano.es\/fr\/wp-json\/wp\/v2\/media?parent=2959"}],"curies":[{"name":"wp","href":"https:\/\/api.w.org\/{rel}","templated":true}]}}