{"id":2987,"date":"2017-11-08T13:07:47","date_gmt":"2017-11-08T11:07:47","guid":{"rendered":"http:\/\/consorcioserrano.es\/?page_id=2987"},"modified":"2017-11-13T09:50:08","modified_gmt":"2017-11-13T08:50:08","slug":"sandwiches-au-jambon-serrano","status":"publish","type":"page","link":"https:\/\/consorcioserrano.es\/fr\/recettes-tapas-et-sandwiches\/sandwiches-au-jambon-serrano\/","title":{"rendered":"Sandwiches au Jambon Serrano"},"content":{"rendered":"<div class=\"wpb-content-wrapper\"><p>[vc_row][vc_column width=\u00a0\u00bb1\/12&Prime;][\/vc_column][vc_column width=\u00a0\u00bb7\/12&Prime;][vc_column_text el_class=\u00a0\u00bbvc_quote_consorcio panel-special-h1 \u00ab\u00a0]<\/p>\n<div class=\"vc_quote_consorcio_icon\"><img loading=\"lazy\" decoding=\"async\" class=\"alignnone size-full wp-image-1101\" src=\"http:\/\/consorcioserrano.es\/wp-content\/uploads\/2017\/10\/comillas-abrir-1.png\" alt=\"\" width=\"59\" height=\"53\" srcset=\"https:\/\/consorcioserrano.es\/wp-content\/uploads\/2017\/10\/comillas-abrir-1.png 59w, https:\/\/consorcioserrano.es\/wp-content\/uploads\/2017\/10\/comillas-abrir-1-50x45.png 50w\" sizes=\"auto, (max-width:767px) 59px, 59px\" \/><\/div>\n<div class=\"vc_quote_consorcio_content\">\n<h1><strong>Sandwiches<\/strong> au Jambon Serrano<img loading=\"lazy\" decoding=\"async\" class=\"alignnone size-full wp-image-1100\" src=\"http:\/\/consorcioserrano.es\/wp-content\/uploads\/2017\/10\/comillas-cerrar-1.png\" alt=\"\" width=\"59\" height=\"53\" srcset=\"https:\/\/consorcioserrano.es\/wp-content\/uploads\/2017\/10\/comillas-cerrar-1.png 59w, https:\/\/consorcioserrano.es\/wp-content\/uploads\/2017\/10\/comillas-cerrar-1-50x45.png 50w\" sizes=\"auto, (max-width:767px) 59px, 59px\" \/><\/h1>\n<\/div>\n<p>[\/vc_column_text][\/vc_column][vc_column width=\u00a0\u00bb4\/12&Prime; el_id=\u00a0\u00bbrecetas-buscar\u00a0\u00bb][vc_column_text]<form autocomplete=\"off\" action=\"\/fr\/wp-json\/wp\/v2\/pages\/2987\" method=\"get\" class=\"wpv-filter-form js-wpv-filter-form js-wpv-filter-form-1708 js-wpv-form-only js-wpv-dps-enabled js-wpv-ajax-results-enabled\" data-viewnumber=\"1708\" data-targetid=\"self\" data-viewid=\"1708\" data-viewhash=\"eyJuYW1lIjoiYm9jYWRpbGxvcy1kZS1qYW1vbiIsInRhcmdldF9pZCI6InNlbGYifQ==\" data-viewwidgetid=\"0\" data-orderby=\"\" data-order=\"\" data-orderbyas=\"\" data-orderbysecond=\"\" data-ordersecond=\"\" data-parametric=\"{&quot;query&quot;:&quot;normal&quot;,&quot;id&quot;:&quot;1708&quot;,&quot;view_id&quot;:&quot;1708&quot;,&quot;widget_id&quot;:0,&quot;view_hash&quot;:&quot;1708&quot;,&quot;action&quot;:&quot;\/fr\/wp-json\/wp\/v2\/pages\/2987&quot;,&quot;sort&quot;:{&quot;orderby&quot;:&quot;&quot;,&quot;order&quot;:&quot;&quot;,&quot;orderby_as&quot;:&quot;&quot;,&quot;orderby_second&quot;:&quot;&quot;,&quot;order_second&quot;:&quot;&quot;},&quot;orderby&quot;:&quot;&quot;,&quot;order&quot;:&quot;&quot;,&quot;orderby_as&quot;:&quot;&quot;,&quot;orderby_second&quot;:&quot;&quot;,&quot;order_second&quot;:&quot;&quot;,&quot;ajax_form&quot;:&quot;&quot;,&quot;ajax_results&quot;:&quot;&quot;,&quot;effect&quot;:&quot;fade&quot;,&quot;prebefore&quot;:&quot;&quot;,&quot;before&quot;:&quot;&quot;,&quot;after&quot;:&quot;&quot;,&quot;attributes&quot;:[],&quot;environment&quot;:{&quot;current_post_id&quot;:0,&quot;parent_post_id&quot;:0,&quot;parent_term_id&quot;:0,&quot;parent_user_id&quot;:0,&quot;archive&quot;:{&quot;type&quot;:&quot;&quot;,&quot;name&quot;:&quot;&quot;,&quot;data&quot;:[]}},&quot;loop&quot;:{&quot;type&quot;:&quot;&quot;,&quot;name&quot;:&quot;&quot;,&quot;data&quot;:[],&quot;id&quot;:0}}\" data-attributes=\"[]\" data-environment=\"{&quot;current_post_id&quot;:0,&quot;parent_post_id&quot;:0,&quot;parent_term_id&quot;:0,&quot;parent_user_id&quot;:0,&quot;archive&quot;:{&quot;type&quot;:&quot;&quot;,&quot;name&quot;:&quot;&quot;,&quot;data&quot;:[]}}\"><input type=\"hidden\" class=\"js-wpv-dps-filter-data js-wpv-filter-data-for-this-form\" data-action=\"\/fr\/wp-json\/wp\/v2\/pages\/2987\" data-page=\"1\" data-ajax=\"disable\" data-effect=\"fade\" data-ajaxprebefore=\"\" data-ajaxbefore=\"\" data-ajaxafter=\"\" \/>\n\n\n\n\n<div class=\"vc_row wpb_row vc_row-fluid vc_row-no-padding recetas-buscar\">\n  <div class=\"wpb_column vc_column_container\">\n    <div class=\"vc_column-inner\">\n      <div class=\"wpb_wrapper\">\n      \n        <div class=\"vc_col-xs-12 vc_col-sm-12 vc_col-md-12 vc_col-lg-12 vc_receta_search\">\n          <p><span>&nbsp;<\/span>\n            <input type=\"text\" name=\"wpv_post_search\"  class=\"js-wpv-filter-trigger-delayed form-control\" \/>\n      \t\t<button type=\"submit\" class=\"wpv-submit-trigger js-wpv-submit-trigger\">Chercher<\/button>\n            \n          <\/p>\n        <\/div>\n        \n      <\/div>\n    <\/div>\n  <\/div>\n  \n<\/div>\n\n\n\n\n\n<\/form>[\/vc_column_text][\/vc_column][\/vc_row][vc_row][vc_column]\n<div id=\"ersspace-1\"><\/div><style type=\"text\/css\">#ersspace-1 { height: 10px; }<\/style>[\/vc_column][\/vc_row][vc_row][vc_column][vc_column_text]<form style=\"display:none;\" autocomplete=\"off\" name=\"wpv-filter-1708\" action=\"\/fr\/wp-json\/wp\/v2\/pages\/2987?wpv_view_count=1708\" method=\"get\" class=\"wpv-filter-form js-wpv-filter-form js-wpv-filter-form-1708 js-wpv-form-full js-wpv-dps-enabled js-wpv-ajax-results-enabled\" data-viewnumber=\"1708\" data-viewid=\"1708\" data-viewhash=\"eyJuYW1lIjoiYm9jYWRpbGxvcy1kZS1qYW1vbiIsInZpZXdfZGlzcGxheSI6ImxheW91dCJ9\" data-viewwidgetid=\"0\" data-orderby=\"\" data-order=\"\" data-orderbyas=\"\" data-orderbysecond=\"\" data-ordersecond=\"\" data-parametric=\"{&quot;query&quot;:&quot;normal&quot;,&quot;id&quot;:1708,&quot;view_id&quot;:1708,&quot;widget_id&quot;:0,&quot;view_hash&quot;:&quot;1708&quot;,&quot;action&quot;:&quot;\\\/fr\\\/wp-json\\\/wp\\\/v2\\\/pages\\\/2987?wpv_view_count=1708&quot;,&quot;sort&quot;:{&quot;orderby&quot;:&quot;&quot;,&quot;order&quot;:&quot;&quot;,&quot;orderby_as&quot;:&quot;&quot;,&quot;orderby_second&quot;:&quot;&quot;,&quot;order_second&quot;:&quot;&quot;},&quot;orderby&quot;:&quot;&quot;,&quot;order&quot;:&quot;&quot;,&quot;orderby_as&quot;:&quot;&quot;,&quot;orderby_second&quot;:&quot;&quot;,&quot;order_second&quot;:&quot;&quot;,&quot;ajax_form&quot;:&quot;&quot;,&quot;ajax_results&quot;:&quot;&quot;,&quot;effect&quot;:&quot;fade&quot;,&quot;prebefore&quot;:&quot;&quot;,&quot;before&quot;:&quot;&quot;,&quot;after&quot;:&quot;&quot;,&quot;attributes&quot;:{&quot;view_display&quot;:&quot;layout&quot;},&quot;environment&quot;:{&quot;current_post_id&quot;:2987,&quot;parent_post_id&quot;:2987,&quot;parent_term_id&quot;:0,&quot;parent_user_id&quot;:0,&quot;archive&quot;:{&quot;type&quot;:&quot;&quot;,&quot;name&quot;:&quot;&quot;,&quot;data&quot;:[]}},&quot;loop&quot;:{&quot;type&quot;:&quot;&quot;,&quot;name&quot;:&quot;&quot;,&quot;data&quot;:[],&quot;id&quot;:0}}\" data-attributes=\"{&quot;view_display&quot;:&quot;layout&quot;}\" data-environment=\"{&quot;current_post_id&quot;:2987,&quot;parent_post_id&quot;:2987,&quot;parent_term_id&quot;:0,&quot;parent_user_id&quot;:0,&quot;archive&quot;:{&quot;type&quot;:&quot;&quot;,&quot;name&quot;:&quot;&quot;,&quot;data&quot;:[]}}\"><input type=\"hidden\" class=\"js-wpv-dps-filter-data js-wpv-filter-data-for-this-form\" data-action=\"\/fr\/wp-json\/wp\/v2\/pages\/2987?wpv_view_count=1708\" data-page=\"1\" data-ajax=\"enable\" data-effect=\"fade\" data-maxpages=\"1\" data-ajaxprebefore=\"\" data-ajaxbefore=\"\" data-ajaxafter=\"\" \/><input class=\"wpv_view_count wpv_view_count-1708\" type=\"hidden\" name=\"wpv_view_count\" value=\"1708\" \/>\n\n\n\n\n<div class=\"vc_row wpb_row vc_row-fluid vc_row-no-padding recetas-buscar\">\n  <div class=\"wpb_column vc_column_container\">\n    <div class=\"vc_column-inner\">\n      <div class=\"wpb_wrapper\">\n      \n        <div class=\"vc_col-xs-12 vc_col-sm-12 vc_col-md-12 vc_col-lg-12 vc_receta_search\">\n          <p><span>&nbsp;<\/span>\n            <input type=\"text\" name=\"wpv_post_search\"  class=\"js-wpv-filter-trigger-delayed form-control\" \/>\n      \t\t<button type=\"submit\" class=\"wpv-submit-trigger js-wpv-submit-trigger\">Chercher<\/button>\n            \n          <\/p>\n        <\/div>\n        \n      <\/div>\n    <\/div>\n  <\/div>\n  \n<\/div>\n\n\n\n\n\n<\/form>\n<div id=\"wpv-view-layout-1708\" class=\"js-wpv-view-layout js-wpv-layout-responsive js-wpv-view-layout-1708\" data-viewnumber=\"1708\" data-pagination=\"{&quot;id&quot;:1708,&quot;query&quot;:&quot;normal&quot;,&quot;type&quot;:&quot;paged&quot;,&quot;effect&quot;:&quot;fade&quot;,&quot;duration&quot;:500,&quot;speed&quot;:5,&quot;pause_on_hover&quot;:&quot;disabled&quot;,&quot;stop_rollover&quot;:&quot;false&quot;,&quot;cache_pages&quot;:&quot;enabled&quot;,&quot;preload_images&quot;:&quot;enabled&quot;,&quot;preload_pages&quot;:&quot;enabled&quot;,&quot;preload_reach&quot;:1,&quot;spinner&quot;:&quot;builtin&quot;,&quot;spinner_image&quot;:&quot;https:\/\/consorcioserrano.es\/wp-content\/plugins\/types-views\/embedded\/res\/img\/ajax-loader.gif&quot;,&quot;callback_next&quot;:&quot;&quot;,&quot;manage_history&quot;:&quot;enabled&quot;,&quot;has_controls_in_form&quot;:&quot;disabled&quot;,&quot;infinite_tolerance&quot;:0,&quot;max_pages&quot;:1,&quot;page&quot;:1,&quot;base_permalink&quot;:&quot;\/fr\/wp-json\/wp\/v2\/pages\/2987?wpv_view_count=1708&amp;wpv_paged=WPV_PAGE_NUM&quot;,&quot;loop&quot;:{&quot;type&quot;:&quot;&quot;,&quot;name&quot;:&quot;&quot;,&quot;data&quot;:[],&quot;id&quot;:0}}\" data-permalink=\"\/fr\/wp-json\/wp\/v2\/pages\/2987?wpv_view_count=1708\">\n\n\t\n\t\n\t\n\t\t\n\t\t<div class=\"vc_row \">\n\t\t\t<div class=\"vc_col-sm-3\"><div class=\"vc_recipe\">\n  <div class=\"vc_recipe-image\">\n    <a href=\"https:\/\/consorcioserrano.es\/fr\/recettes\/crevettes-et-jambon-serrano-avec-du-pain\/\"><img loading=\"lazy\" decoding=\"async\" width=\"800\" height=\"500\" src=\"https:\/\/consorcioserrano.es\/wp-content\/uploads\/2017\/11\/Receta-gambas-y-Jamon-Serrano-con-pan.jpg\" class=\"attachment-full size-full img-responsive wp-post-image\" alt=\"\" srcset=\"https:\/\/consorcioserrano.es\/wp-content\/uploads\/2017\/11\/Receta-gambas-y-Jamon-Serrano-con-pan.jpg 800w, https:\/\/consorcioserrano.es\/wp-content\/uploads\/2017\/11\/Receta-gambas-y-Jamon-Serrano-con-pan-300x188.jpg 300w, https:\/\/consorcioserrano.es\/wp-content\/uploads\/2017\/11\/Receta-gambas-y-Jamon-Serrano-con-pan-768x480.jpg 768w, https:\/\/consorcioserrano.es\/wp-content\/uploads\/2017\/11\/Receta-gambas-y-Jamon-Serrano-con-pan-234x146.jpg 234w, https:\/\/consorcioserrano.es\/wp-content\/uploads\/2017\/11\/Receta-gambas-y-Jamon-Serrano-con-pan-50x31.jpg 50w, https:\/\/consorcioserrano.es\/wp-content\/uploads\/2017\/11\/Receta-gambas-y-Jamon-Serrano-con-pan-120x75.jpg 120w\" sizes=\"auto, (max-width:767px) 480px, (max-width:800px) 100vw, 800px\" \/><\/a>\n  <\/div>\n  <div class=\"vc_recipe-link\">\n    <h3><a href=\"https:\/\/consorcioserrano.es\/fr\/recettes\/crevettes-et-jambon-serrano-avec-du-pain\/\">Crevettes et Jambon Serrano avec du pain<\/a><\/h3>\n  <\/div>\n  <div class=\"vc_recipe-excerpt\">\n    <p>Temps: Environ 45 minutes. Difficult\u00e9: Moyenne.<\/p>\n\n  <\/div>\n  <div class=\"vc_recipe-readmore\">\n    <a href=\"https:\/\/consorcioserrano.es\/fr\/recettes\/crevettes-et-jambon-serrano-avec-du-pain\/\">En savoir plus<\/a>\n    <\/div>\n<\/div><\/div>\n\t\t\n\t\t\n\t\t\t<div class=\"vc_col-sm-3\"><div class=\"vc_recipe\">\n  <div class=\"vc_recipe-image\">\n    <a href=\"https:\/\/consorcioserrano.es\/fr\/recettes\/sandwich-au-jambon-serrano-avec-sauce-tomate-assaisonnee\/\"><img loading=\"lazy\" decoding=\"async\" width=\"800\" height=\"500\" src=\"https:\/\/consorcioserrano.es\/wp-content\/uploads\/2017\/11\/receta-de-bocadillo-de-jamon-serrano-con-salsa-de-tomate-salpimentada.jpg\" class=\"attachment-full size-full img-responsive wp-post-image\" alt=\"\" srcset=\"https:\/\/consorcioserrano.es\/wp-content\/uploads\/2017\/11\/receta-de-bocadillo-de-jamon-serrano-con-salsa-de-tomate-salpimentada.jpg 800w, https:\/\/consorcioserrano.es\/wp-content\/uploads\/2017\/11\/receta-de-bocadillo-de-jamon-serrano-con-salsa-de-tomate-salpimentada-300x188.jpg 300w, https:\/\/consorcioserrano.es\/wp-content\/uploads\/2017\/11\/receta-de-bocadillo-de-jamon-serrano-con-salsa-de-tomate-salpimentada-768x480.jpg 768w, https:\/\/consorcioserrano.es\/wp-content\/uploads\/2017\/11\/receta-de-bocadillo-de-jamon-serrano-con-salsa-de-tomate-salpimentada-234x146.jpg 234w, https:\/\/consorcioserrano.es\/wp-content\/uploads\/2017\/11\/receta-de-bocadillo-de-jamon-serrano-con-salsa-de-tomate-salpimentada-50x31.jpg 50w, https:\/\/consorcioserrano.es\/wp-content\/uploads\/2017\/11\/receta-de-bocadillo-de-jamon-serrano-con-salsa-de-tomate-salpimentada-120x75.jpg 120w\" sizes=\"auto, (max-width:767px) 480px, (max-width:800px) 100vw, 800px\" \/><\/a>\n  <\/div>\n  <div class=\"vc_recipe-link\">\n    <h3><a href=\"https:\/\/consorcioserrano.es\/fr\/recettes\/sandwich-au-jambon-serrano-avec-sauce-tomate-assaisonnee\/\">Sandwich au jambon serrano avec sauce tomate assaisonn\u00e9e<\/a><\/h3>\n  <\/div>\n  <div class=\"vc_recipe-excerpt\">\n    <p>Temps: 5 minutes. Difficult\u00e9: Facile.<\/p>\n\n  <\/div>\n  <div class=\"vc_recipe-readmore\">\n    <a href=\"https:\/\/consorcioserrano.es\/fr\/recettes\/sandwich-au-jambon-serrano-avec-sauce-tomate-assaisonnee\/\">En savoir plus<\/a>\n    <\/div>\n<\/div><\/div>\n\t\t\n\t\t\t<div class=\"vc_col-sm-3\"><\/div>\n\t\t\n\t\t\t<div class=\"vc_col-sm-3\"><\/div>\n\t\t<\/div>\n\n\t\t\n\t\n\t\n\t\n\t\t<div class=\"vc_row \">\n         <div class=\"vc_col-sm-12\">\n          <div class=\"vc_recipe_pagination\"> \n          \t\t\n           <\/div>\n         <\/div>\n\t\t<\/div>\n\t\n<\/div>\n[\/vc_column_text][\/vc_column][\/vc_row]<\/p>\n<\/div>","protected":false},"excerpt":{"rendered":"<p>[vc_row][vc_column width=\u00a0\u00bb1\/12&Prime;][\/vc_column][vc_column width=\u00a0\u00bb7\/12&Prime;][vc_column_text el_class=\u00a0\u00bbvc_quote_consorcio panel-special-h1 \u00ab\u00a0] Sandwiches au Jambon Serrano [\/vc_column_text][\/vc_column][vc_column width=\u00a0\u00bb4\/12&Prime; el_id=\u00a0\u00bbrecetas-buscar\u00a0\u00bb][vc_column_text][\/vc_column_text][\/vc_column][\/vc_row][vc_row][vc_column][\/vc_column][\/vc_row][vc_row][vc_column][vc_column_text][\/vc_column_text][\/vc_column][\/vc_row]<\/p>\n","protected":false},"author":1,"featured_media":0,"parent":2986,"menu_order":0,"comment_status":"closed","ping_status":"closed","template":"","meta":{"_acf_changed":false,"footnotes":""},"class_list":["post-2987","page","type-page","status-publish","hentry","sections_group lang-fr"],"yoast_head":"<!-- This site is optimized with the Yoast SEO plugin v27.2 - https:\/\/yoast.com\/product\/yoast-seo-wordpress\/ -->\n<title>Sandwiches au Jambon Serrano - Consorcio Jambon Serrano<\/title>\n<meta name=\"description\" content=\"ConsorcioSerrano : Jambon serrano haut de gamme certifi\u00e9 - S\u00e9lection manuelle de chaque jambon espagnol - Elaboration, d\u00e9coupe, tapas espagnoles\" \/>\n<meta name=\"robots\" content=\"index, follow, max-snippet:-1, max-image-preview:large, max-video-preview:-1\" \/>\n<link rel=\"canonical\" href=\"https:\/\/consorcioserrano.es\/fr\/recettes-tapas-et-sandwiches\/sandwiches-au-jambon-serrano\/\" \/>\n<meta property=\"og:locale\" content=\"fr_FR\" \/>\n<meta property=\"og:type\" content=\"article\" \/>\n<meta property=\"og:title\" content=\"Sandwiches au Jambon Serrano - Consorcio Jambon Serrano\" \/>\n<meta property=\"og:description\" content=\"ConsorcioSerrano : Jambon serrano haut de gamme certifi\u00e9 - S\u00e9lection manuelle de chaque jambon espagnol - Elaboration, d\u00e9coupe, tapas espagnoles\" \/>\n<meta property=\"og:url\" content=\"https:\/\/consorcioserrano.es\/fr\/recettes-tapas-et-sandwiches\/sandwiches-au-jambon-serrano\/\" \/>\n<meta property=\"og:site_name\" content=\"Consorcio del Jam\u00f3n Serrano\" \/>\n<meta property=\"article:modified_time\" content=\"2017-11-13T08:50:08+00:00\" \/>\n<meta property=\"og:image\" content=\"http:\/\/consorcioserrano.es\/wp-content\/uploads\/2017\/10\/comillas-abrir-1.png\" \/>\n<meta name=\"twitter:card\" content=\"summary_large_image\" \/>\n<script type=\"application\/ld+json\" class=\"yoast-schema-graph\">{\"@context\":\"https:\/\/schema.org\",\"@graph\":[{\"@type\":\"WebPage\",\"@id\":\"https:\/\/consorcioserrano.es\/fr\/recettes-tapas-et-sandwiches\/sandwiches-au-jambon-serrano\/\",\"url\":\"https:\/\/consorcioserrano.es\/fr\/recettes-tapas-et-sandwiches\/sandwiches-au-jambon-serrano\/\",\"name\":\"Sandwiches au Jambon Serrano - Consorcio Jambon Serrano\",\"isPartOf\":{\"@id\":\"https:\/\/consorcioserrano.es\/#website\"},\"primaryImageOfPage\":{\"@id\":\"https:\/\/consorcioserrano.es\/fr\/recettes-tapas-et-sandwiches\/sandwiches-au-jambon-serrano\/#primaryimage\"},\"image\":{\"@id\":\"https:\/\/consorcioserrano.es\/fr\/recettes-tapas-et-sandwiches\/sandwiches-au-jambon-serrano\/#primaryimage\"},\"thumbnailUrl\":\"http:\/\/consorcioserrano.es\/wp-content\/uploads\/2017\/10\/comillas-abrir-1.png\",\"datePublished\":\"2017-11-08T11:07:47+00:00\",\"dateModified\":\"2017-11-13T08:50:08+00:00\",\"description\":\"ConsorcioSerrano : Jambon serrano haut de gamme certifi\u00e9 - S\u00e9lection manuelle de chaque jambon espagnol - Elaboration, d\u00e9coupe, tapas espagnoles\",\"breadcrumb\":{\"@id\":\"https:\/\/consorcioserrano.es\/fr\/recettes-tapas-et-sandwiches\/sandwiches-au-jambon-serrano\/#breadcrumb\"},\"inLanguage\":\"fr-FR\",\"potentialAction\":[{\"@type\":\"ReadAction\",\"target\":[\"https:\/\/consorcioserrano.es\/fr\/recettes-tapas-et-sandwiches\/sandwiches-au-jambon-serrano\/\"]}]},{\"@type\":\"ImageObject\",\"inLanguage\":\"fr-FR\",\"@id\":\"https:\/\/consorcioserrano.es\/fr\/recettes-tapas-et-sandwiches\/sandwiches-au-jambon-serrano\/#primaryimage\",\"url\":\"http:\/\/consorcioserrano.es\/wp-content\/uploads\/2017\/10\/comillas-abrir-1.png\",\"contentUrl\":\"http:\/\/consorcioserrano.es\/wp-content\/uploads\/2017\/10\/comillas-abrir-1.png\"},{\"@type\":\"BreadcrumbList\",\"@id\":\"https:\/\/consorcioserrano.es\/fr\/recettes-tapas-et-sandwiches\/sandwiches-au-jambon-serrano\/#breadcrumb\",\"itemListElement\":[{\"@type\":\"ListItem\",\"position\":1,\"name\":\"Portada\",\"item\":\"https:\/\/consorcioserrano.es\/fr\/\"},{\"@type\":\"ListItem\",\"position\":2,\"name\":\"Recettes, tapas et sandwiches\",\"item\":\"https:\/\/consorcioserrano.es\/fr\/recettes-tapas-et-sandwiches\/\"},{\"@type\":\"ListItem\",\"position\":3,\"name\":\"Sandwiches au Jambon Serrano\"}]},{\"@type\":\"WebSite\",\"@id\":\"https:\/\/consorcioserrano.es\/#website\",\"url\":\"https:\/\/consorcioserrano.es\/\",\"name\":\"Consorcio del Jam\u00f3n Serrano\",\"description\":\"ConsorcioSerrano : Jambon serrano haut de gamme certifi\u00e9 - S\u00e9lection manuelle de chaque jambon espagnol - Elaboration, d\u00e9coupe, tapas espagnoles\",\"potentialAction\":[{\"@type\":\"SearchAction\",\"target\":{\"@type\":\"EntryPoint\",\"urlTemplate\":\"https:\/\/consorcioserrano.es\/?s={search_term_string}\"},\"query-input\":{\"@type\":\"PropertyValueSpecification\",\"valueRequired\":true,\"valueName\":\"search_term_string\"}}],\"inLanguage\":\"fr-FR\"}]}<\/script>\n<!-- \/ Yoast SEO plugin. -->","yoast_head_json":{"title":"Sandwiches au Jambon Serrano - Consorcio Jambon Serrano","description":"ConsorcioSerrano : Jambon serrano haut de gamme certifi\u00e9 - S\u00e9lection manuelle de chaque jambon espagnol - Elaboration, d\u00e9coupe, tapas espagnoles","robots":{"index":"index","follow":"follow","max-snippet":"max-snippet:-1","max-image-preview":"max-image-preview:large","max-video-preview":"max-video-preview:-1"},"canonical":"https:\/\/consorcioserrano.es\/fr\/recettes-tapas-et-sandwiches\/sandwiches-au-jambon-serrano\/","og_locale":"fr_FR","og_type":"article","og_title":"Sandwiches au Jambon Serrano - Consorcio Jambon Serrano","og_description":"ConsorcioSerrano : Jambon serrano haut de gamme certifi\u00e9 - S\u00e9lection manuelle de chaque jambon espagnol - Elaboration, d\u00e9coupe, tapas espagnoles","og_url":"https:\/\/consorcioserrano.es\/fr\/recettes-tapas-et-sandwiches\/sandwiches-au-jambon-serrano\/","og_site_name":"Consorcio del Jam\u00f3n Serrano","article_modified_time":"2017-11-13T08:50:08+00:00","og_image":[{"url":"http:\/\/consorcioserrano.es\/wp-content\/uploads\/2017\/10\/comillas-abrir-1.png","type":"","width":"","height":""}],"twitter_card":"summary_large_image","schema":{"@context":"https:\/\/schema.org","@graph":[{"@type":"WebPage","@id":"https:\/\/consorcioserrano.es\/fr\/recettes-tapas-et-sandwiches\/sandwiches-au-jambon-serrano\/","url":"https:\/\/consorcioserrano.es\/fr\/recettes-tapas-et-sandwiches\/sandwiches-au-jambon-serrano\/","name":"Sandwiches au Jambon Serrano - Consorcio Jambon Serrano","isPartOf":{"@id":"https:\/\/consorcioserrano.es\/#website"},"primaryImageOfPage":{"@id":"https:\/\/consorcioserrano.es\/fr\/recettes-tapas-et-sandwiches\/sandwiches-au-jambon-serrano\/#primaryimage"},"image":{"@id":"https:\/\/consorcioserrano.es\/fr\/recettes-tapas-et-sandwiches\/sandwiches-au-jambon-serrano\/#primaryimage"},"thumbnailUrl":"http:\/\/consorcioserrano.es\/wp-content\/uploads\/2017\/10\/comillas-abrir-1.png","datePublished":"2017-11-08T11:07:47+00:00","dateModified":"2017-11-13T08:50:08+00:00","description":"ConsorcioSerrano : Jambon serrano haut de gamme certifi\u00e9 - S\u00e9lection manuelle de chaque jambon espagnol - Elaboration, d\u00e9coupe, tapas espagnoles","breadcrumb":{"@id":"https:\/\/consorcioserrano.es\/fr\/recettes-tapas-et-sandwiches\/sandwiches-au-jambon-serrano\/#breadcrumb"},"inLanguage":"fr-FR","potentialAction":[{"@type":"ReadAction","target":["https:\/\/consorcioserrano.es\/fr\/recettes-tapas-et-sandwiches\/sandwiches-au-jambon-serrano\/"]}]},{"@type":"ImageObject","inLanguage":"fr-FR","@id":"https:\/\/consorcioserrano.es\/fr\/recettes-tapas-et-sandwiches\/sandwiches-au-jambon-serrano\/#primaryimage","url":"http:\/\/consorcioserrano.es\/wp-content\/uploads\/2017\/10\/comillas-abrir-1.png","contentUrl":"http:\/\/consorcioserrano.es\/wp-content\/uploads\/2017\/10\/comillas-abrir-1.png"},{"@type":"BreadcrumbList","@id":"https:\/\/consorcioserrano.es\/fr\/recettes-tapas-et-sandwiches\/sandwiches-au-jambon-serrano\/#breadcrumb","itemListElement":[{"@type":"ListItem","position":1,"name":"Portada","item":"https:\/\/consorcioserrano.es\/fr\/"},{"@type":"ListItem","position":2,"name":"Recettes, tapas et sandwiches","item":"https:\/\/consorcioserrano.es\/fr\/recettes-tapas-et-sandwiches\/"},{"@type":"ListItem","position":3,"name":"Sandwiches au Jambon Serrano"}]},{"@type":"WebSite","@id":"https:\/\/consorcioserrano.es\/#website","url":"https:\/\/consorcioserrano.es\/","name":"Consorcio del Jam\u00f3n Serrano","description":"ConsorcioSerrano : Jambon serrano haut de gamme certifi\u00e9 - S\u00e9lection manuelle de chaque jambon espagnol - Elaboration, d\u00e9coupe, tapas espagnoles","potentialAction":[{"@type":"SearchAction","target":{"@type":"EntryPoint","urlTemplate":"https:\/\/consorcioserrano.es\/?s={search_term_string}"},"query-input":{"@type":"PropertyValueSpecification","valueRequired":true,"valueName":"search_term_string"}}],"inLanguage":"fr-FR"}]}},"acf":[],"_links":{"self":[{"href":"https:\/\/consorcioserrano.es\/fr\/wp-json\/wp\/v2\/pages\/2987","targetHints":{"allow":["GET"]}}],"collection":[{"href":"https:\/\/consorcioserrano.es\/fr\/wp-json\/wp\/v2\/pages"}],"about":[{"href":"https:\/\/consorcioserrano.es\/fr\/wp-json\/wp\/v2\/types\/page"}],"author":[{"embeddable":true,"href":"https:\/\/consorcioserrano.es\/fr\/wp-json\/wp\/v2\/users\/1"}],"replies":[{"embeddable":true,"href":"https:\/\/consorcioserrano.es\/fr\/wp-json\/wp\/v2\/comments?post=2987"}],"version-history":[{"count":0,"href":"https:\/\/consorcioserrano.es\/fr\/wp-json\/wp\/v2\/pages\/2987\/revisions"}],"up":[{"embeddable":true,"href":"https:\/\/consorcioserrano.es\/fr\/wp-json\/wp\/v2\/pages\/2986"}],"wp:attachment":[{"href":"https:\/\/consorcioserrano.es\/fr\/wp-json\/wp\/v2\/media?parent=2987"}],"curies":[{"name":"wp","href":"https:\/\/api.w.org\/{rel}","templated":true}]}}