{"id":3077,"date":"2017-11-08T13:27:07","date_gmt":"2017-11-08T12:27:07","guid":{"rendered":"http:\/\/consorcioserrano.es\/?page_id=3077"},"modified":"2024-02-20T14:09:59","modified_gmt":"2024-02-20T13:09:59","slug":"presence-internationale-du-consorcio","status":"publish","type":"page","link":"https:\/\/consorcioserrano.es\/fr\/a-propos-du-consorcio-jamon-serrano\/presence-internationale-du-consorcio\/","title":{"rendered":"Pr\u00e9sence internationale du Consorcio"},"content":{"rendered":"<div class=\"wpb-content-wrapper\"><p>[vc_row full_width=\u00a0\u00bbstretch_row\u00a0\u00bb css=\u00a0\u00bb.vc_custom_1510761514197{background-color: #161616 !important;}\u00a0\u00bb el_class=\u00a0\u00bbno-padding-top six-columns consorcio-submenu\u00a0\u00bb el_id=\u00a0\u00bbconsorcio-submenu\u00a0\u00bb][vc_column width=\u00a0\u00bb1\/6&Prime; offset=\u00a0\u00bbvc_hidden-md vc_hidden-sm vc_hidden-xs\u00a0\u00bb][\/vc_column][vc_column offset=\u00a0\u00bbvc_col-lg-2 vc_col-md-3&Prime; el_class=\u00a0\u00bbno-lateral-padding\u00a0\u00bb]\n    <a href=\"https:\/\/consorcioserrano.es\/fr\/a-propos-du-consorcio-jamon-serrano\/histoire\/\"   class=\"vc_link_consorcio\" title=\" Histoire \">\n    <div class=\"roll_wrap\" id=\"\">\n\t\t\n        <div class=\"roll_wrap_img opacity-submenu-hover\" ><img decoding=\"async\" src=\"https:\/\/consorcioserrano.es\/wp-content\/uploads\/2017\/10\/historia-consorcio-jamon-serrano-superior-menu-620x450.jpg\" class=\"img-responsive \" > <\/div>\n\t\t\n\n\t\t\n\t\t\n\t        <div class=\"roll_wrap_link_imagetextmenu  \" style=\"color:#ff0000; font-size:;\"><p class=\"six-columns-img\"><img loading=\"lazy\" decoding=\"async\" class=\"size-full wp-image-2600 alignleft\" src=\"http:\/\/consorcioserrano.es\/wp-content\/uploads\/2017\/10\/s-60.png\" alt=\"\" width=\"60\" height=\"60\" \/><\/p>\n<h3><strong>Histoire<\/strong><\/h3>\n<\/div>\n\t\t\n    <\/div>\n    <\/a>[\/vc_column][vc_column offset=\u00a0\u00bbvc_col-lg-2 vc_col-md-3&Prime; el_class=\u00a0\u00bbno-lateral-padding\u00a0\u00bb]\n    <a href=\"https:\/\/consorcioserrano.es\/fr\/a-propos-du-consorcio-jamon-serrano\/quelle-est-notre-identification\/\"   class=\"vc_link_consorcio\" title=\" Quelle est notre identification \">\n    <div class=\"roll_wrap\" id=\"\">\n\t\t\n        <div class=\"roll_wrap_img opacity-submenu-hover\" ><img decoding=\"async\" src=\"https:\/\/consorcioserrano.es\/wp-content\/uploads\/2017\/10\/identifica-consorcio-jamon-serrano-superior-menu-620x450.jpg\" class=\"img-responsive \" > <\/div>\n\t\t\n\n\t\t\n\t\t\n\t        <div class=\"roll_wrap_link_imagetextmenu  \" style=\"color:#ff0000; font-size:;\"><p class=\"six-columns-img\"><img loading=\"lazy\" decoding=\"async\" class=\"size-full wp-image-2600 alignleft\" src=\"http:\/\/consorcioserrano.es\/wp-content\/uploads\/2017\/10\/s-60.png\" alt=\"\" width=\"60\" height=\"60\" \/><\/p>\n<h3><strong>Quelle est notre identification<\/strong><\/h3>\n<\/div>\n\t\t\n    <\/div>\n    <\/a>[\/vc_column][vc_column offset=\u00a0\u00bbvc_col-lg-2 vc_col-md-3&Prime; el_class=\u00a0\u00bbno-lateral-padding\u00a0\u00bb]\n    <a href=\"https:\/\/consorcioserrano.es\/fr\/a-propos-du-consorcio-jamon-serrano\/le-label-qualite\/\"   class=\"vc_link_consorcio\" title=\" Le label de qualit\u00e9 \">\n    <div class=\"roll_wrap\" id=\"\">\n\t\t\n        <div class=\"roll_wrap_img opacity-submenu-hover\" ><img decoding=\"async\" src=\"https:\/\/consorcioserrano.es\/wp-content\/uploads\/2017\/10\/sello-calidad-consorcio-jamon-serrano-superior-menu-620x450.jpg\" class=\"img-responsive \" > <\/div>\n\t\t\n\n\t\t\n\t\t\n\t        <div class=\"roll_wrap_link_imagetextmenu  \" style=\"color:#ff0000; font-size:;\"><p class=\"six-columns-img\"><img loading=\"lazy\" decoding=\"async\" class=\"size-full wp-image-2600 alignleft\" src=\"http:\/\/consorcioserrano.es\/wp-content\/uploads\/2017\/10\/s-60.png\" alt=\"\" width=\"60\" height=\"60\" \/><\/p>\n<h3><strong>Le label de qualit\u00e9<\/strong><\/h3>\n<\/div>\n\t\t\n    <\/div>\n    <\/a>[\/vc_column][vc_column offset=\u00a0\u00bbvc_col-lg-2 vc_col-md-3&Prime; el_class=\u00a0\u00bbno-lateral-padding\u00a0\u00bb]\n    <a href=\"https:\/\/consorcioserrano.es\/fr\/a-propos-du-consorcio-jamon-serrano\/presence-internationale-du-consorcio\/\"   class=\"vc_link_consorcio\" title=\" Pr\u00e9sence internationale \">\n    <div class=\"roll_wrap\" id=\"\">\n\t\t\n        <div class=\"roll_wrap_img \" ><img decoding=\"async\" src=\"https:\/\/consorcioserrano.es\/wp-content\/uploads\/2017\/10\/presencia-internacional-consorcio-jamon-serrano-superior-menu-620x450.jpg\" class=\"img-responsive \" > <\/div>\n\t\t\n\n\t\t\n\t\t\n\t        <div class=\"roll_wrap_link_imagetextmenu  \" style=\"color:#ff0000; font-size:;\"><p class=\"six-columns-img\"><img loading=\"lazy\" decoding=\"async\" class=\"size-full wp-image-2600 alignleft\" src=\"http:\/\/consorcioserrano.es\/wp-content\/uploads\/2017\/10\/s-60.png\" alt=\"\" width=\"60\" height=\"60\" \/><\/p>\n<h3><strong>Pr\u00e9sence internationale<\/strong><\/h3>\n<\/div>\n\t\t\n    <\/div>\n    <\/a>[\/vc_column][vc_column width=\u00a0\u00bb1\/6&Prime; offset=\u00a0\u00bbvc_hidden-md vc_hidden-sm\u00a0\u00bb][\/vc_column][\/vc_row][vc_row full_width=\u00a0\u00bbstretch_row_content_no_spaces\u00a0\u00bb css=\u00a0\u00bb.vc_custom_1510130630625{background-image: url(http:\/\/consorcioserrano.es\/wp-content\/uploads\/2017\/10\/presencia-internacional-consorcio-jamon-serrano.jpg?id=2888) !important;background-position: center !important;background-repeat: no-repeat !important;background-size: cover !important;}\u00a0\u00bb][vc_column]\n<div id=\"ersspace-1\"><\/div><style type=\"text\/css\">#ersspace-1 { height: 320px; }\n@media handheld, only screen and (max-width: 1199px) {\n\t#ersspace-1 { height: 300px; }\n}\n@media handheld, only screen and (max-width: 1023px) {\n\t#ersspace-1 { height: 300px; }\n}\n@media handheld, only screen and (max-width: 767px) {\n\t#ersspace-1 { height: 260px; }\n}<\/style>[\/vc_column][\/vc_row][vc_row el_class=\u00a0\u00bbcolumn-special-one\u00a0\u00bb][vc_column width=\u00a0\u00bb2\/3&Prime; el_class=\u00a0\u00bbpanel-special-content\u00a0\u00bb][vc_row_inner][vc_column_inner][vc_column_text el_class=\u00a0\u00bbvc_quote_consorcio\u00a0\u00bb]<\/p>\n<div class=\"vc_quote_consorcio_icon\"><img loading=\"lazy\" decoding=\"async\" class=\"alignnone size-full wp-image-1101\" src=\"http:\/\/consorcioserrano.es\/wp-content\/uploads\/2017\/10\/comillas-abrir-1.png\" alt=\"\" width=\"59\" height=\"53\" srcset=\"https:\/\/consorcioserrano.es\/wp-content\/uploads\/2017\/10\/comillas-abrir-1.png 59w, https:\/\/consorcioserrano.es\/wp-content\/uploads\/2017\/10\/comillas-abrir-1-50x45.png 50w\" sizes=\"auto, (max-width:767px) 59px, 59px\" \/><\/div>\n<div class=\"vc_quote_consorcio_content\">\n<h1>Pr\u00e9sence <strong>internationale du Consorcio<\/strong>\u00a0<img loading=\"lazy\" decoding=\"async\" class=\"alignnone size-full wp-image-1100\" src=\"http:\/\/consorcioserrano.es\/wp-content\/uploads\/2017\/10\/comillas-cerrar-1.png\" alt=\"\" width=\"59\" height=\"53\" srcset=\"https:\/\/consorcioserrano.es\/wp-content\/uploads\/2017\/10\/comillas-cerrar-1.png 59w, https:\/\/consorcioserrano.es\/wp-content\/uploads\/2017\/10\/comillas-cerrar-1-50x45.png 50w\" sizes=\"auto, (max-width:767px) 59px, 59px\" \/><\/h1>\n<\/div>\n<p>[\/vc_column_text][\/vc_column_inner][\/vc_row_inner][vc_row_inner][vc_column_inner][vc_column_text]<\/p>\n<h3><span style=\"color: #e82f37;\"><strong>Pr\u00e9sence internationale du Consorcio Jam\u00f3n Serrano<\/strong><\/span><\/h3>\n<p>[\/vc_column_text][\/vc_column_inner][\/vc_row_inner][vc_row_inner][vc_column_inner width=\u00a0\u00bb1\/2&Prime;][vc_column_text]Une des t\u00e2ches les plus importantes du <strong>Consorcio del Jam\u00f3n Serrano Espa\u00f1ol<\/strong> est la promotion internationale de son label de qualit\u00e9 Consorcio Serrano sur les c\u00e9l\u00e8bres march\u00e9s internationaux.[\/vc_column_text][\/vc_column_inner][vc_column_inner width=\u00a0\u00bb1\/2&Prime;][vc_column_text]<\/p>\n<p>Ainsi, depuis 1990, et gr\u00e2ce \u00e0 un fort investissement en communication et en promotion, le Jambon Serrano \u00ab Consorcio Serrano \u00bb est devenu la r\u00e9f\u00e9rence internationale de l\u2019authentique jambon serrano (consid\u00e9r\u00e9 comme \u00e9tant l\u2019un des produits espagnols les plus prestigieux de la gastronomie espagnole).[\/vc_column_text][\/vc_column_inner][\/vc_row_inner][vc_column_text el_class=\u00a0\u00bbvc_quote_consorcio vc_quote_consorcio_other\u00a0\u00bb]<\/p>\n<div class=\"vc_quote_consorcio_icon\"><img loading=\"lazy\" decoding=\"async\" class=\"alignnone size-full wp-image-1101\" src=\"http:\/\/consorcioserrano.es\/wp-content\/uploads\/2017\/10\/comillas-abrir-1.png\" alt=\"\" width=\"59\" height=\"53\" srcset=\"https:\/\/consorcioserrano.es\/wp-content\/uploads\/2017\/10\/comillas-abrir-1.png 59w, https:\/\/consorcioserrano.es\/wp-content\/uploads\/2017\/10\/comillas-abrir-1-50x45.png 50w\" sizes=\"auto, (max-width:767px) 59px, 59px\" \/><\/div>\n<div class=\"vc_quote_consorcio_content\">\n<h2>Le jambon serrano du Consorcio est pr\u00e9sent aujourd\u2019hui dans <strong>plus de 60 pays \u00e0 travers le monde<\/strong>.<\/h2>\n<\/div>\n<p>[\/vc_column_text][vc_row_inner][vc_column_inner width=\u00a0\u00bb1\/2&Prime;][vc_column_text]Le jambon serrano du Consorcio est pr\u00e9sent aujourd\u2019hui dans <strong>plus de 60 pays<\/strong> \u00e0 travers le monde, bien que l\u2019Europe repr\u00e9sente la plupart de ses exportations, et o\u00f9 se situent les principales marques de jambon serrano.<\/p>\n<p>[\/vc_column_text][\/vc_column_inner][vc_column_inner width=\u00a0\u00bb1\/2&Prime;][vc_column_text]Le Consorcio Jam\u00f3n Serrano est pr\u00e9sent dans les principaux salons alimentaires du monde, par exemple <strong>Anuga en Allemagne, SIAL en France, et Alimentaria en Espagne<\/strong>, repr\u00e9sentant et r\u00e9unissant les meilleures marques de jambon serrano espagnol et les principaux acteurs de l\u2019importation et de la distribution alimentaire adress\u00e9e au consommateur amoureux de la bonne nourriture.[\/vc_column_text][\/vc_column_inner][\/vc_row_inner][\/vc_column][vc_column width=\u00a0\u00bb1\/3&Prime;]\n<div id=\"ersspace-2\"><\/div><style type=\"text\/css\">#ersspace-2 { height: 260px; }\n@media handheld, only screen and (max-width: 767px) {\n\t#ersspace-2 { height: 0px; }\n}<\/style>[vc_row_inner el_class=\u00a0\u00bbpanel-special-aside\u00a0\u00bb][vc_column_inner][vc_column_text]<\/p>\n<h3><span style=\"color: #e82f37;\"><strong>Consommation dans le monde : Principaux exportateurs du Jambon serrano<\/strong><br \/>\n<\/span><\/h3>\n<p>Pays europ\u00e9ens comme la <strong>France, l&rsquo;Allemagne, la Belgique et la Hollande<\/strong> qui repr\u00e9sentent les march\u00e9s les plus renforc\u00e9s dans l&rsquo;exportation du label de qualit\u00e9 du jambon serrano. La France et l&rsquo;Allemagne avec 55,3 % de la consommation totale du \u00ab Jam\u00f3n Consorcio Serrano \u00bb maintiennent toujours la consid\u00e9ration des march\u00e9s importants et c&rsquo;est donc principalement \u00e0 eux que s&rsquo;adressent les activit\u00e9s de promotion de la soci\u00e9t\u00e9.<\/p>\n<p>Concernant les pays hors de l\u2019UE, un grand potentiel de croissance \u00e9merge du <strong>Mexique, de l\u2019Australie, des \u00c9tats-Unis ou du Br\u00e9sil<\/strong>, ce dernier \u00e9tant le pays d\u2019Am\u00e9rique central qui se distingue le plus du reste gr\u00e2ce \u00e0 la pr\u00e9sence significative de produits espagnols dans ses diff\u00e9rentes villes.[\/vc_column_text][\/vc_column_inner][\/vc_row_inner][\/vc_column][\/vc_row]<\/p>\n<\/div>","protected":false},"excerpt":{"rendered":"<p>[vc_row full_width=\u00a0\u00bbstretch_row\u00a0\u00bb css=\u00a0\u00bb.vc_custom_1510761514197{background-color: #161616 !important;}\u00a0\u00bb el_class=\u00a0\u00bbno-padding-top six-columns consorcio-submenu\u00a0\u00bb el_id=\u00a0\u00bbconsorcio-submenu\u00a0\u00bb][vc_column width=\u00a0\u00bb1\/6&Prime; offset=\u00a0\u00bbvc_hidden-md vc_hidden-sm vc_hidden-xs\u00a0\u00bb][\/vc_column][vc_column offset=\u00a0\u00bbvc_col-lg-2 vc_col-md-3&Prime; el_class=\u00a0\u00bbno-lateral-padding\u00a0\u00bb][\/vc_column][vc_column offset=\u00a0\u00bbvc_col-lg-2 vc_col-md-3&Prime; el_class=\u00a0\u00bbno-lateral-padding\u00a0\u00bb][\/vc_column][vc_column offset=\u00a0\u00bbvc_col-lg-2 vc_col-md-3&Prime; el_class=\u00a0\u00bbno-lateral-padding\u00a0\u00bb][\/vc_column][vc_column offset=\u00a0\u00bbvc_col-lg-2 vc_col-md-3&Prime; el_class=\u00a0\u00bbno-lateral-padding\u00a0\u00bb][\/vc_column][vc_column width=\u00a0\u00bb1\/6&Prime;<span class=\"excerpt-hellip\"> [\u2026]<\/span><\/p>\n","protected":false},"author":1,"featured_media":0,"parent":2933,"menu_order":0,"comment_status":"closed","ping_status":"closed","template":"","meta":{"_acf_changed":false,"footnotes":""},"class_list":["post-3077","page","type-page","status-publish","hentry","sections_group lang-fr"],"yoast_head":"<!-- This site is optimized with the Yoast SEO plugin v27.2 - https:\/\/yoast.com\/product\/yoast-seo-wordpress\/ -->\n<title>Pr\u00e9sence internationale du Consorcio - Consorcio Jambon Serrano<\/title>\n<meta name=\"description\" content=\"Tout sur l&#039;exportation et l&#039;importation du Jambon Serrano ConsorcioSerrano. \u00c9v\u00e9nements, foires et pr\u00e9sentations du jambon espagnol haut de gamme\" \/>\n<meta name=\"robots\" content=\"index, follow, max-snippet:-1, max-image-preview:large, max-video-preview:-1\" \/>\n<link rel=\"canonical\" href=\"https:\/\/consorcioserrano.es\/fr\/a-propos-du-consorcio-jamon-serrano\/presence-internationale-du-consorcio\/\" \/>\n<meta property=\"og:locale\" content=\"fr_FR\" \/>\n<meta property=\"og:type\" content=\"article\" \/>\n<meta property=\"og:title\" content=\"Pr\u00e9sence internationale du Consorcio - Consorcio Jambon Serrano\" \/>\n<meta property=\"og:description\" content=\"Tout sur l&#039;exportation et l&#039;importation du Jambon Serrano ConsorcioSerrano. \u00c9v\u00e9nements, foires et pr\u00e9sentations du jambon espagnol haut de gamme\" \/>\n<meta property=\"og:url\" content=\"https:\/\/consorcioserrano.es\/fr\/a-propos-du-consorcio-jamon-serrano\/presence-internationale-du-consorcio\/\" \/>\n<meta property=\"og:site_name\" content=\"Consorcio del Jam\u00f3n Serrano\" \/>\n<meta property=\"article:modified_time\" content=\"2024-02-20T13:09:59+00:00\" \/>\n<meta property=\"og:image\" content=\"http:\/\/consorcioserrano.es\/wp-content\/uploads\/2017\/10\/s-60.png\" \/>\n<meta name=\"twitter:card\" content=\"summary_large_image\" \/>\n<meta name=\"twitter:label1\" content=\"Dur\u00e9e de lecture estim\u00e9e\" \/>\n\t<meta name=\"twitter:data1\" content=\"4 minutes\" \/>\n<script type=\"application\/ld+json\" class=\"yoast-schema-graph\">{\"@context\":\"https:\/\/schema.org\",\"@graph\":[{\"@type\":\"WebPage\",\"@id\":\"https:\/\/consorcioserrano.es\/fr\/a-propos-du-consorcio-jamon-serrano\/presence-internationale-du-consorcio\/\",\"url\":\"https:\/\/consorcioserrano.es\/fr\/a-propos-du-consorcio-jamon-serrano\/presence-internationale-du-consorcio\/\",\"name\":\"Pr\u00e9sence internationale du Consorcio - Consorcio Jambon Serrano\",\"isPartOf\":{\"@id\":\"https:\/\/consorcioserrano.es\/#website\"},\"primaryImageOfPage\":{\"@id\":\"https:\/\/consorcioserrano.es\/fr\/a-propos-du-consorcio-jamon-serrano\/presence-internationale-du-consorcio\/#primaryimage\"},\"image\":{\"@id\":\"https:\/\/consorcioserrano.es\/fr\/a-propos-du-consorcio-jamon-serrano\/presence-internationale-du-consorcio\/#primaryimage\"},\"thumbnailUrl\":\"http:\/\/consorcioserrano.es\/wp-content\/uploads\/2017\/10\/s-60.png\",\"datePublished\":\"2017-11-08T12:27:07+00:00\",\"dateModified\":\"2024-02-20T13:09:59+00:00\",\"description\":\"Tout sur l'exportation et l'importation du Jambon Serrano ConsorcioSerrano. \u00c9v\u00e9nements, foires et pr\u00e9sentations du jambon espagnol haut de gamme\",\"breadcrumb\":{\"@id\":\"https:\/\/consorcioserrano.es\/fr\/a-propos-du-consorcio-jamon-serrano\/presence-internationale-du-consorcio\/#breadcrumb\"},\"inLanguage\":\"fr-FR\",\"potentialAction\":[{\"@type\":\"ReadAction\",\"target\":[\"https:\/\/consorcioserrano.es\/fr\/a-propos-du-consorcio-jamon-serrano\/presence-internationale-du-consorcio\/\"]}]},{\"@type\":\"ImageObject\",\"inLanguage\":\"fr-FR\",\"@id\":\"https:\/\/consorcioserrano.es\/fr\/a-propos-du-consorcio-jamon-serrano\/presence-internationale-du-consorcio\/#primaryimage\",\"url\":\"http:\/\/consorcioserrano.es\/wp-content\/uploads\/2017\/10\/s-60.png\",\"contentUrl\":\"http:\/\/consorcioserrano.es\/wp-content\/uploads\/2017\/10\/s-60.png\"},{\"@type\":\"BreadcrumbList\",\"@id\":\"https:\/\/consorcioserrano.es\/fr\/a-propos-du-consorcio-jamon-serrano\/presence-internationale-du-consorcio\/#breadcrumb\",\"itemListElement\":[{\"@type\":\"ListItem\",\"position\":1,\"name\":\"Portada\",\"item\":\"https:\/\/consorcioserrano.es\/fr\/\"},{\"@type\":\"ListItem\",\"position\":2,\"name\":\"\u00c0 Propos Du Consorcio Jam\u00f3n Serrano\",\"item\":\"https:\/\/consorcioserrano.es\/fr\/a-propos-du-consorcio-jamon-serrano\/\"},{\"@type\":\"ListItem\",\"position\":3,\"name\":\"Pr\u00e9sence internationale du Consorcio\"}]},{\"@type\":\"WebSite\",\"@id\":\"https:\/\/consorcioserrano.es\/#website\",\"url\":\"https:\/\/consorcioserrano.es\/\",\"name\":\"Consorcio del Jam\u00f3n Serrano\",\"description\":\"ConsorcioSerrano : Jambon serrano haut de gamme certifi\u00e9 - S\u00e9lection manuelle de chaque jambon espagnol - Elaboration, d\u00e9coupe, tapas espagnoles\",\"potentialAction\":[{\"@type\":\"SearchAction\",\"target\":{\"@type\":\"EntryPoint\",\"urlTemplate\":\"https:\/\/consorcioserrano.es\/?s={search_term_string}\"},\"query-input\":{\"@type\":\"PropertyValueSpecification\",\"valueRequired\":true,\"valueName\":\"search_term_string\"}}],\"inLanguage\":\"fr-FR\"}]}<\/script>\n<!-- \/ Yoast SEO plugin. -->","yoast_head_json":{"title":"Pr\u00e9sence internationale du Consorcio - Consorcio Jambon Serrano","description":"Tout sur l'exportation et l'importation du Jambon Serrano ConsorcioSerrano. \u00c9v\u00e9nements, foires et pr\u00e9sentations du jambon espagnol haut de gamme","robots":{"index":"index","follow":"follow","max-snippet":"max-snippet:-1","max-image-preview":"max-image-preview:large","max-video-preview":"max-video-preview:-1"},"canonical":"https:\/\/consorcioserrano.es\/fr\/a-propos-du-consorcio-jamon-serrano\/presence-internationale-du-consorcio\/","og_locale":"fr_FR","og_type":"article","og_title":"Pr\u00e9sence internationale du Consorcio - Consorcio Jambon Serrano","og_description":"Tout sur l'exportation et l'importation du Jambon Serrano ConsorcioSerrano. \u00c9v\u00e9nements, foires et pr\u00e9sentations du jambon espagnol haut de gamme","og_url":"https:\/\/consorcioserrano.es\/fr\/a-propos-du-consorcio-jamon-serrano\/presence-internationale-du-consorcio\/","og_site_name":"Consorcio del Jam\u00f3n Serrano","article_modified_time":"2024-02-20T13:09:59+00:00","og_image":[{"url":"http:\/\/consorcioserrano.es\/wp-content\/uploads\/2017\/10\/s-60.png","type":"","width":"","height":""}],"twitter_card":"summary_large_image","twitter_misc":{"Dur\u00e9e de lecture estim\u00e9e":"4 minutes"},"schema":{"@context":"https:\/\/schema.org","@graph":[{"@type":"WebPage","@id":"https:\/\/consorcioserrano.es\/fr\/a-propos-du-consorcio-jamon-serrano\/presence-internationale-du-consorcio\/","url":"https:\/\/consorcioserrano.es\/fr\/a-propos-du-consorcio-jamon-serrano\/presence-internationale-du-consorcio\/","name":"Pr\u00e9sence internationale du Consorcio - Consorcio Jambon Serrano","isPartOf":{"@id":"https:\/\/consorcioserrano.es\/#website"},"primaryImageOfPage":{"@id":"https:\/\/consorcioserrano.es\/fr\/a-propos-du-consorcio-jamon-serrano\/presence-internationale-du-consorcio\/#primaryimage"},"image":{"@id":"https:\/\/consorcioserrano.es\/fr\/a-propos-du-consorcio-jamon-serrano\/presence-internationale-du-consorcio\/#primaryimage"},"thumbnailUrl":"http:\/\/consorcioserrano.es\/wp-content\/uploads\/2017\/10\/s-60.png","datePublished":"2017-11-08T12:27:07+00:00","dateModified":"2024-02-20T13:09:59+00:00","description":"Tout sur l'exportation et l'importation du Jambon Serrano ConsorcioSerrano. \u00c9v\u00e9nements, foires et pr\u00e9sentations du jambon espagnol haut de gamme","breadcrumb":{"@id":"https:\/\/consorcioserrano.es\/fr\/a-propos-du-consorcio-jamon-serrano\/presence-internationale-du-consorcio\/#breadcrumb"},"inLanguage":"fr-FR","potentialAction":[{"@type":"ReadAction","target":["https:\/\/consorcioserrano.es\/fr\/a-propos-du-consorcio-jamon-serrano\/presence-internationale-du-consorcio\/"]}]},{"@type":"ImageObject","inLanguage":"fr-FR","@id":"https:\/\/consorcioserrano.es\/fr\/a-propos-du-consorcio-jamon-serrano\/presence-internationale-du-consorcio\/#primaryimage","url":"http:\/\/consorcioserrano.es\/wp-content\/uploads\/2017\/10\/s-60.png","contentUrl":"http:\/\/consorcioserrano.es\/wp-content\/uploads\/2017\/10\/s-60.png"},{"@type":"BreadcrumbList","@id":"https:\/\/consorcioserrano.es\/fr\/a-propos-du-consorcio-jamon-serrano\/presence-internationale-du-consorcio\/#breadcrumb","itemListElement":[{"@type":"ListItem","position":1,"name":"Portada","item":"https:\/\/consorcioserrano.es\/fr\/"},{"@type":"ListItem","position":2,"name":"\u00c0 Propos Du Consorcio Jam\u00f3n Serrano","item":"https:\/\/consorcioserrano.es\/fr\/a-propos-du-consorcio-jamon-serrano\/"},{"@type":"ListItem","position":3,"name":"Pr\u00e9sence internationale du Consorcio"}]},{"@type":"WebSite","@id":"https:\/\/consorcioserrano.es\/#website","url":"https:\/\/consorcioserrano.es\/","name":"Consorcio del Jam\u00f3n Serrano","description":"ConsorcioSerrano : Jambon serrano haut de gamme certifi\u00e9 - S\u00e9lection manuelle de chaque jambon espagnol - Elaboration, d\u00e9coupe, tapas espagnoles","potentialAction":[{"@type":"SearchAction","target":{"@type":"EntryPoint","urlTemplate":"https:\/\/consorcioserrano.es\/?s={search_term_string}"},"query-input":{"@type":"PropertyValueSpecification","valueRequired":true,"valueName":"search_term_string"}}],"inLanguage":"fr-FR"}]}},"acf":[],"_links":{"self":[{"href":"https:\/\/consorcioserrano.es\/fr\/wp-json\/wp\/v2\/pages\/3077","targetHints":{"allow":["GET"]}}],"collection":[{"href":"https:\/\/consorcioserrano.es\/fr\/wp-json\/wp\/v2\/pages"}],"about":[{"href":"https:\/\/consorcioserrano.es\/fr\/wp-json\/wp\/v2\/types\/page"}],"author":[{"embeddable":true,"href":"https:\/\/consorcioserrano.es\/fr\/wp-json\/wp\/v2\/users\/1"}],"replies":[{"embeddable":true,"href":"https:\/\/consorcioserrano.es\/fr\/wp-json\/wp\/v2\/comments?post=3077"}],"version-history":[{"count":1,"href":"https:\/\/consorcioserrano.es\/fr\/wp-json\/wp\/v2\/pages\/3077\/revisions"}],"predecessor-version":[{"id":22895,"href":"https:\/\/consorcioserrano.es\/fr\/wp-json\/wp\/v2\/pages\/3077\/revisions\/22895"}],"up":[{"embeddable":true,"href":"https:\/\/consorcioserrano.es\/fr\/wp-json\/wp\/v2\/pages\/2933"}],"wp:attachment":[{"href":"https:\/\/consorcioserrano.es\/fr\/wp-json\/wp\/v2\/media?parent=3077"}],"curies":[{"name":"wp","href":"https:\/\/api.w.org\/{rel}","templated":true}]}}