{"id":3130,"date":"2017-11-08T14:20:31","date_gmt":"2017-11-08T13:20:31","guid":{"rendered":"http:\/\/consorcioserrano.es\/?page_id=3130"},"modified":"2026-04-08T09:16:52","modified_gmt":"2026-04-08T08:16:52","slug":"lequipe-2","status":"publish","type":"page","link":"https:\/\/consorcioserrano.es\/fr\/qui-sommes-nous\/lequipe-2\/","title":{"rendered":"L\u2019\u00e9quipe"},"content":{"rendered":"<div class=\"wpb-content-wrapper\"><p>[vc_row full_width=\u00a0\u00bbstretch_row\u00a0\u00bb css=\u00a0\u00bb.vc_custom_1509111352335{background-color: #161616 !important;}\u00a0\u00bb el_class=\u00a0\u00bbno-padding-top six-columns\u00a0\u00bb][vc_column width=\u00a0\u00bb1\/6&Prime; offset=\u00a0\u00bbvc_hidden-md vc_hidden-sm vc_hidden-xs\u00a0\u00bb][\/vc_column][vc_column offset=\u00a0\u00bbvc_col-lg-2 vc_col-md-3&Prime; el_class=\u00a0\u00bbno-lateral-padding\u00a0\u00bb][\/vc_column][vc_column offset=\u00a0\u00bbvc_col-lg-2 vc_col-md-3&Prime; el_class=\u00a0\u00bbno-lateral-padding\u00a0\u00bb]\n    <a href=\"https:\/\/consorcioserrano.es\/fr\/qui-sommes-nous\/lequipe\/\"   class=\"vc_link_consorcio\" title=\" L\u2019\u00e9quipe  \">\n    <div class=\"roll_wrap\" id=\"\">\n\t\t\n        <div class=\"roll_wrap_img \" ><img decoding=\"async\" src=\"https:\/\/consorcioserrano.es\/wp-content\/uploads\/2017\/11\/equipo-consorcio-jamon-serrabi-menu.jpg\" class=\"img-responsive \" > <\/div>\n\t\t\n\n\t\t\n\t\t\n\t        <div class=\"roll_wrap_link_imagetextmenu  \" style=\"color:#ff0000; font-size:;\"><p class=\"six-columns-img\"><img loading=\"lazy\" decoding=\"async\" class=\"size-full wp-image-2600 alignleft\" src=\"http:\/\/consorcioserrano.es\/wp-content\/uploads\/2017\/10\/s-60.png\" alt=\"\" width=\"60\" height=\"60\" \/><\/p>\n<h3><strong>L<\/strong><strong>\u2019\u00e9quipe <\/strong><\/h3>\n<\/div>\n\t\t\n    <\/div>\n    <\/a>[\/vc_column][vc_column offset=\u00a0\u00bbvc_col-lg-2 vc_col-md-3&Prime; el_class=\u00a0\u00bbno-lateral-padding\u00a0\u00bb]\n    <a href=\"https:\/\/consorcioserrano.es\/fr\/qui-sommes-nous\/nos-associes\/\"   class=\"vc_link_consorcio\" title=\" Nos associ\u00e9s  \">\n    <div class=\"roll_wrap\" id=\"\">\n\t\t\n        <div class=\"roll_wrap_img opacity-submenu-hover\" ><img decoding=\"async\" src=\"https:\/\/consorcioserrano.es\/wp-content\/uploads\/2022\/07\/asociados-nueva-4.jpg\" class=\"img-responsive \" > <\/div>\n\t\t\n\n\t\t\n\t\t\n\t        <div class=\"roll_wrap_link_imagetextmenu  \" style=\"color:#ff0000; font-size:;\"><p class=\"six-columns-img\"><img loading=\"lazy\" decoding=\"async\" class=\"size-full wp-image-2600 alignleft\" src=\"http:\/\/consorcioserrano.es\/wp-content\/uploads\/2017\/10\/s-60.png\" alt=\"\" width=\"60\" height=\"60\" \/><\/p>\n<h3><strong>Nos associ\u00e9s <\/strong><\/h3>\n<\/div>\n\t\t\n    <\/div>\n    <\/a>[\/vc_column][vc_column offset=\u00a0\u00bbvc_col-lg-2 vc_col-md-3&Prime; el_class=\u00a0\u00bbno-lateral-padding\u00a0\u00bb][\/vc_column][vc_column width=\u00a0\u00bb1\/6&Prime; offset=\u00a0\u00bbvc_hidden-md vc_hidden-sm\u00a0\u00bb][\/vc_column][\/vc_row][vc_row][vc_column el_class=\u00a0\u00bbpanel-special-content\u00a0\u00bb][vc_column_text el_class=\u00a0\u00bbvc_quote_consorcio\u00a0\u00bb]<\/p>\n<div class=\"vc_quote_consorcio_icon\"><img loading=\"lazy\" decoding=\"async\" class=\"alignnone size-full wp-image-1101\" src=\"http:\/\/consorcioserrano.es\/wp-content\/uploads\/2017\/10\/comillas-abrir-1.png\" alt=\"\" width=\"59\" height=\"53\" srcset=\"https:\/\/consorcioserrano.es\/wp-content\/uploads\/2017\/10\/comillas-abrir-1.png 59w, https:\/\/consorcioserrano.es\/wp-content\/uploads\/2017\/10\/comillas-abrir-1-50x45.png 50w\" sizes=\"auto, (max-width:767px) 59px, 59px\" \/><\/div>\n<div class=\"vc_quote_consorcio_content\">\n<h1><strong>L<\/strong><strong>\u2019\u00e9quipe <\/strong>\u00a0<img loading=\"lazy\" decoding=\"async\" class=\"alignnone size-full wp-image-1100\" src=\"http:\/\/consorcioserrano.es\/wp-content\/uploads\/2017\/10\/comillas-cerrar-1.png\" alt=\"\" width=\"59\" height=\"53\" srcset=\"https:\/\/consorcioserrano.es\/wp-content\/uploads\/2017\/10\/comillas-cerrar-1.png 59w, https:\/\/consorcioserrano.es\/wp-content\/uploads\/2017\/10\/comillas-cerrar-1-50x45.png 50w\" sizes=\"auto, (max-width:767px) 59px, 59px\" \/><\/h1>\n<\/div>\n<p>[\/vc_column_text][\/vc_column][\/vc_row][vc_row][vc_column width=\u00a0\u00bb1\/3&Prime; el_class=\u00a0\u00bbpanel-special-content\u00a0\u00bb][vc_column_text css=\u00a0\u00bb\u00a0\u00bb]<\/p>\n<div class=\"equipo-texto-imagen\">\n<div class=\"image-consorcio-equipo\"><img loading=\"lazy\" decoding=\"async\" src=\"http:\/\/consorcioserrano.es\/wp-content\/uploads\/2017\/10\/s-60.png\" alt=\"\" width=\"60\" height=\"60\"><\/div>\n<div class=\"text-consorcio-equipo\">\n<h3><\/h3>\n<h3><strong>Anna Bosch G\u00fcell<\/strong><\/h3>\n<h3><span style=\"color: #e82f37;\">Pr\u00e9sidente du CJSE<\/span><\/h3>\n<p>Pr\u00e9sidente du Consorcio depuis novembre 2013 en repr\u00e9sentation de NOEL Alimentaria, entreprise dont elle est directrice g\u00e9n\u00e9rale, a stimul\u00e9 le d\u00e9veloppement de ses activit\u00e9s de certification, mais \u00e9galement de ses activit\u00e9s \u00e0 l\u2019international, afin de favoriser le jambon serrano de qualit\u00e9 sur les march\u00e9s internationaux.<\/p>\n<\/div>\n<\/div>\n<p>[\/vc_column_text][\/vc_column][vc_column width=\u00a0\u00bb1\/3&Prime; el_class=\u00a0\u00bbpanel-special-content\u00a0\u00bb][vc_column_text css=\u00a0\u00bb\u00a0\u00bb]<\/p>\n<div class=\"equipo-texto-imagen\">\n<div class=\"image-consorcio-equipo\"><img loading=\"lazy\" decoding=\"async\" src=\"http:\/\/consorcioserrano.es\/wp-content\/uploads\/2017\/10\/s-60.png\" alt=\"\" width=\"60\" height=\"60\"><\/div>\n<div class=\"text-consorcio-equipo\">\n<h3><\/h3>\n<h3><strong>Miguel \u00c1ngel Espa\u00f1a<\/strong><\/h3>\n<h3><span style=\"color: #e82f37;\">Vice-pr\u00e9sident du CJSE<\/span><\/h3>\n<p>Directeur g\u00e9n\u00e9ral de Miguel Espa\u00f1a e Hijos. L&rsquo;entreprise est dirig\u00e9e par la deuxi\u00e8me g\u00e9n\u00e9ration de la famille fondatrice, qui continue d&rsquo;en assurer la croissance en s&rsquo;appuyant sur les <strong>valeurs de tradition, d&rsquo;innovation, de confiance et de qualit\u00e9.<\/strong> Forte d&rsquo;une pr\u00e9sence internationale marqu\u00e9e, l&rsquo;entreprise s&rsquo;est impos\u00e9e comme un acteur majeur du secteur et a renforc\u00e9 son implication au sein du Consorcio ces derni\u00e8res ann\u00e9es.<\/div>\n<\/div>\n<p>[\/vc_column_text][\/vc_column][vc_column width=\u00a0\u00bb1\/3&Prime; el_class=\u00a0\u00bbpanel-special-content\u00a0\u00bb][vc_column_text]<\/p>\n<div class=\"equipo-texto-imagen\">\n<div class=\"image-consorcio-equipo\"><img loading=\"lazy\" decoding=\"async\" src=\"http:\/\/consorcioserrano.es\/wp-content\/uploads\/2017\/10\/s-60.png\" alt=\"\" width=\"60\" height=\"60\" \/><\/div>\n<div class=\"text-consorcio-equipo\">\n<h3><\/h3>\n<h3><strong>Pedro Rodriguez Mar\u00edn<\/strong><\/h3>\n<h3><span style=\"color: #e82f37;\">Coordinateur g\u00e9n\u00e9ral et directeur technique<\/span><\/h3>\n<p>Baccalaur\u00e9at en pharmacie, rejoint le Consorcio Jam\u00f3n Serrano en 1990, o\u00f9 il supervise aussi bien le proc\u00e9d\u00e9 de garantie de la qualit\u00e9 et de certification que les relations avec les associ\u00e9s. Il est actuellement un \u00e9l\u00e9ment-cl\u00e9 chez Consorcio gr\u00e2ce \u00e0 ses grandes connaissances du secteur et pour avoir \u00e9t\u00e9 responsable de l\u2019implantation de la premi\u00e8re norme de qualit\u00e9 du jambon serrano pour l\u2019exportation hors de nos fronti\u00e8res.<\/p><\/div>\n<\/div>\n<p>[\/vc_column_text][\/vc_column][\/vc_row][vc_row][vc_column width=\u00a0\u00bb1\/3&Prime; el_class=\u00a0\u00bbpanel-special-content\u00a0\u00bb][vc_column_text]<\/p>\n<div class=\"equipo-texto-imagen\">\n<div class=\"image-consorcio-equipo\"><img loading=\"lazy\" decoding=\"async\" src=\"http:\/\/consorcioserrano.es\/wp-content\/uploads\/2017\/10\/s-60.png\" alt=\"\" width=\"60\" height=\"60\" \/><\/div>\n<div class=\"text-consorcio-equipo\">\n<h3><\/h3>\n<h3><strong>\u00c1lvaro D\u00edaz de Lia\u00f1o L\u00f3pez<\/strong><\/h3>\n<h3><span style=\"color: #e82f37;\">Directeur marketing et promotion<\/span><\/h3>\n<p>Dipl\u00f4m\u00e9 en \u00c9conomie, int\u00e8gre Consorcio en tant que Directeur marketing et promotion. Il a d\u00e9velopp\u00e9 sa carri\u00e8re professionnelle comme Export Manager dans le secteur du vin, consultant en internationalisation et conseiller de grands groupes d\u2019achat et poss\u00e8de un niveau de connaissance tr\u00e8s \u00e9lev\u00e9 des march\u00e9s internationaux.<\/p><\/div>\n<\/div>\n<p>[\/vc_column_text][\/vc_column][vc_column width=\u00a0\u00bb1\/3&Prime; el_class=\u00a0\u00bbpanel-special-content\u00a0\u00bb][vc_column_text]<\/p>\n<div class=\"equipo-texto-imagen\">\n<div class=\"image-consorcio-equipo\"><img loading=\"lazy\" decoding=\"async\" src=\"http:\/\/consorcioserrano.es\/wp-content\/uploads\/2017\/10\/s-60.png\" alt=\"\" width=\"60\" height=\"60\" \/><\/div>\n<div class=\"text-consorcio-equipo\">\n<h3><\/h3>\n<h3><strong>Juan Carlos Valenciano<\/strong><\/h3>\n<h3><span style=\"color: #e82f37;\">Responsable Qualit\u00e9<\/span><\/h3>\n<p>Avec plus de 20 ans d&rsquo;exp\u00e9rience dans l&rsquo;\u00e9quipe du Consorcio del Jam\u00f3n Serrano Espa\u00f1ol, il est un acteur cl\u00e9 de l&rsquo;association. Il assume la responsabilit\u00e9 que tous les morceaux de jambon de Consorcio Serrano se conforment aux r\u00e8glements de qualit\u00e9 \u00e9tablis par l&rsquo;entit\u00e9.<\/p><\/div>\n<\/div>\n<p>[\/vc_column_text][\/vc_column][vc_column width=\u00a0\u00bb1\/3&Prime;][vc_column_text]<\/p>\n<div class=\"equipo-texto-imagen\">\n<div class=\"image-consorcio-equipo\"><img loading=\"lazy\" decoding=\"async\" src=\"http:\/\/consorcioserrano.es\/wp-content\/uploads\/2017\/10\/s-60.png\" alt=\"\" width=\"60\" height=\"60\" \/><\/div>\n<div class=\"text-consorcio-equipo\">\n<h3><\/h3>\n<h3><strong>\u00c1ngeles de Luis<\/strong><\/h3>\n<h3><span style=\"color: #e82f37;\">Secr\u00e9taire de direction<\/span><\/h3>\n<p>Elle a commenc\u00e9 son parcours professionnel au sein de Consorcio del Jam\u00f3n Serrano Espa\u00f1ol en 2012, o\u00f9 elle apporte son exp\u00e9rience pr\u00e9alable au d\u00e9partement de direction comme Assistance de direction dans des entreprises de grande distribution comme Leroy Merlin.<\/p><\/div>\n<\/div>\n<p>[\/vc_column_text][\/vc_column][\/vc_row][vc_row][vc_column]\n<div id=\"ersspace-1\"><\/div><style type=\"text\/css\">#ersspace-1 { height: 80px; }<\/style>[\/vc_column][\/vc_row]<\/p>\n<\/div>","protected":false},"excerpt":{"rendered":"<p>[vc_row full_width=\u00a0\u00bbstretch_row\u00a0\u00bb css=\u00a0\u00bb.vc_custom_1509111352335{background-color: #161616 !important;}\u00a0\u00bb el_class=\u00a0\u00bbno-padding-top six-columns\u00a0\u00bb][vc_column width=\u00a0\u00bb1\/6&Prime; offset=\u00a0\u00bbvc_hidden-md vc_hidden-sm vc_hidden-xs\u00a0\u00bb][\/vc_column][vc_column offset=\u00a0\u00bbvc_col-lg-2 vc_col-md-3&Prime; el_class=\u00a0\u00bbno-lateral-padding\u00a0\u00bb][\/vc_column][vc_column offset=\u00a0\u00bbvc_col-lg-2 vc_col-md-3&Prime; el_class=\u00a0\u00bbno-lateral-padding\u00a0\u00bb][\/vc_column][vc_column offset=\u00a0\u00bbvc_col-lg-2 vc_col-md-3&Prime; el_class=\u00a0\u00bbno-lateral-padding\u00a0\u00bb][\/vc_column][vc_column offset=\u00a0\u00bbvc_col-lg-2 vc_col-md-3&Prime; el_class=\u00a0\u00bbno-lateral-padding\u00a0\u00bb][\/vc_column][vc_column width=\u00a0\u00bb1\/6&Prime; offset=\u00a0\u00bbvc_hidden-md vc_hidden-sm\u00a0\u00bb][\/vc_column][\/vc_row][vc_row][vc_column<span class=\"excerpt-hellip\"> [\u2026]<\/span><\/p>\n","protected":false},"author":1,"featured_media":-1,"parent":3125,"menu_order":0,"comment_status":"closed","ping_status":"closed","template":"","meta":{"_acf_changed":false,"footnotes":""},"class_list":["post-3130","page","type-page","status-publish","has-post-thumbnail","hentry","sections_group lang-fr"],"yoast_head":"<!-- This site is optimized with the Yoast SEO plugin v27.2 - https:\/\/yoast.com\/product\/yoast-seo-wordpress\/ -->\n<title>L\u2019\u00e9quipe - Consorcio Jambon Serrano<\/title>\n<meta name=\"description\" content=\"Association des meilleures marques de jambon Serrano: le ConsorcioSerrano. Garantie du meilleur jambon cru espagnol\" \/>\n<meta name=\"robots\" content=\"index, follow, max-snippet:-1, max-image-preview:large, max-video-preview:-1\" \/>\n<link rel=\"canonical\" href=\"https:\/\/consorcioserrano.es\/fr\/qui-sommes-nous\/lequipe-2\/\" \/>\n<meta property=\"og:locale\" content=\"fr_FR\" \/>\n<meta property=\"og:type\" content=\"article\" \/>\n<meta property=\"og:title\" content=\"L\u2019\u00e9quipe - Consorcio Jambon Serrano\" \/>\n<meta property=\"og:description\" content=\"Association des meilleures marques de jambon Serrano: le ConsorcioSerrano. Garantie du meilleur jambon cru espagnol\" \/>\n<meta property=\"og:url\" content=\"https:\/\/consorcioserrano.es\/fr\/qui-sommes-nous\/lequipe-2\/\" \/>\n<meta property=\"og:site_name\" content=\"Consorcio del Jam\u00f3n Serrano\" \/>\n<meta property=\"article:modified_time\" content=\"2026-04-08T08:16:52+00:00\" \/>\n<meta property=\"og:image\" content=\"http:\/\/consorcioserrano.es\/wp-content\/uploads\/2017\/11\/social-consorcio-serrano.jpg\" \/>\n<meta name=\"twitter:card\" content=\"summary_large_image\" \/>\n<meta name=\"twitter:label1\" content=\"Dur\u00e9e de lecture estim\u00e9e\" \/>\n\t<meta name=\"twitter:data1\" content=\"5 minutes\" \/>\n<script type=\"application\/ld+json\" class=\"yoast-schema-graph\">{\"@context\":\"https:\/\/schema.org\",\"@graph\":[{\"@type\":\"WebPage\",\"@id\":\"https:\/\/consorcioserrano.es\/fr\/qui-sommes-nous\/lequipe-2\/\",\"url\":\"https:\/\/consorcioserrano.es\/fr\/qui-sommes-nous\/lequipe-2\/\",\"name\":\"L\u2019\u00e9quipe - Consorcio Jambon Serrano\",\"isPartOf\":{\"@id\":\"https:\/\/consorcioserrano.es\/#website\"},\"primaryImageOfPage\":{\"@id\":\"https:\/\/consorcioserrano.es\/fr\/qui-sommes-nous\/lequipe-2\/#primaryimage\"},\"image\":{\"@id\":\"https:\/\/consorcioserrano.es\/fr\/qui-sommes-nous\/lequipe-2\/#primaryimage\"},\"thumbnailUrl\":\"http:\/\/consorcioserrano.es\/wp-content\/uploads\/2017\/10\/s-60.png\",\"datePublished\":\"2017-11-08T13:20:31+00:00\",\"dateModified\":\"2026-04-08T08:16:52+00:00\",\"description\":\"Association des meilleures marques de jambon Serrano: le ConsorcioSerrano. Garantie du meilleur jambon cru espagnol\",\"breadcrumb\":{\"@id\":\"https:\/\/consorcioserrano.es\/fr\/qui-sommes-nous\/lequipe-2\/#breadcrumb\"},\"inLanguage\":\"fr-FR\",\"potentialAction\":[{\"@type\":\"ReadAction\",\"target\":[\"https:\/\/consorcioserrano.es\/fr\/qui-sommes-nous\/lequipe-2\/\"]}]},{\"@type\":\"ImageObject\",\"inLanguage\":\"fr-FR\",\"@id\":\"https:\/\/consorcioserrano.es\/fr\/qui-sommes-nous\/lequipe-2\/#primaryimage\",\"url\":\"http:\/\/consorcioserrano.es\/wp-content\/uploads\/2017\/10\/s-60.png\",\"contentUrl\":\"http:\/\/consorcioserrano.es\/wp-content\/uploads\/2017\/10\/s-60.png\"},{\"@type\":\"BreadcrumbList\",\"@id\":\"https:\/\/consorcioserrano.es\/fr\/qui-sommes-nous\/lequipe-2\/#breadcrumb\",\"itemListElement\":[{\"@type\":\"ListItem\",\"position\":1,\"name\":\"Portada\",\"item\":\"https:\/\/consorcioserrano.es\/fr\/\"},{\"@type\":\"ListItem\",\"position\":2,\"name\":\"Qui sommes nous\",\"item\":\"https:\/\/consorcioserrano.es\/fr\/qui-sommes-nous\/\"},{\"@type\":\"ListItem\",\"position\":3,\"name\":\"L\u2019\u00e9quipe\"}]},{\"@type\":\"WebSite\",\"@id\":\"https:\/\/consorcioserrano.es\/#website\",\"url\":\"https:\/\/consorcioserrano.es\/\",\"name\":\"Consorcio del Jam\u00f3n Serrano\",\"description\":\"ConsorcioSerrano : Jambon serrano haut de gamme certifi\u00e9 - S\u00e9lection manuelle de chaque jambon espagnol - Elaboration, d\u00e9coupe, tapas espagnoles\",\"potentialAction\":[{\"@type\":\"SearchAction\",\"target\":{\"@type\":\"EntryPoint\",\"urlTemplate\":\"https:\/\/consorcioserrano.es\/?s={search_term_string}\"},\"query-input\":{\"@type\":\"PropertyValueSpecification\",\"valueRequired\":true,\"valueName\":\"search_term_string\"}}],\"inLanguage\":\"fr-FR\"}]}<\/script>\n<!-- \/ Yoast SEO plugin. -->","yoast_head_json":{"title":"L\u2019\u00e9quipe - Consorcio Jambon Serrano","description":"Association des meilleures marques de jambon Serrano: le ConsorcioSerrano. Garantie du meilleur jambon cru espagnol","robots":{"index":"index","follow":"follow","max-snippet":"max-snippet:-1","max-image-preview":"max-image-preview:large","max-video-preview":"max-video-preview:-1"},"canonical":"https:\/\/consorcioserrano.es\/fr\/qui-sommes-nous\/lequipe-2\/","og_locale":"fr_FR","og_type":"article","og_title":"L\u2019\u00e9quipe - Consorcio Jambon Serrano","og_description":"Association des meilleures marques de jambon Serrano: le ConsorcioSerrano. Garantie du meilleur jambon cru espagnol","og_url":"https:\/\/consorcioserrano.es\/fr\/qui-sommes-nous\/lequipe-2\/","og_site_name":"Consorcio del Jam\u00f3n Serrano","article_modified_time":"2026-04-08T08:16:52+00:00","og_image":[{"url":"http:\/\/consorcioserrano.es\/wp-content\/uploads\/2017\/11\/social-consorcio-serrano.jpg","type":"","width":"","height":""}],"twitter_card":"summary_large_image","twitter_misc":{"Dur\u00e9e de lecture estim\u00e9e":"5 minutes"},"schema":{"@context":"https:\/\/schema.org","@graph":[{"@type":"WebPage","@id":"https:\/\/consorcioserrano.es\/fr\/qui-sommes-nous\/lequipe-2\/","url":"https:\/\/consorcioserrano.es\/fr\/qui-sommes-nous\/lequipe-2\/","name":"L\u2019\u00e9quipe - Consorcio Jambon Serrano","isPartOf":{"@id":"https:\/\/consorcioserrano.es\/#website"},"primaryImageOfPage":{"@id":"https:\/\/consorcioserrano.es\/fr\/qui-sommes-nous\/lequipe-2\/#primaryimage"},"image":{"@id":"https:\/\/consorcioserrano.es\/fr\/qui-sommes-nous\/lequipe-2\/#primaryimage"},"thumbnailUrl":"http:\/\/consorcioserrano.es\/wp-content\/uploads\/2017\/10\/s-60.png","datePublished":"2017-11-08T13:20:31+00:00","dateModified":"2026-04-08T08:16:52+00:00","description":"Association des meilleures marques de jambon Serrano: le ConsorcioSerrano. Garantie du meilleur jambon cru espagnol","breadcrumb":{"@id":"https:\/\/consorcioserrano.es\/fr\/qui-sommes-nous\/lequipe-2\/#breadcrumb"},"inLanguage":"fr-FR","potentialAction":[{"@type":"ReadAction","target":["https:\/\/consorcioserrano.es\/fr\/qui-sommes-nous\/lequipe-2\/"]}]},{"@type":"ImageObject","inLanguage":"fr-FR","@id":"https:\/\/consorcioserrano.es\/fr\/qui-sommes-nous\/lequipe-2\/#primaryimage","url":"http:\/\/consorcioserrano.es\/wp-content\/uploads\/2017\/10\/s-60.png","contentUrl":"http:\/\/consorcioserrano.es\/wp-content\/uploads\/2017\/10\/s-60.png"},{"@type":"BreadcrumbList","@id":"https:\/\/consorcioserrano.es\/fr\/qui-sommes-nous\/lequipe-2\/#breadcrumb","itemListElement":[{"@type":"ListItem","position":1,"name":"Portada","item":"https:\/\/consorcioserrano.es\/fr\/"},{"@type":"ListItem","position":2,"name":"Qui sommes nous","item":"https:\/\/consorcioserrano.es\/fr\/qui-sommes-nous\/"},{"@type":"ListItem","position":3,"name":"L\u2019\u00e9quipe"}]},{"@type":"WebSite","@id":"https:\/\/consorcioserrano.es\/#website","url":"https:\/\/consorcioserrano.es\/","name":"Consorcio del Jam\u00f3n Serrano","description":"ConsorcioSerrano : Jambon serrano haut de gamme certifi\u00e9 - S\u00e9lection manuelle de chaque jambon espagnol - Elaboration, d\u00e9coupe, tapas espagnoles","potentialAction":[{"@type":"SearchAction","target":{"@type":"EntryPoint","urlTemplate":"https:\/\/consorcioserrano.es\/?s={search_term_string}"},"query-input":{"@type":"PropertyValueSpecification","valueRequired":true,"valueName":"search_term_string"}}],"inLanguage":"fr-FR"}]}},"acf":[],"_links":{"self":[{"href":"https:\/\/consorcioserrano.es\/fr\/wp-json\/wp\/v2\/pages\/3130","targetHints":{"allow":["GET"]}}],"collection":[{"href":"https:\/\/consorcioserrano.es\/fr\/wp-json\/wp\/v2\/pages"}],"about":[{"href":"https:\/\/consorcioserrano.es\/fr\/wp-json\/wp\/v2\/types\/page"}],"author":[{"embeddable":true,"href":"https:\/\/consorcioserrano.es\/fr\/wp-json\/wp\/v2\/users\/1"}],"replies":[{"embeddable":true,"href":"https:\/\/consorcioserrano.es\/fr\/wp-json\/wp\/v2\/comments?post=3130"}],"version-history":[{"count":3,"href":"https:\/\/consorcioserrano.es\/fr\/wp-json\/wp\/v2\/pages\/3130\/revisions"}],"predecessor-version":[{"id":30750,"href":"https:\/\/consorcioserrano.es\/fr\/wp-json\/wp\/v2\/pages\/3130\/revisions\/30750"}],"up":[{"embeddable":true,"href":"https:\/\/consorcioserrano.es\/fr\/wp-json\/wp\/v2\/pages\/3125"}],"wp:featuredmedia":[{"embeddable":true,"href":"https:\/\/consorcioserrano.es\/fr\/wp-json\/"}],"wp:attachment":[{"href":"https:\/\/consorcioserrano.es\/fr\/wp-json\/wp\/v2\/media?parent=3130"}],"curies":[{"name":"wp","href":"https:\/\/api.w.org\/{rel}","templated":true}]}}