{"id":3138,"date":"2017-11-08T14:26:13","date_gmt":"2017-11-08T13:26:13","guid":{"rendered":"http:\/\/consorcioserrano.es\/?page_id=3138"},"modified":"2025-11-27T17:27:49","modified_gmt":"2025-11-27T16:27:49","slug":"nos-associes","status":"publish","type":"page","link":"https:\/\/consorcioserrano.es\/fr\/qui-sommes-nous\/nos-associes\/","title":{"rendered":"Nos associ\u00e9s"},"content":{"rendered":"<div class=\"wpb-content-wrapper\"><p>[vc_row][vc_column el_class=\u00a0\u00bbpanel-special-content\u00a0\u00bb][vc_column_text el_class=\u00a0\u00bbvc_quote_consorcio\u00a0\u00bb]<\/p>\n<div class=\"vc_quote_consorcio_icon\"><img loading=\"lazy\" decoding=\"async\" class=\"alignnone size-full wp-image-1101\" src=\"http:\/\/consorcioserrano.es\/wp-content\/uploads\/2017\/10\/comillas-abrir-1.png\" alt=\"\" width=\"59\" height=\"53\" srcset=\"https:\/\/consorcioserrano.es\/wp-content\/uploads\/2017\/10\/comillas-abrir-1.png 59w, https:\/\/consorcioserrano.es\/wp-content\/uploads\/2017\/10\/comillas-abrir-1-50x45.png 50w\" sizes=\"auto, (max-width:767px) 59px, 59px\" \/><\/div>\n<div class=\"vc_quote_consorcio_content\">\n<h1>Nos <strong>associ\u00e9s<\/strong> <img loading=\"lazy\" decoding=\"async\" class=\"alignnone size-full wp-image-1100\" src=\"http:\/\/consorcioserrano.es\/wp-content\/uploads\/2017\/10\/comillas-cerrar-1.png\" alt=\"\" width=\"59\" height=\"53\" srcset=\"https:\/\/consorcioserrano.es\/wp-content\/uploads\/2017\/10\/comillas-cerrar-1.png 59w, https:\/\/consorcioserrano.es\/wp-content\/uploads\/2017\/10\/comillas-cerrar-1-50x45.png 50w\" sizes=\"auto, (max-width:767px) 59px, 59px\" \/><\/h1>\n<\/div>\n<p>[\/vc_column_text][\/vc_column][\/vc_row][vc_row][vc_column width=\u00a0\u00bb2\/3&Prime;][vc_column_text]<strong>Le CJSE regroupe actuellement les 18 soci\u00e9t\u00e9s les plus importantes du secteur du jambon serrano espagnol<\/strong>. Toutes les entreprises sont <strong>avalis\u00e9es \u00e0 l&rsquo;\u00e9tranger par le label de qualit\u00e9 \u00ab\u00a0Consorcio Serrano\u00a0\u00bb<\/strong>, qui accompagne les pi\u00e8ces destin\u00e9es \u00e0 l&rsquo;export.<\/p>\n<p>Voici les entreprises qui forment notre Consorcio: <a href=\"http:\/\/consorcioserrano.es\/nuestros-asociados\/consorcio-serrano-asociados.pdf\" target=\"_blank\" rel=\"noopener noreferrer\">Liste des associ\u00e9s en pdf<\/a>[\/vc_column_text]\n<div id=\"ersspace-1\"><\/div><style type=\"text\/css\">#ersspace-1 { height: 40px; }<\/style>[\/vc_column][vc_column width=\u00a0\u00bb1\/3&Prime;][\/vc_column][\/vc_row][vc_row][vc_column width=\u00a0\u00bb1\/6&Prime;][vc_single_image image=\u00a0\u00bb9459&Prime; img_size=\u00a0\u00bbfull\u00a0\u00bb onclick=\u00a0\u00bbcustom_link\u00a0\u00bb link=\u00a0\u00bbhttps:\/\/consorcioserrano.es\/fr\/qui-sommes-nous\/nos-associes\/argal-alimentacion\/\u00a0\u00bb][\/vc_column][vc_column width=\u00a0\u00bb1\/6&Prime;][vc_single_image image=\u00a0\u00bb9505&Prime; img_size=\u00a0\u00bbfull\u00a0\u00bb onclick=\u00a0\u00bbcustom_link\u00a0\u00bb link=\u00a0\u00bbhttps:\/\/consorcioserrano.es\/fr\/qui-sommes-nous\/nos-associes\/embutidos-y-jamones-espana-e-hijos-s-a\/\u00a0\u00bb][\/vc_column][vc_column width=\u00a0\u00bb1\/6&Prime;][vc_single_image image=\u00a0\u00bb9451&Prime; img_size=\u00a0\u00bbfull\u00a0\u00bb onclick=\u00a0\u00bbcustom_link\u00a0\u00bb link=\u00a0\u00bbhttps:\/\/consorcioserrano.es\/fr\/qui-sommes-nous\/nos-associes\/nico-jamones-s-l\/\u00a0\u00bb][\/vc_column][vc_column width=\u00a0\u00bb1\/6&Prime;][vc_single_image image=\u00a0\u00bb9501&Prime; img_size=\u00a0\u00bbfull\u00a0\u00bb onclick=\u00a0\u00bbcustom_link\u00a0\u00bb link=\u00a0\u00bbhttps:\/\/consorcioserrano.es\/fr\/qui-sommes-nous\/nos-associes\/jamones-arroyo-s-l\/\u00a0\u00bb][\/vc_column][vc_column width=\u00a0\u00bb1\/6&Prime;][vc_single_image image=\u00a0\u00bb9437&Prime; img_size=\u00a0\u00bbfull\u00a0\u00bb onclick=\u00a0\u00bbcustom_link\u00a0\u00bb link=\u00a0\u00bbhttps:\/\/consorcioserrano.es\/fr\/qui-sommes-nous\/nos-associes\/noel-alimentaria-s-u\/\u00a0\u00bb][\/vc_column][\/vc_row][vc_row][vc_column width=\u00a0\u00bb1\/6&Prime;][vc_single_image image=\u00a0\u00bb16133&Prime; img_size=\u00a0\u00bbfull\u00a0\u00bb onclick=\u00a0\u00bbcustom_link\u00a0\u00bb link=\u00a0\u00bbhttps:\/\/consorcioserrano.es\/fr\/qui-sommes-nous\/nos-associes\/jamones-duriber-s-l-u\/\u00a0\u00bb][\/vc_column][vc_column width=\u00a0\u00bb1\/6&Prime;][vc_single_image image=\u00a0\u00bb9692&Prime; img_size=\u00a0\u00bbfull\u00a0\u00bb onclick=\u00a0\u00bbcustom_link\u00a0\u00bb link=\u00a0\u00bbhttps:\/\/consorcioserrano.es\/fr\/qui-sommes-nous\/nos-associes\/pere-porxas-pairo-s-l\/\u00a0\u00bb][\/vc_column][vc_column width=\u00a0\u00bb1\/6&Prime;][vc_single_image image=\u00a0\u00bb13225&Prime; img_size=\u00a0\u00bbfull\u00a0\u00bb onclick=\u00a0\u00bbcustom_link\u00a0\u00bb link=\u00a0\u00bbhttps:\/\/consorcioserrano.es\/fr\/qui-sommes-nous\/nos-associes\/boadas-1880-s-a\/\u00a0\u00bb][\/vc_column][vc_column width=\u00a0\u00bb1\/6&Prime;][vc_single_image image=\u00a0\u00bb30196&Prime; img_size=\u00a0\u00bbfull\u00a0\u00bb onclick=\u00a0\u00bbcustom_link\u00a0\u00bb css=\u00a0\u00bb\u00a0\u00bb link=\u00a0\u00bbhttps:\/\/consorcioserrano.es\/fr\/qui-sommes-nous\/nos-associes\/rafael-baro-s-a\/\u00a0\u00bb][\/vc_column][vc_column width=\u00a0\u00bb1\/6&Prime;][vc_single_image image=\u00a0\u00bb20796&Prime; img_size=\u00a0\u00bbfull\u00a0\u00bb onclick=\u00a0\u00bbcustom_link\u00a0\u00bb link=\u00a0\u00bbhttps:\/\/consorcioserrano.es\/fr\/qui-sommes-nous\/nos-associes\/elpozo-alimentacion-s\/\u00a0\u00bb][\/vc_column][\/vc_row][vc_row][vc_column width=\u00a0\u00bb1\/6&Prime;][vc_single_image image=\u00a0\u00bb9471&Prime; img_size=\u00a0\u00bbfull\u00a0\u00bb onclick=\u00a0\u00bbcustom_link\u00a0\u00bb link=\u00a0\u00bbhttps:\/\/consorcioserrano.es\/fr\/qui-sommes-nous\/nos-associes\/campofrio-food-group-s-a\/\u00a0\u00bb][\/vc_column][vc_column width=\u00a0\u00bb1\/6&Prime;][vc_single_image image=\u00a0\u00bb12949&Prime; img_size=\u00a0\u00bbfull\u00a0\u00bb onclick=\u00a0\u00bbcustom_link\u00a0\u00bb link=\u00a0\u00bbhttps:\/\/consorcioserrano.es\/fr\/qui-sommes-nous\/nos-associes\/industrias-carnicas-loriente-piqueras-s-a\/\u00a0\u00bb][\/vc_column][vc_column width=\u00a0\u00bb1\/6&Prime;][vc_single_image image=\u00a0\u00bb9475&Prime; img_size=\u00a0\u00bbfull\u00a0\u00bb onclick=\u00a0\u00bbcustom_link\u00a0\u00bb link=\u00a0\u00bbhttps:\/\/consorcioserrano.es\/fr\/qui-sommes-nous\/nos-associes\/far-jamon-serrano-s-a\/\u00a0\u00bb][\/vc_column][vc_column width=\u00a0\u00bb1\/6&Prime;][vc_single_image image=\u00a0\u00bb9479&Prime; img_size=\u00a0\u00bbfull\u00a0\u00bb onclick=\u00a0\u00bbcustom_link\u00a0\u00bb link=\u00a0\u00bbhttps:\/\/consorcioserrano.es\/fr\/qui-sommes-nous\/nos-associes\/bell-espana-alimentacion\/\u00a0\u00bb][\/vc_column][vc_column width=\u00a0\u00bb1\/6&Prime;][\/vc_column][\/vc_row][vc_row][vc_column width=\u00a0\u00bb1\/6&Prime;][vc_single_image image=\u00a0\u00bb9686&Prime; img_size=\u00a0\u00bbfull\u00a0\u00bb onclick=\u00a0\u00bbcustom_link\u00a0\u00bb link=\u00a0\u00bbhttps:\/\/consorcioserrano.es\/fr\/qui-sommes-nous\/nos-associes\/carnicas-serrano-s-l\/\u00a0\u00bb][\/vc_column][vc_column width=\u00a0\u00bb1\/6&Prime;][vc_single_image image=\u00a0\u00bb10368&Prime; img_size=\u00a0\u00bbfull\u00a0\u00bb onclick=\u00a0\u00bbcustom_link\u00a0\u00bb link=\u00a0\u00bbhttps:\/\/consorcioserrano.es\/fr\/qui-sommes-nous\/nos-associes\/grupo-empresarial-costa-s-l\/\u00a0\u00bb][\/vc_column][vc_column width=\u00a0\u00bb1\/6&Prime;][vc_single_image image=\u00a0\u00bb9685&Prime; img_size=\u00a0\u00bbfull\u00a0\u00bb onclick=\u00a0\u00bbcustom_link\u00a0\u00bb link=\u00a0\u00bbhttps:\/\/consorcioserrano.es\/fr\/qui-sommes-nous\/nos-associes\/hijo-de-jose-martinez-somalo-s-l\/\u00a0\u00bb][\/vc_column][vc_column width=\u00a0\u00bb1\/6&Prime;][vc_single_image image=\u00a0\u00bb9682&Prime; img_size=\u00a0\u00bbfull\u00a0\u00bb onclick=\u00a0\u00bbcustom_link\u00a0\u00bb link=\u00a0\u00bbhttps:\/\/consorcioserrano.es\/fr\/qui-sommes-nous\/nos-associes\/industrias-carnicas-tello-s-a\/\u00a0\u00bb][\/vc_column][vc_column width=\u00a0\u00bb1\/6&Prime;][\/vc_column][\/vc_row][vc_row][vc_column width=\u00a0\u00bb1\/6&Prime;][\/vc_column][vc_column width=\u00a0\u00bb1\/6&Prime; el_class=\u00a0\u00bbdisabled\u00a0\u00bb][vc_single_image image=\u00a0\u00bb9446&Prime; img_size=\u00a0\u00bbfull\u00a0\u00bb onclick=\u00a0\u00bbcustom_link\u00a0\u00bb link=\u00a0\u00bbhttps:\/\/consorcioserrano.es\/fr\/qui-sommes-nous\/nos-associes\/embutidos-rodriguez\/\u00a0\u00bb][\/vc_column][vc_column width=\u00a0\u00bb1\/6&Prime; el_class=\u00a0\u00bbdisabled\u00a0\u00bb][vc_single_image image=\u00a0\u00bb9691&Prime; img_size=\u00a0\u00bbfull\u00a0\u00bb onclick=\u00a0\u00bbcustom_link\u00a0\u00bb link=\u00a0\u00bbhttps:\/\/consorcioserrano.es\/fr\/qui-sommes-nous\/nos-associes\/torre-de-nunez-de-conturiz-s-l-u\/\u00a0\u00bb][\/vc_column][vc_column width=\u00a0\u00bb1\/6&Prime;][\/vc_column][vc_column width=\u00a0\u00bb1\/6&Prime;][\/vc_column][\/vc_row][vc_row disable_element=\u00a0\u00bbyes\u00a0\u00bb][vc_column width=\u00a0\u00bb1\/6&Prime;][vc_single_image image=\u00a0\u00bb9463&Prime; img_size=\u00a0\u00bbfull\u00a0\u00bb onclick=\u00a0\u00bbcustom_link\u00a0\u00bb link=\u00a0\u00bbhttps:\/\/consorcioserrano.es\/fr\/qui-sommes-nous\/nos-associes\/embutidos-caseros-collell-s-l-u\/\u00a0\u00bb][\/vc_column][vc_column width=\u00a0\u00bb1\/6&Prime;][vc_single_image image=\u00a0\u00bb8643&Prime; img_size=\u00a0\u00bbfull\u00a0\u00bb onclick=\u00a0\u00bbcustom_link\u00a0\u00bb link=\u00a0\u00bbhttps:\/\/consorcioserrano.es\/fr\/qui-sommes-nous\/nos-associes\/casademont-s-a\/\u00a0\u00bb][\/vc_column][vc_column width=\u00a0\u00bb1\/6&Prime;][vc_single_image image=\u00a0\u00bb9346&Prime; img_size=\u00a0\u00bbfull\u00a0\u00bb onclick=\u00a0\u00bbcustom_link\u00a0\u00bb link=\u00a0\u00bbhttps:\/\/consorcioserrano.es\/fr\/qui-sommes-nous\/nos-associes\/industrias-carnicas-villar-s-a\/\u00a0\u00bb][\/vc_column][vc_column width=\u00a0\u00bb1\/6&Prime;][vc_single_image image=\u00a0\u00bb9455&Prime; img_size=\u00a0\u00bbfull\u00a0\u00bb onclick=\u00a0\u00bbcustom_link\u00a0\u00bb link=\u00a0\u00bbhttps:\/\/consorcioserrano.es\/fr\/qui-sommes-nous\/nos-associes\/jamones-centelles-s-l\/\u00a0\u00bb][\/vc_column][vc_column width=\u00a0\u00bb1\/6&Prime;][vc_single_image image=\u00a0\u00bb9684&Prime; img_size=\u00a0\u00bbfull\u00a0\u00bb onclick=\u00a0\u00bbcustom_link\u00a0\u00bb link=\u00a0\u00bbhttps:\/\/consorcioserrano.es\/fr\/qui-sommes-nous\/nos-associes\/coren-s-c-g\/\u00a0\u00bb][\/vc_column][\/vc_row][vc_row][vc_column]\n<div id=\"ersspace-2\"><\/div><style type=\"text\/css\">#ersspace-2 { height: 80px; }<\/style>[\/vc_column][\/vc_row]<\/p>\n<\/div>","protected":false},"excerpt":{"rendered":"<p>[vc_row][vc_column el_class=\u00a0\u00bbpanel-special-content\u00a0\u00bb][vc_column_text el_class=\u00a0\u00bbvc_quote_consorcio\u00a0\u00bb] Nos associ\u00e9s [\/vc_column_text][\/vc_column][\/vc_row][vc_row][vc_column width=\u00a0\u00bb2\/3&Prime;][vc_column_text]Le CJSE regroupe actuellement les 18 soci\u00e9t\u00e9s les plus importantes du secteur du jambon serrano espagnol. Toutes les entreprises sont<span class=\"excerpt-hellip\"> [\u2026]<\/span><\/p>\n","protected":false},"author":1,"featured_media":-1,"parent":3125,"menu_order":0,"comment_status":"closed","ping_status":"closed","template":"","meta":{"_acf_changed":false,"footnotes":""},"class_list":["post-3138","page","type-page","status-publish","has-post-thumbnail","hentry","sections_group lang-fr"],"yoast_head":"<!-- This site is optimized with the Yoast SEO plugin v27.2 - https:\/\/yoast.com\/product\/yoast-seo-wordpress\/ -->\n<title>Nos associ\u00e9s - Consorcio Jambon Serrano<\/title>\n<meta name=\"description\" content=\"Association des meilleures marques et entreprises de jambon Serrano: le ConsorcioSerrano. Garantie du meilleur jambon cru espagnol\" \/>\n<meta name=\"robots\" content=\"index, follow, max-snippet:-1, max-image-preview:large, max-video-preview:-1\" \/>\n<link rel=\"canonical\" href=\"https:\/\/consorcioserrano.es\/fr\/qui-sommes-nous\/nos-associes\/\" \/>\n<meta property=\"og:locale\" content=\"fr_FR\" \/>\n<meta property=\"og:type\" content=\"article\" \/>\n<meta property=\"og:title\" content=\"Nos associ\u00e9s - Consorcio Jambon Serrano\" \/>\n<meta property=\"og:description\" content=\"Association des meilleures marques et entreprises de jambon Serrano: le ConsorcioSerrano. Garantie du meilleur jambon cru espagnol\" \/>\n<meta property=\"og:url\" content=\"https:\/\/consorcioserrano.es\/fr\/qui-sommes-nous\/nos-associes\/\" \/>\n<meta property=\"og:site_name\" content=\"Consorcio del Jam\u00f3n Serrano\" \/>\n<meta property=\"article:modified_time\" content=\"2025-11-27T16:27:49+00:00\" \/>\n<meta property=\"og:image\" content=\"http:\/\/consorcioserrano.es\/wp-content\/uploads\/2017\/12\/asociados-consorcio-jamon-serrano-logos.jpg\" \/>\n<meta name=\"twitter:card\" content=\"summary_large_image\" \/>\n<meta name=\"twitter:label1\" content=\"Dur\u00e9e de lecture estim\u00e9e\" \/>\n\t<meta name=\"twitter:data1\" content=\"2 minutes\" \/>\n<script type=\"application\/ld+json\" class=\"yoast-schema-graph\">{\"@context\":\"https:\/\/schema.org\",\"@graph\":[{\"@type\":\"WebPage\",\"@id\":\"https:\/\/consorcioserrano.es\/fr\/qui-sommes-nous\/nos-associes\/\",\"url\":\"https:\/\/consorcioserrano.es\/fr\/qui-sommes-nous\/nos-associes\/\",\"name\":\"Nos associ\u00e9s - Consorcio Jambon Serrano\",\"isPartOf\":{\"@id\":\"https:\/\/consorcioserrano.es\/#website\"},\"primaryImageOfPage\":{\"@id\":\"https:\/\/consorcioserrano.es\/fr\/qui-sommes-nous\/nos-associes\/#primaryimage\"},\"image\":{\"@id\":\"https:\/\/consorcioserrano.es\/fr\/qui-sommes-nous\/nos-associes\/#primaryimage\"},\"thumbnailUrl\":\"http:\/\/consorcioserrano.es\/wp-content\/uploads\/2017\/10\/comillas-abrir-1.png\",\"datePublished\":\"2017-11-08T13:26:13+00:00\",\"dateModified\":\"2025-11-27T16:27:49+00:00\",\"description\":\"Association des meilleures marques et entreprises de jambon Serrano: le ConsorcioSerrano. Garantie du meilleur jambon cru espagnol\",\"breadcrumb\":{\"@id\":\"https:\/\/consorcioserrano.es\/fr\/qui-sommes-nous\/nos-associes\/#breadcrumb\"},\"inLanguage\":\"fr-FR\",\"potentialAction\":[{\"@type\":\"ReadAction\",\"target\":[\"https:\/\/consorcioserrano.es\/fr\/qui-sommes-nous\/nos-associes\/\"]}]},{\"@type\":\"ImageObject\",\"inLanguage\":\"fr-FR\",\"@id\":\"https:\/\/consorcioserrano.es\/fr\/qui-sommes-nous\/nos-associes\/#primaryimage\",\"url\":\"http:\/\/consorcioserrano.es\/wp-content\/uploads\/2017\/10\/comillas-abrir-1.png\",\"contentUrl\":\"http:\/\/consorcioserrano.es\/wp-content\/uploads\/2017\/10\/comillas-abrir-1.png\"},{\"@type\":\"BreadcrumbList\",\"@id\":\"https:\/\/consorcioserrano.es\/fr\/qui-sommes-nous\/nos-associes\/#breadcrumb\",\"itemListElement\":[{\"@type\":\"ListItem\",\"position\":1,\"name\":\"Portada\",\"item\":\"https:\/\/consorcioserrano.es\/fr\/\"},{\"@type\":\"ListItem\",\"position\":2,\"name\":\"Qui sommes nous\",\"item\":\"https:\/\/consorcioserrano.es\/fr\/qui-sommes-nous\/\"},{\"@type\":\"ListItem\",\"position\":3,\"name\":\"Nos associ\u00e9s\"}]},{\"@type\":\"WebSite\",\"@id\":\"https:\/\/consorcioserrano.es\/#website\",\"url\":\"https:\/\/consorcioserrano.es\/\",\"name\":\"Consorcio del Jam\u00f3n Serrano\",\"description\":\"ConsorcioSerrano : Jambon serrano haut de gamme certifi\u00e9 - S\u00e9lection manuelle de chaque jambon espagnol - Elaboration, d\u00e9coupe, tapas espagnoles\",\"potentialAction\":[{\"@type\":\"SearchAction\",\"target\":{\"@type\":\"EntryPoint\",\"urlTemplate\":\"https:\/\/consorcioserrano.es\/?s={search_term_string}\"},\"query-input\":{\"@type\":\"PropertyValueSpecification\",\"valueRequired\":true,\"valueName\":\"search_term_string\"}}],\"inLanguage\":\"fr-FR\"}]}<\/script>\n<!-- \/ Yoast SEO plugin. -->","yoast_head_json":{"title":"Nos associ\u00e9s - Consorcio Jambon Serrano","description":"Association des meilleures marques et entreprises de jambon Serrano: le ConsorcioSerrano. Garantie du meilleur jambon cru espagnol","robots":{"index":"index","follow":"follow","max-snippet":"max-snippet:-1","max-image-preview":"max-image-preview:large","max-video-preview":"max-video-preview:-1"},"canonical":"https:\/\/consorcioserrano.es\/fr\/qui-sommes-nous\/nos-associes\/","og_locale":"fr_FR","og_type":"article","og_title":"Nos associ\u00e9s - Consorcio Jambon Serrano","og_description":"Association des meilleures marques et entreprises de jambon Serrano: le ConsorcioSerrano. Garantie du meilleur jambon cru espagnol","og_url":"https:\/\/consorcioserrano.es\/fr\/qui-sommes-nous\/nos-associes\/","og_site_name":"Consorcio del Jam\u00f3n Serrano","article_modified_time":"2025-11-27T16:27:49+00:00","og_image":[{"url":"http:\/\/consorcioserrano.es\/wp-content\/uploads\/2017\/12\/asociados-consorcio-jamon-serrano-logos.jpg","type":"","width":"","height":""}],"twitter_card":"summary_large_image","twitter_misc":{"Dur\u00e9e de lecture estim\u00e9e":"2 minutes"},"schema":{"@context":"https:\/\/schema.org","@graph":[{"@type":"WebPage","@id":"https:\/\/consorcioserrano.es\/fr\/qui-sommes-nous\/nos-associes\/","url":"https:\/\/consorcioserrano.es\/fr\/qui-sommes-nous\/nos-associes\/","name":"Nos associ\u00e9s - Consorcio Jambon Serrano","isPartOf":{"@id":"https:\/\/consorcioserrano.es\/#website"},"primaryImageOfPage":{"@id":"https:\/\/consorcioserrano.es\/fr\/qui-sommes-nous\/nos-associes\/#primaryimage"},"image":{"@id":"https:\/\/consorcioserrano.es\/fr\/qui-sommes-nous\/nos-associes\/#primaryimage"},"thumbnailUrl":"http:\/\/consorcioserrano.es\/wp-content\/uploads\/2017\/10\/comillas-abrir-1.png","datePublished":"2017-11-08T13:26:13+00:00","dateModified":"2025-11-27T16:27:49+00:00","description":"Association des meilleures marques et entreprises de jambon Serrano: le ConsorcioSerrano. Garantie du meilleur jambon cru espagnol","breadcrumb":{"@id":"https:\/\/consorcioserrano.es\/fr\/qui-sommes-nous\/nos-associes\/#breadcrumb"},"inLanguage":"fr-FR","potentialAction":[{"@type":"ReadAction","target":["https:\/\/consorcioserrano.es\/fr\/qui-sommes-nous\/nos-associes\/"]}]},{"@type":"ImageObject","inLanguage":"fr-FR","@id":"https:\/\/consorcioserrano.es\/fr\/qui-sommes-nous\/nos-associes\/#primaryimage","url":"http:\/\/consorcioserrano.es\/wp-content\/uploads\/2017\/10\/comillas-abrir-1.png","contentUrl":"http:\/\/consorcioserrano.es\/wp-content\/uploads\/2017\/10\/comillas-abrir-1.png"},{"@type":"BreadcrumbList","@id":"https:\/\/consorcioserrano.es\/fr\/qui-sommes-nous\/nos-associes\/#breadcrumb","itemListElement":[{"@type":"ListItem","position":1,"name":"Portada","item":"https:\/\/consorcioserrano.es\/fr\/"},{"@type":"ListItem","position":2,"name":"Qui sommes nous","item":"https:\/\/consorcioserrano.es\/fr\/qui-sommes-nous\/"},{"@type":"ListItem","position":3,"name":"Nos associ\u00e9s"}]},{"@type":"WebSite","@id":"https:\/\/consorcioserrano.es\/#website","url":"https:\/\/consorcioserrano.es\/","name":"Consorcio del Jam\u00f3n Serrano","description":"ConsorcioSerrano : Jambon serrano haut de gamme certifi\u00e9 - S\u00e9lection manuelle de chaque jambon espagnol - Elaboration, d\u00e9coupe, tapas espagnoles","potentialAction":[{"@type":"SearchAction","target":{"@type":"EntryPoint","urlTemplate":"https:\/\/consorcioserrano.es\/?s={search_term_string}"},"query-input":{"@type":"PropertyValueSpecification","valueRequired":true,"valueName":"search_term_string"}}],"inLanguage":"fr-FR"}]}},"acf":[],"_links":{"self":[{"href":"https:\/\/consorcioserrano.es\/fr\/wp-json\/wp\/v2\/pages\/3138","targetHints":{"allow":["GET"]}}],"collection":[{"href":"https:\/\/consorcioserrano.es\/fr\/wp-json\/wp\/v2\/pages"}],"about":[{"href":"https:\/\/consorcioserrano.es\/fr\/wp-json\/wp\/v2\/types\/page"}],"author":[{"embeddable":true,"href":"https:\/\/consorcioserrano.es\/fr\/wp-json\/wp\/v2\/users\/1"}],"replies":[{"embeddable":true,"href":"https:\/\/consorcioserrano.es\/fr\/wp-json\/wp\/v2\/comments?post=3138"}],"version-history":[{"count":3,"href":"https:\/\/consorcioserrano.es\/fr\/wp-json\/wp\/v2\/pages\/3138\/revisions"}],"predecessor-version":[{"id":30209,"href":"https:\/\/consorcioserrano.es\/fr\/wp-json\/wp\/v2\/pages\/3138\/revisions\/30209"}],"up":[{"embeddable":true,"href":"https:\/\/consorcioserrano.es\/fr\/wp-json\/wp\/v2\/pages\/3125"}],"wp:featuredmedia":[{"embeddable":true,"href":"https:\/\/consorcioserrano.es\/fr\/wp-json\/"}],"wp:attachment":[{"href":"https:\/\/consorcioserrano.es\/fr\/wp-json\/wp\/v2\/media?parent=3138"}],"curies":[{"name":"wp","href":"https:\/\/api.w.org\/{rel}","templated":true}]}}