{"id":3148,"date":"2017-11-08T15:37:24","date_gmt":"2017-11-08T14:37:24","guid":{"rendered":"http:\/\/consorcioserrano.es\/?page_id=3148"},"modified":"2019-08-05T09:24:30","modified_gmt":"2019-08-05T08:24:30","slug":"domaines-professionnels","status":"publish","type":"page","link":"https:\/\/consorcioserrano.es\/fr\/domaines-professionnels\/","title":{"rendered":"Domaines Professionnels"},"content":{"rendered":"<div class=\"wpb-content-wrapper\"><p>[vc_row full_width=\u00a0\u00bbstretch_row_content_no_spaces\u00a0\u00bb css=\u00a0\u00bb.vc_custom_1510131529958{background-image: url(http:\/\/consorcioserrano.es\/wp-content\/uploads\/2017\/11\/area-profesionales-consorcio-jamon-serrano.jpg?id=2905) !important;background-position: center !important;background-repeat: no-repeat !important;background-size: cover !important;}\u00a0\u00bb][vc_column]\n<div id=\"ersspace-1\"><\/div><style type=\"text\/css\">#ersspace-1 { height: 320px; }<\/style>[\/vc_column][\/vc_row][vc_row el_class=\u00a0\u00bbcolumn-special-one\u00a0\u00bb][vc_column width=\u00a0\u00bb2\/3&Prime; el_class=\u00a0\u00bbpanel-special-content\u00a0\u00bb][vc_row_inner][vc_column_inner][vc_column_text el_class=\u00a0\u00bbvc_quote_consorcio\u00a0\u00bb]<\/p>\n<div class=\"vc_quote_consorcio_icon\"><img loading=\"lazy\" decoding=\"async\" class=\"alignnone size-full wp-image-1101\" src=\"http:\/\/consorcioserrano.es\/wp-content\/uploads\/2017\/10\/comillas-abrir-1.png\" alt=\"\" width=\"59\" height=\"53\" srcset=\"https:\/\/consorcioserrano.es\/wp-content\/uploads\/2017\/10\/comillas-abrir-1.png 59w, https:\/\/consorcioserrano.es\/wp-content\/uploads\/2017\/10\/comillas-abrir-1-50x45.png 50w\" sizes=\"auto, (max-width:767px) 59px, 59px\" \/><\/div>\n<div class=\"vc_quote_consorcio_content\">\n<h1>Domaines <strong>Professionnels<\/strong>\u00a0<img loading=\"lazy\" decoding=\"async\" class=\"alignnone size-full wp-image-1100\" src=\"http:\/\/consorcioserrano.es\/wp-content\/uploads\/2017\/10\/comillas-cerrar-1.png\" alt=\"\" width=\"59\" height=\"53\" srcset=\"https:\/\/consorcioserrano.es\/wp-content\/uploads\/2017\/10\/comillas-cerrar-1.png 59w, https:\/\/consorcioserrano.es\/wp-content\/uploads\/2017\/10\/comillas-cerrar-1-50x45.png 50w\" sizes=\"auto, (max-width:767px) 59px, 59px\" \/><\/h1>\n<\/div>\n<p>[\/vc_column_text][\/vc_column_inner][\/vc_row_inner][vc_row_inner][vc_column_inner][vc_column_text]<\/p>\n<h3><strong><span style=\"color: #e82f37;\">Pour importateurs et distributeurs<\/span><\/strong><\/h3>\n<p>[\/vc_column_text][\/vc_column_inner][\/vc_row_inner][vc_row_inner][vc_column_inner width=\u00a0\u00bb1\/2&Prime;][vc_column_text]Le Consorcio del Jam\u00f3n Serrano Espa\u00f1ol repr\u00e9sente les principales marques espagnoles, en garantissant \u00e0 travers ses contr\u00f4les de qualit\u00e9 et sa certification la qualit\u00e9 et l\u2019authenticit\u00e9 de chaque pi\u00e8ce.<\/p>\n<p>Si cela vous int\u00e9resse d\u2019importer du jambon serrano espagnol et\/ou de conna\u00eetre nos proc\u00e9d\u00e9s de certification, vous pouvez contacter le Consorcio \u00e0 travers notre <a href=\"https:\/\/consorcioserrano.es\/fr\/contactez-nous\/\" target=\"_blank\" rel=\"noopener\">formulaire de contact<\/a>.[\/vc_column_text][vc_empty_space height=\u00a0\u00bb15px\u00a0\u00bb][\/vc_column_inner][vc_column_inner width=\u00a0\u00bb1\/2&Prime;][vc_column_text]De plus, sur le lien suivant vous pourrez trouver la liste de nos associ\u00e9s avec l\u2019information de contact de chacun d\u2019entre eux : <a href=\"https:\/\/consorcioserrano.es\/fr\/qui-sommes-nous\/nos-associes\/\" target=\"_blank\" rel=\"noopener\">Associ\u00e9s CJSE<\/a>.[\/vc_column_text][\/vc_column_inner][\/vc_row_inner][vc_row_inner][vc_column_inner][vc_column_text]<\/p>\n<h3><strong><span style=\"color: #e82f37;\">Sur le Contr\u00f4le et la Certification<\/span><\/strong><\/h3>\n<p>[\/vc_column_text][\/vc_column_inner][\/vc_row_inner][vc_row_inner][vc_column_inner width=\u00a0\u00bb1\/2&Prime;][vc_column_text]Le Consorcio del Jam\u00f3n Serrano Espa\u00f1ol est la seule association espagnole \u00e0 garantir un produit de qualit\u00e9, \u00e9labor\u00e9 selon une norme de contr\u00f4le de qualit\u00e9 contr\u00f4l\u00e9e et avec une s\u00e9lection finale pi\u00e8ce par pi\u00e8ce.<\/p>\n<p>Tous les jambons serrano Consorcio Serrano sont identifi\u00e9s par le Label de qualit\u00e9. Ce label est distinctif et garantit que la pi\u00e8ce a \u00e9t\u00e9 \u00e9labor\u00e9e selon les exigences des normes de qualit\u00e9 de l\u2019association et qu\u2019elle a r\u00e9ussi \u00e0 passer les contr\u00f4les rigoureux de qualit\u00e9 pour son exportation.[\/vc_column_text][\/vc_column_inner][vc_column_inner width=\u00a0\u00bb1\/2&Prime;][vc_column_text]<\/p>\n<p>Le Consorcio r\u00e9alise des audits dans les usines d\u2019\u00e9laboration attribu\u00e9es au Consorcio afin de veiller et de contr\u00f4ler tout ce qui concerne le proc\u00e9d\u00e9 d\u2019\u00e9laboration. De plus, il contr\u00f4le que toutes les pi\u00e8ces respectent un temps d\u2019affinage moyen de 12 mois, poss\u00e8dent des pertes de poids en frais sup\u00e9rieures \u00e0 34 % apr\u00e8s la perte d\u2019humidit\u00e9 lors de l\u2019affinage, et que leur contenu gras soit ad\u00e9quat, indispensable pour garantir les qualit\u00e9s organoleptiques du jambon serrano.<\/p>\n<p>Seule une production limit\u00e9e de Jambons Serranos espagnols se fait garante du Label de qualit\u00e9 Consorcio Serrano.[\/vc_column_text][\/vc_column_inner][\/vc_row_inner][vc_row_inner][vc_column_inner][vc_single_image image=\u00a0\u00bb2456&Prime; img_size=\u00a0\u00bbfull\u00a0\u00bb][\/vc_column_inner][\/vc_row_inner][vc_row_inner][vc_column_inner width=\u00a0\u00bb2\/3&Prime;][vc_column_text]<\/p>\n<table class=\"table-consorcio-2-columns\">\n<thead>\n<tr class=\"border-bottom-header\">\n<td class=\"table-column-1 headed\" colspan=\"2\"><strong>Garanties du Jambon Serrano<\/strong><\/td>\n<\/tr>\n<\/thead>\n<tbody>\n<tr class=\"border-botom\">\n<td class=\"table-column-1\">Pays d\u2019origine<\/td>\n<td class=\"table-column-2\">Espagne<\/td>\n<\/tr>\n<tr class=\"border-botom\">\n<td class=\"table-column-1\">Affinage minimum<\/td>\n<td class=\"table-column-2\">12\u00a0mois (52 semaines)<\/td>\n<\/tr>\n<tr class=\"border-botom\">\n<td class=\"table-column-1\">Certification priv\u00e9e<\/td>\n<td class=\"table-column-2\">Consorcio del Jam\u00f3n Serrano Espa\u00f1ol<\/td>\n<\/tr>\n<tr class=\"border-botom\">\n<td class=\"table-column-1\">Certification europ\u00e9enne<\/td>\n<td class=\"table-column-2\">S.T.G. \/ Serrano<\/td>\n<\/tr>\n<tr class=\"border-botom\">\n<td class=\"table-column-1\">Poids de la pi\u00e8ce (avec l\u2019os)<\/td>\n<td class=\"table-column-2\">\u00e0 partir de 6,5\u00a0kg<\/td>\n<\/tr>\n<tr class=\"border-botom\">\n<td class=\"table-column-1\">Texture, couleur et saveur<\/td>\n<td class=\"table-column-2\">Ferme, rouge, pourpre et intense.<\/td>\n<\/tr>\n<\/tbody>\n<\/table>\n<p>[\/vc_column_text][\/vc_column_inner][vc_column_inner width=\u00a0\u00bb1\/3&Prime;][\/vc_column_inner][\/vc_row_inner][vc_row_inner][vc_column_inner width=\u00a0\u00bb1\/2&Prime;][vc_column_text]<\/p>\n<h3><span style=\"color: #e82f37;\"><strong>Pour les grossistes, les d\u00e9taillants, les charcuteries et les \u00e9piceries et traiteurs.<\/strong><br \/>\n<\/span><\/h3>\n<p>Si besoin, contactez notre grossiste espagnol dans son pays, le Consorcio peut vous aider \u00e0 identifier ceux qui importent d\u00e9j\u00e0 le jambon serrano espagnol portant la garantie de notre Label de qualit\u00e9. Vous pouvez nous contacter et recevoir toute l\u2019information pr\u00e9cise concernant la distribution de jambons serranos dans les \u00e9piceries et traiteurs, les charcuteries ou chez les d\u00e9taillants. Pour toute question vous pouvez nous contacter \u00e0 travers notre formulaire de contact.[\/vc_column_text][\/vc_column_inner][vc_column_inner width=\u00a0\u00bb1\/2&Prime;][\/vc_column_inner][\/vc_row_inner][vc_row_inner][vc_column_inner][vc_column_text]<\/p>\n<h3><strong><span style=\"color: #e82f37;\">Information technique pour professionnels<\/span><\/strong><\/h3>\n<p>[\/vc_column_text][\/vc_column_inner][\/vc_row_inner][vc_row_inner][vc_column_inner width=\u00a0\u00bb1\/2&Prime;][vc_column_text]Le jambon serrano espagnol est le r\u00e9sultat d\u2019un proc\u00e9d\u00e9 qui rassemble les garanties de la mati\u00e8re premi\u00e8re s\u00e9lectionn\u00e9e et de la maturation longue et lente dans des s\u00e9choirs et des caves.[\/vc_column_text][\/vc_column_inner][vc_column_inner width=\u00a0\u00bb1\/2&Prime;][vc_column_text]<\/p>\n<p>S\u2019agissant d\u2019un produit sp\u00e9cial, il existe une s\u00e9rie d\u2019informations qui vous devez conna\u00eetre :<\/p>\n<ul>\n<li><a href=\"https:\/\/consorcioserrano.es\/fr\/jambon-consorcio-serrano\/types-de-jambon\/\" target=\"_blank\" rel=\"noopener\"><span style=\"color: #e82f37;\">Les diff\u00e9rents formats du jambon serrano <\/span><\/a><\/li>\n<li><a href=\"https:\/\/consorcioserrano.es\/fr\/jambon-consorcio-serrano\/saveur-arome-et-conservation\/\" target=\"_blank\" rel=\"noopener\"><span style=\"color: #e82f37;\">Conservation du jambon serrano<\/span><\/a><\/li>\n<li><a href=\"https:\/\/consorcioserrano.es\/fr\/comment-decouper-votre-jambon-consortium-serrano\/\" target=\"_blank\" rel=\"noopener\"><span style=\"color: #e82f37;\">D\u00e9coupe professionnelle<\/span><\/a><\/li>\n<li>Conseils pour vos clients: <a href=\"https:\/\/consorcioserrano.es\/fr\/jambon-consorcio-serrano\/saveur-arome-et-conservation\/\" target=\"_blank\" rel=\"noopener\"><span style=\"color: #e82f37;\">conservation \u00e0 la maison et consommation<\/span> <\/a>, <span style=\"color: #e82f37;\"><a href=\"https:\/\/consorcioserrano.es\/fr\/recettes-tapas-et-sandwiches\/\" target=\"_blank\" rel=\"noopener\">recettes <\/a><\/span><\/li>\n<\/ul>\n<p>[\/vc_column_text][\/vc_column_inner][\/vc_row_inner][vc_empty_space height=\u00a0\u00bb15px\u00a0\u00bb][vc_row_inner][vc_column_inner][vc_column_text]<\/p>\n<h3><strong><span style=\"color: #e82f37;\">Inscrivez-vous : guides, nouveaut\u00e9s, cours, conseils et recettes<\/span><\/strong><\/h3>\n<p>[\/vc_column_text][\/vc_column_inner][\/vc_row_inner][vc_row_inner][vc_column_inner width=\u00a0\u00bb1\/2&Prime;][vc_column_text]Le Consorcio del Jam\u00f3n Serrano met \u00e0 votre disposition une s\u00e9rie de guides et d\u2019argumentaires que vous pouvez t\u00e9l\u00e9charger au format PDF.<\/p>\n<p>Le Consorcio diffuse \u00e9galement des actualit\u00e9s, des nouveaut\u00e9s, des recettes et des cours sur le jambon serrano espagnol qui sont de l\u2019int\u00e9r\u00eat des professionnels du secteur.[\/vc_column_text][\/vc_column_inner][vc_column_inner width=\u00a0\u00bb1\/2&Prime;][vc_column_text]Pour acc\u00e9der au mat\u00e9riel professionnel et\/ou si vous souhaitez rester inform\u00e9, <a href=\"https:\/\/consorcioserrano.es\/fr\/utilisateur-inscription\/\" target=\"_blank\" rel=\"noopener\"><span style=\"color: #e82f37;\">inscrivez-vous ici<\/span><\/a>.[\/vc_column_text][\/vc_column_inner][\/vc_row_inner][\/vc_column][vc_column width=\u00a0\u00bb1\/3&Prime;]\n<div id=\"ersspace-2\"><\/div><style type=\"text\/css\">#ersspace-2 { height: 260px; }\n@media handheld, only screen and (max-width: 767px) {\n\t#ersspace-2 { height: 0px; }\n}<\/style>[vc_row_inner el_class=\u00a0\u00bbpanel-special-aside\u00a0\u00bb][vc_column_inner][vc_column_text]<\/p>\n<h3><span style=\"color: #e82f37;\"><strong>Mat\u00e9riaux et informations techniques \u00e0 t\u00e9l\u00e9charger<\/strong><\/span><\/h3>\n<p>Il est n\u00e9cessaire d&rsquo;\u00eatre enregistr\u00e9 pour pouvoir t\u00e9l\u00e9charger les documents disponibles.[\/vc_column_text][vc_column_text showfor=\u00a0\u00bbnot_logged_in\u00a0\u00bb]<\/p>\n<p><a class=\"button-consorcio-red\" href=\"https:\/\/consorcioserrano.es\/fr\/utilisateur-acces\/\">Acc\u00e8s<\/a><\/p>\n<p>[\/vc_column_text][vc_column_text showfor=\u00a0\u00bbnot_logged_in\u00a0\u00bb]<a class=\"button-consorcio-red\" href=\"https:\/\/consorcioserrano.es\/fr\/utilisateur-inscription\/\">S&rsquo;enregistrer<\/a>[\/vc_column_text][vc_empty_space height=\u00a0\u00bb15px\u00a0\u00bb][vc_column_text showfor=\u00a0\u00bbselected_user_roles\u00a0\u00bb selected_user_roles=\u00a0\u00bbadministrator, role_distribuidor, role_importador, role_minorista, role_socio\u00a0\u00bb]<\/p>\n<h3><span style=\"color: #e82f37;\"><strong>Liste des mat\u00e9riaux et informations techniques<\/strong><\/span><\/h3>\n<ul>\n<li>Mat\u00e9riel promotionnel\n<ul>\n<li><a href=\"https:\/\/consorcioserrano.es\/wp-content\/uploads\/2018\/10\/institucional_fra.pdf\" target=\"_blank\" rel=\"noopener\">Dossier de ventes Consortium Serrano<\/a><\/li>\n<li><a href=\"https:\/\/consorcioserrano.es\/wp-content\/uploads\/2018\/10\/flyer-web-FRA-111018.pdf\" target=\"_blank\" rel=\"noopener\">Dossier de ventes Consortium Serrano 2<\/a><\/li>\n<li><a href=\"https:\/\/consorcioserrano.es\/wp-content\/uploads\/2018\/10\/argumentario-frances-151018.pdf\" target=\"_blank\" rel=\"noopener\">Argumentaire<\/a><\/li>\n<li><a href=\"http:\/\/consorcioserrano.es\/wp-content\/uploads\/2012\/10\/recetario_fr.pdf\" target=\"_blank\" rel=\"noopener\">Livre de recettes<\/a><\/li>\n<\/ul>\n<\/li>\n<\/ul>\n<p>&nbsp;<\/p>\n<ul>\n<li>Information technique\n<ul>\n<li><a href=\"http:\/\/consorcioserrano.es\/wp-content\/uploads\/2017\/12\/Leaflet_Coupe-au-couteau-210x297.pdf\" target=\"_blank\" rel=\"noopener\">D\u00e9coupe \u00e1 couteau pdf<\/a><\/li>\n<li><a href=\"https:\/\/consorcioserrano.es\/videos\/fr\/corte-cuchillo-fr.mp4\" target=\"_blank\" rel=\"noopener\" download=\"Decoupe-a-couteau.mp4\">D\u00e9coupe \u00e1 couteau &#8211; video<\/a><\/li>\n<li><a href=\"http:\/\/consorcioserrano.es\/wp-content\/uploads\/2017\/12\/Leaflet_Coupe-a-la-machine-210x297.pdf\" target=\"_blank\" rel=\"noopener\">D\u00e9coupe \u00e1 la machine pdf<\/a><\/li>\n<li><a href=\"https:\/\/consorcioserrano.es\/videos\/fr\/corte-maquina-fr.mp4\" target=\"_blank\" rel=\"noopener\" download=\"Decoupe-a-machine.mp4\">D\u00e9coupe \u00e1 machine &#8211; video<\/a><\/li>\n<\/ul>\n<\/li>\n<\/ul>\n<p>&nbsp;<\/p>\n<ul>\n<li>Liste des associ\u00e9s\n<ul>\n<li><a href=\"https:\/\/consorcioserrano.es\/nuestros-asociados\/consorcio-serrano-asociados.pdf\" target=\"_blank\" rel=\"noopener\">Liste des associ\u00e9s en pdf<\/a><\/li>\n<\/ul>\n<\/li>\n<\/ul>\n<p>[\/vc_column_text][\/vc_column_inner][\/vc_row_inner][\/vc_column][\/vc_row][vc_row][vc_column]\n<div id=\"ersspace-3\"><\/div><style type=\"text\/css\">#ersspace-3 { height: 80px; }<\/style>[\/vc_column][\/vc_row]<\/p>\n<\/div>","protected":false},"excerpt":{"rendered":"<p>[vc_row full_width=\u00a0\u00bbstretch_row_content_no_spaces\u00a0\u00bb css=\u00a0\u00bb.vc_custom_1510131529958{background-image: url(http:\/\/consorcioserrano.es\/wp-content\/uploads\/2017\/11\/area-profesionales-consorcio-jamon-serrano.jpg?id=2905) !important;background-position: center !important;background-repeat: no-repeat !important;background-size: cover !important;}\u00a0\u00bb][vc_column][\/vc_column][\/vc_row][vc_row el_class=\u00a0\u00bbcolumn-special-one\u00a0\u00bb][vc_column width=\u00a0\u00bb2\/3&Prime; el_class=\u00a0\u00bbpanel-special-content\u00a0\u00bb][vc_row_inner][vc_column_inner][vc_column_text el_class=\u00a0\u00bbvc_quote_consorcio\u00a0\u00bb] Domaines Professionnels\u00a0 [\/vc_column_text][\/vc_column_inner][\/vc_row_inner][vc_row_inner][vc_column_inner][vc_column_text] Pour importateurs et distributeurs [\/vc_column_text][\/vc_column_inner][\/vc_row_inner][vc_row_inner][vc_column_inner width=\u00a0\u00bb1\/2&Prime;][vc_column_text]Le Consorcio del<span class=\"excerpt-hellip\"> [\u2026]<\/span><\/p>\n","protected":false},"author":1,"featured_media":0,"parent":0,"menu_order":0,"comment_status":"closed","ping_status":"closed","template":"","meta":{"_acf_changed":false,"footnotes":""},"class_list":["post-3148","page","type-page","status-publish","hentry","sections_group lang-fr"],"yoast_head":"<!-- This site is optimized with the Yoast SEO plugin v27.2 - https:\/\/yoast.com\/product\/yoast-seo-wordpress\/ -->\n<title>Domaines Professionnels - Consorcio del Jam\u00f3n Serrano<\/title>\n<meta name=\"description\" content=\"Information pour les professionnels du secteur du jambon: distributeurs, producteurs, grossistes ou d\u00e9taillants. En savoir plus sur le jambon Serrano.\" \/>\n<meta name=\"robots\" content=\"index, follow, max-snippet:-1, max-image-preview:large, max-video-preview:-1\" \/>\n<link rel=\"canonical\" href=\"https:\/\/consorcioserrano.es\/fr\/domaines-professionnels\/\" \/>\n<meta property=\"og:locale\" content=\"fr_FR\" \/>\n<meta property=\"og:type\" content=\"article\" \/>\n<meta property=\"og:title\" content=\"Domaines Professionnels - Consorcio del Jam\u00f3n Serrano\" \/>\n<meta property=\"og:description\" content=\"Information pour les professionnels du secteur du jambon: distributeurs, producteurs, grossistes ou d\u00e9taillants. En savoir plus sur le jambon Serrano.\" \/>\n<meta property=\"og:url\" content=\"https:\/\/consorcioserrano.es\/fr\/domaines-professionnels\/\" \/>\n<meta property=\"og:site_name\" content=\"Consorcio del Jam\u00f3n Serrano\" \/>\n<meta property=\"article:modified_time\" content=\"2019-08-05T08:24:30+00:00\" \/>\n<meta property=\"og:image\" content=\"http:\/\/consorcioserrano.es\/wp-content\/uploads\/2017\/10\/comillas-abrir-1.png\" \/>\n<meta name=\"twitter:card\" content=\"summary_large_image\" \/>\n<meta name=\"twitter:label1\" content=\"Dur\u00e9e de lecture estim\u00e9e\" \/>\n\t<meta name=\"twitter:data1\" content=\"6 minutes\" \/>\n<script type=\"application\/ld+json\" class=\"yoast-schema-graph\">{\"@context\":\"https:\/\/schema.org\",\"@graph\":[{\"@type\":\"WebPage\",\"@id\":\"https:\/\/consorcioserrano.es\/fr\/domaines-professionnels\/\",\"url\":\"https:\/\/consorcioserrano.es\/fr\/domaines-professionnels\/\",\"name\":\"Domaines Professionnels - Consorcio del Jam\u00f3n Serrano\",\"isPartOf\":{\"@id\":\"https:\/\/consorcioserrano.es\/#website\"},\"primaryImageOfPage\":{\"@id\":\"https:\/\/consorcioserrano.es\/fr\/domaines-professionnels\/#primaryimage\"},\"image\":{\"@id\":\"https:\/\/consorcioserrano.es\/fr\/domaines-professionnels\/#primaryimage\"},\"thumbnailUrl\":\"http:\/\/consorcioserrano.es\/wp-content\/uploads\/2017\/10\/comillas-abrir-1.png\",\"datePublished\":\"2017-11-08T14:37:24+00:00\",\"dateModified\":\"2019-08-05T08:24:30+00:00\",\"description\":\"Information pour les professionnels du secteur du jambon: distributeurs, producteurs, grossistes ou d\u00e9taillants. En savoir plus sur le jambon Serrano.\",\"breadcrumb\":{\"@id\":\"https:\/\/consorcioserrano.es\/fr\/domaines-professionnels\/#breadcrumb\"},\"inLanguage\":\"fr-FR\",\"potentialAction\":[{\"@type\":\"ReadAction\",\"target\":[\"https:\/\/consorcioserrano.es\/fr\/domaines-professionnels\/\"]}]},{\"@type\":\"ImageObject\",\"inLanguage\":\"fr-FR\",\"@id\":\"https:\/\/consorcioserrano.es\/fr\/domaines-professionnels\/#primaryimage\",\"url\":\"http:\/\/consorcioserrano.es\/wp-content\/uploads\/2017\/10\/comillas-abrir-1.png\",\"contentUrl\":\"http:\/\/consorcioserrano.es\/wp-content\/uploads\/2017\/10\/comillas-abrir-1.png\"},{\"@type\":\"BreadcrumbList\",\"@id\":\"https:\/\/consorcioserrano.es\/fr\/domaines-professionnels\/#breadcrumb\",\"itemListElement\":[{\"@type\":\"ListItem\",\"position\":1,\"name\":\"Portada\",\"item\":\"https:\/\/consorcioserrano.es\/fr\/\"},{\"@type\":\"ListItem\",\"position\":2,\"name\":\"Domaines Professionnels\"}]},{\"@type\":\"WebSite\",\"@id\":\"https:\/\/consorcioserrano.es\/#website\",\"url\":\"https:\/\/consorcioserrano.es\/\",\"name\":\"Consorcio del Jam\u00f3n Serrano\",\"description\":\"ConsorcioSerrano : Jambon serrano haut de gamme certifi\u00e9 - S\u00e9lection manuelle de chaque jambon espagnol - Elaboration, d\u00e9coupe, tapas espagnoles\",\"potentialAction\":[{\"@type\":\"SearchAction\",\"target\":{\"@type\":\"EntryPoint\",\"urlTemplate\":\"https:\/\/consorcioserrano.es\/?s={search_term_string}\"},\"query-input\":{\"@type\":\"PropertyValueSpecification\",\"valueRequired\":true,\"valueName\":\"search_term_string\"}}],\"inLanguage\":\"fr-FR\"}]}<\/script>\n<!-- \/ Yoast SEO plugin. -->","yoast_head_json":{"title":"Domaines Professionnels - Consorcio del Jam\u00f3n Serrano","description":"Information pour les professionnels du secteur du jambon: distributeurs, producteurs, grossistes ou d\u00e9taillants. En savoir plus sur le jambon Serrano.","robots":{"index":"index","follow":"follow","max-snippet":"max-snippet:-1","max-image-preview":"max-image-preview:large","max-video-preview":"max-video-preview:-1"},"canonical":"https:\/\/consorcioserrano.es\/fr\/domaines-professionnels\/","og_locale":"fr_FR","og_type":"article","og_title":"Domaines Professionnels - Consorcio del Jam\u00f3n Serrano","og_description":"Information pour les professionnels du secteur du jambon: distributeurs, producteurs, grossistes ou d\u00e9taillants. En savoir plus sur le jambon Serrano.","og_url":"https:\/\/consorcioserrano.es\/fr\/domaines-professionnels\/","og_site_name":"Consorcio del Jam\u00f3n Serrano","article_modified_time":"2019-08-05T08:24:30+00:00","og_image":[{"url":"http:\/\/consorcioserrano.es\/wp-content\/uploads\/2017\/10\/comillas-abrir-1.png","type":"","width":"","height":""}],"twitter_card":"summary_large_image","twitter_misc":{"Dur\u00e9e de lecture estim\u00e9e":"6 minutes"},"schema":{"@context":"https:\/\/schema.org","@graph":[{"@type":"WebPage","@id":"https:\/\/consorcioserrano.es\/fr\/domaines-professionnels\/","url":"https:\/\/consorcioserrano.es\/fr\/domaines-professionnels\/","name":"Domaines Professionnels - Consorcio del Jam\u00f3n Serrano","isPartOf":{"@id":"https:\/\/consorcioserrano.es\/#website"},"primaryImageOfPage":{"@id":"https:\/\/consorcioserrano.es\/fr\/domaines-professionnels\/#primaryimage"},"image":{"@id":"https:\/\/consorcioserrano.es\/fr\/domaines-professionnels\/#primaryimage"},"thumbnailUrl":"http:\/\/consorcioserrano.es\/wp-content\/uploads\/2017\/10\/comillas-abrir-1.png","datePublished":"2017-11-08T14:37:24+00:00","dateModified":"2019-08-05T08:24:30+00:00","description":"Information pour les professionnels du secteur du jambon: distributeurs, producteurs, grossistes ou d\u00e9taillants. En savoir plus sur le jambon Serrano.","breadcrumb":{"@id":"https:\/\/consorcioserrano.es\/fr\/domaines-professionnels\/#breadcrumb"},"inLanguage":"fr-FR","potentialAction":[{"@type":"ReadAction","target":["https:\/\/consorcioserrano.es\/fr\/domaines-professionnels\/"]}]},{"@type":"ImageObject","inLanguage":"fr-FR","@id":"https:\/\/consorcioserrano.es\/fr\/domaines-professionnels\/#primaryimage","url":"http:\/\/consorcioserrano.es\/wp-content\/uploads\/2017\/10\/comillas-abrir-1.png","contentUrl":"http:\/\/consorcioserrano.es\/wp-content\/uploads\/2017\/10\/comillas-abrir-1.png"},{"@type":"BreadcrumbList","@id":"https:\/\/consorcioserrano.es\/fr\/domaines-professionnels\/#breadcrumb","itemListElement":[{"@type":"ListItem","position":1,"name":"Portada","item":"https:\/\/consorcioserrano.es\/fr\/"},{"@type":"ListItem","position":2,"name":"Domaines Professionnels"}]},{"@type":"WebSite","@id":"https:\/\/consorcioserrano.es\/#website","url":"https:\/\/consorcioserrano.es\/","name":"Consorcio del Jam\u00f3n Serrano","description":"ConsorcioSerrano : Jambon serrano haut de gamme certifi\u00e9 - S\u00e9lection manuelle de chaque jambon espagnol - Elaboration, d\u00e9coupe, tapas espagnoles","potentialAction":[{"@type":"SearchAction","target":{"@type":"EntryPoint","urlTemplate":"https:\/\/consorcioserrano.es\/?s={search_term_string}"},"query-input":{"@type":"PropertyValueSpecification","valueRequired":true,"valueName":"search_term_string"}}],"inLanguage":"fr-FR"}]}},"acf":[],"_links":{"self":[{"href":"https:\/\/consorcioserrano.es\/fr\/wp-json\/wp\/v2\/pages\/3148","targetHints":{"allow":["GET"]}}],"collection":[{"href":"https:\/\/consorcioserrano.es\/fr\/wp-json\/wp\/v2\/pages"}],"about":[{"href":"https:\/\/consorcioserrano.es\/fr\/wp-json\/wp\/v2\/types\/page"}],"author":[{"embeddable":true,"href":"https:\/\/consorcioserrano.es\/fr\/wp-json\/wp\/v2\/users\/1"}],"replies":[{"embeddable":true,"href":"https:\/\/consorcioserrano.es\/fr\/wp-json\/wp\/v2\/comments?post=3148"}],"version-history":[{"count":0,"href":"https:\/\/consorcioserrano.es\/fr\/wp-json\/wp\/v2\/pages\/3148\/revisions"}],"wp:attachment":[{"href":"https:\/\/consorcioserrano.es\/fr\/wp-json\/wp\/v2\/media?parent=3148"}],"curies":[{"name":"wp","href":"https:\/\/api.w.org\/{rel}","templated":true}]}}