{"id":3175,"date":"2017-11-08T16:37:12","date_gmt":"2017-11-08T15:37:12","guid":{"rendered":"http:\/\/consorcioserrano.es\/?page_id=3175"},"modified":"2018-05-31T12:03:58","modified_gmt":"2018-05-31T11:03:58","slug":"contactez-nous","status":"publish","type":"page","link":"https:\/\/consorcioserrano.es\/fr\/contactez-nous\/","title":{"rendered":"Contactez-nous"},"content":{"rendered":"<div class=\"wpb-content-wrapper\"><p>[vc_row][vc_column width=\u00a0\u00bb1\/2&Prime; el_class=\u00a0\u00bbpanel-special-content\u00a0\u00bb][vc_column_text el_class=\u00a0\u00bbvc_quote_consorcio\u00a0\u00bb]<\/p>\n<div class=\"vc_quote_consorcio_icon\"><img loading=\"lazy\" decoding=\"async\" class=\"alignnone size-full wp-image-1101\" src=\"http:\/\/consorcioserrano.es\/wp-content\/uploads\/2017\/10\/comillas-abrir-1.png\" alt=\"\" width=\"59\" height=\"53\" srcset=\"https:\/\/consorcioserrano.es\/wp-content\/uploads\/2017\/10\/comillas-abrir-1.png 59w, https:\/\/consorcioserrano.es\/wp-content\/uploads\/2017\/10\/comillas-abrir-1-50x45.png 50w\" sizes=\"auto, (max-width:767px) 59px, 59px\" \/><\/div>\n<div class=\"vc_quote_consorcio_content\">\n<h1>Contactez-nous <img loading=\"lazy\" decoding=\"async\" class=\"alignnone size-full wp-image-1100\" src=\"http:\/\/consorcioserrano.es\/wp-content\/uploads\/2017\/10\/comillas-cerrar-1.png\" alt=\"\" width=\"59\" height=\"53\" srcset=\"https:\/\/consorcioserrano.es\/wp-content\/uploads\/2017\/10\/comillas-cerrar-1.png 59w, https:\/\/consorcioserrano.es\/wp-content\/uploads\/2017\/10\/comillas-cerrar-1-50x45.png 50w\" sizes=\"auto, (max-width:767px) 59px, 59px\" \/><\/h1>\n<\/div>\n<p>[\/vc_column_text][\/vc_column][vc_column width=\u00a0\u00bb1\/2&Prime;][\/vc_column][\/vc_row][vc_row][vc_column width=\u00a0\u00bb1\/2&Prime; el_class=\u00a0\u00bbpanel-special-content\u00a0\u00bb][vc_column_text]<\/p>\n<p class=\"contact-field\"><i class=\"fa fa-map-marker\" aria-hidden=\"true\"><\/i> \u00a0\u00a0C\/ Basilica 19 9\u00baA, 28020 &#8211; Madrid (Espa\u00f1a)<\/p>\n<p class=\"contact-field\"><i class=\"fa fa-phone\" aria-hidden=\"true\"><\/i> \u00a0\u00a0+34 917 356 085<\/p>\n<p class=\"contact-field\"><i class=\"fa fa-fax\" aria-hidden=\"true\"><\/i> \u00a0\u00a0+34 917 350 503<\/p>\n<p>[\/vc_column_text][vc_empty_space height=\u00a0\u00bb20px\u00a0\u00bb][vc_column_text]\n<div class=\"wpcf7 no-js\" id=\"wpcf7-f4255-o1\" lang=\"es-ES\" dir=\"ltr\" data-wpcf7-id=\"4255\">\n<div class=\"screen-reader-response\"><p role=\"status\" aria-live=\"polite\" aria-atomic=\"true\"><\/p> <ul><\/ul><\/div>\n<form action=\"\/fr\/wp-json\/wp\/v2\/pages\/3175#wpcf7-f4255-o1\" method=\"post\" class=\"wpcf7-form init\" aria-label=\"Formulario de contacto\" novalidate=\"novalidate\" data-status=\"init\">\n<fieldset class=\"hidden-fields-container\"><input type=\"hidden\" name=\"_wpcf7\" value=\"4255\" \/><input type=\"hidden\" name=\"_wpcf7_version\" value=\"6.1.5\" \/><input type=\"hidden\" name=\"_wpcf7_locale\" value=\"es_ES\" \/><input type=\"hidden\" name=\"_wpcf7_unit_tag\" value=\"wpcf7-f4255-o1\" \/><input type=\"hidden\" name=\"_wpcf7_container_post\" value=\"0\" \/><input type=\"hidden\" name=\"_wpcf7_posted_data_hash\" value=\"\" \/><input type=\"hidden\" name=\"_wpcf7_recaptcha_response\" value=\"\" \/>\n<\/fieldset>\n<p><label> Pr\u00e9nom et nom *<br \/>\n<span class=\"wpcf7-form-control-wrap\" data-name=\"nombre\"><input size=\"40\" maxlength=\"400\" class=\"wpcf7-form-control wpcf7-text wpcf7-validates-as-required\" aria-required=\"true\" aria-invalid=\"false\" value=\"\" type=\"text\" name=\"nombre\" \/><\/span> <\/label>\n<\/p>\n<p><label> E-mail *<br \/>\n<span class=\"wpcf7-form-control-wrap\" data-name=\"e-mail\"><input size=\"40\" maxlength=\"400\" class=\"wpcf7-form-control wpcf7-email wpcf7-validates-as-required wpcf7-text wpcf7-validates-as-email\" aria-required=\"true\" aria-invalid=\"false\" value=\"\" type=\"email\" name=\"e-mail\" \/><\/span> <\/label>\n<\/p>\n<p><label> Message*<br \/>\n<span class=\"wpcf7-form-control-wrap\" data-name=\"mensaje\"><textarea cols=\"40\" rows=\"10\" maxlength=\"2000\" class=\"wpcf7-form-control wpcf7-textarea wpcf7-validates-as-required\" aria-required=\"true\" aria-invalid=\"false\" name=\"mensaje\"><\/textarea><\/span> <\/label><br \/>\n\n<\/p>\n<p><span class=\"wpcf7-form-control-wrap\" data-name=\"aceptar\"><span class=\"wpcf7-form-control wpcf7-acceptance\"><span class=\"wpcf7-list-item\"><label><input type=\"checkbox\" name=\"aceptar\" value=\"1\" aria-invalid=\"false\" \/><span class=\"wpcf7-list-item-label\">J'accepte la <a href=\"https:\/\/consorcioserrano.es\/fr\/politica-de-proteccion-de-datos\/\" target=\"_blank\">politique de confidentialit\u00e9 *<\/a><\/span><\/label><\/span><\/span><\/span>\n<\/p>\n<p> Les champs avec * sont obligatoires\n<\/p>\n<p><input class=\"wpcf7-form-control wpcf7-submit has-spinner\" type=\"submit\" value=\"Envoyer\" \/>\n<\/p><div class=\"wpcf7-response-output\" aria-hidden=\"true\"><\/div>\n<\/form>\n<\/div>\n[\/vc_column_text][vc_column_text]<\/p>\n<table class=\"tabla-privacidad\">\n<thead>\n<tr>\n<td colspan=\"2\">Informations de protection des donn\u00e9es<\/td>\n<\/tr>\n<\/thead>\n<tbody>\n<tr>\n<td>Responsable<\/td>\n<td>Consorcio del Jam\u00f3n Serrano Espa\u00f1ol<\/td>\n<\/tr>\n<tr>\n<td>Description des services fournis<\/td>\n<td>R\u00e9pondre aux informations demand\u00e9es, ainsi que fournir des informations sur les produits ou services du Consorcio et du secteur.<\/td>\n<\/tr>\n<tr>\n<td>L\u00e9gitimation<\/td>\n<td>Consentement de la partie int\u00e9ress\u00e9e<\/td>\n<\/tr>\n<tr>\n<td>Destinataires<\/td>\n<td>Les donn\u00e9es saisies sur le site Web consorcioserrano.es peuvent \u00eatre transf\u00e9r\u00e9es aux soci\u00e9t\u00e9s associ\u00e9es au Consorcio JSE.<\/td>\n<\/tr>\n<tr>\n<td>Droits<\/td>\n<td>L&rsquo;utilisateur a le droit d&rsquo;acc\u00e9der, rectifier et supprimer les donn\u00e9es, ainsi que d&rsquo;autres droits, comme expliqu\u00e9 dans les informations suppl\u00e9mentaires.<br \/>\nInformation compl\u00e9mentaire.<\/td>\n<\/tr>\n<tr>\n<td>Information compl\u00e9mentaire<\/td>\n<td>Vous pouvez consulter les informations suppl\u00e9mentaires et d\u00e9taill\u00e9es sur la protection des donn\u00e9es sur notre site Web: <a href=\"https:\/\/consorcioserrano.es\/fr\/politique-de-confidentialite\/\" target=\"_blank\" rel=\"noopener\">https:\/\/consorcioserrano.es\/fr\/politique-de-confidentialite\/<\/a><\/td>\n<\/tr>\n<\/tbody>\n<\/table>\n<p>[\/vc_column_text][\/vc_column][vc_column width=\u00a0\u00bb1\/2&Prime;][vc_gmaps link=\u00a0\u00bb#E-8_JTNDaWZyYW1lJTIwc3JjJTNEJTIyaHR0cHMlM0ElMkYlMkZ3d3cuZ29vZ2xlLmNvbSUyRm1hcHMlMkZlbWJlZCUzRnBiJTNEJTIxMW0xOCUyMTFtMTIlMjExbTMlMjExZDMwMzYuMTgxOTEwMDU2NDU1OCUyMTJkLTMuNjk4Nzc4NDg0NjAzMDk5OCUyMTNkNDAuNDQ5MTEwNTc5MzYxMzQ2JTIxMm0zJTIxMWYwJTIxMmYwJTIxM2YwJTIxM20yJTIxMWkxMDI0JTIxMmk3NjglMjE0ZjEzLjElMjEzbTMlMjExbTIlMjExczB4ZDQyMjhmYzczM2YwZGNkJTI1M0EweGNkZjZkYzkyOWRkZDcxNjYlMjEyc0NhbGxlJTJCZGUlMkJsYSUyQkJhcyUyNUMzJTI1QURsaWNhJTI1MkMlMkIxOSUyNTJDJTJCMjgwMjAlMkJNYWRyaWQlMjE1ZTAlMjEzbTIlMjExc2VzJTIxMnNlcyUyMTR2MTUwOTcxMzc3OTk4NCUyMiUyMHdpZHRoJTNEJTIyNjAwJTIyJTIwaGVpZ2h0JTNEJTIyNDUwJTIyJTIwZnJhbWVib3JkZXIlM0QlMjIwJTIyJTIwc3R5bGUlM0QlMjJib3JkZXIlM0EwJTIyJTIwYWxsb3dmdWxsc2NyZWVuJTNFJTNDJTJGaWZyYW1lJTNF\u00a0\u00bb][\/vc_column][\/vc_row][vc_row][vc_column]\n<div id=\"ersspace-1\"><\/div><style type=\"text\/css\">#ersspace-1 { height: 80px; }<\/style>[\/vc_column][\/vc_row]<\/p>\n<\/div>","protected":false},"excerpt":{"rendered":"<p>[vc_row][vc_column width=\u00a0\u00bb1\/2&Prime; el_class=\u00a0\u00bbpanel-special-content\u00a0\u00bb][vc_column_text el_class=\u00a0\u00bbvc_quote_consorcio\u00a0\u00bb] Contactez-nous [\/vc_column_text][\/vc_column][vc_column width=\u00a0\u00bb1\/2&Prime;][\/vc_column][\/vc_row][vc_row][vc_column width=\u00a0\u00bb1\/2&Prime; el_class=\u00a0\u00bbpanel-special-content\u00a0\u00bb][vc_column_text] \u00a0\u00a0C\/ Basilica 19 9\u00baA, 28020 &#8211; Madrid (Espa\u00f1a) \u00a0\u00a0+34 917 356 085 \u00a0\u00a0+34 917 350 503 [\/vc_column_text][vc_empty_space<span class=\"excerpt-hellip\"> [\u2026]<\/span><\/p>\n","protected":false},"author":1,"featured_media":0,"parent":0,"menu_order":0,"comment_status":"closed","ping_status":"closed","template":"","meta":{"_acf_changed":false,"footnotes":""},"class_list":["post-3175","page","type-page","status-publish","hentry","sections_group lang-fr"],"yoast_head":"<!-- This site is optimized with the Yoast SEO plugin v27.2 - https:\/\/yoast.com\/product\/yoast-seo-wordpress\/ -->\n<title>Contactez-nous - Consorcio Jambon Serrano<\/title>\n<meta name=\"description\" content=\"Contactez le Consortium Serrano de Serrano Ham \u00e0 travers le formulaire de contact, notre t\u00e9l\u00e9phone ou visitez notre si\u00e8ge social.\" \/>\n<meta name=\"robots\" content=\"index, follow, max-snippet:-1, max-image-preview:large, max-video-preview:-1\" \/>\n<link rel=\"canonical\" href=\"https:\/\/consorcioserrano.es\/fr\/contactez-nous\/\" \/>\n<meta property=\"og:locale\" content=\"fr_FR\" \/>\n<meta property=\"og:type\" content=\"article\" \/>\n<meta property=\"og:title\" content=\"Contactez-nous - Consorcio Jambon Serrano\" \/>\n<meta property=\"og:description\" content=\"Contactez le Consortium Serrano de Serrano Ham \u00e0 travers le formulaire de contact, notre t\u00e9l\u00e9phone ou visitez notre si\u00e8ge social.\" \/>\n<meta property=\"og:url\" content=\"https:\/\/consorcioserrano.es\/fr\/contactez-nous\/\" \/>\n<meta property=\"og:site_name\" content=\"Consorcio del Jam\u00f3n Serrano\" \/>\n<meta property=\"article:modified_time\" content=\"2018-05-31T11:03:58+00:00\" \/>\n<meta property=\"og:image\" content=\"http:\/\/consorcioserrano.es\/wp-content\/uploads\/2017\/10\/comillas-abrir-1.png\" \/>\n<meta name=\"twitter:card\" content=\"summary_large_image\" \/>\n<meta name=\"twitter:label1\" content=\"Dur\u00e9e de lecture estim\u00e9e\" \/>\n\t<meta name=\"twitter:data1\" content=\"1 minute\" \/>\n<script type=\"application\/ld+json\" class=\"yoast-schema-graph\">{\"@context\":\"https:\/\/schema.org\",\"@graph\":[{\"@type\":\"WebPage\",\"@id\":\"https:\/\/consorcioserrano.es\/fr\/contactez-nous\/\",\"url\":\"https:\/\/consorcioserrano.es\/fr\/contactez-nous\/\",\"name\":\"Contactez-nous - Consorcio Jambon Serrano\",\"isPartOf\":{\"@id\":\"https:\/\/consorcioserrano.es\/#website\"},\"primaryImageOfPage\":{\"@id\":\"https:\/\/consorcioserrano.es\/fr\/contactez-nous\/#primaryimage\"},\"image\":{\"@id\":\"https:\/\/consorcioserrano.es\/fr\/contactez-nous\/#primaryimage\"},\"thumbnailUrl\":\"http:\/\/consorcioserrano.es\/wp-content\/uploads\/2017\/10\/comillas-abrir-1.png\",\"datePublished\":\"2017-11-08T15:37:12+00:00\",\"dateModified\":\"2018-05-31T11:03:58+00:00\",\"description\":\"Contactez le Consortium Serrano de Serrano Ham \u00e0 travers le formulaire de contact, notre t\u00e9l\u00e9phone ou visitez notre si\u00e8ge social.\",\"breadcrumb\":{\"@id\":\"https:\/\/consorcioserrano.es\/fr\/contactez-nous\/#breadcrumb\"},\"inLanguage\":\"fr-FR\",\"potentialAction\":[{\"@type\":\"ReadAction\",\"target\":[\"https:\/\/consorcioserrano.es\/fr\/contactez-nous\/\"]}]},{\"@type\":\"ImageObject\",\"inLanguage\":\"fr-FR\",\"@id\":\"https:\/\/consorcioserrano.es\/fr\/contactez-nous\/#primaryimage\",\"url\":\"http:\/\/consorcioserrano.es\/wp-content\/uploads\/2017\/10\/comillas-abrir-1.png\",\"contentUrl\":\"http:\/\/consorcioserrano.es\/wp-content\/uploads\/2017\/10\/comillas-abrir-1.png\"},{\"@type\":\"BreadcrumbList\",\"@id\":\"https:\/\/consorcioserrano.es\/fr\/contactez-nous\/#breadcrumb\",\"itemListElement\":[{\"@type\":\"ListItem\",\"position\":1,\"name\":\"Portada\",\"item\":\"https:\/\/consorcioserrano.es\/fr\/\"},{\"@type\":\"ListItem\",\"position\":2,\"name\":\"Contactez-nous\"}]},{\"@type\":\"WebSite\",\"@id\":\"https:\/\/consorcioserrano.es\/#website\",\"url\":\"https:\/\/consorcioserrano.es\/\",\"name\":\"Consorcio del Jam\u00f3n Serrano\",\"description\":\"ConsorcioSerrano : Jambon serrano haut de gamme certifi\u00e9 - S\u00e9lection manuelle de chaque jambon espagnol - Elaboration, d\u00e9coupe, tapas espagnoles\",\"potentialAction\":[{\"@type\":\"SearchAction\",\"target\":{\"@type\":\"EntryPoint\",\"urlTemplate\":\"https:\/\/consorcioserrano.es\/?s={search_term_string}\"},\"query-input\":{\"@type\":\"PropertyValueSpecification\",\"valueRequired\":true,\"valueName\":\"search_term_string\"}}],\"inLanguage\":\"fr-FR\"}]}<\/script>\n<!-- \/ Yoast SEO plugin. -->","yoast_head_json":{"title":"Contactez-nous - Consorcio Jambon Serrano","description":"Contactez le Consortium Serrano de Serrano Ham \u00e0 travers le formulaire de contact, notre t\u00e9l\u00e9phone ou visitez notre si\u00e8ge social.","robots":{"index":"index","follow":"follow","max-snippet":"max-snippet:-1","max-image-preview":"max-image-preview:large","max-video-preview":"max-video-preview:-1"},"canonical":"https:\/\/consorcioserrano.es\/fr\/contactez-nous\/","og_locale":"fr_FR","og_type":"article","og_title":"Contactez-nous - Consorcio Jambon Serrano","og_description":"Contactez le Consortium Serrano de Serrano Ham \u00e0 travers le formulaire de contact, notre t\u00e9l\u00e9phone ou visitez notre si\u00e8ge social.","og_url":"https:\/\/consorcioserrano.es\/fr\/contactez-nous\/","og_site_name":"Consorcio del Jam\u00f3n Serrano","article_modified_time":"2018-05-31T11:03:58+00:00","og_image":[{"url":"http:\/\/consorcioserrano.es\/wp-content\/uploads\/2017\/10\/comillas-abrir-1.png","type":"","width":"","height":""}],"twitter_card":"summary_large_image","twitter_misc":{"Dur\u00e9e de lecture estim\u00e9e":"1 minute"},"schema":{"@context":"https:\/\/schema.org","@graph":[{"@type":"WebPage","@id":"https:\/\/consorcioserrano.es\/fr\/contactez-nous\/","url":"https:\/\/consorcioserrano.es\/fr\/contactez-nous\/","name":"Contactez-nous - Consorcio Jambon Serrano","isPartOf":{"@id":"https:\/\/consorcioserrano.es\/#website"},"primaryImageOfPage":{"@id":"https:\/\/consorcioserrano.es\/fr\/contactez-nous\/#primaryimage"},"image":{"@id":"https:\/\/consorcioserrano.es\/fr\/contactez-nous\/#primaryimage"},"thumbnailUrl":"http:\/\/consorcioserrano.es\/wp-content\/uploads\/2017\/10\/comillas-abrir-1.png","datePublished":"2017-11-08T15:37:12+00:00","dateModified":"2018-05-31T11:03:58+00:00","description":"Contactez le Consortium Serrano de Serrano Ham \u00e0 travers le formulaire de contact, notre t\u00e9l\u00e9phone ou visitez notre si\u00e8ge social.","breadcrumb":{"@id":"https:\/\/consorcioserrano.es\/fr\/contactez-nous\/#breadcrumb"},"inLanguage":"fr-FR","potentialAction":[{"@type":"ReadAction","target":["https:\/\/consorcioserrano.es\/fr\/contactez-nous\/"]}]},{"@type":"ImageObject","inLanguage":"fr-FR","@id":"https:\/\/consorcioserrano.es\/fr\/contactez-nous\/#primaryimage","url":"http:\/\/consorcioserrano.es\/wp-content\/uploads\/2017\/10\/comillas-abrir-1.png","contentUrl":"http:\/\/consorcioserrano.es\/wp-content\/uploads\/2017\/10\/comillas-abrir-1.png"},{"@type":"BreadcrumbList","@id":"https:\/\/consorcioserrano.es\/fr\/contactez-nous\/#breadcrumb","itemListElement":[{"@type":"ListItem","position":1,"name":"Portada","item":"https:\/\/consorcioserrano.es\/fr\/"},{"@type":"ListItem","position":2,"name":"Contactez-nous"}]},{"@type":"WebSite","@id":"https:\/\/consorcioserrano.es\/#website","url":"https:\/\/consorcioserrano.es\/","name":"Consorcio del Jam\u00f3n Serrano","description":"ConsorcioSerrano : Jambon serrano haut de gamme certifi\u00e9 - S\u00e9lection manuelle de chaque jambon espagnol - Elaboration, d\u00e9coupe, tapas espagnoles","potentialAction":[{"@type":"SearchAction","target":{"@type":"EntryPoint","urlTemplate":"https:\/\/consorcioserrano.es\/?s={search_term_string}"},"query-input":{"@type":"PropertyValueSpecification","valueRequired":true,"valueName":"search_term_string"}}],"inLanguage":"fr-FR"}]}},"acf":[],"_links":{"self":[{"href":"https:\/\/consorcioserrano.es\/fr\/wp-json\/wp\/v2\/pages\/3175","targetHints":{"allow":["GET"]}}],"collection":[{"href":"https:\/\/consorcioserrano.es\/fr\/wp-json\/wp\/v2\/pages"}],"about":[{"href":"https:\/\/consorcioserrano.es\/fr\/wp-json\/wp\/v2\/types\/page"}],"author":[{"embeddable":true,"href":"https:\/\/consorcioserrano.es\/fr\/wp-json\/wp\/v2\/users\/1"}],"replies":[{"embeddable":true,"href":"https:\/\/consorcioserrano.es\/fr\/wp-json\/wp\/v2\/comments?post=3175"}],"version-history":[{"count":0,"href":"https:\/\/consorcioserrano.es\/fr\/wp-json\/wp\/v2\/pages\/3175\/revisions"}],"wp:attachment":[{"href":"https:\/\/consorcioserrano.es\/fr\/wp-json\/wp\/v2\/media?parent=3175"}],"curies":[{"name":"wp","href":"https:\/\/api.w.org\/{rel}","templated":true}]}}