{"id":3525,"date":"2017-11-10T13:58:47","date_gmt":"2017-11-10T12:58:47","guid":{"rendered":"http:\/\/consorcioserrano.es\/?page_id=3525"},"modified":"2017-11-16T17:15:18","modified_gmt":"2017-11-16T16:15:18","slug":"utilisateur-acces","status":"publish","type":"page","link":"https:\/\/consorcioserrano.es\/fr\/utilisateur-acces\/","title":{"rendered":"Utilisateur &#8211; Acc\u00e8s"},"content":{"rendered":"<div class=\"wpb-content-wrapper\">\t<div class=\"login-form-container container personalize-login\">\n\n\n\n\t<div class=\"vc_row wpb_row vc_row-fluid\">\n\t\t<div class=\"wpb_column vc_column_container vc_col-sm-4\"><\/div>\n\t\t\n\t\t\n\t\t<div class=\"wpb_column vc_column_container vc_col-sm-4\">\n\t\t\t\t\t\n\t\t\t<!-- Show errors if there are any -->\n\t\t\t\t\t\n\t\t\t<!-- Show logged out message if user just logged out -->\n\t\t\t\t\t\n\t\t\t\t\t\t\t\t\t\t\t\n\t\t\t\t\t\n\t\t\t<form name=\"loginform\" id=\"loginform\" action=\"https:\/\/consorcioserrano.es\/wp-login.php\" method=\"post\">\n\t\t\t\t<div class=\"wp-success\"><\/div>\n\t\t\t\t<p class=\"login-username\">\n\t\t\t\t\t<label for=\"user_login\">E-mail<\/label>\n\t\t\t\t\t<input type=\"text\" name=\"log\" id=\"user_login\" class=\"input\" value=\"\" size=\"20\">\n\t\t\t\t<\/p>\n\t\t\t\t<p class=\"login-password\">\n\t\t\t\t\t<label for=\"user_pass\">Mot de passe\r\n<\/label>\n\t\t\t\t\t<input type=\"password\" name=\"pwd\" id=\"user_pass\" class=\"input\" value=\"\" size=\"20\">\n\t\t\t\t\t<input type=\"hidden\" name=\"lang\" value=\"fr\">\n\t\t\t\t\t<input type=\"hidden\" name=\"redirect_to\" value=\"\">\t\t\t\t\n\t\t\t\t<\/p>\n\t\t\t\t\n\t\t\t\t<p class=\"login-remember\"><label><input name=\"rememberme\" type=\"checkbox\" id=\"rememberme\" value=\"forever\">Se souvenir de moi<\/label><\/p>\n\t\t\t\t<p class=\"login-submit\">\n\t\t\t\t\t<input type=\"submit\" name=\"wp-submit\" id=\"wp-submit\" class=\"button button-primary\" value=\"Se connecter\r\n\">\n\t\t\t\t<\/p>\t\n\t\t\t<\/form>\n\t\t\t\t\n\t\t\t\n\t\t\n\t\t\t<a class=\"forgot-password\" href=\"https:\/\/consorcioserrano.es\/wp-login.php?action=lostpassword&lang=fr\">\n\t\t\t\tMot de passe oubli\u00e9?\r\n\t\t\t<\/a>\n\t\t\t<br \/><br \/><br \/>\n\t\t<\/div>\n\n\t\t<div class=\"wpb_column vc_column_container vc_col-sm-4\"><\/div>\t\n\t<\/div>\t\t\n<\/div>\n\n\n\n\n\n<\/div>","protected":false},"excerpt":{"rendered":"E-mail Mot de passe Se souvenir de moi Mot de passe oubli\u00e9?","protected":false},"author":1,"featured_media":0,"parent":0,"menu_order":0,"comment_status":"closed","ping_status":"closed","template":"","meta":{"_acf_changed":false,"footnotes":""},"class_list":["post-3525","page","type-page","status-publish","hentry","sections_group lang-fr"],"yoast_head":"<!-- This site is optimized with the Yoast SEO plugin v27.2 - https:\/\/yoast.com\/product\/yoast-seo-wordpress\/ -->\n<title>Utilisateur - Acc\u00e8s - Consorcio Jambon Serrano<\/title>\n<meta name=\"description\" content=\"ConsorcioSerrano : Jambon serrano haut de gamme certifi\u00e9 - S\u00e9lection manuelle de chaque jambon espagnol - Elaboration, d\u00e9coupe, tapas espagnoles\" \/>\n<meta name=\"robots\" content=\"index, follow, max-snippet:-1, max-image-preview:large, max-video-preview:-1\" \/>\n<link rel=\"canonical\" href=\"https:\/\/consorcioserrano.es\/fr\/utilisateur-acces\/\" \/>\n<meta property=\"og:locale\" content=\"fr_FR\" \/>\n<meta property=\"og:type\" content=\"article\" \/>\n<meta property=\"og:title\" content=\"Utilisateur - Acc\u00e8s - Consorcio Jambon Serrano\" \/>\n<meta property=\"og:description\" content=\"ConsorcioSerrano : Jambon serrano haut de gamme certifi\u00e9 - S\u00e9lection manuelle de chaque jambon espagnol - Elaboration, d\u00e9coupe, tapas espagnoles\" \/>\n<meta property=\"og:url\" content=\"https:\/\/consorcioserrano.es\/fr\/utilisateur-acces\/\" \/>\n<meta property=\"og:site_name\" content=\"Consorcio del Jam\u00f3n Serrano\" \/>\n<meta property=\"article:modified_time\" content=\"2017-11-16T16:15:18+00:00\" \/>\n<meta property=\"og:image\" content=\"http:\/\/consorcioserrano.es\/wp-content\/uploads\/2017\/11\/social-consorcio-serrano.jpg\" \/>\n<meta name=\"twitter:card\" content=\"summary_large_image\" \/>\n<script type=\"application\/ld+json\" class=\"yoast-schema-graph\">{\"@context\":\"https:\/\/schema.org\",\"@graph\":[{\"@type\":\"WebPage\",\"@id\":\"https:\/\/consorcioserrano.es\/fr\/utilisateur-acces\/\",\"url\":\"https:\/\/consorcioserrano.es\/fr\/utilisateur-acces\/\",\"name\":\"Utilisateur - Acc\u00e8s - Consorcio Jambon Serrano\",\"isPartOf\":{\"@id\":\"https:\/\/consorcioserrano.es\/#website\"},\"datePublished\":\"2017-11-10T12:58:47+00:00\",\"dateModified\":\"2017-11-16T16:15:18+00:00\",\"description\":\"ConsorcioSerrano : Jambon serrano haut de gamme certifi\u00e9 - S\u00e9lection manuelle de chaque jambon espagnol - Elaboration, d\u00e9coupe, tapas espagnoles\",\"breadcrumb\":{\"@id\":\"https:\/\/consorcioserrano.es\/fr\/utilisateur-acces\/#breadcrumb\"},\"inLanguage\":\"fr-FR\",\"potentialAction\":[{\"@type\":\"ReadAction\",\"target\":[\"https:\/\/consorcioserrano.es\/fr\/utilisateur-acces\/\"]}]},{\"@type\":\"BreadcrumbList\",\"@id\":\"https:\/\/consorcioserrano.es\/fr\/utilisateur-acces\/#breadcrumb\",\"itemListElement\":[{\"@type\":\"ListItem\",\"position\":1,\"name\":\"Portada\",\"item\":\"https:\/\/consorcioserrano.es\/fr\/\"},{\"@type\":\"ListItem\",\"position\":2,\"name\":\"Utilisateur &#8211; Acc\u00e8s\"}]},{\"@type\":\"WebSite\",\"@id\":\"https:\/\/consorcioserrano.es\/#website\",\"url\":\"https:\/\/consorcioserrano.es\/\",\"name\":\"Consorcio del Jam\u00f3n Serrano\",\"description\":\"ConsorcioSerrano : Jambon serrano haut de gamme certifi\u00e9 - S\u00e9lection manuelle de chaque jambon espagnol - Elaboration, d\u00e9coupe, tapas espagnoles\",\"potentialAction\":[{\"@type\":\"SearchAction\",\"target\":{\"@type\":\"EntryPoint\",\"urlTemplate\":\"https:\/\/consorcioserrano.es\/?s={search_term_string}\"},\"query-input\":{\"@type\":\"PropertyValueSpecification\",\"valueRequired\":true,\"valueName\":\"search_term_string\"}}],\"inLanguage\":\"fr-FR\"}]}<\/script>\n<!-- \/ Yoast SEO plugin. -->","yoast_head_json":{"title":"Utilisateur - Acc\u00e8s - Consorcio Jambon Serrano","description":"ConsorcioSerrano : Jambon serrano haut de gamme certifi\u00e9 - S\u00e9lection manuelle de chaque jambon espagnol - Elaboration, d\u00e9coupe, tapas espagnoles","robots":{"index":"index","follow":"follow","max-snippet":"max-snippet:-1","max-image-preview":"max-image-preview:large","max-video-preview":"max-video-preview:-1"},"canonical":"https:\/\/consorcioserrano.es\/fr\/utilisateur-acces\/","og_locale":"fr_FR","og_type":"article","og_title":"Utilisateur - Acc\u00e8s - Consorcio Jambon Serrano","og_description":"ConsorcioSerrano : Jambon serrano haut de gamme certifi\u00e9 - S\u00e9lection manuelle de chaque jambon espagnol - Elaboration, d\u00e9coupe, tapas espagnoles","og_url":"https:\/\/consorcioserrano.es\/fr\/utilisateur-acces\/","og_site_name":"Consorcio del Jam\u00f3n Serrano","article_modified_time":"2017-11-16T16:15:18+00:00","og_image":[{"url":"http:\/\/consorcioserrano.es\/wp-content\/uploads\/2017\/11\/social-consorcio-serrano.jpg","type":"","width":"","height":""}],"twitter_card":"summary_large_image","schema":{"@context":"https:\/\/schema.org","@graph":[{"@type":"WebPage","@id":"https:\/\/consorcioserrano.es\/fr\/utilisateur-acces\/","url":"https:\/\/consorcioserrano.es\/fr\/utilisateur-acces\/","name":"Utilisateur - Acc\u00e8s - Consorcio Jambon Serrano","isPartOf":{"@id":"https:\/\/consorcioserrano.es\/#website"},"datePublished":"2017-11-10T12:58:47+00:00","dateModified":"2017-11-16T16:15:18+00:00","description":"ConsorcioSerrano : Jambon serrano haut de gamme certifi\u00e9 - S\u00e9lection manuelle de chaque jambon espagnol - Elaboration, d\u00e9coupe, tapas espagnoles","breadcrumb":{"@id":"https:\/\/consorcioserrano.es\/fr\/utilisateur-acces\/#breadcrumb"},"inLanguage":"fr-FR","potentialAction":[{"@type":"ReadAction","target":["https:\/\/consorcioserrano.es\/fr\/utilisateur-acces\/"]}]},{"@type":"BreadcrumbList","@id":"https:\/\/consorcioserrano.es\/fr\/utilisateur-acces\/#breadcrumb","itemListElement":[{"@type":"ListItem","position":1,"name":"Portada","item":"https:\/\/consorcioserrano.es\/fr\/"},{"@type":"ListItem","position":2,"name":"Utilisateur &#8211; Acc\u00e8s"}]},{"@type":"WebSite","@id":"https:\/\/consorcioserrano.es\/#website","url":"https:\/\/consorcioserrano.es\/","name":"Consorcio del Jam\u00f3n Serrano","description":"ConsorcioSerrano : Jambon serrano haut de gamme certifi\u00e9 - S\u00e9lection manuelle de chaque jambon espagnol - Elaboration, d\u00e9coupe, tapas espagnoles","potentialAction":[{"@type":"SearchAction","target":{"@type":"EntryPoint","urlTemplate":"https:\/\/consorcioserrano.es\/?s={search_term_string}"},"query-input":{"@type":"PropertyValueSpecification","valueRequired":true,"valueName":"search_term_string"}}],"inLanguage":"fr-FR"}]}},"acf":[],"_links":{"self":[{"href":"https:\/\/consorcioserrano.es\/fr\/wp-json\/wp\/v2\/pages\/3525","targetHints":{"allow":["GET"]}}],"collection":[{"href":"https:\/\/consorcioserrano.es\/fr\/wp-json\/wp\/v2\/pages"}],"about":[{"href":"https:\/\/consorcioserrano.es\/fr\/wp-json\/wp\/v2\/types\/page"}],"author":[{"embeddable":true,"href":"https:\/\/consorcioserrano.es\/fr\/wp-json\/wp\/v2\/users\/1"}],"replies":[{"embeddable":true,"href":"https:\/\/consorcioserrano.es\/fr\/wp-json\/wp\/v2\/comments?post=3525"}],"version-history":[{"count":0,"href":"https:\/\/consorcioserrano.es\/fr\/wp-json\/wp\/v2\/pages\/3525\/revisions"}],"wp:attachment":[{"href":"https:\/\/consorcioserrano.es\/fr\/wp-json\/wp\/v2\/media?parent=3525"}],"curies":[{"name":"wp","href":"https:\/\/api.w.org\/{rel}","templated":true}]}}