{"id":3530,"date":"2017-11-10T14:01:52","date_gmt":"2017-11-10T13:01:52","guid":{"rendered":"http:\/\/consorcioserrano.es\/?page_id=3530"},"modified":"2017-11-16T17:15:35","modified_gmt":"2017-11-16T16:15:35","slug":"utilisateur-inscription","status":"publish","type":"page","link":"https:\/\/consorcioserrano.es\/fr\/utilisateur-inscription\/","title":{"rendered":"Utilisateur &#8211; Inscription"},"content":{"rendered":"<div class=\"wpb-content-wrapper\"><div id=\"register-form\" class=\"container personalize-login\">\n\t\n\n\t<div class=\"vc_row wpb_row vc_row-fluid\">\n\t\t<div class=\"wpb_column vc_column_container vc_col-sm-2\">\n\t\t<\/div>\n\n\t\t<div class=\"wpb_column vc_column_container vc_col-sm-8\">\n\n\t\t\t\t\t\n\t\t\t\n\t\t\t\n\n\n\t\t\t\n\t\t\t<script src='https:\/\/www.google.com\/recaptcha\/api.js?hl=fr'><\/script>\n\n\n\t\t\t<form id=\"signupform\" action=\"https:\/\/consorcioserrano.es\/wp-login.php?action=register\" method=\"post\">\n\t\t\n\t\t\n\t\t\t\t<div class=\"vc_row wpb_row vc_row-fluid\">\n\t\t\t\t\t<div class=\"wpb_column vc_column_container vc_col-sm-6\">\n\t\t\t\t\t\t<div class=\"vc_column-inner \">\n\t\t\t\t\t\t\t<div class=\"wpb_wrapper\">\n\t\t\t\t\t\t\t\t<p class=\"form-row\">\n\t\t\t\t\t\t\t\t\t<label for=\"first_name\">Pr\u00e9nom <strong>*<\/strong><\/label>\n\t\t\t\t\t\t\t\t\t<input type=\"text\" name=\"first_name\" id=\"first-name\">\n\t\t\t\t\t\t\t\t<\/p>\n\t\t\t\t\t\t\t<\/div>\n\t\t\t\t\t\t<\/div>\n\t\t\t\t\t<\/div>\n\t\t\t\t\t<div class=\"wpb_column vc_column_container vc_col-sm-6\">\n\t\t\t\t\t\t<div class=\"vc_column-inner \">\n\t\t\t\t\t\t\t<div class=\"wpb_wrapper\">\n\t\t\t\t\t\t\t\t<p class=\"form-row\">\n\t\t\t\t\t\t\t\t\t<label for=\"last_name\">Nom <strong>*<\/strong><\/label>\n\t\t\t\t\t\t\t\t\t<input type=\"text\" name=\"last_name\" id=\"last-name\">\n\t\t\t\t\t\t\t\t<\/p>\n\t\t\t\t\t\t\t<\/div>\n\t\t\t\t\t\t<\/div>\n\t\t\t\t\t<\/div>\t\t\t\n\t\t\t\t<\/div>\n\t\t\n\t\t\n\t\t\n\t\t\t\t<div class=\"vc_row wpb_row vc_row-fluid\">\n\t\t\t\t\t<div class=\"wpb_column vc_column_container vc_col-sm-6\">\n\t\t\t\t\t\t<div class=\"vc_column-inner \">\n\t\t\t\t\t\t\t<div class=\"wpb_wrapper\">\n\t\t\t\t\t\t\t\t<p class=\"form-row\">\n\t\t\t\t\t\t\t\t\t<label for=\"email\">E-mail <strong>*<\/strong><\/label>\n\t\t\t\t\t\t\t\t\t<input type=\"text\" name=\"email\" id=\"email\">\n\t\t\t\t\t\t\t\t<\/p>\n\t\t\t\t\t\t\t<\/div>\n\t\t\t\t\t\t<\/div>\n\t\t\t\t\t<\/div>\n\t\t\t\t\t<div class=\"wpb_column vc_column_container vc_col-sm-6\">\n\t\t\t\t\t\t<div class=\"vc_column-inner \">\n\t\t\t\t\t\t\t<div class=\"wpb_wrapper\">\n\t\t\t\t\t\t\t\t<p class=\"form-row\">\n\t\t\t\t\t\t\t\t\t<label for=\"password\">Mot de passe\r\n <strong>*<\/strong><\/label>\n\t\t\t\t\t\t\t\t\t<input type=\"password\" name=\"password\" id=\"password\">\n\t\t\t\t\t\t\t\t<\/p>\n\t\t\t\t\t\t\t<\/div>\n\t\t\t\t\t\t<\/div>\n\t\t\t\t\t<\/div>\t\t\t\n\t\t\t\t<\/div>\n\t\t\n\t\t\n\t\t\t\t<div class=\"vc_row wpb_row vc_row-fluid\">\n\t\t\t\t\t<div class=\"wpb_column vc_column_container vc_col-sm-12\">\n\t\t\t\t\t\t<div class=\"vc_column-inner \">\n\t\t\t\t\t\t\t<div class=\"wpb_wrapper\">\n\t\t\t\t\t\t\t\t<p class=\"form-row\">\n\t\t\t\t\t\t\t\t\t<label for=\"user_company\">Soci\u00e9t\u00e9 \/ \u00e9tablissement<\/label>\n\t\t\t\t\t\t\t\t\t<input type=\"text\" name=\"user_company\" id=\"user-company\">\n\t\t\t\t\t\t\t\t<\/p>\n\t\t\t\t\t\t\t<\/div>\n\t\t\t\t\t\t<\/div>\n\t\t\t\t\t<\/div>\t\t\t\t\t\t\n\t\t\t\t<\/div>\n\t\t\n\t\t\n\t\t\t\t<div class=\"vc_row wpb_row vc_row-fluid\">\n\t\t\t\t\t<div class=\"wpb_column vc_column_container vc_col-sm-4\">\n\t\t\t\t\t\t<div class=\"vc_column-inner \">\n\t\t\t\t\t\t\t<div class=\"wpb_wrapper\">\n\t\t\t\t\t\t\t\t<p class=\"form-row\">\n\t\t\t\t\t\t\t\t\t<label for=\"user_address\">Addresse<\/label>\n\t\t\t\t\t\t\t\t\t<input type=\"text\" name=\"user_address\" id=\"user-address\">\n\t\t\t\t\t\t\t\t<\/p>\n\t\t\t\t\t\t\t<\/div>\n\t\t\t\t\t\t<\/div>\n\t\t\t\t\t<\/div>\n\t\t\t\t\t<div class=\"wpb_column vc_column_container vc_col-sm-4\">\n\t\t\t\t\t\t<div class=\"vc_column-inner \">\n\t\t\t\t\t\t\t<div class=\"wpb_wrapper\">\n\t\t\t\t\t\t\t\t<p class=\"form-row\">\n\t\t\t\t\t\t\t\t\t<label for=\"user_city\">Ville<\/label>\n\t\t\t\t\t\t\t\t\t<input type=\"text\" name=\"user_city\" id=\"user-city\">\n\t\t\t\t\t\t\t\t<\/p>\n\t\t\t\t\t\t\t<\/div>\n\t\t\t\t\t\t<\/div>\n\t\t\t\t\t<\/div>\n\t\t\t\t\t<div class=\"wpb_column vc_column_container vc_col-sm-4\">\n\t\t\t\t\t\t<div class=\"vc_column-inner \">\n\t\t\t\t\t\t\t<div class=\"wpb_wrapper\">\n\t\t\t\t\t\t\t\t<p class=\"form-row\">\n\t\t\t\t\t\t\t\t\t<label for=\"user_country\">Pays <strong>*<\/strong><\/label>\n\t\t\t\t\t\t\t\t\t<input type=\"text\" name=\"user_country\" id=\"user-country\">\n\t\t\t\t\t\t\t\t<\/p>\n\t\t\t\t\t\t\t<\/div>\n\t\t\t\t\t\t<\/div>\n\t\t\t\t\t<\/div>\t\t\t\t\t\t\t\t\t\t\t\t\n\t\t\t\t<\/div>\t\t\n\t\t\n\t\t\n\t\t\n\t\t\t\t<div class=\"vc_row wpb_row vc_row-fluid\">\n\t\t\t\t\t<div class=\"wpb_column vc_column_container vc_col-sm-4\">\n\t\t\t\t\t\t<div class=\"vc_column-inner \">\n\t\t\t\t\t\t\t<div class=\"wpb_wrapper\">\n\t\t\t\t\t\t\t\t<p class=\"form-row\">\n\t\t\t\t\t\t\t\t\t<label for=\"user_type\">Type d'utilisateur <strong>*<\/strong><\/label>\n\t\t\t\t\t\n\t\t\t\t\t\t\t\t\t<select name=\"user_type\" id=\"user-type\">\n\t\t\t\t\t\t\t\t\t  <option value=\"role_importador\">Importador<\/option>\n\t\t\t\t\t\t\t\t\t  <option value=\"role_distribuidor\">Distribuidor<\/option>\n\t\t\t\t\t\t\t\t\t  <option value=\"role_minorista\">Minorista<\/option>\n\t\t\t\t\t\t\t\t\t  <option value=\"role_comunicacion\">Profesional Comunicaci\u00f3n<\/option>\n\t\t\t\t\t\t\t\t\t  <option value=\"role_socio\">Socio CJSE<\/option>\n\t\t\t\t\t\t\t\t\t<\/select>\n\t\t\t\t\t\t\t\t\t<input type=\"hidden\" name=\"lang\" value=\"fr\">\n\t\t\t\t\t\t\t\t<\/p>\n\t\t\t\t\t\t\t<\/div>\n\t\t\t\t\t\t<\/div>\n\t\t\t\t\t<\/div>\n\t\t\t\t\t<div class=\"wpb_column vc_column_container vc_col-sm-4\">\n\t\t\t\t\t\t<div class=\"vc_column-inner \">\n\t\t\t\t\t\t\t<div class=\"wpb_wrapper\">\n\t\t\t\t\t\t\t\t<p class=\"form-row\">\n\t\t\t\t\t\t\t\t\t<label for=\"user_phone\">T\u00e9l\u00e9phone<\/label>\n\t\t\t\t\t\t\t\t\t<input type=\"text\" name=\"user_phone\" id=\"user-phone\">\n\t\t\t\t\t\t\t\t<\/p>\n\t\t\t\t\t\t\t<\/div>\n\t\t\t\t\t\t<\/div>\n\t\t\t\t\t<\/div>\t\n\t\t\t\t\t<div class=\"wpb_column vc_column_container vc_col-sm-4\">\n\t\t\t\t\t\t<div class=\"vc_column-inner \">\n\t\t\t\t\t\t\t<div class=\"wpb_wrapper\">\n\t\t\t\t\t\t\t\t<p class=\"form-row\">\n\t\t\t\t\t\t\t\t\t<label for=\"user_lang\">La langue <strong>*<\/strong><\/label>\n\n\t\t\t\t\t\t\t\t\t<select name=\"user_lang\" id=\"user_lang\">\n\t\t\t\t\t\t\t\t\t  <option value=\"es\">Espanol<\/option>\n\t\t\t\t\t\t\t\t\t  <option value=\"en\">Anglais<\/option>\n\t\t\t\t\t\t\t\t\t  <option value=\"de\">Allemand<\/option>\n\t\t\t\t\t\t\t\t\t  <option value=\"fr\">Fran\u00e7ais<\/option>\n\t\t\t\t\t\t\t\t\t  <option value=\"nl\">N\u00e9erlandais<\/option>\n\t\t\t\t\t\t\t\t\t  <option value=\"it\">Italien<\/option>\n\t\t\t\t\t\t\t\t\t  <option value=\"zh-hans\">Chinese<\/option>\n\t\t\t\t\t\t\t\t\t<\/select>\n\n\n\t\t\t\t\t\t\t\t<\/p>\n\t\t\t\t\t\t\t<\/div>\n\t\t\t\t\t\t<\/div>\n\t\t\t\t\t<\/div>\t\t\t\t\t\t\t\t\n\t\t\t\t<\/div>\n\t\t\n\t\t\n\t\t\t\t<div class=\"vc_row wpb_row vc_row-fluid\">\n\t\t\t\t\t<div class=\"wpb_column vc_column_container vc_col-sm-12\">\n\t\t\t\t\t\t<div class=\"vc_column-inner \">\n\t\t\t\t\t\t\t<div class=\"wpb_wrapper\">\n\t\t\t\t\t\t\t\t<p class=\"form-row\">\n\t\t\t\t\t\t\t\t\t<input id=\"user_newsletter\" name=\"user_newsletter\" value=\"1\" type=\"checkbox\"> \n\t\t\t\t\t\t\t\t\t<!--Suscr\u00edbase a nuestro bolet\u00edn de noticias!-->\n\t\t\t\t\t\t\t\t\tAbonnez-vous \u00e0 notre newsletter!\r\n\t\t\t\t\t\t\t\t\t<br \/>\n\t\t\t\t\t\t\t\t\n\t\t\t\t\t\t\t\t\t<input name=\"user_privacy\" id=\"user_privacy\" value=\"1\" type=\"checkbox\"> \n\t\t\t\t\t\t\t\t\t<!-- Acepto los t\u00e9rminos y condiciones incluidos en su <a href=\"#\">Pol\u00edtica de Privacidad<\/a><sup> *<\/sup>-->\n\t\t\t\t\t\t\t\t\tJ'accepte les termes et conditions inclus dans votre\t\t\t\t\t\t\t\t\t<a target=\"_blank\" href=\"https:\/\/consorcioserrano.es\/fr\/politique-de-confidentialite\/\" >Politique de confidentialit\u00e9<\/a><sup> *<\/sup>\n\t\t\t\t\t\t\t\t<\/p>\n\t\t\t\t\t\t\t<\/div>\n\t\t\t\t\t\t<\/div>\n\t\t\t\t\t<\/div>\t\t\t\t\t\t\n\t\t\t\t<\/div>\n\t\t\n\t\t\t\t<div class=\"vc_row wpb_row vc_row-fluid\">\n\t\t\t\t\t<div class=\"wpb_column vc_column_container vc_col-sm-12\">\n\t\t\t\t\t\t<div class=\"vc_column-inner \">\n\t\t\t\t\t\t\t<div class=\"wpb_wrapper\">\n\t\t\t\t\t\t\t\t<p class=\"form-row\">\n\t\t\t\t\t\t\t\t\t<strong>*<\/strong> Champs requis\t\t\t\t\t\t\t\t<\/p>\n\t\t\t\t\t\t\t<\/div>\n\t\t\t\t\t\t<\/div>\n\t\t\t\t\t<\/div>\t\t\t\t\t\t\n\t\t\t\t<\/div>\t\t\n\n\t\t\n\t\t\n\t\t\n\t\t\n\t\t\t\t<!--\n\t\t\t\t<p class=\"form-row\">\n\t\t\t\t\tRemarque: Votre mot de passe sera g\u00e9n\u00e9r\u00e9 automatiquement et envoy\u00e9 par courrier \u00e9lectronique \u00e0 l'adresse que vous avez indiqu\u00e9e ci-dessus.\t\t\t\t<\/p>\n\t\t-->\n\t\t\t\t\t\t\t\t\t<div class=\"recaptcha-container\">\n\t\t\t\t\t\t<div class=\"g-recaptcha\" data-sitekey=\"6Ldv9jUUAAAAADgv7yIdz4BDr8PcZ_D6ETpZqOAp\"><\/div>\n\t\t\t\t\t<\/div>\n\t\t\t\t\t\t\t\t\n\n\n\t\t\t\t<div class=\"vc_row wpb_row vc_row-fluid\">\n\t\t\t\t\t<div class=\"wpb_column vc_column_container vc_col-sm-12\">\n\t\t\t\t\t\t<div class=\"vc_column-inner \">\n\t\t\t\t\t\t\t<div class=\"wpb_wrapper\">\n\t\t\t\t\t\t\t\t<p class=\"signup-submit\">\n\t\t\t\t\t\t\t\t\t<input type=\"submit\" name=\"submit\" class=\"register-button button\"\n\t\t\t\t\t\t\t\t\t       value=\"Registre\"\/><br \/>\n\t\t\t\t\t\t\t\t<\/p>\n\t\t\t\t\t\t\t<\/div>\n\t\t\t\t\t\t<\/div>\n\t\t\t\t\t<\/div>\t\t\t\t\t\t\n\t\t\t\t<\/div>\n\t\t\n\n\n\t\t\t\t\n\t\t\t<\/form>\n\t\t\t<div class=\"wpb_column vc_column_container vc_col-sm-9\">\n\n\t\t\t\t\t\t\t\n\t\t\t\t\t\t\t\t\t<table class=\"tabla-privacidad\">\n\t\t\t<thead>\n\t\t\t<tr>\n\t\t\t<td colspan=\"2\">Informations de protection des donn\u00e9es<\/td>\n\t\t\t<\/tr>\n\t\t\t<\/thead>\n\t\t\t<tbody>\n\t\t\t<tr>\n\t\t\t<td>Responsable<\/td>\n\t\t\t<td>Consorcio del Jam\u00f3n Serrano Espa\u00f1ol<\/td>\n\t\t\t<\/tr>\n\t\t\t<tr>\n\t\t\t<td>Description des services fournis<\/td>\n\t\t\t<td>R\u00e9pondre aux informations demand\u00e9es, ainsi que fournir des informations sur les produits ou services du Consorcio et du secteur.<\/td>\n\t\t\t<\/tr>\n\t\t\t<tr>\n\t\t\t<td>L\u00e9gitimation<\/td>\n\t\t\t<td>Consentement de la partie int\u00e9ress\u00e9e<\/td>\n\t\t\t<\/tr>\n\t\t\t<tr>\n\t\t\t<td>Destinataires<\/td>\n\t\t\t<td>Les donn\u00e9es saisies sur le site Web consorcioserrano.es peuvent \u00eatre transf\u00e9r\u00e9es aux soci\u00e9t\u00e9s associ\u00e9es au Consorcio JSE.<\/td>\n\t\t\t<\/tr>\n\t\t\t<tr>\n\t\t\t<td>Droits<\/td>\n\t\t\t<td>L'utilisateur a le droit d'acc\u00e9der, rectifier et supprimer les donn\u00e9es, ainsi que d'autres droits, comme expliqu\u00e9 dans les informations suppl\u00e9mentaires.\n\t\t\tInformation compl\u00e9mentaire.<\/td>\n\t\t\t<\/tr>\n\t\t\t<tr>\n\t\t\t<td>Information compl\u00e9mentaire<\/td>\n\t\t\t<td>Vous pouvez consulter les informations suppl\u00e9mentaires et d\u00e9taill\u00e9es sur la protection des donn\u00e9es sur notre site Web: <a href=\"https:\/\/consorcioserrano.es\/fr\/politique-de-confidentialite\/\" target=\"_blank\" rel=\"noopener\">https:\/\/consorcioserrano.es\/fr\/politique-de-confidentialite\/<\/a><\/td>\n\t\t\t<\/tr>\n\t\t\t<\/tbody>\n\t\t\t<\/table>           \n\t\t\t            \t\t\t<\/div>\n\t\t<\/div>\n\t\t<div class=\"wpb_column vc_column_container vc_col-sm-2\">\n\n\t\t<\/div>\t\n<\/div>\n<\/div>","protected":false},"excerpt":{"rendered":"Pr\u00e9nom * Nom * E-mail * Mot de passe * Soci\u00e9t\u00e9 \/ \u00e9tablissement Addresse Ville Pays * Type d'utilisateur * Importador Distribuidor Minorista Profesional Comunicaci\u00f3n Socio<span class=\"excerpt-hellip\"> [\u2026]<\/span>","protected":false},"author":1,"featured_media":0,"parent":0,"menu_order":0,"comment_status":"closed","ping_status":"closed","template":"","meta":{"_acf_changed":false,"footnotes":""},"class_list":["post-3530","page","type-page","status-publish","hentry","sections_group lang-fr"],"yoast_head":"<!-- This site is optimized with the Yoast SEO plugin v27.2 - https:\/\/yoast.com\/product\/yoast-seo-wordpress\/ -->\n<title>Utilisateur - Inscription - Consorcio Jambon Serrano<\/title>\n<meta name=\"description\" content=\"ConsorcioSerrano : Jambon serrano haut de gamme certifi\u00e9 - S\u00e9lection manuelle de chaque jambon espagnol - Elaboration, d\u00e9coupe, tapas espagnoles\" \/>\n<meta name=\"robots\" content=\"index, follow, max-snippet:-1, max-image-preview:large, max-video-preview:-1\" \/>\n<link rel=\"canonical\" href=\"https:\/\/consorcioserrano.es\/fr\/utilisateur-inscription\/\" \/>\n<meta property=\"og:locale\" content=\"fr_FR\" \/>\n<meta property=\"og:type\" content=\"article\" \/>\n<meta property=\"og:title\" content=\"Utilisateur - Inscription - Consorcio Jambon Serrano\" \/>\n<meta property=\"og:description\" content=\"ConsorcioSerrano : Jambon serrano haut de gamme certifi\u00e9 - S\u00e9lection manuelle de chaque jambon espagnol - Elaboration, d\u00e9coupe, tapas espagnoles\" \/>\n<meta property=\"og:url\" content=\"https:\/\/consorcioserrano.es\/fr\/utilisateur-inscription\/\" \/>\n<meta property=\"og:site_name\" content=\"Consorcio del Jam\u00f3n Serrano\" \/>\n<meta property=\"article:modified_time\" content=\"2017-11-16T16:15:35+00:00\" \/>\n<meta property=\"og:image\" content=\"http:\/\/consorcioserrano.es\/wp-content\/uploads\/2017\/11\/social-consorcio-serrano.jpg\" \/>\n<meta name=\"twitter:card\" content=\"summary_large_image\" \/>\n<script type=\"application\/ld+json\" class=\"yoast-schema-graph\">{\"@context\":\"https:\/\/schema.org\",\"@graph\":[{\"@type\":\"WebPage\",\"@id\":\"https:\/\/consorcioserrano.es\/fr\/utilisateur-inscription\/\",\"url\":\"https:\/\/consorcioserrano.es\/fr\/utilisateur-inscription\/\",\"name\":\"Utilisateur - Inscription - Consorcio Jambon Serrano\",\"isPartOf\":{\"@id\":\"https:\/\/consorcioserrano.es\/#website\"},\"datePublished\":\"2017-11-10T13:01:52+00:00\",\"dateModified\":\"2017-11-16T16:15:35+00:00\",\"description\":\"ConsorcioSerrano : Jambon serrano haut de gamme certifi\u00e9 - S\u00e9lection manuelle de chaque jambon espagnol - Elaboration, d\u00e9coupe, tapas espagnoles\",\"breadcrumb\":{\"@id\":\"https:\/\/consorcioserrano.es\/fr\/utilisateur-inscription\/#breadcrumb\"},\"inLanguage\":\"fr-FR\",\"potentialAction\":[{\"@type\":\"ReadAction\",\"target\":[\"https:\/\/consorcioserrano.es\/fr\/utilisateur-inscription\/\"]}]},{\"@type\":\"BreadcrumbList\",\"@id\":\"https:\/\/consorcioserrano.es\/fr\/utilisateur-inscription\/#breadcrumb\",\"itemListElement\":[{\"@type\":\"ListItem\",\"position\":1,\"name\":\"Portada\",\"item\":\"https:\/\/consorcioserrano.es\/fr\/\"},{\"@type\":\"ListItem\",\"position\":2,\"name\":\"Utilisateur &#8211; Inscription\"}]},{\"@type\":\"WebSite\",\"@id\":\"https:\/\/consorcioserrano.es\/#website\",\"url\":\"https:\/\/consorcioserrano.es\/\",\"name\":\"Consorcio del Jam\u00f3n Serrano\",\"description\":\"ConsorcioSerrano : Jambon serrano haut de gamme certifi\u00e9 - S\u00e9lection manuelle de chaque jambon espagnol - Elaboration, d\u00e9coupe, tapas espagnoles\",\"potentialAction\":[{\"@type\":\"SearchAction\",\"target\":{\"@type\":\"EntryPoint\",\"urlTemplate\":\"https:\/\/consorcioserrano.es\/?s={search_term_string}\"},\"query-input\":{\"@type\":\"PropertyValueSpecification\",\"valueRequired\":true,\"valueName\":\"search_term_string\"}}],\"inLanguage\":\"fr-FR\"}]}<\/script>\n<!-- \/ Yoast SEO plugin. -->","yoast_head_json":{"title":"Utilisateur - Inscription - Consorcio Jambon Serrano","description":"ConsorcioSerrano : Jambon serrano haut de gamme certifi\u00e9 - S\u00e9lection manuelle de chaque jambon espagnol - Elaboration, d\u00e9coupe, tapas espagnoles","robots":{"index":"index","follow":"follow","max-snippet":"max-snippet:-1","max-image-preview":"max-image-preview:large","max-video-preview":"max-video-preview:-1"},"canonical":"https:\/\/consorcioserrano.es\/fr\/utilisateur-inscription\/","og_locale":"fr_FR","og_type":"article","og_title":"Utilisateur - Inscription - Consorcio Jambon Serrano","og_description":"ConsorcioSerrano : Jambon serrano haut de gamme certifi\u00e9 - S\u00e9lection manuelle de chaque jambon espagnol - Elaboration, d\u00e9coupe, tapas espagnoles","og_url":"https:\/\/consorcioserrano.es\/fr\/utilisateur-inscription\/","og_site_name":"Consorcio del Jam\u00f3n Serrano","article_modified_time":"2017-11-16T16:15:35+00:00","og_image":[{"url":"http:\/\/consorcioserrano.es\/wp-content\/uploads\/2017\/11\/social-consorcio-serrano.jpg","type":"","width":"","height":""}],"twitter_card":"summary_large_image","schema":{"@context":"https:\/\/schema.org","@graph":[{"@type":"WebPage","@id":"https:\/\/consorcioserrano.es\/fr\/utilisateur-inscription\/","url":"https:\/\/consorcioserrano.es\/fr\/utilisateur-inscription\/","name":"Utilisateur - Inscription - Consorcio Jambon Serrano","isPartOf":{"@id":"https:\/\/consorcioserrano.es\/#website"},"datePublished":"2017-11-10T13:01:52+00:00","dateModified":"2017-11-16T16:15:35+00:00","description":"ConsorcioSerrano : Jambon serrano haut de gamme certifi\u00e9 - S\u00e9lection manuelle de chaque jambon espagnol - Elaboration, d\u00e9coupe, tapas espagnoles","breadcrumb":{"@id":"https:\/\/consorcioserrano.es\/fr\/utilisateur-inscription\/#breadcrumb"},"inLanguage":"fr-FR","potentialAction":[{"@type":"ReadAction","target":["https:\/\/consorcioserrano.es\/fr\/utilisateur-inscription\/"]}]},{"@type":"BreadcrumbList","@id":"https:\/\/consorcioserrano.es\/fr\/utilisateur-inscription\/#breadcrumb","itemListElement":[{"@type":"ListItem","position":1,"name":"Portada","item":"https:\/\/consorcioserrano.es\/fr\/"},{"@type":"ListItem","position":2,"name":"Utilisateur &#8211; Inscription"}]},{"@type":"WebSite","@id":"https:\/\/consorcioserrano.es\/#website","url":"https:\/\/consorcioserrano.es\/","name":"Consorcio del Jam\u00f3n Serrano","description":"ConsorcioSerrano : Jambon serrano haut de gamme certifi\u00e9 - S\u00e9lection manuelle de chaque jambon espagnol - Elaboration, d\u00e9coupe, tapas espagnoles","potentialAction":[{"@type":"SearchAction","target":{"@type":"EntryPoint","urlTemplate":"https:\/\/consorcioserrano.es\/?s={search_term_string}"},"query-input":{"@type":"PropertyValueSpecification","valueRequired":true,"valueName":"search_term_string"}}],"inLanguage":"fr-FR"}]}},"acf":[],"_links":{"self":[{"href":"https:\/\/consorcioserrano.es\/fr\/wp-json\/wp\/v2\/pages\/3530","targetHints":{"allow":["GET"]}}],"collection":[{"href":"https:\/\/consorcioserrano.es\/fr\/wp-json\/wp\/v2\/pages"}],"about":[{"href":"https:\/\/consorcioserrano.es\/fr\/wp-json\/wp\/v2\/types\/page"}],"author":[{"embeddable":true,"href":"https:\/\/consorcioserrano.es\/fr\/wp-json\/wp\/v2\/users\/1"}],"replies":[{"embeddable":true,"href":"https:\/\/consorcioserrano.es\/fr\/wp-json\/wp\/v2\/comments?post=3530"}],"version-history":[{"count":0,"href":"https:\/\/consorcioserrano.es\/fr\/wp-json\/wp\/v2\/pages\/3530\/revisions"}],"wp:attachment":[{"href":"https:\/\/consorcioserrano.es\/fr\/wp-json\/wp\/v2\/media?parent=3530"}],"curies":[{"name":"wp","href":"https:\/\/api.w.org\/{rel}","templated":true}]}}