{"id":4557,"date":"2017-11-16T12:25:54","date_gmt":"2017-11-16T11:25:54","guid":{"rendered":"http:\/\/consorcioserrano.es\/?page_id=4557"},"modified":"2017-11-16T17:14:16","modified_gmt":"2017-11-16T16:14:16","slug":"utilisateur-choisissez-un-nouveau-mot-de-passe","status":"publish","type":"page","link":"https:\/\/consorcioserrano.es\/fr\/utilisateur-choisissez-un-nouveau-mot-de-passe\/","title":{"rendered":"Utilisateur &#8211; Choisissez un nouveau mot de passe"},"content":{"rendered":"Mot de passe invalide, r\u00e9initialiser le lien.\n","protected":false},"excerpt":{"rendered":"Mot de passe invalide, r\u00e9initialiser le lien.","protected":false},"author":1,"featured_media":0,"parent":0,"menu_order":0,"comment_status":"closed","ping_status":"closed","template":"","meta":{"_acf_changed":false,"footnotes":""},"class_list":["post-4557","page","type-page","status-publish","hentry","sections_group lang-fr"],"yoast_head":"<!-- This site is optimized with the Yoast SEO plugin v27.2 - https:\/\/yoast.com\/product\/yoast-seo-wordpress\/ -->\n<title>Utilisateur - Choisissez un nouveau mot de passe - Consorcio Jambon Serrano<\/title>\n<meta name=\"description\" content=\"ConsorcioSerrano : Jambon serrano haut de gamme certifi\u00e9 - S\u00e9lection manuelle de chaque jambon espagnol - Elaboration, d\u00e9coupe, tapas espagnoles\" \/>\n<meta name=\"robots\" content=\"index, follow, max-snippet:-1, max-image-preview:large, max-video-preview:-1\" \/>\n<link rel=\"canonical\" href=\"https:\/\/consorcioserrano.es\/fr\/utilisateur-choisissez-un-nouveau-mot-de-passe\/\" \/>\n<meta property=\"og:locale\" content=\"fr_FR\" \/>\n<meta property=\"og:type\" content=\"article\" \/>\n<meta property=\"og:title\" content=\"Utilisateur - Choisissez un nouveau mot de passe - Consorcio Jambon Serrano\" \/>\n<meta property=\"og:description\" content=\"ConsorcioSerrano : Jambon serrano haut de gamme certifi\u00e9 - S\u00e9lection manuelle de chaque jambon espagnol - Elaboration, d\u00e9coupe, tapas espagnoles\" \/>\n<meta property=\"og:url\" content=\"https:\/\/consorcioserrano.es\/fr\/utilisateur-choisissez-un-nouveau-mot-de-passe\/\" \/>\n<meta property=\"og:site_name\" content=\"Consorcio del Jam\u00f3n Serrano\" \/>\n<meta property=\"article:modified_time\" content=\"2017-11-16T16:14:16+00:00\" \/>\n<meta property=\"og:image\" content=\"http:\/\/consorcioserrano.es\/wp-content\/uploads\/2017\/11\/social-consorcio-serrano.jpg\" \/>\n<meta name=\"twitter:card\" content=\"summary_large_image\" \/>\n<script type=\"application\/ld+json\" class=\"yoast-schema-graph\">{\"@context\":\"https:\/\/schema.org\",\"@graph\":[{\"@type\":\"WebPage\",\"@id\":\"https:\/\/consorcioserrano.es\/fr\/utilisateur-choisissez-un-nouveau-mot-de-passe\/\",\"url\":\"https:\/\/consorcioserrano.es\/fr\/utilisateur-choisissez-un-nouveau-mot-de-passe\/\",\"name\":\"Utilisateur - Choisissez un nouveau mot de passe - Consorcio Jambon Serrano\",\"isPartOf\":{\"@id\":\"https:\/\/consorcioserrano.es\/#website\"},\"datePublished\":\"2017-11-16T11:25:54+00:00\",\"dateModified\":\"2017-11-16T16:14:16+00:00\",\"description\":\"ConsorcioSerrano : Jambon serrano haut de gamme certifi\u00e9 - S\u00e9lection manuelle de chaque jambon espagnol - Elaboration, d\u00e9coupe, tapas espagnoles\",\"breadcrumb\":{\"@id\":\"https:\/\/consorcioserrano.es\/fr\/utilisateur-choisissez-un-nouveau-mot-de-passe\/#breadcrumb\"},\"inLanguage\":\"fr-FR\",\"potentialAction\":[{\"@type\":\"ReadAction\",\"target\":[\"https:\/\/consorcioserrano.es\/fr\/utilisateur-choisissez-un-nouveau-mot-de-passe\/\"]}]},{\"@type\":\"BreadcrumbList\",\"@id\":\"https:\/\/consorcioserrano.es\/fr\/utilisateur-choisissez-un-nouveau-mot-de-passe\/#breadcrumb\",\"itemListElement\":[{\"@type\":\"ListItem\",\"position\":1,\"name\":\"Portada\",\"item\":\"https:\/\/consorcioserrano.es\/fr\/\"},{\"@type\":\"ListItem\",\"position\":2,\"name\":\"Utilisateur &#8211; Choisissez un nouveau mot de passe\"}]},{\"@type\":\"WebSite\",\"@id\":\"https:\/\/consorcioserrano.es\/#website\",\"url\":\"https:\/\/consorcioserrano.es\/\",\"name\":\"Consorcio del Jam\u00f3n Serrano\",\"description\":\"ConsorcioSerrano : Jambon serrano haut de gamme certifi\u00e9 - S\u00e9lection manuelle de chaque jambon espagnol - Elaboration, d\u00e9coupe, tapas espagnoles\",\"potentialAction\":[{\"@type\":\"SearchAction\",\"target\":{\"@type\":\"EntryPoint\",\"urlTemplate\":\"https:\/\/consorcioserrano.es\/?s={search_term_string}\"},\"query-input\":{\"@type\":\"PropertyValueSpecification\",\"valueRequired\":true,\"valueName\":\"search_term_string\"}}],\"inLanguage\":\"fr-FR\"}]}<\/script>\n<!-- \/ Yoast SEO plugin. -->","yoast_head_json":{"title":"Utilisateur - Choisissez un nouveau mot de passe - Consorcio Jambon Serrano","description":"ConsorcioSerrano : Jambon serrano haut de gamme certifi\u00e9 - S\u00e9lection manuelle de chaque jambon espagnol - Elaboration, d\u00e9coupe, tapas espagnoles","robots":{"index":"index","follow":"follow","max-snippet":"max-snippet:-1","max-image-preview":"max-image-preview:large","max-video-preview":"max-video-preview:-1"},"canonical":"https:\/\/consorcioserrano.es\/fr\/utilisateur-choisissez-un-nouveau-mot-de-passe\/","og_locale":"fr_FR","og_type":"article","og_title":"Utilisateur - Choisissez un nouveau mot de passe - Consorcio Jambon Serrano","og_description":"ConsorcioSerrano : Jambon serrano haut de gamme certifi\u00e9 - S\u00e9lection manuelle de chaque jambon espagnol - Elaboration, d\u00e9coupe, tapas espagnoles","og_url":"https:\/\/consorcioserrano.es\/fr\/utilisateur-choisissez-un-nouveau-mot-de-passe\/","og_site_name":"Consorcio del Jam\u00f3n Serrano","article_modified_time":"2017-11-16T16:14:16+00:00","og_image":[{"url":"http:\/\/consorcioserrano.es\/wp-content\/uploads\/2017\/11\/social-consorcio-serrano.jpg","type":"","width":"","height":""}],"twitter_card":"summary_large_image","schema":{"@context":"https:\/\/schema.org","@graph":[{"@type":"WebPage","@id":"https:\/\/consorcioserrano.es\/fr\/utilisateur-choisissez-un-nouveau-mot-de-passe\/","url":"https:\/\/consorcioserrano.es\/fr\/utilisateur-choisissez-un-nouveau-mot-de-passe\/","name":"Utilisateur - Choisissez un nouveau mot de passe - Consorcio Jambon Serrano","isPartOf":{"@id":"https:\/\/consorcioserrano.es\/#website"},"datePublished":"2017-11-16T11:25:54+00:00","dateModified":"2017-11-16T16:14:16+00:00","description":"ConsorcioSerrano : Jambon serrano haut de gamme certifi\u00e9 - S\u00e9lection manuelle de chaque jambon espagnol - Elaboration, d\u00e9coupe, tapas espagnoles","breadcrumb":{"@id":"https:\/\/consorcioserrano.es\/fr\/utilisateur-choisissez-un-nouveau-mot-de-passe\/#breadcrumb"},"inLanguage":"fr-FR","potentialAction":[{"@type":"ReadAction","target":["https:\/\/consorcioserrano.es\/fr\/utilisateur-choisissez-un-nouveau-mot-de-passe\/"]}]},{"@type":"BreadcrumbList","@id":"https:\/\/consorcioserrano.es\/fr\/utilisateur-choisissez-un-nouveau-mot-de-passe\/#breadcrumb","itemListElement":[{"@type":"ListItem","position":1,"name":"Portada","item":"https:\/\/consorcioserrano.es\/fr\/"},{"@type":"ListItem","position":2,"name":"Utilisateur &#8211; Choisissez un nouveau mot de passe"}]},{"@type":"WebSite","@id":"https:\/\/consorcioserrano.es\/#website","url":"https:\/\/consorcioserrano.es\/","name":"Consorcio del Jam\u00f3n Serrano","description":"ConsorcioSerrano : Jambon serrano haut de gamme certifi\u00e9 - S\u00e9lection manuelle de chaque jambon espagnol - Elaboration, d\u00e9coupe, tapas espagnoles","potentialAction":[{"@type":"SearchAction","target":{"@type":"EntryPoint","urlTemplate":"https:\/\/consorcioserrano.es\/?s={search_term_string}"},"query-input":{"@type":"PropertyValueSpecification","valueRequired":true,"valueName":"search_term_string"}}],"inLanguage":"fr-FR"}]}},"acf":[],"_links":{"self":[{"href":"https:\/\/consorcioserrano.es\/fr\/wp-json\/wp\/v2\/pages\/4557","targetHints":{"allow":["GET"]}}],"collection":[{"href":"https:\/\/consorcioserrano.es\/fr\/wp-json\/wp\/v2\/pages"}],"about":[{"href":"https:\/\/consorcioserrano.es\/fr\/wp-json\/wp\/v2\/types\/page"}],"author":[{"embeddable":true,"href":"https:\/\/consorcioserrano.es\/fr\/wp-json\/wp\/v2\/users\/1"}],"replies":[{"embeddable":true,"href":"https:\/\/consorcioserrano.es\/fr\/wp-json\/wp\/v2\/comments?post=4557"}],"version-history":[{"count":0,"href":"https:\/\/consorcioserrano.es\/fr\/wp-json\/wp\/v2\/pages\/4557\/revisions"}],"wp:attachment":[{"href":"https:\/\/consorcioserrano.es\/fr\/wp-json\/wp\/v2\/media?parent=4557"}],"curies":[{"name":"wp","href":"https:\/\/api.w.org\/{rel}","templated":true}]}}