{"id":7043,"date":"2018-05-22T09:05:42","date_gmt":"2018-05-22T08:05:42","guid":{"rendered":"http:\/\/consorcioserrano.es\/?page_id=7043"},"modified":"2018-05-31T11:59:16","modified_gmt":"2018-05-31T10:59:16","slug":"politique-de-confidentialite","status":"publish","type":"page","link":"https:\/\/consorcioserrano.es\/fr\/politique-de-confidentialite\/","title":{"rendered":"Pol\u00edtica de protecci\u00f3n de datos"},"content":{"rendered":"<div class=\"wpb-content-wrapper\"><p>[vc_row][vc_column el_class=\u00a0\u00bbpanel-special-content\u00a0\u00bb][vc_column_text el_class=\u00a0\u00bbvc_quote_consorcio\u00a0\u00bb]<\/p>\n<div class=\"vc_quote_consorcio_icon\"><img loading=\"lazy\" decoding=\"async\" class=\"alignnone size-full wp-image-1101\" src=\"http:\/\/consorcioserrano.es\/wp-content\/uploads\/2017\/10\/comillas-abrir-1.png\" alt=\"\" width=\"59\" height=\"53\" srcset=\"https:\/\/consorcioserrano.es\/wp-content\/uploads\/2017\/10\/comillas-abrir-1.png 59w, https:\/\/consorcioserrano.es\/wp-content\/uploads\/2017\/10\/comillas-abrir-1-50x45.png 50w\" sizes=\"auto, (max-width:767px) 59px, 59px\" \/><\/div>\n<div class=\"vc_quote_consorcio_content\">\n<h1><strong>Politique de confidentialit\u00e9<\/strong>\u00a0<img loading=\"lazy\" decoding=\"async\" class=\"alignnone size-full wp-image-1100\" src=\"http:\/\/consorcioserrano.es\/wp-content\/uploads\/2017\/10\/comillas-cerrar-1.png\" alt=\"\" width=\"59\" height=\"53\" srcset=\"https:\/\/consorcioserrano.es\/wp-content\/uploads\/2017\/10\/comillas-cerrar-1.png 59w, https:\/\/consorcioserrano.es\/wp-content\/uploads\/2017\/10\/comillas-cerrar-1-50x45.png 50w\" sizes=\"auto, (max-width:767px) 59px, 59px\" \/><\/h1>\n<\/div>\n<p>[\/vc_column_text][\/vc_column][\/vc_row][vc_row][vc_column el_class=\u00a0\u00bbpanel-special-content\u00a0\u00bb][vc_column_text]La presente Pol\u00edtica de Protecci\u00f3n de Datos es de conformidad con lo establecido en el Reglamento (UE) 2016\/679, de 27 de Abril de 2016, en referencia a los art\u00edculos 13 y 14.<\/p>\n<p><strong>\u00bfQui\u00e9n es el Responsable del tratamiento de sus datos? <\/strong><\/p>\n<p>Identidad:\u00a0CONSORCIO DEL JAM\u00d3N SERRANO ESPA\u00d1OL<\/p>\n<p>Direcci\u00f3n postal: C\/ de la Bas\u00edlica, 19, 9oA, 28020 Madrid<\/p>\n<p>Tel\u00e9fono: (+34) 917 356 085<\/p>\n<p>Contacto: <a href=\"http:\/\/consorcioserrano.es\/contactanos\/\">http:\/\/consorcioserrano.es\/contactanos\/<\/a><\/p>\n<p>&nbsp;<\/p>\n<p><strong>\u00bfCon que\u0301 finalidad tratamos sus datos personales? <\/strong><\/p>\n<p>Los datos recabados se hacen con la finalidad de la gesti\u00f3n y archivo de los datos necesarios para la prestaci\u00f3n de servicios, mantenimiento de la relaci\u00f3n empresa-cliente y para la gesti\u00f3n interna de la empresa.<\/p>\n<p>Los datos recabados a trav\u00e9s de los formularios tambi\u00e9n ser\u00e1n objeto de env\u00edo comunicaciones comerciales.<\/p>\n<p><strong>\u00bfPor cu\u00e1nto tiempo conservaremos sus datos? <\/strong><\/p>\n<p>Los datos personales recogidos a trav\u00e9s de los formularios de la web se conservar\u00e1n indefinidamente hasta que se solicite la supresi\u00f3n por parte del interesado.<\/p>\n<p><strong>\u00bfCu\u00e1l es la legitimaci\u00f3n para el tratamiento de sus datos? <\/strong><\/p>\n<p>La base legal para el tratamiento de sus datos es el consentimiento. Esto es as\u00ed porque el usuario ha manifestado expresamente su consentimiento mediante la activaci\u00f3n de la casilla he le\u00eddo y acepto.<\/p>\n<p>El usuario del Sitio Web consorcioserrano.es ser\u00e1 el \u00fanico responsable de la veracidad y exactitud de los datos aportados actuando el Consorcio JSE de buena fe como mero prestador del servicio. En caso de haber facilitado datos falsos o de terceras personas sin mediar su consentimiento para ello el Consorcio JSE se reserva el derecho a la destrucci\u00f3n inmediata de los citados datos a fin de proteger el derecho del titular o titulares de los mismos.<\/p>\n<p>El usuario del Sitio Web consorcioserrano.es se compromete a comunicar al Consorcio JSE cualquier modificaci\u00f3n que se produzca en los datos aportados.<strong>\u00a0<\/strong><\/p>\n<p><strong>\u00bfA que\u0301 destinatarios se comunicar\u00e1n sus datos? <\/strong><\/p>\n<p>Los datos que introduce en la web consorcioserrano.es pueden ser cedidos a empresas Asociadas al el Consorcio JSE u otras relacionadas comercialmente con este.<\/p>\n<p><strong>\u00bfCu\u00e1les son sus derechos cuando nos facilita sus datos? <\/strong><\/p>\n<p>Estos son sus derechos relacionados con su informaci\u00f3n personal:<\/p>\n<ul>\n<li>El derecho a <strong>ser informado<\/strong> de forma clara ANTES de que sus datos sean recogidos sobre qu\u00e9 datos est\u00e1n siendo tratados, con qu\u00e9 finalidad se tratan, donde han conseguido los datos y si los van a comunicar o los han comunicado a alguien.<\/li>\n<li>El derecho a <strong>acceder a la informaci\u00f3n<\/strong> personal para conocer qu\u00e9 datos suyos est\u00e1n siendo tratados, con qu\u00e9 finalidad se tratan, donde han conseguido los datos y si los van a comunicar o los han comunicado a alguien.<\/li>\n<li>El derecho a <strong>solicitar la correcci\u00f3n de la informaci\u00f3n personal inexacta<\/strong> que tenemos sobre usted.<\/li>\n<li>El derecho a <strong>solicitar el borrado de sus datos<\/strong>, o a interrumpir su procesamiento o recopilaci\u00f3n, en algunos casos.<\/li>\n<li>El derecho a <strong>interrumpir las comunicaciones comerciales<\/strong>.<\/li>\n<li>El derecho a <strong>solicitar que transfiramos elementos de sus datos<\/strong> tanto a usted como a otros proveedores de servicios.<\/li>\n<\/ul>\n<p><strong>\u00a0<\/strong><strong>\u00bfC\u00f3mo puede ejercer sus derechos?<\/strong><\/p>\n<p>Para ejercer cualquiera de sus derechos deber\u00e1 solicitarlo mediante escrito dirigido a la sede social C\/ de la Bas\u00edlica, 19, 9oA, 28020 Madrid\u2013 Espa\u00f1a incluyendo:<\/p>\n<ul>\n<li>Fotocopia del dni (pasaporte u otro documento de identidad) o firma electr\u00f3nica.<\/li>\n<li>Contenido de la petici\u00f3n que realiza y si fuera necesario, los documentos que la acreditan.<\/li>\n<li>Direcci\u00f3n (a efectos de notificaciones), fecha y firma.<\/li>\n<\/ul>\n<p>Si ejercita<span style=\"text-decoration: line-through;\">s<\/span> sus derechos por un representante voluntario expresamente designado, deber\u00e1<span style=\"text-decoration: line-through;\">s<\/span> aportar el documento o instrumento electr\u00f3nico que acredite la representaci\u00f3n.<\/p>\n<p>En el caso de que el titular de los datos fuera menor de edad o incapacitado, se ejercitar\u00e1 los derechos por su representante legal debidamente acreditado.<strong>\u00a0<\/strong><\/p>\n<p><strong>Informaci\u00f3n adicional<\/strong><\/p>\n<p>El Consorcio JSE se compromete al cumplimiento de su obligaci\u00f3n de secreto de los datos de car\u00e1cter personal y de su deber de guardarlos y adoptar<span style=\"text-decoration: line-through;\">\u00e1<\/span> todas las medidas de \u00edndole t\u00e9cnica y organizativa que para garantizar la seguridad de los datos de car\u00e1cter personal y evitar su alteraci\u00f3n, p\u00e9rdida, tratamiento o acceso no autorizado, habida cuenta del estado de la tecnolog\u00eda, la naturaleza de los datos almacenados y los riesgos a que est\u00e9n expuestos, todo ello de conformidad con lo establecido en Reglamento (UE) 2016\/679, de 27 de Abril de 2016.[\/vc_column_text][\/vc_column][\/vc_row][vc_row][vc_column]\n<div id=\"ersspace-1\"><\/div><style type=\"text\/css\">#ersspace-1 { height: 80px; }<\/style>[\/vc_column][\/vc_row]<\/p>\n<\/div>","protected":false},"excerpt":{"rendered":"<p>[vc_row][vc_column el_class=\u00a0\u00bbpanel-special-content\u00a0\u00bb][vc_column_text el_class=\u00a0\u00bbvc_quote_consorcio\u00a0\u00bb] Politique de confidentialit\u00e9\u00a0 [\/vc_column_text][\/vc_column][\/vc_row][vc_row][vc_column el_class=\u00a0\u00bbpanel-special-content\u00a0\u00bb][vc_column_text]La presente Pol\u00edtica de Protecci\u00f3n de Datos es de conformidad con lo establecido en el Reglamento (UE) 2016\/679, de<span class=\"excerpt-hellip\"> [\u2026]<\/span><\/p>\n","protected":false},"author":1,"featured_media":0,"parent":0,"menu_order":0,"comment_status":"closed","ping_status":"closed","template":"","meta":{"_acf_changed":false,"footnotes":""},"class_list":["post-7043","page","type-page","status-publish","hentry","sections_group lang-fr"],"yoast_head":"<!-- This site is optimized with the Yoast SEO plugin v27.2 - https:\/\/yoast.com\/product\/yoast-seo-wordpress\/ -->\n<title>Pol\u00edtica de protecci\u00f3n de datos - Consorcio Jambon Serrano<\/title>\n<meta name=\"description\" content=\"ConsorcioSerrano : Jambon serrano haut de gamme certifi\u00e9 - S\u00e9lection manuelle de chaque jambon espagnol - Elaboration, d\u00e9coupe, tapas espagnoles\" \/>\n<meta name=\"robots\" content=\"index, follow, max-snippet:-1, max-image-preview:large, max-video-preview:-1\" \/>\n<link rel=\"canonical\" href=\"https:\/\/consorcioserrano.es\/fr\/politique-de-confidentialite\/\" \/>\n<meta property=\"og:locale\" content=\"fr_FR\" \/>\n<meta property=\"og:type\" content=\"article\" \/>\n<meta property=\"og:title\" content=\"Pol\u00edtica de protecci\u00f3n de datos - Consorcio Jambon Serrano\" \/>\n<meta property=\"og:description\" content=\"ConsorcioSerrano : Jambon serrano haut de gamme certifi\u00e9 - S\u00e9lection manuelle de chaque jambon espagnol - Elaboration, d\u00e9coupe, tapas espagnoles\" \/>\n<meta property=\"og:url\" content=\"https:\/\/consorcioserrano.es\/fr\/politique-de-confidentialite\/\" \/>\n<meta property=\"og:site_name\" content=\"Consorcio del Jam\u00f3n Serrano\" \/>\n<meta property=\"article:modified_time\" content=\"2018-05-31T10:59:16+00:00\" \/>\n<meta property=\"og:image\" content=\"http:\/\/consorcioserrano.es\/wp-content\/uploads\/2017\/10\/comillas-abrir-1.png\" \/>\n<meta name=\"twitter:card\" content=\"summary_large_image\" \/>\n<meta name=\"twitter:label1\" content=\"Dur\u00e9e de lecture estim\u00e9e\" \/>\n\t<meta name=\"twitter:data1\" content=\"4 minutes\" \/>\n<script type=\"application\/ld+json\" class=\"yoast-schema-graph\">{\"@context\":\"https:\/\/schema.org\",\"@graph\":[{\"@type\":\"WebPage\",\"@id\":\"https:\/\/consorcioserrano.es\/fr\/politique-de-confidentialite\/\",\"url\":\"https:\/\/consorcioserrano.es\/fr\/politique-de-confidentialite\/\",\"name\":\"Pol\u00edtica de protecci\u00f3n de datos - Consorcio Jambon Serrano\",\"isPartOf\":{\"@id\":\"https:\/\/consorcioserrano.es\/#website\"},\"primaryImageOfPage\":{\"@id\":\"https:\/\/consorcioserrano.es\/fr\/politique-de-confidentialite\/#primaryimage\"},\"image\":{\"@id\":\"https:\/\/consorcioserrano.es\/fr\/politique-de-confidentialite\/#primaryimage\"},\"thumbnailUrl\":\"http:\/\/consorcioserrano.es\/wp-content\/uploads\/2017\/10\/comillas-abrir-1.png\",\"datePublished\":\"2018-05-22T08:05:42+00:00\",\"dateModified\":\"2018-05-31T10:59:16+00:00\",\"description\":\"ConsorcioSerrano : Jambon serrano haut de gamme certifi\u00e9 - S\u00e9lection manuelle de chaque jambon espagnol - Elaboration, d\u00e9coupe, tapas espagnoles\",\"breadcrumb\":{\"@id\":\"https:\/\/consorcioserrano.es\/fr\/politique-de-confidentialite\/#breadcrumb\"},\"inLanguage\":\"fr-FR\",\"potentialAction\":[{\"@type\":\"ReadAction\",\"target\":[\"https:\/\/consorcioserrano.es\/fr\/politique-de-confidentialite\/\"]}]},{\"@type\":\"ImageObject\",\"inLanguage\":\"fr-FR\",\"@id\":\"https:\/\/consorcioserrano.es\/fr\/politique-de-confidentialite\/#primaryimage\",\"url\":\"http:\/\/consorcioserrano.es\/wp-content\/uploads\/2017\/10\/comillas-abrir-1.png\",\"contentUrl\":\"http:\/\/consorcioserrano.es\/wp-content\/uploads\/2017\/10\/comillas-abrir-1.png\"},{\"@type\":\"BreadcrumbList\",\"@id\":\"https:\/\/consorcioserrano.es\/fr\/politique-de-confidentialite\/#breadcrumb\",\"itemListElement\":[{\"@type\":\"ListItem\",\"position\":1,\"name\":\"Portada\",\"item\":\"https:\/\/consorcioserrano.es\/fr\/\"},{\"@type\":\"ListItem\",\"position\":2,\"name\":\"Pol\u00edtica de protecci\u00f3n de datos\"}]},{\"@type\":\"WebSite\",\"@id\":\"https:\/\/consorcioserrano.es\/#website\",\"url\":\"https:\/\/consorcioserrano.es\/\",\"name\":\"Consorcio del Jam\u00f3n Serrano\",\"description\":\"ConsorcioSerrano : Jambon serrano haut de gamme certifi\u00e9 - S\u00e9lection manuelle de chaque jambon espagnol - Elaboration, d\u00e9coupe, tapas espagnoles\",\"potentialAction\":[{\"@type\":\"SearchAction\",\"target\":{\"@type\":\"EntryPoint\",\"urlTemplate\":\"https:\/\/consorcioserrano.es\/?s={search_term_string}\"},\"query-input\":{\"@type\":\"PropertyValueSpecification\",\"valueRequired\":true,\"valueName\":\"search_term_string\"}}],\"inLanguage\":\"fr-FR\"}]}<\/script>\n<!-- \/ Yoast SEO plugin. -->","yoast_head_json":{"title":"Pol\u00edtica de protecci\u00f3n de datos - Consorcio Jambon Serrano","description":"ConsorcioSerrano : Jambon serrano haut de gamme certifi\u00e9 - S\u00e9lection manuelle de chaque jambon espagnol - Elaboration, d\u00e9coupe, tapas espagnoles","robots":{"index":"index","follow":"follow","max-snippet":"max-snippet:-1","max-image-preview":"max-image-preview:large","max-video-preview":"max-video-preview:-1"},"canonical":"https:\/\/consorcioserrano.es\/fr\/politique-de-confidentialite\/","og_locale":"fr_FR","og_type":"article","og_title":"Pol\u00edtica de protecci\u00f3n de datos - Consorcio Jambon Serrano","og_description":"ConsorcioSerrano : Jambon serrano haut de gamme certifi\u00e9 - S\u00e9lection manuelle de chaque jambon espagnol - Elaboration, d\u00e9coupe, tapas espagnoles","og_url":"https:\/\/consorcioserrano.es\/fr\/politique-de-confidentialite\/","og_site_name":"Consorcio del Jam\u00f3n Serrano","article_modified_time":"2018-05-31T10:59:16+00:00","og_image":[{"url":"http:\/\/consorcioserrano.es\/wp-content\/uploads\/2017\/10\/comillas-abrir-1.png","type":"","width":"","height":""}],"twitter_card":"summary_large_image","twitter_misc":{"Dur\u00e9e de lecture estim\u00e9e":"4 minutes"},"schema":{"@context":"https:\/\/schema.org","@graph":[{"@type":"WebPage","@id":"https:\/\/consorcioserrano.es\/fr\/politique-de-confidentialite\/","url":"https:\/\/consorcioserrano.es\/fr\/politique-de-confidentialite\/","name":"Pol\u00edtica de protecci\u00f3n de datos - Consorcio Jambon Serrano","isPartOf":{"@id":"https:\/\/consorcioserrano.es\/#website"},"primaryImageOfPage":{"@id":"https:\/\/consorcioserrano.es\/fr\/politique-de-confidentialite\/#primaryimage"},"image":{"@id":"https:\/\/consorcioserrano.es\/fr\/politique-de-confidentialite\/#primaryimage"},"thumbnailUrl":"http:\/\/consorcioserrano.es\/wp-content\/uploads\/2017\/10\/comillas-abrir-1.png","datePublished":"2018-05-22T08:05:42+00:00","dateModified":"2018-05-31T10:59:16+00:00","description":"ConsorcioSerrano : Jambon serrano haut de gamme certifi\u00e9 - S\u00e9lection manuelle de chaque jambon espagnol - Elaboration, d\u00e9coupe, tapas espagnoles","breadcrumb":{"@id":"https:\/\/consorcioserrano.es\/fr\/politique-de-confidentialite\/#breadcrumb"},"inLanguage":"fr-FR","potentialAction":[{"@type":"ReadAction","target":["https:\/\/consorcioserrano.es\/fr\/politique-de-confidentialite\/"]}]},{"@type":"ImageObject","inLanguage":"fr-FR","@id":"https:\/\/consorcioserrano.es\/fr\/politique-de-confidentialite\/#primaryimage","url":"http:\/\/consorcioserrano.es\/wp-content\/uploads\/2017\/10\/comillas-abrir-1.png","contentUrl":"http:\/\/consorcioserrano.es\/wp-content\/uploads\/2017\/10\/comillas-abrir-1.png"},{"@type":"BreadcrumbList","@id":"https:\/\/consorcioserrano.es\/fr\/politique-de-confidentialite\/#breadcrumb","itemListElement":[{"@type":"ListItem","position":1,"name":"Portada","item":"https:\/\/consorcioserrano.es\/fr\/"},{"@type":"ListItem","position":2,"name":"Pol\u00edtica de protecci\u00f3n de datos"}]},{"@type":"WebSite","@id":"https:\/\/consorcioserrano.es\/#website","url":"https:\/\/consorcioserrano.es\/","name":"Consorcio del Jam\u00f3n Serrano","description":"ConsorcioSerrano : Jambon serrano haut de gamme certifi\u00e9 - S\u00e9lection manuelle de chaque jambon espagnol - Elaboration, d\u00e9coupe, tapas espagnoles","potentialAction":[{"@type":"SearchAction","target":{"@type":"EntryPoint","urlTemplate":"https:\/\/consorcioserrano.es\/?s={search_term_string}"},"query-input":{"@type":"PropertyValueSpecification","valueRequired":true,"valueName":"search_term_string"}}],"inLanguage":"fr-FR"}]}},"acf":[],"_links":{"self":[{"href":"https:\/\/consorcioserrano.es\/fr\/wp-json\/wp\/v2\/pages\/7043","targetHints":{"allow":["GET"]}}],"collection":[{"href":"https:\/\/consorcioserrano.es\/fr\/wp-json\/wp\/v2\/pages"}],"about":[{"href":"https:\/\/consorcioserrano.es\/fr\/wp-json\/wp\/v2\/types\/page"}],"author":[{"embeddable":true,"href":"https:\/\/consorcioserrano.es\/fr\/wp-json\/wp\/v2\/users\/1"}],"replies":[{"embeddable":true,"href":"https:\/\/consorcioserrano.es\/fr\/wp-json\/wp\/v2\/comments?post=7043"}],"version-history":[{"count":0,"href":"https:\/\/consorcioserrano.es\/fr\/wp-json\/wp\/v2\/pages\/7043\/revisions"}],"wp:attachment":[{"href":"https:\/\/consorcioserrano.es\/fr\/wp-json\/wp\/v2\/media?parent=7043"}],"curies":[{"name":"wp","href":"https:\/\/api.w.org\/{rel}","templated":true}]}}