{"id":16191,"date":"2023-11-21T13:24:39","date_gmt":"2023-11-21T12:24:39","guid":{"rendered":"https:\/\/consorcioserrano.es\/?page_id=16191"},"modified":"2024-02-20T15:00:20","modified_gmt":"2024-02-20T14:00:20","slug":"come-consumarlo","status":"publish","type":"page","link":"https:\/\/consorcioserrano.es\/it\/prosciutto-consorcio-serrano\/come-consumarlo\/","title":{"rendered":"Come consumare il prosciutto serrano"},"content":{"rendered":"<div class=\"wpb-content-wrapper\"><p>[vc_row full_width=&#8221;stretch_row&#8221; css=&#8221;.vc_custom_1698666272764{background-color: #161616 !important;}&#8221; el_class=&#8221;next-row-no-padding&#8221;][vc_column el_class=&#8221;column-no-padding&#8221;][vc_column_text css=&#8221;.vc_custom_1700569439245{padding-left: 100px !important;background-color: #161616 !important;}&#8221; el_class=&#8221;no-margin-with-padding no-margin-with-padding-left&#8221; el_id=&#8221;div-sello&#8221;]<\/p>\n<p class=\"image-h2\" style=\"padding-top: 0px; margin-bottom: 0px;\"><img loading=\"lazy\" decoding=\"async\" class=\"size-full wp-image-975 alignleft img-certificado-consorcio\" title=\"Certificado por Consorcio Serrano - Selecci\u00f3n a mano\" src=\"https:\/\/consorcioserrano.es\/wp-content\/uploads\/2023\/11\/sello_jamon_consorcio_2023_red.png\" alt=\"Certificado por Consorcio Serrano - Selecci\u00f3n a mano\" width=\"140\" height=\"60\" \/><\/p>\n<h1 style=\"text-align: left;\"><strong>Prosciutto<\/strong> Consorcio Serrano<\/h1>\n<p>[\/vc_column_text][\/vc_column][\/vc_row][vc_row full_width=&#8221;stretch_row_content_no_spaces&#8221; css=&#8221;.vc_custom_1703173685883{background-color: #000000 !important;background-position: center !important;background-repeat: no-repeat !important;background-size: cover !important;}&#8221; el_class=&#8221;no-padding-top six-columns consorcio-submenu&#8221;][vc_column][vc_wp_custommenu nav_menu=&#8221;11700&#8243; el_id=&#8221;consorcio-jamon-serrano&#8221;][\/vc_column][\/vc_row][vc_row full_width=&#8221;stretch_row&#8221; disable_element=&#8221;yes&#8221; css=&#8221;.vc_custom_1704979397306{background-color: #161616 !important;}&#8221; el_class=&#8221;no-padding-top six-columns consorcio-submenu&#8221; el_id=&#8221;consorcio-submenu&#8221;][vc_column width=&#8221;1\/6&#8243; offset=&#8221;vc_col-lg-2 vc_col-md-4 vc_hidden-sm vc_hidden-xs&#8221; el_class=&#8221;no-lateral-padding&#8221;]\n    <a href=\"https:\/\/consorcioserrano.es\/it\/prosciutto-consorcio-serrano\/storia-e-tradizione\/\"   class=\"vc_link_consorcio\" title=\" Storia e tradizione \">\n    <div class=\"roll_wrap\" id=\"\">\n\t\t\n        <div class=\"roll_wrap_img opacity-submenu-hover\" ><img decoding=\"async\" src=\"https:\/\/consorcioserrano.es\/wp-content\/uploads\/2017\/10\/Historia-y-tradicion.jpg\" class=\"img-responsive \" > <\/div>\n\t\t\n\n\t\t\n\t\t\n\t        <div class=\"roll_wrap_link_imagetextmenu  \" style=\"color:#ff0000; font-size:;\"><p class=\"six-columns-img\"><img loading=\"lazy\" decoding=\"async\" class=\"size-full wp-image-2600 alignleft\" src=\"http:\/\/consorcioserrano.es\/wp-content\/uploads\/2017\/10\/s-60.png\" alt=\"\" width=\"60\" height=\"60\" \/><\/p>\n<h3><strong>Storia<\/strong> e tradizione<\/h3>\n<\/div>\n\t\t\n    <\/div>\n    <\/a>[\/vc_column][vc_column width=&#8221;1\/6&#8243; offset=&#8221;vc_col-lg-2 vc_col-md-4 vc_hidden-sm vc_hidden-xs&#8221; el_class=&#8221;no-lateral-padding&#8221;]\n    <a href=\"https:\/\/consorcioserrano.es\/it\/prosciutto-consorcio-serrano\/elaborazione\/\"   class=\"vc_link_consorcio\" title=\" Elaborazione \">\n    <div class=\"roll_wrap\" id=\"\">\n\t\t\n        <div class=\"roll_wrap_img opacity-submenu-hover\" ><img decoding=\"async\" src=\"https:\/\/consorcioserrano.es\/wp-content\/uploads\/2017\/10\/Elaboracion.jpg\" class=\"img-responsive \" > <\/div>\n\t\t\n\n\t\t\n\t\t\n\t        <div class=\"roll_wrap_link_imagetextmenu  \" style=\"color:#ff0000; font-size:;\"><p class=\"six-columns-img\"><img loading=\"lazy\" decoding=\"async\" class=\"size-full wp-image-2600 alignleft\" src=\"http:\/\/consorcioserrano.es\/wp-content\/uploads\/2017\/10\/s-60.png\" alt=\"\" width=\"60\" height=\"60\" \/><\/p>\n<h3><strong>Elaborazione<\/strong><\/h3>\n<\/div>\n\t\t\n    <\/div>\n    <\/a>[\/vc_column][vc_column width=&#8221;1\/6&#8243; offset=&#8221;vc_col-lg-2 vc_col-md-4 vc_hidden-sm vc_hidden-xs&#8221; el_class=&#8221;no-lateral-padding&#8221;]\n    <a href=\"https:\/\/consorcioserrano.es\/it\/prosciutto-consorcio-serrano\/sapore-aroma-e-conservazione\/\"   class=\"vc_link_consorcio\" title=\" Sapore\/aroma e conservazione \">\n    <div class=\"roll_wrap\" id=\"\">\n\t\t\n        <div class=\"roll_wrap_img opacity-submenu-hover\" ><img decoding=\"async\" src=\"https:\/\/consorcioserrano.es\/wp-content\/uploads\/2017\/10\/Sabor-y-aroma.jpg\" class=\"img-responsive \" > <\/div>\n\t\t\n\n\t\t\n\t\t\n\t        <div class=\"roll_wrap_link_imagetextmenu  \" style=\"color:#ff0000; font-size:;\"><p class=\"six-columns-img\"><img loading=\"lazy\" decoding=\"async\" class=\"size-full wp-image-2600 alignleft\" src=\"http:\/\/consorcioserrano.es\/wp-content\/uploads\/2017\/10\/s-60.png\" alt=\"\" width=\"60\" height=\"60\" \/><\/p>\n<h3><strong>Sapore\/aroma<\/strong> e conservazione<\/h3>\n<\/div>\n\t\t\n    <\/div>\n    <\/a>[\/vc_column][vc_column width=&#8221;1\/6&#8243; offset=&#8221;vc_col-lg-2 vc_col-md-4 vc_hidden-sm vc_hidden-xs&#8221; el_class=&#8221;no-lateral-padding&#8221;]\n    <a href=\"https:\/\/consorcioserrano.es\/it\/prosciutto-consorcio-serrano\/garanzia-di-qualita\/\"   class=\"vc_link_consorcio\" title=\" Garanzia di qualit\u00e0 \">\n    <div class=\"roll_wrap\" id=\"\">\n\t\t\n        <div class=\"roll_wrap_img opacity-submenu-hover\" ><img decoding=\"async\" src=\"https:\/\/consorcioserrano.es\/wp-content\/uploads\/2017\/10\/Garantia-de-calidad.jpg\" class=\"img-responsive \" > <\/div>\n\t\t\n\n\t\t\n\t\t\n\t        <div class=\"roll_wrap_link_imagetextmenu  \" style=\"color:#ff0000; font-size:;\"><p class=\"six-columns-img\"><img loading=\"lazy\" decoding=\"async\" class=\"size-full wp-image-2600 alignleft\" src=\"http:\/\/consorcioserrano.es\/wp-content\/uploads\/2017\/10\/s-60.png\" alt=\"\" width=\"60\" height=\"60\" \/><\/p>\n<h3><strong>Garanzia<\/strong> di qualit\u00e0<\/h3>\n<\/div>\n\t\t\n    <\/div>\n    <\/a>[\/vc_column][vc_column width=&#8221;1\/6&#8243; offset=&#8221;vc_col-lg-2 vc_col-md-4 vc_hidden-sm vc_hidden-xs&#8221; el_class=&#8221;no-lateral-padding&#8221;]\n    <a href=\"https:\/\/consorcioserrano.es\/it\/prosciutto-consorcio-serrano\/come-consumarlo\/\"   class=\"vc_link_consorcio\" title=\" Come consumarlo \">\n    <div class=\"roll_wrap\" id=\"\">\n\t\t\n        <div class=\"roll_wrap_img \" ><img decoding=\"async\" src=\"https:\/\/consorcioserrano.es\/wp-content\/uploads\/2017\/10\/Como-consumirlo.jpg\" class=\"img-responsive \" > <\/div>\n\t\t\n\n\t\t\n\t\t\n\t        <div class=\"roll_wrap_link_imagetextmenu  \" style=\"color:#ff0000; font-size:;\"><p class=\"six-columns-img\"><img loading=\"lazy\" decoding=\"async\" class=\"size-full wp-image-2600 alignleft\" src=\"http:\/\/consorcioserrano.es\/wp-content\/uploads\/2017\/10\/s-60.png\" alt=\"\" width=\"60\" height=\"60\" \/><\/p>\n<h3>Come <strong>consumarlo<\/strong><\/h3>\n<\/div>\n\t\t\n    <\/div>\n    <\/a>[\/vc_column][vc_column width=&#8221;1\/6&#8243; offset=&#8221;vc_col-lg-2 vc_col-md-4 vc_hidden-sm vc_hidden-xs&#8221; el_class=&#8221;no-lateral-padding&#8221;]\n    <a href=\"https:\/\/consorcioserrano.es\/it\/prosciutto-consorcio-serrano\/tipi-di-prosciutto\/\"   class=\"vc_link_consorcio\" title=\" Tipi di prosciutto \">\n    <div class=\"roll_wrap\" id=\"\">\n\t\t\n        <div class=\"roll_wrap_img opacity-submenu-hover\" ><img decoding=\"async\" src=\"https:\/\/consorcioserrano.es\/wp-content\/uploads\/2017\/10\/Tipos-de-Jamon.jpg\" class=\"img-responsive \" > <\/div>\n\t\t\n\n\t\t\n\t\t\n\t        <div class=\"roll_wrap_link_imagetextmenu  \" style=\"color:#ff0000; font-size:;\"><p class=\"six-columns-img\"><img loading=\"lazy\" decoding=\"async\" class=\"size-full wp-image-2600 alignleft\" src=\"http:\/\/consorcioserrano.es\/wp-content\/uploads\/2017\/10\/s-60.png\" alt=\"\" width=\"60\" height=\"60\" \/><\/p>\n<h3><strong>Tipi<\/strong> di prosciutto<\/h3>\n<\/div>\n\t\t\n    <\/div>\n    <\/a>[\/vc_column][\/vc_row][vc_row full_width=&#8221;stretch_row_content_no_spaces&#8221; css=&#8221;.vc_custom_1509629144595{background-image: url(http:\/\/consorcioserrano.es\/wp-content\/uploads\/2017\/10\/como-consumirlo-1900&#215;331.jpg?id=1616) !important;background-position: center !important;background-repeat: no-repeat !important;background-size: cover !important;}&#8221;][vc_column]\n<div id=\"ersspace-1\"><\/div><style type=\"text\/css\">#ersspace-1 { height: 320px; }\n@media handheld, only screen and (max-width: 1199px) {\n\t#ersspace-1 { height: 300px; }\n}\n@media handheld, only screen and (max-width: 1023px) {\n\t#ersspace-1 { height: 300px; }\n}\n@media handheld, only screen and (max-width: 767px) {\n\t#ersspace-1 { height: 260px; }\n}<\/style>[\/vc_column][\/vc_row][vc_row el_class=&#8221;column-special-one&#8221;][vc_column width=&#8221;2\/3&#8243; el_class=&#8221;panel-special-content&#8221;][vc_row_inner][vc_column_inner][vc_column_text el_class=&#8221;vc_quote_consorcio&#8221;]<\/p>\n<div class=\"vc_quote_consorcio_icon\"><img loading=\"lazy\" decoding=\"async\" class=\"alignnone size-full wp-image-1101\" src=\"http:\/\/consorcioserrano.es\/wp-content\/uploads\/2017\/10\/comillas-abrir-1.png\" alt=\"\" width=\"59\" height=\"53\" srcset=\"https:\/\/consorcioserrano.es\/wp-content\/uploads\/2017\/10\/comillas-abrir-1.png 59w, https:\/\/consorcioserrano.es\/wp-content\/uploads\/2017\/10\/comillas-abrir-1-50x45.png 50w\" sizes=\"auto, (max-width:767px) 59px, 59px\" \/><\/div>\n<div class=\"vc_quote_consorcio_content\">\n<h1>Come consumare <strong>il prosciutto serrano<\/strong>\u00a0<img loading=\"lazy\" decoding=\"async\" class=\"alignnone size-full wp-image-1100\" src=\"http:\/\/consorcioserrano.es\/wp-content\/uploads\/2017\/10\/comillas-cerrar-1.png\" alt=\"\" width=\"59\" height=\"53\" srcset=\"https:\/\/consorcioserrano.es\/wp-content\/uploads\/2017\/10\/comillas-cerrar-1.png 59w, https:\/\/consorcioserrano.es\/wp-content\/uploads\/2017\/10\/comillas-cerrar-1-50x45.png 50w\" sizes=\"auto, (max-width:767px) 59px, 59px\" \/><\/h1>\n<\/div>\n<p>[\/vc_column_text][\/vc_column_inner][\/vc_row_inner][vc_row_inner][vc_column_inner][vc_single_image image=&#8221;2431&#8243; img_size=&#8221;full&#8221;][\/vc_column_inner][\/vc_row_inner][vc_row_inner][vc_column_inner][vc_empty_space height=&#8221;20px&#8221;][\/vc_column_inner][\/vc_row_inner][vc_row_inner][vc_column_inner width=&#8221;1\/2&#8243;][vc_column_text]<\/p>\n<h3><strong><span style=\"color: #e82f37;\">Come consumare il prosciutto serrano CJSE<\/span><\/strong><\/h3>\n<p>Il <strong>Prosciutto Consorcio Serrano<\/strong> pu\u00f2 essere consumato da solo, ma generalmente \u00e8 accompagnato da pane, formaggio, frutta, pesce, verdure, ecc.<\/p>\n<p>Grazie al suo sapore intenso \u00e8 facile da abbinare a qualsiasi prodotto, permettendo un&#8217;ampia gamma di interpretazioni in base ai gusti di ogni commensale. Pu\u00f2 essere consumato in <em>tapas<\/em>, aggiunto a piatti semplici o pi\u00f9 elaborati, della cucina tradizionale o di quella creativa.[\/vc_column_text][\/vc_column_inner][vc_column_inner width=&#8221;1\/2&#8243;][vc_column_text]<\/p>\n<p>&nbsp;<\/p>\n<p>Nel caso in cui si disponga di un pezzo intero di <strong>Prosciutto Consorcio Serrano<\/strong>, per iniziarlo bisogna togliere la cotenna e sgrassarlo a proprio piacimento. \u00c8 importante non rimuovere completamente il grasso, dato che permette di conservare l&#8217;inconfondibile <strong>sapore del prosciutto serrano<\/strong>. Si consiglia, quindi, di rimuovere esclusivamente la met\u00e0 del grasso che lo circonda.[\/vc_column_text][\/vc_column_inner][\/vc_row_inner][vc_column_text el_class=&#8221;vc_quote_consorcio vc_quote_consorcio_other&#8221;]<\/p>\n<div class=\"vc_quote_consorcio_icon\"><img loading=\"lazy\" decoding=\"async\" class=\"alignnone size-full wp-image-1101\" src=\"http:\/\/consorcioserrano.es\/wp-content\/uploads\/2017\/10\/comillas-abrir-1.png\" alt=\"\" width=\"59\" height=\"53\" srcset=\"https:\/\/consorcioserrano.es\/wp-content\/uploads\/2017\/10\/comillas-abrir-1.png 59w, https:\/\/consorcioserrano.es\/wp-content\/uploads\/2017\/10\/comillas-abrir-1-50x45.png 50w\" sizes=\"auto, (max-width:767px) 59px, 59px\" \/><\/div>\n<div class=\"vc_quote_consorcio_content\">\n<h2>Grazie al suo <strong>sapore intenso<\/strong> \u00e8 <strong>facile da abbinare<\/strong> a qualsiasi prodotto, permettendo <strong>un&#8217;ampia gamma di interpretazioni<\/strong> in base ai gusti di ogni commensale.<\/h2>\n<\/div>\n<p>[\/vc_column_text][vc_row_inner][vc_column_inner width=&#8221;1\/2&#8243;][vc_column_text]Al momento del taglio, le fette devono essere il pi\u00f9 sottile possibile (dello spessore di un foglio di carta), per apprezzare la sua consistenza e il suo sapore unici.<\/p>\n<p><strong><a href=\"https:\/\/consorcioserrano.es\/it\/come-tagliare-il-tuo-prosciutto-consorcio-serrano\/\"><span style=\"color: #e82f37;\"><br \/>\nUlteriori informazioni sul taglio del prosciutto serrano<\/span><\/a><\/strong><\/p>\n<p>[\/vc_column_text][\/vc_column_inner][vc_column_inner width=&#8221;1\/2&#8243;][vc_column_text]Se compriamo le parti centrali o le fette, per una corretta degustazione devono essere tolti dal frigorifero almeno 10-15 minuti prima di essere consumati. In questo modo faremo s\u00ec che il Prosciutto Consorcio Serrano aumenti la propria temperatura fino a raggiungere la temperatura ambiente, assicurandoci un&#8217;ottima degustazione.[\/vc_column_text][\/vc_column_inner][\/vc_row_inner][\/vc_column][vc_column width=&#8221;1\/3&#8243;]\n<div id=\"ersspace-2\"><\/div><style type=\"text\/css\">#ersspace-2 { height: 260px; }\n@media handheld, only screen and (max-width: 767px) {\n\t#ersspace-2 { height: 0px; }\n}<\/style>[vc_row_inner el_class=&#8221;panel-special-aside&#8221;][vc_column_inner][vc_single_image image=&#8221;1617&#8243; img_size=&#8221;full&#8221;][vc_column_text]Come prova della sua versatilit\u00e0, il Consorcio del Jam\u00f3n Serrano Espa\u00f1ol mette a sua disposizione una serie di ricette che permettono di farsi un&#8217;idea su come approfittare <strong>delle qualit\u00e0 gastronomiche<\/strong> del nostro prosciutto.<\/p>\n<p><strong>Queste ricette con prosciutto serrano<\/strong> vanno dalle tradizionali tapas alle ricette pi\u00f9 sofisticate, passando per piatti di stagione, insalate, ecc. <span style=\"color: #e82f37;\"><strong>\u00a0<a href=\"https:\/\/consorcioserrano.es\/it\/ricette-tapas-e-panini\/\" target=\"_blank\" rel=\"noopener noreferrer\"><u>Clicchi qui per vedere le ricette<\/u>\u00a0<\/a><\/strong><\/span>[\/vc_column_text][\/vc_column_inner][\/vc_row_inner][\/vc_column][\/vc_row][vc_row][vc_column]\n<div id=\"ersspace-3\"><\/div><style type=\"text\/css\">#ersspace-3 { height: 80px; }<\/style>[\/vc_column][\/vc_row]<\/p>\n<\/div>","protected":false},"excerpt":{"rendered":"<p>[vc_row full_width=&#8221;stretch_row&#8221; css=&#8221;.vc_custom_1698666272764{background-color: #161616 !important;}&#8221; el_class=&#8221;next-row-no-padding&#8221;][vc_column el_class=&#8221;column-no-padding&#8221;][vc_column_text css=&#8221;.vc_custom_1700569439245{padding-left: 100px !important;background-color: #161616 !important;}&#8221; el_class=&#8221;no-margin-with-padding no-margin-with-padding-left&#8221; el_id=&#8221;div-sello&#8221;] Prosciutto Consorcio Serrano [\/vc_column_text][\/vc_column][\/vc_row][vc_row full_width=&#8221;stretch_row_content_no_spaces&#8221; css=&#8221;.vc_custom_1703173685883{background-color: #000000 !important;background-position: center !important;background-repeat: no-repeat<span class=\"excerpt-hellip\"> [\u2026]<\/span><\/p>\n","protected":false},"author":1,"featured_media":0,"parent":7563,"menu_order":0,"comment_status":"closed","ping_status":"closed","template":"","meta":{"_acf_changed":false,"footnotes":""},"class_list":["post-16191","page","type-page","status-publish","hentry","sections_group lang-it"],"yoast_head":"<!-- This site is optimized with the Yoast SEO plugin v27.2 - https:\/\/yoast.com\/product\/yoast-seo-wordpress\/ -->\n<title>Come consumarlo - Consorcio Prosciutto Serrano Spagnolo<\/title>\n<meta name=\"description\" content=\"Come consumare prosciutto Serrano Consorcio Serrano. Piatti tradizionali o innovativi: infinite combinazioni, ricette e tapas al prosciutto crudo serrano\" \/>\n<meta name=\"robots\" content=\"index, follow, max-snippet:-1, max-image-preview:large, max-video-preview:-1\" \/>\n<link rel=\"canonical\" href=\"https:\/\/consorcioserrano.es\/it\/prosciutto-consorcio-serrano\/come-consumarlo\/\" \/>\n<meta property=\"og:locale\" content=\"it_IT\" \/>\n<meta property=\"og:type\" content=\"article\" \/>\n<meta property=\"og:title\" content=\"Come consumarlo - Consorcio Prosciutto Serrano Spagnolo\" \/>\n<meta property=\"og:description\" content=\"Come consumare prosciutto Serrano Consorcio Serrano. Piatti tradizionali o innovativi: infinite combinazioni, ricette e tapas al prosciutto crudo serrano\" \/>\n<meta property=\"og:url\" content=\"https:\/\/consorcioserrano.es\/it\/prosciutto-consorcio-serrano\/come-consumarlo\/\" \/>\n<meta property=\"og:site_name\" content=\"Consorcio del Jam\u00f3n Serrano Espa\u00f1ol\" \/>\n<meta property=\"article:modified_time\" content=\"2024-02-20T14:00:20+00:00\" \/>\n<meta property=\"og:image\" content=\"https:\/\/consorcioserrano.es\/wp-content\/uploads\/2023\/11\/sello_jamon_consorcio_2023_red.png\" \/>\n<meta name=\"twitter:card\" content=\"summary_large_image\" \/>\n<meta name=\"twitter:label1\" content=\"Tempo di lettura stimato\" \/>\n\t<meta name=\"twitter:data1\" content=\"5 minuti\" \/>\n<script type=\"application\/ld+json\" class=\"yoast-schema-graph\">{\"@context\":\"https:\/\/schema.org\",\"@graph\":[{\"@type\":\"WebPage\",\"@id\":\"https:\/\/consorcioserrano.es\/it\/prosciutto-consorcio-serrano\/come-consumarlo\/\",\"url\":\"https:\/\/consorcioserrano.es\/it\/prosciutto-consorcio-serrano\/come-consumarlo\/\",\"name\":\"Come consumarlo - Consorcio Prosciutto Serrano Spagnolo\",\"isPartOf\":{\"@id\":\"https:\/\/consorcioserrano.es\/#website\"},\"primaryImageOfPage\":{\"@id\":\"https:\/\/consorcioserrano.es\/it\/prosciutto-consorcio-serrano\/come-consumarlo\/#primaryimage\"},\"image\":{\"@id\":\"https:\/\/consorcioserrano.es\/it\/prosciutto-consorcio-serrano\/come-consumarlo\/#primaryimage\"},\"thumbnailUrl\":\"https:\/\/consorcioserrano.es\/wp-content\/uploads\/2023\/11\/sello_jamon_consorcio_2023_red.png\",\"datePublished\":\"2023-11-21T12:24:39+00:00\",\"dateModified\":\"2024-02-20T14:00:20+00:00\",\"description\":\"Come consumare prosciutto Serrano Consorcio Serrano. Piatti tradizionali o innovativi: infinite combinazioni, ricette e tapas al prosciutto crudo serrano\",\"breadcrumb\":{\"@id\":\"https:\/\/consorcioserrano.es\/it\/prosciutto-consorcio-serrano\/come-consumarlo\/#breadcrumb\"},\"inLanguage\":\"it-IT\",\"potentialAction\":[{\"@type\":\"ReadAction\",\"target\":[\"https:\/\/consorcioserrano.es\/it\/prosciutto-consorcio-serrano\/come-consumarlo\/\"]}]},{\"@type\":\"ImageObject\",\"inLanguage\":\"it-IT\",\"@id\":\"https:\/\/consorcioserrano.es\/it\/prosciutto-consorcio-serrano\/come-consumarlo\/#primaryimage\",\"url\":\"https:\/\/consorcioserrano.es\/wp-content\/uploads\/2023\/11\/sello_jamon_consorcio_2023_red.png\",\"contentUrl\":\"https:\/\/consorcioserrano.es\/wp-content\/uploads\/2023\/11\/sello_jamon_consorcio_2023_red.png\"},{\"@type\":\"BreadcrumbList\",\"@id\":\"https:\/\/consorcioserrano.es\/it\/prosciutto-consorcio-serrano\/come-consumarlo\/#breadcrumb\",\"itemListElement\":[{\"@type\":\"ListItem\",\"position\":1,\"name\":\"Portada\",\"item\":\"https:\/\/consorcioserrano.es\/it\/inicio\/\"},{\"@type\":\"ListItem\",\"position\":2,\"name\":\"Prosciutto Consorcio Serrano\",\"item\":\"https:\/\/consorcioserrano.es\/it\/prosciutto-consorcio-serrano\/\"},{\"@type\":\"ListItem\",\"position\":3,\"name\":\"Come consumare il prosciutto serrano\"}]},{\"@type\":\"WebSite\",\"@id\":\"https:\/\/consorcioserrano.es\/#website\",\"url\":\"https:\/\/consorcioserrano.es\/\",\"name\":\"Consorcio del Jam\u00f3n Serrano Espa\u00f1ol\",\"description\":\"Consorcio Prosciutto Serrano Spagnolo: garanzia del miglior Prosciutto Serrano - 100% prosciutti spagnoli - Prosciutto crudo spagnolo selezionato a mano\",\"potentialAction\":[{\"@type\":\"SearchAction\",\"target\":{\"@type\":\"EntryPoint\",\"urlTemplate\":\"https:\/\/consorcioserrano.es\/?s={search_term_string}\"},\"query-input\":{\"@type\":\"PropertyValueSpecification\",\"valueRequired\":true,\"valueName\":\"search_term_string\"}}],\"inLanguage\":\"it-IT\"}]}<\/script>\n<!-- \/ Yoast SEO plugin. -->","yoast_head_json":{"title":"Come consumarlo - Consorcio Prosciutto Serrano Spagnolo","description":"Come consumare prosciutto Serrano Consorcio Serrano. Piatti tradizionali o innovativi: infinite combinazioni, ricette e tapas al prosciutto crudo serrano","robots":{"index":"index","follow":"follow","max-snippet":"max-snippet:-1","max-image-preview":"max-image-preview:large","max-video-preview":"max-video-preview:-1"},"canonical":"https:\/\/consorcioserrano.es\/it\/prosciutto-consorcio-serrano\/come-consumarlo\/","og_locale":"it_IT","og_type":"article","og_title":"Come consumarlo - Consorcio Prosciutto Serrano Spagnolo","og_description":"Come consumare prosciutto Serrano Consorcio Serrano. Piatti tradizionali o innovativi: infinite combinazioni, ricette e tapas al prosciutto crudo serrano","og_url":"https:\/\/consorcioserrano.es\/it\/prosciutto-consorcio-serrano\/come-consumarlo\/","og_site_name":"Consorcio del Jam\u00f3n Serrano Espa\u00f1ol","article_modified_time":"2024-02-20T14:00:20+00:00","og_image":[{"url":"https:\/\/consorcioserrano.es\/wp-content\/uploads\/2023\/11\/sello_jamon_consorcio_2023_red.png","type":"","width":"","height":""}],"twitter_card":"summary_large_image","twitter_misc":{"Tempo di lettura stimato":"5 minuti"},"schema":{"@context":"https:\/\/schema.org","@graph":[{"@type":"WebPage","@id":"https:\/\/consorcioserrano.es\/it\/prosciutto-consorcio-serrano\/come-consumarlo\/","url":"https:\/\/consorcioserrano.es\/it\/prosciutto-consorcio-serrano\/come-consumarlo\/","name":"Come consumarlo - Consorcio Prosciutto Serrano Spagnolo","isPartOf":{"@id":"https:\/\/consorcioserrano.es\/#website"},"primaryImageOfPage":{"@id":"https:\/\/consorcioserrano.es\/it\/prosciutto-consorcio-serrano\/come-consumarlo\/#primaryimage"},"image":{"@id":"https:\/\/consorcioserrano.es\/it\/prosciutto-consorcio-serrano\/come-consumarlo\/#primaryimage"},"thumbnailUrl":"https:\/\/consorcioserrano.es\/wp-content\/uploads\/2023\/11\/sello_jamon_consorcio_2023_red.png","datePublished":"2023-11-21T12:24:39+00:00","dateModified":"2024-02-20T14:00:20+00:00","description":"Come consumare prosciutto Serrano Consorcio Serrano. Piatti tradizionali o innovativi: infinite combinazioni, ricette e tapas al prosciutto crudo serrano","breadcrumb":{"@id":"https:\/\/consorcioserrano.es\/it\/prosciutto-consorcio-serrano\/come-consumarlo\/#breadcrumb"},"inLanguage":"it-IT","potentialAction":[{"@type":"ReadAction","target":["https:\/\/consorcioserrano.es\/it\/prosciutto-consorcio-serrano\/come-consumarlo\/"]}]},{"@type":"ImageObject","inLanguage":"it-IT","@id":"https:\/\/consorcioserrano.es\/it\/prosciutto-consorcio-serrano\/come-consumarlo\/#primaryimage","url":"https:\/\/consorcioserrano.es\/wp-content\/uploads\/2023\/11\/sello_jamon_consorcio_2023_red.png","contentUrl":"https:\/\/consorcioserrano.es\/wp-content\/uploads\/2023\/11\/sello_jamon_consorcio_2023_red.png"},{"@type":"BreadcrumbList","@id":"https:\/\/consorcioserrano.es\/it\/prosciutto-consorcio-serrano\/come-consumarlo\/#breadcrumb","itemListElement":[{"@type":"ListItem","position":1,"name":"Portada","item":"https:\/\/consorcioserrano.es\/it\/inicio\/"},{"@type":"ListItem","position":2,"name":"Prosciutto Consorcio Serrano","item":"https:\/\/consorcioserrano.es\/it\/prosciutto-consorcio-serrano\/"},{"@type":"ListItem","position":3,"name":"Come consumare il prosciutto serrano"}]},{"@type":"WebSite","@id":"https:\/\/consorcioserrano.es\/#website","url":"https:\/\/consorcioserrano.es\/","name":"Consorcio del Jam\u00f3n Serrano Espa\u00f1ol","description":"Consorcio Prosciutto Serrano Spagnolo: garanzia del miglior Prosciutto Serrano - 100% prosciutti spagnoli - Prosciutto crudo spagnolo selezionato a mano","potentialAction":[{"@type":"SearchAction","target":{"@type":"EntryPoint","urlTemplate":"https:\/\/consorcioserrano.es\/?s={search_term_string}"},"query-input":{"@type":"PropertyValueSpecification","valueRequired":true,"valueName":"search_term_string"}}],"inLanguage":"it-IT"}]}},"acf":[],"_links":{"self":[{"href":"https:\/\/consorcioserrano.es\/it\/wp-json\/wp\/v2\/pages\/16191","targetHints":{"allow":["GET"]}}],"collection":[{"href":"https:\/\/consorcioserrano.es\/it\/wp-json\/wp\/v2\/pages"}],"about":[{"href":"https:\/\/consorcioserrano.es\/it\/wp-json\/wp\/v2\/types\/page"}],"author":[{"embeddable":true,"href":"https:\/\/consorcioserrano.es\/it\/wp-json\/wp\/v2\/users\/1"}],"replies":[{"embeddable":true,"href":"https:\/\/consorcioserrano.es\/it\/wp-json\/wp\/v2\/comments?post=16191"}],"version-history":[{"count":3,"href":"https:\/\/consorcioserrano.es\/it\/wp-json\/wp\/v2\/pages\/16191\/revisions"}],"predecessor-version":[{"id":22902,"href":"https:\/\/consorcioserrano.es\/it\/wp-json\/wp\/v2\/pages\/16191\/revisions\/22902"}],"up":[{"embeddable":true,"href":"https:\/\/consorcioserrano.es\/it\/wp-json\/wp\/v2\/pages\/7563"}],"wp:attachment":[{"href":"https:\/\/consorcioserrano.es\/it\/wp-json\/wp\/v2\/media?parent=16191"}],"curies":[{"name":"wp","href":"https:\/\/api.w.org\/{rel}","templated":true}]}}