{"id":20690,"date":"2024-01-11T11:33:16","date_gmt":"2024-01-11T10:33:16","guid":{"rendered":"https:\/\/consorcioserrano.es\/?page_id=20690"},"modified":"2024-02-20T15:15:42","modified_gmt":"2024-02-20T14:15:42","slug":"marchio-di-qualita","status":"publish","type":"page","link":"https:\/\/consorcioserrano.es\/it\/sul-consorcio\/marchio-di-qualita\/","title":{"rendered":"Marchio di qualit\u00e0"},"content":{"rendered":"<div class=\"wpb-content-wrapper\"><p>[vc_row full_width=&#8221;stretch_row&#8221; css=&#8221;.vc_custom_1510761316179{background-color: #161616 !important;}&#8221; el_class=&#8221;no-padding-top six-columns consorcio-submenu&#8221; el_id=&#8221;consorcio-submenu&#8221;][vc_column width=&#8221;1\/6&#8243; offset=&#8221;vc_hidden-md vc_hidden-sm vc_hidden-xs&#8221;][\/vc_column][vc_column offset=&#8221;vc_col-lg-2 vc_col-md-3&#8243; el_class=&#8221;no-lateral-padding&#8221;]\n    <a href=\"https:\/\/consorcioserrano.es\/it\/sul-consorcio\/storia\/\"   class=\"vc_link_consorcio\" title=\" Storia \">\n    <div class=\"roll_wrap\" id=\"\">\n\t\t\n        <div class=\"roll_wrap_img opacity-submenu-hover\" ><img decoding=\"async\" src=\"https:\/\/consorcioserrano.es\/wp-content\/uploads\/2017\/10\/historia-consorcio-jamon-serrano-superior-menu-620x450.jpg\" class=\"img-responsive \" > <\/div>\n\t\t\n\n\t\t\n\t\t\n\t        <div class=\"roll_wrap_link_imagetextmenu  \" style=\"color:#ff0000; font-size:;\"><p class=\"six-columns-img\"><img loading=\"lazy\" decoding=\"async\" class=\"size-full wp-image-2600 alignleft\" src=\"http:\/\/consorcioserrano.es\/wp-content\/uploads\/2017\/10\/s-60.png\" alt=\"\" width=\"60\" height=\"60\" \/><\/p>\n<h3><strong>Storia<\/strong><\/h3>\n<\/div>\n\t\t\n    <\/div>\n    <\/a>[\/vc_column][vc_column offset=&#8221;vc_col-lg-2 vc_col-md-3&#8243; el_class=&#8221;no-lateral-padding&#8221;]\n    <a href=\"https:\/\/consorcioserrano.es\/it\/sul-consorcio\/cosa-ci-identifica\/\"   class=\"vc_link_consorcio\" title=\" Cosa ci identifica \">\n    <div class=\"roll_wrap\" id=\"\">\n\t\t\n        <div class=\"roll_wrap_img opacity-submenu-hover\" ><img decoding=\"async\" src=\"https:\/\/consorcioserrano.es\/wp-content\/uploads\/2017\/10\/identifica-consorcio-jamon-serrano-superior-menu-620x450.jpg\" class=\"img-responsive \" > <\/div>\n\t\t\n\n\t\t\n\t\t\n\t        <div class=\"roll_wrap_link_imagetextmenu  \" style=\"color:#ff0000; font-size:;\"><p class=\"six-columns-img\"><img loading=\"lazy\" decoding=\"async\" class=\"size-full wp-image-2600 alignleft\" src=\"http:\/\/consorcioserrano.es\/wp-content\/uploads\/2017\/10\/s-60.png\" alt=\"\" width=\"60\" height=\"60\" \/><\/p>\n<h3><strong>Cosa ci identifica<\/strong><\/h3>\n<\/div>\n\t\t\n    <\/div>\n    <\/a>[\/vc_column][vc_column offset=&#8221;vc_col-lg-2 vc_col-md-3&#8243; el_class=&#8221;no-lateral-padding&#8221;]\n    <a href=\"https:\/\/consorcioserrano.es\/it\/sul-consorcio\/marchio-di-qualita\/\"   class=\"vc_link_consorcio\" title=\" Marchio\u00a0di qualit\u00e0 \">\n    <div class=\"roll_wrap\" id=\"\">\n\t\t\n        <div class=\"roll_wrap_img \" ><img decoding=\"async\" src=\"https:\/\/consorcioserrano.es\/wp-content\/uploads\/2017\/10\/sello-calidad-consorcio-jamon-serrano-superior-menu-620x450.jpg\" class=\"img-responsive \" > <\/div>\n\t\t\n\n\t\t\n\t\t\n\t        <div class=\"roll_wrap_link_imagetextmenu  \" style=\"color:#ff0000; font-size:;\"><p class=\"six-columns-img\"><img loading=\"lazy\" decoding=\"async\" class=\"size-full wp-image-2600 alignleft\" src=\"http:\/\/consorcioserrano.es\/wp-content\/uploads\/2017\/10\/s-60.png\" alt=\"\" width=\"60\" height=\"60\" \/><\/p>\n<h3><strong>Marchio<\/strong>\u00a0di qualit\u00e0<\/h3>\n<\/div>\n\t\t\n    <\/div>\n    <\/a>[\/vc_column][vc_column offset=&#8221;vc_col-lg-2 vc_col-md-3&#8243; el_class=&#8221;no-lateral-padding&#8221;]\n    <a href=\"https:\/\/consorcioserrano.es\/it\/sul-consorcio\/presenza-internazionale\/\"   class=\"vc_link_consorcio\" title=\" Presenza internazionale \">\n    <div class=\"roll_wrap\" id=\"\">\n\t\t\n        <div class=\"roll_wrap_img opacity-submenu-hover\" ><img decoding=\"async\" src=\"https:\/\/consorcioserrano.es\/wp-content\/uploads\/2017\/10\/presencia-internacional-consorcio-jamon-serrano-superior-menu-620x450.jpg\" class=\"img-responsive \" > <\/div>\n\t\t\n\n\t\t\n\t\t\n\t        <div class=\"roll_wrap_link_imagetextmenu  \" style=\"color:#ff0000; font-size:;\"><p class=\"six-columns-img\"><img loading=\"lazy\" decoding=\"async\" class=\"size-full wp-image-2600 alignleft\" src=\"http:\/\/consorcioserrano.es\/wp-content\/uploads\/2017\/10\/s-60.png\" alt=\"\" width=\"60\" height=\"60\" \/><\/p>\n<h3><strong>Presenza internazionale<\/strong><\/h3>\n<\/div>\n\t\t\n    <\/div>\n    <\/a>[\/vc_column][vc_column width=&#8221;1\/6&#8243; offset=&#8221;vc_hidden-md vc_hidden-sm&#8221;][\/vc_column][\/vc_row][vc_row full_width=&#8221;stretch_row_content_no_spaces&#8221; css=&#8221;.vc_custom_1510073275693{background-image: url(http:\/\/consorcioserrano.es\/wp-content\/uploads\/2017\/10\/sello-calidad-consorcio-jamo-serrano-header-1900&#215;331.jpg?id=2830) !important;background-position: center !important;background-repeat: no-repeat !important;background-size: cover !important;}&#8221;][vc_column]\n<div id=\"ersspace-1\"><\/div><style type=\"text\/css\">#ersspace-1 { height: 320px; }\n@media handheld, only screen and (max-width: 1199px) {\n\t#ersspace-1 { height: 300px; }\n}\n@media handheld, only screen and (max-width: 1023px) {\n\t#ersspace-1 { height: 300px; }\n}\n@media handheld, only screen and (max-width: 767px) {\n\t#ersspace-1 { height: 260px; }\n}<\/style>[\/vc_column][\/vc_row][vc_row el_class=&#8221;column-special-one&#8221;][vc_column width=&#8221;2\/3&#8243; el_class=&#8221;panel-special-content&#8221;][vc_row_inner][vc_column_inner][vc_column_text el_class=&#8221;vc_quote_consorcio&#8221;]<\/p>\n<div class=\"vc_quote_consorcio_icon\"><img loading=\"lazy\" decoding=\"async\" class=\"alignnone size-full wp-image-1101\" src=\"http:\/\/consorcioserrano.es\/wp-content\/uploads\/2017\/10\/comillas-abrir-1.png\" alt=\"\" width=\"59\" height=\"53\" srcset=\"https:\/\/consorcioserrano.es\/wp-content\/uploads\/2017\/10\/comillas-abrir-1.png 59w, https:\/\/consorcioserrano.es\/wp-content\/uploads\/2017\/10\/comillas-abrir-1-50x45.png 50w\" sizes=\"auto, (max-width:767px) 59px, 59px\" \/><\/div>\n<div class=\"vc_quote_consorcio_content\">\n<h1><strong>Marchio<\/strong> di qualit\u00e0\u00a0<img loading=\"lazy\" decoding=\"async\" class=\"alignnone size-full wp-image-1100\" src=\"http:\/\/consorcioserrano.es\/wp-content\/uploads\/2017\/10\/comillas-cerrar-1.png\" alt=\"\" width=\"59\" height=\"53\" srcset=\"https:\/\/consorcioserrano.es\/wp-content\/uploads\/2017\/10\/comillas-cerrar-1.png 59w, https:\/\/consorcioserrano.es\/wp-content\/uploads\/2017\/10\/comillas-cerrar-1-50x45.png 50w\" sizes=\"auto, (max-width:767px) 59px, 59px\" \/><\/h1>\n<\/div>\n<p>[\/vc_column_text][\/vc_column_inner][\/vc_row_inner][vc_row_inner][vc_column_inner][vc_column_text]<\/p>\n<h3><span style=\"color: #e82f37;\">Marchio di Qualit\u00e0\u00a0<strong>Consorcio del Jam\u00f3n Serrano Espa\u00f1ol<\/strong><\/span><\/h3>\n<p>[\/vc_column_text][\/vc_column_inner][\/vc_row_inner][vc_row_inner][vc_column_inner width=&#8221;1\/2&#8243;][vc_column_text]<strong>Il Marchio di Qualit\u00e0 &#8220;Consorcio Serrano&#8221; <\/strong> \u00e8 il distintivo istituzionale che conferma che i pezzi di Prosciutto Serrano con esso identificati sono stati elaborati <strong> in conformit\u00e0 con le esigenti norme di qualit\u00e0 dell&#8217;associazione <\/strong>per offrire un ottimo prosciutto serrano, <strong>selezionando a mano, uno per uno, i pezzi migliori <\/strong>dei <strong>migliori produttori <\/strong>di prosciutto serrano spagnolo.<\/p>\n<p>Questo marchio garantisce un <strong>un prosciutto serrano tradizionale, unico ed elaborato sempre in Spagna<\/strong> y con una materia prima 100% spagnola. Le sue qualit\u00e0 sensoriali (soprattutto il sapore e la consistenza) lo differenziano, per la loro eccellenza e delicatezza, dal resto dei prosciutti serrano che si possono trovare sul mercato estero, cos\u00ec come dagli altri prodotti stagionati come il Prosciutto di Parma o il Jambon de Bayonne.[\/vc_column_text][\/vc_column_inner][vc_column_inner width=&#8221;1\/2&#8243;][vc_column_text]Questo marchio si pu\u00f2 trovare <strong> su tutte le presentazioni commerciali <\/strong> di prosciutto crudo serrano in diverse forme:<\/p>\n<ul>\n<li>In pezzi di prosciutto serrano interi marchiati a fuoco<\/li>\n<li>Nei pezzi disossati di prosciutto serrano<\/li>\n<li>Nei blocchi di prosciutto serrano disossato<\/li>\n<li>Tutto quanto sopra con etichetta di controllo numerata<\/li>\n<li>In confezioni di prosciutto serrano affettato<\/li>\n<\/ul>\n<p>[\/vc_column_text][vc_single_image image=&#8221;20714&#8243; img_size=&#8221;large&#8221;][\/vc_column_inner][\/vc_row_inner][vc_column_text el_class=&#8221;vc_quote_consorcio vc_quote_consorcio_other&#8221;]<\/p>\n<div class=\"vc_quote_consorcio_icon\"><img loading=\"lazy\" decoding=\"async\" class=\"alignnone size-full wp-image-1101\" src=\"http:\/\/consorcioserrano.es\/wp-content\/uploads\/2017\/10\/comillas-abrir-1.png\" alt=\"\" width=\"59\" height=\"53\" srcset=\"https:\/\/consorcioserrano.es\/wp-content\/uploads\/2017\/10\/comillas-abrir-1.png 59w, https:\/\/consorcioserrano.es\/wp-content\/uploads\/2017\/10\/comillas-abrir-1-50x45.png 50w\" sizes=\"auto, (max-width:767px) 59px, 59px\" \/><\/div>\n<div class=\"vc_quote_consorcio_content\">\n<h2>Solo una <strong>produzione limitata di prosciutti serrano<\/strong> ottiene il <strong>\u201cSigillo Certificato ConsorcioSerrano\u201d<\/strong><\/h2>\n<\/div>\n<p>[\/vc_column_text][vc_row_inner][vc_column_inner width=&#8221;1\/2&#8243;][vc_column_text]Il Consorcio del Jam\u00f3n Serrano Espa\u00f1ol \u00e8 un&#8217;associazione di <strong>produttori tradizionali spagnoli di prosciutto crudo serrano <\/strong>uniti per tutelare la tradizione dell\u2019elaborazione del <strong>prosciutto serrano spagnolo<\/strong> e promuove il <strong>prosciutto serrano crudo autentico e di qualit\u00e0. <\/strong>Solo una produzione limitata di prosciutti vanta la <strong>Marchio di Qualit\u00e0 \u201cConsorcio Serrano\u201d.<\/strong>[\/vc_column_text][\/vc_column_inner][vc_column_inner width=&#8221;1\/2&#8243;][vc_column_text]Questo Sigillo Consorcio Serrano, che garantisce la fruizione di un prosciutto crudo <strong>di ottima qualit\u00e0<\/strong>, ha generato la fiducia degli importatori, distributori e consumatori, e ha fatto s\u00ec che a luglio del 2017 il Consorcio raggiungesse la cifra di <strong>14.000.000 milioni di pezzi di prosciutto serrano marchiati.<\/strong>[\/vc_column_text][\/vc_column_inner][\/vc_row_inner][\/vc_column][vc_column width=&#8221;1\/3&#8243;]\n<div id=\"ersspace-2\"><\/div><style type=\"text\/css\">#ersspace-2 { height: 260px; }\n@media handheld, only screen and (max-width: 767px) {\n\t#ersspace-2 { height: 0px; }\n}<\/style>[vc_row_inner el_class=&#8221;panel-special-aside&#8221;][vc_column_inner][vc_video link=&#8221;https:\/\/youtu.be\/4PtAH9qKysA&#8221; align=&#8221;center&#8221;][vc_column_text]<\/p>\n<h3><span style=\"color: #e82f37;\">Il marchio di qualit\u00e0 nelle diverse presentazioni commerciali:<\/span><\/h3>\n<p>[\/vc_column_text][vc_single_image image=&#8221;20701&#8243; img_size=&#8221;full&#8221;][\/vc_column_inner][\/vc_row_inner][\/vc_column][\/vc_row][vc_row][vc_column]\n<div id=\"ersspace-3\"><\/div><style type=\"text\/css\">#ersspace-3 { height: 80px; }<\/style>[\/vc_column][\/vc_row]<\/p>\n<\/div>","protected":false},"excerpt":{"rendered":"<p>[vc_row full_width=&#8221;stretch_row&#8221; css=&#8221;.vc_custom_1510761316179{background-color: #161616 !important;}&#8221; el_class=&#8221;no-padding-top six-columns consorcio-submenu&#8221; el_id=&#8221;consorcio-submenu&#8221;][vc_column width=&#8221;1\/6&#8243; offset=&#8221;vc_hidden-md vc_hidden-sm vc_hidden-xs&#8221;][\/vc_column][vc_column offset=&#8221;vc_col-lg-2 vc_col-md-3&#8243; el_class=&#8221;no-lateral-padding&#8221;][\/vc_column][vc_column offset=&#8221;vc_col-lg-2 vc_col-md-3&#8243; el_class=&#8221;no-lateral-padding&#8221;][\/vc_column][vc_column offset=&#8221;vc_col-lg-2 vc_col-md-3&#8243; el_class=&#8221;no-lateral-padding&#8221;][\/vc_column][vc_column offset=&#8221;vc_col-lg-2 vc_col-md-3&#8243; el_class=&#8221;no-lateral-padding&#8221;][\/vc_column][vc_column width=&#8221;1\/6&#8243;<span class=\"excerpt-hellip\"> [\u2026]<\/span><\/p>\n","protected":false},"author":1,"featured_media":0,"parent":7761,"menu_order":0,"comment_status":"closed","ping_status":"closed","template":"","meta":{"_acf_changed":false,"footnotes":""},"class_list":["post-20690","page","type-page","status-publish","hentry","sections_group lang-it"],"yoast_head":"<!-- This site is optimized with the Yoast SEO plugin v27.2 - https:\/\/yoast.com\/product\/yoast-seo-wordpress\/ -->\n<title>Marchio di qualit\u00e0 - Consorcio Prosciutto Serrano<\/title>\n<meta name=\"description\" content=\"Questo marchio garantisce un prosciutto serrano tradizionale, unico ed elaborato sempre in Spagna, con prosciutto crudo 100% spagnolo\" \/>\n<meta name=\"robots\" content=\"index, follow, max-snippet:-1, max-image-preview:large, max-video-preview:-1\" \/>\n<link rel=\"canonical\" href=\"https:\/\/consorcioserrano.es\/it\/sul-consorcio\/marchio-di-qualita\/\" \/>\n<meta property=\"og:locale\" content=\"it_IT\" \/>\n<meta property=\"og:type\" content=\"article\" \/>\n<meta property=\"og:title\" content=\"Marchio di qualit\u00e0 - Consorcio Prosciutto Serrano\" \/>\n<meta property=\"og:description\" content=\"Questo marchio garantisce un prosciutto serrano tradizionale, unico ed elaborato sempre in Spagna, con prosciutto crudo 100% spagnolo\" \/>\n<meta property=\"og:url\" content=\"https:\/\/consorcioserrano.es\/it\/sul-consorcio\/marchio-di-qualita\/\" \/>\n<meta property=\"og:site_name\" content=\"Consorcio del Jam\u00f3n Serrano Espa\u00f1ol\" \/>\n<meta property=\"article:modified_time\" content=\"2024-02-20T14:15:42+00:00\" \/>\n<meta property=\"og:image\" content=\"http:\/\/consorcioserrano.es\/wp-content\/uploads\/2017\/10\/s-60.png\" \/>\n<meta name=\"twitter:card\" content=\"summary_large_image\" \/>\n<meta name=\"twitter:label1\" content=\"Tempo di lettura stimato\" \/>\n\t<meta name=\"twitter:data1\" content=\"4 minuti\" \/>\n<script type=\"application\/ld+json\" class=\"yoast-schema-graph\">{\"@context\":\"https:\/\/schema.org\",\"@graph\":[{\"@type\":\"WebPage\",\"@id\":\"https:\/\/consorcioserrano.es\/it\/sul-consorcio\/marchio-di-qualita\/\",\"url\":\"https:\/\/consorcioserrano.es\/it\/sul-consorcio\/marchio-di-qualita\/\",\"name\":\"Marchio di qualit\u00e0 - Consorcio Prosciutto Serrano\",\"isPartOf\":{\"@id\":\"https:\/\/consorcioserrano.es\/#website\"},\"primaryImageOfPage\":{\"@id\":\"https:\/\/consorcioserrano.es\/it\/sul-consorcio\/marchio-di-qualita\/#primaryimage\"},\"image\":{\"@id\":\"https:\/\/consorcioserrano.es\/it\/sul-consorcio\/marchio-di-qualita\/#primaryimage\"},\"thumbnailUrl\":\"http:\/\/consorcioserrano.es\/wp-content\/uploads\/2017\/10\/s-60.png\",\"datePublished\":\"2024-01-11T10:33:16+00:00\",\"dateModified\":\"2024-02-20T14:15:42+00:00\",\"description\":\"Questo marchio garantisce un prosciutto serrano tradizionale, unico ed elaborato sempre in Spagna, con prosciutto crudo 100% spagnolo\",\"breadcrumb\":{\"@id\":\"https:\/\/consorcioserrano.es\/it\/sul-consorcio\/marchio-di-qualita\/#breadcrumb\"},\"inLanguage\":\"it-IT\",\"potentialAction\":[{\"@type\":\"ReadAction\",\"target\":[\"https:\/\/consorcioserrano.es\/it\/sul-consorcio\/marchio-di-qualita\/\"]}]},{\"@type\":\"ImageObject\",\"inLanguage\":\"it-IT\",\"@id\":\"https:\/\/consorcioserrano.es\/it\/sul-consorcio\/marchio-di-qualita\/#primaryimage\",\"url\":\"http:\/\/consorcioserrano.es\/wp-content\/uploads\/2017\/10\/s-60.png\",\"contentUrl\":\"http:\/\/consorcioserrano.es\/wp-content\/uploads\/2017\/10\/s-60.png\"},{\"@type\":\"BreadcrumbList\",\"@id\":\"https:\/\/consorcioserrano.es\/it\/sul-consorcio\/marchio-di-qualita\/#breadcrumb\",\"itemListElement\":[{\"@type\":\"ListItem\",\"position\":1,\"name\":\"Portada\",\"item\":\"https:\/\/consorcioserrano.es\/it\/inicio\/\"},{\"@type\":\"ListItem\",\"position\":2,\"name\":\"Sul Consorcio\",\"item\":\"https:\/\/consorcioserrano.es\/it\/sul-consorcio\/\"},{\"@type\":\"ListItem\",\"position\":3,\"name\":\"Marchio di qualit\u00e0\"}]},{\"@type\":\"WebSite\",\"@id\":\"https:\/\/consorcioserrano.es\/#website\",\"url\":\"https:\/\/consorcioserrano.es\/\",\"name\":\"Consorcio del Jam\u00f3n Serrano Espa\u00f1ol\",\"description\":\"Consorcio Prosciutto Serrano Spagnolo: garanzia del miglior Prosciutto Serrano - 100% prosciutti spagnoli - Prosciutto crudo spagnolo selezionato a mano\",\"potentialAction\":[{\"@type\":\"SearchAction\",\"target\":{\"@type\":\"EntryPoint\",\"urlTemplate\":\"https:\/\/consorcioserrano.es\/?s={search_term_string}\"},\"query-input\":{\"@type\":\"PropertyValueSpecification\",\"valueRequired\":true,\"valueName\":\"search_term_string\"}}],\"inLanguage\":\"it-IT\"}]}<\/script>\n<!-- \/ Yoast SEO plugin. -->","yoast_head_json":{"title":"Marchio di qualit\u00e0 - Consorcio Prosciutto Serrano","description":"Questo marchio garantisce un prosciutto serrano tradizionale, unico ed elaborato sempre in Spagna, con prosciutto crudo 100% spagnolo","robots":{"index":"index","follow":"follow","max-snippet":"max-snippet:-1","max-image-preview":"max-image-preview:large","max-video-preview":"max-video-preview:-1"},"canonical":"https:\/\/consorcioserrano.es\/it\/sul-consorcio\/marchio-di-qualita\/","og_locale":"it_IT","og_type":"article","og_title":"Marchio di qualit\u00e0 - Consorcio Prosciutto Serrano","og_description":"Questo marchio garantisce un prosciutto serrano tradizionale, unico ed elaborato sempre in Spagna, con prosciutto crudo 100% spagnolo","og_url":"https:\/\/consorcioserrano.es\/it\/sul-consorcio\/marchio-di-qualita\/","og_site_name":"Consorcio del Jam\u00f3n Serrano Espa\u00f1ol","article_modified_time":"2024-02-20T14:15:42+00:00","og_image":[{"url":"http:\/\/consorcioserrano.es\/wp-content\/uploads\/2017\/10\/s-60.png","type":"","width":"","height":""}],"twitter_card":"summary_large_image","twitter_misc":{"Tempo di lettura stimato":"4 minuti"},"schema":{"@context":"https:\/\/schema.org","@graph":[{"@type":"WebPage","@id":"https:\/\/consorcioserrano.es\/it\/sul-consorcio\/marchio-di-qualita\/","url":"https:\/\/consorcioserrano.es\/it\/sul-consorcio\/marchio-di-qualita\/","name":"Marchio di qualit\u00e0 - Consorcio Prosciutto Serrano","isPartOf":{"@id":"https:\/\/consorcioserrano.es\/#website"},"primaryImageOfPage":{"@id":"https:\/\/consorcioserrano.es\/it\/sul-consorcio\/marchio-di-qualita\/#primaryimage"},"image":{"@id":"https:\/\/consorcioserrano.es\/it\/sul-consorcio\/marchio-di-qualita\/#primaryimage"},"thumbnailUrl":"http:\/\/consorcioserrano.es\/wp-content\/uploads\/2017\/10\/s-60.png","datePublished":"2024-01-11T10:33:16+00:00","dateModified":"2024-02-20T14:15:42+00:00","description":"Questo marchio garantisce un prosciutto serrano tradizionale, unico ed elaborato sempre in Spagna, con prosciutto crudo 100% spagnolo","breadcrumb":{"@id":"https:\/\/consorcioserrano.es\/it\/sul-consorcio\/marchio-di-qualita\/#breadcrumb"},"inLanguage":"it-IT","potentialAction":[{"@type":"ReadAction","target":["https:\/\/consorcioserrano.es\/it\/sul-consorcio\/marchio-di-qualita\/"]}]},{"@type":"ImageObject","inLanguage":"it-IT","@id":"https:\/\/consorcioserrano.es\/it\/sul-consorcio\/marchio-di-qualita\/#primaryimage","url":"http:\/\/consorcioserrano.es\/wp-content\/uploads\/2017\/10\/s-60.png","contentUrl":"http:\/\/consorcioserrano.es\/wp-content\/uploads\/2017\/10\/s-60.png"},{"@type":"BreadcrumbList","@id":"https:\/\/consorcioserrano.es\/it\/sul-consorcio\/marchio-di-qualita\/#breadcrumb","itemListElement":[{"@type":"ListItem","position":1,"name":"Portada","item":"https:\/\/consorcioserrano.es\/it\/inicio\/"},{"@type":"ListItem","position":2,"name":"Sul Consorcio","item":"https:\/\/consorcioserrano.es\/it\/sul-consorcio\/"},{"@type":"ListItem","position":3,"name":"Marchio di qualit\u00e0"}]},{"@type":"WebSite","@id":"https:\/\/consorcioserrano.es\/#website","url":"https:\/\/consorcioserrano.es\/","name":"Consorcio del Jam\u00f3n Serrano Espa\u00f1ol","description":"Consorcio Prosciutto Serrano Spagnolo: garanzia del miglior Prosciutto Serrano - 100% prosciutti spagnoli - Prosciutto crudo spagnolo selezionato a mano","potentialAction":[{"@type":"SearchAction","target":{"@type":"EntryPoint","urlTemplate":"https:\/\/consorcioserrano.es\/?s={search_term_string}"},"query-input":{"@type":"PropertyValueSpecification","valueRequired":true,"valueName":"search_term_string"}}],"inLanguage":"it-IT"}]}},"acf":[],"_links":{"self":[{"href":"https:\/\/consorcioserrano.es\/it\/wp-json\/wp\/v2\/pages\/20690","targetHints":{"allow":["GET"]}}],"collection":[{"href":"https:\/\/consorcioserrano.es\/it\/wp-json\/wp\/v2\/pages"}],"about":[{"href":"https:\/\/consorcioserrano.es\/it\/wp-json\/wp\/v2\/types\/page"}],"author":[{"embeddable":true,"href":"https:\/\/consorcioserrano.es\/it\/wp-json\/wp\/v2\/users\/1"}],"replies":[{"embeddable":true,"href":"https:\/\/consorcioserrano.es\/it\/wp-json\/wp\/v2\/comments?post=20690"}],"version-history":[{"count":4,"href":"https:\/\/consorcioserrano.es\/it\/wp-json\/wp\/v2\/pages\/20690\/revisions"}],"predecessor-version":[{"id":22536,"href":"https:\/\/consorcioserrano.es\/it\/wp-json\/wp\/v2\/pages\/20690\/revisions\/22536"}],"up":[{"embeddable":true,"href":"https:\/\/consorcioserrano.es\/it\/wp-json\/wp\/v2\/pages\/7761"}],"wp:attachment":[{"href":"https:\/\/consorcioserrano.es\/it\/wp-json\/wp\/v2\/media?parent=20690"}],"curies":[{"name":"wp","href":"https:\/\/api.w.org\/{rel}","templated":true}]}}