{"id":7494,"date":"2017-11-02T15:19:51","date_gmt":"2017-11-02T13:19:51","guid":{"rendered":"https:\/\/consorcioserrano.es\/area-profesionales\/"},"modified":"2024-02-20T15:11:35","modified_gmt":"2024-02-20T14:11:35","slug":"area-professionisti","status":"publish","type":"page","link":"https:\/\/consorcioserrano.es\/it\/area-professionisti\/","title":{"rendered":"Area professionisti"},"content":{"rendered":"<div class=\"wpb-content-wrapper\"><p>[vc_row full_width=&#8221;stretch_row_content_no_spaces&#8221; css=&#8221;.vc_custom_1510131529958{background-image: url(http:\/\/consorcioserrano.es\/wp-content\/uploads\/2017\/11\/area-profesionales-consorcio-jamon-serrano.jpg?id=2905) !important;background-position: center !important;background-repeat: no-repeat !important;background-size: cover !important;}&#8221;][vc_column]\n<div id=\"ersspace-1\"><\/div><style type=\"text\/css\">#ersspace-1 { height: 320px; }<\/style>[\/vc_column][\/vc_row][vc_row el_class=&#8221;column-special-one&#8221;][vc_column width=&#8221;2\/3&#8243; el_class=&#8221;panel-special-content&#8221;][vc_row_inner][vc_column_inner][vc_column_text el_class=&#8221;vc_quote_consorcio&#8221;]<\/p>\n<div class=\"vc_quote_consorcio_icon\"><img loading=\"lazy\" decoding=\"async\" class=\"alignnone size-full wp-image-1101\" src=\"http:\/\/consorcioserrano.es\/wp-content\/uploads\/2017\/10\/comillas-abrir-1.png\" alt=\"\" width=\"59\" height=\"53\" srcset=\"https:\/\/consorcioserrano.es\/wp-content\/uploads\/2017\/10\/comillas-abrir-1.png 59w, https:\/\/consorcioserrano.es\/wp-content\/uploads\/2017\/10\/comillas-abrir-1-50x45.png 50w\" sizes=\"auto, (max-width:767px) 59px, 59px\" \/><\/div>\n<div class=\"vc_quote_consorcio_content\">\n<h1>Area <strong>professionisti<\/strong>\u00a0<img loading=\"lazy\" decoding=\"async\" class=\"alignnone size-full wp-image-1100\" src=\"http:\/\/consorcioserrano.es\/wp-content\/uploads\/2017\/10\/comillas-cerrar-1.png\" alt=\"\" width=\"59\" height=\"53\" srcset=\"https:\/\/consorcioserrano.es\/wp-content\/uploads\/2017\/10\/comillas-cerrar-1.png 59w, https:\/\/consorcioserrano.es\/wp-content\/uploads\/2017\/10\/comillas-cerrar-1-50x45.png 50w\" sizes=\"auto, (max-width:767px) 59px, 59px\" \/><\/h1>\n<\/div>\n<p>[\/vc_column_text][\/vc_column_inner][\/vc_row_inner][vc_row_inner][vc_column_inner][vc_column_text]<\/p>\n<h3><span style=\"color: #e82f37;\"><strong>Per importatori e distributori<\/strong><\/span><\/h3>\n<p>[\/vc_column_text][\/vc_column_inner][\/vc_row_inner][vc_row_inner][vc_column_inner width=&#8221;1\/2&#8243;][vc_column_text]Il Consorcio del Jam\u00f3n Serrano Espa\u00f1ol rappresenta i principali marchi spagnoli e garantisce, con i suoi controlli di Qualit\u00e0 e la sua certificazione, la qualit\u00e0 e l&#8217;autenticit\u00e0 di ogni pezzo.<\/p>\n<p>Se Lei \u00e8 interessato ad importare prosciutto serrano spagnolo e\/o a conoscere i nostri processi di certificazione, pu\u00f2 contattare il Consorcio mediante il nostro <span style=\"color: #e82f37;\"><a href=\"https:\/\/consorcioserrano.es\/it\/contattaci\/\">modulo di Contatto<\/a>.<\/span>[\/vc_column_text][vc_empty_space height=&#8221;15px&#8221;][\/vc_column_inner][vc_column_inner width=&#8221;1\/2&#8243;][vc_column_text]Inoltre, al seguente link potr\u00e0 trovare la lista dei nostri soci con i dati di contatto di ognuno di loro: <a href=\"https:\/\/consorcioserrano.es\/it\/chi-siamo\/i-nostri-soci\/\"><span style=\"color: #e82f37;\">Soci CJSE.<\/span><\/a>[\/vc_column_text][\/vc_column_inner][\/vc_row_inner][vc_row_inner][vc_column_inner][vc_column_text]<\/p>\n<h3><strong><span style=\"color: #e82f37;\">Sul controllo e la certificazione<\/span><\/strong><\/h3>\n<p>[\/vc_column_text][\/vc_column_inner][\/vc_row_inner][vc_row_inner][vc_column_inner width=&#8221;1\/2&#8243;][vc_column_text]Il Consorcio del Jam\u00f3n Serrano Espa\u00f1ol \u00e8 l&#8217;unica associazione spagnola che garantisce un prodotto di qualit\u00e0, elaborato secondo una normativa di controllo di qualit\u00e0 controllata e con una selezione finale pezzo per pezzo.<\/p>\n<p>Tutti i prosciutti serrano del Consorcio Serrano si riconoscono dal loro Marchio di Qualit\u00e0. Questo Marchio \u00e8 la caratteristica distintiva che conferma che il prodotto \u00e8 stato elaborato in conformit\u00e0 con le esigenti norme di qualit\u00e0 dell&#8217;associazione e che ha superato i rigorosi controlli di qualit\u00e0 per la sua esportazione.[\/vc_column_text][\/vc_column_inner][vc_column_inner width=&#8221;1\/2&#8243;][vc_column_text]<\/p>\n<p>Il Consorcio realizza audit annuali negli stabilimenti di produzione aderenti, per vigilare e controllare l&#8217;intero processo di elaborazione. Inoltre, controlla che tutti i prosciutti rispettino un tempo di stagionatura medio di 12 mesi, che abbiano una perdita di peso in fresco superiore al 34% dopo aver perso umidit\u00e0 durante la stagionatura, e un adeguato contenuto di grasso, imprescindibile per garantire le propriet\u00e0 organolettiche del prosciutto serrano.<\/p>\n<p>Solo una produzione limitata di Prosciutti Serrano spagnoli vanta il Marchio di Qualit\u00e0 Consorcio Serrano.[\/vc_column_text][\/vc_column_inner][\/vc_row_inner][vc_row_inner][vc_column_inner][vc_single_image image=&#8221;2456&#8243; img_size=&#8221;full&#8221;][\/vc_column_inner][\/vc_row_inner][vc_row_inner][vc_column_inner width=&#8221;2\/3&#8243;][vc_column_text]<\/p>\n<table class=\"table-consorcio-2-columns\">\n<thead>\n<tr class=\"border-bottom-header\">\n<td class=\"table-column-1 headed\" colspan=\"2\"><strong>Consorcio del Jam\u00f3n Serrano<\/strong><\/td>\n<\/tr>\n<\/thead>\n<tbody>\n<tr class=\"border-botom\">\n<td class=\"table-column-1\">Paese d&#8217;origine<\/td>\n<td class=\"table-column-2\">Spagna<\/td>\n<\/tr>\n<tr class=\"border-botom\">\n<td class=\"table-column-1\">Tempo minimo di stagionatura<\/td>\n<td class=\"table-column-2\">12 mesi (52 settimane)<\/td>\n<\/tr>\n<tr class=\"border-botom\">\n<td class=\"table-column-1\">Certificazione privata<\/td>\n<td class=\"table-column-2\">Consorcio Jam\u00f3n Serrano Espa\u00f1ol<\/td>\n<\/tr>\n<tr class=\"border-botom\">\n<td class=\"table-column-1\">Certificazione europea<\/td>\n<td class=\"table-column-2\">\u00a0S.T.G.\/Serrano<\/td>\n<\/tr>\n<tr class=\"border-botom\">\n<td class=\"table-column-1\">Peso del pezzo (con osso)<\/td>\n<td class=\"table-column-2\">a partire da 6,5 kg.<\/td>\n<\/tr>\n<tr class=\"border-botom\">\n<td class=\"table-column-1\">Consistenza, colore e sapore<\/td>\n<td class=\"table-column-2\">Decisa, rosso, viola e intenso.<\/td>\n<\/tr>\n<\/tbody>\n<\/table>\n<p>[\/vc_column_text][\/vc_column_inner][vc_column_inner width=&#8221;1\/3&#8243;][\/vc_column_inner][\/vc_row_inner][vc_row_inner][vc_column_inner width=&#8221;1\/2&#8243;][vc_column_text]<\/p>\n<h3><span style=\"color: #e82f37;\">Per grossisti, venditori al dettaglio, salumerie e negozi<\/span><\/h3>\n<p>Se ha bisogno di contattare un grossista del suo Paese, il Consorcio pu\u00f2 aiutarla a identificare quelli che gi\u00e0 importano il prosciutto serrano spagnolo garantito dal nostro Marchio di Qualit\u00e0. Pu\u00f2 contattarci attraverso il nostro <a href=\"https:\/\/consorcioserrano.es\/it\/contattaci\/\"><span style=\"color: #e82f37;\">modulo di Contatto<\/span><\/a>.[\/vc_column_text][\/vc_column_inner][vc_column_inner width=&#8221;1\/2&#8243;][\/vc_column_inner][\/vc_row_inner][vc_row_inner][vc_column_inner][vc_column_text]<\/p>\n<h3><span style=\"color: #e82f37;\">Informazione tecnica per professionisti<\/span><\/h3>\n<p>[\/vc_column_text][\/vc_column_inner][\/vc_row_inner][vc_row_inner][vc_column_inner width=&#8221;1\/2&#8243;][vc_column_text]Il prosciutto serrano spagnolo \u00e8 il risultato di un processo che unisce le garanzie della materia prima selezionata e di una stagionatura lunga e lenta in essiccatoi e cantine.[\/vc_column_text][\/vc_column_inner][vc_column_inner width=&#8221;1\/2&#8243;][vc_column_text]<\/p>\n<p>Essendo un prodotto speciale, c&#8217;\u00e8 una serie di informazioni che Lei deve conoscere:<\/p>\n<ul>\n<li><a href=\"https:\/\/consorcioserrano.es\/it\/prosciutto-consorcio-serrano\/tipi-di-prosciutto\/\"><span style=\"color: #e82f37;\">I diversi formati del prosciutto serrano<\/span><\/a><\/li>\n<li><a href=\"https:\/\/consorcioserrano.es\/it\/prosciutto-consorcio-serrano\/sapore-aroma-e-conservazione\/\"><span style=\"color: #e82f37;\">Conservazione del prosciutto serrano<\/span><\/a><\/li>\n<li><a href=\"https:\/\/consorcioserrano.es\/it\/come-tagliare-il-tuo-prosciutto-consorcio-serrano\/\"><span style=\"color: #e82f37;\">Taglio professionale<\/span><\/a><\/li>\n<li><span style=\"color: #e82f37;\">Consigli per i suoi clienti:\u00a0<a href=\"https:\/\/consorcioserrano.es\/it\/prosciutto-consorcio-serrano\/sapore-aroma-e-conservazione\/\">conservazione a casa e consumo, ricette.<\/a><\/span><\/li>\n<\/ul>\n<p>[\/vc_column_text][\/vc_column_inner][\/vc_row_inner][vc_empty_space height=&#8221;15px&#8221;][vc_row_inner][vc_column_inner][vc_column_text]<\/p>\n<h3><span style=\"color: #e82f37;\">Iscriversi: guide, novit\u00e0, corsi, consigli e ricette<\/span><\/h3>\n<p>[\/vc_column_text][\/vc_column_inner][\/vc_row_inner][vc_row_inner][vc_column_inner width=&#8221;1\/2&#8243;][vc_column_text]Il Consorcio del Jam\u00f3n Serrano mette a sua disposizione una serie di guide e argomentazioni che pu\u00f2 scaricare in formato PDF.<\/p>\n<p>Inoltre, il Consorcio divulga notizie, novit\u00e0, ricette e corsi sul prosciutto serrano che sono utili per i professionisti del settore.[\/vc_column_text][\/vc_column_inner][vc_column_inner width=&#8221;1\/2&#8243;][vc_column_text]Per accedere ai materiali per i professionisti e\/o se vuole essere aggiornato, <a href=\"https:\/\/consorcioserrano.es\/it\/utente-registrazione\/\" rel=\"noopener\"><span style=\"color: #e82f37;\">si registri qui.<\/span><\/a>[\/vc_column_text][\/vc_column_inner][\/vc_row_inner][\/vc_column][vc_column width=&#8221;1\/3&#8243;]\n<div id=\"ersspace-2\"><\/div><style type=\"text\/css\">#ersspace-2 { height: 260px; }\n@media handheld, only screen and (max-width: 767px) {\n\t#ersspace-2 { height: 0px; }\n}<\/style>[vc_row_inner el_class=&#8221;panel-special-aside&#8221;][vc_column_inner][vc_column_text]<\/p>\n<h3><span style=\"color: #e82f37;\"><strong>Materiali e informazioni tecniche da scaricare<\/strong><\/span><\/h3>\n<p>\u00c8 necessario essere registrato per poter scaricare i materiali disponibili.[\/vc_column_text][vc_column_text showfor=&#8221;not_logged_in&#8221;]<a class=\"button-consorcio-red\" href=\"\/?page_id=1045\">Accedere<\/a>[\/vc_column_text][vc_column_text showfor=&#8221;not_logged_in&#8221;]<a class=\"button-consorcio-red\" href=\"\/?page_id=1047\">Registrazione<\/a>[\/vc_column_text][vc_empty_space height=&#8221;15px&#8221;][vc_column_text showfor=&#8221;selected_user_roles&#8221; selected_user_roles=&#8221;administrator, role_distribuidor, role_importador, role_minorista, role_socio&#8221;]<\/p>\n<h3><span style=\"color: #e82f37;\"><strong>Lista dei materiali e informazione tecnica<\/strong><\/span><\/h3>\n<ul>\n<li>Lista di soci\n<ul>\n<li><a href=\"https:\/\/consorcioserrano.es\/nuestros-asociados\/consorcio-serrano-asociados.pdf\" target=\"_blank\" rel=\"noopener\">Lista di soci in pdf<\/a><\/li>\n<\/ul>\n<\/li>\n<\/ul>\n<p>[\/vc_column_text][\/vc_column_inner][\/vc_row_inner][\/vc_column][\/vc_row][vc_row][vc_column]\n<div id=\"ersspace-3\"><\/div><style type=\"text\/css\">#ersspace-3 { height: 80px; }<\/style>[\/vc_column][\/vc_row]<\/p>\n<\/div>","protected":false},"excerpt":{"rendered":"<p>[vc_row full_width=&#8221;stretch_row_content_no_spaces&#8221; css=&#8221;.vc_custom_1510131529958{background-image: url(http:\/\/consorcioserrano.es\/wp-content\/uploads\/2017\/11\/area-profesionales-consorcio-jamon-serrano.jpg?id=2905) !important;background-position: center !important;background-repeat: no-repeat !important;background-size: cover !important;}&#8221;][vc_column][\/vc_column][\/vc_row][vc_row el_class=&#8221;column-special-one&#8221;][vc_column width=&#8221;2\/3&#8243; el_class=&#8221;panel-special-content&#8221;][vc_row_inner][vc_column_inner][vc_column_text el_class=&#8221;vc_quote_consorcio&#8221;] Area professionisti\u00a0 [\/vc_column_text][\/vc_column_inner][\/vc_row_inner][vc_row_inner][vc_column_inner][vc_column_text] Per importatori e distributori [\/vc_column_text][\/vc_column_inner][\/vc_row_inner][vc_row_inner][vc_column_inner width=&#8221;1\/2&#8243;][vc_column_text]Il Consorcio del<span class=\"excerpt-hellip\"> [\u2026]<\/span><\/p>\n","protected":false},"author":1,"featured_media":0,"parent":0,"menu_order":0,"comment_status":"closed","ping_status":"closed","template":"","meta":{"_acf_changed":false,"footnotes":""},"class_list":["post-7494","page","type-page","status-publish","hentry","sections_group lang-it"],"yoast_head":"<!-- This site is optimized with the Yoast SEO plugin v27.2 - https:\/\/yoast.com\/product\/yoast-seo-wordpress\/ -->\n<title>Area Professionale - Consorcio Prosciutto Serrano Spagnolo<\/title>\n<meta name=\"description\" content=\"ConsorcioSerrano - Associazione spagnola che garantisce un prosciutto crudo serrano tradizionale, secondo una normativa di qualit\u00e0. Selezione finale manuale\" \/>\n<meta name=\"robots\" content=\"index, follow, max-snippet:-1, max-image-preview:large, max-video-preview:-1\" \/>\n<link rel=\"canonical\" href=\"https:\/\/consorcioserrano.es\/it\/area-professionisti\/\" \/>\n<meta property=\"og:locale\" content=\"it_IT\" \/>\n<meta property=\"og:type\" content=\"article\" \/>\n<meta property=\"og:title\" content=\"Area Professionale - Consorcio Prosciutto Serrano Spagnolo\" \/>\n<meta property=\"og:description\" content=\"ConsorcioSerrano - Associazione spagnola che garantisce un prosciutto crudo serrano tradizionale, secondo una normativa di qualit\u00e0. Selezione finale manuale\" \/>\n<meta property=\"og:url\" content=\"https:\/\/consorcioserrano.es\/it\/area-professionisti\/\" \/>\n<meta property=\"og:site_name\" content=\"Consorcio del Jam\u00f3n Serrano Espa\u00f1ol\" \/>\n<meta property=\"article:modified_time\" content=\"2024-02-20T14:11:35+00:00\" \/>\n<meta property=\"og:image\" content=\"http:\/\/consorcioserrano.es\/wp-content\/uploads\/2017\/11\/social-consorcio-serrano.jpg\" \/>\n<meta name=\"twitter:card\" content=\"summary_large_image\" \/>\n<meta name=\"twitter:label1\" content=\"Tempo di lettura stimato\" \/>\n\t<meta name=\"twitter:data1\" content=\"3 minuti\" \/>\n<script type=\"application\/ld+json\" class=\"yoast-schema-graph\">{\"@context\":\"https:\/\/schema.org\",\"@graph\":[{\"@type\":\"WebPage\",\"@id\":\"https:\/\/consorcioserrano.es\/it\/area-professionisti\/\",\"url\":\"https:\/\/consorcioserrano.es\/it\/area-professionisti\/\",\"name\":\"Area Professionale - Consorcio Prosciutto Serrano Spagnolo\",\"isPartOf\":{\"@id\":\"https:\/\/consorcioserrano.es\/#website\"},\"primaryImageOfPage\":{\"@id\":\"https:\/\/consorcioserrano.es\/it\/area-professionisti\/#primaryimage\"},\"image\":{\"@id\":\"https:\/\/consorcioserrano.es\/it\/area-professionisti\/#primaryimage\"},\"thumbnailUrl\":\"http:\/\/consorcioserrano.es\/wp-content\/uploads\/2017\/10\/comillas-abrir-1.png\",\"datePublished\":\"2017-11-02T13:19:51+00:00\",\"dateModified\":\"2024-02-20T14:11:35+00:00\",\"description\":\"ConsorcioSerrano - Associazione spagnola che garantisce un prosciutto crudo serrano tradizionale, secondo una normativa di qualit\u00e0. Selezione finale manuale\",\"breadcrumb\":{\"@id\":\"https:\/\/consorcioserrano.es\/it\/area-professionisti\/#breadcrumb\"},\"inLanguage\":\"it-IT\",\"potentialAction\":[{\"@type\":\"ReadAction\",\"target\":[\"https:\/\/consorcioserrano.es\/it\/area-professionisti\/\"]}]},{\"@type\":\"ImageObject\",\"inLanguage\":\"it-IT\",\"@id\":\"https:\/\/consorcioserrano.es\/it\/area-professionisti\/#primaryimage\",\"url\":\"http:\/\/consorcioserrano.es\/wp-content\/uploads\/2017\/10\/comillas-abrir-1.png\",\"contentUrl\":\"http:\/\/consorcioserrano.es\/wp-content\/uploads\/2017\/10\/comillas-abrir-1.png\"},{\"@type\":\"BreadcrumbList\",\"@id\":\"https:\/\/consorcioserrano.es\/it\/area-professionisti\/#breadcrumb\",\"itemListElement\":[{\"@type\":\"ListItem\",\"position\":1,\"name\":\"Portada\",\"item\":\"https:\/\/consorcioserrano.es\/it\/inicio\/\"},{\"@type\":\"ListItem\",\"position\":2,\"name\":\"Area professionisti\"}]},{\"@type\":\"WebSite\",\"@id\":\"https:\/\/consorcioserrano.es\/#website\",\"url\":\"https:\/\/consorcioserrano.es\/\",\"name\":\"Consorcio del Jam\u00f3n Serrano Espa\u00f1ol\",\"description\":\"Consorcio Prosciutto Serrano Spagnolo: garanzia del miglior Prosciutto Serrano - 100% prosciutti spagnoli - Prosciutto crudo spagnolo selezionato a mano\",\"potentialAction\":[{\"@type\":\"SearchAction\",\"target\":{\"@type\":\"EntryPoint\",\"urlTemplate\":\"https:\/\/consorcioserrano.es\/?s={search_term_string}\"},\"query-input\":{\"@type\":\"PropertyValueSpecification\",\"valueRequired\":true,\"valueName\":\"search_term_string\"}}],\"inLanguage\":\"it-IT\"}]}<\/script>\n<!-- \/ Yoast SEO plugin. -->","yoast_head_json":{"title":"Area Professionale - Consorcio Prosciutto Serrano Spagnolo","description":"ConsorcioSerrano - Associazione spagnola che garantisce un prosciutto crudo serrano tradizionale, secondo una normativa di qualit\u00e0. Selezione finale manuale","robots":{"index":"index","follow":"follow","max-snippet":"max-snippet:-1","max-image-preview":"max-image-preview:large","max-video-preview":"max-video-preview:-1"},"canonical":"https:\/\/consorcioserrano.es\/it\/area-professionisti\/","og_locale":"it_IT","og_type":"article","og_title":"Area Professionale - Consorcio Prosciutto Serrano Spagnolo","og_description":"ConsorcioSerrano - Associazione spagnola che garantisce un prosciutto crudo serrano tradizionale, secondo una normativa di qualit\u00e0. Selezione finale manuale","og_url":"https:\/\/consorcioserrano.es\/it\/area-professionisti\/","og_site_name":"Consorcio del Jam\u00f3n Serrano Espa\u00f1ol","article_modified_time":"2024-02-20T14:11:35+00:00","og_image":[{"url":"http:\/\/consorcioserrano.es\/wp-content\/uploads\/2017\/11\/social-consorcio-serrano.jpg","type":"","width":"","height":""}],"twitter_card":"summary_large_image","twitter_misc":{"Tempo di lettura stimato":"3 minuti"},"schema":{"@context":"https:\/\/schema.org","@graph":[{"@type":"WebPage","@id":"https:\/\/consorcioserrano.es\/it\/area-professionisti\/","url":"https:\/\/consorcioserrano.es\/it\/area-professionisti\/","name":"Area Professionale - Consorcio Prosciutto Serrano Spagnolo","isPartOf":{"@id":"https:\/\/consorcioserrano.es\/#website"},"primaryImageOfPage":{"@id":"https:\/\/consorcioserrano.es\/it\/area-professionisti\/#primaryimage"},"image":{"@id":"https:\/\/consorcioserrano.es\/it\/area-professionisti\/#primaryimage"},"thumbnailUrl":"http:\/\/consorcioserrano.es\/wp-content\/uploads\/2017\/10\/comillas-abrir-1.png","datePublished":"2017-11-02T13:19:51+00:00","dateModified":"2024-02-20T14:11:35+00:00","description":"ConsorcioSerrano - Associazione spagnola che garantisce un prosciutto crudo serrano tradizionale, secondo una normativa di qualit\u00e0. Selezione finale manuale","breadcrumb":{"@id":"https:\/\/consorcioserrano.es\/it\/area-professionisti\/#breadcrumb"},"inLanguage":"it-IT","potentialAction":[{"@type":"ReadAction","target":["https:\/\/consorcioserrano.es\/it\/area-professionisti\/"]}]},{"@type":"ImageObject","inLanguage":"it-IT","@id":"https:\/\/consorcioserrano.es\/it\/area-professionisti\/#primaryimage","url":"http:\/\/consorcioserrano.es\/wp-content\/uploads\/2017\/10\/comillas-abrir-1.png","contentUrl":"http:\/\/consorcioserrano.es\/wp-content\/uploads\/2017\/10\/comillas-abrir-1.png"},{"@type":"BreadcrumbList","@id":"https:\/\/consorcioserrano.es\/it\/area-professionisti\/#breadcrumb","itemListElement":[{"@type":"ListItem","position":1,"name":"Portada","item":"https:\/\/consorcioserrano.es\/it\/inicio\/"},{"@type":"ListItem","position":2,"name":"Area professionisti"}]},{"@type":"WebSite","@id":"https:\/\/consorcioserrano.es\/#website","url":"https:\/\/consorcioserrano.es\/","name":"Consorcio del Jam\u00f3n Serrano Espa\u00f1ol","description":"Consorcio Prosciutto Serrano Spagnolo: garanzia del miglior Prosciutto Serrano - 100% prosciutti spagnoli - Prosciutto crudo spagnolo selezionato a mano","potentialAction":[{"@type":"SearchAction","target":{"@type":"EntryPoint","urlTemplate":"https:\/\/consorcioserrano.es\/?s={search_term_string}"},"query-input":{"@type":"PropertyValueSpecification","valueRequired":true,"valueName":"search_term_string"}}],"inLanguage":"it-IT"}]}},"acf":[],"_links":{"self":[{"href":"https:\/\/consorcioserrano.es\/it\/wp-json\/wp\/v2\/pages\/7494","targetHints":{"allow":["GET"]}}],"collection":[{"href":"https:\/\/consorcioserrano.es\/it\/wp-json\/wp\/v2\/pages"}],"about":[{"href":"https:\/\/consorcioserrano.es\/it\/wp-json\/wp\/v2\/types\/page"}],"author":[{"embeddable":true,"href":"https:\/\/consorcioserrano.es\/it\/wp-json\/wp\/v2\/users\/1"}],"replies":[{"embeddable":true,"href":"https:\/\/consorcioserrano.es\/it\/wp-json\/wp\/v2\/comments?post=7494"}],"version-history":[{"count":1,"href":"https:\/\/consorcioserrano.es\/it\/wp-json\/wp\/v2\/pages\/7494\/revisions"}],"predecessor-version":[{"id":22908,"href":"https:\/\/consorcioserrano.es\/it\/wp-json\/wp\/v2\/pages\/7494\/revisions\/22908"}],"wp:attachment":[{"href":"https:\/\/consorcioserrano.es\/it\/wp-json\/wp\/v2\/media?parent=7494"}],"curies":[{"name":"wp","href":"https:\/\/api.w.org\/{rel}","templated":true}]}}