{"id":7519,"date":"2017-10-30T13:01:45","date_gmt":"2017-10-30T11:01:45","guid":{"rendered":"https:\/\/consorcioserrano.es\/presencia-internacional\/"},"modified":"2024-02-20T15:13:45","modified_gmt":"2024-02-20T14:13:45","slug":"presenza-internazionale","status":"publish","type":"page","link":"https:\/\/consorcioserrano.es\/it\/sul-consorcio\/presenza-internazionale\/","title":{"rendered":"Presenza Internazionale"},"content":{"rendered":"<div class=\"wpb-content-wrapper\"><p>[vc_row full_width=&#8221;stretch_row&#8221; css=&#8221;.vc_custom_1510761293571{background-color: #161616 !important;}&#8221; el_class=&#8221;no-padding-top six-columns consorcio-submenu&#8221; el_id=&#8221;consorcio-submenu&#8221;][vc_column width=&#8221;1\/6&#8243; offset=&#8221;vc_hidden-md vc_hidden-sm vc_hidden-xs&#8221;][\/vc_column][vc_column offset=&#8221;vc_col-lg-2 vc_col-md-3&#8243; el_class=&#8221;no-lateral-padding&#8221;]\n    <a href=\"https:\/\/consorcioserrano.es\/it\/sul-consorcio\/storia\/\"   class=\"vc_link_consorcio\" title=\" Storia \">\n    <div class=\"roll_wrap\" id=\"\">\n\t\t\n        <div class=\"roll_wrap_img opacity-submenu-hover\" ><img decoding=\"async\" src=\"https:\/\/consorcioserrano.es\/wp-content\/uploads\/2017\/10\/historia-consorcio-jamon-serrano-superior-menu-620x450.jpg\" class=\"img-responsive \" > <\/div>\n\t\t\n\n\t\t\n\t\t\n\t        <div class=\"roll_wrap_link_imagetextmenu  \" style=\"color:#ff0000; font-size:;\"><p class=\"six-columns-img\"><img loading=\"lazy\" decoding=\"async\" class=\"size-full wp-image-2600 alignleft\" src=\"http:\/\/consorcioserrano.es\/wp-content\/uploads\/2017\/10\/s-60.png\" alt=\"\" width=\"60\" height=\"60\" \/><\/p>\n<h3><strong>Storia<\/strong><\/h3>\n<\/div>\n\t\t\n    <\/div>\n    <\/a>[\/vc_column][vc_column offset=&#8221;vc_col-lg-2 vc_col-md-3&#8243; el_class=&#8221;no-lateral-padding&#8221;]\n    <a href=\"https:\/\/consorcioserrano.es\/it\/sul-consorcio\/cosa-ci-identifica\/\"   class=\"vc_link_consorcio\" title=\" Cosa ci identifica \">\n    <div class=\"roll_wrap\" id=\"\">\n\t\t\n        <div class=\"roll_wrap_img opacity-submenu-hover\" ><img decoding=\"async\" src=\"https:\/\/consorcioserrano.es\/wp-content\/uploads\/2017\/10\/identifica-consorcio-jamon-serrano-superior-menu-620x450.jpg\" class=\"img-responsive \" > <\/div>\n\t\t\n\n\t\t\n\t\t\n\t        <div class=\"roll_wrap_link_imagetextmenu  \" style=\"color:#ff0000; font-size:;\"><p class=\"six-columns-img\"><img loading=\"lazy\" decoding=\"async\" class=\"size-full wp-image-2600 alignleft\" src=\"http:\/\/consorcioserrano.es\/wp-content\/uploads\/2017\/10\/s-60.png\" alt=\"\" width=\"60\" height=\"60\" \/><\/p>\n<h3><strong>Cosa ci identifica<\/strong><\/h3>\n<\/div>\n\t\t\n    <\/div>\n    <\/a>[\/vc_column][vc_column offset=&#8221;vc_col-lg-2 vc_col-md-3&#8243; el_class=&#8221;no-lateral-padding&#8221;]\n    <a href=\"https:\/\/consorcioserrano.es\/it\/sul-consorcio\/marchio-di-qualita\/\"   class=\"vc_link_consorcio\" title=\" Marchio\u00a0di qualit\u00e0 \">\n    <div class=\"roll_wrap\" id=\"\">\n\t\t\n        <div class=\"roll_wrap_img opacity-submenu-hover\" ><img decoding=\"async\" src=\"https:\/\/consorcioserrano.es\/wp-content\/uploads\/2017\/10\/sello-calidad-consorcio-jamon-serrano-superior-menu-620x450.jpg\" class=\"img-responsive \" > <\/div>\n\t\t\n\n\t\t\n\t\t\n\t        <div class=\"roll_wrap_link_imagetextmenu  \" style=\"color:#ff0000; font-size:;\"><p class=\"six-columns-img\"><img loading=\"lazy\" decoding=\"async\" class=\"size-full wp-image-2600 alignleft\" src=\"http:\/\/consorcioserrano.es\/wp-content\/uploads\/2017\/10\/s-60.png\" alt=\"\" width=\"60\" height=\"60\" \/><\/p>\n<h3><strong>Marchio<\/strong>\u00a0di qualit\u00e0<\/h3>\n<\/div>\n\t\t\n    <\/div>\n    <\/a>[\/vc_column][vc_column offset=&#8221;vc_col-lg-2 vc_col-md-3&#8243; el_class=&#8221;no-lateral-padding&#8221;]\n    <a href=\"https:\/\/consorcioserrano.es\/it\/sul-consorcio\/presenza-internazionale\/\"   class=\"vc_link_consorcio\" title=\" Presenza internazionale \">\n    <div class=\"roll_wrap\" id=\"\">\n\t\t\n        <div class=\"roll_wrap_img \" ><img decoding=\"async\" src=\"https:\/\/consorcioserrano.es\/wp-content\/uploads\/2017\/10\/presencia-internacional-consorcio-jamon-serrano-superior-menu-620x450.jpg\" class=\"img-responsive \" > <\/div>\n\t\t\n\n\t\t\n\t\t\n\t        <div class=\"roll_wrap_link_imagetextmenu  \" style=\"color:#ff0000; font-size:;\"><p class=\"six-columns-img\"><img loading=\"lazy\" decoding=\"async\" class=\"size-full wp-image-2600 alignleft\" src=\"http:\/\/consorcioserrano.es\/wp-content\/uploads\/2017\/10\/s-60.png\" alt=\"\" width=\"60\" height=\"60\" \/><\/p>\n<h3><strong>Presenza internazionale<\/strong><\/h3>\n<\/div>\n\t\t\n    <\/div>\n    <\/a>[\/vc_column][vc_column width=&#8221;1\/6&#8243; offset=&#8221;vc_hidden-md vc_hidden-sm&#8221;][\/vc_column][\/vc_row][vc_row full_width=&#8221;stretch_row_content_no_spaces&#8221; css=&#8221;.vc_custom_1510130630625{background-image: url(http:\/\/consorcioserrano.es\/wp-content\/uploads\/2017\/10\/presencia-internacional-consorcio-jamon-serrano.jpg?id=2888) !important;background-position: center !important;background-repeat: no-repeat !important;background-size: cover !important;}&#8221;][vc_column]\n<div id=\"ersspace-1\"><\/div><style type=\"text\/css\">#ersspace-1 { height: 320px; }\n@media handheld, only screen and (max-width: 1199px) {\n\t#ersspace-1 { height: 300px; }\n}\n@media handheld, only screen and (max-width: 1023px) {\n\t#ersspace-1 { height: 300px; }\n}\n@media handheld, only screen and (max-width: 767px) {\n\t#ersspace-1 { height: 260px; }\n}<\/style>[\/vc_column][\/vc_row][vc_row el_class=&#8221;column-special-one&#8221;][vc_column width=&#8221;2\/3&#8243; el_class=&#8221;panel-special-content&#8221;][vc_row_inner][vc_column_inner][vc_column_text el_class=&#8221;vc_quote_consorcio&#8221;]<\/p>\n<div class=\"vc_quote_consorcio_icon\"><img loading=\"lazy\" decoding=\"async\" class=\"alignnone size-full wp-image-1101\" src=\"http:\/\/consorcioserrano.es\/wp-content\/uploads\/2017\/10\/comillas-abrir-1.png\" alt=\"\" width=\"59\" height=\"53\" srcset=\"https:\/\/consorcioserrano.es\/wp-content\/uploads\/2017\/10\/comillas-abrir-1.png 59w, https:\/\/consorcioserrano.es\/wp-content\/uploads\/2017\/10\/comillas-abrir-1-50x45.png 50w\" sizes=\"auto, (max-width:767px) 59px, 59px\" \/><\/div>\n<div class=\"vc_quote_consorcio_content\">\n<h1>Presenza\u00a0<strong>internazionale<\/strong>\u00a0<img loading=\"lazy\" decoding=\"async\" class=\"alignnone size-full wp-image-1100\" src=\"http:\/\/consorcioserrano.es\/wp-content\/uploads\/2017\/10\/comillas-cerrar-1.png\" alt=\"\" width=\"59\" height=\"53\" srcset=\"https:\/\/consorcioserrano.es\/wp-content\/uploads\/2017\/10\/comillas-cerrar-1.png 59w, https:\/\/consorcioserrano.es\/wp-content\/uploads\/2017\/10\/comillas-cerrar-1-50x45.png 50w\" sizes=\"auto, (max-width:767px) 59px, 59px\" \/><\/h1>\n<\/div>\n<p>[\/vc_column_text][\/vc_column_inner][\/vc_row_inner][vc_row_inner][vc_column_inner][vc_column_text]<\/p>\n<h3><span style=\"color: #e82f37;\"><strong>Presenza Internazionale del Consorcio Jam\u00f3n Serrano <\/strong><\/span><\/h3>\n<p>[\/vc_column_text][\/vc_column_inner][\/vc_row_inner][vc_row_inner][vc_column_inner width=&#8221;1\/2&#8243;][vc_column_text]Uno dei compiti pi\u00f9 rilevanti del <strong>Consorcio del Jam\u00f3n Serrano Espa\u00f1ol <\/strong> \u00e8 la Promozione internazionale del Marchio di Qualit\u00e0 Consorcio Serrano in riconosciuti mercati internazionali.[\/vc_column_text][\/vc_column_inner][vc_column_inner width=&#8221;1\/2&#8243;][vc_column_text]<\/p>\n<p>Quindi, dal 1990, grazie a un forte investimento in comunicazione e promozione, il Prosciutto Serrano &#8220;Consorcio Serrano&#8221; si \u00e8 convertito nel riferimento internazionale dell&#8217;autentico prosciutto serrano (considerato uno dei prodotti spagnoli di maggior prestigio all&#8217;interno della gastronomia spagnola).[\/vc_column_text][\/vc_column_inner][\/vc_row_inner][vc_column_text el_class=&#8221;vc_quote_consorcio vc_quote_consorcio_other&#8221;]<\/p>\n<div class=\"vc_quote_consorcio_icon\"><img loading=\"lazy\" decoding=\"async\" class=\"alignnone size-full wp-image-1101\" src=\"http:\/\/consorcioserrano.es\/wp-content\/uploads\/2017\/10\/comillas-abrir-1.png\" alt=\"\" width=\"59\" height=\"53\" srcset=\"https:\/\/consorcioserrano.es\/wp-content\/uploads\/2017\/10\/comillas-abrir-1.png 59w, https:\/\/consorcioserrano.es\/wp-content\/uploads\/2017\/10\/comillas-abrir-1-50x45.png 50w\" sizes=\"auto, (max-width:767px) 59px, 59px\" \/><\/div>\n<div class=\"vc_quote_consorcio_content\">\n<h2>Il prosciutto serrano del Consorcio \u00e8 attualmente presente <strong>in oltre 60 paesi di tutto il mondo<\/strong>.<\/h2>\n<\/div>\n<p>[\/vc_column_text][vc_row_inner][vc_column_inner width=&#8221;1\/2&#8243;][vc_column_text]Il prosciutto serrano del Consorcio \u00e8 attualmente presente <strong>in oltre 60 paesi<\/strong> di tutto il mondo, sebbene \u00e8 l&#8217;Europa che concentra la maggior parte delle esportazioni ed \u00e8 dove sono ubicati i principali marchi di prosciutto serrano.<\/p>\n<p>[\/vc_column_text][\/vc_column_inner][vc_column_inner width=&#8221;1\/2&#8243;][vc_column_text]<\/p>\n<p>Il Consorcio Jam\u00f3n Serrano \u00e8 presente nelle principali fiere alimentari del mondo, come ad esempio <strong>Anuga en Alemania, SIAL en Francia y Alimentaria en Espa\u00f1a<\/strong>, rappresentando e mettendo in comunicazione i migliori marchi di prosciutto serrano spagnolo e i principali attori dell&#8217;importazione e della distribuzione alimentare diretta al consumatore che ama il buon cibo.[\/vc_column_text][\/vc_column_inner][\/vc_row_inner][\/vc_column][vc_column width=&#8221;1\/3&#8243;]\n<div id=\"ersspace-2\"><\/div><style type=\"text\/css\">#ersspace-2 { height: 260px; }\n@media handheld, only screen and (max-width: 767px) {\n\t#ersspace-2 { height: 0px; }\n}<\/style>[vc_row_inner el_class=&#8221;panel-special-aside&#8221;][vc_column_inner][vc_column_text]<\/p>\n<h3><span style=\"color: #e82f37;\"><strong>Consumo nel mondo: Principali importatori di Prosciutto Serrano<\/strong><br \/>\n<\/span><\/h3>\n<p>Paesi europei come <strong>Francia, Germania, Belgio e Olanda <\/strong> costituiscono i mercati pi\u00f9 consolidati nell&#8217;esportazione del marchio di qualit\u00e0 del prosciutto serrano. Francia e Germania, con un 55,3% del consumo totale del &#8220;Jam\u00f3n Consorcio Serrano&#8221;, continuano ad essere considerati i mercati chiave, per cui \u00e8 principalmente verso di loro che si dirigono le attivit\u00e0 di promozione dell&#8217;ente.<\/p>\n<p>Rispetto ai paesi esterni all&#8217;UE, sorgono con un gran potenziale di crescita <strong>Messico, Australia, Stati Uniti o Brasile<\/strong>,essendo il paese centro-americano quello che risalta tra gli altri, grazie alla notevole presenza di prodotti spagnoli nelle sue diverse citt\u00e0.[\/vc_column_text][\/vc_column_inner][\/vc_row_inner][\/vc_column][\/vc_row]<\/p>\n<\/div>","protected":false},"excerpt":{"rendered":"<p>[vc_row full_width=&#8221;stretch_row&#8221; css=&#8221;.vc_custom_1510761293571{background-color: #161616 !important;}&#8221; el_class=&#8221;no-padding-top six-columns consorcio-submenu&#8221; el_id=&#8221;consorcio-submenu&#8221;][vc_column width=&#8221;1\/6&#8243; offset=&#8221;vc_hidden-md vc_hidden-sm vc_hidden-xs&#8221;][\/vc_column][vc_column offset=&#8221;vc_col-lg-2 vc_col-md-3&#8243; el_class=&#8221;no-lateral-padding&#8221;][\/vc_column][vc_column offset=&#8221;vc_col-lg-2 vc_col-md-3&#8243; el_class=&#8221;no-lateral-padding&#8221;][\/vc_column][vc_column offset=&#8221;vc_col-lg-2 vc_col-md-3&#8243; el_class=&#8221;no-lateral-padding&#8221;][\/vc_column][vc_column offset=&#8221;vc_col-lg-2 vc_col-md-3&#8243; el_class=&#8221;no-lateral-padding&#8221;][\/vc_column][vc_column width=&#8221;1\/6&#8243;<span class=\"excerpt-hellip\"> [\u2026]<\/span><\/p>\n","protected":false},"author":1,"featured_media":0,"parent":7761,"menu_order":0,"comment_status":"closed","ping_status":"closed","template":"","meta":{"_acf_changed":false,"footnotes":""},"class_list":["post-7519","page","type-page","status-publish","hentry","sections_group lang-it"],"yoast_head":"<!-- This site is optimized with the Yoast SEO plugin v27.2 - https:\/\/yoast.com\/product\/yoast-seo-wordpress\/ -->\n<title>Presenza Internazionale - Consorcio Prosciutto Serrano<\/title>\n<meta name=\"description\" content=\"Il Consorcio Prosciutto Serrano nelle principali fiere alimentari del mondo: come Anuga in Germania, SIAL in Francia e Alimentaria in Spagna\" \/>\n<meta name=\"robots\" content=\"index, follow, max-snippet:-1, max-image-preview:large, max-video-preview:-1\" \/>\n<link rel=\"canonical\" href=\"https:\/\/consorcioserrano.es\/it\/sul-consorcio\/presenza-internazionale\/\" \/>\n<meta property=\"og:locale\" content=\"it_IT\" \/>\n<meta property=\"og:type\" content=\"article\" \/>\n<meta property=\"og:title\" content=\"Presenza Internazionale - Consorcio Prosciutto Serrano\" \/>\n<meta property=\"og:description\" content=\"Il Consorcio Prosciutto Serrano nelle principali fiere alimentari del mondo: come Anuga in Germania, SIAL in Francia e Alimentaria in Spagna\" \/>\n<meta property=\"og:url\" content=\"https:\/\/consorcioserrano.es\/it\/sul-consorcio\/presenza-internazionale\/\" \/>\n<meta property=\"og:site_name\" content=\"Consorcio del Jam\u00f3n Serrano Espa\u00f1ol\" \/>\n<meta property=\"article:modified_time\" content=\"2024-02-20T14:13:45+00:00\" \/>\n<meta property=\"og:image\" content=\"http:\/\/consorcioserrano.es\/wp-content\/uploads\/2017\/10\/s-60.png\" \/>\n<meta name=\"twitter:card\" content=\"summary_large_image\" \/>\n<meta name=\"twitter:label1\" content=\"Tempo di lettura stimato\" \/>\n\t<meta name=\"twitter:data1\" content=\"4 minuti\" \/>\n<script type=\"application\/ld+json\" class=\"yoast-schema-graph\">{\"@context\":\"https:\/\/schema.org\",\"@graph\":[{\"@type\":\"WebPage\",\"@id\":\"https:\/\/consorcioserrano.es\/it\/sul-consorcio\/presenza-internazionale\/\",\"url\":\"https:\/\/consorcioserrano.es\/it\/sul-consorcio\/presenza-internazionale\/\",\"name\":\"Presenza Internazionale - Consorcio Prosciutto Serrano\",\"isPartOf\":{\"@id\":\"https:\/\/consorcioserrano.es\/#website\"},\"primaryImageOfPage\":{\"@id\":\"https:\/\/consorcioserrano.es\/it\/sul-consorcio\/presenza-internazionale\/#primaryimage\"},\"image\":{\"@id\":\"https:\/\/consorcioserrano.es\/it\/sul-consorcio\/presenza-internazionale\/#primaryimage\"},\"thumbnailUrl\":\"http:\/\/consorcioserrano.es\/wp-content\/uploads\/2017\/10\/s-60.png\",\"datePublished\":\"2017-10-30T11:01:45+00:00\",\"dateModified\":\"2024-02-20T14:13:45+00:00\",\"description\":\"Il Consorcio Prosciutto Serrano nelle principali fiere alimentari del mondo: come Anuga in Germania, SIAL in Francia e Alimentaria in Spagna\",\"breadcrumb\":{\"@id\":\"https:\/\/consorcioserrano.es\/it\/sul-consorcio\/presenza-internazionale\/#breadcrumb\"},\"inLanguage\":\"it-IT\",\"potentialAction\":[{\"@type\":\"ReadAction\",\"target\":[\"https:\/\/consorcioserrano.es\/it\/sul-consorcio\/presenza-internazionale\/\"]}]},{\"@type\":\"ImageObject\",\"inLanguage\":\"it-IT\",\"@id\":\"https:\/\/consorcioserrano.es\/it\/sul-consorcio\/presenza-internazionale\/#primaryimage\",\"url\":\"http:\/\/consorcioserrano.es\/wp-content\/uploads\/2017\/10\/s-60.png\",\"contentUrl\":\"http:\/\/consorcioserrano.es\/wp-content\/uploads\/2017\/10\/s-60.png\"},{\"@type\":\"BreadcrumbList\",\"@id\":\"https:\/\/consorcioserrano.es\/it\/sul-consorcio\/presenza-internazionale\/#breadcrumb\",\"itemListElement\":[{\"@type\":\"ListItem\",\"position\":1,\"name\":\"Portada\",\"item\":\"https:\/\/consorcioserrano.es\/it\/inicio\/\"},{\"@type\":\"ListItem\",\"position\":2,\"name\":\"Sul Consorcio\",\"item\":\"https:\/\/consorcioserrano.es\/it\/sul-consorcio\/\"},{\"@type\":\"ListItem\",\"position\":3,\"name\":\"Presenza Internazionale\"}]},{\"@type\":\"WebSite\",\"@id\":\"https:\/\/consorcioserrano.es\/#website\",\"url\":\"https:\/\/consorcioserrano.es\/\",\"name\":\"Consorcio del Jam\u00f3n Serrano Espa\u00f1ol\",\"description\":\"Consorcio Prosciutto Serrano Spagnolo: garanzia del miglior Prosciutto Serrano - 100% prosciutti spagnoli - Prosciutto crudo spagnolo selezionato a mano\",\"potentialAction\":[{\"@type\":\"SearchAction\",\"target\":{\"@type\":\"EntryPoint\",\"urlTemplate\":\"https:\/\/consorcioserrano.es\/?s={search_term_string}\"},\"query-input\":{\"@type\":\"PropertyValueSpecification\",\"valueRequired\":true,\"valueName\":\"search_term_string\"}}],\"inLanguage\":\"it-IT\"}]}<\/script>\n<!-- \/ Yoast SEO plugin. -->","yoast_head_json":{"title":"Presenza Internazionale - Consorcio Prosciutto Serrano","description":"Il Consorcio Prosciutto Serrano nelle principali fiere alimentari del mondo: come Anuga in Germania, SIAL in Francia e Alimentaria in Spagna","robots":{"index":"index","follow":"follow","max-snippet":"max-snippet:-1","max-image-preview":"max-image-preview:large","max-video-preview":"max-video-preview:-1"},"canonical":"https:\/\/consorcioserrano.es\/it\/sul-consorcio\/presenza-internazionale\/","og_locale":"it_IT","og_type":"article","og_title":"Presenza Internazionale - Consorcio Prosciutto Serrano","og_description":"Il Consorcio Prosciutto Serrano nelle principali fiere alimentari del mondo: come Anuga in Germania, SIAL in Francia e Alimentaria in Spagna","og_url":"https:\/\/consorcioserrano.es\/it\/sul-consorcio\/presenza-internazionale\/","og_site_name":"Consorcio del Jam\u00f3n Serrano Espa\u00f1ol","article_modified_time":"2024-02-20T14:13:45+00:00","og_image":[{"url":"http:\/\/consorcioserrano.es\/wp-content\/uploads\/2017\/10\/s-60.png","type":"","width":"","height":""}],"twitter_card":"summary_large_image","twitter_misc":{"Tempo di lettura stimato":"4 minuti"},"schema":{"@context":"https:\/\/schema.org","@graph":[{"@type":"WebPage","@id":"https:\/\/consorcioserrano.es\/it\/sul-consorcio\/presenza-internazionale\/","url":"https:\/\/consorcioserrano.es\/it\/sul-consorcio\/presenza-internazionale\/","name":"Presenza Internazionale - Consorcio Prosciutto Serrano","isPartOf":{"@id":"https:\/\/consorcioserrano.es\/#website"},"primaryImageOfPage":{"@id":"https:\/\/consorcioserrano.es\/it\/sul-consorcio\/presenza-internazionale\/#primaryimage"},"image":{"@id":"https:\/\/consorcioserrano.es\/it\/sul-consorcio\/presenza-internazionale\/#primaryimage"},"thumbnailUrl":"http:\/\/consorcioserrano.es\/wp-content\/uploads\/2017\/10\/s-60.png","datePublished":"2017-10-30T11:01:45+00:00","dateModified":"2024-02-20T14:13:45+00:00","description":"Il Consorcio Prosciutto Serrano nelle principali fiere alimentari del mondo: come Anuga in Germania, SIAL in Francia e Alimentaria in Spagna","breadcrumb":{"@id":"https:\/\/consorcioserrano.es\/it\/sul-consorcio\/presenza-internazionale\/#breadcrumb"},"inLanguage":"it-IT","potentialAction":[{"@type":"ReadAction","target":["https:\/\/consorcioserrano.es\/it\/sul-consorcio\/presenza-internazionale\/"]}]},{"@type":"ImageObject","inLanguage":"it-IT","@id":"https:\/\/consorcioserrano.es\/it\/sul-consorcio\/presenza-internazionale\/#primaryimage","url":"http:\/\/consorcioserrano.es\/wp-content\/uploads\/2017\/10\/s-60.png","contentUrl":"http:\/\/consorcioserrano.es\/wp-content\/uploads\/2017\/10\/s-60.png"},{"@type":"BreadcrumbList","@id":"https:\/\/consorcioserrano.es\/it\/sul-consorcio\/presenza-internazionale\/#breadcrumb","itemListElement":[{"@type":"ListItem","position":1,"name":"Portada","item":"https:\/\/consorcioserrano.es\/it\/inicio\/"},{"@type":"ListItem","position":2,"name":"Sul Consorcio","item":"https:\/\/consorcioserrano.es\/it\/sul-consorcio\/"},{"@type":"ListItem","position":3,"name":"Presenza Internazionale"}]},{"@type":"WebSite","@id":"https:\/\/consorcioserrano.es\/#website","url":"https:\/\/consorcioserrano.es\/","name":"Consorcio del Jam\u00f3n Serrano Espa\u00f1ol","description":"Consorcio Prosciutto Serrano Spagnolo: garanzia del miglior Prosciutto Serrano - 100% prosciutti spagnoli - Prosciutto crudo spagnolo selezionato a mano","potentialAction":[{"@type":"SearchAction","target":{"@type":"EntryPoint","urlTemplate":"https:\/\/consorcioserrano.es\/?s={search_term_string}"},"query-input":{"@type":"PropertyValueSpecification","valueRequired":true,"valueName":"search_term_string"}}],"inLanguage":"it-IT"}]}},"acf":[],"_links":{"self":[{"href":"https:\/\/consorcioserrano.es\/it\/wp-json\/wp\/v2\/pages\/7519","targetHints":{"allow":["GET"]}}],"collection":[{"href":"https:\/\/consorcioserrano.es\/it\/wp-json\/wp\/v2\/pages"}],"about":[{"href":"https:\/\/consorcioserrano.es\/it\/wp-json\/wp\/v2\/types\/page"}],"author":[{"embeddable":true,"href":"https:\/\/consorcioserrano.es\/it\/wp-json\/wp\/v2\/users\/1"}],"replies":[{"embeddable":true,"href":"https:\/\/consorcioserrano.es\/it\/wp-json\/wp\/v2\/comments?post=7519"}],"version-history":[{"count":2,"href":"https:\/\/consorcioserrano.es\/it\/wp-json\/wp\/v2\/pages\/7519\/revisions"}],"predecessor-version":[{"id":22914,"href":"https:\/\/consorcioserrano.es\/it\/wp-json\/wp\/v2\/pages\/7519\/revisions\/22914"}],"up":[{"embeddable":true,"href":"https:\/\/consorcioserrano.es\/it\/wp-json\/wp\/v2\/pages\/7761"}],"wp:attachment":[{"href":"https:\/\/consorcioserrano.es\/it\/wp-json\/wp\/v2\/media?parent=7519"}],"curies":[{"name":"wp","href":"https:\/\/api.w.org\/{rel}","templated":true}]}}