{"id":7673,"date":"2017-11-02T15:50:02","date_gmt":"2017-11-02T13:50:02","guid":{"rendered":"https:\/\/consorcioserrano.es\/el-equipo\/"},"modified":"2025-01-17T10:08:51","modified_gmt":"2025-01-17T09:08:51","slug":"il-team-2","status":"publish","type":"page","link":"https:\/\/consorcioserrano.es\/it\/chi-siamo\/il-team-2\/","title":{"rendered":"Il Team"},"content":{"rendered":"<div class=\"wpb-content-wrapper\"><p>[vc_row full_width=&#8221;stretch_row&#8221; css=&#8221;.vc_custom_1509111352335{background-color: #161616 !important;}&#8221; el_class=&#8221;no-padding-top six-columns&#8221;][vc_column width=&#8221;1\/6&#8243; offset=&#8221;vc_hidden-md vc_hidden-sm vc_hidden-xs&#8221;][\/vc_column][vc_column offset=&#8221;vc_col-lg-2 vc_col-md-3&#8243; el_class=&#8221;no-lateral-padding&#8221;][\/vc_column][vc_column offset=&#8221;vc_col-lg-2 vc_col-md-3&#8243; el_class=&#8221;no-lateral-padding&#8221;]\n    <a href=\"https:\/\/consorcioserrano.es\/it\/chi-siamo\/il-team\/\"   class=\"vc_link_consorcio\" title=\" Il team \">\n    <div class=\"roll_wrap\" id=\"\">\n\t\t\n        <div class=\"roll_wrap_img \" ><img decoding=\"async\" src=\"https:\/\/consorcioserrano.es\/wp-content\/uploads\/2017\/11\/equipo-consorcio-jamon-serrabi-menu.jpg\" class=\"img-responsive \" > <\/div>\n\t\t\n\n\t\t\n\t\t\n\t        <div class=\"roll_wrap_link_imagetextmenu  \" style=\"color:#ff0000; font-size:;\"><p class=\"six-columns-img\"><img loading=\"lazy\" decoding=\"async\" class=\"size-full wp-image-2600 alignleft\" src=\"http:\/\/consorcioserrano.es\/wp-content\/uploads\/2017\/10\/s-60.png\" alt=\"\" width=\"60\" height=\"60\" \/><\/p>\n<h3>Il <strong>team<\/strong><\/h3>\n<\/div>\n\t\t\n    <\/div>\n    <\/a>[\/vc_column][vc_column offset=&#8221;vc_col-lg-2 vc_col-md-3&#8243; el_class=&#8221;no-lateral-padding&#8221;]\n    <a href=\"https:\/\/consorcioserrano.es\/it\/chi-siamo\/i-nostri-soci\/\"   class=\"vc_link_consorcio\" title=\" Il nostri Soci \">\n    <div class=\"roll_wrap\" id=\"\">\n\t\t\n        <div class=\"roll_wrap_img opacity-submenu-hover\" ><img decoding=\"async\" src=\"https:\/\/consorcioserrano.es\/wp-content\/uploads\/2022\/07\/asociados-nueva-4.jpg\" class=\"img-responsive \" > <\/div>\n\t\t\n\n\t\t\n\t\t\n\t        <div class=\"roll_wrap_link_imagetextmenu  \" style=\"color:#ff0000; font-size:;\"><p class=\"six-columns-img\"><img loading=\"lazy\" decoding=\"async\" class=\"size-full wp-image-2600 alignleft\" src=\"http:\/\/consorcioserrano.es\/wp-content\/uploads\/2017\/10\/s-60.png\" alt=\"\" width=\"60\" height=\"60\" \/><\/p>\n<h3>Il nostri<strong> Soci<\/strong><\/h3>\n<\/div>\n\t\t\n    <\/div>\n    <\/a>[\/vc_column][vc_column offset=&#8221;vc_col-lg-2 vc_col-md-3&#8243; el_class=&#8221;no-lateral-padding&#8221;][\/vc_column][vc_column width=&#8221;1\/6&#8243; offset=&#8221;vc_hidden-md vc_hidden-sm&#8221;][\/vc_column][\/vc_row][vc_row][vc_column el_class=&#8221;panel-special-content&#8221;][vc_column_text el_class=&#8221;vc_quote_consorcio&#8221;]<\/p>\n<div class=\"vc_quote_consorcio_icon\"><img loading=\"lazy\" decoding=\"async\" class=\"alignnone size-full wp-image-1101\" src=\"http:\/\/consorcioserrano.es\/wp-content\/uploads\/2017\/10\/comillas-abrir-1.png\" alt=\"\" width=\"59\" height=\"53\" srcset=\"https:\/\/consorcioserrano.es\/wp-content\/uploads\/2017\/10\/comillas-abrir-1.png 59w, https:\/\/consorcioserrano.es\/wp-content\/uploads\/2017\/10\/comillas-abrir-1-50x45.png 50w\" sizes=\"auto, (max-width:767px) 59px, 59px\" \/><\/div>\n<div class=\"vc_quote_consorcio_content\">\n<h1>Il team\u00a0<img loading=\"lazy\" decoding=\"async\" class=\"alignnone size-full wp-image-1100\" src=\"http:\/\/consorcioserrano.es\/wp-content\/uploads\/2017\/10\/comillas-cerrar-1.png\" alt=\"\" width=\"59\" height=\"53\" srcset=\"https:\/\/consorcioserrano.es\/wp-content\/uploads\/2017\/10\/comillas-cerrar-1.png 59w, https:\/\/consorcioserrano.es\/wp-content\/uploads\/2017\/10\/comillas-cerrar-1-50x45.png 50w\" sizes=\"auto, (max-width:767px) 59px, 59px\" \/><\/h1>\n<\/div>\n<p>[\/vc_column_text][\/vc_column][\/vc_row][vc_row][vc_column width=&#8221;1\/3&#8243; el_class=&#8221;panel-special-content&#8221;][vc_column_text]<\/p>\n<div class=\"equipo-texto-imagen\">\n<div class=\"image-consorcio-equipo\"><img loading=\"lazy\" decoding=\"async\" src=\"http:\/\/consorcioserrano.es\/wp-content\/uploads\/2017\/10\/s-60.png\" alt=\"\" width=\"60\" height=\"60\" \/><\/div>\n<div class=\"text-consorcio-equipo\">\n<h3><\/h3>\n<h3><strong>Anna Bosch G\u00fcell<\/strong><\/h3>\n<h3><span style=\"color: #e82f37;\">Presidentessa del CJSE<\/span><\/h3>\n<p>Presidentessa del Consorcio da novembre del 2013, in rappresentanza di NOEL Alimentaria, azienda di cui \u00e8 Direttrice Generale, ha promosso la crescita delle sue attivit\u00e0, sia per quanto riguarda la certificazione che a livello internazionale, per valorizzare il prosciutto serrano di qualit\u00e0 sui mercati internazionali.<\/p>\n<\/div>\n<\/div>\n<p>[\/vc_column_text][\/vc_column][vc_column width=&#8221;1\/3&#8243; el_class=&#8221;panel-special-content&#8221;][vc_column_text]<\/p>\n<div class=\"equipo-texto-imagen\">\n<div class=\"image-consorcio-equipo\"><img loading=\"lazy\" decoding=\"async\" src=\"http:\/\/consorcioserrano.es\/wp-content\/uploads\/2017\/10\/s-60.png\" alt=\"\" width=\"60\" height=\"60\" \/><\/div>\n<div class=\"text-consorcio-equipo\">\n<h3><\/h3>\n<h3><strong>Jose Mar\u00eda Orteu Barrab\u00e9s<\/strong><\/h3>\n<h3><span style=\"color: #e82f37;\">Vicepresidente del CJSE<\/span><\/h3>\n<p>Amministratore delegato del Grupo Argal, \u00e8 stato il responsabile e il promotore della strategia di lavoro del Consorcio basata sulla sicurezza e la solvibilit\u00e0, prima nella sua tappa come Presidente, poi nell&#8217;attuale veste di Vicepresidente, sostenendo il resto dei professionisti.<\/p>\n<\/div>\n<\/div>\n<p>[\/vc_column_text][\/vc_column][vc_column width=&#8221;1\/3&#8243; el_class=&#8221;panel-special-content&#8221;][vc_column_text]<\/p>\n<div class=\"equipo-texto-imagen\">\n<div class=\"image-consorcio-equipo\"><img loading=\"lazy\" decoding=\"async\" src=\"http:\/\/consorcioserrano.es\/wp-content\/uploads\/2017\/10\/s-60.png\" alt=\"\" width=\"60\" height=\"60\" \/><\/div>\n<div class=\"text-consorcio-equipo\">\n<h3><\/h3>\n<h3><strong>Pedro Rodriguez Mar\u00edn<\/strong><\/h3>\n<h3><span style=\"color: #e82f37;\">Coordinatore Generale e Direttore Tecnico<\/span><\/h3>\n<p>Laureato in Farmacia, entr\u00f2 a far parte del Consorcio Jam\u00f3n Serrano nel 1990, dove supervisiona sia il processo di garanzia della qualit\u00e0 e della certificazione che le relazioni con i Soci. \u00c8 attualmente una figura chiave nel Consorcio per la sua profonda conoscenza del settore e per essere stato colui che ha introdotto la prima norma di qualit\u00e0 del prosciutto serrano per essere esportato aldil\u00e0 dalle nostre frontiere.<\/p>\n<\/div>\n<\/div>\n<p>[\/vc_column_text][\/vc_column][\/vc_row][vc_row][vc_column width=&#8221;1\/3&#8243; el_class=&#8221;panel-special-content&#8221;][vc_column_text]<\/p>\n<div class=\"equipo-texto-imagen\">\n<div class=\"image-consorcio-equipo\"><img loading=\"lazy\" decoding=\"async\" src=\"http:\/\/consorcioserrano.es\/wp-content\/uploads\/2017\/10\/s-60.png\" alt=\"\" width=\"60\" height=\"60\" \/><\/div>\n<div class=\"text-consorcio-equipo\">\n<h3><\/h3>\n<h3><strong>\u00c1lvaro D\u00edaz de Lia\u00f1o L\u00f3pez<\/strong><\/h3>\n<h3><span style=\"color: #e82f37;\">Direttore di Marketing e Promozione<\/span><\/h3>\n<p>Laureato in Economia, entra a far parte del Consorcio come Direttore di Marketing e Promozione. Ha esperienza come Export Manager nel settore del vino, consulente per l&#8217;internazionalizzazione e assessore di grandi gruppi d&#8217;acquisto. Possiede, inoltre, un elevato livello di conoscenza dei mercati internazionali.<\/p>\n<\/div>\n<\/div>\n<p>[\/vc_column_text][\/vc_column][vc_column width=&#8221;1\/3&#8243; el_class=&#8221;panel-special-content&#8221;][vc_column_text]<\/p>\n<div class=\"equipo-texto-imagen\">\n<div class=\"image-consorcio-equipo\"><img loading=\"lazy\" decoding=\"async\" src=\"http:\/\/consorcioserrano.es\/wp-content\/uploads\/2017\/10\/s-60.png\" alt=\"\" width=\"60\" height=\"60\" \/><\/div>\n<div class=\"text-consorcio-equipo\">\n<h3><\/h3>\n<h3><strong>Juan Carlos Valenciano<\/strong><\/h3>\n<h3><span style=\"color: #e82f37;\">Responsabile della qualit\u00e0<\/span><\/h3>\n<p>Laureato in Veterinaria, con oltre 20 anni di esperienza nel team del Consorcio del Jam\u00f3n Serrano Espa\u00f1ol, \u00e8 una figura rilevante nell&#8217;associazione. Si assume la responsabilit\u00e0 di garantire che ogni pezzo di prosciutto Consorcio Serrano rispetti la normativa sulla qualit\u00e0 stabilita dall&#8217;ente.<\/p>\n<\/div>\n<\/div>\n<p>[\/vc_column_text][\/vc_column][vc_column width=&#8221;1\/3&#8243;][vc_column_text]<\/p>\n<div class=\"equipo-texto-imagen\">\n<div class=\"image-consorcio-equipo\"><img loading=\"lazy\" decoding=\"async\" src=\"http:\/\/consorcioserrano.es\/wp-content\/uploads\/2017\/10\/s-60.png\" alt=\"\" width=\"60\" height=\"60\" \/><\/div>\n<div class=\"text-consorcio-equipo\">\n<h3><\/h3>\n<h3><strong>\u00c1ngeles de Luis<\/strong><\/h3>\n<h3><span style=\"color: #e82f37;\">Assistente di Direzione<\/span><\/h3>\n<p>Laureata in Filologia Francese, ha iniziato la sua carriera nel Consorcio del Jam\u00f3n Serrano Espa\u00f1ol nel 2012, dove contribuisce con la sua esperienza precedente a livello esecutivo come Assistente di Direzione in aziende della grande distribuzione.<\/p>\n<\/div>\n<\/div>\n<p>[\/vc_column_text][\/vc_column][\/vc_row][vc_row][vc_column]\n<div id=\"ersspace-1\"><\/div><style type=\"text\/css\">#ersspace-1 { height: 80px; }<\/style>[\/vc_column][\/vc_row]<\/p>\n<\/div>","protected":false},"excerpt":{"rendered":"<p>[vc_row full_width=&#8221;stretch_row&#8221; css=&#8221;.vc_custom_1509111352335{background-color: #161616 !important;}&#8221; el_class=&#8221;no-padding-top six-columns&#8221;][vc_column width=&#8221;1\/6&#8243; offset=&#8221;vc_hidden-md vc_hidden-sm vc_hidden-xs&#8221;][\/vc_column][vc_column offset=&#8221;vc_col-lg-2 vc_col-md-3&#8243; el_class=&#8221;no-lateral-padding&#8221;][\/vc_column][vc_column offset=&#8221;vc_col-lg-2 vc_col-md-3&#8243; el_class=&#8221;no-lateral-padding&#8221;][\/vc_column][vc_column offset=&#8221;vc_col-lg-2 vc_col-md-3&#8243; el_class=&#8221;no-lateral-padding&#8221;][\/vc_column][vc_column offset=&#8221;vc_col-lg-2 vc_col-md-3&#8243; el_class=&#8221;no-lateral-padding&#8221;][\/vc_column][vc_column width=&#8221;1\/6&#8243; offset=&#8221;vc_hidden-md vc_hidden-sm&#8221;][\/vc_column][\/vc_row][vc_row][vc_column<span class=\"excerpt-hellip\"> [\u2026]<\/span><\/p>\n","protected":false},"author":1,"featured_media":0,"parent":7740,"menu_order":0,"comment_status":"closed","ping_status":"closed","template":"","meta":{"_acf_changed":false,"footnotes":""},"class_list":["post-7673","page","type-page","status-publish","hentry","sections_group lang-it"],"yoast_head":"<!-- This site is optimized with the Yoast SEO plugin v27.2 - https:\/\/yoast.com\/product\/yoast-seo-wordpress\/ -->\n<title>Il Team - Consorcio Jamon Serrano Spagnolo<\/title>\n<meta name=\"description\" content=\"Professionisti che lavorano con i soci nella promozione ed esportazione del Prosciutto Serrano Spagnolo.\" \/>\n<meta name=\"robots\" content=\"index, follow, max-snippet:-1, max-image-preview:large, max-video-preview:-1\" \/>\n<link rel=\"canonical\" href=\"https:\/\/consorcioserrano.es\/it\/chi-siamo\/il-team-2\/\" \/>\n<meta property=\"og:locale\" content=\"it_IT\" \/>\n<meta property=\"og:type\" content=\"article\" \/>\n<meta property=\"og:title\" content=\"Il Team - Consorcio Jamon Serrano Spagnolo\" \/>\n<meta property=\"og:description\" content=\"Professionisti che lavorano con i soci nella promozione ed esportazione del Prosciutto Serrano Spagnolo.\" \/>\n<meta property=\"og:url\" content=\"https:\/\/consorcioserrano.es\/it\/chi-siamo\/il-team-2\/\" \/>\n<meta property=\"og:site_name\" content=\"Consorcio del Jam\u00f3n Serrano Espa\u00f1ol\" \/>\n<meta property=\"article:modified_time\" content=\"2025-01-17T09:08:51+00:00\" \/>\n<meta property=\"og:image\" content=\"http:\/\/consorcioserrano.es\/wp-content\/uploads\/2017\/10\/s-60.png\" \/>\n<meta name=\"twitter:card\" content=\"summary_large_image\" \/>\n<meta name=\"twitter:label1\" content=\"Tempo di lettura stimato\" \/>\n\t<meta name=\"twitter:data1\" content=\"4 minuti\" \/>\n<script type=\"application\/ld+json\" class=\"yoast-schema-graph\">{\"@context\":\"https:\/\/schema.org\",\"@graph\":[{\"@type\":\"WebPage\",\"@id\":\"https:\/\/consorcioserrano.es\/it\/chi-siamo\/il-team-2\/\",\"url\":\"https:\/\/consorcioserrano.es\/it\/chi-siamo\/il-team-2\/\",\"name\":\"Il Team - Consorcio Jamon Serrano Spagnolo\",\"isPartOf\":{\"@id\":\"https:\/\/consorcioserrano.es\/#website\"},\"primaryImageOfPage\":{\"@id\":\"https:\/\/consorcioserrano.es\/it\/chi-siamo\/il-team-2\/#primaryimage\"},\"image\":{\"@id\":\"https:\/\/consorcioserrano.es\/it\/chi-siamo\/il-team-2\/#primaryimage\"},\"thumbnailUrl\":\"http:\/\/consorcioserrano.es\/wp-content\/uploads\/2017\/10\/s-60.png\",\"datePublished\":\"2017-11-02T13:50:02+00:00\",\"dateModified\":\"2025-01-17T09:08:51+00:00\",\"description\":\"Professionisti che lavorano con i soci nella promozione ed esportazione del Prosciutto Serrano Spagnolo.\",\"breadcrumb\":{\"@id\":\"https:\/\/consorcioserrano.es\/it\/chi-siamo\/il-team-2\/#breadcrumb\"},\"inLanguage\":\"it-IT\",\"potentialAction\":[{\"@type\":\"ReadAction\",\"target\":[\"https:\/\/consorcioserrano.es\/it\/chi-siamo\/il-team-2\/\"]}]},{\"@type\":\"ImageObject\",\"inLanguage\":\"it-IT\",\"@id\":\"https:\/\/consorcioserrano.es\/it\/chi-siamo\/il-team-2\/#primaryimage\",\"url\":\"http:\/\/consorcioserrano.es\/wp-content\/uploads\/2017\/10\/s-60.png\",\"contentUrl\":\"http:\/\/consorcioserrano.es\/wp-content\/uploads\/2017\/10\/s-60.png\"},{\"@type\":\"BreadcrumbList\",\"@id\":\"https:\/\/consorcioserrano.es\/it\/chi-siamo\/il-team-2\/#breadcrumb\",\"itemListElement\":[{\"@type\":\"ListItem\",\"position\":1,\"name\":\"Portada\",\"item\":\"https:\/\/consorcioserrano.es\/it\/inicio\/\"},{\"@type\":\"ListItem\",\"position\":2,\"name\":\"Chi siamo\",\"item\":\"https:\/\/consorcioserrano.es\/it\/chi-siamo\/\"},{\"@type\":\"ListItem\",\"position\":3,\"name\":\"Il Team\"}]},{\"@type\":\"WebSite\",\"@id\":\"https:\/\/consorcioserrano.es\/#website\",\"url\":\"https:\/\/consorcioserrano.es\/\",\"name\":\"Consorcio del Jam\u00f3n Serrano Espa\u00f1ol\",\"description\":\"Consorcio Prosciutto Serrano Spagnolo: garanzia del miglior Prosciutto Serrano - 100% prosciutti spagnoli - Prosciutto crudo spagnolo selezionato a mano\",\"potentialAction\":[{\"@type\":\"SearchAction\",\"target\":{\"@type\":\"EntryPoint\",\"urlTemplate\":\"https:\/\/consorcioserrano.es\/?s={search_term_string}\"},\"query-input\":{\"@type\":\"PropertyValueSpecification\",\"valueRequired\":true,\"valueName\":\"search_term_string\"}}],\"inLanguage\":\"it-IT\"}]}<\/script>\n<!-- \/ Yoast SEO plugin. -->","yoast_head_json":{"title":"Il Team - Consorcio Jamon Serrano Spagnolo","description":"Professionisti che lavorano con i soci nella promozione ed esportazione del Prosciutto Serrano Spagnolo.","robots":{"index":"index","follow":"follow","max-snippet":"max-snippet:-1","max-image-preview":"max-image-preview:large","max-video-preview":"max-video-preview:-1"},"canonical":"https:\/\/consorcioserrano.es\/it\/chi-siamo\/il-team-2\/","og_locale":"it_IT","og_type":"article","og_title":"Il Team - Consorcio Jamon Serrano Spagnolo","og_description":"Professionisti che lavorano con i soci nella promozione ed esportazione del Prosciutto Serrano Spagnolo.","og_url":"https:\/\/consorcioserrano.es\/it\/chi-siamo\/il-team-2\/","og_site_name":"Consorcio del Jam\u00f3n Serrano Espa\u00f1ol","article_modified_time":"2025-01-17T09:08:51+00:00","og_image":[{"url":"http:\/\/consorcioserrano.es\/wp-content\/uploads\/2017\/10\/s-60.png","type":"","width":"","height":""}],"twitter_card":"summary_large_image","twitter_misc":{"Tempo di lettura stimato":"4 minuti"},"schema":{"@context":"https:\/\/schema.org","@graph":[{"@type":"WebPage","@id":"https:\/\/consorcioserrano.es\/it\/chi-siamo\/il-team-2\/","url":"https:\/\/consorcioserrano.es\/it\/chi-siamo\/il-team-2\/","name":"Il Team - Consorcio Jamon Serrano Spagnolo","isPartOf":{"@id":"https:\/\/consorcioserrano.es\/#website"},"primaryImageOfPage":{"@id":"https:\/\/consorcioserrano.es\/it\/chi-siamo\/il-team-2\/#primaryimage"},"image":{"@id":"https:\/\/consorcioserrano.es\/it\/chi-siamo\/il-team-2\/#primaryimage"},"thumbnailUrl":"http:\/\/consorcioserrano.es\/wp-content\/uploads\/2017\/10\/s-60.png","datePublished":"2017-11-02T13:50:02+00:00","dateModified":"2025-01-17T09:08:51+00:00","description":"Professionisti che lavorano con i soci nella promozione ed esportazione del Prosciutto Serrano Spagnolo.","breadcrumb":{"@id":"https:\/\/consorcioserrano.es\/it\/chi-siamo\/il-team-2\/#breadcrumb"},"inLanguage":"it-IT","potentialAction":[{"@type":"ReadAction","target":["https:\/\/consorcioserrano.es\/it\/chi-siamo\/il-team-2\/"]}]},{"@type":"ImageObject","inLanguage":"it-IT","@id":"https:\/\/consorcioserrano.es\/it\/chi-siamo\/il-team-2\/#primaryimage","url":"http:\/\/consorcioserrano.es\/wp-content\/uploads\/2017\/10\/s-60.png","contentUrl":"http:\/\/consorcioserrano.es\/wp-content\/uploads\/2017\/10\/s-60.png"},{"@type":"BreadcrumbList","@id":"https:\/\/consorcioserrano.es\/it\/chi-siamo\/il-team-2\/#breadcrumb","itemListElement":[{"@type":"ListItem","position":1,"name":"Portada","item":"https:\/\/consorcioserrano.es\/it\/inicio\/"},{"@type":"ListItem","position":2,"name":"Chi siamo","item":"https:\/\/consorcioserrano.es\/it\/chi-siamo\/"},{"@type":"ListItem","position":3,"name":"Il Team"}]},{"@type":"WebSite","@id":"https:\/\/consorcioserrano.es\/#website","url":"https:\/\/consorcioserrano.es\/","name":"Consorcio del Jam\u00f3n Serrano Espa\u00f1ol","description":"Consorcio Prosciutto Serrano Spagnolo: garanzia del miglior Prosciutto Serrano - 100% prosciutti spagnoli - Prosciutto crudo spagnolo selezionato a mano","potentialAction":[{"@type":"SearchAction","target":{"@type":"EntryPoint","urlTemplate":"https:\/\/consorcioserrano.es\/?s={search_term_string}"},"query-input":{"@type":"PropertyValueSpecification","valueRequired":true,"valueName":"search_term_string"}}],"inLanguage":"it-IT"}]}},"acf":[],"_links":{"self":[{"href":"https:\/\/consorcioserrano.es\/it\/wp-json\/wp\/v2\/pages\/7673","targetHints":{"allow":["GET"]}}],"collection":[{"href":"https:\/\/consorcioserrano.es\/it\/wp-json\/wp\/v2\/pages"}],"about":[{"href":"https:\/\/consorcioserrano.es\/it\/wp-json\/wp\/v2\/types\/page"}],"author":[{"embeddable":true,"href":"https:\/\/consorcioserrano.es\/it\/wp-json\/wp\/v2\/users\/1"}],"replies":[{"embeddable":true,"href":"https:\/\/consorcioserrano.es\/it\/wp-json\/wp\/v2\/comments?post=7673"}],"version-history":[{"count":3,"href":"https:\/\/consorcioserrano.es\/it\/wp-json\/wp\/v2\/pages\/7673\/revisions"}],"predecessor-version":[{"id":25638,"href":"https:\/\/consorcioserrano.es\/it\/wp-json\/wp\/v2\/pages\/7673\/revisions\/25638"}],"up":[{"embeddable":true,"href":"https:\/\/consorcioserrano.es\/it\/wp-json\/wp\/v2\/pages\/7740"}],"wp:attachment":[{"href":"https:\/\/consorcioserrano.es\/it\/wp-json\/wp\/v2\/media?parent=7673"}],"curies":[{"name":"wp","href":"https:\/\/api.w.org\/{rel}","templated":true}]}}