{"id":7757,"date":"2017-10-23T20:25:30","date_gmt":"2017-10-23T18:25:30","guid":{"rendered":"https:\/\/consorcioserrano.es\/inicio\/"},"modified":"2024-02-20T14:58:25","modified_gmt":"2024-02-20T13:58:25","slug":"inicio","status":"publish","type":"page","link":"https:\/\/consorcioserrano.es\/it\/","title":{"rendered":"Inicio"},"content":{"rendered":"<div class=\"wpb-content-wrapper\"><p>[vc_row full_width=&#8221;stretch_row_content_no_spaces&#8221;][vc_column width=&#8221;1\/3&#8243;]\n    <a href=\"https:\/\/consorcioserrano.es\/it\/prosciutto-consorcio-serrano\/elaborazione\/\"   class=\"vc_link_consorcio\" title=\"Elaborazione  del prosciutto consorcio serrano \">\n    <div class=\"roll_wrap\" id=\"\">\n\t\t\n        <div class=\"roll_wrap_img \" ><img decoding=\"async\" src=\"https:\/\/consorcioserrano.es\/wp-content\/uploads\/2017\/10\/home-01-1-1.jpg\" class=\"img-responsive \" > <\/div>\n\t\t\n\n\t\t\n\t\t\n\t        <div class=\"roll_wrap_link  vc_custom_1548944651937 box-s-consorcio-serrano\" style=\"color:#ffffff; font-size:36px;\"><h1><strong><span style=\"color: #e82f37;\">Elaborazione <\/span><\/strong><\/h1>\n<h2>del prosciutto consorcio serrano<\/h2>\n<\/div>\n\t\t\n    <\/div>\n    <\/a>[\/vc_column][vc_column width=&#8221;1\/3&#8243;]\n    <a href=\"https:\/\/consorcioserrano.es\/it\/prosciutto-consorcio-serrano\/sapore-aroma-e-conservazione\/\"   class=\"vc_link_consorcio\" title=\"Il sapore del Prosciutto Consorcio Serrano \">\n    <div class=\"roll_wrap\" id=\"\">\n\t\t\n        <div class=\"roll_wrap_img \" ><img decoding=\"async\" src=\"https:\/\/consorcioserrano.es\/wp-content\/uploads\/2017\/10\/home-03-1-1.jpg\" class=\"img-responsive \" > <\/div>\n\t\t\n\n\t\t\n\t\t\n\t        <div class=\"roll_wrap_link  vc_custom_1539686579867 box-s-consorcio-serrano\" style=\"color:#ffffff; font-size:36px;\"><h1><strong><span style=\"color: #e82f37;\">Il sapore<\/span><\/strong><\/h1>\n<h2>del Prosciutto<\/h2>\n<h2>Consorcio Serrano<\/h2>\n<\/div>\n\t\t\n    <\/div>\n    <\/a>[\/vc_column][vc_column width=&#8221;1\/3&#8243;]\n    <a href=\"https:\/\/consorcioserrano.es\/it\/prosciutto-consorcio-serrano\/elaborazione\/\"   class=\"vc_link_consorcio\" title=\"Selezione pezzo per pezzo \">\n    <div class=\"roll_wrap\" id=\"\">\n\t\t\n        <div class=\"roll_wrap_img \" ><img decoding=\"async\" src=\"https:\/\/consorcioserrano.es\/wp-content\/uploads\/2017\/10\/home-02-1-1.jpg\" class=\"img-responsive \" > <\/div>\n\t\t\n\n\t\t\n\t\t\n\t        <div class=\"roll_wrap_link  vc_custom_1539686388402 box-s-consorcio-serrano\" style=\"color:#ffffff; font-size:36px;\"><h1><span style=\"color: #e82f37;\"><strong>Selezione<\/strong><\/span><\/h1>\n<h2>pezzo per pezzo<\/h2>\n<\/div>\n\t\t\n    <\/div>\n    <\/a>[\/vc_column][\/vc_row][vc_row full_width=&#8221;stretch_row_content_no_spaces&#8221; equal_height=&#8221;yes&#8221;][vc_column width=&#8221;1\/3&#8243;]\n<div id=\"ersspace-1\"><\/div><style type=\"text\/css\">#ersspace-1 { height: 30px; }<\/style>[vc_column_text]<\/p>\n<div class=\"vc_post 1Latest_news home-post-main\">\n<h3><img loading=\"lazy\" decoding=\"async\" class=\"alignnone size-full wp-image-1097\" src=\"http:\/\/consorcioserrano.es\/wp-content\/uploads\/2017\/10\/comillas-abrir-1.png\" alt=\"\" width=\"59\" height=\"59\" \/>\u00a0Il Consorcio del Jam\u00f3n Serrano<\/h3>\n<ul class=\"ul-first\">\n<li class=\"post-985 post type-post status-publish format-standard hentry category-destacada\">\n<div class=\"desc\">\n<div class=\"desc_footer\"><span class=\"date\"><i class=\"icon-clock\"><\/i>23 ottobre 2017<\/span><\/div>\n<div class=\"post-excerpt\">Il Consorcio del Jam\u00f3n Serrano Espa\u00f1ol \u00e8 un&#8217;associazione volontaria di aziende che, dal 1990, riunisce le pi\u00f9 importanti compagnie spagnole del settore della carne. Ognuna di esse \u00e8 leader nella produzione ed esportazione di Prosciutto Serrano, con l&#8217;obiettivo comune di produrre un Prosciutto Serrano esclusivo e di alta qualit\u00e0 per la sua commercializzazione nei mercati esteri. Attualmente, sono 25 anni che ci dedichiamo alla Promozione internazionale e al controllo della qualit\u00e0 del Prosciutto Consorcio Serrano.<\/div>\n<p><a title=\"Leer m\u00e1s\" href=\"http:\/\/consorcioserrano.es\/sobre-el-consorcio\/\">Continuare a leggere<\/a><\/p>\n<\/div>\n<\/li>\n<\/ul>\n<\/div>\n<p>[\/vc_column_text]\n<div id=\"ersspace-2\"><\/div><style type=\"text\/css\">#ersspace-2 { height: 30px; }<\/style>[\/vc_column][vc_column width=&#8221;1\/3&#8243;]\n    <a href=\"https:\/\/consorcioserrano.es\/it\/prosciutto-consorcio-serrano\/garanzia-di-qualita\/\"   class=\"vc_link_consorcio\" title=\" Garanzia di qualit\u00e0 \">\n    <div class=\"roll_wrap\" id=\"\">\n\t\t\n        <div class=\"roll_wrap_img \" ><img decoding=\"async\" src=\"https:\/\/consorcioserrano.es\/wp-content\/uploads\/2017\/10\/home-04-1-1.jpg\" class=\"img-responsive \" > <\/div>\n\t\t\n\n\t\t\n\t\t\n\t        <div class=\"roll_wrap_link  vc_custom_1539687106796 box-s-consorcio-serrano\" style=\"color:#ffffff; font-size:36px;\"><h1><span style=\"color: #e82f37;\"><strong> Garanzia<\/strong><\/span><\/h1>\n<h2>di qualit\u00e0<\/h2>\n<\/div>\n\t\t\n    <\/div>\n    <\/a>[\/vc_column][vc_column width=&#8221;1\/3&#8243;]\n<div id=\"ersspace-3\"><\/div><style type=\"text\/css\">#ersspace-3 { height: 30px; }<\/style><div class=\"vc_post 1Latest_news  home-post-main\"><\/p>\n<h3><i class=\"fa fa-chevron-right\"><\/i> Ultime notizie<\/h3>\n<p><ul class=\"ul-first\"><li class=\"post-14573 post type-post status-publish format-standard has-post-thumbnail hentry category-notizie-e-stampa category-sul-consorcio-serrano sections_group lang-it\"><h5 class=\"color-red\"><a href=\"https:\/\/consorcioserrano.es\/it\/le-esportazioni-di-prosciutto-e-prosciuttini-stagionati-crescono-del-1417-fino-al-terzo-trimestre-del-2021\/\">Le esportazioni di prosciutto e prosciuttini stagionati crescono del 14,17% fino al terzo trimestre del 2021<\/a><\/h5><div class=\"photo\"><a href=\"https:\/\/consorcioserrano.es\/it\/le-esportazioni-di-prosciutto-e-prosciuttini-stagionati-crescono-del-1417-fino-al-terzo-trimestre-del-2021\/\"><img loading=\"lazy\" decoding=\"async\" width=\"612\" height=\"406\" src=\"https:\/\/consorcioserrano.es\/wp-content\/uploads\/2021\/12\/camion_contenedores.jpg\" class=\"scale-with-grid wp-post-image\" alt=\"Exportacion Jam\u00f3n Serrano\" srcset=\"https:\/\/consorcioserrano.es\/wp-content\/uploads\/2021\/12\/camion_contenedores.jpg 612w, https:\/\/consorcioserrano.es\/wp-content\/uploads\/2021\/12\/camion_contenedores-300x199.jpg 300w, https:\/\/consorcioserrano.es\/wp-content\/uploads\/2021\/12\/camion_contenedores-220x146.jpg 220w, https:\/\/consorcioserrano.es\/wp-content\/uploads\/2021\/12\/camion_contenedores-50x33.jpg 50w, https:\/\/consorcioserrano.es\/wp-content\/uploads\/2021\/12\/camion_contenedores-113x75.jpg 113w\" sizes=\"auto, (max-width:767px) 480px, 612px\" \/><\/a><\/div><div class=\"desc\"><div class=\"desc_footer\"><span class=\"date\"><i class=\"icon-clock\"><\/i> 21 Dicembre 2021<\/span><\/div><div class=\"post-excerpt\">&gt;&gt; Durante i primi nove mesi dell&#8217;anno, le esportazioni hanno raggiunto 36.644,81 tonnellate rispetto alle 32.097,93 tonnellate dello stesso periodo del 2020 &gt;&gt; A incarnare la<span class=\"excerpt-hellip\"> [\u2026]<\/span><\/div><a href=\"https:\/\/consorcioserrano.es\/it\/le-esportazioni-di-prosciutto-e-prosciuttini-stagionati-crescono-del-1417-fino-al-terzo-trimestre-del-2021\/\" title=\"Continuare a leggere\">Continuare a leggere<\/a><\/div><\/li><\/ul><\/div>\n\n<div id=\"ersspace-4\"><\/div><style type=\"text\/css\">#ersspace-4 { height: 30px; }<\/style>[\/vc_column][\/vc_row][vc_row full_width=&#8221;stretch_row_content_no_spaces&#8221;][vc_column][vc_separator color=&#8221;custom&#8221; accent_color=&#8221;#e82f37&#8243;]\n<div id=\"ersspace-5\"><\/div><style type=\"text\/css\">#ersspace-5 { height: 0px; }<\/style>[\/vc_column][\/vc_row][vc_row el_class=&#8221;subfooter&#8221;][vc_column width=&#8221;1\/3&#8243;][vc_column_text]<\/p>\n<h5><a href=\"https:\/\/consorcioserrano.es\/it\/prosciutto-consorcio-serrano\/\" rel=\"noopener\">Il Prosciutto Consorcio Serrano<br \/>\n<\/a><\/h5>\n<p>[\/vc_column_text][vc_video link=&#8221;https:\/\/youtu.be\/K6zAIXUe1Yk&#8221; align=&#8221;center&#8221;][\/vc_column][vc_column width=&#8221;1\/3&#8243;][vc_column_text]<\/p>\n<h5><a href=\"https:\/\/consorcioserrano.es\/it\/ricette-tapas-e-panini\/\">Ricette, tapas e panini con Prosciutto Serrano<\/a><\/h5>\n<p>[\/vc_column_text][vc_column_text]<form style=\"display:none;\" autocomplete=\"off\" name=\"wpv-filter-2547\" action=\"\/it\/wp-json\/wp\/v2\/pages\/7757?wpv_view_count=2547\" method=\"get\" class=\"wpv-filter-form js-wpv-filter-form js-wpv-filter-form-2547 js-wpv-form-full\" data-viewnumber=\"2547\" data-viewid=\"2547\" data-viewhash=\"eyJuYW1lIjoiaG9tZS1yZWNldGFzLXN1YmZvb3RlciIsInZpZXdfZGlzcGxheSI6ImxheW91dCJ9\" data-viewwidgetid=\"0\" data-orderby=\"\" data-order=\"\" data-orderbyas=\"\" data-orderbysecond=\"\" data-ordersecond=\"\" data-parametric=\"{&quot;query&quot;:&quot;normal&quot;,&quot;id&quot;:2547,&quot;view_id&quot;:2547,&quot;widget_id&quot;:0,&quot;view_hash&quot;:&quot;2547&quot;,&quot;action&quot;:&quot;\\\/it\\\/wp-json\\\/wp\\\/v2\\\/pages\\\/7757?wpv_view_count=2547&quot;,&quot;sort&quot;:{&quot;orderby&quot;:&quot;&quot;,&quot;order&quot;:&quot;&quot;,&quot;orderby_as&quot;:&quot;&quot;,&quot;orderby_second&quot;:&quot;&quot;,&quot;order_second&quot;:&quot;&quot;},&quot;orderby&quot;:&quot;&quot;,&quot;order&quot;:&quot;&quot;,&quot;orderby_as&quot;:&quot;&quot;,&quot;orderby_second&quot;:&quot;&quot;,&quot;order_second&quot;:&quot;&quot;,&quot;ajax_form&quot;:&quot;&quot;,&quot;ajax_results&quot;:&quot;&quot;,&quot;effect&quot;:&quot;fade&quot;,&quot;prebefore&quot;:&quot;&quot;,&quot;before&quot;:&quot;&quot;,&quot;after&quot;:&quot;&quot;,&quot;attributes&quot;:{&quot;view_display&quot;:&quot;layout&quot;},&quot;environment&quot;:{&quot;current_post_id&quot;:14573,&quot;parent_post_id&quot;:14573,&quot;parent_term_id&quot;:0,&quot;parent_user_id&quot;:0,&quot;archive&quot;:{&quot;type&quot;:&quot;&quot;,&quot;name&quot;:&quot;&quot;,&quot;data&quot;:[]}},&quot;loop&quot;:{&quot;type&quot;:&quot;&quot;,&quot;name&quot;:&quot;&quot;,&quot;data&quot;:[],&quot;id&quot;:0}}\" data-attributes=\"{&quot;view_display&quot;:&quot;layout&quot;}\" data-environment=\"{&quot;current_post_id&quot;:14573,&quot;parent_post_id&quot;:14573,&quot;parent_term_id&quot;:0,&quot;parent_user_id&quot;:0,&quot;archive&quot;:{&quot;type&quot;:&quot;&quot;,&quot;name&quot;:&quot;&quot;,&quot;data&quot;:[]}}\"><input type=\"hidden\" class=\"js-wpv-dps-filter-data js-wpv-filter-data-for-this-form\" data-action=\"\/it\/wp-json\/wp\/v2\/pages\/7757?wpv_view_count=2547\" data-page=\"1\" data-ajax=\"disable\" data-effect=\"fade\" data-maxpages=\"10\" data-ajaxprebefore=\"\" data-ajaxbefore=\"\" data-ajaxafter=\"\" \/><input class=\"wpv_view_count wpv_view_count-2547\" type=\"hidden\" name=\"wpv_view_count\" value=\"2547\" \/>\n\n\n\n\n<div class=\"vc_row wpb_row vc_row-fluid vc_row-no-padding recetas-buscar\">\n  <div class=\"wpb_column vc_column_container\">\n    <div class=\"vc_column-inner\">\n      <div class=\"wpb_wrapper\">\n      \n        <div class=\"vc_col-xs-12 vc_col-sm-12 vc_col-md-12 vc_col-lg-12 vc_receta_search\">\n          <p><span>Buscar una tapa<\/span>\n            <input type=\"text\" name=\"wpv_post_search\"  class=\"js-wpv-filter-trigger-delayed form-control\" \/>\n      \t\t<button type=\"submit\" class=\"wpv-submit-trigger js-wpv-submit-trigger\">Buscar<\/button>\n            \n          <\/p>\n        <\/div>\n        \n      <\/div>\n    <\/div>\n  <\/div>\n  \n<\/div>\n\n\n\n\n\n<\/form>\n<div id=\"wpv-view-layout-2547\" class=\"js-wpv-view-layout js-wpv-layout-responsive js-wpv-view-layout-2547\" data-viewnumber=\"2547\" data-pagination=\"{&quot;id&quot;:2547,&quot;query&quot;:&quot;normal&quot;,&quot;type&quot;:&quot;paged&quot;,&quot;effect&quot;:&quot;fade&quot;,&quot;duration&quot;:500,&quot;speed&quot;:5,&quot;pause_on_hover&quot;:&quot;disabled&quot;,&quot;stop_rollover&quot;:&quot;false&quot;,&quot;cache_pages&quot;:&quot;enabled&quot;,&quot;preload_images&quot;:&quot;enabled&quot;,&quot;preload_pages&quot;:&quot;enabled&quot;,&quot;preload_reach&quot;:1,&quot;spinner&quot;:&quot;builtin&quot;,&quot;spinner_image&quot;:&quot;https:\/\/consorcioserrano.es\/wp-content\/plugins\/types-views\/embedded\/res\/img\/ajax-loader.gif&quot;,&quot;callback_next&quot;:&quot;&quot;,&quot;manage_history&quot;:&quot;enabled&quot;,&quot;has_controls_in_form&quot;:&quot;disabled&quot;,&quot;infinite_tolerance&quot;:0,&quot;max_pages&quot;:10,&quot;page&quot;:1,&quot;base_permalink&quot;:&quot;\/it\/wp-json\/wp\/v2\/pages\/7757?wpv_view_count=2547&amp;wpv_paged=WPV_PAGE_NUM&quot;,&quot;loop&quot;:{&quot;type&quot;:&quot;&quot;,&quot;name&quot;:&quot;&quot;,&quot;data&quot;:[],&quot;id&quot;:0}}\" data-permalink=\"\/it\/wp-json\/wp\/v2\/pages\/7757?wpv_view_count=2547\">\n\n\t\n\t\n\t\n\t\t\n\t\t<div class=\"vc_row \">\n\t\t\t<div class=\"vc_col-sm-12\"><div class=\"vc_recipe\">\n  <div class=\"vc_recipe-image\">\n    \n    <a href=\"https:\/\/consorcioserrano.es\/it\/receta\/gamberi-e-prosciutto-serrano-con-pane\/\" title=\"Gamberi e Prosciutto Serrano con pane\" alt=\"Gamberi e Prosciutto Serrano con pane\"><img loading=\"lazy\" decoding=\"async\" width=\"800\" height=\"500\" src=\"https:\/\/consorcioserrano.es\/wp-content\/uploads\/2017\/11\/Receta-gambas-y-Jamon-Serrano-con-pan.jpg\" class=\"attachment-full size-full img-responsive img-receta-home wp-post-image\" alt=\"\" srcset=\"https:\/\/consorcioserrano.es\/wp-content\/uploads\/2017\/11\/Receta-gambas-y-Jamon-Serrano-con-pan.jpg 800w, https:\/\/consorcioserrano.es\/wp-content\/uploads\/2017\/11\/Receta-gambas-y-Jamon-Serrano-con-pan-300x188.jpg 300w, https:\/\/consorcioserrano.es\/wp-content\/uploads\/2017\/11\/Receta-gambas-y-Jamon-Serrano-con-pan-768x480.jpg 768w, https:\/\/consorcioserrano.es\/wp-content\/uploads\/2017\/11\/Receta-gambas-y-Jamon-Serrano-con-pan-234x146.jpg 234w, https:\/\/consorcioserrano.es\/wp-content\/uploads\/2017\/11\/Receta-gambas-y-Jamon-Serrano-con-pan-50x31.jpg 50w, https:\/\/consorcioserrano.es\/wp-content\/uploads\/2017\/11\/Receta-gambas-y-Jamon-Serrano-con-pan-120x75.jpg 120w\" sizes=\"auto, (max-width:767px) 480px, (max-width:800px) 100vw, 800px\" \/><\/a>\n  <\/div>\n  <div class=\"vc_recipe-link\">\n    <h3><a href=\"https:\/\/consorcioserrano.es\/it\/receta\/gamberi-e-prosciutto-serrano-con-pane\/\">Gamberi e Prosciutto Serrano con pane<\/a><\/h3>\n  <\/div>\n  <div class=\"vc_recipe-excerpt\">\n    <p>Tempo: 45 minuti circa Difficolt\u00e0: Media<\/p>\n\n  <\/div>\n  <div class=\"vc_recipe-readmore\">\n    <a href=\"https:\/\/consorcioserrano.es\/it\/receta\/gamberi-e-prosciutto-serrano-con-pane\/\">Continuare a leggere<\/a>\n    <\/div>\n<\/div><\/div>\n\t\t<\/div>\n\t\t\n\t\n\t\n\n\t\n<\/div>\n[\/vc_column_text][\/vc_column][vc_column width=&#8221;1\/3&#8243;][vc_column_text]<\/p>\n<h5><a href=\"https:\/\/consorcioserrano.es\/it\/come-tagliare-il-tuo-prosciutto-consorcio-serrano\/\">Come tagliare il Prosciutto Serrano<\/a><\/h5>\n<p>[\/vc_column_text][vc_single_image image=&#8221;2574&#8243; img_size=&#8221;full&#8221; onclick=&#8221;custom_link&#8221; link=&#8221;http:\/\/consorcioserrano.es\/como-cortar-tu-jamon-consorcio-serrano\/&#8221;][\/vc_column][\/vc_row]<\/p>\n<\/div>","protected":false},"excerpt":{"rendered":"<p>[vc_row full_width=&#8221;stretch_row_content_no_spaces&#8221;][vc_column width=&#8221;1\/3&#8243;][\/vc_column][vc_column width=&#8221;1\/3&#8243;][\/vc_column][vc_column width=&#8221;1\/3&#8243;][\/vc_column][\/vc_row][vc_row full_width=&#8221;stretch_row_content_no_spaces&#8221; equal_height=&#8221;yes&#8221;][vc_column width=&#8221;1\/3&#8243;][vc_column_text] \u00a0Il Consorcio del Jam\u00f3n Serrano 23 ottobre 2017 Il Consorcio del Jam\u00f3n Serrano Espa\u00f1ol \u00e8 un&#8217;associazione volontaria di<span class=\"excerpt-hellip\"> [\u2026]<\/span><\/p>\n","protected":false},"author":1,"featured_media":0,"parent":0,"menu_order":0,"comment_status":"closed","ping_status":"closed","template":"","meta":{"_acf_changed":false,"footnotes":""},"class_list":["post-7757","page","type-page","status-publish","hentry","sections_group lang-it"],"yoast_head":"<!-- This site is optimized with the Yoast SEO plugin v27.2 - https:\/\/yoast.com\/product\/yoast-seo-wordpress\/ -->\n<title>Consorcio Prosciutto Serrano Spagnolo - Prosciutto crudo spagnolo<\/title>\n<meta name=\"description\" content=\"Consorcio Prosciutto Serrano Spagnolo: garanzia del miglior Prosciutto Serrano - 100% prosciutti spagnoli - Prosciutto crudo spagnolo selezionato a mano\" \/>\n<meta name=\"robots\" content=\"index, follow, max-snippet:-1, max-image-preview:large, max-video-preview:-1\" \/>\n<link rel=\"canonical\" href=\"https:\/\/consorcioserrano.es\/it\/inicio\/\" \/>\n<meta property=\"og:locale\" content=\"it_IT\" \/>\n<meta property=\"og:type\" content=\"article\" \/>\n<meta property=\"og:title\" content=\"Consorcio Prosciutto Serrano Spagnolo - Prosciutto crudo spagnolo\" \/>\n<meta property=\"og:description\" content=\"Consorcio Prosciutto Serrano Spagnolo: garanzia del miglior Prosciutto Serrano - 100% prosciutti spagnoli - Prosciutto crudo spagnolo selezionato a mano\" \/>\n<meta property=\"og:url\" content=\"https:\/\/consorcioserrano.es\/it\/inicio\/\" \/>\n<meta property=\"og:site_name\" content=\"Consorcio del Jam\u00f3n Serrano Espa\u00f1ol\" \/>\n<meta property=\"article:modified_time\" content=\"2024-02-20T13:58:25+00:00\" \/>\n<meta property=\"og:image\" content=\"http:\/\/consorcioserrano.es\/wp-content\/uploads\/2017\/11\/social-consorcio-serrano.jpg\" \/>\n<meta name=\"twitter:card\" content=\"summary_large_image\" \/>\n<meta name=\"twitter:label1\" content=\"Tempo di lettura stimato\" \/>\n\t<meta name=\"twitter:data1\" content=\"2 minuti\" \/>\n<script type=\"application\/ld+json\" class=\"yoast-schema-graph\">{\"@context\":\"https:\/\/schema.org\",\"@graph\":[{\"@type\":\"WebPage\",\"@id\":\"https:\/\/consorcioserrano.es\/it\/inicio\/\",\"url\":\"https:\/\/consorcioserrano.es\/it\/inicio\/\",\"name\":\"Consorcio Prosciutto Serrano Spagnolo - Prosciutto crudo spagnolo\",\"isPartOf\":{\"@id\":\"https:\/\/consorcioserrano.es\/#website\"},\"primaryImageOfPage\":{\"@id\":\"https:\/\/consorcioserrano.es\/it\/inicio\/#primaryimage\"},\"image\":{\"@id\":\"https:\/\/consorcioserrano.es\/it\/inicio\/#primaryimage\"},\"thumbnailUrl\":\"http:\/\/consorcioserrano.es\/wp-content\/uploads\/2017\/10\/comillas-abrir-1.png\",\"datePublished\":\"2017-10-23T18:25:30+00:00\",\"dateModified\":\"2024-02-20T13:58:25+00:00\",\"description\":\"Consorcio Prosciutto Serrano Spagnolo: garanzia del miglior Prosciutto Serrano - 100% prosciutti spagnoli - Prosciutto crudo spagnolo selezionato a mano\",\"breadcrumb\":{\"@id\":\"https:\/\/consorcioserrano.es\/it\/inicio\/#breadcrumb\"},\"inLanguage\":\"it-IT\",\"potentialAction\":[{\"@type\":\"ReadAction\",\"target\":[\"https:\/\/consorcioserrano.es\/it\/inicio\/\"]}]},{\"@type\":\"ImageObject\",\"inLanguage\":\"it-IT\",\"@id\":\"https:\/\/consorcioserrano.es\/it\/inicio\/#primaryimage\",\"url\":\"http:\/\/consorcioserrano.es\/wp-content\/uploads\/2017\/10\/comillas-abrir-1.png\",\"contentUrl\":\"http:\/\/consorcioserrano.es\/wp-content\/uploads\/2017\/10\/comillas-abrir-1.png\"},{\"@type\":\"BreadcrumbList\",\"@id\":\"https:\/\/consorcioserrano.es\/it\/inicio\/#breadcrumb\",\"itemListElement\":[{\"@type\":\"ListItem\",\"position\":1,\"name\":\"Portada\",\"item\":\"https:\/\/consorcioserrano.es\/it\/inicio\/\"},{\"@type\":\"ListItem\",\"position\":2,\"name\":\"Inicio\"}]},{\"@type\":\"WebSite\",\"@id\":\"https:\/\/consorcioserrano.es\/#website\",\"url\":\"https:\/\/consorcioserrano.es\/\",\"name\":\"Consorcio del Jam\u00f3n Serrano Espa\u00f1ol\",\"description\":\"Consorcio Prosciutto Serrano Spagnolo: garanzia del miglior Prosciutto Serrano - 100% prosciutti spagnoli - Prosciutto crudo spagnolo selezionato a mano\",\"potentialAction\":[{\"@type\":\"SearchAction\",\"target\":{\"@type\":\"EntryPoint\",\"urlTemplate\":\"https:\/\/consorcioserrano.es\/?s={search_term_string}\"},\"query-input\":{\"@type\":\"PropertyValueSpecification\",\"valueRequired\":true,\"valueName\":\"search_term_string\"}}],\"inLanguage\":\"it-IT\"}]}<\/script>\n<!-- \/ Yoast SEO plugin. -->","yoast_head_json":{"title":"Consorcio Prosciutto Serrano Spagnolo - Prosciutto crudo spagnolo","description":"Consorcio Prosciutto Serrano Spagnolo: garanzia del miglior Prosciutto Serrano - 100% prosciutti spagnoli - Prosciutto crudo spagnolo selezionato a mano","robots":{"index":"index","follow":"follow","max-snippet":"max-snippet:-1","max-image-preview":"max-image-preview:large","max-video-preview":"max-video-preview:-1"},"canonical":"https:\/\/consorcioserrano.es\/it\/inicio\/","og_locale":"it_IT","og_type":"article","og_title":"Consorcio Prosciutto Serrano Spagnolo - Prosciutto crudo spagnolo","og_description":"Consorcio Prosciutto Serrano Spagnolo: garanzia del miglior Prosciutto Serrano - 100% prosciutti spagnoli - Prosciutto crudo spagnolo selezionato a mano","og_url":"https:\/\/consorcioserrano.es\/it\/inicio\/","og_site_name":"Consorcio del Jam\u00f3n Serrano Espa\u00f1ol","article_modified_time":"2024-02-20T13:58:25+00:00","og_image":[{"url":"http:\/\/consorcioserrano.es\/wp-content\/uploads\/2017\/11\/social-consorcio-serrano.jpg","type":"","width":"","height":""}],"twitter_card":"summary_large_image","twitter_misc":{"Tempo di lettura stimato":"2 minuti"},"schema":{"@context":"https:\/\/schema.org","@graph":[{"@type":"WebPage","@id":"https:\/\/consorcioserrano.es\/it\/inicio\/","url":"https:\/\/consorcioserrano.es\/it\/inicio\/","name":"Consorcio Prosciutto Serrano Spagnolo - Prosciutto crudo spagnolo","isPartOf":{"@id":"https:\/\/consorcioserrano.es\/#website"},"primaryImageOfPage":{"@id":"https:\/\/consorcioserrano.es\/it\/inicio\/#primaryimage"},"image":{"@id":"https:\/\/consorcioserrano.es\/it\/inicio\/#primaryimage"},"thumbnailUrl":"http:\/\/consorcioserrano.es\/wp-content\/uploads\/2017\/10\/comillas-abrir-1.png","datePublished":"2017-10-23T18:25:30+00:00","dateModified":"2024-02-20T13:58:25+00:00","description":"Consorcio Prosciutto Serrano Spagnolo: garanzia del miglior Prosciutto Serrano - 100% prosciutti spagnoli - Prosciutto crudo spagnolo selezionato a mano","breadcrumb":{"@id":"https:\/\/consorcioserrano.es\/it\/inicio\/#breadcrumb"},"inLanguage":"it-IT","potentialAction":[{"@type":"ReadAction","target":["https:\/\/consorcioserrano.es\/it\/inicio\/"]}]},{"@type":"ImageObject","inLanguage":"it-IT","@id":"https:\/\/consorcioserrano.es\/it\/inicio\/#primaryimage","url":"http:\/\/consorcioserrano.es\/wp-content\/uploads\/2017\/10\/comillas-abrir-1.png","contentUrl":"http:\/\/consorcioserrano.es\/wp-content\/uploads\/2017\/10\/comillas-abrir-1.png"},{"@type":"BreadcrumbList","@id":"https:\/\/consorcioserrano.es\/it\/inicio\/#breadcrumb","itemListElement":[{"@type":"ListItem","position":1,"name":"Portada","item":"https:\/\/consorcioserrano.es\/it\/inicio\/"},{"@type":"ListItem","position":2,"name":"Inicio"}]},{"@type":"WebSite","@id":"https:\/\/consorcioserrano.es\/#website","url":"https:\/\/consorcioserrano.es\/","name":"Consorcio del Jam\u00f3n Serrano Espa\u00f1ol","description":"Consorcio Prosciutto Serrano Spagnolo: garanzia del miglior Prosciutto Serrano - 100% prosciutti spagnoli - Prosciutto crudo spagnolo selezionato a mano","potentialAction":[{"@type":"SearchAction","target":{"@type":"EntryPoint","urlTemplate":"https:\/\/consorcioserrano.es\/?s={search_term_string}"},"query-input":{"@type":"PropertyValueSpecification","valueRequired":true,"valueName":"search_term_string"}}],"inLanguage":"it-IT"}]}},"acf":[],"_links":{"self":[{"href":"https:\/\/consorcioserrano.es\/it\/wp-json\/wp\/v2\/pages\/7757","targetHints":{"allow":["GET"]}}],"collection":[{"href":"https:\/\/consorcioserrano.es\/it\/wp-json\/wp\/v2\/pages"}],"about":[{"href":"https:\/\/consorcioserrano.es\/it\/wp-json\/wp\/v2\/types\/page"}],"author":[{"embeddable":true,"href":"https:\/\/consorcioserrano.es\/it\/wp-json\/wp\/v2\/users\/1"}],"replies":[{"embeddable":true,"href":"https:\/\/consorcioserrano.es\/it\/wp-json\/wp\/v2\/comments?post=7757"}],"version-history":[{"count":1,"href":"https:\/\/consorcioserrano.es\/it\/wp-json\/wp\/v2\/pages\/7757\/revisions"}],"predecessor-version":[{"id":22887,"href":"https:\/\/consorcioserrano.es\/it\/wp-json\/wp\/v2\/pages\/7757\/revisions\/22887"}],"wp:attachment":[{"href":"https:\/\/consorcioserrano.es\/it\/wp-json\/wp\/v2\/media?parent=7757"}],"curies":[{"name":"wp","href":"https:\/\/api.w.org\/{rel}","templated":true}]}}