{"id":7787,"date":"2018-05-22T09:00:24","date_gmt":"2018-05-22T08:00:24","guid":{"rendered":"https:\/\/consorcioserrano.es\/politica-de-proteccion-de-datos\/"},"modified":"2018-10-17T12:31:33","modified_gmt":"2018-10-17T11:31:33","slug":"politica-sulla-protezione-dei-dati","status":"publish","type":"page","link":"https:\/\/consorcioserrano.es\/it\/politica-sulla-protezione-dei-dati\/","title":{"rendered":"Politica sulla Protezione dei Dati"},"content":{"rendered":"<div class=\"wpb-content-wrapper\"><p>[vc_row][vc_column el_class=&#8221;panel-special-content&#8221;][vc_column_text el_class=&#8221;vc_quote_consorcio&#8221;]<\/p>\n<div class=\"vc_quote_consorcio_icon\"><img loading=\"lazy\" decoding=\"async\" class=\"alignnone size-full wp-image-1101\" src=\"http:\/\/consorcioserrano.es\/wp-content\/uploads\/2017\/10\/comillas-abrir-1.png\" alt=\"\" width=\"59\" height=\"53\" srcset=\"https:\/\/consorcioserrano.es\/wp-content\/uploads\/2017\/10\/comillas-abrir-1.png 59w, https:\/\/consorcioserrano.es\/wp-content\/uploads\/2017\/10\/comillas-abrir-1-50x45.png 50w\" sizes=\"auto, (max-width:767px) 59px, 59px\" \/><\/div>\n<div class=\"vc_quote_consorcio_content\">\n<h1><strong>Politica sulla protezione dei dati<\/strong>\u00a0<img loading=\"lazy\" decoding=\"async\" class=\"alignnone size-full wp-image-1100\" src=\"http:\/\/consorcioserrano.es\/wp-content\/uploads\/2017\/10\/comillas-cerrar-1.png\" alt=\"\" width=\"59\" height=\"53\" srcset=\"https:\/\/consorcioserrano.es\/wp-content\/uploads\/2017\/10\/comillas-cerrar-1.png 59w, https:\/\/consorcioserrano.es\/wp-content\/uploads\/2017\/10\/comillas-cerrar-1-50x45.png 50w\" sizes=\"auto, (max-width:767px) 59px, 59px\" \/><\/h1>\n<\/div>\n<p>[\/vc_column_text][\/vc_column][\/vc_row][vc_row][vc_column el_class=&#8221;panel-special-content&#8221;][vc_column_text]La presente Politica sulla Protezione dei Dati \u00e8 conforme a quanto stabilito dal Regolamento (UE) 2016\/679 (RGPD), del 27 aprile 2016, con riferimento agli articoli 13 e 14.<\/p>\n<p><strong>Chi \u00e8 il Responsabile del trattamento dei suoi dati? <\/strong><\/p>\n<p>Identit\u00e0:\u00a0CONSORCIO DEL JAM\u00d3N SERRANO ESPA\u00d1OL<\/p>\n<p>Indirizzo: C\/ de la Bas\u00edlica, 19, 9\u00b0A, 28020 Madrid<\/p>\n<p>Telefono: (+34) 917 356 085<\/p>\n<p>Contatto: <a href=\"https:\/\/consorcioserrano.es\/it\/contattaci\/\">https:\/\/consorcioserrano.es\/it\/contattaci\/<\/a><\/p>\n<p>&nbsp;<\/p>\n<p><strong>A che scopo trattiamo i suoi dati personali? <\/strong><\/p>\n<p>I dati sono raccolti allo scopo di gestire e archiviare i dati necessari alla prestazione di servizi, per salvaguardare il rapporto azienda-cliente e per la gestione interna dell&#8217;azienda.<\/p>\n<p>I dati raccolti attraverso i moduli saranno anch&#8217;essi oggetto di invio di comunicazioni commerciali.<\/p>\n<p><strong>Per quanto tempo conserveremo i suoi dati? <\/strong><\/p>\n<p>I dati personali raccolti attraverso i moduli del sito verranno conservati a tempo indeterminato fino a quando non sar\u00e0 richiesta l&#8217;eliminazione da parte dell&#8217;interessato.<\/p>\n<p><strong>Qual \u00e8 la legittimazione per il trattamento dei suoi dati?<\/strong><\/p>\n<p>La base legale per il trattamento dei suoi dati \u00e8 il consenso. Ci\u00f2 avviene perch\u00e9 l&#8217;utente ha manifestato espressamente il suo consenso spuntando la casella &#8220;Ho letto e accetto&#8221;.<\/p>\n<p>L&#8217;utente del Sito consorcioserrano.es sar\u00e0 l&#8217;unico responsabile della veridicit\u00e0 ed esattezza dei dati forniti. Il Consorcio JSE agisce in buona fede come semplice fornitore del servizio. Nel caso in cui avesse fornito dati falsi o di terze persone senza il loro consenso, il Consorcio JSE si riserva il diritto di eliminare immediatamente tali dati al fine di proteggere il diritto di titolarit\u00e0 o i titolari degli stessi.<\/p>\n<p>L&#8217;utente del Sito consorcioserrano.es si impegna a comunicare al Consorcio JSE qualsiasi modifica dei dati forniti.<\/p>\n<p><strong>A quali destinatari verranno comunicati i suoi dati? <\/strong><\/p>\n<p>I dati che introduce sul sito consorcioserrano.es possono essere ceduti ad aziende Partner del Consorcio JSE o ad altre ad esso connesse per finalit\u00e0 commerciali.<\/p>\n<p><strong>Quali sono i suoi diritti quando ci fornisce i suoi dati? <\/strong><\/p>\n<p>Questi sono i suoi diritti relativi alle sue informazioni personali:<\/p>\n<ul>\n<li>Il diritto ad <strong>essere informato<\/strong> in modo chiaro PRIMA che i suoi dati siano raccolti, su quali dati si stanno trattando, con quale finalit\u00e0 si trattano, dove sono stati ottenuti i dati e se saranno comunicati o li hanno comunicati ad altri.<\/li>\n<li>Il diritto ad <strong>accedere alle informazioni<\/strong> personali per conoscere quali dei suoi dati si stanno trattando, con che finalit\u00e0 si trattano, dove sono stati ottenuti i dati e se saranno comunicati o li hanno comunicati ad altri.<\/li>\n<li>Il diritto a <strong>richiedere la correzione delle informazioni personali inesatte<\/strong> che abbiamo su di Lei.<\/li>\n<li>Il diritto a <strong>richiedere la cancellazione dei suoi dati<\/strong>, o a interrompere il loro trattamento o raccolta, in alcuni casi.<\/li>\n<li>Il diritto a <strong>interrompere le comunicazioni commerciali<\/strong>.<\/li>\n<li>Il diritto a <strong>chiederci di trasferire elementi dei suoi dati<\/strong> sia a Lei che ad altri fornitori di servizi.<\/li>\n<\/ul>\n<p><strong>\u00a0<\/strong><strong>Come pu\u00f2 esercitare i suoi diritti?<\/strong><\/p>\n<p>Per esercitare uno qualsiasi dei suoi diritti dovr\u00e0 fare richiesta per iscritto scrivendo alla sede legale sita in C\/ de la Bas\u00edlica, 19, 9\u00b0A, 28020 Madrid\u2013 Espa\u00f1a includendo:<\/p>\n<ul>\n<li>Fotocopia del Documento d&#8217;Identit\u00e0 (passaporto o altro documento d&#8217;identificazione) o firma elettronica.<\/li>\n<li>Contenuto della sua richiesta e, se fosse necessario, i documenti che la comprovano.<\/li>\n<li>Indirizzo (ai fini delle notifiche), data e firma.<\/li>\n<\/ul>\n<p>Se esercita i suoi diritti mediante un rappresentante volontario espressamente designato, dovr\u00e0 fornire il documento o strumento elettronico che certifichi la rappresentanza.<\/p>\n<p>Nel caso in cui il titolare dei dati fosse maggiorenne o interdetto, il suo rappresentante legale, debitamente accreditato, eserciter\u00e0 i suoi diritti.<\/p>\n<p><strong>Informazioni aggiuntive<\/strong><\/p>\n<p>Il Consorcio JSE si impegna a rispettare il suo obbligo di riservatezza dei dati di carattere personale e il suo dovere di custodirli, ed adotter\u00e0 tutte le misure di indole tecnica e organizzativa per garantire la sicurezza dei dati di carattere personale ed evitare la loro alterazione, perdita, trattamento o accesso non autorizzato, considerando lo stato della tecnologia, la natura dei dati archiviati e i rischi a cui sono esposti, tutto ci\u00f2 in conformit\u00e0 con quanto stabilito nel Regolamento (UE) 2016\/679, del 27 aprile 2016.[\/vc_column_text][\/vc_column][\/vc_row][vc_row][vc_column]\n<div id=\"ersspace-1\"><\/div><style type=\"text\/css\">#ersspace-1 { height: 80px; }<\/style>[\/vc_column][\/vc_row]<\/p>\n<\/div>","protected":false},"excerpt":{"rendered":"<p>[vc_row][vc_column el_class=&#8221;panel-special-content&#8221;][vc_column_text el_class=&#8221;vc_quote_consorcio&#8221;] Politica sulla protezione dei dati\u00a0 [\/vc_column_text][\/vc_column][\/vc_row][vc_row][vc_column el_class=&#8221;panel-special-content&#8221;][vc_column_text]La presente Politica sulla Protezione dei Dati \u00e8 conforme a quanto stabilito dal Regolamento (UE) 2016\/679 (RGPD),<span class=\"excerpt-hellip\"> [\u2026]<\/span><\/p>\n","protected":false},"author":1,"featured_media":0,"parent":0,"menu_order":0,"comment_status":"closed","ping_status":"closed","template":"","meta":{"_acf_changed":false,"footnotes":""},"class_list":["post-7787","page","type-page","status-publish","hentry","sections_group lang-it"],"yoast_head":"<!-- This site is optimized with the Yoast SEO plugin v27.2 - https:\/\/yoast.com\/product\/yoast-seo-wordpress\/ -->\n<title>Politica sulla Protezione dei Dati - Consorcio Prosciutto Serrano<\/title>\n<meta name=\"description\" content=\"Consorcio Prosciutto Serrano Spagnolo: garanzia del miglior Prosciutto Serrano - 100% prosciutti spagnoli - Prosciutto crudo spagnolo selezionato a mano\" \/>\n<meta name=\"robots\" content=\"index, follow, max-snippet:-1, max-image-preview:large, max-video-preview:-1\" \/>\n<link rel=\"canonical\" href=\"https:\/\/consorcioserrano.es\/it\/politica-sulla-protezione-dei-dati\/\" \/>\n<meta property=\"og:locale\" content=\"it_IT\" \/>\n<meta property=\"og:type\" content=\"article\" \/>\n<meta property=\"og:title\" content=\"Politica sulla Protezione dei Dati - Consorcio Prosciutto Serrano\" \/>\n<meta property=\"og:description\" content=\"Consorcio Prosciutto Serrano Spagnolo: garanzia del miglior Prosciutto Serrano - 100% prosciutti spagnoli - Prosciutto crudo spagnolo selezionato a mano\" \/>\n<meta property=\"og:url\" content=\"https:\/\/consorcioserrano.es\/it\/politica-sulla-protezione-dei-dati\/\" \/>\n<meta property=\"og:site_name\" content=\"Consorcio del Jam\u00f3n Serrano Espa\u00f1ol\" \/>\n<meta property=\"article:modified_time\" content=\"2018-10-17T11:31:33+00:00\" \/>\n<meta property=\"og:image\" content=\"http:\/\/consorcioserrano.es\/wp-content\/uploads\/2017\/10\/comillas-abrir-1.png\" \/>\n<meta name=\"twitter:card\" content=\"summary_large_image\" \/>\n<meta name=\"twitter:label1\" content=\"Tempo di lettura stimato\" \/>\n\t<meta name=\"twitter:data1\" content=\"4 minuti\" \/>\n<script type=\"application\/ld+json\" class=\"yoast-schema-graph\">{\"@context\":\"https:\/\/schema.org\",\"@graph\":[{\"@type\":\"WebPage\",\"@id\":\"https:\/\/consorcioserrano.es\/it\/politica-sulla-protezione-dei-dati\/\",\"url\":\"https:\/\/consorcioserrano.es\/it\/politica-sulla-protezione-dei-dati\/\",\"name\":\"Politica sulla Protezione dei Dati - Consorcio Prosciutto Serrano\",\"isPartOf\":{\"@id\":\"https:\/\/consorcioserrano.es\/#website\"},\"primaryImageOfPage\":{\"@id\":\"https:\/\/consorcioserrano.es\/it\/politica-sulla-protezione-dei-dati\/#primaryimage\"},\"image\":{\"@id\":\"https:\/\/consorcioserrano.es\/it\/politica-sulla-protezione-dei-dati\/#primaryimage\"},\"thumbnailUrl\":\"http:\/\/consorcioserrano.es\/wp-content\/uploads\/2017\/10\/comillas-abrir-1.png\",\"datePublished\":\"2018-05-22T08:00:24+00:00\",\"dateModified\":\"2018-10-17T11:31:33+00:00\",\"description\":\"Consorcio Prosciutto Serrano Spagnolo: garanzia del miglior Prosciutto Serrano - 100% prosciutti spagnoli - Prosciutto crudo spagnolo selezionato a mano\",\"breadcrumb\":{\"@id\":\"https:\/\/consorcioserrano.es\/it\/politica-sulla-protezione-dei-dati\/#breadcrumb\"},\"inLanguage\":\"it-IT\",\"potentialAction\":[{\"@type\":\"ReadAction\",\"target\":[\"https:\/\/consorcioserrano.es\/it\/politica-sulla-protezione-dei-dati\/\"]}]},{\"@type\":\"ImageObject\",\"inLanguage\":\"it-IT\",\"@id\":\"https:\/\/consorcioserrano.es\/it\/politica-sulla-protezione-dei-dati\/#primaryimage\",\"url\":\"http:\/\/consorcioserrano.es\/wp-content\/uploads\/2017\/10\/comillas-abrir-1.png\",\"contentUrl\":\"http:\/\/consorcioserrano.es\/wp-content\/uploads\/2017\/10\/comillas-abrir-1.png\"},{\"@type\":\"BreadcrumbList\",\"@id\":\"https:\/\/consorcioserrano.es\/it\/politica-sulla-protezione-dei-dati\/#breadcrumb\",\"itemListElement\":[{\"@type\":\"ListItem\",\"position\":1,\"name\":\"Portada\",\"item\":\"https:\/\/consorcioserrano.es\/it\/inicio\/\"},{\"@type\":\"ListItem\",\"position\":2,\"name\":\"Politica sulla Protezione dei Dati\"}]},{\"@type\":\"WebSite\",\"@id\":\"https:\/\/consorcioserrano.es\/#website\",\"url\":\"https:\/\/consorcioserrano.es\/\",\"name\":\"Consorcio del Jam\u00f3n Serrano Espa\u00f1ol\",\"description\":\"Consorcio Prosciutto Serrano Spagnolo: garanzia del miglior Prosciutto Serrano - 100% prosciutti spagnoli - Prosciutto crudo spagnolo selezionato a mano\",\"potentialAction\":[{\"@type\":\"SearchAction\",\"target\":{\"@type\":\"EntryPoint\",\"urlTemplate\":\"https:\/\/consorcioserrano.es\/?s={search_term_string}\"},\"query-input\":{\"@type\":\"PropertyValueSpecification\",\"valueRequired\":true,\"valueName\":\"search_term_string\"}}],\"inLanguage\":\"it-IT\"}]}<\/script>\n<!-- \/ Yoast SEO plugin. -->","yoast_head_json":{"title":"Politica sulla Protezione dei Dati - Consorcio Prosciutto Serrano","description":"Consorcio Prosciutto Serrano Spagnolo: garanzia del miglior Prosciutto Serrano - 100% prosciutti spagnoli - Prosciutto crudo spagnolo selezionato a mano","robots":{"index":"index","follow":"follow","max-snippet":"max-snippet:-1","max-image-preview":"max-image-preview:large","max-video-preview":"max-video-preview:-1"},"canonical":"https:\/\/consorcioserrano.es\/it\/politica-sulla-protezione-dei-dati\/","og_locale":"it_IT","og_type":"article","og_title":"Politica sulla Protezione dei Dati - Consorcio Prosciutto Serrano","og_description":"Consorcio Prosciutto Serrano Spagnolo: garanzia del miglior Prosciutto Serrano - 100% prosciutti spagnoli - Prosciutto crudo spagnolo selezionato a mano","og_url":"https:\/\/consorcioserrano.es\/it\/politica-sulla-protezione-dei-dati\/","og_site_name":"Consorcio del Jam\u00f3n Serrano Espa\u00f1ol","article_modified_time":"2018-10-17T11:31:33+00:00","og_image":[{"url":"http:\/\/consorcioserrano.es\/wp-content\/uploads\/2017\/10\/comillas-abrir-1.png","type":"","width":"","height":""}],"twitter_card":"summary_large_image","twitter_misc":{"Tempo di lettura stimato":"4 minuti"},"schema":{"@context":"https:\/\/schema.org","@graph":[{"@type":"WebPage","@id":"https:\/\/consorcioserrano.es\/it\/politica-sulla-protezione-dei-dati\/","url":"https:\/\/consorcioserrano.es\/it\/politica-sulla-protezione-dei-dati\/","name":"Politica sulla Protezione dei Dati - Consorcio Prosciutto Serrano","isPartOf":{"@id":"https:\/\/consorcioserrano.es\/#website"},"primaryImageOfPage":{"@id":"https:\/\/consorcioserrano.es\/it\/politica-sulla-protezione-dei-dati\/#primaryimage"},"image":{"@id":"https:\/\/consorcioserrano.es\/it\/politica-sulla-protezione-dei-dati\/#primaryimage"},"thumbnailUrl":"http:\/\/consorcioserrano.es\/wp-content\/uploads\/2017\/10\/comillas-abrir-1.png","datePublished":"2018-05-22T08:00:24+00:00","dateModified":"2018-10-17T11:31:33+00:00","description":"Consorcio Prosciutto Serrano Spagnolo: garanzia del miglior Prosciutto Serrano - 100% prosciutti spagnoli - Prosciutto crudo spagnolo selezionato a mano","breadcrumb":{"@id":"https:\/\/consorcioserrano.es\/it\/politica-sulla-protezione-dei-dati\/#breadcrumb"},"inLanguage":"it-IT","potentialAction":[{"@type":"ReadAction","target":["https:\/\/consorcioserrano.es\/it\/politica-sulla-protezione-dei-dati\/"]}]},{"@type":"ImageObject","inLanguage":"it-IT","@id":"https:\/\/consorcioserrano.es\/it\/politica-sulla-protezione-dei-dati\/#primaryimage","url":"http:\/\/consorcioserrano.es\/wp-content\/uploads\/2017\/10\/comillas-abrir-1.png","contentUrl":"http:\/\/consorcioserrano.es\/wp-content\/uploads\/2017\/10\/comillas-abrir-1.png"},{"@type":"BreadcrumbList","@id":"https:\/\/consorcioserrano.es\/it\/politica-sulla-protezione-dei-dati\/#breadcrumb","itemListElement":[{"@type":"ListItem","position":1,"name":"Portada","item":"https:\/\/consorcioserrano.es\/it\/inicio\/"},{"@type":"ListItem","position":2,"name":"Politica sulla Protezione dei Dati"}]},{"@type":"WebSite","@id":"https:\/\/consorcioserrano.es\/#website","url":"https:\/\/consorcioserrano.es\/","name":"Consorcio del Jam\u00f3n Serrano Espa\u00f1ol","description":"Consorcio Prosciutto Serrano Spagnolo: garanzia del miglior Prosciutto Serrano - 100% prosciutti spagnoli - Prosciutto crudo spagnolo selezionato a mano","potentialAction":[{"@type":"SearchAction","target":{"@type":"EntryPoint","urlTemplate":"https:\/\/consorcioserrano.es\/?s={search_term_string}"},"query-input":{"@type":"PropertyValueSpecification","valueRequired":true,"valueName":"search_term_string"}}],"inLanguage":"it-IT"}]}},"acf":[],"_links":{"self":[{"href":"https:\/\/consorcioserrano.es\/it\/wp-json\/wp\/v2\/pages\/7787","targetHints":{"allow":["GET"]}}],"collection":[{"href":"https:\/\/consorcioserrano.es\/it\/wp-json\/wp\/v2\/pages"}],"about":[{"href":"https:\/\/consorcioserrano.es\/it\/wp-json\/wp\/v2\/types\/page"}],"author":[{"embeddable":true,"href":"https:\/\/consorcioserrano.es\/it\/wp-json\/wp\/v2\/users\/1"}],"replies":[{"embeddable":true,"href":"https:\/\/consorcioserrano.es\/it\/wp-json\/wp\/v2\/comments?post=7787"}],"version-history":[{"count":0,"href":"https:\/\/consorcioserrano.es\/it\/wp-json\/wp\/v2\/pages\/7787\/revisions"}],"wp:attachment":[{"href":"https:\/\/consorcioserrano.es\/it\/wp-json\/wp\/v2\/media?parent=7787"}],"curies":[{"name":"wp","href":"https:\/\/api.w.org\/{rel}","templated":true}]}}